{"id":67193,"date":"2019-09-27T16:18:28","date_gmt":"2019-09-27T14:18:28","guid":{"rendered":"https:\/\/tourtravelandmore.com\/?post_type=product&#038;p=67193"},"modified":"2021-10-10T12:26:44","modified_gmt":"2021-10-10T10:26:44","slug":"tour-brujas-desde-el-crucero-tour-privado-con-guia-y-vehiculo","status":"publish","type":"product","link":"https:\/\/tourtravelandmore.com\/es\/tours\/belgica-es\/brujas-es\/tour-brujas-desde-el-crucero-tour-privado-con-guia-y-vehiculo\/","title":{"rendered":"Tour privado d\u00eda completo a Brujas desde la Terminal de Cruceros"},"content":{"rendered":"<h2>Descripci\u00f3n del Tour privado d\u00eda completo a Brujas desde la Terminal de Cruceros<\/h2>\n<p>Disfrute de este <strong>tour Brujas desde el Crucero<\/strong>, c\u00f3modo en su <strong>veh\u00edculo privado de lujo<\/strong> con su <strong>gu\u00eda oficial<\/strong> en <strong>Brujas<\/strong>, y conozca los lugares m\u00e1s importantes de la ciudad.<\/p>\n<p>La duraci\u00f3n de este tour Brujas desde el Crucero es de 8 Horas. Nuestro conductor le recoger\u00e1 desde la Terminal de Cruceros, para ir hacia Brujas, d\u00f3nde esperar\u00e1 el gu\u00eda para empezar su tour privado de la ciudad.<\/p>\n<p>El Tour Brujas desde el crucero, es completamente privado, pueden escoger la hora y lugar de devoluci\u00f3n.<\/p>\n<p>Brujas, es la capital y ciudad m\u00e1s grande de la provincia de Flandes Occidental en la regi\u00f3n flamenca de B\u00e9lgica, en el noroeste del pa\u00eds.<\/p>\n<p>Junto con algunas otras ciudades del norte dise\u00f1adas en canales, es tambi\u00e9n conocida como la Venecia del Norte. El \u00e1rea metropolitana, incluida la zona exterior de cercan\u00edas, tiene un total de 255.844 habitantes.<\/p>\n<p>El centro hist\u00f3rico de la ciudad es un destacado Patrimonio de la Humanidad de la UNESCO. Muchos de sus edificios medievales son notables, incluida la Iglesia de Nuestra Se\u00f1ora, que es la segunda torre \/ edificio de ladrillo m\u00e1s alto del mundo. Se cree que la escultura &#8220;Madonna and Child&#8221; es la \u00fanica de las esculturas de Miguel \u00c1ngel que dej\u00f3 Italia durante su vida.<\/p>\n<h2>Puntos de inter\u00e9s en el tour privado<\/h2>\n<p>Durante su recorrido privado de d\u00eda completo descubrir\u00e1 algunos de los lugares m\u00e1s reconocidos de la ciudad.<\/p>\n<p>Ser\u00e1s testigo de su belleza arquitect\u00f3nica \u00fanica.<\/p>\n<p>Entre los sitios que puede visitar a trav\u00e9s de este recorrido privado, ofrecemos:<\/p>\n<ul>\n<li><strong>Bas\u00edlica de la Santa Sangre<\/strong><\/li>\n<li><strong>Ayuntamiento de Brujas<\/strong><\/li>\n<li><strong>Antiguo hospital de San Juan<\/strong><\/li>\n<li><strong>Provinciaal Hof<\/strong><\/li>\n<li><strong>Markt y plaza del mercado<\/strong><\/li>\n<li><strong>Belfort, campanario y carill\u00f3n<\/strong><\/li>\n<li><strong>Estatua de Simon Stevin<\/strong><\/li>\n<li><strong>Catedral de san salvador<\/strong><\/li>\n<li><strong>Museo de arqueologia<\/strong><\/li>\n<li><strong>Iglesia de nuestra se\u00f1ora<\/strong><\/li>\n<li><strong>Memling en Sint-Jan<\/strong><\/li>\n<li><strong>Puente de San Bonifacio<\/strong><\/li>\n<li><strong>Museo Groeninge<\/strong><\/li>\n<li><strong>Plaza Burg<\/strong><\/li>\n<li><strong>Y muchos m\u00e1s sitios en este tour privado de Brujas<\/strong><\/li>\n<\/ul>\n<p>Si dispone de m\u00e1s d\u00edas en la ciudad de Brujas, puedes consultar <a href=\"https:\/\/tourtravelandmore.com\/es\/ciudad\/belgica-es\/brujas-es\/\"><strong>aqu\u00ed<\/strong><\/a> el resto de los tours privados que ofrecemos.<\/p>\n","protected":false},"excerpt":{"rendered":"<p>Aproveche esta oportunidad para visitar <strong>Brujas<\/strong> desde el puerto de cruceros con esta <strong>excursi\u00f3n privada de d\u00eda completo por Brujas<\/strong> con un gu\u00eda tur\u00edstico local. Tambi\u00e9n tendr\u00e1 a su disposici\u00f3n un <strong>veh\u00edculo privado de lujo con conductor<\/strong>. Personalice su propia experiencia. No se pierda monumentos, lugares de inter\u00e9s, museos y mucho m\u00e1s en este tour privado.<\/p>\n","protected":false},"featured_media":67270,"comment_status":"open","ping_status":"closed","template":"","meta":{"_acf_changed":false},"product_brand":[],"product_cat":[1435,1443,1441],"product_tag":[],"class_list":{"0":"post-67193","1":"product","2":"type-product","3":"status-publish","4":"has-post-thumbnail","6":"product_cat-brujas-es","7":"product_cat-brujas-actividades-es","8":"product_cat-brujas-excursiones-es","10":"first","11":"instock","12":"shipping-taxable","13":"purchasable","14":"product-type-simple"},"acf":[],"yoast_head":"<!-- This site is optimized with the Yoast SEO Premium plugin v25.3.1 (Yoast SEO v25.3.1) - https:\/\/yoast.com\/wordpress\/plugins\/seo\/ -->\n<title>Tour Brujas desde el Crucero - Tour privado con gu\u00eda y vehiculo | TTM<\/title>\n<meta name=\"description\" content=\"\u2192 Reserva un tour privado Brujas desde el Crucero, para descubrir una de las ciudades m\u00e1s importantes y incre\u00edbles de Europa \u2705\" \/>\n<meta name=\"robots\" content=\"index, follow, max-snippet:-1, max-image-preview:large, max-video-preview:-1\" \/>\n<link rel=\"canonical\" href=\"https:\/\/tourtravelandmore.com\/es\/tours\/belgica-es\/brujas-es\/tour-brujas-desde-el-crucero-tour-privado-con-guia-y-vehiculo\/\" \/>\n<meta property=\"og:locale\" content=\"es_ES\" \/>\n<meta property=\"og:type\" content=\"article\" \/>\n<meta property=\"og:title\" content=\"Tour privado d\u00eda completo a Brujas desde la Terminal de Cruceros\" \/>\n<meta property=\"og:description\" content=\"\u2192 Reserva un tour privado Brujas desde el Crucero, para descubrir una de las ciudades m\u00e1s importantes y incre\u00edbles de Europa \u2705\" \/>\n<meta property=\"og:url\" content=\"https:\/\/tourtravelandmore.com\/es\/tours\/belgica-es\/brujas-es\/tour-brujas-desde-el-crucero-tour-privado-con-guia-y-vehiculo\/\" \/>\n<meta property=\"og:site_name\" content=\"Tour Travel And More\" \/>\n<meta property=\"article:publisher\" content=\"https:\/\/www.facebook.com\/tourtravelandmore\/\" \/>\n<meta property=\"article:modified_time\" content=\"2021-10-10T10:26:44+00:00\" \/>\n<meta property=\"og:image\" content=\"https:\/\/tourtravelandmore.com\/wp-content\/uploads\/2019\/09\/bruges-belfort.jpg\" \/>\n\t<meta property=\"og:image:width\" content=\"1024\" \/>\n\t<meta property=\"og:image:height\" content=\"680\" \/>\n\t<meta property=\"og:image:type\" content=\"image\/jpeg\" \/>\n<meta name=\"twitter:card\" content=\"summary_large_image\" \/>\n<meta name=\"twitter:site\" content=\"@TourTravel_More\" \/>\n<meta name=\"twitter:label1\" content=\"Tiempo de lectura\" \/>\n\t<meta name=\"twitter:data1\" content=\"2 minutos\" \/>\n<script type=\"application\/ld+json\" class=\"yoast-schema-graph\">{\"@context\":\"https:\/\/schema.org\",\"@graph\":[{\"@type\":\"WebPage\",\"@id\":\"https:\/\/tourtravelandmore.com\/es\/tours\/belgica-es\/brujas-es\/tour-brujas-desde-el-crucero-tour-privado-con-guia-y-vehiculo\/\",\"url\":\"https:\/\/tourtravelandmore.com\/es\/tours\/belgica-es\/brujas-es\/tour-brujas-desde-el-crucero-tour-privado-con-guia-y-vehiculo\/\",\"name\":\"Tour Brujas desde el Crucero - Tour privado con gu\u00eda y vehiculo | TTM\",\"isPartOf\":{\"@id\":\"https:\/\/tourtravelandmore.com\/es\/#website\"},\"primaryImageOfPage\":{\"@id\":\"https:\/\/tourtravelandmore.com\/es\/tours\/belgica-es\/brujas-es\/tour-brujas-desde-el-crucero-tour-privado-con-guia-y-vehiculo\/#primaryimage\"},\"image\":{\"@id\":\"https:\/\/tourtravelandmore.com\/es\/tours\/belgica-es\/brujas-es\/tour-brujas-desde-el-crucero-tour-privado-con-guia-y-vehiculo\/#primaryimage\"},\"thumbnailUrl\":\"https:\/\/tourtravelandmore.com\/wp-content\/uploads\/2019\/09\/bruges-belfort.jpg\",\"datePublished\":\"2019-09-27T14:18:28+00:00\",\"dateModified\":\"2021-10-10T10:26:44+00:00\",\"description\":\"\u2192 Reserva un tour privado Brujas desde el Crucero, para descubrir una de las ciudades m\u00e1s importantes y incre\u00edbles de Europa \u2705\",\"breadcrumb\":{\"@id\":\"https:\/\/tourtravelandmore.com\/es\/tours\/belgica-es\/brujas-es\/tour-brujas-desde-el-crucero-tour-privado-con-guia-y-vehiculo\/#breadcrumb\"},\"inLanguage\":\"es\",\"potentialAction\":[{\"@type\":\"ReadAction\",\"target\":[\"https:\/\/tourtravelandmore.com\/es\/tours\/belgica-es\/brujas-es\/tour-brujas-desde-el-crucero-tour-privado-con-guia-y-vehiculo\/\"]}]},{\"@type\":\"ImageObject\",\"inLanguage\":\"es\",\"@id\":\"https:\/\/tourtravelandmore.com\/es\/tours\/belgica-es\/brujas-es\/tour-brujas-desde-el-crucero-tour-privado-con-guia-y-vehiculo\/#primaryimage\",\"url\":\"https:\/\/tourtravelandmore.com\/wp-content\/uploads\/2019\/09\/bruges-belfort.jpg\",\"contentUrl\":\"https:\/\/tourtravelandmore.com\/wp-content\/uploads\/2019\/09\/bruges-belfort.jpg\",\"width\":1024,\"height\":680,\"caption\":\"Urlaub in Br\u00fcgge im Mai 2008\"},{\"@type\":\"BreadcrumbList\",\"@id\":\"https:\/\/tourtravelandmore.com\/es\/tours\/belgica-es\/brujas-es\/tour-brujas-desde-el-crucero-tour-privado-con-guia-y-vehiculo\/#breadcrumb\",\"itemListElement\":[{\"@type\":\"ListItem\",\"position\":1,\"name\":\"Home\",\"item\":\"https:\/\/tourtravelandmore.com\/es\/\"},{\"@type\":\"ListItem\",\"position\":2,\"name\":\"Tours\",\"item\":\"https:\/\/tourtravelandmore.com\/es\/tours\/\"},{\"@type\":\"ListItem\",\"position\":3,\"name\":\"Tour privado d\u00eda completo a Brujas desde la Terminal de Cruceros\"}]},{\"@type\":\"WebSite\",\"@id\":\"https:\/\/tourtravelandmore.com\/es\/#website\",\"url\":\"https:\/\/tourtravelandmore.com\/es\/\",\"name\":\"Tour Travel And More\",\"description\":\"Private sightseeing tours and luxury transfers in Spain\",\"publisher\":{\"@id\":\"https:\/\/tourtravelandmore.com\/es\/#organization\"},\"potentialAction\":[{\"@type\":\"SearchAction\",\"target\":{\"@type\":\"EntryPoint\",\"urlTemplate\":\"https:\/\/tourtravelandmore.com\/es\/?s={search_term_string}\"},\"query-input\":{\"@type\":\"PropertyValueSpecification\",\"valueRequired\":true,\"valueName\":\"search_term_string\"}}],\"inLanguage\":\"es\"},{\"@type\":\"Organization\",\"@id\":\"https:\/\/tourtravelandmore.com\/es\/#organization\",\"name\":\"Tour Travel And More\",\"url\":\"https:\/\/tourtravelandmore.com\/es\/\",\"logo\":{\"@type\":\"ImageObject\",\"inLanguage\":\"es\",\"@id\":\"https:\/\/tourtravelandmore.com\/es\/#\/schema\/logo\/image\/\",\"url\":\"https:\/\/tourtravelandmore.com\/wp-content\/uploads\/2022\/12\/cropped-logo-cabecera-new.png\",\"contentUrl\":\"https:\/\/tourtravelandmore.com\/wp-content\/uploads\/2022\/12\/cropped-logo-cabecera-new.png\",\"width\":430,\"height\":61,\"caption\":\"Tour Travel And More\"},\"image\":{\"@id\":\"https:\/\/tourtravelandmore.com\/es\/#\/schema\/logo\/image\/\"},\"sameAs\":[\"https:\/\/www.facebook.com\/tourtravelandmore\/\",\"https:\/\/x.com\/TourTravel_More\"]}]}<\/script>\n<!-- \/ Yoast SEO Premium plugin. -->","yoast_head_json":{"title":"Tour Brujas desde el Crucero - Tour privado con gu\u00eda y vehiculo | TTM","description":"\u2192 Reserva un tour privado Brujas desde el Crucero, para descubrir una de las ciudades m\u00e1s importantes y incre\u00edbles de Europa \u2705","robots":{"index":"index","follow":"follow","max-snippet":"max-snippet:-1","max-image-preview":"max-image-preview:large","max-video-preview":"max-video-preview:-1"},"canonical":"https:\/\/tourtravelandmore.com\/es\/tours\/belgica-es\/brujas-es\/tour-brujas-desde-el-crucero-tour-privado-con-guia-y-vehiculo\/","og_locale":"es_ES","og_type":"article","og_title":"Tour privado d\u00eda completo a Brujas desde la Terminal de Cruceros","og_description":"\u2192 Reserva un tour privado Brujas desde el Crucero, para descubrir una de las ciudades m\u00e1s importantes y incre\u00edbles de Europa \u2705","og_url":"https:\/\/tourtravelandmore.com\/es\/tours\/belgica-es\/brujas-es\/tour-brujas-desde-el-crucero-tour-privado-con-guia-y-vehiculo\/","og_site_name":"Tour Travel And More","article_publisher":"https:\/\/www.facebook.com\/tourtravelandmore\/","article_modified_time":"2021-10-10T10:26:44+00:00","og_image":[{"width":1024,"height":680,"url":"https:\/\/tourtravelandmore.com\/wp-content\/uploads\/2019\/09\/bruges-belfort.jpg","type":"image\/jpeg"}],"twitter_card":"summary_large_image","twitter_site":"@TourTravel_More","twitter_misc":{"Tiempo de lectura":"2 minutos"},"schema":{"@context":"https:\/\/schema.org","@graph":[{"@type":"WebPage","@id":"https:\/\/tourtravelandmore.com\/es\/tours\/belgica-es\/brujas-es\/tour-brujas-desde-el-crucero-tour-privado-con-guia-y-vehiculo\/","url":"https:\/\/tourtravelandmore.com\/es\/tours\/belgica-es\/brujas-es\/tour-brujas-desde-el-crucero-tour-privado-con-guia-y-vehiculo\/","name":"Tour Brujas desde el Crucero - Tour privado con gu\u00eda y vehiculo | TTM","isPartOf":{"@id":"https:\/\/tourtravelandmore.com\/es\/#website"},"primaryImageOfPage":{"@id":"https:\/\/tourtravelandmore.com\/es\/tours\/belgica-es\/brujas-es\/tour-brujas-desde-el-crucero-tour-privado-con-guia-y-vehiculo\/#primaryimage"},"image":{"@id":"https:\/\/tourtravelandmore.com\/es\/tours\/belgica-es\/brujas-es\/tour-brujas-desde-el-crucero-tour-privado-con-guia-y-vehiculo\/#primaryimage"},"thumbnailUrl":"https:\/\/tourtravelandmore.com\/wp-content\/uploads\/2019\/09\/bruges-belfort.jpg","datePublished":"2019-09-27T14:18:28+00:00","dateModified":"2021-10-10T10:26:44+00:00","description":"\u2192 Reserva un tour privado Brujas desde el Crucero, para descubrir una de las ciudades m\u00e1s importantes y incre\u00edbles de Europa \u2705","breadcrumb":{"@id":"https:\/\/tourtravelandmore.com\/es\/tours\/belgica-es\/brujas-es\/tour-brujas-desde-el-crucero-tour-privado-con-guia-y-vehiculo\/#breadcrumb"},"inLanguage":"es","potentialAction":[{"@type":"ReadAction","target":["https:\/\/tourtravelandmore.com\/es\/tours\/belgica-es\/brujas-es\/tour-brujas-desde-el-crucero-tour-privado-con-guia-y-vehiculo\/"]}]},{"@type":"ImageObject","inLanguage":"es","@id":"https:\/\/tourtravelandmore.com\/es\/tours\/belgica-es\/brujas-es\/tour-brujas-desde-el-crucero-tour-privado-con-guia-y-vehiculo\/#primaryimage","url":"https:\/\/tourtravelandmore.com\/wp-content\/uploads\/2019\/09\/bruges-belfort.jpg","contentUrl":"https:\/\/tourtravelandmore.com\/wp-content\/uploads\/2019\/09\/bruges-belfort.jpg","width":1024,"height":680,"caption":"Urlaub in Br\u00fcgge im Mai 2008"},{"@type":"BreadcrumbList","@id":"https:\/\/tourtravelandmore.com\/es\/tours\/belgica-es\/brujas-es\/tour-brujas-desde-el-crucero-tour-privado-con-guia-y-vehiculo\/#breadcrumb","itemListElement":[{"@type":"ListItem","position":1,"name":"Home","item":"https:\/\/tourtravelandmore.com\/es\/"},{"@type":"ListItem","position":2,"name":"Tours","item":"https:\/\/tourtravelandmore.com\/es\/tours\/"},{"@type":"ListItem","position":3,"name":"Tour privado d\u00eda completo a Brujas desde la Terminal de Cruceros"}]},{"@type":"WebSite","@id":"https:\/\/tourtravelandmore.com\/es\/#website","url":"https:\/\/tourtravelandmore.com\/es\/","name":"Tour Travel And More","description":"Private sightseeing tours and luxury transfers in Spain","publisher":{"@id":"https:\/\/tourtravelandmore.com\/es\/#organization"},"potentialAction":[{"@type":"SearchAction","target":{"@type":"EntryPoint","urlTemplate":"https:\/\/tourtravelandmore.com\/es\/?s={search_term_string}"},"query-input":{"@type":"PropertyValueSpecification","valueRequired":true,"valueName":"search_term_string"}}],"inLanguage":"es"},{"@type":"Organization","@id":"https:\/\/tourtravelandmore.com\/es\/#organization","name":"Tour Travel And More","url":"https:\/\/tourtravelandmore.com\/es\/","logo":{"@type":"ImageObject","inLanguage":"es","@id":"https:\/\/tourtravelandmore.com\/es\/#\/schema\/logo\/image\/","url":"https:\/\/tourtravelandmore.com\/wp-content\/uploads\/2022\/12\/cropped-logo-cabecera-new.png","contentUrl":"https:\/\/tourtravelandmore.com\/wp-content\/uploads\/2022\/12\/cropped-logo-cabecera-new.png","width":430,"height":61,"caption":"Tour Travel And More"},"image":{"@id":"https:\/\/tourtravelandmore.com\/es\/#\/schema\/logo\/image\/"},"sameAs":["https:\/\/www.facebook.com\/tourtravelandmore\/","https:\/\/x.com\/TourTravel_More"]}]}},"_links":{"self":[{"href":"https:\/\/tourtravelandmore.com\/es\/wp-json\/wp\/v2\/product\/67193","targetHints":{"allow":["GET"]}}],"collection":[{"href":"https:\/\/tourtravelandmore.com\/es\/wp-json\/wp\/v2\/product"}],"about":[{"href":"https:\/\/tourtravelandmore.com\/es\/wp-json\/wp\/v2\/types\/product"}],"replies":[{"embeddable":true,"href":"https:\/\/tourtravelandmore.com\/es\/wp-json\/wp\/v2\/comments?post=67193"}],"wp:featuredmedia":[{"embeddable":true,"href":"https:\/\/tourtravelandmore.com\/es\/wp-json\/wp\/v2\/media\/67270"}],"wp:attachment":[{"href":"https:\/\/tourtravelandmore.com\/es\/wp-json\/wp\/v2\/media?parent=67193"}],"wp:term":[{"taxonomy":"product_brand","embeddable":true,"href":"https:\/\/tourtravelandmore.com\/es\/wp-json\/wp\/v2\/product_brand?post=67193"},{"taxonomy":"product_cat","embeddable":true,"href":"https:\/\/tourtravelandmore.com\/es\/wp-json\/wp\/v2\/product_cat?post=67193"},{"taxonomy":"product_tag","embeddable":true,"href":"https:\/\/tourtravelandmore.com\/es\/wp-json\/wp\/v2\/product_tag?post=67193"}],"curies":[{"name":"wp","href":"https:\/\/api.w.org\/{rel}","templated":true}]}}