{"id":67143,"date":"2019-09-26T14:48:04","date_gmt":"2019-09-26T12:48:04","guid":{"rendered":"https:\/\/tourtravelandmore.com\/?post_type=product&#038;p=67143"},"modified":"2023-06-13T03:57:54","modified_gmt":"2023-06-13T01:57:54","slug":"tour-hallstatt-y-salzburgo-desde-munich-tour-privado-con-guia-y-vehiculo","status":"publish","type":"product","link":"https:\/\/tourtravelandmore.com\/es\/tours\/austria-es\/hallstatt-es\/hallstatt-rutas-turisticas-privadas-es\/tour-hallstatt-y-salzburgo-desde-munich-tour-privado-con-guia-y-vehiculo\/","title":{"rendered":"Tour privado Hallstatt y Salzburgo desde Munich"},"content":{"rendered":"<h2>Descripci\u00f3n del Tour privado Hallstatt y Salzburgo desde Munich<\/h2>\n<p>Disfrute de este <strong>tour Hallstatt y Salzburgo desde Munich, <\/strong>con vuestro gu\u00eda oficial privado y veh\u00edculo con conductor y conoce los lugares m\u00e1s emblem\u00e1ticos de <strong>Salzburgo<\/strong> <strong>y Hallstatt.<\/strong><\/p>\n<p><span lang=\"es\">Disfrute de la gran arquitectura de <strong>Salzburgo<\/strong> y las maravillosas vistas mar\u00edtimas de <strong>Hallstatt<\/strong> durante este tour privado de un d\u00eda completo con su propio gu\u00eda tur\u00edstico oficial privado y c\u00f3modamente en su veh\u00edculo de lujo <\/span><\/p>\n<p>El tour es completamente privado, pueden escoger la hora y lugar de recogida en <strong>Munich<\/strong>.<\/p>\n<p>La duraci\u00f3n tour <strong>Hallstatt<\/strong> y <strong>Salzburgo<\/strong> desde <strong>Munich<\/strong> es de <strong>8<\/strong> <strong>horas<\/strong>.<\/p>\n<h2>Puntos de inter\u00e9s en el Tour privado Hallstatt y Salzburgo desde Munich<\/h2>\n<p><span lang=\"es\"><strong>Salzburgo<\/strong> es \u00fanico, descubrir\u00e1s la magia de la mundialmente famosa ciudad de Mozart, la armoniosa interacci\u00f3n entre paisaje y arquitectura, arte y cultura, as\u00ed como tradici\u00f3n y modernidad en un espacio peque\u00f1o le dan un toque especial.<\/span><\/p>\n<p><strong>Salzburgo<\/strong> es la ciudad natal de W. A. <strong>Mozart<\/strong> y lugar de rodaje de \u201cThe Sound of Music\u201d. Las estrechas callejuelas y las amplias plazas de la ciudad barroca forman parte del Patrimonio cultural UNESCO de la Humanidad. Los mundialmente famosos Festivales de Salzburgo, el espl\u00e9ndido panorama y numerosas tentaciones en la \u00e9poca navide\u00f1a hacen de Salzburgo una obra de arte \u00fanica.<\/p>\n<p>Despu\u00e9s nos dirigiremos hacia la ciudad <strong>Hallstatt,<\/strong> pertenece a la regi\u00f3n de <strong>Salzkammergut<\/strong>, conocida como la <strong>regi\u00f3n de los lagos porque<\/strong>\u00a0hay m\u00e1s de 700 en la zona y est\u00e1 ubicada al <strong>sureste de Salzburgo.<\/strong><\/p>\n<p>La <strong>mejor manera de visitar Hallstatt<\/strong> es, sencillamente, perdi\u00e9ndose por sus callejuelas, admirando las fachadas de las casas con sus balcones repletos de flores, disfrutando de sus coquetos caf\u00e9s y restaurantes o haciendo alguna compra en sus tiendas de artesan\u00eda.<\/p>\n<p>Ambas ciudades los podremos descubrir y conocer la historia gracias a nuestro gu\u00eda oficial, que en todo momento estar\u00e1 con vosotros, para convertir vuestra experiencia en \u00fanica.<\/p>\n<p><span lang=\"es\">\u00a1Vea nuestros otros tours privados en <a href=\"https:\/\/tourtravelandmore.com\/es\/ciudad\/austria-es\/salzburgo-es\/\"><strong>Salzburgo<\/strong><\/a> y <a href=\"https:\/\/tourtravelandmore.com\/es\/ciudad\/alemania-es\/munich-es\/\"><strong>M\u00fanich<\/strong><\/a>!<\/span><\/p>\n","protected":false},"excerpt":{"rendered":"<p>Disfrute de esta <strong>excursi\u00f3n privada <\/strong>al pueblo de <strong>Hallstatt y Salzburgo desde Munich.<\/strong> Tome esta oportunidad para conocer y disfrutar de <strong>Hallstatt y Salzburgo<\/strong> durante este tour con vuestro guia oficial privado. Conozca los monumentos y zonas m\u00e1s emblem\u00e1ticas de <strong>Hallstatt y Salzburgo<\/strong> como la <strong>Fortaleza de HogenSalzburg, la <\/strong><strong>Abad\u00eda de San Pedro<\/strong><strong>\u00a0<\/strong>y<strong>\u00a0<\/strong>muchos lugares m\u00e1s.<\/p>\n","protected":false},"featured_media":11712,"comment_status":"open","ping_status":"closed","template":"","meta":{"_acf_changed":false},"product_brand":[],"product_cat":[1665,1670,1669,1668],"product_tag":[],"class_list":{"0":"post-67143","1":"product","2":"type-product","3":"status-publish","4":"has-post-thumbnail","6":"product_cat-hallstatt-es","7":"product_cat-halstatt-actividades-es","8":"product_cat-hallstatt-excursiones-es","9":"product_cat-hallstatt-rutas-turisticas-privadas-es","11":"first","12":"instock","13":"shipping-taxable","14":"purchasable","15":"product-type-simple"},"acf":[],"yoast_head":"<!-- This site is optimized with the Yoast SEO Premium plugin v25.3.1 (Yoast SEO v25.3.1) - https:\/\/yoast.com\/wordpress\/plugins\/seo\/ -->\n<title>\u27a1\ufe0f Tour Hallstatt y Salzburgo desde Munich | Tour Travel &amp; More<\/title>\n<meta name=\"description\" content=\"Reserva este tour Hallstatt y Salzburgo desde Munich con su gu\u00eda y vehiculo privado, para conocer la ciudad de Mozart y mucho mas! \u2705\" \/>\n<meta name=\"robots\" content=\"index, follow, max-snippet:-1, max-image-preview:large, max-video-preview:-1\" \/>\n<link rel=\"canonical\" href=\"https:\/\/tourtravelandmore.com\/es\/tours\/austria-es\/hallstatt-es\/hallstatt-rutas-turisticas-privadas-es\/tour-hallstatt-y-salzburgo-desde-munich-tour-privado-con-guia-y-vehiculo\/\" \/>\n<meta property=\"og:locale\" content=\"es_ES\" \/>\n<meta property=\"og:type\" content=\"article\" \/>\n<meta property=\"og:title\" content=\"Tour privado Hallstatt y Salzburgo desde Munich\" \/>\n<meta property=\"og:description\" content=\"Reserva este tour Hallstatt y Salzburgo desde Munich con su gu\u00eda y vehiculo privado, para conocer la ciudad de Mozart y mucho mas! \u2705\" \/>\n<meta property=\"og:url\" content=\"https:\/\/tourtravelandmore.com\/es\/tours\/austria-es\/hallstatt-es\/hallstatt-rutas-turisticas-privadas-es\/tour-hallstatt-y-salzburgo-desde-munich-tour-privado-con-guia-y-vehiculo\/\" \/>\n<meta property=\"og:site_name\" content=\"Tour Travel And More\" \/>\n<meta property=\"article:publisher\" content=\"https:\/\/www.facebook.com\/tourtravelandmore\/\" \/>\n<meta property=\"article:modified_time\" content=\"2023-06-13T01:57:54+00:00\" \/>\n<meta property=\"og:image\" content=\"https:\/\/tourtravelandmore.com\/wp-content\/uploads\/2017\/04\/Salzburg-4.jpg\" \/>\n\t<meta property=\"og:image:width\" content=\"1200\" \/>\n\t<meta property=\"og:image:height\" content=\"800\" \/>\n\t<meta property=\"og:image:type\" content=\"image\/jpeg\" \/>\n<meta name=\"twitter:card\" content=\"summary_large_image\" \/>\n<meta name=\"twitter:site\" content=\"@TourTravel_More\" \/>\n<meta name=\"twitter:label1\" content=\"Tiempo de lectura\" \/>\n\t<meta name=\"twitter:data1\" content=\"2 minutos\" \/>\n<script type=\"application\/ld+json\" class=\"yoast-schema-graph\">{\"@context\":\"https:\/\/schema.org\",\"@graph\":[{\"@type\":\"WebPage\",\"@id\":\"https:\/\/tourtravelandmore.com\/es\/tours\/austria-es\/hallstatt-es\/hallstatt-rutas-turisticas-privadas-es\/tour-hallstatt-y-salzburgo-desde-munich-tour-privado-con-guia-y-vehiculo\/\",\"url\":\"https:\/\/tourtravelandmore.com\/es\/tours\/austria-es\/hallstatt-es\/hallstatt-rutas-turisticas-privadas-es\/tour-hallstatt-y-salzburgo-desde-munich-tour-privado-con-guia-y-vehiculo\/\",\"name\":\"\u27a1\ufe0f Tour Hallstatt y Salzburgo desde Munich | Tour Travel & More\",\"isPartOf\":{\"@id\":\"https:\/\/tourtravelandmore.com\/es\/#website\"},\"primaryImageOfPage\":{\"@id\":\"https:\/\/tourtravelandmore.com\/es\/tours\/austria-es\/hallstatt-es\/hallstatt-rutas-turisticas-privadas-es\/tour-hallstatt-y-salzburgo-desde-munich-tour-privado-con-guia-y-vehiculo\/#primaryimage\"},\"image\":{\"@id\":\"https:\/\/tourtravelandmore.com\/es\/tours\/austria-es\/hallstatt-es\/hallstatt-rutas-turisticas-privadas-es\/tour-hallstatt-y-salzburgo-desde-munich-tour-privado-con-guia-y-vehiculo\/#primaryimage\"},\"thumbnailUrl\":\"https:\/\/tourtravelandmore.com\/wp-content\/uploads\/2017\/04\/Salzburg-4.jpg\",\"datePublished\":\"2019-09-26T12:48:04+00:00\",\"dateModified\":\"2023-06-13T01:57:54+00:00\",\"description\":\"Reserva este tour Hallstatt y Salzburgo desde Munich con su gu\u00eda y vehiculo privado, para conocer la ciudad de Mozart y mucho mas! \u2705\",\"breadcrumb\":{\"@id\":\"https:\/\/tourtravelandmore.com\/es\/tours\/austria-es\/hallstatt-es\/hallstatt-rutas-turisticas-privadas-es\/tour-hallstatt-y-salzburgo-desde-munich-tour-privado-con-guia-y-vehiculo\/#breadcrumb\"},\"inLanguage\":\"es\",\"potentialAction\":[{\"@type\":\"ReadAction\",\"target\":[\"https:\/\/tourtravelandmore.com\/es\/tours\/austria-es\/hallstatt-es\/hallstatt-rutas-turisticas-privadas-es\/tour-hallstatt-y-salzburgo-desde-munich-tour-privado-con-guia-y-vehiculo\/\"]}]},{\"@type\":\"ImageObject\",\"inLanguage\":\"es\",\"@id\":\"https:\/\/tourtravelandmore.com\/es\/tours\/austria-es\/hallstatt-es\/hallstatt-rutas-turisticas-privadas-es\/tour-hallstatt-y-salzburgo-desde-munich-tour-privado-con-guia-y-vehiculo\/#primaryimage\",\"url\":\"https:\/\/tourtravelandmore.com\/wp-content\/uploads\/2017\/04\/Salzburg-4.jpg\",\"contentUrl\":\"https:\/\/tourtravelandmore.com\/wp-content\/uploads\/2017\/04\/Salzburg-4.jpg\",\"width\":1200,\"height\":800},{\"@type\":\"BreadcrumbList\",\"@id\":\"https:\/\/tourtravelandmore.com\/es\/tours\/austria-es\/hallstatt-es\/hallstatt-rutas-turisticas-privadas-es\/tour-hallstatt-y-salzburgo-desde-munich-tour-privado-con-guia-y-vehiculo\/#breadcrumb\",\"itemListElement\":[{\"@type\":\"ListItem\",\"position\":1,\"name\":\"Home\",\"item\":\"https:\/\/tourtravelandmore.com\/es\/\"},{\"@type\":\"ListItem\",\"position\":2,\"name\":\"Tours\",\"item\":\"https:\/\/tourtravelandmore.com\/es\/tours\/\"},{\"@type\":\"ListItem\",\"position\":3,\"name\":\"Tour privado Hallstatt y Salzburgo desde Munich\"}]},{\"@type\":\"WebSite\",\"@id\":\"https:\/\/tourtravelandmore.com\/es\/#website\",\"url\":\"https:\/\/tourtravelandmore.com\/es\/\",\"name\":\"Tour Travel And More\",\"description\":\"Private sightseeing tours and luxury transfers in Spain\",\"publisher\":{\"@id\":\"https:\/\/tourtravelandmore.com\/es\/#organization\"},\"potentialAction\":[{\"@type\":\"SearchAction\",\"target\":{\"@type\":\"EntryPoint\",\"urlTemplate\":\"https:\/\/tourtravelandmore.com\/es\/?s={search_term_string}\"},\"query-input\":{\"@type\":\"PropertyValueSpecification\",\"valueRequired\":true,\"valueName\":\"search_term_string\"}}],\"inLanguage\":\"es\"},{\"@type\":\"Organization\",\"@id\":\"https:\/\/tourtravelandmore.com\/es\/#organization\",\"name\":\"Tour Travel And More\",\"url\":\"https:\/\/tourtravelandmore.com\/es\/\",\"logo\":{\"@type\":\"ImageObject\",\"inLanguage\":\"es\",\"@id\":\"https:\/\/tourtravelandmore.com\/es\/#\/schema\/logo\/image\/\",\"url\":\"https:\/\/tourtravelandmore.com\/wp-content\/uploads\/2022\/12\/cropped-logo-cabecera-new.png\",\"contentUrl\":\"https:\/\/tourtravelandmore.com\/wp-content\/uploads\/2022\/12\/cropped-logo-cabecera-new.png\",\"width\":430,\"height\":61,\"caption\":\"Tour Travel And More\"},\"image\":{\"@id\":\"https:\/\/tourtravelandmore.com\/es\/#\/schema\/logo\/image\/\"},\"sameAs\":[\"https:\/\/www.facebook.com\/tourtravelandmore\/\",\"https:\/\/x.com\/TourTravel_More\"]}]}<\/script>\n<!-- \/ Yoast SEO Premium plugin. -->","yoast_head_json":{"title":"\u27a1\ufe0f Tour Hallstatt y Salzburgo desde Munich | Tour Travel & More","description":"Reserva este tour Hallstatt y Salzburgo desde Munich con su gu\u00eda y vehiculo privado, para conocer la ciudad de Mozart y mucho mas! \u2705","robots":{"index":"index","follow":"follow","max-snippet":"max-snippet:-1","max-image-preview":"max-image-preview:large","max-video-preview":"max-video-preview:-1"},"canonical":"https:\/\/tourtravelandmore.com\/es\/tours\/austria-es\/hallstatt-es\/hallstatt-rutas-turisticas-privadas-es\/tour-hallstatt-y-salzburgo-desde-munich-tour-privado-con-guia-y-vehiculo\/","og_locale":"es_ES","og_type":"article","og_title":"Tour privado Hallstatt y Salzburgo desde Munich","og_description":"Reserva este tour Hallstatt y Salzburgo desde Munich con su gu\u00eda y vehiculo privado, para conocer la ciudad de Mozart y mucho mas! \u2705","og_url":"https:\/\/tourtravelandmore.com\/es\/tours\/austria-es\/hallstatt-es\/hallstatt-rutas-turisticas-privadas-es\/tour-hallstatt-y-salzburgo-desde-munich-tour-privado-con-guia-y-vehiculo\/","og_site_name":"Tour Travel And More","article_publisher":"https:\/\/www.facebook.com\/tourtravelandmore\/","article_modified_time":"2023-06-13T01:57:54+00:00","og_image":[{"width":1200,"height":800,"url":"https:\/\/tourtravelandmore.com\/wp-content\/uploads\/2017\/04\/Salzburg-4.jpg","type":"image\/jpeg"}],"twitter_card":"summary_large_image","twitter_site":"@TourTravel_More","twitter_misc":{"Tiempo de lectura":"2 minutos"},"schema":{"@context":"https:\/\/schema.org","@graph":[{"@type":"WebPage","@id":"https:\/\/tourtravelandmore.com\/es\/tours\/austria-es\/hallstatt-es\/hallstatt-rutas-turisticas-privadas-es\/tour-hallstatt-y-salzburgo-desde-munich-tour-privado-con-guia-y-vehiculo\/","url":"https:\/\/tourtravelandmore.com\/es\/tours\/austria-es\/hallstatt-es\/hallstatt-rutas-turisticas-privadas-es\/tour-hallstatt-y-salzburgo-desde-munich-tour-privado-con-guia-y-vehiculo\/","name":"\u27a1\ufe0f Tour Hallstatt y Salzburgo desde Munich | Tour Travel & More","isPartOf":{"@id":"https:\/\/tourtravelandmore.com\/es\/#website"},"primaryImageOfPage":{"@id":"https:\/\/tourtravelandmore.com\/es\/tours\/austria-es\/hallstatt-es\/hallstatt-rutas-turisticas-privadas-es\/tour-hallstatt-y-salzburgo-desde-munich-tour-privado-con-guia-y-vehiculo\/#primaryimage"},"image":{"@id":"https:\/\/tourtravelandmore.com\/es\/tours\/austria-es\/hallstatt-es\/hallstatt-rutas-turisticas-privadas-es\/tour-hallstatt-y-salzburgo-desde-munich-tour-privado-con-guia-y-vehiculo\/#primaryimage"},"thumbnailUrl":"https:\/\/tourtravelandmore.com\/wp-content\/uploads\/2017\/04\/Salzburg-4.jpg","datePublished":"2019-09-26T12:48:04+00:00","dateModified":"2023-06-13T01:57:54+00:00","description":"Reserva este tour Hallstatt y Salzburgo desde Munich con su gu\u00eda y vehiculo privado, para conocer la ciudad de Mozart y mucho mas! \u2705","breadcrumb":{"@id":"https:\/\/tourtravelandmore.com\/es\/tours\/austria-es\/hallstatt-es\/hallstatt-rutas-turisticas-privadas-es\/tour-hallstatt-y-salzburgo-desde-munich-tour-privado-con-guia-y-vehiculo\/#breadcrumb"},"inLanguage":"es","potentialAction":[{"@type":"ReadAction","target":["https:\/\/tourtravelandmore.com\/es\/tours\/austria-es\/hallstatt-es\/hallstatt-rutas-turisticas-privadas-es\/tour-hallstatt-y-salzburgo-desde-munich-tour-privado-con-guia-y-vehiculo\/"]}]},{"@type":"ImageObject","inLanguage":"es","@id":"https:\/\/tourtravelandmore.com\/es\/tours\/austria-es\/hallstatt-es\/hallstatt-rutas-turisticas-privadas-es\/tour-hallstatt-y-salzburgo-desde-munich-tour-privado-con-guia-y-vehiculo\/#primaryimage","url":"https:\/\/tourtravelandmore.com\/wp-content\/uploads\/2017\/04\/Salzburg-4.jpg","contentUrl":"https:\/\/tourtravelandmore.com\/wp-content\/uploads\/2017\/04\/Salzburg-4.jpg","width":1200,"height":800},{"@type":"BreadcrumbList","@id":"https:\/\/tourtravelandmore.com\/es\/tours\/austria-es\/hallstatt-es\/hallstatt-rutas-turisticas-privadas-es\/tour-hallstatt-y-salzburgo-desde-munich-tour-privado-con-guia-y-vehiculo\/#breadcrumb","itemListElement":[{"@type":"ListItem","position":1,"name":"Home","item":"https:\/\/tourtravelandmore.com\/es\/"},{"@type":"ListItem","position":2,"name":"Tours","item":"https:\/\/tourtravelandmore.com\/es\/tours\/"},{"@type":"ListItem","position":3,"name":"Tour privado Hallstatt y Salzburgo desde Munich"}]},{"@type":"WebSite","@id":"https:\/\/tourtravelandmore.com\/es\/#website","url":"https:\/\/tourtravelandmore.com\/es\/","name":"Tour Travel And More","description":"Private sightseeing tours and luxury transfers in Spain","publisher":{"@id":"https:\/\/tourtravelandmore.com\/es\/#organization"},"potentialAction":[{"@type":"SearchAction","target":{"@type":"EntryPoint","urlTemplate":"https:\/\/tourtravelandmore.com\/es\/?s={search_term_string}"},"query-input":{"@type":"PropertyValueSpecification","valueRequired":true,"valueName":"search_term_string"}}],"inLanguage":"es"},{"@type":"Organization","@id":"https:\/\/tourtravelandmore.com\/es\/#organization","name":"Tour Travel And More","url":"https:\/\/tourtravelandmore.com\/es\/","logo":{"@type":"ImageObject","inLanguage":"es","@id":"https:\/\/tourtravelandmore.com\/es\/#\/schema\/logo\/image\/","url":"https:\/\/tourtravelandmore.com\/wp-content\/uploads\/2022\/12\/cropped-logo-cabecera-new.png","contentUrl":"https:\/\/tourtravelandmore.com\/wp-content\/uploads\/2022\/12\/cropped-logo-cabecera-new.png","width":430,"height":61,"caption":"Tour Travel And More"},"image":{"@id":"https:\/\/tourtravelandmore.com\/es\/#\/schema\/logo\/image\/"},"sameAs":["https:\/\/www.facebook.com\/tourtravelandmore\/","https:\/\/x.com\/TourTravel_More"]}]}},"_links":{"self":[{"href":"https:\/\/tourtravelandmore.com\/es\/wp-json\/wp\/v2\/product\/67143","targetHints":{"allow":["GET"]}}],"collection":[{"href":"https:\/\/tourtravelandmore.com\/es\/wp-json\/wp\/v2\/product"}],"about":[{"href":"https:\/\/tourtravelandmore.com\/es\/wp-json\/wp\/v2\/types\/product"}],"replies":[{"embeddable":true,"href":"https:\/\/tourtravelandmore.com\/es\/wp-json\/wp\/v2\/comments?post=67143"}],"wp:featuredmedia":[{"embeddable":true,"href":"https:\/\/tourtravelandmore.com\/es\/wp-json\/wp\/v2\/media\/11712"}],"wp:attachment":[{"href":"https:\/\/tourtravelandmore.com\/es\/wp-json\/wp\/v2\/media?parent=67143"}],"wp:term":[{"taxonomy":"product_brand","embeddable":true,"href":"https:\/\/tourtravelandmore.com\/es\/wp-json\/wp\/v2\/product_brand?post=67143"},{"taxonomy":"product_cat","embeddable":true,"href":"https:\/\/tourtravelandmore.com\/es\/wp-json\/wp\/v2\/product_cat?post=67143"},{"taxonomy":"product_tag","embeddable":true,"href":"https:\/\/tourtravelandmore.com\/es\/wp-json\/wp\/v2\/product_tag?post=67143"}],"curies":[{"name":"wp","href":"https:\/\/api.w.org\/{rel}","templated":true}]}}