{"id":67133,"date":"2019-09-26T14:47:58","date_gmt":"2019-09-26T12:47:59","guid":{"rendered":"https:\/\/tourtravelandmore.com\/?post_type=product&#038;p=67133"},"modified":"2025-08-11T22:09:28","modified_gmt":"2025-08-11T20:09:28","slug":"tour-a-pie-por-salzburgo-tour-privado-con-guia-oficial","status":"publish","type":"product","link":"https:\/\/tourtravelandmore.com\/es\/tours\/austria-es\/salzburgo-es\/tour-a-pie-por-salzburgo-tour-privado-con-guia-oficial\/","title":{"rendered":"Tour privado a pie por la ciudad de Salzburgo con guia oficial privado"},"content":{"rendered":"<h2>Descripci\u00f3n del Tour privado a pie por la ciudad de Salzburgo con guia oficial privado<\/h2>\n<p>Disfrute de este <strong>tour a pie Salzburgo, <\/strong>junto con su gu\u00eda oficial privado y descubre la ciudad <strong>Salzburgo<\/strong>.<\/p>\n<p>La duraci\u00f3n de este tour <strong>tour a pie Salzburgo<\/strong> es de 4 Horas. Al ser un tour completamente privado, pueden escoger la hora y lugar de comienzo. Si su Hotel o lugar de comienzo no est\u00e1 en el centro, le indicaremos un punto de comienzo.<\/p>\n<p>Nos encontraremos en el centro Salzburgo, seguramente Mozartplat, junto a su gu\u00eda oficial.<\/p>\n<p>Durante este tour, visitaremos los monumentos y sitios m\u00e1s famosos de la ciudad. El tour comienza en las calles de los viejos caminos de Steingasse. Caminaremos desde aqu\u00ed pasando por la concurrida calle de Linzer Gasse, flanqueada por edificios medievales, hasta la Iglesia y Cementerio de San Sebasti\u00e1n, construida por Kassian Singer entre 1749 y 1753. Tiene un estilo arquitect\u00f3nico barroco con algunos elementos rococ\u00f3.<\/p>\n<p>Nuestra pr\u00f3xima parada ser\u00e1 Tanzmeisterhaus, la residencia de Mozart a partir de los 17 a\u00f1os y el Palacio y Jardines de Mirabell, ubicado al norte del r\u00edo Salzach. Continuaremos caminando por las calles de Getreidegasse, la calle comercial m\u00e1s importante y antigua de Salzburgo.<\/p>\n<p>La \u00faltima parada, pero no menos importante, es la Fortaleza de Hohensalzburg, uno de los castillos medievales m\u00e1s grandes de Europa. Fue construido para proteger la ciudad y los arzobispos gobernantes de los ej\u00e9rcitos e insurgentes enemigos.<\/p>\n<h2>Puntos de inter\u00e9s en el Tour privado a pie por la ciudad de Salzburgo con guia oficial privado<\/h2>\n<p>Durante su tour a pie <strong>Salzburgo<\/strong> descubrir\u00e1 algunos de los lugares m\u00e1s importantes de la ciudad. Ser\u00e1s testigo de su belleza arquitect\u00f3nica \u00fanica.<\/p>\n<p>Entre los sitios que puede visitar a trav\u00e9s de este tour privado, ofrecemos:<\/p>\n<ul>\n<li><strong>Mozartplatz<\/strong><\/li>\n<li><strong>Mozartsteg<\/strong><\/li>\n<li><strong>Steingasse<\/strong><\/li>\n<li><strong>Linzer Gasse<\/strong><\/li>\n<li><strong>Residencia Mozart<\/strong><\/li>\n<li><strong>Palacio y jardines de Mirabell<\/strong><\/li>\n<li><strong>Getreidegasse<\/strong><\/li>\n<li><strong>Lugar de nacimiento de Mozart<\/strong><\/li>\n<li><strong>Plaza del antiguo mercado<\/strong><\/li>\n<li><strong>Iglesia y cementerio de San Pedro<\/strong><\/li>\n<li><strong>Domplatz<\/strong><\/li>\n<li><strong>Catedral de Salzburgo<\/strong><\/li>\n<li><strong>Residenzplatz<\/strong><\/li>\n<li><strong>Museo de Salzburgo<\/strong><\/li>\n<li><strong>Kapitelplatz<\/strong><\/li>\n<li><strong>Fortaleza de Hohensalzburg<\/strong><\/li>\n<li><strong>Y muchos m\u00e1s lugares en este recorrido privado a pie por Salzburgo<\/strong><\/li>\n<\/ul>\n<p>Si dispones de m\u00e1s d\u00edas en la ciudad de Salzburgo, puedes consultar <a href=\"https:\/\/tourtravelandmore.com\/es\/ciudad\/austria-es\/salzburgo-es\/\"><strong>aqu\u00ed<\/strong><\/a> el resto de tours privados que ofrecemos.<\/p>\n","protected":false},"excerpt":{"rendered":"<p>Disfrute de este <strong>tour privado de 4 horas a pie<\/strong> <strong>totalmente personalizado<\/strong> por las calles de <strong>Salzburgo<\/strong>, donde podr\u00e1 admirar la belleza urbana de sus calles, monumentos y edificios renacentistas m\u00e1s importantes. A lo largo del tour, su <strong>gu\u00eda oficial privado<\/strong> lo llevar\u00e1 a observar sus edificaciones renacentistas y medievales, como lo son el <strong>Linzer Gasse, <\/strong><strong>Residencia Mozart, el <\/strong><strong>Palacio y jardines de Mirabell <\/strong>y muchos lugares m\u00e1s.<\/p>\n","protected":false},"featured_media":11710,"comment_status":"open","ping_status":"closed","template":"","meta":{"_acf_changed":false},"product_brand":[],"product_cat":[1422,1430,1427],"product_tag":[],"class_list":{"0":"post-67133","1":"product","2":"type-product","3":"status-publish","4":"has-post-thumbnail","6":"product_cat-salzburgo-es","7":"product_cat-salzburgo-actividades-es","8":"product_cat-salzburgo-tours-privados-pie-es","10":"first","11":"instock","12":"shipping-taxable","13":"purchasable","14":"product-type-simple"},"acf":[],"yoast_head":"<!-- This site is optimized with the Yoast SEO Premium plugin v25.3.1 (Yoast SEO v25.3.1) - https:\/\/yoast.com\/wordpress\/plugins\/seo\/ -->\n<title>\u27a1\ufe0f Tour a pie por Salzburgo | Tour Travel &amp; More<\/title>\n<meta name=\"description\" content=\"Disfruta de este tour a pie Salzburgo, con gu\u00eda oficial privado y descubre una ciudad llena de historia y conozca sus principales monumentos \u2705\" \/>\n<meta name=\"robots\" content=\"index, follow, max-snippet:-1, max-image-preview:large, max-video-preview:-1\" \/>\n<link rel=\"canonical\" href=\"https:\/\/tourtravelandmore.com\/es\/tours\/austria-es\/salzburgo-es\/tour-a-pie-por-salzburgo-tour-privado-con-guia-oficial\/\" \/>\n<meta property=\"og:locale\" content=\"es_ES\" \/>\n<meta property=\"og:type\" content=\"article\" \/>\n<meta property=\"og:title\" content=\"Tour privado a pie por la ciudad de Salzburgo con guia oficial privado\" \/>\n<meta property=\"og:description\" content=\"Disfruta de este tour a pie Salzburgo, con gu\u00eda oficial privado y descubre una ciudad llena de historia y conozca sus principales monumentos \u2705\" \/>\n<meta property=\"og:url\" content=\"https:\/\/tourtravelandmore.com\/es\/tours\/austria-es\/salzburgo-es\/tour-a-pie-por-salzburgo-tour-privado-con-guia-oficial\/\" \/>\n<meta property=\"og:site_name\" content=\"Tour Travel And More\" \/>\n<meta property=\"article:publisher\" content=\"https:\/\/www.facebook.com\/tourtravelandmore\/\" \/>\n<meta property=\"article:modified_time\" content=\"2025-08-11T20:09:28+00:00\" \/>\n<meta property=\"og:image\" content=\"https:\/\/tourtravelandmore.com\/wp-content\/uploads\/2017\/04\/Salzburg-3.jpg\" \/>\n\t<meta property=\"og:image:width\" content=\"1200\" \/>\n\t<meta property=\"og:image:height\" content=\"900\" \/>\n\t<meta property=\"og:image:type\" content=\"image\/jpeg\" \/>\n<meta name=\"twitter:card\" content=\"summary_large_image\" \/>\n<meta name=\"twitter:site\" content=\"@TourTravel_More\" \/>\n<meta name=\"twitter:label1\" content=\"Tiempo de lectura\" \/>\n\t<meta name=\"twitter:data1\" content=\"2 minutos\" \/>\n<script type=\"application\/ld+json\" class=\"yoast-schema-graph\">{\"@context\":\"https:\/\/schema.org\",\"@graph\":[{\"@type\":\"WebPage\",\"@id\":\"https:\/\/tourtravelandmore.com\/es\/tours\/austria-es\/salzburgo-es\/tour-a-pie-por-salzburgo-tour-privado-con-guia-oficial\/\",\"url\":\"https:\/\/tourtravelandmore.com\/es\/tours\/austria-es\/salzburgo-es\/tour-a-pie-por-salzburgo-tour-privado-con-guia-oficial\/\",\"name\":\"\u27a1\ufe0f Tour a pie por Salzburgo | Tour Travel & More\",\"isPartOf\":{\"@id\":\"https:\/\/tourtravelandmore.com\/es\/#website\"},\"primaryImageOfPage\":{\"@id\":\"https:\/\/tourtravelandmore.com\/es\/tours\/austria-es\/salzburgo-es\/tour-a-pie-por-salzburgo-tour-privado-con-guia-oficial\/#primaryimage\"},\"image\":{\"@id\":\"https:\/\/tourtravelandmore.com\/es\/tours\/austria-es\/salzburgo-es\/tour-a-pie-por-salzburgo-tour-privado-con-guia-oficial\/#primaryimage\"},\"thumbnailUrl\":\"https:\/\/tourtravelandmore.com\/wp-content\/uploads\/2017\/04\/Salzburg-3.jpg\",\"datePublished\":\"2019-09-26T12:47:59+00:00\",\"dateModified\":\"2025-08-11T20:09:28+00:00\",\"description\":\"Disfruta de este tour a pie Salzburgo, con gu\u00eda oficial privado y descubre una ciudad llena de historia y conozca sus principales monumentos \u2705\",\"breadcrumb\":{\"@id\":\"https:\/\/tourtravelandmore.com\/es\/tours\/austria-es\/salzburgo-es\/tour-a-pie-por-salzburgo-tour-privado-con-guia-oficial\/#breadcrumb\"},\"inLanguage\":\"es\",\"potentialAction\":[{\"@type\":\"ReadAction\",\"target\":[\"https:\/\/tourtravelandmore.com\/es\/tours\/austria-es\/salzburgo-es\/tour-a-pie-por-salzburgo-tour-privado-con-guia-oficial\/\"]}]},{\"@type\":\"ImageObject\",\"inLanguage\":\"es\",\"@id\":\"https:\/\/tourtravelandmore.com\/es\/tours\/austria-es\/salzburgo-es\/tour-a-pie-por-salzburgo-tour-privado-con-guia-oficial\/#primaryimage\",\"url\":\"https:\/\/tourtravelandmore.com\/wp-content\/uploads\/2017\/04\/Salzburg-3.jpg\",\"contentUrl\":\"https:\/\/tourtravelandmore.com\/wp-content\/uploads\/2017\/04\/Salzburg-3.jpg\",\"width\":1200,\"height\":900,\"caption\":\"Hohensalzburg fortress\"},{\"@type\":\"BreadcrumbList\",\"@id\":\"https:\/\/tourtravelandmore.com\/es\/tours\/austria-es\/salzburgo-es\/tour-a-pie-por-salzburgo-tour-privado-con-guia-oficial\/#breadcrumb\",\"itemListElement\":[{\"@type\":\"ListItem\",\"position\":1,\"name\":\"Home\",\"item\":\"https:\/\/tourtravelandmore.com\/es\/\"},{\"@type\":\"ListItem\",\"position\":2,\"name\":\"Tours\",\"item\":\"https:\/\/tourtravelandmore.com\/es\/tours\/\"},{\"@type\":\"ListItem\",\"position\":3,\"name\":\"Tour privado a pie por la ciudad de Salzburgo con guia oficial privado\"}]},{\"@type\":\"WebSite\",\"@id\":\"https:\/\/tourtravelandmore.com\/es\/#website\",\"url\":\"https:\/\/tourtravelandmore.com\/es\/\",\"name\":\"Tour Travel And More\",\"description\":\"Private sightseeing tours and luxury transfers in Spain\",\"publisher\":{\"@id\":\"https:\/\/tourtravelandmore.com\/es\/#organization\"},\"potentialAction\":[{\"@type\":\"SearchAction\",\"target\":{\"@type\":\"EntryPoint\",\"urlTemplate\":\"https:\/\/tourtravelandmore.com\/es\/?s={search_term_string}\"},\"query-input\":{\"@type\":\"PropertyValueSpecification\",\"valueRequired\":true,\"valueName\":\"search_term_string\"}}],\"inLanguage\":\"es\"},{\"@type\":\"Organization\",\"@id\":\"https:\/\/tourtravelandmore.com\/es\/#organization\",\"name\":\"Tour Travel And More\",\"url\":\"https:\/\/tourtravelandmore.com\/es\/\",\"logo\":{\"@type\":\"ImageObject\",\"inLanguage\":\"es\",\"@id\":\"https:\/\/tourtravelandmore.com\/es\/#\/schema\/logo\/image\/\",\"url\":\"https:\/\/tourtravelandmore.com\/wp-content\/uploads\/2022\/12\/cropped-logo-cabecera-new.png\",\"contentUrl\":\"https:\/\/tourtravelandmore.com\/wp-content\/uploads\/2022\/12\/cropped-logo-cabecera-new.png\",\"width\":430,\"height\":61,\"caption\":\"Tour Travel And More\"},\"image\":{\"@id\":\"https:\/\/tourtravelandmore.com\/es\/#\/schema\/logo\/image\/\"},\"sameAs\":[\"https:\/\/www.facebook.com\/tourtravelandmore\/\",\"https:\/\/x.com\/TourTravel_More\"]}]}<\/script>\n<!-- \/ Yoast SEO Premium plugin. -->","yoast_head_json":{"title":"\u27a1\ufe0f Tour a pie por Salzburgo | Tour Travel & More","description":"Disfruta de este tour a pie Salzburgo, con gu\u00eda oficial privado y descubre una ciudad llena de historia y conozca sus principales monumentos \u2705","robots":{"index":"index","follow":"follow","max-snippet":"max-snippet:-1","max-image-preview":"max-image-preview:large","max-video-preview":"max-video-preview:-1"},"canonical":"https:\/\/tourtravelandmore.com\/es\/tours\/austria-es\/salzburgo-es\/tour-a-pie-por-salzburgo-tour-privado-con-guia-oficial\/","og_locale":"es_ES","og_type":"article","og_title":"Tour privado a pie por la ciudad de Salzburgo con guia oficial privado","og_description":"Disfruta de este tour a pie Salzburgo, con gu\u00eda oficial privado y descubre una ciudad llena de historia y conozca sus principales monumentos \u2705","og_url":"https:\/\/tourtravelandmore.com\/es\/tours\/austria-es\/salzburgo-es\/tour-a-pie-por-salzburgo-tour-privado-con-guia-oficial\/","og_site_name":"Tour Travel And More","article_publisher":"https:\/\/www.facebook.com\/tourtravelandmore\/","article_modified_time":"2025-08-11T20:09:28+00:00","og_image":[{"width":1200,"height":900,"url":"https:\/\/tourtravelandmore.com\/wp-content\/uploads\/2017\/04\/Salzburg-3.jpg","type":"image\/jpeg"}],"twitter_card":"summary_large_image","twitter_site":"@TourTravel_More","twitter_misc":{"Tiempo de lectura":"2 minutos"},"schema":{"@context":"https:\/\/schema.org","@graph":[{"@type":"WebPage","@id":"https:\/\/tourtravelandmore.com\/es\/tours\/austria-es\/salzburgo-es\/tour-a-pie-por-salzburgo-tour-privado-con-guia-oficial\/","url":"https:\/\/tourtravelandmore.com\/es\/tours\/austria-es\/salzburgo-es\/tour-a-pie-por-salzburgo-tour-privado-con-guia-oficial\/","name":"\u27a1\ufe0f Tour a pie por Salzburgo | Tour Travel & More","isPartOf":{"@id":"https:\/\/tourtravelandmore.com\/es\/#website"},"primaryImageOfPage":{"@id":"https:\/\/tourtravelandmore.com\/es\/tours\/austria-es\/salzburgo-es\/tour-a-pie-por-salzburgo-tour-privado-con-guia-oficial\/#primaryimage"},"image":{"@id":"https:\/\/tourtravelandmore.com\/es\/tours\/austria-es\/salzburgo-es\/tour-a-pie-por-salzburgo-tour-privado-con-guia-oficial\/#primaryimage"},"thumbnailUrl":"https:\/\/tourtravelandmore.com\/wp-content\/uploads\/2017\/04\/Salzburg-3.jpg","datePublished":"2019-09-26T12:47:59+00:00","dateModified":"2025-08-11T20:09:28+00:00","description":"Disfruta de este tour a pie Salzburgo, con gu\u00eda oficial privado y descubre una ciudad llena de historia y conozca sus principales monumentos \u2705","breadcrumb":{"@id":"https:\/\/tourtravelandmore.com\/es\/tours\/austria-es\/salzburgo-es\/tour-a-pie-por-salzburgo-tour-privado-con-guia-oficial\/#breadcrumb"},"inLanguage":"es","potentialAction":[{"@type":"ReadAction","target":["https:\/\/tourtravelandmore.com\/es\/tours\/austria-es\/salzburgo-es\/tour-a-pie-por-salzburgo-tour-privado-con-guia-oficial\/"]}]},{"@type":"ImageObject","inLanguage":"es","@id":"https:\/\/tourtravelandmore.com\/es\/tours\/austria-es\/salzburgo-es\/tour-a-pie-por-salzburgo-tour-privado-con-guia-oficial\/#primaryimage","url":"https:\/\/tourtravelandmore.com\/wp-content\/uploads\/2017\/04\/Salzburg-3.jpg","contentUrl":"https:\/\/tourtravelandmore.com\/wp-content\/uploads\/2017\/04\/Salzburg-3.jpg","width":1200,"height":900,"caption":"Hohensalzburg fortress"},{"@type":"BreadcrumbList","@id":"https:\/\/tourtravelandmore.com\/es\/tours\/austria-es\/salzburgo-es\/tour-a-pie-por-salzburgo-tour-privado-con-guia-oficial\/#breadcrumb","itemListElement":[{"@type":"ListItem","position":1,"name":"Home","item":"https:\/\/tourtravelandmore.com\/es\/"},{"@type":"ListItem","position":2,"name":"Tours","item":"https:\/\/tourtravelandmore.com\/es\/tours\/"},{"@type":"ListItem","position":3,"name":"Tour privado a pie por la ciudad de Salzburgo con guia oficial privado"}]},{"@type":"WebSite","@id":"https:\/\/tourtravelandmore.com\/es\/#website","url":"https:\/\/tourtravelandmore.com\/es\/","name":"Tour Travel And More","description":"Private sightseeing tours and luxury transfers in Spain","publisher":{"@id":"https:\/\/tourtravelandmore.com\/es\/#organization"},"potentialAction":[{"@type":"SearchAction","target":{"@type":"EntryPoint","urlTemplate":"https:\/\/tourtravelandmore.com\/es\/?s={search_term_string}"},"query-input":{"@type":"PropertyValueSpecification","valueRequired":true,"valueName":"search_term_string"}}],"inLanguage":"es"},{"@type":"Organization","@id":"https:\/\/tourtravelandmore.com\/es\/#organization","name":"Tour Travel And More","url":"https:\/\/tourtravelandmore.com\/es\/","logo":{"@type":"ImageObject","inLanguage":"es","@id":"https:\/\/tourtravelandmore.com\/es\/#\/schema\/logo\/image\/","url":"https:\/\/tourtravelandmore.com\/wp-content\/uploads\/2022\/12\/cropped-logo-cabecera-new.png","contentUrl":"https:\/\/tourtravelandmore.com\/wp-content\/uploads\/2022\/12\/cropped-logo-cabecera-new.png","width":430,"height":61,"caption":"Tour Travel And More"},"image":{"@id":"https:\/\/tourtravelandmore.com\/es\/#\/schema\/logo\/image\/"},"sameAs":["https:\/\/www.facebook.com\/tourtravelandmore\/","https:\/\/x.com\/TourTravel_More"]}]}},"_links":{"self":[{"href":"https:\/\/tourtravelandmore.com\/es\/wp-json\/wp\/v2\/product\/67133","targetHints":{"allow":["GET"]}}],"collection":[{"href":"https:\/\/tourtravelandmore.com\/es\/wp-json\/wp\/v2\/product"}],"about":[{"href":"https:\/\/tourtravelandmore.com\/es\/wp-json\/wp\/v2\/types\/product"}],"replies":[{"embeddable":true,"href":"https:\/\/tourtravelandmore.com\/es\/wp-json\/wp\/v2\/comments?post=67133"}],"wp:featuredmedia":[{"embeddable":true,"href":"https:\/\/tourtravelandmore.com\/es\/wp-json\/wp\/v2\/media\/11710"}],"wp:attachment":[{"href":"https:\/\/tourtravelandmore.com\/es\/wp-json\/wp\/v2\/media?parent=67133"}],"wp:term":[{"taxonomy":"product_brand","embeddable":true,"href":"https:\/\/tourtravelandmore.com\/es\/wp-json\/wp\/v2\/product_brand?post=67133"},{"taxonomy":"product_cat","embeddable":true,"href":"https:\/\/tourtravelandmore.com\/es\/wp-json\/wp\/v2\/product_cat?post=67133"},{"taxonomy":"product_tag","embeddable":true,"href":"https:\/\/tourtravelandmore.com\/es\/wp-json\/wp\/v2\/product_tag?post=67133"}],"curies":[{"name":"wp","href":"https:\/\/api.w.org\/{rel}","templated":true}]}}