{"id":67123,"date":"2019-09-26T14:47:51","date_gmt":"2019-09-26T12:47:52","guid":{"rendered":"https:\/\/tourtravelandmore.com\/?post_type=product&#038;p=67123"},"modified":"2023-06-17T04:43:32","modified_gmt":"2023-06-17T02:43:32","slug":"traslado-privado-salzburgo-desde-aeropuerto-estacion-o-cualquier-lugar","status":"publish","type":"product","link":"https:\/\/tourtravelandmore.com\/es\/tours\/austria-es\/salzburgo-es\/traslado-privado-salzburgo-desde-aeropuerto-estacion-o-cualquier-lugar\/","title":{"rendered":"Traslado privado hasta\/desde aeropuerto\/tren de Salzburgo"},"content":{"rendered":"<h2>Descripci\u00f3n del Traslado privado hasta\/desde aeropuerto\/tren de Salzburgo<\/h2>\n<p><strong>Reserva un traslado privado<\/strong> <b>Salzburgo<\/b>, le ofrecemos llegar a su destino r\u00e1pidamente en <b>Salzburgo\u00a0<\/b>y sin esperas con su <b>traslado privado<\/b>.<\/p>\n<p>Disfruta de una experiencia relajante en uno de nuestros<strong> veh\u00edculos privados<\/strong> de lujo. Ofrecemos todo tipo de traslados como, por ejemplo, <strong>traslados al aeropuerto, Traslados a la estaci\u00f3n de tren,\u00a0 traslados a restaurantes o traslados a cualquier lugar.<\/strong><\/p>\n<p>Adem\u00e1s de Traslados tambi\u00e9n ofrecemos tour y excursiones privadas en la ciudad de Salzburgo, puedes consultar <strong><a href=\"https:\/\/tourtravelandmore.com\/es\/ciudad\/austria-es\/salzburgo-es\/\">aqu\u00ed.<\/a><\/strong><\/p>\n<p>Una vez que llegue a su destino, nuestro personal lo estar\u00e1 esperando con un cartel en la terminal de llegadas. Tambi\u00e9n podr\u00e1 disfrutar del paisaje panor\u00e1mico de la ciudad en su veh\u00edculo privado de lujo.<\/p>\n<p>Le pedimos nos informe con cu\u00e1nto equipaje viajar\u00e1 solo por cuestiones de log\u00edstica, ya que a veces puede ser necesario un veh\u00edculo m\u00e1s grande y se pueden aplicar tarifas adicionales.<\/p>\n<p>Si necesita un asiento para beb\u00e9 o ni\u00f1o, p\u00f3ngase en contacto con nosotros antes de su traslado para organizarlo correctamente.<\/p>\n<h2>Puntos de inter\u00e9s en el Traslado privado hasta\/desde aeropuerto\/tren de Salzburgo<\/h2>\n<p>Salzburgo es la cuarta ciudad m\u00e1s grande de Austria. Su centro hist\u00f3rico es famoso por su arquitectura barroca y es uno de los centros urbanos mejor conservados al norte de los Alpes, catalogado como Patrimonio de la Humanidad por la UNESCO en 1996.<\/p>\n<p>Salzburgo tambi\u00e9n es conocida por ser el lugar de nacimiento del compositor Wolfgang del siglo XVIII, Amadeus Mozart. Adem\u00e1s, la ciudad fue el escenario de la obra musical y la pel\u00edcula The Sound of Music.<\/p>\n<p>Sus suburbios est\u00e1n dominados por edificios de estilo rom\u00e1nico e iglesias g\u00f3ticas, monasterios y las primeras casas de cad\u00e1veres, as\u00ed como el estilo de modernismo cl\u00e1sico predominante. El Altstadt, o &#8220;casco antiguo&#8221;, est\u00e1 dominado por sus torres e iglesias barrocas y la enorme fortaleza de Hohensalzburg.<\/p>\n","protected":false},"excerpt":{"rendered":"<p>Aproveche esta oportunidad para <strong>llegar a su destino final en Salzburgo<\/strong>\u00a0de la manera m\u00e1s c\u00f3moda y r\u00e1pida posible.<br \/>\nOrganizamos recogidas desde su hotel, aeropuerto, estaci\u00f3n de tren o cualquier lugar de <strong>Salzburgo<\/strong>. Es posible coordinar transfers privados desde\/hasta Salzburgo desde otras ciudades en Austria.<\/p>\n","protected":false},"featured_media":8097,"comment_status":"open","ping_status":"closed","template":"","meta":{"_acf_changed":false},"product_brand":[],"product_cat":[1422,1430,1426],"product_tag":[],"class_list":{"0":"post-67123","1":"product","2":"type-product","3":"status-publish","4":"has-post-thumbnail","6":"product_cat-salzburgo-es","7":"product_cat-salzburgo-actividades-es","8":"product_cat-salzburgo-traslados-es","10":"first","11":"instock","12":"shipping-taxable","13":"purchasable","14":"product-type-simple"},"acf":[],"yoast_head":"<!-- This site is optimized with the Yoast SEO Premium plugin v25.3.1 (Yoast SEO v25.3.1) - https:\/\/yoast.com\/wordpress\/plugins\/seo\/ -->\n<title>\u27a1\ufe0f traslado privado Salzburgo desde Aeropuerto\/Estaci\u00f3n o cualquier lugar | Tour Travel &amp; More<\/title>\n<meta name=\"description\" content=\"Le ofrecemos la manera m\u00e1s r\u00e1pida y relajante de llegar a su destino con nuestro traslado privado Salzburgo. Coches y minivans privados \u2705\" \/>\n<meta name=\"robots\" content=\"index, follow, max-snippet:-1, max-image-preview:large, max-video-preview:-1\" \/>\n<link rel=\"canonical\" href=\"https:\/\/tourtravelandmore.com\/es\/tours\/austria-es\/salzburgo-es\/traslado-privado-salzburgo-desde-aeropuerto-estacion-o-cualquier-lugar\/\" \/>\n<meta property=\"og:locale\" content=\"es_ES\" \/>\n<meta property=\"og:type\" content=\"article\" \/>\n<meta property=\"og:title\" content=\"Traslado privado hasta\/desde aeropuerto\/tren de Salzburgo\" \/>\n<meta property=\"og:description\" content=\"Le ofrecemos la manera m\u00e1s r\u00e1pida y relajante de llegar a su destino con nuestro traslado privado Salzburgo. Coches y minivans privados \u2705\" \/>\n<meta property=\"og:url\" content=\"https:\/\/tourtravelandmore.com\/es\/tours\/austria-es\/salzburgo-es\/traslado-privado-salzburgo-desde-aeropuerto-estacion-o-cualquier-lugar\/\" \/>\n<meta property=\"og:site_name\" content=\"Tour Travel And More\" \/>\n<meta property=\"article:publisher\" content=\"https:\/\/www.facebook.com\/tourtravelandmore\/\" \/>\n<meta property=\"article:modified_time\" content=\"2023-06-17T02:43:32+00:00\" \/>\n<meta property=\"og:image\" content=\"https:\/\/tourtravelandmore.com\/wp-content\/uploads\/2016\/10\/transfer-airport-barcelona.jpg\" \/>\n\t<meta property=\"og:image:width\" content=\"955\" \/>\n\t<meta property=\"og:image:height\" content=\"636\" \/>\n\t<meta property=\"og:image:type\" content=\"image\/jpeg\" \/>\n<meta name=\"twitter:card\" content=\"summary_large_image\" \/>\n<meta name=\"twitter:site\" content=\"@TourTravel_More\" \/>\n<meta name=\"twitter:label1\" content=\"Tiempo de lectura\" \/>\n\t<meta name=\"twitter:data1\" content=\"2 minutos\" \/>\n<script type=\"application\/ld+json\" class=\"yoast-schema-graph\">{\"@context\":\"https:\/\/schema.org\",\"@graph\":[{\"@type\":\"WebPage\",\"@id\":\"https:\/\/tourtravelandmore.com\/es\/tours\/austria-es\/salzburgo-es\/traslado-privado-salzburgo-desde-aeropuerto-estacion-o-cualquier-lugar\/\",\"url\":\"https:\/\/tourtravelandmore.com\/es\/tours\/austria-es\/salzburgo-es\/traslado-privado-salzburgo-desde-aeropuerto-estacion-o-cualquier-lugar\/\",\"name\":\"\u27a1\ufe0f traslado privado Salzburgo desde Aeropuerto\/Estaci\u00f3n o cualquier lugar | Tour Travel & More\",\"isPartOf\":{\"@id\":\"https:\/\/tourtravelandmore.com\/es\/#website\"},\"primaryImageOfPage\":{\"@id\":\"https:\/\/tourtravelandmore.com\/es\/tours\/austria-es\/salzburgo-es\/traslado-privado-salzburgo-desde-aeropuerto-estacion-o-cualquier-lugar\/#primaryimage\"},\"image\":{\"@id\":\"https:\/\/tourtravelandmore.com\/es\/tours\/austria-es\/salzburgo-es\/traslado-privado-salzburgo-desde-aeropuerto-estacion-o-cualquier-lugar\/#primaryimage\"},\"thumbnailUrl\":\"https:\/\/tourtravelandmore.com\/wp-content\/uploads\/2016\/10\/transfer-airport-barcelona.jpg\",\"datePublished\":\"2019-09-26T12:47:52+00:00\",\"dateModified\":\"2023-06-17T02:43:32+00:00\",\"description\":\"Le ofrecemos la manera m\u00e1s r\u00e1pida y relajante de llegar a su destino con nuestro traslado privado Salzburgo. Coches y minivans privados \u2705\",\"breadcrumb\":{\"@id\":\"https:\/\/tourtravelandmore.com\/es\/tours\/austria-es\/salzburgo-es\/traslado-privado-salzburgo-desde-aeropuerto-estacion-o-cualquier-lugar\/#breadcrumb\"},\"inLanguage\":\"es\",\"potentialAction\":[{\"@type\":\"ReadAction\",\"target\":[\"https:\/\/tourtravelandmore.com\/es\/tours\/austria-es\/salzburgo-es\/traslado-privado-salzburgo-desde-aeropuerto-estacion-o-cualquier-lugar\/\"]}]},{\"@type\":\"ImageObject\",\"inLanguage\":\"es\",\"@id\":\"https:\/\/tourtravelandmore.com\/es\/tours\/austria-es\/salzburgo-es\/traslado-privado-salzburgo-desde-aeropuerto-estacion-o-cualquier-lugar\/#primaryimage\",\"url\":\"https:\/\/tourtravelandmore.com\/wp-content\/uploads\/2016\/10\/transfer-airport-barcelona.jpg\",\"contentUrl\":\"https:\/\/tourtravelandmore.com\/wp-content\/uploads\/2016\/10\/transfer-airport-barcelona.jpg\",\"width\":955,\"height\":636,\"caption\":\"Transfer Prat Airport\"},{\"@type\":\"BreadcrumbList\",\"@id\":\"https:\/\/tourtravelandmore.com\/es\/tours\/austria-es\/salzburgo-es\/traslado-privado-salzburgo-desde-aeropuerto-estacion-o-cualquier-lugar\/#breadcrumb\",\"itemListElement\":[{\"@type\":\"ListItem\",\"position\":1,\"name\":\"Home\",\"item\":\"https:\/\/tourtravelandmore.com\/es\/\"},{\"@type\":\"ListItem\",\"position\":2,\"name\":\"Tours\",\"item\":\"https:\/\/tourtravelandmore.com\/es\/tours\/\"},{\"@type\":\"ListItem\",\"position\":3,\"name\":\"Traslado privado hasta\/desde aeropuerto\/tren de Salzburgo\"}]},{\"@type\":\"WebSite\",\"@id\":\"https:\/\/tourtravelandmore.com\/es\/#website\",\"url\":\"https:\/\/tourtravelandmore.com\/es\/\",\"name\":\"Tour Travel And More\",\"description\":\"Private sightseeing tours and luxury transfers in Spain\",\"publisher\":{\"@id\":\"https:\/\/tourtravelandmore.com\/es\/#organization\"},\"potentialAction\":[{\"@type\":\"SearchAction\",\"target\":{\"@type\":\"EntryPoint\",\"urlTemplate\":\"https:\/\/tourtravelandmore.com\/es\/?s={search_term_string}\"},\"query-input\":{\"@type\":\"PropertyValueSpecification\",\"valueRequired\":true,\"valueName\":\"search_term_string\"}}],\"inLanguage\":\"es\"},{\"@type\":\"Organization\",\"@id\":\"https:\/\/tourtravelandmore.com\/es\/#organization\",\"name\":\"Tour Travel And More\",\"url\":\"https:\/\/tourtravelandmore.com\/es\/\",\"logo\":{\"@type\":\"ImageObject\",\"inLanguage\":\"es\",\"@id\":\"https:\/\/tourtravelandmore.com\/es\/#\/schema\/logo\/image\/\",\"url\":\"https:\/\/tourtravelandmore.com\/wp-content\/uploads\/2022\/12\/cropped-logo-cabecera-new.png\",\"contentUrl\":\"https:\/\/tourtravelandmore.com\/wp-content\/uploads\/2022\/12\/cropped-logo-cabecera-new.png\",\"width\":430,\"height\":61,\"caption\":\"Tour Travel And More\"},\"image\":{\"@id\":\"https:\/\/tourtravelandmore.com\/es\/#\/schema\/logo\/image\/\"},\"sameAs\":[\"https:\/\/www.facebook.com\/tourtravelandmore\/\",\"https:\/\/x.com\/TourTravel_More\"]}]}<\/script>\n<!-- \/ Yoast SEO Premium plugin. -->","yoast_head_json":{"title":"\u27a1\ufe0f traslado privado Salzburgo desde Aeropuerto\/Estaci\u00f3n o cualquier lugar | Tour Travel & More","description":"Le ofrecemos la manera m\u00e1s r\u00e1pida y relajante de llegar a su destino con nuestro traslado privado Salzburgo. Coches y minivans privados \u2705","robots":{"index":"index","follow":"follow","max-snippet":"max-snippet:-1","max-image-preview":"max-image-preview:large","max-video-preview":"max-video-preview:-1"},"canonical":"https:\/\/tourtravelandmore.com\/es\/tours\/austria-es\/salzburgo-es\/traslado-privado-salzburgo-desde-aeropuerto-estacion-o-cualquier-lugar\/","og_locale":"es_ES","og_type":"article","og_title":"Traslado privado hasta\/desde aeropuerto\/tren de Salzburgo","og_description":"Le ofrecemos la manera m\u00e1s r\u00e1pida y relajante de llegar a su destino con nuestro traslado privado Salzburgo. Coches y minivans privados \u2705","og_url":"https:\/\/tourtravelandmore.com\/es\/tours\/austria-es\/salzburgo-es\/traslado-privado-salzburgo-desde-aeropuerto-estacion-o-cualquier-lugar\/","og_site_name":"Tour Travel And More","article_publisher":"https:\/\/www.facebook.com\/tourtravelandmore\/","article_modified_time":"2023-06-17T02:43:32+00:00","og_image":[{"width":955,"height":636,"url":"https:\/\/tourtravelandmore.com\/wp-content\/uploads\/2016\/10\/transfer-airport-barcelona.jpg","type":"image\/jpeg"}],"twitter_card":"summary_large_image","twitter_site":"@TourTravel_More","twitter_misc":{"Tiempo de lectura":"2 minutos"},"schema":{"@context":"https:\/\/schema.org","@graph":[{"@type":"WebPage","@id":"https:\/\/tourtravelandmore.com\/es\/tours\/austria-es\/salzburgo-es\/traslado-privado-salzburgo-desde-aeropuerto-estacion-o-cualquier-lugar\/","url":"https:\/\/tourtravelandmore.com\/es\/tours\/austria-es\/salzburgo-es\/traslado-privado-salzburgo-desde-aeropuerto-estacion-o-cualquier-lugar\/","name":"\u27a1\ufe0f traslado privado Salzburgo desde Aeropuerto\/Estaci\u00f3n o cualquier lugar | Tour Travel & More","isPartOf":{"@id":"https:\/\/tourtravelandmore.com\/es\/#website"},"primaryImageOfPage":{"@id":"https:\/\/tourtravelandmore.com\/es\/tours\/austria-es\/salzburgo-es\/traslado-privado-salzburgo-desde-aeropuerto-estacion-o-cualquier-lugar\/#primaryimage"},"image":{"@id":"https:\/\/tourtravelandmore.com\/es\/tours\/austria-es\/salzburgo-es\/traslado-privado-salzburgo-desde-aeropuerto-estacion-o-cualquier-lugar\/#primaryimage"},"thumbnailUrl":"https:\/\/tourtravelandmore.com\/wp-content\/uploads\/2016\/10\/transfer-airport-barcelona.jpg","datePublished":"2019-09-26T12:47:52+00:00","dateModified":"2023-06-17T02:43:32+00:00","description":"Le ofrecemos la manera m\u00e1s r\u00e1pida y relajante de llegar a su destino con nuestro traslado privado Salzburgo. Coches y minivans privados \u2705","breadcrumb":{"@id":"https:\/\/tourtravelandmore.com\/es\/tours\/austria-es\/salzburgo-es\/traslado-privado-salzburgo-desde-aeropuerto-estacion-o-cualquier-lugar\/#breadcrumb"},"inLanguage":"es","potentialAction":[{"@type":"ReadAction","target":["https:\/\/tourtravelandmore.com\/es\/tours\/austria-es\/salzburgo-es\/traslado-privado-salzburgo-desde-aeropuerto-estacion-o-cualquier-lugar\/"]}]},{"@type":"ImageObject","inLanguage":"es","@id":"https:\/\/tourtravelandmore.com\/es\/tours\/austria-es\/salzburgo-es\/traslado-privado-salzburgo-desde-aeropuerto-estacion-o-cualquier-lugar\/#primaryimage","url":"https:\/\/tourtravelandmore.com\/wp-content\/uploads\/2016\/10\/transfer-airport-barcelona.jpg","contentUrl":"https:\/\/tourtravelandmore.com\/wp-content\/uploads\/2016\/10\/transfer-airport-barcelona.jpg","width":955,"height":636,"caption":"Transfer Prat Airport"},{"@type":"BreadcrumbList","@id":"https:\/\/tourtravelandmore.com\/es\/tours\/austria-es\/salzburgo-es\/traslado-privado-salzburgo-desde-aeropuerto-estacion-o-cualquier-lugar\/#breadcrumb","itemListElement":[{"@type":"ListItem","position":1,"name":"Home","item":"https:\/\/tourtravelandmore.com\/es\/"},{"@type":"ListItem","position":2,"name":"Tours","item":"https:\/\/tourtravelandmore.com\/es\/tours\/"},{"@type":"ListItem","position":3,"name":"Traslado privado hasta\/desde aeropuerto\/tren de Salzburgo"}]},{"@type":"WebSite","@id":"https:\/\/tourtravelandmore.com\/es\/#website","url":"https:\/\/tourtravelandmore.com\/es\/","name":"Tour Travel And More","description":"Private sightseeing tours and luxury transfers in Spain","publisher":{"@id":"https:\/\/tourtravelandmore.com\/es\/#organization"},"potentialAction":[{"@type":"SearchAction","target":{"@type":"EntryPoint","urlTemplate":"https:\/\/tourtravelandmore.com\/es\/?s={search_term_string}"},"query-input":{"@type":"PropertyValueSpecification","valueRequired":true,"valueName":"search_term_string"}}],"inLanguage":"es"},{"@type":"Organization","@id":"https:\/\/tourtravelandmore.com\/es\/#organization","name":"Tour Travel And More","url":"https:\/\/tourtravelandmore.com\/es\/","logo":{"@type":"ImageObject","inLanguage":"es","@id":"https:\/\/tourtravelandmore.com\/es\/#\/schema\/logo\/image\/","url":"https:\/\/tourtravelandmore.com\/wp-content\/uploads\/2022\/12\/cropped-logo-cabecera-new.png","contentUrl":"https:\/\/tourtravelandmore.com\/wp-content\/uploads\/2022\/12\/cropped-logo-cabecera-new.png","width":430,"height":61,"caption":"Tour Travel And More"},"image":{"@id":"https:\/\/tourtravelandmore.com\/es\/#\/schema\/logo\/image\/"},"sameAs":["https:\/\/www.facebook.com\/tourtravelandmore\/","https:\/\/x.com\/TourTravel_More"]}]}},"_links":{"self":[{"href":"https:\/\/tourtravelandmore.com\/es\/wp-json\/wp\/v2\/product\/67123","targetHints":{"allow":["GET"]}}],"collection":[{"href":"https:\/\/tourtravelandmore.com\/es\/wp-json\/wp\/v2\/product"}],"about":[{"href":"https:\/\/tourtravelandmore.com\/es\/wp-json\/wp\/v2\/types\/product"}],"replies":[{"embeddable":true,"href":"https:\/\/tourtravelandmore.com\/es\/wp-json\/wp\/v2\/comments?post=67123"}],"wp:featuredmedia":[{"embeddable":true,"href":"https:\/\/tourtravelandmore.com\/es\/wp-json\/wp\/v2\/media\/8097"}],"wp:attachment":[{"href":"https:\/\/tourtravelandmore.com\/es\/wp-json\/wp\/v2\/media?parent=67123"}],"wp:term":[{"taxonomy":"product_brand","embeddable":true,"href":"https:\/\/tourtravelandmore.com\/es\/wp-json\/wp\/v2\/product_brand?post=67123"},{"taxonomy":"product_cat","embeddable":true,"href":"https:\/\/tourtravelandmore.com\/es\/wp-json\/wp\/v2\/product_cat?post=67123"},{"taxonomy":"product_tag","embeddable":true,"href":"https:\/\/tourtravelandmore.com\/es\/wp-json\/wp\/v2\/product_tag?post=67123"}],"curies":[{"name":"wp","href":"https:\/\/api.w.org\/{rel}","templated":true}]}}