{"id":67113,"date":"2019-09-26T14:47:41","date_gmt":"2019-09-26T12:47:42","guid":{"rendered":"https:\/\/tourtravelandmore.com\/?post_type=product&#038;p=67113"},"modified":"2023-06-17T04:43:20","modified_gmt":"2023-06-17T02:43:20","slug":"tour-privado-salzburgo-con-guia-oficial-y-vehiculo-con-chofer","status":"publish","type":"product","link":"https:\/\/tourtravelandmore.com\/es\/tours\/austria-es\/salzburgo-es\/tour-privado-salzburgo-con-guia-oficial-y-vehiculo-con-chofer\/","title":{"rendered":"Tour Privado Salzburgo con gu\u00eda y vehiculo"},"content":{"rendered":"<h2>Descripci\u00f3n del Tour Privado Salzburgo con gu\u00eda y vehiculo<\/h2>\n<p>Disfrute de un tour privado Salzburgo con gu\u00eda y veh\u00edculo privado. Descubre el casco antiguo de <strong>Salzburgo<\/strong>, sus numerosas iglesias y sus maravillosas vistas hist\u00f3ricas durante este <strong>tour privado <\/strong><strong>Salzburgo, <\/strong>c\u00f3modamente en su veh\u00edculo privado de lujo con chofer y conozca lo m\u00e1s importante de la ciudad.<\/p>\n<p>Nos encontraremos en su hotel o lugar de su elecci\u00f3n, junto a su gu\u00eda oficial privado y veh\u00edculo, donde comenzar\u00e1 su tour privado. En Salzburgo. Al ser un tour privado pueden escoger la hora y lugar de comienzo.<\/p>\n<p>La duraci\u00f3n de este tour privado Salzburgo es de 4 Horas.<\/p>\n<p>Descubriremos el impresionante estilo medieval de la arquitectura de la ciudad, donde su primera parada ser\u00e1 el Palacio y Jardines de Mirabell, ubicado al norte del r\u00edo Salzach, que alberga la oficina del alcalde de Salzburgo.<\/p>\n<p>Continuamos nuestro recorrido por debajo del acantilado de la colina M\u00f6nchsberg, donde se encuentra el m\u00e1s grande de los dos ba\u00f1os de caballos medievales sobrevivientes.<\/p>\n<p>En el casco antiguo de Salzburgo visitaremos la Residenzplatz y la iglesia y el cementerio de San Pedro.<\/p>\n<p>Caminando por las viejas calles, conoceremos el convento de Nonnberg, el convento de monjas m\u00e1s antiguo que existe en el mundo de habla alemana. Y finalmente nuestro \u00faltimo sitio ser\u00e1 el Castillo de Leopoldskron, una mansi\u00f3n rococ\u00f3 construida a orillas del lago Leopoldskroner Weiher en la parte sur de Salzburgo.<\/p>\n<h2>Puntos de inter\u00e9s en el Tour Privado Salzburgo con gu\u00eda y vehiculo<\/h2>\n<p>Durante su recorrido privado descubrir\u00e1 algunos de los sitios m\u00e1s emblem\u00e1ticos de Salzburgo.<\/p>\n<p>Una vez que comenzamos su tour privado en Salzburgo, le ofrecemos visitar estos lugares:<\/p>\n<ul>\n<li><strong>Palacio y jardines de Mirabell<\/strong><\/li>\n<li><strong>Terraza Winkler<\/strong><\/li>\n<li><strong>Ba\u00f1o de caballos, Pferdeschwemme<\/strong><\/li>\n<li><strong>Complejo de salas de festivales de Salzburgo<\/strong><\/li>\n<li><strong>Iglesia y cementerio de San Pedro<\/strong><\/li>\n<li><strong>Residenzplatz<\/strong><\/li>\n<li><strong>Mozartsteg<\/strong><\/li>\n<li><strong>Convento de Nonnberg<\/strong><\/li>\n<li><strong>Castillo Leopoldskron<\/strong><\/li>\n<li>Y muchos m\u00e1s lugares en este tour privado de Salzburgo.<\/li>\n<\/ul>\n<p>Si dispone de m\u00e1s d\u00edas en la ciudad de <strong>Salzburgo<\/strong>, puedes consultar <a href=\"https:\/\/tourtravelandmore.com\/es\/ciudad\/austria-es\/salzburgo-es\/\"><strong>aqu\u00ed<\/strong><\/a>, el resto de tours privados de la ciudad.<\/p>\n","protected":false},"excerpt":{"rendered":"<p>Venga con nosotros a este <strong>tour privado personalizable <\/strong>\u00a0y disfrute del <strong>casco antiguo de Salzburgo\u00a0<\/strong>y sus monumentos y lugares de inter\u00e9s m\u00e1s importantes. No se pierda la oportunidad de conocer la ciudad y su parque y todo lo que tienen para ofrecer junto a su gu\u00eda tur\u00edstico oficial privado, c\u00f3modamente en su veh\u00edculo privado de lujo con un chofer separado.<\/p>\n","protected":false},"featured_media":67235,"comment_status":"open","ping_status":"closed","template":"","meta":{"_acf_changed":false},"product_brand":[],"product_cat":[1422,1430,1429],"product_tag":[],"class_list":{"0":"post-67113","1":"product","2":"type-product","3":"status-publish","4":"has-post-thumbnail","6":"product_cat-salzburgo-es","7":"product_cat-salzburgo-actividades-es","8":"product_cat-salzburgo-rutas-turisticas-privadas-es","10":"first","11":"instock","12":"shipping-taxable","13":"purchasable","14":"product-type-simple"},"acf":[],"yoast_head":"<!-- This site is optimized with the Yoast SEO Premium plugin v25.3.1 (Yoast SEO v25.3.1) - https:\/\/yoast.com\/wordpress\/plugins\/seo\/ -->\n<title>\u27a1\ufe0f Tour privado salzburgo con gu\u00eda oficial y vehiculo con chofer | Tour Travel &amp; More<\/title>\n<meta name=\"description\" content=\"Reserva este Tour privado salzburgo con gu\u00eda oficial y vehiculo con chofer, para descubrir una de las ciudades medievales m\u00e1s bonitas \u2705\" \/>\n<meta name=\"robots\" content=\"index, follow, max-snippet:-1, max-image-preview:large, max-video-preview:-1\" \/>\n<link rel=\"canonical\" href=\"https:\/\/tourtravelandmore.com\/es\/tours\/austria-es\/salzburgo-es\/tour-privado-salzburgo-con-guia-oficial-y-vehiculo-con-chofer\/\" \/>\n<meta property=\"og:locale\" content=\"es_ES\" \/>\n<meta property=\"og:type\" content=\"article\" \/>\n<meta property=\"og:title\" content=\"Tour Privado Salzburgo con gu\u00eda y vehiculo\" \/>\n<meta property=\"og:description\" content=\"Reserva este Tour privado salzburgo con gu\u00eda oficial y vehiculo con chofer, para descubrir una de las ciudades medievales m\u00e1s bonitas \u2705\" \/>\n<meta property=\"og:url\" content=\"https:\/\/tourtravelandmore.com\/es\/tours\/austria-es\/salzburgo-es\/tour-privado-salzburgo-con-guia-oficial-y-vehiculo-con-chofer\/\" \/>\n<meta property=\"og:site_name\" content=\"Tour Travel And More\" \/>\n<meta property=\"article:publisher\" content=\"https:\/\/www.facebook.com\/tourtravelandmore\/\" \/>\n<meta property=\"article:modified_time\" content=\"2023-06-17T02:43:20+00:00\" \/>\n<meta property=\"og:image\" content=\"https:\/\/tourtravelandmore.com\/wp-content\/uploads\/2019\/09\/salzburg-1.jpg\" \/>\n\t<meta property=\"og:image:width\" content=\"1023\" \/>\n\t<meta property=\"og:image:height\" content=\"685\" \/>\n\t<meta property=\"og:image:type\" content=\"image\/jpeg\" \/>\n<meta name=\"twitter:card\" content=\"summary_large_image\" \/>\n<meta name=\"twitter:site\" content=\"@TourTravel_More\" \/>\n<meta name=\"twitter:label1\" content=\"Tiempo de lectura\" \/>\n\t<meta name=\"twitter:data1\" content=\"2 minutos\" \/>\n<script type=\"application\/ld+json\" class=\"yoast-schema-graph\">{\"@context\":\"https:\/\/schema.org\",\"@graph\":[{\"@type\":\"WebPage\",\"@id\":\"https:\/\/tourtravelandmore.com\/es\/tours\/austria-es\/salzburgo-es\/tour-privado-salzburgo-con-guia-oficial-y-vehiculo-con-chofer\/\",\"url\":\"https:\/\/tourtravelandmore.com\/es\/tours\/austria-es\/salzburgo-es\/tour-privado-salzburgo-con-guia-oficial-y-vehiculo-con-chofer\/\",\"name\":\"\u27a1\ufe0f Tour privado salzburgo con gu\u00eda oficial y vehiculo con chofer | Tour Travel & More\",\"isPartOf\":{\"@id\":\"https:\/\/tourtravelandmore.com\/es\/#website\"},\"primaryImageOfPage\":{\"@id\":\"https:\/\/tourtravelandmore.com\/es\/tours\/austria-es\/salzburgo-es\/tour-privado-salzburgo-con-guia-oficial-y-vehiculo-con-chofer\/#primaryimage\"},\"image\":{\"@id\":\"https:\/\/tourtravelandmore.com\/es\/tours\/austria-es\/salzburgo-es\/tour-privado-salzburgo-con-guia-oficial-y-vehiculo-con-chofer\/#primaryimage\"},\"thumbnailUrl\":\"https:\/\/tourtravelandmore.com\/wp-content\/uploads\/2019\/09\/salzburg-1.jpg\",\"datePublished\":\"2019-09-26T12:47:42+00:00\",\"dateModified\":\"2023-06-17T02:43:20+00:00\",\"description\":\"Reserva este Tour privado salzburgo con gu\u00eda oficial y vehiculo con chofer, para descubrir una de las ciudades medievales m\u00e1s bonitas \u2705\",\"breadcrumb\":{\"@id\":\"https:\/\/tourtravelandmore.com\/es\/tours\/austria-es\/salzburgo-es\/tour-privado-salzburgo-con-guia-oficial-y-vehiculo-con-chofer\/#breadcrumb\"},\"inLanguage\":\"es\",\"potentialAction\":[{\"@type\":\"ReadAction\",\"target\":[\"https:\/\/tourtravelandmore.com\/es\/tours\/austria-es\/salzburgo-es\/tour-privado-salzburgo-con-guia-oficial-y-vehiculo-con-chofer\/\"]}]},{\"@type\":\"ImageObject\",\"inLanguage\":\"es\",\"@id\":\"https:\/\/tourtravelandmore.com\/es\/tours\/austria-es\/salzburgo-es\/tour-privado-salzburgo-con-guia-oficial-y-vehiculo-con-chofer\/#primaryimage\",\"url\":\"https:\/\/tourtravelandmore.com\/wp-content\/uploads\/2019\/09\/salzburg-1.jpg\",\"contentUrl\":\"https:\/\/tourtravelandmore.com\/wp-content\/uploads\/2019\/09\/salzburg-1.jpg\",\"width\":1023,\"height\":685,\"caption\":\"Maribell palace\"},{\"@type\":\"BreadcrumbList\",\"@id\":\"https:\/\/tourtravelandmore.com\/es\/tours\/austria-es\/salzburgo-es\/tour-privado-salzburgo-con-guia-oficial-y-vehiculo-con-chofer\/#breadcrumb\",\"itemListElement\":[{\"@type\":\"ListItem\",\"position\":1,\"name\":\"Home\",\"item\":\"https:\/\/tourtravelandmore.com\/es\/\"},{\"@type\":\"ListItem\",\"position\":2,\"name\":\"Tours\",\"item\":\"https:\/\/tourtravelandmore.com\/es\/tours\/\"},{\"@type\":\"ListItem\",\"position\":3,\"name\":\"Tour Privado Salzburgo con gu\u00eda y vehiculo\"}]},{\"@type\":\"WebSite\",\"@id\":\"https:\/\/tourtravelandmore.com\/es\/#website\",\"url\":\"https:\/\/tourtravelandmore.com\/es\/\",\"name\":\"Tour Travel And More\",\"description\":\"Private sightseeing tours and luxury transfers in Spain\",\"publisher\":{\"@id\":\"https:\/\/tourtravelandmore.com\/es\/#organization\"},\"potentialAction\":[{\"@type\":\"SearchAction\",\"target\":{\"@type\":\"EntryPoint\",\"urlTemplate\":\"https:\/\/tourtravelandmore.com\/es\/?s={search_term_string}\"},\"query-input\":{\"@type\":\"PropertyValueSpecification\",\"valueRequired\":true,\"valueName\":\"search_term_string\"}}],\"inLanguage\":\"es\"},{\"@type\":\"Organization\",\"@id\":\"https:\/\/tourtravelandmore.com\/es\/#organization\",\"name\":\"Tour Travel And More\",\"url\":\"https:\/\/tourtravelandmore.com\/es\/\",\"logo\":{\"@type\":\"ImageObject\",\"inLanguage\":\"es\",\"@id\":\"https:\/\/tourtravelandmore.com\/es\/#\/schema\/logo\/image\/\",\"url\":\"https:\/\/tourtravelandmore.com\/wp-content\/uploads\/2022\/12\/cropped-logo-cabecera-new.png\",\"contentUrl\":\"https:\/\/tourtravelandmore.com\/wp-content\/uploads\/2022\/12\/cropped-logo-cabecera-new.png\",\"width\":430,\"height\":61,\"caption\":\"Tour Travel And More\"},\"image\":{\"@id\":\"https:\/\/tourtravelandmore.com\/es\/#\/schema\/logo\/image\/\"},\"sameAs\":[\"https:\/\/www.facebook.com\/tourtravelandmore\/\",\"https:\/\/x.com\/TourTravel_More\"]}]}<\/script>\n<!-- \/ Yoast SEO Premium plugin. -->","yoast_head_json":{"title":"\u27a1\ufe0f Tour privado salzburgo con gu\u00eda oficial y vehiculo con chofer | Tour Travel & More","description":"Reserva este Tour privado salzburgo con gu\u00eda oficial y vehiculo con chofer, para descubrir una de las ciudades medievales m\u00e1s bonitas \u2705","robots":{"index":"index","follow":"follow","max-snippet":"max-snippet:-1","max-image-preview":"max-image-preview:large","max-video-preview":"max-video-preview:-1"},"canonical":"https:\/\/tourtravelandmore.com\/es\/tours\/austria-es\/salzburgo-es\/tour-privado-salzburgo-con-guia-oficial-y-vehiculo-con-chofer\/","og_locale":"es_ES","og_type":"article","og_title":"Tour Privado Salzburgo con gu\u00eda y vehiculo","og_description":"Reserva este Tour privado salzburgo con gu\u00eda oficial y vehiculo con chofer, para descubrir una de las ciudades medievales m\u00e1s bonitas \u2705","og_url":"https:\/\/tourtravelandmore.com\/es\/tours\/austria-es\/salzburgo-es\/tour-privado-salzburgo-con-guia-oficial-y-vehiculo-con-chofer\/","og_site_name":"Tour Travel And More","article_publisher":"https:\/\/www.facebook.com\/tourtravelandmore\/","article_modified_time":"2023-06-17T02:43:20+00:00","og_image":[{"width":1023,"height":685,"url":"https:\/\/tourtravelandmore.com\/wp-content\/uploads\/2019\/09\/salzburg-1.jpg","type":"image\/jpeg"}],"twitter_card":"summary_large_image","twitter_site":"@TourTravel_More","twitter_misc":{"Tiempo de lectura":"2 minutos"},"schema":{"@context":"https:\/\/schema.org","@graph":[{"@type":"WebPage","@id":"https:\/\/tourtravelandmore.com\/es\/tours\/austria-es\/salzburgo-es\/tour-privado-salzburgo-con-guia-oficial-y-vehiculo-con-chofer\/","url":"https:\/\/tourtravelandmore.com\/es\/tours\/austria-es\/salzburgo-es\/tour-privado-salzburgo-con-guia-oficial-y-vehiculo-con-chofer\/","name":"\u27a1\ufe0f Tour privado salzburgo con gu\u00eda oficial y vehiculo con chofer | Tour Travel & More","isPartOf":{"@id":"https:\/\/tourtravelandmore.com\/es\/#website"},"primaryImageOfPage":{"@id":"https:\/\/tourtravelandmore.com\/es\/tours\/austria-es\/salzburgo-es\/tour-privado-salzburgo-con-guia-oficial-y-vehiculo-con-chofer\/#primaryimage"},"image":{"@id":"https:\/\/tourtravelandmore.com\/es\/tours\/austria-es\/salzburgo-es\/tour-privado-salzburgo-con-guia-oficial-y-vehiculo-con-chofer\/#primaryimage"},"thumbnailUrl":"https:\/\/tourtravelandmore.com\/wp-content\/uploads\/2019\/09\/salzburg-1.jpg","datePublished":"2019-09-26T12:47:42+00:00","dateModified":"2023-06-17T02:43:20+00:00","description":"Reserva este Tour privado salzburgo con gu\u00eda oficial y vehiculo con chofer, para descubrir una de las ciudades medievales m\u00e1s bonitas \u2705","breadcrumb":{"@id":"https:\/\/tourtravelandmore.com\/es\/tours\/austria-es\/salzburgo-es\/tour-privado-salzburgo-con-guia-oficial-y-vehiculo-con-chofer\/#breadcrumb"},"inLanguage":"es","potentialAction":[{"@type":"ReadAction","target":["https:\/\/tourtravelandmore.com\/es\/tours\/austria-es\/salzburgo-es\/tour-privado-salzburgo-con-guia-oficial-y-vehiculo-con-chofer\/"]}]},{"@type":"ImageObject","inLanguage":"es","@id":"https:\/\/tourtravelandmore.com\/es\/tours\/austria-es\/salzburgo-es\/tour-privado-salzburgo-con-guia-oficial-y-vehiculo-con-chofer\/#primaryimage","url":"https:\/\/tourtravelandmore.com\/wp-content\/uploads\/2019\/09\/salzburg-1.jpg","contentUrl":"https:\/\/tourtravelandmore.com\/wp-content\/uploads\/2019\/09\/salzburg-1.jpg","width":1023,"height":685,"caption":"Maribell palace"},{"@type":"BreadcrumbList","@id":"https:\/\/tourtravelandmore.com\/es\/tours\/austria-es\/salzburgo-es\/tour-privado-salzburgo-con-guia-oficial-y-vehiculo-con-chofer\/#breadcrumb","itemListElement":[{"@type":"ListItem","position":1,"name":"Home","item":"https:\/\/tourtravelandmore.com\/es\/"},{"@type":"ListItem","position":2,"name":"Tours","item":"https:\/\/tourtravelandmore.com\/es\/tours\/"},{"@type":"ListItem","position":3,"name":"Tour Privado Salzburgo con gu\u00eda y vehiculo"}]},{"@type":"WebSite","@id":"https:\/\/tourtravelandmore.com\/es\/#website","url":"https:\/\/tourtravelandmore.com\/es\/","name":"Tour Travel And More","description":"Private sightseeing tours and luxury transfers in Spain","publisher":{"@id":"https:\/\/tourtravelandmore.com\/es\/#organization"},"potentialAction":[{"@type":"SearchAction","target":{"@type":"EntryPoint","urlTemplate":"https:\/\/tourtravelandmore.com\/es\/?s={search_term_string}"},"query-input":{"@type":"PropertyValueSpecification","valueRequired":true,"valueName":"search_term_string"}}],"inLanguage":"es"},{"@type":"Organization","@id":"https:\/\/tourtravelandmore.com\/es\/#organization","name":"Tour Travel And More","url":"https:\/\/tourtravelandmore.com\/es\/","logo":{"@type":"ImageObject","inLanguage":"es","@id":"https:\/\/tourtravelandmore.com\/es\/#\/schema\/logo\/image\/","url":"https:\/\/tourtravelandmore.com\/wp-content\/uploads\/2022\/12\/cropped-logo-cabecera-new.png","contentUrl":"https:\/\/tourtravelandmore.com\/wp-content\/uploads\/2022\/12\/cropped-logo-cabecera-new.png","width":430,"height":61,"caption":"Tour Travel And More"},"image":{"@id":"https:\/\/tourtravelandmore.com\/es\/#\/schema\/logo\/image\/"},"sameAs":["https:\/\/www.facebook.com\/tourtravelandmore\/","https:\/\/x.com\/TourTravel_More"]}]}},"_links":{"self":[{"href":"https:\/\/tourtravelandmore.com\/es\/wp-json\/wp\/v2\/product\/67113","targetHints":{"allow":["GET"]}}],"collection":[{"href":"https:\/\/tourtravelandmore.com\/es\/wp-json\/wp\/v2\/product"}],"about":[{"href":"https:\/\/tourtravelandmore.com\/es\/wp-json\/wp\/v2\/types\/product"}],"replies":[{"embeddable":true,"href":"https:\/\/tourtravelandmore.com\/es\/wp-json\/wp\/v2\/comments?post=67113"}],"wp:featuredmedia":[{"embeddable":true,"href":"https:\/\/tourtravelandmore.com\/es\/wp-json\/wp\/v2\/media\/67235"}],"wp:attachment":[{"href":"https:\/\/tourtravelandmore.com\/es\/wp-json\/wp\/v2\/media?parent=67113"}],"wp:term":[{"taxonomy":"product_brand","embeddable":true,"href":"https:\/\/tourtravelandmore.com\/es\/wp-json\/wp\/v2\/product_brand?post=67113"},{"taxonomy":"product_cat","embeddable":true,"href":"https:\/\/tourtravelandmore.com\/es\/wp-json\/wp\/v2\/product_cat?post=67113"},{"taxonomy":"product_tag","embeddable":true,"href":"https:\/\/tourtravelandmore.com\/es\/wp-json\/wp\/v2\/product_tag?post=67113"}],"curies":[{"name":"wp","href":"https:\/\/api.w.org\/{rel}","templated":true}]}}