{"id":67036,"date":"2019-09-25T01:31:51","date_gmt":"2019-09-24T23:31:51","guid":{"rendered":"https:\/\/tourtravelandmore.com\/?post_type=product&#038;p=67036"},"modified":"2023-08-14T09:06:28","modified_gmt":"2023-08-14T07:06:28","slug":"excursion-de-dia-completo-a-budapest-desde-bratislava","status":"publish","type":"product","link":"https:\/\/tourtravelandmore.com\/es\/tours\/eslovaquia-es\/bratislava-es\/excursion-de-dia-completo-a-budapest-desde-bratislava\/","title":{"rendered":"Excursi\u00f3n de d\u00eda completo a Budapest desde Bratislava"},"content":{"rendered":"<h2>Descripci\u00f3n de la Excursi\u00f3n de d\u00eda completo a Budapest desde Bratislava<\/h2>\n<p>Disfrute de esta <strong>excursi\u00f3n privada <\/strong>de 12 horas a la encantadora ciudad de<strong> Budapest <\/strong>desde <b>Bratislava <\/b>junto con su <strong>gu\u00eda oficial privado<\/strong> y conozca lo mejor de lo que <strong>Budapest<\/strong>\u00a0tiene para ofrecer en esta <strong>excursi\u00f3n privada<\/strong>.<\/p>\n<p>Disfruta de la flexibilidad de esta excursi\u00f3n donde podemos concentrarnos en los lugares que m\u00e1s te interesan y conocer los lugares m\u00e1s emblem\u00e1ticos de Budapest. Una vez en Budapest, se encontrar\u00e1 con su gu\u00eda oficial que le mostrar\u00e1 lo mejor de la ciudad.<\/p>\n<p>Puede personalizar cada recorrido con solo contactarnos. Aqu\u00ed hay un ejemplo de algunos de los lugares m\u00e1s importantes, pero su excursi\u00f3n se puede personalizar completamente para satisfacer sus necesidades exactas. Le ayudaremos a organizar su experiencia completamente personalizada y \u00fanica.<\/p>\n<p>Su recorrido est\u00e1 planeado para ser de 12 horas. Siempre podemos ofrecer recorridos m\u00e1s largos o cortos si lo desea. El n\u00famero exacto de horas se puede modificar. Estamos aqu\u00ed para hacer que su experiencia sea \u00fanica y memorable.<\/p>\n<h2>Principales puntos de inter\u00e9s durante este tour privado<\/h2>\n<p>Durante vuestra excursi\u00f3n privada, podr\u00e9is ver entre otros monumentos, los siguientes:<\/p>\n<ul>\n<li><strong>Centro de la ciudad de Pest<\/strong><\/li>\n<li><strong>Iglesia de Mat\u00edas<\/strong><\/li>\n<li><strong>Cerro Gell\u00e9rt<\/strong><\/li>\n<li><strong>Distrito del castillo<\/strong><\/li>\n<li><strong>Mercado Central<\/strong><\/li>\n<li><strong>Antiguo palacio real<\/strong><\/li>\n<li><strong>Avenida Andrassy<\/strong><\/li>\n<li><strong>Parlamento<\/strong><\/li>\n<li><strong>Bas\u00edlica de San Esteban<\/strong><\/li>\n<li><strong>Sinagoga<\/strong><\/li>\n<li><strong>Teatro de la \u00d3pera<\/strong><\/li>\n<li>Y muchos m\u00e1s lugares de inter\u00e9s en esta excursi\u00f3n privada por Bratislava.<\/li>\n<\/ul>\n<p>Puedes disfrutar de este tour privado de Bratislava junto a tu gu\u00eda oficial. Podemos agregar su eliminar cualquier monumento o sitio que no quiera ver o que ya no haya visto.<br \/>\nComo dijimos antes, podemos organizar la duraci\u00f3n exacta para que el recorrido se ajuste a sus necesidades personales. Podemos ofrecer horas extra o como desee. Por favor, h\u00e1ganos saber cu\u00e1nto tiempo le gustar\u00eda realizar su tour privado.<\/p>\n<p>Cada gu\u00eda es un gu\u00eda tur\u00edstico oficial de Bratislava con gran conocimiento de la ciudad y su historia. Su veh\u00edculo privado es un veh\u00edculo de lujo privado, un Mercedes Benz Clase E, Viano o Vito, cada uno con un chofer separado para garantizar la atenci\u00f3n de sus gu\u00edas tur\u00edsticos oficiales durante todo el recorrido.<br \/>\nCuando finalice el recorrido, su gu\u00eda tur\u00edstico privado y chofer con veh\u00edculo lo llevar\u00e1n de regreso a su hotel o lugar de elecci\u00f3n en Bratislava.<\/p>\n<h4>La Ciudad: Budapest<\/h4>\n<p>Habitada desde los tiempos romanos, Budapest (conocida como la Par\u00eds del Este) finalmente reuni\u00f3 sus 3 ciudades en 1873 (Buda, Pest y \u00d3buda) cuando el Museo Nacional de Hungria y el puente conectaron las dos costas del Danubio.<br \/>\nDurante la Segunda Guerra Mundial la ciudad fue devastada, pero de alg\u00fan modo pudo sobreponerse a la adversidad, convirtiendose en una ciudad majestuosa.<br \/>\nCuando usted visite Budapest descubrir\u00e1 una diversidad arquitect\u00f3nica y cultural, a\u00fan se pueden ver vestigios de la guerra en muchos de sus edificios, as\u00ed como tambi\u00e9n puede apreciarse edificaciones de estilo barroco, Art Nouveau, romanos, otomanos y m\u00e1s!<\/p>\n<h4>Nuestros Tours Privados en Tour Travel &amp; More<\/h4>\n<p>Ofrecemos a nuestros clientes tours privados para familias, amigos e incluso para incentivos o grupos grandes. Entendemos las necesidades de los viajeros mientras est\u00e1n de vacaciones, y hacemos todo lo posible para que su estancia sea inolvidable. Nuestra flota se compone de veh\u00edculos de lujo y nuestro personal es perfectamente multiling\u00fce. Nuestros gu\u00edas son gu\u00edas oficiales y locales y son grandes conocedores de la ciudad. Nuestros gu\u00edas hablan varios idiomas: <strong>Ingl\u00e9s, Espa\u00f1ol, Franc\u00e9s, Italiano, Polaco, Holand\u00e9s, Chino, Ruso, Japon\u00e9s, Alem\u00e1n, Griego y Portugu\u00e9s.<\/strong><\/p>\n","protected":false},"excerpt":{"rendered":"<p>Aproveche al m\u00e1ximo sus d\u00edas en <strong>Bratislava<\/strong> y disfrute esta <strong>excursi\u00f3n privada de 12 horas a la ciudad de<\/strong> <strong>Budapest<\/strong>. Tome esta oportunidad para conocer y disfrutar de <strong>Budapest<\/strong> con un gu\u00eda oficial local. Disfrute de los monumentos y zonas m\u00e1s emblem\u00e1ticas tales como: <strong>El Parlamento<\/strong>, <strong>Mercado Central<\/strong>,\u00a0<strong>Bas\u00edlica de San Esteban <\/strong>y mucho mas!.<\/p>\n<p>&nbsp;<\/p>\n","protected":false},"featured_media":25575,"comment_status":"open","ping_status":"closed","template":"","meta":{"_acf_changed":false},"product_brand":[],"product_cat":[1613,1415,1482,1418],"product_tag":[],"class_list":{"0":"post-67036","1":"product","2":"type-product","3":"status-publish","4":"has-post-thumbnail","6":"product_cat-eslovaquia-es","7":"product_cat-bratislava-es","8":"product_cat-oslo-actividades-es","9":"product_cat-bratislava-excursiones-es","11":"first","12":"instock","13":"shipping-taxable","14":"purchasable","15":"product-type-simple"},"acf":[],"yoast_head":"<!-- This site is optimized with the Yoast SEO Premium plugin v25.3.1 (Yoast SEO v25.3.1) - https:\/\/yoast.com\/wordpress\/plugins\/seo\/ -->\n<title>\u27a1\ufe0f Excursi\u00f3n privada por Budapest desde Bratislava | Tour Travel &amp; More<\/title>\n<meta name=\"description\" content=\"Excursi\u00f3n privada de Budapest desde Bratislava. Disfrute de la ciudad de Budapest desde Bratislava y conozca sus monumentos y paisajes emblem\u00e1ticos \u2705\" \/>\n<meta name=\"robots\" content=\"index, follow, max-snippet:-1, max-image-preview:large, max-video-preview:-1\" \/>\n<link rel=\"canonical\" href=\"https:\/\/tourtravelandmore.com\/es\/tours\/eslovaquia-es\/bratislava-es\/excursion-de-dia-completo-a-budapest-desde-bratislava\/\" \/>\n<meta property=\"og:locale\" content=\"es_ES\" \/>\n<meta property=\"og:type\" content=\"article\" \/>\n<meta property=\"og:title\" content=\"Excursi\u00f3n de d\u00eda completo a Budapest desde Bratislava\" \/>\n<meta property=\"og:description\" content=\"Excursi\u00f3n privada de Budapest desde Bratislava. Disfrute de la ciudad de Budapest desde Bratislava y conozca sus monumentos y paisajes emblem\u00e1ticos \u2705\" \/>\n<meta property=\"og:url\" content=\"https:\/\/tourtravelandmore.com\/es\/tours\/eslovaquia-es\/bratislava-es\/excursion-de-dia-completo-a-budapest-desde-bratislava\/\" \/>\n<meta property=\"og:site_name\" content=\"Tour Travel And More\" \/>\n<meta property=\"article:publisher\" content=\"https:\/\/www.facebook.com\/tourtravelandmore\/\" \/>\n<meta property=\"article:modified_time\" content=\"2023-08-14T07:06:28+00:00\" \/>\n<meta property=\"og:image\" content=\"https:\/\/tourtravelandmore.com\/wp-content\/uploads\/2018\/08\/budapest.jpg\" \/>\n\t<meta property=\"og:image:width\" content=\"1024\" \/>\n\t<meta property=\"og:image:height\" content=\"614\" \/>\n\t<meta property=\"og:image:type\" content=\"image\/jpeg\" \/>\n<meta name=\"twitter:card\" content=\"summary_large_image\" \/>\n<meta name=\"twitter:site\" content=\"@TourTravel_More\" \/>\n<meta name=\"twitter:label1\" content=\"Tiempo de lectura\" \/>\n\t<meta name=\"twitter:data1\" content=\"3 minutos\" \/>\n<script type=\"application\/ld+json\" class=\"yoast-schema-graph\">{\"@context\":\"https:\/\/schema.org\",\"@graph\":[{\"@type\":\"WebPage\",\"@id\":\"https:\/\/tourtravelandmore.com\/es\/tours\/eslovaquia-es\/bratislava-es\/excursion-de-dia-completo-a-budapest-desde-bratislava\/\",\"url\":\"https:\/\/tourtravelandmore.com\/es\/tours\/eslovaquia-es\/bratislava-es\/excursion-de-dia-completo-a-budapest-desde-bratislava\/\",\"name\":\"\u27a1\ufe0f Excursi\u00f3n privada por Budapest desde Bratislava | Tour Travel & More\",\"isPartOf\":{\"@id\":\"https:\/\/tourtravelandmore.com\/es\/#website\"},\"primaryImageOfPage\":{\"@id\":\"https:\/\/tourtravelandmore.com\/es\/tours\/eslovaquia-es\/bratislava-es\/excursion-de-dia-completo-a-budapest-desde-bratislava\/#primaryimage\"},\"image\":{\"@id\":\"https:\/\/tourtravelandmore.com\/es\/tours\/eslovaquia-es\/bratislava-es\/excursion-de-dia-completo-a-budapest-desde-bratislava\/#primaryimage\"},\"thumbnailUrl\":\"https:\/\/tourtravelandmore.com\/wp-content\/uploads\/2018\/08\/budapest.jpg\",\"datePublished\":\"2019-09-24T23:31:51+00:00\",\"dateModified\":\"2023-08-14T07:06:28+00:00\",\"description\":\"Excursi\u00f3n privada de Budapest desde Bratislava. Disfrute de la ciudad de Budapest desde Bratislava y conozca sus monumentos y paisajes emblem\u00e1ticos \u2705\",\"breadcrumb\":{\"@id\":\"https:\/\/tourtravelandmore.com\/es\/tours\/eslovaquia-es\/bratislava-es\/excursion-de-dia-completo-a-budapest-desde-bratislava\/#breadcrumb\"},\"inLanguage\":\"es\",\"potentialAction\":[{\"@type\":\"ReadAction\",\"target\":[\"https:\/\/tourtravelandmore.com\/es\/tours\/eslovaquia-es\/bratislava-es\/excursion-de-dia-completo-a-budapest-desde-bratislava\/\"]}]},{\"@type\":\"ImageObject\",\"inLanguage\":\"es\",\"@id\":\"https:\/\/tourtravelandmore.com\/es\/tours\/eslovaquia-es\/bratislava-es\/excursion-de-dia-completo-a-budapest-desde-bratislava\/#primaryimage\",\"url\":\"https:\/\/tourtravelandmore.com\/wp-content\/uploads\/2018\/08\/budapest.jpg\",\"contentUrl\":\"https:\/\/tourtravelandmore.com\/wp-content\/uploads\/2018\/08\/budapest.jpg\",\"width\":1024,\"height\":614},{\"@type\":\"BreadcrumbList\",\"@id\":\"https:\/\/tourtravelandmore.com\/es\/tours\/eslovaquia-es\/bratislava-es\/excursion-de-dia-completo-a-budapest-desde-bratislava\/#breadcrumb\",\"itemListElement\":[{\"@type\":\"ListItem\",\"position\":1,\"name\":\"Home\",\"item\":\"https:\/\/tourtravelandmore.com\/es\/\"},{\"@type\":\"ListItem\",\"position\":2,\"name\":\"Tours\",\"item\":\"https:\/\/tourtravelandmore.com\/es\/tours\/\"},{\"@type\":\"ListItem\",\"position\":3,\"name\":\"Excursi\u00f3n de d\u00eda completo a Budapest desde Bratislava\"}]},{\"@type\":\"WebSite\",\"@id\":\"https:\/\/tourtravelandmore.com\/es\/#website\",\"url\":\"https:\/\/tourtravelandmore.com\/es\/\",\"name\":\"Tour Travel And More\",\"description\":\"Private sightseeing tours and luxury transfers in Spain\",\"publisher\":{\"@id\":\"https:\/\/tourtravelandmore.com\/es\/#organization\"},\"potentialAction\":[{\"@type\":\"SearchAction\",\"target\":{\"@type\":\"EntryPoint\",\"urlTemplate\":\"https:\/\/tourtravelandmore.com\/es\/?s={search_term_string}\"},\"query-input\":{\"@type\":\"PropertyValueSpecification\",\"valueRequired\":true,\"valueName\":\"search_term_string\"}}],\"inLanguage\":\"es\"},{\"@type\":\"Organization\",\"@id\":\"https:\/\/tourtravelandmore.com\/es\/#organization\",\"name\":\"Tour Travel And More\",\"url\":\"https:\/\/tourtravelandmore.com\/es\/\",\"logo\":{\"@type\":\"ImageObject\",\"inLanguage\":\"es\",\"@id\":\"https:\/\/tourtravelandmore.com\/es\/#\/schema\/logo\/image\/\",\"url\":\"https:\/\/tourtravelandmore.com\/wp-content\/uploads\/2022\/12\/cropped-logo-cabecera-new.png\",\"contentUrl\":\"https:\/\/tourtravelandmore.com\/wp-content\/uploads\/2022\/12\/cropped-logo-cabecera-new.png\",\"width\":430,\"height\":61,\"caption\":\"Tour Travel And More\"},\"image\":{\"@id\":\"https:\/\/tourtravelandmore.com\/es\/#\/schema\/logo\/image\/\"},\"sameAs\":[\"https:\/\/www.facebook.com\/tourtravelandmore\/\",\"https:\/\/x.com\/TourTravel_More\"]}]}<\/script>\n<!-- \/ Yoast SEO Premium plugin. -->","yoast_head_json":{"title":"\u27a1\ufe0f Excursi\u00f3n privada por Budapest desde Bratislava | Tour Travel & More","description":"Excursi\u00f3n privada de Budapest desde Bratislava. Disfrute de la ciudad de Budapest desde Bratislava y conozca sus monumentos y paisajes emblem\u00e1ticos \u2705","robots":{"index":"index","follow":"follow","max-snippet":"max-snippet:-1","max-image-preview":"max-image-preview:large","max-video-preview":"max-video-preview:-1"},"canonical":"https:\/\/tourtravelandmore.com\/es\/tours\/eslovaquia-es\/bratislava-es\/excursion-de-dia-completo-a-budapest-desde-bratislava\/","og_locale":"es_ES","og_type":"article","og_title":"Excursi\u00f3n de d\u00eda completo a Budapest desde Bratislava","og_description":"Excursi\u00f3n privada de Budapest desde Bratislava. Disfrute de la ciudad de Budapest desde Bratislava y conozca sus monumentos y paisajes emblem\u00e1ticos \u2705","og_url":"https:\/\/tourtravelandmore.com\/es\/tours\/eslovaquia-es\/bratislava-es\/excursion-de-dia-completo-a-budapest-desde-bratislava\/","og_site_name":"Tour Travel And More","article_publisher":"https:\/\/www.facebook.com\/tourtravelandmore\/","article_modified_time":"2023-08-14T07:06:28+00:00","og_image":[{"width":1024,"height":614,"url":"https:\/\/tourtravelandmore.com\/wp-content\/uploads\/2018\/08\/budapest.jpg","type":"image\/jpeg"}],"twitter_card":"summary_large_image","twitter_site":"@TourTravel_More","twitter_misc":{"Tiempo de lectura":"3 minutos"},"schema":{"@context":"https:\/\/schema.org","@graph":[{"@type":"WebPage","@id":"https:\/\/tourtravelandmore.com\/es\/tours\/eslovaquia-es\/bratislava-es\/excursion-de-dia-completo-a-budapest-desde-bratislava\/","url":"https:\/\/tourtravelandmore.com\/es\/tours\/eslovaquia-es\/bratislava-es\/excursion-de-dia-completo-a-budapest-desde-bratislava\/","name":"\u27a1\ufe0f Excursi\u00f3n privada por Budapest desde Bratislava | Tour Travel & More","isPartOf":{"@id":"https:\/\/tourtravelandmore.com\/es\/#website"},"primaryImageOfPage":{"@id":"https:\/\/tourtravelandmore.com\/es\/tours\/eslovaquia-es\/bratislava-es\/excursion-de-dia-completo-a-budapest-desde-bratislava\/#primaryimage"},"image":{"@id":"https:\/\/tourtravelandmore.com\/es\/tours\/eslovaquia-es\/bratislava-es\/excursion-de-dia-completo-a-budapest-desde-bratislava\/#primaryimage"},"thumbnailUrl":"https:\/\/tourtravelandmore.com\/wp-content\/uploads\/2018\/08\/budapest.jpg","datePublished":"2019-09-24T23:31:51+00:00","dateModified":"2023-08-14T07:06:28+00:00","description":"Excursi\u00f3n privada de Budapest desde Bratislava. Disfrute de la ciudad de Budapest desde Bratislava y conozca sus monumentos y paisajes emblem\u00e1ticos \u2705","breadcrumb":{"@id":"https:\/\/tourtravelandmore.com\/es\/tours\/eslovaquia-es\/bratislava-es\/excursion-de-dia-completo-a-budapest-desde-bratislava\/#breadcrumb"},"inLanguage":"es","potentialAction":[{"@type":"ReadAction","target":["https:\/\/tourtravelandmore.com\/es\/tours\/eslovaquia-es\/bratislava-es\/excursion-de-dia-completo-a-budapest-desde-bratislava\/"]}]},{"@type":"ImageObject","inLanguage":"es","@id":"https:\/\/tourtravelandmore.com\/es\/tours\/eslovaquia-es\/bratislava-es\/excursion-de-dia-completo-a-budapest-desde-bratislava\/#primaryimage","url":"https:\/\/tourtravelandmore.com\/wp-content\/uploads\/2018\/08\/budapest.jpg","contentUrl":"https:\/\/tourtravelandmore.com\/wp-content\/uploads\/2018\/08\/budapest.jpg","width":1024,"height":614},{"@type":"BreadcrumbList","@id":"https:\/\/tourtravelandmore.com\/es\/tours\/eslovaquia-es\/bratislava-es\/excursion-de-dia-completo-a-budapest-desde-bratislava\/#breadcrumb","itemListElement":[{"@type":"ListItem","position":1,"name":"Home","item":"https:\/\/tourtravelandmore.com\/es\/"},{"@type":"ListItem","position":2,"name":"Tours","item":"https:\/\/tourtravelandmore.com\/es\/tours\/"},{"@type":"ListItem","position":3,"name":"Excursi\u00f3n de d\u00eda completo a Budapest desde Bratislava"}]},{"@type":"WebSite","@id":"https:\/\/tourtravelandmore.com\/es\/#website","url":"https:\/\/tourtravelandmore.com\/es\/","name":"Tour Travel And More","description":"Private sightseeing tours and luxury transfers in Spain","publisher":{"@id":"https:\/\/tourtravelandmore.com\/es\/#organization"},"potentialAction":[{"@type":"SearchAction","target":{"@type":"EntryPoint","urlTemplate":"https:\/\/tourtravelandmore.com\/es\/?s={search_term_string}"},"query-input":{"@type":"PropertyValueSpecification","valueRequired":true,"valueName":"search_term_string"}}],"inLanguage":"es"},{"@type":"Organization","@id":"https:\/\/tourtravelandmore.com\/es\/#organization","name":"Tour Travel And More","url":"https:\/\/tourtravelandmore.com\/es\/","logo":{"@type":"ImageObject","inLanguage":"es","@id":"https:\/\/tourtravelandmore.com\/es\/#\/schema\/logo\/image\/","url":"https:\/\/tourtravelandmore.com\/wp-content\/uploads\/2022\/12\/cropped-logo-cabecera-new.png","contentUrl":"https:\/\/tourtravelandmore.com\/wp-content\/uploads\/2022\/12\/cropped-logo-cabecera-new.png","width":430,"height":61,"caption":"Tour Travel And More"},"image":{"@id":"https:\/\/tourtravelandmore.com\/es\/#\/schema\/logo\/image\/"},"sameAs":["https:\/\/www.facebook.com\/tourtravelandmore\/","https:\/\/x.com\/TourTravel_More"]}]}},"_links":{"self":[{"href":"https:\/\/tourtravelandmore.com\/es\/wp-json\/wp\/v2\/product\/67036","targetHints":{"allow":["GET"]}}],"collection":[{"href":"https:\/\/tourtravelandmore.com\/es\/wp-json\/wp\/v2\/product"}],"about":[{"href":"https:\/\/tourtravelandmore.com\/es\/wp-json\/wp\/v2\/types\/product"}],"replies":[{"embeddable":true,"href":"https:\/\/tourtravelandmore.com\/es\/wp-json\/wp\/v2\/comments?post=67036"}],"wp:featuredmedia":[{"embeddable":true,"href":"https:\/\/tourtravelandmore.com\/es\/wp-json\/wp\/v2\/media\/25575"}],"wp:attachment":[{"href":"https:\/\/tourtravelandmore.com\/es\/wp-json\/wp\/v2\/media?parent=67036"}],"wp:term":[{"taxonomy":"product_brand","embeddable":true,"href":"https:\/\/tourtravelandmore.com\/es\/wp-json\/wp\/v2\/product_brand?post=67036"},{"taxonomy":"product_cat","embeddable":true,"href":"https:\/\/tourtravelandmore.com\/es\/wp-json\/wp\/v2\/product_cat?post=67036"},{"taxonomy":"product_tag","embeddable":true,"href":"https:\/\/tourtravelandmore.com\/es\/wp-json\/wp\/v2\/product_tag?post=67036"}],"curies":[{"name":"wp","href":"https:\/\/api.w.org\/{rel}","templated":true}]}}