{"id":67026,"date":"2019-09-25T01:31:40","date_gmt":"2019-09-24T23:31:40","guid":{"rendered":"https:\/\/tourtravelandmore.com\/?post_type=product&#038;p=67026"},"modified":"2023-08-14T09:03:06","modified_gmt":"2023-08-14T07:03:06","slug":"tour-privado-a-pie-por-la-ciudad-de-bratislava","status":"publish","type":"product","link":"https:\/\/tourtravelandmore.com\/es\/tours\/eslovaquia-es\/bratislava-es\/tour-privado-a-pie-por-la-ciudad-de-bratislava\/","title":{"rendered":"Tour privado a pie por la ciudad de Bratislava con guia oficial privado"},"content":{"rendered":"<h2>Descripci\u00f3n del Tour privado a pie por la ciudad de Bratislava con gu\u00eda oficial privado<\/h2>\n<p>Disfrute de este <strong>tour privado a pie por la ciudad de Bratislava<\/strong> junto con su gu\u00eda oficial privado y conozca lo mejor de lo que <strong>Bratislava<\/strong> tiene para ofrecer en este <strong>tour privado<\/strong>. Este <strong>tour<\/strong> se centrar\u00e1 en Star\u00e9 Mesto, el barrio m\u00e1s antiguo de <strong>Bratislava<\/strong>.<\/p>\n<p>Durante este tour, visitaremos los museos m\u00e1s famosos de la ciudad. El tour comienza en las calles del antiguo barrio de Star\u00e9 Mesto, m\u00e1s exactamente en el Palacio Grassalkovich, la residencia del presidente eslovaco. Caminaremos desde aqu\u00ed hasta la Torre de San Miguel por la calle Obchodn\u00e1, la principal arteria comercial de Bratislava. Seguiremos visitando la plaza principal, el antiguo ayuntamiento y el museo de la ciudad de Bratislava en una fila.<\/p>\n<p>Despu\u00e9s de un peque\u00f1o descanso en uno de sus restaurantes, nuestra pr\u00f3xima parada ser\u00e1 el Antiguo Teatro Nacional Eslovaco, un teatro de drama, \u00f3pera y ballet con un estilo neorrenacentista original que data de la d\u00e9cada de 1880 y muestra signos de influencia h\u00fangara. Caminando por el puente Nov\u00fd Most que cruza el Danubio, conoceremos la muy interesante y ecl\u00e9ctica Galer\u00eda Bibiana en la calle Panska.<\/p>\n<p>La \u00faltima parada, pero no menos importante, es el Castillo de Bratislava, con una enorme fortaleza rectangular con cuatro torres en las esquinas, de pie sobre una colina rocosa directamente sobre el r\u00edo Danubio, justo en el centro de la ciudad.<\/p>\n<p>Hay muchos m\u00e1s lugares donde su gu\u00eda privado puede ayudarlo a explorar, incluso los lugares m\u00e1s emblem\u00e1ticos e impresionantes de Bratislava, donde puede tomar las mejores fotos cuando y donde quiera durante su tour privado. Los sitios y el punto de encuentro de este tour son completamente personalizables. P\u00f3ngase en contacto con nosotros para organizar el tour para satisfacer sus propias necesidades personales.<\/p>\n<h2>Sitios y monumentos m\u00e1s importantes en este tour privado:<\/h2>\n<p>Durante su tour privado a pie por Bratislava descubrir\u00e1 algunos de los lugares m\u00e1s reconocidos de la ciudad. Ser\u00e1s testigo de su belleza arquitect\u00f3nica \u00fanica. Entre los sitios que puede visitar a trav\u00e9s de este tour privado, ofrecemos:<\/p>\n<ul>\n<li><strong>Palacio Grassalkovich<\/strong><\/li>\n<li><strong>Calle Obchodn\u00e1<\/strong><\/li>\n<li><strong>Torre de san miguel<\/strong><\/li>\n<li><strong>Plaza principal<\/strong><\/li>\n<li><strong>Antiguo ayuntamiento<\/strong><\/li>\n<li><strong>Museo de la ciudad de Bratislava<\/strong><\/li>\n<li><strong>Palacio de los primates<\/strong><\/li>\n<li><strong>Estatua de \u010cumil<\/strong><\/li>\n<li><strong>Antiguo teatro nacional eslovaco<\/strong><\/li>\n<li><strong>Plaza Hviezdoslav<\/strong><\/li>\n<li><strong>Nov\u00fd Most<\/strong><\/li>\n<li><strong>Bibiana<\/strong><\/li>\n<li><strong>Catedral de san martin<\/strong><\/li>\n<li><strong>Castillo de bratislava<\/strong><\/li>\n<li>Y muchos m\u00e1s lugares en este recorrido privado a pie por Bratislava<\/li>\n<\/ul>\n<h4>La ciudad: Bratislava<\/h4>\n<p>La ciudad de Bratislava es la capital de Eslovaquia, as\u00ed como su centro pol\u00edtico, cultural y econ\u00f3mico, con una poblaci\u00f3n de aproximadamente 430,000. Es una de las capitales m\u00e1s peque\u00f1as de Europa, pero sigue siendo la ciudad m\u00e1s grande del pa\u00eds, con grandes empresas e instituciones financieras. Limitando con Austria y Hungr\u00eda, es la \u00fanica capital nacional que limita con dos estados soberanos. La regi\u00f3n de Bratislava es la regi\u00f3n m\u00e1s rica y econ\u00f3micamente m\u00e1s pr\u00f3spera de Eslovaquia, a pesar de ser la m\u00e1s peque\u00f1a por \u00e1rea y tener la tercera poblaci\u00f3n m\u00e1s peque\u00f1a de las ocho regiones eslovacas. En 2017, Bratislava fue clasificada como la tercera regi\u00f3n m\u00e1s rica de la Uni\u00f3n Europea, despu\u00e9s de Hamburgo y Luxemburgo.<\/p>\n<h4>Nuestros Tours Privados en Tour Travel &amp; More<\/h4>\n<p>Ofrecemos a nuestros clientes tours privados para familias, amigos e incluso para incentivos o grupos grandes. Entendemos las necesidades de los viajeros mientras est\u00e1n de vacaciones, y hacemos todo lo posible para que su estancia sea inolvidable. Nuestra flota se compone de veh\u00edculos de lujo y nuestro personal es perfectamente multiling\u00fce. Nuestros gu\u00edas hablan varios idiomas:<strong> Ingl\u00e9s, Espa\u00f1ol, Franc\u00e9s, Italiano, Polaco, Holand\u00e9s, Chino, Ruso, Japon\u00e9s, Alem\u00e1n, Griego y Portugu\u00e9s.<\/strong><\/p>\n","protected":false},"excerpt":{"rendered":"<p><strong>Bratislava<\/strong> es una ciudad con valor hist\u00f3rico y arquitect\u00f3nico que vale la pena conocer. Disfrute de este <strong>tour privado a pie por las calles de Bratislava<\/strong> junto a un gu\u00eda oficial local. A lo largo del tour podr\u00e1\u00a0apreciar la belleza que ofrece la ciudad y sus edificaciones renacentistas y medievales, como lo son el <strong>Palacio Grassalkovich, la <\/strong><strong>Calle Obchodn\u00e1 <\/strong>y mucho mas!.<\/p>\n","protected":false},"featured_media":67052,"comment_status":"open","ping_status":"closed","template":"","meta":{"_acf_changed":false},"product_brand":[],"product_cat":[1613,1415,1482,1417],"product_tag":[],"class_list":{"0":"post-67026","1":"product","2":"type-product","3":"status-publish","4":"has-post-thumbnail","6":"product_cat-eslovaquia-es","7":"product_cat-bratislava-es","8":"product_cat-oslo-actividades-es","9":"product_cat-bratislava-tours-privados-pie-es","11":"first","12":"instock","13":"shipping-taxable","14":"purchasable","15":"product-type-simple"},"acf":[],"yoast_head":"<!-- This site is optimized with the Yoast SEO Premium plugin v25.3.1 (Yoast SEO v25.3.1) - https:\/\/yoast.com\/wordpress\/plugins\/seo\/ -->\n<title>\u27a1\ufe0f Tour Privado a pie por Bratislava | Tour Travel &amp; More<\/title>\n<meta name=\"description\" content=\"Disfruta de este tour privado personalizable y visita Bratislava, una ciudad llena de hist\u00f3ria y conozca sus monumentos m\u00e1s resaltantes \u2705\" \/>\n<meta name=\"robots\" content=\"index, follow, max-snippet:-1, max-image-preview:large, max-video-preview:-1\" \/>\n<link rel=\"canonical\" href=\"https:\/\/tourtravelandmore.com\/es\/tours\/eslovaquia-es\/bratislava-es\/tour-privado-a-pie-por-la-ciudad-de-bratislava\/\" \/>\n<meta property=\"og:locale\" content=\"es_ES\" \/>\n<meta property=\"og:type\" content=\"article\" \/>\n<meta property=\"og:title\" content=\"Tour privado a pie por la ciudad de Bratislava con guia oficial privado\" \/>\n<meta property=\"og:description\" content=\"Disfruta de este tour privado personalizable y visita Bratislava, una ciudad llena de hist\u00f3ria y conozca sus monumentos m\u00e1s resaltantes \u2705\" \/>\n<meta property=\"og:url\" content=\"https:\/\/tourtravelandmore.com\/es\/tours\/eslovaquia-es\/bratislava-es\/tour-privado-a-pie-por-la-ciudad-de-bratislava\/\" \/>\n<meta property=\"og:site_name\" content=\"Tour Travel And More\" \/>\n<meta property=\"article:publisher\" content=\"https:\/\/www.facebook.com\/tourtravelandmore\/\" \/>\n<meta property=\"article:modified_time\" content=\"2023-08-14T07:03:06+00:00\" \/>\n<meta property=\"og:image\" content=\"https:\/\/tourtravelandmore.com\/wp-content\/uploads\/2019\/09\/bratislava-castle-1024x680.jpg\" \/>\n\t<meta property=\"og:image:width\" content=\"1024\" \/>\n\t<meta property=\"og:image:height\" content=\"680\" \/>\n\t<meta property=\"og:image:type\" content=\"image\/jpeg\" \/>\n<meta name=\"twitter:card\" content=\"summary_large_image\" \/>\n<meta name=\"twitter:site\" content=\"@TourTravel_More\" \/>\n<meta name=\"twitter:label1\" content=\"Tiempo de lectura\" \/>\n\t<meta name=\"twitter:data1\" content=\"3 minutos\" \/>\n<script type=\"application\/ld+json\" class=\"yoast-schema-graph\">{\"@context\":\"https:\/\/schema.org\",\"@graph\":[{\"@type\":\"WebPage\",\"@id\":\"https:\/\/tourtravelandmore.com\/es\/tours\/eslovaquia-es\/bratislava-es\/tour-privado-a-pie-por-la-ciudad-de-bratislava\/\",\"url\":\"https:\/\/tourtravelandmore.com\/es\/tours\/eslovaquia-es\/bratislava-es\/tour-privado-a-pie-por-la-ciudad-de-bratislava\/\",\"name\":\"\u27a1\ufe0f Tour Privado a pie por Bratislava | Tour Travel & More\",\"isPartOf\":{\"@id\":\"https:\/\/tourtravelandmore.com\/es\/#website\"},\"primaryImageOfPage\":{\"@id\":\"https:\/\/tourtravelandmore.com\/es\/tours\/eslovaquia-es\/bratislava-es\/tour-privado-a-pie-por-la-ciudad-de-bratislava\/#primaryimage\"},\"image\":{\"@id\":\"https:\/\/tourtravelandmore.com\/es\/tours\/eslovaquia-es\/bratislava-es\/tour-privado-a-pie-por-la-ciudad-de-bratislava\/#primaryimage\"},\"thumbnailUrl\":\"https:\/\/tourtravelandmore.com\/wp-content\/uploads\/2019\/09\/bratislava-castle.jpg\",\"datePublished\":\"2019-09-24T23:31:40+00:00\",\"dateModified\":\"2023-08-14T07:03:06+00:00\",\"description\":\"Disfruta de este tour privado personalizable y visita Bratislava, una ciudad llena de hist\u00f3ria y conozca sus monumentos m\u00e1s resaltantes \u2705\",\"breadcrumb\":{\"@id\":\"https:\/\/tourtravelandmore.com\/es\/tours\/eslovaquia-es\/bratislava-es\/tour-privado-a-pie-por-la-ciudad-de-bratislava\/#breadcrumb\"},\"inLanguage\":\"es\",\"potentialAction\":[{\"@type\":\"ReadAction\",\"target\":[\"https:\/\/tourtravelandmore.com\/es\/tours\/eslovaquia-es\/bratislava-es\/tour-privado-a-pie-por-la-ciudad-de-bratislava\/\"]}]},{\"@type\":\"ImageObject\",\"inLanguage\":\"es\",\"@id\":\"https:\/\/tourtravelandmore.com\/es\/tours\/eslovaquia-es\/bratislava-es\/tour-privado-a-pie-por-la-ciudad-de-bratislava\/#primaryimage\",\"url\":\"https:\/\/tourtravelandmore.com\/wp-content\/uploads\/2019\/09\/bratislava-castle.jpg\",\"contentUrl\":\"https:\/\/tourtravelandmore.com\/wp-content\/uploads\/2019\/09\/bratislava-castle.jpg\",\"width\":4288,\"height\":2848},{\"@type\":\"BreadcrumbList\",\"@id\":\"https:\/\/tourtravelandmore.com\/es\/tours\/eslovaquia-es\/bratislava-es\/tour-privado-a-pie-por-la-ciudad-de-bratislava\/#breadcrumb\",\"itemListElement\":[{\"@type\":\"ListItem\",\"position\":1,\"name\":\"Home\",\"item\":\"https:\/\/tourtravelandmore.com\/es\/\"},{\"@type\":\"ListItem\",\"position\":2,\"name\":\"Tours\",\"item\":\"https:\/\/tourtravelandmore.com\/es\/tours\/\"},{\"@type\":\"ListItem\",\"position\":3,\"name\":\"Tour privado a pie por la ciudad de Bratislava con guia oficial privado\"}]},{\"@type\":\"WebSite\",\"@id\":\"https:\/\/tourtravelandmore.com\/es\/#website\",\"url\":\"https:\/\/tourtravelandmore.com\/es\/\",\"name\":\"Tour Travel And More\",\"description\":\"Private sightseeing tours and luxury transfers in Spain\",\"publisher\":{\"@id\":\"https:\/\/tourtravelandmore.com\/es\/#organization\"},\"potentialAction\":[{\"@type\":\"SearchAction\",\"target\":{\"@type\":\"EntryPoint\",\"urlTemplate\":\"https:\/\/tourtravelandmore.com\/es\/?s={search_term_string}\"},\"query-input\":{\"@type\":\"PropertyValueSpecification\",\"valueRequired\":true,\"valueName\":\"search_term_string\"}}],\"inLanguage\":\"es\"},{\"@type\":\"Organization\",\"@id\":\"https:\/\/tourtravelandmore.com\/es\/#organization\",\"name\":\"Tour Travel And More\",\"url\":\"https:\/\/tourtravelandmore.com\/es\/\",\"logo\":{\"@type\":\"ImageObject\",\"inLanguage\":\"es\",\"@id\":\"https:\/\/tourtravelandmore.com\/es\/#\/schema\/logo\/image\/\",\"url\":\"https:\/\/tourtravelandmore.com\/wp-content\/uploads\/2022\/12\/cropped-logo-cabecera-new.png\",\"contentUrl\":\"https:\/\/tourtravelandmore.com\/wp-content\/uploads\/2022\/12\/cropped-logo-cabecera-new.png\",\"width\":430,\"height\":61,\"caption\":\"Tour Travel And More\"},\"image\":{\"@id\":\"https:\/\/tourtravelandmore.com\/es\/#\/schema\/logo\/image\/\"},\"sameAs\":[\"https:\/\/www.facebook.com\/tourtravelandmore\/\",\"https:\/\/x.com\/TourTravel_More\"]}]}<\/script>\n<!-- \/ Yoast SEO Premium plugin. -->","yoast_head_json":{"title":"\u27a1\ufe0f Tour Privado a pie por Bratislava | Tour Travel & More","description":"Disfruta de este tour privado personalizable y visita Bratislava, una ciudad llena de hist\u00f3ria y conozca sus monumentos m\u00e1s resaltantes \u2705","robots":{"index":"index","follow":"follow","max-snippet":"max-snippet:-1","max-image-preview":"max-image-preview:large","max-video-preview":"max-video-preview:-1"},"canonical":"https:\/\/tourtravelandmore.com\/es\/tours\/eslovaquia-es\/bratislava-es\/tour-privado-a-pie-por-la-ciudad-de-bratislava\/","og_locale":"es_ES","og_type":"article","og_title":"Tour privado a pie por la ciudad de Bratislava con guia oficial privado","og_description":"Disfruta de este tour privado personalizable y visita Bratislava, una ciudad llena de hist\u00f3ria y conozca sus monumentos m\u00e1s resaltantes \u2705","og_url":"https:\/\/tourtravelandmore.com\/es\/tours\/eslovaquia-es\/bratislava-es\/tour-privado-a-pie-por-la-ciudad-de-bratislava\/","og_site_name":"Tour Travel And More","article_publisher":"https:\/\/www.facebook.com\/tourtravelandmore\/","article_modified_time":"2023-08-14T07:03:06+00:00","og_image":[{"width":1024,"height":680,"url":"https:\/\/tourtravelandmore.com\/wp-content\/uploads\/2019\/09\/bratislava-castle-1024x680.jpg","type":"image\/jpeg"}],"twitter_card":"summary_large_image","twitter_site":"@TourTravel_More","twitter_misc":{"Tiempo de lectura":"3 minutos"},"schema":{"@context":"https:\/\/schema.org","@graph":[{"@type":"WebPage","@id":"https:\/\/tourtravelandmore.com\/es\/tours\/eslovaquia-es\/bratislava-es\/tour-privado-a-pie-por-la-ciudad-de-bratislava\/","url":"https:\/\/tourtravelandmore.com\/es\/tours\/eslovaquia-es\/bratislava-es\/tour-privado-a-pie-por-la-ciudad-de-bratislava\/","name":"\u27a1\ufe0f Tour Privado a pie por Bratislava | Tour Travel & More","isPartOf":{"@id":"https:\/\/tourtravelandmore.com\/es\/#website"},"primaryImageOfPage":{"@id":"https:\/\/tourtravelandmore.com\/es\/tours\/eslovaquia-es\/bratislava-es\/tour-privado-a-pie-por-la-ciudad-de-bratislava\/#primaryimage"},"image":{"@id":"https:\/\/tourtravelandmore.com\/es\/tours\/eslovaquia-es\/bratislava-es\/tour-privado-a-pie-por-la-ciudad-de-bratislava\/#primaryimage"},"thumbnailUrl":"https:\/\/tourtravelandmore.com\/wp-content\/uploads\/2019\/09\/bratislava-castle.jpg","datePublished":"2019-09-24T23:31:40+00:00","dateModified":"2023-08-14T07:03:06+00:00","description":"Disfruta de este tour privado personalizable y visita Bratislava, una ciudad llena de hist\u00f3ria y conozca sus monumentos m\u00e1s resaltantes \u2705","breadcrumb":{"@id":"https:\/\/tourtravelandmore.com\/es\/tours\/eslovaquia-es\/bratislava-es\/tour-privado-a-pie-por-la-ciudad-de-bratislava\/#breadcrumb"},"inLanguage":"es","potentialAction":[{"@type":"ReadAction","target":["https:\/\/tourtravelandmore.com\/es\/tours\/eslovaquia-es\/bratislava-es\/tour-privado-a-pie-por-la-ciudad-de-bratislava\/"]}]},{"@type":"ImageObject","inLanguage":"es","@id":"https:\/\/tourtravelandmore.com\/es\/tours\/eslovaquia-es\/bratislava-es\/tour-privado-a-pie-por-la-ciudad-de-bratislava\/#primaryimage","url":"https:\/\/tourtravelandmore.com\/wp-content\/uploads\/2019\/09\/bratislava-castle.jpg","contentUrl":"https:\/\/tourtravelandmore.com\/wp-content\/uploads\/2019\/09\/bratislava-castle.jpg","width":4288,"height":2848},{"@type":"BreadcrumbList","@id":"https:\/\/tourtravelandmore.com\/es\/tours\/eslovaquia-es\/bratislava-es\/tour-privado-a-pie-por-la-ciudad-de-bratislava\/#breadcrumb","itemListElement":[{"@type":"ListItem","position":1,"name":"Home","item":"https:\/\/tourtravelandmore.com\/es\/"},{"@type":"ListItem","position":2,"name":"Tours","item":"https:\/\/tourtravelandmore.com\/es\/tours\/"},{"@type":"ListItem","position":3,"name":"Tour privado a pie por la ciudad de Bratislava con guia oficial privado"}]},{"@type":"WebSite","@id":"https:\/\/tourtravelandmore.com\/es\/#website","url":"https:\/\/tourtravelandmore.com\/es\/","name":"Tour Travel And More","description":"Private sightseeing tours and luxury transfers in Spain","publisher":{"@id":"https:\/\/tourtravelandmore.com\/es\/#organization"},"potentialAction":[{"@type":"SearchAction","target":{"@type":"EntryPoint","urlTemplate":"https:\/\/tourtravelandmore.com\/es\/?s={search_term_string}"},"query-input":{"@type":"PropertyValueSpecification","valueRequired":true,"valueName":"search_term_string"}}],"inLanguage":"es"},{"@type":"Organization","@id":"https:\/\/tourtravelandmore.com\/es\/#organization","name":"Tour Travel And More","url":"https:\/\/tourtravelandmore.com\/es\/","logo":{"@type":"ImageObject","inLanguage":"es","@id":"https:\/\/tourtravelandmore.com\/es\/#\/schema\/logo\/image\/","url":"https:\/\/tourtravelandmore.com\/wp-content\/uploads\/2022\/12\/cropped-logo-cabecera-new.png","contentUrl":"https:\/\/tourtravelandmore.com\/wp-content\/uploads\/2022\/12\/cropped-logo-cabecera-new.png","width":430,"height":61,"caption":"Tour Travel And More"},"image":{"@id":"https:\/\/tourtravelandmore.com\/es\/#\/schema\/logo\/image\/"},"sameAs":["https:\/\/www.facebook.com\/tourtravelandmore\/","https:\/\/x.com\/TourTravel_More"]}]}},"_links":{"self":[{"href":"https:\/\/tourtravelandmore.com\/es\/wp-json\/wp\/v2\/product\/67026","targetHints":{"allow":["GET"]}}],"collection":[{"href":"https:\/\/tourtravelandmore.com\/es\/wp-json\/wp\/v2\/product"}],"about":[{"href":"https:\/\/tourtravelandmore.com\/es\/wp-json\/wp\/v2\/types\/product"}],"replies":[{"embeddable":true,"href":"https:\/\/tourtravelandmore.com\/es\/wp-json\/wp\/v2\/comments?post=67026"}],"wp:featuredmedia":[{"embeddable":true,"href":"https:\/\/tourtravelandmore.com\/es\/wp-json\/wp\/v2\/media\/67052"}],"wp:attachment":[{"href":"https:\/\/tourtravelandmore.com\/es\/wp-json\/wp\/v2\/media?parent=67026"}],"wp:term":[{"taxonomy":"product_brand","embeddable":true,"href":"https:\/\/tourtravelandmore.com\/es\/wp-json\/wp\/v2\/product_brand?post=67026"},{"taxonomy":"product_cat","embeddable":true,"href":"https:\/\/tourtravelandmore.com\/es\/wp-json\/wp\/v2\/product_cat?post=67026"},{"taxonomy":"product_tag","embeddable":true,"href":"https:\/\/tourtravelandmore.com\/es\/wp-json\/wp\/v2\/product_tag?post=67026"}],"curies":[{"name":"wp","href":"https:\/\/api.w.org\/{rel}","templated":true}]}}