{"id":66871,"date":"2019-09-19T23:14:04","date_gmt":"2019-09-22T20:15:27","guid":{"rendered":"https:\/\/tourtravelandmore.com\/?post_type=product&#038;p=66871"},"modified":"2024-02-09T13:12:15","modified_gmt":"2024-02-09T12:12:15","slug":"tour-privado-por-la-ciudad-de-praga","status":"publish","type":"product","link":"https:\/\/tourtravelandmore.com\/es\/tours\/republica-checa-es\/prague-es\/tour-privado-por-la-ciudad-de-praga\/","title":{"rendered":"Tour Privado por la Ciudad de Praga"},"content":{"rendered":"<h2><b>Descripci\u00f3n del Tour Privado por la Ciudad de Praga<\/b><\/h2>\n<p><span style=\"font-weight: 400;\">Descubra el casco antiguo de Praga, sus numerosas iglesias y sus maravillosos lugares de inter\u00e9s hist\u00f3rico. Disfrute de nuestro recorrido privado por Praga con su propio gu\u00eda tur\u00edstico oficial privado. Pasee en un veh\u00edculo de lujo con nosotros siempre para garantizar su comodidad. Praga, la capital de la Rep\u00fablica Checa, es una ciudad emocionante para visitar. Sus edificios hist\u00f3ricos son famosos en toda Europa y su vida nocturna est\u00e1 animada todo el d\u00eda.<\/span><\/p>\n<p><span style=\"font-weight: 400;\">Obtendr\u00e1 la experiencia perfecta de Praga cuando le llevemos a conocer esta hermosa ciudad. No tendr\u00e1s que preocuparte por nada m\u00e1s que por relajarse y disfrutar esta aventura.<\/span><\/p>\n<p><span style=\"font-weight: 400;\">Experimentaremos el impresionante estilo medieval de la arquitectura de nuestra ciudad. En primer lugar, visitaremos la Galer\u00eda de Arte del Ayuntamiento, que sirve como espacio cultural y representativo de la ciudad.<\/span><\/p>\n<p><span style=\"font-weight: 400;\">\u00danase a nosotros para este tour privado de Praga y descubra una ciudad magn\u00edfica con una arquitectura \u00fanica. Nuestro equipo profesional estar\u00e1 a tu disposici\u00f3n, y tambi\u00e9n podemos gestionar tickets de cola si est\u00e1s interesado.<\/span><\/p>\n<h2><b>Puntos de inter\u00e9s en el Tour privado por la Ciudad de Praga<\/b><\/h2>\n<p><span style=\"font-weight: 400;\">Organizaremos un recorrido privado y c\u00f3modo para usted. Desde el primer sitio, aprender\u00e1 sobre lugares tan importantes en la historia de Praga, le recogeremos en su lugar de elecci\u00f3n u hospedaje en Praga.<\/span><\/p>\n<p><span style=\"font-weight: 400;\">Una vez que comencemos el recorrido de 4 horas con veh\u00edculo de lujo, chofer y gu\u00eda privado en Praga, le ofrecemos visitar estos lugares:<\/span><\/p>\n<ul>\n<li style=\"font-weight: 400;\" aria-level=\"1\"><b>Plaza de la ciudad vieja y galer\u00eda de arte<\/b><\/li>\n<li style=\"font-weight: 400;\" aria-level=\"1\"><b>Reloj Astron\u00f3mico de Praga<\/b><\/li>\n<li style=\"font-weight: 400;\" aria-level=\"1\"><b>Palacio Kinsky<\/b><\/li>\n<li style=\"font-weight: 400;\" aria-level=\"1\"><b>Plaza de la Rep\u00fablica<\/b><\/li>\n<li style=\"font-weight: 400;\" aria-level=\"1\"><b>Casa Municipal<\/b><\/li>\n<li style=\"font-weight: 400;\" aria-level=\"1\"><b>La puerta de la p\u00f3lvora<\/b><\/li>\n<li style=\"font-weight: 400;\" aria-level=\"1\"><b>P\u0159\u00edkopy<\/b><\/li>\n<li style=\"font-weight: 400;\" aria-level=\"1\"><b>Calle Celetna<\/b><\/li>\n<li style=\"font-weight: 400;\" aria-level=\"1\"><b>Teatro Estates<\/b><\/li>\n<li style=\"font-weight: 400;\" aria-level=\"1\"><a href=\"https:\/\/praha.op.cz\/\"><span style=\"font-weight: 400;\">Iglesia de St. Jilji<\/span><\/a><\/li>\n<li style=\"font-weight: 400;\" aria-level=\"1\"><b>Palacio Clam Gallas<\/b><\/li>\n<li style=\"font-weight: 400;\" aria-level=\"1\"><b>Calle Karlova<\/b><\/li>\n<li style=\"font-weight: 400;\" aria-level=\"1\"><b>Clementinum<\/b><\/li>\n<li style=\"font-weight: 400;\" aria-level=\"1\"><b>Puente de Charles<\/b><\/li>\n<li style=\"font-weight: 400;\" aria-level=\"1\"><b>Torre del Puente de la Ciudad Vieja<\/b><\/li>\n<li style=\"font-weight: 400;\" aria-level=\"1\"><b>Capilla de Bel\u00e9n<\/b><\/li>\n<li style=\"font-weight: 400;\" aria-level=\"1\"><b>Plaza de Wenceslao<\/b><\/li>\n<li style=\"font-weight: 400;\" aria-level=\"1\"><b>y m\u00e1s<\/b><\/li>\n<\/ul>\n<p><span style=\"font-weight: 400;\">Ofrecemos un d\u00eda de tour privado en el que puede tener todo el tiempo del mundo para personalizar su servicio y experiencia seg\u00fan lo que funcione mejor para usted o su grupo.<\/span><\/p>\n<p><span style=\"font-weight: 400;\">Cuando regrese a Praga, su conductor y el gu\u00eda tur\u00edstico lo llevar\u00e1n de regreso a su hotel o punta de partida.<\/span><\/p>\n<p><span style=\"font-weight: 400;\">Eche un vistazo a todos los otros <\/span><span style=\"font-weight: 400;\">tours privados que ofrecemos para explorar en Praga<\/span><\/p>\n<p><b>Ofrecemos solo tours privados para que usted tenga la mejor experiencia!<\/b><\/p>\n","protected":false},"excerpt":{"rendered":"<p><span style=\"font-weight: 400;\">Praga es una ciudad rica en cultura e historia. Es un lugar donde puedes experimentar la belleza de su arquitectura, el encanto de su gente y la vitalidad de su vida nocturna.<\/span><\/p>\n","protected":false},"featured_media":66784,"comment_status":"open","ping_status":"closed","template":"","meta":{"_acf_changed":false},"product_brand":[],"product_cat":[1356,1360,1358],"product_tag":[1393,1394,1392],"class_list":{"0":"post-66871","1":"product","2":"type-product","3":"status-publish","4":"has-post-thumbnail","6":"product_cat-prague-es","7":"product_cat-prague-rutas-turisticas-privadas-es-es","8":"product_cat-prague-rutas-turisticas-privadas-es","9":"product_tag-city-tour-es","10":"product_tag-prague-es","11":"product_tag-private-tour-es","13":"first","14":"instock","15":"shipping-taxable","16":"purchasable","17":"product-type-simple"},"acf":[],"yoast_head":"<!-- This site is optimized with the Yoast SEO Premium plugin v25.3.1 (Yoast SEO v25.3.1) - https:\/\/yoast.com\/wordpress\/plugins\/seo\/ -->\n<title>\u27a1\ufe0f Tour Privado por la Ciudad de Praga | Tour Travel &amp; More<\/title>\n<meta name=\"description\" content=\"Disfrute de un recorrido privado por Praga con Tour Travel &amp; More y conozca los mejores sitios de inter\u00e9s de la ciudad \u2705\" \/>\n<meta name=\"robots\" content=\"index, follow, max-snippet:-1, max-image-preview:large, max-video-preview:-1\" \/>\n<link rel=\"canonical\" href=\"https:\/\/tourtravelandmore.com\/es\/tours\/republica-checa-es\/prague-es\/tour-privado-por-la-ciudad-de-praga\/\" \/>\n<meta property=\"og:locale\" content=\"es_ES\" \/>\n<meta property=\"og:type\" content=\"article\" \/>\n<meta property=\"og:title\" content=\"Tour Privado por la Ciudad de Praga\" \/>\n<meta property=\"og:description\" content=\"Disfrute de un recorrido privado por Praga con Tour Travel &amp; More y conozca los mejores sitios de inter\u00e9s de la ciudad \u2705\" \/>\n<meta property=\"og:url\" content=\"https:\/\/tourtravelandmore.com\/es\/tours\/republica-checa-es\/prague-es\/tour-privado-por-la-ciudad-de-praga\/\" \/>\n<meta property=\"og:site_name\" content=\"Tour Travel And More\" \/>\n<meta property=\"article:publisher\" content=\"https:\/\/www.facebook.com\/tourtravelandmore\/\" \/>\n<meta property=\"article:modified_time\" content=\"2024-02-09T12:12:15+00:00\" \/>\n<meta property=\"og:image\" content=\"https:\/\/tourtravelandmore.com\/wp-content\/uploads\/2019\/09\/prague.3.jpg\" \/>\n\t<meta property=\"og:image:width\" content=\"1765\" \/>\n\t<meta property=\"og:image:height\" content=\"1176\" \/>\n\t<meta property=\"og:image:type\" content=\"image\/jpeg\" \/>\n<meta name=\"twitter:card\" content=\"summary_large_image\" \/>\n<meta name=\"twitter:site\" content=\"@TourTravel_More\" \/>\n<meta name=\"twitter:label1\" content=\"Tiempo de lectura\" \/>\n\t<meta name=\"twitter:data1\" content=\"2 minutos\" \/>\n<script type=\"application\/ld+json\" class=\"yoast-schema-graph\">{\"@context\":\"https:\/\/schema.org\",\"@graph\":[{\"@type\":\"WebPage\",\"@id\":\"https:\/\/tourtravelandmore.com\/es\/tours\/republica-checa-es\/prague-es\/tour-privado-por-la-ciudad-de-praga\/\",\"url\":\"https:\/\/tourtravelandmore.com\/es\/tours\/republica-checa-es\/prague-es\/tour-privado-por-la-ciudad-de-praga\/\",\"name\":\"\u27a1\ufe0f Tour Privado por la Ciudad de Praga | Tour Travel & More\",\"isPartOf\":{\"@id\":\"https:\/\/tourtravelandmore.com\/es\/#website\"},\"primaryImageOfPage\":{\"@id\":\"https:\/\/tourtravelandmore.com\/es\/tours\/republica-checa-es\/prague-es\/tour-privado-por-la-ciudad-de-praga\/#primaryimage\"},\"image\":{\"@id\":\"https:\/\/tourtravelandmore.com\/es\/tours\/republica-checa-es\/prague-es\/tour-privado-por-la-ciudad-de-praga\/#primaryimage\"},\"thumbnailUrl\":\"https:\/\/tourtravelandmore.com\/wp-content\/uploads\/2019\/09\/prague.3.jpg\",\"datePublished\":\"2019-09-22T20:15:27+00:00\",\"dateModified\":\"2024-02-09T12:12:15+00:00\",\"description\":\"Disfrute de un recorrido privado por Praga con Tour Travel & More y conozca los mejores sitios de inter\u00e9s de la ciudad \u2705\",\"breadcrumb\":{\"@id\":\"https:\/\/tourtravelandmore.com\/es\/tours\/republica-checa-es\/prague-es\/tour-privado-por-la-ciudad-de-praga\/#breadcrumb\"},\"inLanguage\":\"es\",\"potentialAction\":[{\"@type\":\"ReadAction\",\"target\":[\"https:\/\/tourtravelandmore.com\/es\/tours\/republica-checa-es\/prague-es\/tour-privado-por-la-ciudad-de-praga\/\"]}]},{\"@type\":\"ImageObject\",\"inLanguage\":\"es\",\"@id\":\"https:\/\/tourtravelandmore.com\/es\/tours\/republica-checa-es\/prague-es\/tour-privado-por-la-ciudad-de-praga\/#primaryimage\",\"url\":\"https:\/\/tourtravelandmore.com\/wp-content\/uploads\/2019\/09\/prague.3.jpg\",\"contentUrl\":\"https:\/\/tourtravelandmore.com\/wp-content\/uploads\/2019\/09\/prague.3.jpg\",\"width\":1765,\"height\":1176},{\"@type\":\"BreadcrumbList\",\"@id\":\"https:\/\/tourtravelandmore.com\/es\/tours\/republica-checa-es\/prague-es\/tour-privado-por-la-ciudad-de-praga\/#breadcrumb\",\"itemListElement\":[{\"@type\":\"ListItem\",\"position\":1,\"name\":\"Home\",\"item\":\"https:\/\/tourtravelandmore.com\/es\/\"},{\"@type\":\"ListItem\",\"position\":2,\"name\":\"Tours\",\"item\":\"https:\/\/tourtravelandmore.com\/es\/tours\/\"},{\"@type\":\"ListItem\",\"position\":3,\"name\":\"Tour Privado por la Ciudad de Praga\"}]},{\"@type\":\"WebSite\",\"@id\":\"https:\/\/tourtravelandmore.com\/es\/#website\",\"url\":\"https:\/\/tourtravelandmore.com\/es\/\",\"name\":\"Tour Travel And More\",\"description\":\"Private sightseeing tours and luxury transfers in Spain\",\"publisher\":{\"@id\":\"https:\/\/tourtravelandmore.com\/es\/#organization\"},\"potentialAction\":[{\"@type\":\"SearchAction\",\"target\":{\"@type\":\"EntryPoint\",\"urlTemplate\":\"https:\/\/tourtravelandmore.com\/es\/?s={search_term_string}\"},\"query-input\":{\"@type\":\"PropertyValueSpecification\",\"valueRequired\":true,\"valueName\":\"search_term_string\"}}],\"inLanguage\":\"es\"},{\"@type\":\"Organization\",\"@id\":\"https:\/\/tourtravelandmore.com\/es\/#organization\",\"name\":\"Tour Travel And More\",\"url\":\"https:\/\/tourtravelandmore.com\/es\/\",\"logo\":{\"@type\":\"ImageObject\",\"inLanguage\":\"es\",\"@id\":\"https:\/\/tourtravelandmore.com\/es\/#\/schema\/logo\/image\/\",\"url\":\"https:\/\/tourtravelandmore.com\/wp-content\/uploads\/2022\/12\/cropped-logo-cabecera-new.png\",\"contentUrl\":\"https:\/\/tourtravelandmore.com\/wp-content\/uploads\/2022\/12\/cropped-logo-cabecera-new.png\",\"width\":430,\"height\":61,\"caption\":\"Tour Travel And More\"},\"image\":{\"@id\":\"https:\/\/tourtravelandmore.com\/es\/#\/schema\/logo\/image\/\"},\"sameAs\":[\"https:\/\/www.facebook.com\/tourtravelandmore\/\",\"https:\/\/x.com\/TourTravel_More\"]}]}<\/script>\n<!-- \/ Yoast SEO Premium plugin. -->","yoast_head_json":{"title":"\u27a1\ufe0f Tour Privado por la Ciudad de Praga | Tour Travel & More","description":"Disfrute de un recorrido privado por Praga con Tour Travel & More y conozca los mejores sitios de inter\u00e9s de la ciudad \u2705","robots":{"index":"index","follow":"follow","max-snippet":"max-snippet:-1","max-image-preview":"max-image-preview:large","max-video-preview":"max-video-preview:-1"},"canonical":"https:\/\/tourtravelandmore.com\/es\/tours\/republica-checa-es\/prague-es\/tour-privado-por-la-ciudad-de-praga\/","og_locale":"es_ES","og_type":"article","og_title":"Tour Privado por la Ciudad de Praga","og_description":"Disfrute de un recorrido privado por Praga con Tour Travel & More y conozca los mejores sitios de inter\u00e9s de la ciudad \u2705","og_url":"https:\/\/tourtravelandmore.com\/es\/tours\/republica-checa-es\/prague-es\/tour-privado-por-la-ciudad-de-praga\/","og_site_name":"Tour Travel And More","article_publisher":"https:\/\/www.facebook.com\/tourtravelandmore\/","article_modified_time":"2024-02-09T12:12:15+00:00","og_image":[{"width":1765,"height":1176,"url":"https:\/\/tourtravelandmore.com\/wp-content\/uploads\/2019\/09\/prague.3.jpg","type":"image\/jpeg"}],"twitter_card":"summary_large_image","twitter_site":"@TourTravel_More","twitter_misc":{"Tiempo de lectura":"2 minutos"},"schema":{"@context":"https:\/\/schema.org","@graph":[{"@type":"WebPage","@id":"https:\/\/tourtravelandmore.com\/es\/tours\/republica-checa-es\/prague-es\/tour-privado-por-la-ciudad-de-praga\/","url":"https:\/\/tourtravelandmore.com\/es\/tours\/republica-checa-es\/prague-es\/tour-privado-por-la-ciudad-de-praga\/","name":"\u27a1\ufe0f Tour Privado por la Ciudad de Praga | Tour Travel & More","isPartOf":{"@id":"https:\/\/tourtravelandmore.com\/es\/#website"},"primaryImageOfPage":{"@id":"https:\/\/tourtravelandmore.com\/es\/tours\/republica-checa-es\/prague-es\/tour-privado-por-la-ciudad-de-praga\/#primaryimage"},"image":{"@id":"https:\/\/tourtravelandmore.com\/es\/tours\/republica-checa-es\/prague-es\/tour-privado-por-la-ciudad-de-praga\/#primaryimage"},"thumbnailUrl":"https:\/\/tourtravelandmore.com\/wp-content\/uploads\/2019\/09\/prague.3.jpg","datePublished":"2019-09-22T20:15:27+00:00","dateModified":"2024-02-09T12:12:15+00:00","description":"Disfrute de un recorrido privado por Praga con Tour Travel & More y conozca los mejores sitios de inter\u00e9s de la ciudad \u2705","breadcrumb":{"@id":"https:\/\/tourtravelandmore.com\/es\/tours\/republica-checa-es\/prague-es\/tour-privado-por-la-ciudad-de-praga\/#breadcrumb"},"inLanguage":"es","potentialAction":[{"@type":"ReadAction","target":["https:\/\/tourtravelandmore.com\/es\/tours\/republica-checa-es\/prague-es\/tour-privado-por-la-ciudad-de-praga\/"]}]},{"@type":"ImageObject","inLanguage":"es","@id":"https:\/\/tourtravelandmore.com\/es\/tours\/republica-checa-es\/prague-es\/tour-privado-por-la-ciudad-de-praga\/#primaryimage","url":"https:\/\/tourtravelandmore.com\/wp-content\/uploads\/2019\/09\/prague.3.jpg","contentUrl":"https:\/\/tourtravelandmore.com\/wp-content\/uploads\/2019\/09\/prague.3.jpg","width":1765,"height":1176},{"@type":"BreadcrumbList","@id":"https:\/\/tourtravelandmore.com\/es\/tours\/republica-checa-es\/prague-es\/tour-privado-por-la-ciudad-de-praga\/#breadcrumb","itemListElement":[{"@type":"ListItem","position":1,"name":"Home","item":"https:\/\/tourtravelandmore.com\/es\/"},{"@type":"ListItem","position":2,"name":"Tours","item":"https:\/\/tourtravelandmore.com\/es\/tours\/"},{"@type":"ListItem","position":3,"name":"Tour Privado por la Ciudad de Praga"}]},{"@type":"WebSite","@id":"https:\/\/tourtravelandmore.com\/es\/#website","url":"https:\/\/tourtravelandmore.com\/es\/","name":"Tour Travel And More","description":"Private sightseeing tours and luxury transfers in Spain","publisher":{"@id":"https:\/\/tourtravelandmore.com\/es\/#organization"},"potentialAction":[{"@type":"SearchAction","target":{"@type":"EntryPoint","urlTemplate":"https:\/\/tourtravelandmore.com\/es\/?s={search_term_string}"},"query-input":{"@type":"PropertyValueSpecification","valueRequired":true,"valueName":"search_term_string"}}],"inLanguage":"es"},{"@type":"Organization","@id":"https:\/\/tourtravelandmore.com\/es\/#organization","name":"Tour Travel And More","url":"https:\/\/tourtravelandmore.com\/es\/","logo":{"@type":"ImageObject","inLanguage":"es","@id":"https:\/\/tourtravelandmore.com\/es\/#\/schema\/logo\/image\/","url":"https:\/\/tourtravelandmore.com\/wp-content\/uploads\/2022\/12\/cropped-logo-cabecera-new.png","contentUrl":"https:\/\/tourtravelandmore.com\/wp-content\/uploads\/2022\/12\/cropped-logo-cabecera-new.png","width":430,"height":61,"caption":"Tour Travel And More"},"image":{"@id":"https:\/\/tourtravelandmore.com\/es\/#\/schema\/logo\/image\/"},"sameAs":["https:\/\/www.facebook.com\/tourtravelandmore\/","https:\/\/x.com\/TourTravel_More"]}]}},"_links":{"self":[{"href":"https:\/\/tourtravelandmore.com\/es\/wp-json\/wp\/v2\/product\/66871","targetHints":{"allow":["GET"]}}],"collection":[{"href":"https:\/\/tourtravelandmore.com\/es\/wp-json\/wp\/v2\/product"}],"about":[{"href":"https:\/\/tourtravelandmore.com\/es\/wp-json\/wp\/v2\/types\/product"}],"replies":[{"embeddable":true,"href":"https:\/\/tourtravelandmore.com\/es\/wp-json\/wp\/v2\/comments?post=66871"}],"wp:featuredmedia":[{"embeddable":true,"href":"https:\/\/tourtravelandmore.com\/es\/wp-json\/wp\/v2\/media\/66784"}],"wp:attachment":[{"href":"https:\/\/tourtravelandmore.com\/es\/wp-json\/wp\/v2\/media?parent=66871"}],"wp:term":[{"taxonomy":"product_brand","embeddable":true,"href":"https:\/\/tourtravelandmore.com\/es\/wp-json\/wp\/v2\/product_brand?post=66871"},{"taxonomy":"product_cat","embeddable":true,"href":"https:\/\/tourtravelandmore.com\/es\/wp-json\/wp\/v2\/product_cat?post=66871"},{"taxonomy":"product_tag","embeddable":true,"href":"https:\/\/tourtravelandmore.com\/es\/wp-json\/wp\/v2\/product_tag?post=66871"}],"curies":[{"name":"wp","href":"https:\/\/api.w.org\/{rel}","templated":true}]}}