{"id":66853,"date":"2019-09-19T23:13:53","date_gmt":"2019-09-19T21:13:53","guid":{"rendered":"https:\/\/tourtravelandmore.com\/?post_type=product&#038;p=66853"},"modified":"2023-12-04T14:23:08","modified_gmt":"2023-12-04T13:23:08","slug":"visita-privada-a-pie-por-viena","status":"publish","type":"product","link":"https:\/\/tourtravelandmore.com\/es\/tours\/austria-es\/viena-es\/visita-privada-a-pie-por-viena\/","title":{"rendered":"Visita privada a pie por Viena"},"content":{"rendered":"<h2><b>Descripci\u00f3n del Tour Privado a Pie de Viena<\/b><\/h2>\n<p><span style=\"font-weight: 400;\">Sum\u00e9rjase en el coraz\u00f3n palpitante de la gloriosa capital de Austria con nuestro exquisito Tour Privado a Pie de Viena. Impregnada de rica cultura, grandeza arquitect\u00f3nica y una historia que abarca milenios, Viena ha cimentado su reputaci\u00f3n como una ciudad que combina las tradiciones imperiales con el encanto moderno.<\/span><\/p>\n<p><span style=\"font-weight: 400;\">Emprenda este instructivo viaje desde un punto de partida designado, donde un experimentado gu\u00eda privado le dar\u00e1 una c\u00e1lida bienvenida. Adaptando la experiencia a sus intereses, este recorrido privado a pie es la puerta ideal para explorar el distinguido centro hist\u00f3rico de Viena. Desde la serenidad de las pintorescas callejuelas hasta las bulliciosas plazas, descubrir\u00e1 monumentos tan impresionantes como la majestuosa Catedral de San Esteban, el grandioso Hofburg, la solemne Heldenplatz, la emblem\u00e1tica \u00d3pera y el emblem\u00e1tico Parlamento.<\/span><\/p>\n<p><span style=\"font-weight: 400;\">Pero el encanto de Viena no reside s\u00f3lo en sus espectaculares monumentos. Las historias, leyendas y an\u00e9cdotas que le contar\u00e1 su gu\u00eda dan vida a sus fachadas de piedra. Sum\u00e9rjase en las historias del Imperio de los Habsburgo, marav\u00edllese con las visiones de \u00e9pocas pasadas y sum\u00e9rjase en la transformaci\u00f3n de Viena desde su apogeo imperial hasta su efervescencia contempor\u00e1nea.<\/span><\/p>\n<p><span style=\"font-weight: 400;\">Mientras deambula por la ciudad durante tres enriquecedoras horas, enriquezca su comprensi\u00f3n de la historia global aprendiendo sobre acontecimientos emblem\u00e1ticos como el funeral de Mozart en la Catedral de San Esteban o los misterios que envuelven la creaci\u00f3n de la \u00d3pera de Viena.<\/span><\/p>\n<h2><b>Lugares de inter\u00e9s en el recorrido privado a pie por Viena<\/b><\/h2>\n<p><span style=\"font-weight: 400;\">Viena es mundialmente conocida por su excelente calidad de vida, pero tambi\u00e9n por sus maravillas arquitect\u00f3nicas e hist\u00f3ricas.<\/span><\/p>\n<ul>\n<li style=\"font-weight: 400;\" aria-level=\"1\"><b>Catedral de San Esteban: <\/b><span style=\"font-weight: 400;\">Obra maestra de la arquitectura, es un testimonio del fervor religioso y art\u00edstico de Europa. No s\u00f3lo cautiva por su esplendor g\u00f3tico, sino tambi\u00e9n por sus catacumbas llenas de historias de \u00e9pocas pasadas.<\/span><\/li>\n<li style=\"font-weight: 400;\" aria-level=\"1\"><b>La \u00d3pera de Viena:<\/b><span style=\"font-weight: 400;\"> M\u00e1s all\u00e1 de su majestuosa fachada se esconde una historia salpicada de actividades art\u00edsticas, acontecimientos misteriosos y actuaciones de talla mundial que resuenan entre los aficionados a la m\u00fasica cl\u00e1sica.<\/span><\/li>\n<li style=\"font-weight: 400;\" aria-level=\"1\"><b>Palacio de Hofburg:<\/b><span style=\"font-weight: 400;\"> M\u00e1s all\u00e1 de sus impresionantes exteriores, alberga el intrigante mundo de la princesa Sisi y exposiciones que representan la grandeza del reinado de los Habsburgo.<\/span><\/li>\n<li style=\"font-weight: 400;\" aria-level=\"1\"><b>Complejo del Palacio Belvedere:<\/b><span style=\"font-weight: 400;\"> Un complejo de edificios hist\u00f3ricos que alberga dos palacios barrocos, el invernadero y las caballerizas del palacio. Rodeado de hermosos jardines, ofrece una magn\u00edfica vista de Viena y alberga una colecci\u00f3n de importantes obras de arte, entre ellas &#8220;El beso&#8221; de Gustav Klimt.<\/span><\/li>\n<li style=\"font-weight: 400;\" aria-level=\"1\"><b>Mariahilferstra\u00dfe:<\/b><span style=\"font-weight: 400;\"> Mariahilferstra\u00dfe, la mayor calle comercial de Viena y un bullicioso centro de actividad, es un para\u00edso tanto para los compradores como para los amantes de la gastronom\u00eda. Repleta de edificios hist\u00f3ricos, combina a la perfecci\u00f3n el rico pasado de la ciudad con su vibrante presente.<\/span><\/li>\n<li style=\"font-weight: 400;\" aria-level=\"1\"><b>MuseumsQuartier:<\/b><span style=\"font-weight: 400;\"> Este din\u00e1mico complejo cultural, mezcla de edificios barrocos y arquitectura moderna, es uno de los mayores recintos de arte y cultura del mundo. Es un espacio donde las instalaciones de arte contempor\u00e1neo se encuentran con lugares hist\u00f3ricos, creando una fusi\u00f3n de lo antiguo y lo nuevo, ideal para los amantes del arte y los aficionados a la historia.<\/span><\/li>\n<\/ul>\n<p><span style=\"font-weight: 400;\">Si se aventura un poco m\u00e1s, se topar\u00e1 con joyas como la Biblioteca Nacional Austriaca, la Escuela de Equitaci\u00f3n, la Cripta de los Capuchinos, Stephansdom, el Parlamento austriaco y mucho m\u00e1s.<\/span><\/p>\n<p><span style=\"font-weight: 400;\">Al cabo de tres horas de inmersi\u00f3n, cuando concluya la visita, no se marchar\u00e1 s\u00f3lo con fotograf\u00edas, sino con recuerdos grabados en el tiempo e historias que resuenan en su coraz\u00f3n.<\/span><\/p>\n<p><span style=\"font-weight: 400;\">Si el encanto de Austria sigue tocando su fibra sensible, considere la posibilidad de ampliar su viaje con nuestra excursi\u00f3n privada a Salzburgo desde Viena, y siga tejiendo recuerdos para toda la vida.<\/span><\/p>\n<p><span style=\"font-weight: 400;\">\u00bfDesea vivir m\u00e1s experiencias de este tipo? <\/span><a href=\"https:\/\/tourtravelandmore.com\/es\/ciudad\/austria-es\/viena-es\/\"><span style=\"font-weight: 400;\">Sum\u00e9rjase en nuestra completa lista de circuitos privados por Viena y descubra lo mejor que la ciudad puede ofrecerle<\/span><\/a><span style=\"font-weight: 400;\">.<\/span><span style=\"font-weight: 400;\"> No se limite a visitar Viena, v\u00edvala.<\/span><\/p>\n","protected":false},"excerpt":{"rendered":"<p><span style=\"font-weight: 400;\">Emb\u00e1rquese en un recorrido privado a pie de 3 horas por el centro hist\u00f3rico de Viena. Desde la grandeza arquitect\u00f3nica de la Catedral de San Esteban hasta el majestuoso Palacio de Hofburg, descubra historias, marav\u00edllese ante monumentos emblem\u00e1ticos y sum\u00e9rjase en la espl\u00e9ndida capital de Austria con un gu\u00eda experto a su lado.<\/span><\/p>\n","protected":false},"featured_media":66798,"comment_status":"open","ping_status":"closed","template":"","meta":{"_acf_changed":false},"product_brand":[],"product_cat":[1380,1384,1383,1382],"product_tag":[],"class_list":{"0":"post-66853","1":"product","2":"type-product","3":"status-publish","4":"has-post-thumbnail","6":"product_cat-viena-es","7":"product_cat-vienna-tours-privados-actividades-es","8":"product_cat-viena-rutas-turisticas-privadas-es","9":"product_cat-viena-tours-privados-pie-es-es","11":"first","12":"instock","13":"shipping-taxable","14":"purchasable","15":"product-type-simple"},"acf":[],"yoast_head":"<!-- This site is optimized with the Yoast SEO Premium plugin v25.3.1 (Yoast SEO v25.3.1) - https:\/\/yoast.com\/wordpress\/plugins\/seo\/ -->\n<title>\u27a1\ufe0f Tour privado a pie por Viena | Tour Travel &amp; More<\/title>\n<meta name=\"description\" content=\"Ad\u00e9ntrese en la ilustre historia de Viena, sus maravillas arquitect\u00f3nicas y sus cuentos de anta\u00f1o con nuestro recorrido privado a pie de 3 horas. Descubra las joyas de la capital con nosotros. \u00a1Reserve ahora! \u2705\" \/>\n<meta name=\"robots\" content=\"index, follow, max-snippet:-1, max-image-preview:large, max-video-preview:-1\" \/>\n<link rel=\"canonical\" href=\"https:\/\/tourtravelandmore.com\/es\/tours\/austria-es\/viena-es\/visita-privada-a-pie-por-viena\/\" \/>\n<meta property=\"og:locale\" content=\"es_ES\" \/>\n<meta property=\"og:type\" content=\"article\" \/>\n<meta property=\"og:title\" content=\"Visita privada a pie por Viena\" \/>\n<meta property=\"og:description\" content=\"Ad\u00e9ntrese en la ilustre historia de Viena, sus maravillas arquitect\u00f3nicas y sus cuentos de anta\u00f1o con nuestro recorrido privado a pie de 3 horas. Descubra las joyas de la capital con nosotros. \u00a1Reserve ahora! \u2705\" \/>\n<meta property=\"og:url\" content=\"https:\/\/tourtravelandmore.com\/es\/tours\/austria-es\/viena-es\/visita-privada-a-pie-por-viena\/\" \/>\n<meta property=\"og:site_name\" content=\"Tour Travel And More\" \/>\n<meta property=\"article:publisher\" content=\"https:\/\/www.facebook.com\/tourtravelandmore\/\" \/>\n<meta property=\"article:modified_time\" content=\"2023-12-04T13:23:08+00:00\" \/>\n<meta property=\"og:image\" content=\"https:\/\/tourtravelandmore.com\/wp-content\/uploads\/2019\/09\/vienna-st-stephen.jpg\" \/>\n\t<meta property=\"og:image:width\" content=\"878\" \/>\n\t<meta property=\"og:image:height\" content=\"720\" \/>\n\t<meta property=\"og:image:type\" content=\"image\/jpeg\" \/>\n<meta name=\"twitter:card\" content=\"summary_large_image\" \/>\n<meta name=\"twitter:site\" content=\"@TourTravel_More\" \/>\n<meta name=\"twitter:label1\" content=\"Tiempo de lectura\" \/>\n\t<meta name=\"twitter:data1\" content=\"4 minutos\" \/>\n<script type=\"application\/ld+json\" class=\"yoast-schema-graph\">{\"@context\":\"https:\/\/schema.org\",\"@graph\":[{\"@type\":\"WebPage\",\"@id\":\"https:\/\/tourtravelandmore.com\/es\/tours\/austria-es\/viena-es\/visita-privada-a-pie-por-viena\/\",\"url\":\"https:\/\/tourtravelandmore.com\/es\/tours\/austria-es\/viena-es\/visita-privada-a-pie-por-viena\/\",\"name\":\"\u27a1\ufe0f Tour privado a pie por Viena | Tour Travel & More\",\"isPartOf\":{\"@id\":\"https:\/\/tourtravelandmore.com\/es\/#website\"},\"primaryImageOfPage\":{\"@id\":\"https:\/\/tourtravelandmore.com\/es\/tours\/austria-es\/viena-es\/visita-privada-a-pie-por-viena\/#primaryimage\"},\"image\":{\"@id\":\"https:\/\/tourtravelandmore.com\/es\/tours\/austria-es\/viena-es\/visita-privada-a-pie-por-viena\/#primaryimage\"},\"thumbnailUrl\":\"https:\/\/tourtravelandmore.com\/wp-content\/uploads\/2019\/09\/vienna-st-stephen.jpg\",\"datePublished\":\"2019-09-19T21:13:53+00:00\",\"dateModified\":\"2023-12-04T13:23:08+00:00\",\"description\":\"Ad\u00e9ntrese en la ilustre historia de Viena, sus maravillas arquitect\u00f3nicas y sus cuentos de anta\u00f1o con nuestro recorrido privado a pie de 3 horas. Descubra las joyas de la capital con nosotros. \u00a1Reserve ahora! \u2705\",\"breadcrumb\":{\"@id\":\"https:\/\/tourtravelandmore.com\/es\/tours\/austria-es\/viena-es\/visita-privada-a-pie-por-viena\/#breadcrumb\"},\"inLanguage\":\"es\",\"potentialAction\":[{\"@type\":\"ReadAction\",\"target\":[\"https:\/\/tourtravelandmore.com\/es\/tours\/austria-es\/viena-es\/visita-privada-a-pie-por-viena\/\"]}]},{\"@type\":\"ImageObject\",\"inLanguage\":\"es\",\"@id\":\"https:\/\/tourtravelandmore.com\/es\/tours\/austria-es\/viena-es\/visita-privada-a-pie-por-viena\/#primaryimage\",\"url\":\"https:\/\/tourtravelandmore.com\/wp-content\/uploads\/2019\/09\/vienna-st-stephen.jpg\",\"contentUrl\":\"https:\/\/tourtravelandmore.com\/wp-content\/uploads\/2019\/09\/vienna-st-stephen.jpg\",\"width\":878,\"height\":720},{\"@type\":\"BreadcrumbList\",\"@id\":\"https:\/\/tourtravelandmore.com\/es\/tours\/austria-es\/viena-es\/visita-privada-a-pie-por-viena\/#breadcrumb\",\"itemListElement\":[{\"@type\":\"ListItem\",\"position\":1,\"name\":\"Home\",\"item\":\"https:\/\/tourtravelandmore.com\/es\/\"},{\"@type\":\"ListItem\",\"position\":2,\"name\":\"Tours\",\"item\":\"https:\/\/tourtravelandmore.com\/es\/tours\/\"},{\"@type\":\"ListItem\",\"position\":3,\"name\":\"Visita privada a pie por Viena\"}]},{\"@type\":\"WebSite\",\"@id\":\"https:\/\/tourtravelandmore.com\/es\/#website\",\"url\":\"https:\/\/tourtravelandmore.com\/es\/\",\"name\":\"Tour Travel And More\",\"description\":\"Private sightseeing tours and luxury transfers in Spain\",\"publisher\":{\"@id\":\"https:\/\/tourtravelandmore.com\/es\/#organization\"},\"potentialAction\":[{\"@type\":\"SearchAction\",\"target\":{\"@type\":\"EntryPoint\",\"urlTemplate\":\"https:\/\/tourtravelandmore.com\/es\/?s={search_term_string}\"},\"query-input\":{\"@type\":\"PropertyValueSpecification\",\"valueRequired\":true,\"valueName\":\"search_term_string\"}}],\"inLanguage\":\"es\"},{\"@type\":\"Organization\",\"@id\":\"https:\/\/tourtravelandmore.com\/es\/#organization\",\"name\":\"Tour Travel And More\",\"url\":\"https:\/\/tourtravelandmore.com\/es\/\",\"logo\":{\"@type\":\"ImageObject\",\"inLanguage\":\"es\",\"@id\":\"https:\/\/tourtravelandmore.com\/es\/#\/schema\/logo\/image\/\",\"url\":\"https:\/\/tourtravelandmore.com\/wp-content\/uploads\/2022\/12\/cropped-logo-cabecera-new.png\",\"contentUrl\":\"https:\/\/tourtravelandmore.com\/wp-content\/uploads\/2022\/12\/cropped-logo-cabecera-new.png\",\"width\":430,\"height\":61,\"caption\":\"Tour Travel And More\"},\"image\":{\"@id\":\"https:\/\/tourtravelandmore.com\/es\/#\/schema\/logo\/image\/\"},\"sameAs\":[\"https:\/\/www.facebook.com\/tourtravelandmore\/\",\"https:\/\/x.com\/TourTravel_More\"]}]}<\/script>\n<!-- \/ Yoast SEO Premium plugin. -->","yoast_head_json":{"title":"\u27a1\ufe0f Tour privado a pie por Viena | Tour Travel & More","description":"Ad\u00e9ntrese en la ilustre historia de Viena, sus maravillas arquitect\u00f3nicas y sus cuentos de anta\u00f1o con nuestro recorrido privado a pie de 3 horas. Descubra las joyas de la capital con nosotros. \u00a1Reserve ahora! \u2705","robots":{"index":"index","follow":"follow","max-snippet":"max-snippet:-1","max-image-preview":"max-image-preview:large","max-video-preview":"max-video-preview:-1"},"canonical":"https:\/\/tourtravelandmore.com\/es\/tours\/austria-es\/viena-es\/visita-privada-a-pie-por-viena\/","og_locale":"es_ES","og_type":"article","og_title":"Visita privada a pie por Viena","og_description":"Ad\u00e9ntrese en la ilustre historia de Viena, sus maravillas arquitect\u00f3nicas y sus cuentos de anta\u00f1o con nuestro recorrido privado a pie de 3 horas. Descubra las joyas de la capital con nosotros. \u00a1Reserve ahora! \u2705","og_url":"https:\/\/tourtravelandmore.com\/es\/tours\/austria-es\/viena-es\/visita-privada-a-pie-por-viena\/","og_site_name":"Tour Travel And More","article_publisher":"https:\/\/www.facebook.com\/tourtravelandmore\/","article_modified_time":"2023-12-04T13:23:08+00:00","og_image":[{"width":878,"height":720,"url":"https:\/\/tourtravelandmore.com\/wp-content\/uploads\/2019\/09\/vienna-st-stephen.jpg","type":"image\/jpeg"}],"twitter_card":"summary_large_image","twitter_site":"@TourTravel_More","twitter_misc":{"Tiempo de lectura":"4 minutos"},"schema":{"@context":"https:\/\/schema.org","@graph":[{"@type":"WebPage","@id":"https:\/\/tourtravelandmore.com\/es\/tours\/austria-es\/viena-es\/visita-privada-a-pie-por-viena\/","url":"https:\/\/tourtravelandmore.com\/es\/tours\/austria-es\/viena-es\/visita-privada-a-pie-por-viena\/","name":"\u27a1\ufe0f Tour privado a pie por Viena | Tour Travel & More","isPartOf":{"@id":"https:\/\/tourtravelandmore.com\/es\/#website"},"primaryImageOfPage":{"@id":"https:\/\/tourtravelandmore.com\/es\/tours\/austria-es\/viena-es\/visita-privada-a-pie-por-viena\/#primaryimage"},"image":{"@id":"https:\/\/tourtravelandmore.com\/es\/tours\/austria-es\/viena-es\/visita-privada-a-pie-por-viena\/#primaryimage"},"thumbnailUrl":"https:\/\/tourtravelandmore.com\/wp-content\/uploads\/2019\/09\/vienna-st-stephen.jpg","datePublished":"2019-09-19T21:13:53+00:00","dateModified":"2023-12-04T13:23:08+00:00","description":"Ad\u00e9ntrese en la ilustre historia de Viena, sus maravillas arquitect\u00f3nicas y sus cuentos de anta\u00f1o con nuestro recorrido privado a pie de 3 horas. Descubra las joyas de la capital con nosotros. \u00a1Reserve ahora! \u2705","breadcrumb":{"@id":"https:\/\/tourtravelandmore.com\/es\/tours\/austria-es\/viena-es\/visita-privada-a-pie-por-viena\/#breadcrumb"},"inLanguage":"es","potentialAction":[{"@type":"ReadAction","target":["https:\/\/tourtravelandmore.com\/es\/tours\/austria-es\/viena-es\/visita-privada-a-pie-por-viena\/"]}]},{"@type":"ImageObject","inLanguage":"es","@id":"https:\/\/tourtravelandmore.com\/es\/tours\/austria-es\/viena-es\/visita-privada-a-pie-por-viena\/#primaryimage","url":"https:\/\/tourtravelandmore.com\/wp-content\/uploads\/2019\/09\/vienna-st-stephen.jpg","contentUrl":"https:\/\/tourtravelandmore.com\/wp-content\/uploads\/2019\/09\/vienna-st-stephen.jpg","width":878,"height":720},{"@type":"BreadcrumbList","@id":"https:\/\/tourtravelandmore.com\/es\/tours\/austria-es\/viena-es\/visita-privada-a-pie-por-viena\/#breadcrumb","itemListElement":[{"@type":"ListItem","position":1,"name":"Home","item":"https:\/\/tourtravelandmore.com\/es\/"},{"@type":"ListItem","position":2,"name":"Tours","item":"https:\/\/tourtravelandmore.com\/es\/tours\/"},{"@type":"ListItem","position":3,"name":"Visita privada a pie por Viena"}]},{"@type":"WebSite","@id":"https:\/\/tourtravelandmore.com\/es\/#website","url":"https:\/\/tourtravelandmore.com\/es\/","name":"Tour Travel And More","description":"Private sightseeing tours and luxury transfers in Spain","publisher":{"@id":"https:\/\/tourtravelandmore.com\/es\/#organization"},"potentialAction":[{"@type":"SearchAction","target":{"@type":"EntryPoint","urlTemplate":"https:\/\/tourtravelandmore.com\/es\/?s={search_term_string}"},"query-input":{"@type":"PropertyValueSpecification","valueRequired":true,"valueName":"search_term_string"}}],"inLanguage":"es"},{"@type":"Organization","@id":"https:\/\/tourtravelandmore.com\/es\/#organization","name":"Tour Travel And More","url":"https:\/\/tourtravelandmore.com\/es\/","logo":{"@type":"ImageObject","inLanguage":"es","@id":"https:\/\/tourtravelandmore.com\/es\/#\/schema\/logo\/image\/","url":"https:\/\/tourtravelandmore.com\/wp-content\/uploads\/2022\/12\/cropped-logo-cabecera-new.png","contentUrl":"https:\/\/tourtravelandmore.com\/wp-content\/uploads\/2022\/12\/cropped-logo-cabecera-new.png","width":430,"height":61,"caption":"Tour Travel And More"},"image":{"@id":"https:\/\/tourtravelandmore.com\/es\/#\/schema\/logo\/image\/"},"sameAs":["https:\/\/www.facebook.com\/tourtravelandmore\/","https:\/\/x.com\/TourTravel_More"]}]}},"_links":{"self":[{"href":"https:\/\/tourtravelandmore.com\/es\/wp-json\/wp\/v2\/product\/66853","targetHints":{"allow":["GET"]}}],"collection":[{"href":"https:\/\/tourtravelandmore.com\/es\/wp-json\/wp\/v2\/product"}],"about":[{"href":"https:\/\/tourtravelandmore.com\/es\/wp-json\/wp\/v2\/types\/product"}],"replies":[{"embeddable":true,"href":"https:\/\/tourtravelandmore.com\/es\/wp-json\/wp\/v2\/comments?post=66853"}],"wp:featuredmedia":[{"embeddable":true,"href":"https:\/\/tourtravelandmore.com\/es\/wp-json\/wp\/v2\/media\/66798"}],"wp:attachment":[{"href":"https:\/\/tourtravelandmore.com\/es\/wp-json\/wp\/v2\/media?parent=66853"}],"wp:term":[{"taxonomy":"product_brand","embeddable":true,"href":"https:\/\/tourtravelandmore.com\/es\/wp-json\/wp\/v2\/product_brand?post=66853"},{"taxonomy":"product_cat","embeddable":true,"href":"https:\/\/tourtravelandmore.com\/es\/wp-json\/wp\/v2\/product_cat?post=66853"},{"taxonomy":"product_tag","embeddable":true,"href":"https:\/\/tourtravelandmore.com\/es\/wp-json\/wp\/v2\/product_tag?post=66853"}],"curies":[{"name":"wp","href":"https:\/\/api.w.org\/{rel}","templated":true}]}}