{"id":66828,"date":"2019-09-22T14:06:13","date_gmt":"2019-09-22T12:06:13","guid":{"rendered":"https:\/\/tourtravelandmore.com\/?post_type=product&#038;p=66828"},"modified":"2023-08-14T09:04:49","modified_gmt":"2023-08-14T07:04:49","slug":"tour-privado-por-la-ciudad-de-bratislava","status":"publish","type":"product","link":"https:\/\/tourtravelandmore.com\/es\/tours\/eslovaquia-es\/bratislava-es\/tour-privado-por-la-ciudad-de-bratislava\/","title":{"rendered":"Tour Privado por la ciudad de Bratislava"},"content":{"rendered":"<h2>Descripci\u00f3n del Tour Privado por la ciudad de Bratislava<\/h2>\n<p>Disfrute del casco antiguo de <strong>Bratislava<\/strong>, sus numerosas iglesias y sus maravillosas vistas hist\u00f3ricas durante este <strong>tour privado por la ciudad<\/strong> con su propio gu\u00eda tur\u00edstico oficial privado, c\u00f3modamente en su veh\u00edculo privado de lujo con chofer y conozca lo mejor de lo que <strong>Bratislava<\/strong> tiene para ofrecer en este <strong>Tour privado<\/strong>.<br \/>\nPara que esta experiencia sea m\u00e1s f\u00e1cil y c\u00f3moda para usted, nos reuniremos con usted en su hotel o lugar de elecci\u00f3n en Bratislava.<\/p>\n<p>Se encontrar\u00e1 con su gu\u00eda en un punto central de la ciudad, donde comenzar\u00e1 su tour privado por la ciudad. En Bratislava, veremos la impresionante arquitectura medieval de la ciudad, donde su primera parada ser\u00e1 el Teatro Nacional Eslovaco, el segundo teatro profesional eslovaco m\u00e1s antiguo. Despu\u00e9s, continuaremos hasta el Museo Nacional Eslovaco, ubicado a la vanguardia de la conservaci\u00f3n de la cultura eslovaca. M\u00e1s tarde tomaremos una vista magn\u00edfica y relajante del r\u00edo Danubio en el Palacio Esterh\u00e1zy. Podemos tomar un peque\u00f1o descanso en uno de sus muchos restaurantes de lujo y deleitarnos con la impresionante comida eslovaca.<\/p>\n<p>Como todos nuestros tours, este tour privado por la ciudad es un tour completamente personalizable. Podemos organizarlo para satisfacer sus propias necesidades y deseos personales. Tenga en cuenta que el tour se puede ajustar de acuerdo a sus necesidades con solo contactarnos. Su gu\u00eda oficial estar\u00e1 atento para explorar los lugares m\u00e1s emblem\u00e1ticos e impresionantes de Bratislava. Puedes tomar las mejores fotos cuando y donde quieras durante tu tour. La duraci\u00f3n exacta del tour es completamente flexible. El horario y la duraci\u00f3n del tour est\u00e1 planeado para ser de 4 horas a trav\u00e9s de los monumentos y los interesantes puntos de Bratislava.<\/p>\n<h2>Principales puntos de inter\u00e9s durante este tour privado<\/h2>\n<p>Durante su recorrido privado descubrir\u00e1 algunos de los sitios m\u00e1s emblem\u00e1ticos de Bratislava. Una vez que comenzamos su tour privado en Bratislava, le ofrecemos visitar estos lugares:<\/p>\n<ul>\n<li><strong>Teatro nacional eslovaco<\/strong><\/li>\n<li><strong>Universidad Comenius en Bratislava<\/strong><\/li>\n<li><strong>Museo nacional eslovaco<\/strong><\/li>\n<li><strong>Palacio Esterh\u00e1zy<\/strong><\/li>\n<li><strong>Antiguo teatro nacional eslovaco<\/strong><\/li>\n<li><strong>Academia Istropolitana<\/strong><\/li>\n<li><strong>Casa del buen pastor<\/strong><\/li>\n<li><strong>Plaza de la libertad<\/strong><\/li>\n<li><strong>Memorial de Slavin<\/strong><\/li>\n<li>Y muchos m\u00e1s lugares en este tour privado de Bratislava.<\/li>\n<\/ul>\n<p>Podemos organizar la duraci\u00f3n del tour y los sitios a visitar, para satisfacer sus necesidades y preferencias personales. Le podemos ofrecer horas extra o incluso hacer que sea una experiencia de d\u00eda completa. H\u00e1ganos saber cu\u00e1nto tiempo le gustar\u00eda realizar su tour privado. Este tour privado por la ciudad de Hamburgo est\u00e1 planeado para ser un tour de 4 horas.<\/p>\n<p>Cada gu\u00eda es un gu\u00eda tur\u00edstico oficial con gran conocimiento de cada ciudad y su historia. Su veh\u00edculo privado es un veh\u00edculo de lujo, un Mercedes Benz Clase E, Viano o Vito. Cada uno con un chofer separado para garantizar la atenci\u00f3n de sus gu\u00edas tur\u00edsticos oficiales durante todo el recorrido.<br \/>\nCuando finalice el recorrido, su gu\u00eda tur\u00edstico privado y chofer con veh\u00edculo lo llevar\u00e1n de regreso a su hotel o lugar de elecci\u00f3n en Hamburgo.<\/p>\n<h4>La Ciudad: Bratislava<\/h4>\n<p>La ciudad de Bratislava es la capital de Eslovaquia, as\u00ed como su centro pol\u00edtico, cultural y econ\u00f3mico, con una poblaci\u00f3n de aproximadamente 430,000. Es una de las capitales m\u00e1s peque\u00f1as de Europa, pero sigue siendo la ciudad m\u00e1s grande del pa\u00eds, con grandes empresas e instituciones financieras. Limitando con Austria y Hungr\u00eda, es la \u00fanica capital nacional que limita con dos estados soberanos. La regi\u00f3n de Bratislava es la regi\u00f3n m\u00e1s rica y econ\u00f3micamente m\u00e1s pr\u00f3spera de Eslovaquia, a pesar de ser la m\u00e1s peque\u00f1a por \u00e1rea y tener la tercera poblaci\u00f3n m\u00e1s peque\u00f1a de las ocho regiones eslovacas. En 2017, Bratislava fue clasificada como la tercera regi\u00f3n m\u00e1s rica de la Uni\u00f3n Europea por PIB (PPA) per c\u00e1pita, despu\u00e9s de Hamburgo y Ciudad de Luxemburgo.<\/p>\n<h4>Nuestros Tours Privados en Tour Travel &amp; More<\/h4>\n<p>Ofrecemos a nuestros clientes tours privados para familias, amigos e incluso para incentivos o grupos grandes. Entendemos las necesidades de los viajeros mientras est\u00e1n de vacaciones, y hacemos todo lo posible para que su estancia sea inolvidable. Nuestra flota se compone de veh\u00edculos de lujo y nuestro personal es perfectamente multiling\u00fce. Nuestros gu\u00edas son gu\u00edas oficiales y viven en Hamburgo y son grandes conocedores de la ciudad. Nuestros gu\u00edas en Hamburgo hablan varios idiomas<strong>: Ingl\u00e9s, Espa\u00f1ol, Franc\u00e9s, Italiano, Polaco, Holand\u00e9s, Chino, Ruso, Japon\u00e9s, Alem\u00e1n, Griego y Portugu\u00e9s.<\/strong><\/p>\n","protected":false},"excerpt":{"rendered":"<p>Avent\u00farate en este <strong>tour privado de 4 horas<\/strong>\u00a0y disfrute del casco antiguo de <strong>Bratislava<\/strong>. No se pierda la oportunidad de conocer la ciudad, su parque y todo lo que tiene para ofrecer junto a su gu\u00eda tur\u00edstico oficial privado, c\u00f3modamente en su veh\u00edculo privado de lujo con chofer. Lo recogeremos de su hotel o lugar de elecci\u00f3n en<strong> Bratislava.<\/strong><\/p>\n<p>&nbsp;<\/p>\n","protected":false},"featured_media":67060,"comment_status":"open","ping_status":"closed","template":"","meta":{"_acf_changed":false},"product_brand":[],"product_cat":[1613,1415,1482,1419],"product_tag":[],"class_list":{"0":"post-66828","1":"product","2":"type-product","3":"status-publish","4":"has-post-thumbnail","6":"product_cat-eslovaquia-es","7":"product_cat-bratislava-es","8":"product_cat-oslo-actividades-es","9":"product_cat-bratislava-rutas-turisticas-privadas-es","11":"first","12":"instock","13":"shipping-taxable","14":"purchasable","15":"product-type-simple"},"acf":[],"yoast_head":"<!-- This site is optimized with the Yoast SEO Premium plugin v25.3.1 (Yoast SEO v25.3.1) - https:\/\/yoast.com\/wordpress\/plugins\/seo\/ -->\n<title>\u27a1\ufe0f Tour Privado de la ciudad de Bratislava | Tour Travel &amp; More<\/title>\n<meta name=\"description\" content=\"Tour privado por Bratislava y sus monumentos con gu\u00eda oficial. Conozca los lugares m\u00e1s emblem\u00e1ticos c\u00f3modos dentro de un veh\u00edculo privado con chofer \u2705\" \/>\n<meta name=\"robots\" content=\"index, follow, max-snippet:-1, max-image-preview:large, max-video-preview:-1\" \/>\n<link rel=\"canonical\" href=\"https:\/\/tourtravelandmore.com\/es\/tours\/eslovaquia-es\/bratislava-es\/tour-privado-por-la-ciudad-de-bratislava\/\" \/>\n<meta property=\"og:locale\" content=\"es_ES\" \/>\n<meta property=\"og:type\" content=\"article\" \/>\n<meta property=\"og:title\" content=\"Tour Privado por la ciudad de Bratislava\" \/>\n<meta property=\"og:description\" content=\"Tour privado por Bratislava y sus monumentos con gu\u00eda oficial. Conozca los lugares m\u00e1s emblem\u00e1ticos c\u00f3modos dentro de un veh\u00edculo privado con chofer \u2705\" \/>\n<meta property=\"og:url\" content=\"https:\/\/tourtravelandmore.com\/es\/tours\/eslovaquia-es\/bratislava-es\/tour-privado-por-la-ciudad-de-bratislava\/\" \/>\n<meta property=\"og:site_name\" content=\"Tour Travel And More\" \/>\n<meta property=\"article:publisher\" content=\"https:\/\/www.facebook.com\/tourtravelandmore\/\" \/>\n<meta property=\"article:modified_time\" content=\"2023-08-14T07:04:49+00:00\" \/>\n<meta property=\"og:image\" content=\"https:\/\/tourtravelandmore.com\/wp-content\/uploads\/2019\/09\/bratislava-michaels-gate.jpg\" \/>\n\t<meta property=\"og:image:width\" content=\"1024\" \/>\n\t<meta property=\"og:image:height\" content=\"749\" \/>\n\t<meta property=\"og:image:type\" content=\"image\/jpeg\" \/>\n<meta name=\"twitter:card\" content=\"summary_large_image\" \/>\n<meta name=\"twitter:site\" content=\"@TourTravel_More\" \/>\n<meta name=\"twitter:label1\" content=\"Tiempo de lectura\" \/>\n\t<meta name=\"twitter:data1\" content=\"4 minutos\" \/>\n<script type=\"application\/ld+json\" class=\"yoast-schema-graph\">{\"@context\":\"https:\/\/schema.org\",\"@graph\":[{\"@type\":\"WebPage\",\"@id\":\"https:\/\/tourtravelandmore.com\/es\/tours\/eslovaquia-es\/bratislava-es\/tour-privado-por-la-ciudad-de-bratislava\/\",\"url\":\"https:\/\/tourtravelandmore.com\/es\/tours\/eslovaquia-es\/bratislava-es\/tour-privado-por-la-ciudad-de-bratislava\/\",\"name\":\"\u27a1\ufe0f Tour Privado de la ciudad de Bratislava | Tour Travel & More\",\"isPartOf\":{\"@id\":\"https:\/\/tourtravelandmore.com\/es\/#website\"},\"primaryImageOfPage\":{\"@id\":\"https:\/\/tourtravelandmore.com\/es\/tours\/eslovaquia-es\/bratislava-es\/tour-privado-por-la-ciudad-de-bratislava\/#primaryimage\"},\"image\":{\"@id\":\"https:\/\/tourtravelandmore.com\/es\/tours\/eslovaquia-es\/bratislava-es\/tour-privado-por-la-ciudad-de-bratislava\/#primaryimage\"},\"thumbnailUrl\":\"https:\/\/tourtravelandmore.com\/wp-content\/uploads\/2019\/09\/bratislava-michaels-gate.jpg\",\"datePublished\":\"2019-09-22T12:06:13+00:00\",\"dateModified\":\"2023-08-14T07:04:49+00:00\",\"description\":\"Tour privado por Bratislava y sus monumentos con gu\u00eda oficial. Conozca los lugares m\u00e1s emblem\u00e1ticos c\u00f3modos dentro de un veh\u00edculo privado con chofer \u2705\",\"breadcrumb\":{\"@id\":\"https:\/\/tourtravelandmore.com\/es\/tours\/eslovaquia-es\/bratislava-es\/tour-privado-por-la-ciudad-de-bratislava\/#breadcrumb\"},\"inLanguage\":\"es\",\"potentialAction\":[{\"@type\":\"ReadAction\",\"target\":[\"https:\/\/tourtravelandmore.com\/es\/tours\/eslovaquia-es\/bratislava-es\/tour-privado-por-la-ciudad-de-bratislava\/\"]}]},{\"@type\":\"ImageObject\",\"inLanguage\":\"es\",\"@id\":\"https:\/\/tourtravelandmore.com\/es\/tours\/eslovaquia-es\/bratislava-es\/tour-privado-por-la-ciudad-de-bratislava\/#primaryimage\",\"url\":\"https:\/\/tourtravelandmore.com\/wp-content\/uploads\/2019\/09\/bratislava-michaels-gate.jpg\",\"contentUrl\":\"https:\/\/tourtravelandmore.com\/wp-content\/uploads\/2019\/09\/bratislava-michaels-gate.jpg\",\"width\":1024,\"height\":749},{\"@type\":\"BreadcrumbList\",\"@id\":\"https:\/\/tourtravelandmore.com\/es\/tours\/eslovaquia-es\/bratislava-es\/tour-privado-por-la-ciudad-de-bratislava\/#breadcrumb\",\"itemListElement\":[{\"@type\":\"ListItem\",\"position\":1,\"name\":\"Home\",\"item\":\"https:\/\/tourtravelandmore.com\/es\/\"},{\"@type\":\"ListItem\",\"position\":2,\"name\":\"Tours\",\"item\":\"https:\/\/tourtravelandmore.com\/es\/tours\/\"},{\"@type\":\"ListItem\",\"position\":3,\"name\":\"Tour Privado por la ciudad de Bratislava\"}]},{\"@type\":\"WebSite\",\"@id\":\"https:\/\/tourtravelandmore.com\/es\/#website\",\"url\":\"https:\/\/tourtravelandmore.com\/es\/\",\"name\":\"Tour Travel And More\",\"description\":\"Private sightseeing tours and luxury transfers in Spain\",\"publisher\":{\"@id\":\"https:\/\/tourtravelandmore.com\/es\/#organization\"},\"potentialAction\":[{\"@type\":\"SearchAction\",\"target\":{\"@type\":\"EntryPoint\",\"urlTemplate\":\"https:\/\/tourtravelandmore.com\/es\/?s={search_term_string}\"},\"query-input\":{\"@type\":\"PropertyValueSpecification\",\"valueRequired\":true,\"valueName\":\"search_term_string\"}}],\"inLanguage\":\"es\"},{\"@type\":\"Organization\",\"@id\":\"https:\/\/tourtravelandmore.com\/es\/#organization\",\"name\":\"Tour Travel And More\",\"url\":\"https:\/\/tourtravelandmore.com\/es\/\",\"logo\":{\"@type\":\"ImageObject\",\"inLanguage\":\"es\",\"@id\":\"https:\/\/tourtravelandmore.com\/es\/#\/schema\/logo\/image\/\",\"url\":\"https:\/\/tourtravelandmore.com\/wp-content\/uploads\/2022\/12\/cropped-logo-cabecera-new.png\",\"contentUrl\":\"https:\/\/tourtravelandmore.com\/wp-content\/uploads\/2022\/12\/cropped-logo-cabecera-new.png\",\"width\":430,\"height\":61,\"caption\":\"Tour Travel And More\"},\"image\":{\"@id\":\"https:\/\/tourtravelandmore.com\/es\/#\/schema\/logo\/image\/\"},\"sameAs\":[\"https:\/\/www.facebook.com\/tourtravelandmore\/\",\"https:\/\/x.com\/TourTravel_More\"]}]}<\/script>\n<!-- \/ Yoast SEO Premium plugin. -->","yoast_head_json":{"title":"\u27a1\ufe0f Tour Privado de la ciudad de Bratislava | Tour Travel & More","description":"Tour privado por Bratislava y sus monumentos con gu\u00eda oficial. Conozca los lugares m\u00e1s emblem\u00e1ticos c\u00f3modos dentro de un veh\u00edculo privado con chofer \u2705","robots":{"index":"index","follow":"follow","max-snippet":"max-snippet:-1","max-image-preview":"max-image-preview:large","max-video-preview":"max-video-preview:-1"},"canonical":"https:\/\/tourtravelandmore.com\/es\/tours\/eslovaquia-es\/bratislava-es\/tour-privado-por-la-ciudad-de-bratislava\/","og_locale":"es_ES","og_type":"article","og_title":"Tour Privado por la ciudad de Bratislava","og_description":"Tour privado por Bratislava y sus monumentos con gu\u00eda oficial. Conozca los lugares m\u00e1s emblem\u00e1ticos c\u00f3modos dentro de un veh\u00edculo privado con chofer \u2705","og_url":"https:\/\/tourtravelandmore.com\/es\/tours\/eslovaquia-es\/bratislava-es\/tour-privado-por-la-ciudad-de-bratislava\/","og_site_name":"Tour Travel And More","article_publisher":"https:\/\/www.facebook.com\/tourtravelandmore\/","article_modified_time":"2023-08-14T07:04:49+00:00","og_image":[{"width":1024,"height":749,"url":"https:\/\/tourtravelandmore.com\/wp-content\/uploads\/2019\/09\/bratislava-michaels-gate.jpg","type":"image\/jpeg"}],"twitter_card":"summary_large_image","twitter_site":"@TourTravel_More","twitter_misc":{"Tiempo de lectura":"4 minutos"},"schema":{"@context":"https:\/\/schema.org","@graph":[{"@type":"WebPage","@id":"https:\/\/tourtravelandmore.com\/es\/tours\/eslovaquia-es\/bratislava-es\/tour-privado-por-la-ciudad-de-bratislava\/","url":"https:\/\/tourtravelandmore.com\/es\/tours\/eslovaquia-es\/bratislava-es\/tour-privado-por-la-ciudad-de-bratislava\/","name":"\u27a1\ufe0f Tour Privado de la ciudad de Bratislava | Tour Travel & More","isPartOf":{"@id":"https:\/\/tourtravelandmore.com\/es\/#website"},"primaryImageOfPage":{"@id":"https:\/\/tourtravelandmore.com\/es\/tours\/eslovaquia-es\/bratislava-es\/tour-privado-por-la-ciudad-de-bratislava\/#primaryimage"},"image":{"@id":"https:\/\/tourtravelandmore.com\/es\/tours\/eslovaquia-es\/bratislava-es\/tour-privado-por-la-ciudad-de-bratislava\/#primaryimage"},"thumbnailUrl":"https:\/\/tourtravelandmore.com\/wp-content\/uploads\/2019\/09\/bratislava-michaels-gate.jpg","datePublished":"2019-09-22T12:06:13+00:00","dateModified":"2023-08-14T07:04:49+00:00","description":"Tour privado por Bratislava y sus monumentos con gu\u00eda oficial. Conozca los lugares m\u00e1s emblem\u00e1ticos c\u00f3modos dentro de un veh\u00edculo privado con chofer \u2705","breadcrumb":{"@id":"https:\/\/tourtravelandmore.com\/es\/tours\/eslovaquia-es\/bratislava-es\/tour-privado-por-la-ciudad-de-bratislava\/#breadcrumb"},"inLanguage":"es","potentialAction":[{"@type":"ReadAction","target":["https:\/\/tourtravelandmore.com\/es\/tours\/eslovaquia-es\/bratislava-es\/tour-privado-por-la-ciudad-de-bratislava\/"]}]},{"@type":"ImageObject","inLanguage":"es","@id":"https:\/\/tourtravelandmore.com\/es\/tours\/eslovaquia-es\/bratislava-es\/tour-privado-por-la-ciudad-de-bratislava\/#primaryimage","url":"https:\/\/tourtravelandmore.com\/wp-content\/uploads\/2019\/09\/bratislava-michaels-gate.jpg","contentUrl":"https:\/\/tourtravelandmore.com\/wp-content\/uploads\/2019\/09\/bratislava-michaels-gate.jpg","width":1024,"height":749},{"@type":"BreadcrumbList","@id":"https:\/\/tourtravelandmore.com\/es\/tours\/eslovaquia-es\/bratislava-es\/tour-privado-por-la-ciudad-de-bratislava\/#breadcrumb","itemListElement":[{"@type":"ListItem","position":1,"name":"Home","item":"https:\/\/tourtravelandmore.com\/es\/"},{"@type":"ListItem","position":2,"name":"Tours","item":"https:\/\/tourtravelandmore.com\/es\/tours\/"},{"@type":"ListItem","position":3,"name":"Tour Privado por la ciudad de Bratislava"}]},{"@type":"WebSite","@id":"https:\/\/tourtravelandmore.com\/es\/#website","url":"https:\/\/tourtravelandmore.com\/es\/","name":"Tour Travel And More","description":"Private sightseeing tours and luxury transfers in Spain","publisher":{"@id":"https:\/\/tourtravelandmore.com\/es\/#organization"},"potentialAction":[{"@type":"SearchAction","target":{"@type":"EntryPoint","urlTemplate":"https:\/\/tourtravelandmore.com\/es\/?s={search_term_string}"},"query-input":{"@type":"PropertyValueSpecification","valueRequired":true,"valueName":"search_term_string"}}],"inLanguage":"es"},{"@type":"Organization","@id":"https:\/\/tourtravelandmore.com\/es\/#organization","name":"Tour Travel And More","url":"https:\/\/tourtravelandmore.com\/es\/","logo":{"@type":"ImageObject","inLanguage":"es","@id":"https:\/\/tourtravelandmore.com\/es\/#\/schema\/logo\/image\/","url":"https:\/\/tourtravelandmore.com\/wp-content\/uploads\/2022\/12\/cropped-logo-cabecera-new.png","contentUrl":"https:\/\/tourtravelandmore.com\/wp-content\/uploads\/2022\/12\/cropped-logo-cabecera-new.png","width":430,"height":61,"caption":"Tour Travel And More"},"image":{"@id":"https:\/\/tourtravelandmore.com\/es\/#\/schema\/logo\/image\/"},"sameAs":["https:\/\/www.facebook.com\/tourtravelandmore\/","https:\/\/x.com\/TourTravel_More"]}]}},"_links":{"self":[{"href":"https:\/\/tourtravelandmore.com\/es\/wp-json\/wp\/v2\/product\/66828","targetHints":{"allow":["GET"]}}],"collection":[{"href":"https:\/\/tourtravelandmore.com\/es\/wp-json\/wp\/v2\/product"}],"about":[{"href":"https:\/\/tourtravelandmore.com\/es\/wp-json\/wp\/v2\/types\/product"}],"replies":[{"embeddable":true,"href":"https:\/\/tourtravelandmore.com\/es\/wp-json\/wp\/v2\/comments?post=66828"}],"wp:featuredmedia":[{"embeddable":true,"href":"https:\/\/tourtravelandmore.com\/es\/wp-json\/wp\/v2\/media\/67060"}],"wp:attachment":[{"href":"https:\/\/tourtravelandmore.com\/es\/wp-json\/wp\/v2\/media?parent=66828"}],"wp:term":[{"taxonomy":"product_brand","embeddable":true,"href":"https:\/\/tourtravelandmore.com\/es\/wp-json\/wp\/v2\/product_brand?post=66828"},{"taxonomy":"product_cat","embeddable":true,"href":"https:\/\/tourtravelandmore.com\/es\/wp-json\/wp\/v2\/product_cat?post=66828"},{"taxonomy":"product_tag","embeddable":true,"href":"https:\/\/tourtravelandmore.com\/es\/wp-json\/wp\/v2\/product_tag?post=66828"}],"curies":[{"name":"wp","href":"https:\/\/api.w.org\/{rel}","templated":true}]}}