{"id":66686,"date":"2019-09-20T14:55:04","date_gmt":"2019-09-20T12:55:05","guid":{"rendered":"https:\/\/tourtravelandmore.com\/?post_type=product&#038;p=66686"},"modified":"2022-03-18T13:17:02","modified_gmt":"2022-03-18T12:17:02","slug":"tour-privado-a-pie-de-nuremberg","status":"publish","type":"product","link":"https:\/\/tourtravelandmore.com\/es\/tours\/alemania-es\/nuremberg-es\/tour-privado-a-pie-de-nuremberg\/","title":{"rendered":"Tour privado a pie de Nuremberg"},"content":{"rendered":"<h2><strong>Descripci\u00f3n del Tour privado a pie de N\u00faremberg<\/strong><\/h2>\n<p>Descubre el magn\u00edfico centro hist\u00f3rico de <b>N\u00faremberg<\/b> junto a uno de nuestros <em><strong>gu\u00edas oficiales privados<\/strong><\/em>. Con nuestro tour privado a pie de N\u00faremberg podr\u00e1 usted descubrir la historia y visitar los sitios m\u00e1s emblem\u00e1ticos de la ciudad.<\/p>\n<p>Para comenzar su tour se encontrar\u00e1 con su gu\u00eda oficial en un punto c\u00e9ntrico de la ciudad. A continuaci\u00f3n comenzar\u00e1 su tour. Si su hotel se encuentra ubicado en el centro de la ciudad, podemos coordinar all\u00ed la recogida. Caso contrario podemos coordinar un veh\u00edculo privado para recogerlo en su hotel y llevarlo al centro de la ciudad.<\/p>\n<p>Hay muchos sitios para visitar en el centro de N\u00faremberg. El itinerario es adaptable a su deseo e inter\u00e9s personal. Su gu\u00eda privado estar\u00e1 a su entera disposici\u00f3n durante la total duraci\u00f3n del tour.<\/p>\n<h2><strong>Puntos de inter\u00e9s del Tour privado a pie de N\u00faremberg<\/strong><\/h2>\n<p>Situado en el r\u00edo Pegnitz, emergiendo de el alta Franconia, <a href=\"https:\/\/www.nuernberg.de\/internet\/stadtportal_e\/\">Nuremberg<\/a> es la segunda ciudad m\u00e1s habitada del estado de Bavaria despu\u00e9s de Munich. La ciudad fue fundada durante el Siglo 11, en \u00e9poca medieval. N\u00faremberg ha jugado un peso importante en la historia moderna de Alemania. All\u00ed fue donde los primeros rallies del partido Nazi en 1930 sucedieron, donde los aliados m\u00e1s bombardearon durante la guerra y donde se llevaron a cabo los reconocidos juicios de N\u00faremberg.<\/p>\n<p>Durante su tour privado a pie de N\u00faremberg descubrir\u00e1 algunos de los lugares m\u00e1s emblem\u00e1ticos de la ciudad. Ser\u00e1 testigo de su belleza arquitect\u00f3nica \u00fanica. Algunos de los sitios que visitar\u00e1 durante su tour son:<\/p>\n<ul>\n<li><strong>Hauptmarkt: <\/strong>Plaza central y punto neur\u00e1lgico del centro hist\u00f3rico<\/li>\n<li><strong>Frauenkirche: <\/strong>Una de las iglesias g\u00f3ticas m\u00e1s bonitas de toda Alemania. Fue construida por iniciativa del emperador Carlos IV<\/li>\n<li><strong>Castillo de Nuremberg: <\/strong>Este castillo medieval, edificado en el Siglo 12, es el \u00edcono m\u00e1s emblem\u00e1tico de Nuremberg.<\/li>\n<li><strong>Torre Tierg\u00e4rtner y muralla del casco antiguo<\/strong><\/li>\n<li><strong>Hogar de Albrecht D\u00fcrer (Albrecht-D\u00fcrer-Haus)<\/strong><\/li>\n<li><strong>Museo del juguete de N\u00faremberg<\/strong><\/li>\n<li><strong>Puente del ahorcado<\/strong><\/li>\n<li><strong>Ludwigsplatz<\/strong><\/li>\n<li><strong>Breitengasse<\/strong><\/li>\n<li><strong>Catedral de santa isabel<\/strong><\/li>\n<li><strong>Iglesia de San Jacob<\/strong><\/li>\n<li><strong>Museo nacional alem\u00e1n<\/strong><\/li>\n<li><strong>Heilig-Geist-Spital<\/strong><\/li>\n<li>Mucho m\u00e1s!<\/li>\n<\/ul>\n<p>Su gu\u00eda oficial privado estar\u00e1 a su entera disposici\u00f3n durante todo el tour. Todos nuestros gu\u00edas son licenciados por la ciudad de N\u00faremberg y son expertos en la historia y cultura de la ciudad.<\/p>\n","protected":false},"excerpt":{"rendered":"<p><strong>Camine el centro hist\u00f3rico de N\u00faremberg junto a un gu\u00eda oficial privado<\/strong> y descubra la historia de esta magn\u00edfica ciudad medieval. Su gu\u00eda oficial, experto en historia, cultura y arte de la ciudad, estar\u00e1 a su total disposici\u00f3n durante su tour.<\/p>\n","protected":false},"featured_media":66702,"comment_status":"open","ping_status":"closed","template":"","meta":{"_acf_changed":false},"product_brand":[],"product_cat":[1339,1341,1342],"product_tag":[],"class_list":{"0":"post-66686","1":"product","2":"type-product","3":"status-publish","4":"has-post-thumbnail","6":"product_cat-nuremberg-es","7":"product_cat-nuremberg-rutas-turisticas-privadas-es-es","8":"product_cat-nuremberg-tours-privados-pie-es-es","10":"first","11":"instock","12":"shipping-taxable","13":"purchasable","14":"product-type-simple"},"acf":[],"yoast_head":"<!-- This site is optimized with the Yoast SEO Premium plugin v25.3.1 (Yoast SEO v25.3.1) - https:\/\/yoast.com\/wordpress\/plugins\/seo\/ -->\n<title>Tour privado a pie de Nuremberg con gu\u00eda oficial privado | TTM<\/title>\n<meta name=\"description\" content=\"Disfrute nuestro tour privado a pie de Nuremberg y explore la ciudad junto a un guia oficial privado. Visite sus monumentos y edificaciones m\u00e1s importantes \u2705\" \/>\n<meta name=\"robots\" content=\"index, follow, max-snippet:-1, max-image-preview:large, max-video-preview:-1\" \/>\n<link rel=\"canonical\" href=\"https:\/\/tourtravelandmore.com\/es\/tours\/alemania-es\/nuremberg-es\/tour-privado-a-pie-de-nuremberg\/\" \/>\n<meta property=\"og:locale\" content=\"es_ES\" \/>\n<meta property=\"og:type\" content=\"article\" \/>\n<meta property=\"og:title\" content=\"Tour privado a pie de Nuremberg\" \/>\n<meta property=\"og:description\" content=\"Disfrute nuestro tour privado a pie de Nuremberg y explore la ciudad junto a un guia oficial privado. Visite sus monumentos y edificaciones m\u00e1s importantes \u2705\" \/>\n<meta property=\"og:url\" content=\"https:\/\/tourtravelandmore.com\/es\/tours\/alemania-es\/nuremberg-es\/tour-privado-a-pie-de-nuremberg\/\" \/>\n<meta property=\"og:site_name\" content=\"Tour Travel And More\" \/>\n<meta property=\"article:publisher\" content=\"https:\/\/www.facebook.com\/tourtravelandmore\/\" \/>\n<meta property=\"article:modified_time\" content=\"2022-03-18T12:17:02+00:00\" \/>\n<meta property=\"og:image\" content=\"https:\/\/tourtravelandmore.com\/wp-content\/uploads\/2019\/09\/nuremberg.12.jpg\" \/>\n\t<meta property=\"og:image:width\" content=\"960\" \/>\n\t<meta property=\"og:image:height\" content=\"640\" \/>\n\t<meta property=\"og:image:type\" content=\"image\/jpeg\" \/>\n<meta name=\"twitter:card\" content=\"summary_large_image\" \/>\n<meta name=\"twitter:site\" content=\"@TourTravel_More\" \/>\n<meta name=\"twitter:label1\" content=\"Tiempo de lectura\" \/>\n\t<meta name=\"twitter:data1\" content=\"2 minutos\" \/>\n<script type=\"application\/ld+json\" class=\"yoast-schema-graph\">{\"@context\":\"https:\/\/schema.org\",\"@graph\":[{\"@type\":\"WebPage\",\"@id\":\"https:\/\/tourtravelandmore.com\/es\/tours\/alemania-es\/nuremberg-es\/tour-privado-a-pie-de-nuremberg\/\",\"url\":\"https:\/\/tourtravelandmore.com\/es\/tours\/alemania-es\/nuremberg-es\/tour-privado-a-pie-de-nuremberg\/\",\"name\":\"Tour privado a pie de Nuremberg con gu\u00eda oficial privado | TTM\",\"isPartOf\":{\"@id\":\"https:\/\/tourtravelandmore.com\/es\/#website\"},\"primaryImageOfPage\":{\"@id\":\"https:\/\/tourtravelandmore.com\/es\/tours\/alemania-es\/nuremberg-es\/tour-privado-a-pie-de-nuremberg\/#primaryimage\"},\"image\":{\"@id\":\"https:\/\/tourtravelandmore.com\/es\/tours\/alemania-es\/nuremberg-es\/tour-privado-a-pie-de-nuremberg\/#primaryimage\"},\"thumbnailUrl\":\"https:\/\/tourtravelandmore.com\/wp-content\/uploads\/2019\/09\/nuremberg.12.jpg\",\"datePublished\":\"2019-09-20T12:55:05+00:00\",\"dateModified\":\"2022-03-18T12:17:02+00:00\",\"description\":\"Disfrute nuestro tour privado a pie de Nuremberg y explore la ciudad junto a un guia oficial privado. Visite sus monumentos y edificaciones m\u00e1s importantes \u2705\",\"breadcrumb\":{\"@id\":\"https:\/\/tourtravelandmore.com\/es\/tours\/alemania-es\/nuremberg-es\/tour-privado-a-pie-de-nuremberg\/#breadcrumb\"},\"inLanguage\":\"es\",\"potentialAction\":[{\"@type\":\"ReadAction\",\"target\":[\"https:\/\/tourtravelandmore.com\/es\/tours\/alemania-es\/nuremberg-es\/tour-privado-a-pie-de-nuremberg\/\"]}]},{\"@type\":\"ImageObject\",\"inLanguage\":\"es\",\"@id\":\"https:\/\/tourtravelandmore.com\/es\/tours\/alemania-es\/nuremberg-es\/tour-privado-a-pie-de-nuremberg\/#primaryimage\",\"url\":\"https:\/\/tourtravelandmore.com\/wp-content\/uploads\/2019\/09\/nuremberg.12.jpg\",\"contentUrl\":\"https:\/\/tourtravelandmore.com\/wp-content\/uploads\/2019\/09\/nuremberg.12.jpg\",\"width\":960,\"height\":640},{\"@type\":\"BreadcrumbList\",\"@id\":\"https:\/\/tourtravelandmore.com\/es\/tours\/alemania-es\/nuremberg-es\/tour-privado-a-pie-de-nuremberg\/#breadcrumb\",\"itemListElement\":[{\"@type\":\"ListItem\",\"position\":1,\"name\":\"Home\",\"item\":\"https:\/\/tourtravelandmore.com\/es\/\"},{\"@type\":\"ListItem\",\"position\":2,\"name\":\"Tours\",\"item\":\"https:\/\/tourtravelandmore.com\/es\/tours\/\"},{\"@type\":\"ListItem\",\"position\":3,\"name\":\"Tour privado a pie de Nuremberg\"}]},{\"@type\":\"WebSite\",\"@id\":\"https:\/\/tourtravelandmore.com\/es\/#website\",\"url\":\"https:\/\/tourtravelandmore.com\/es\/\",\"name\":\"Tour Travel And More\",\"description\":\"Private sightseeing tours and luxury transfers in Spain\",\"publisher\":{\"@id\":\"https:\/\/tourtravelandmore.com\/es\/#organization\"},\"potentialAction\":[{\"@type\":\"SearchAction\",\"target\":{\"@type\":\"EntryPoint\",\"urlTemplate\":\"https:\/\/tourtravelandmore.com\/es\/?s={search_term_string}\"},\"query-input\":{\"@type\":\"PropertyValueSpecification\",\"valueRequired\":true,\"valueName\":\"search_term_string\"}}],\"inLanguage\":\"es\"},{\"@type\":\"Organization\",\"@id\":\"https:\/\/tourtravelandmore.com\/es\/#organization\",\"name\":\"Tour Travel And More\",\"url\":\"https:\/\/tourtravelandmore.com\/es\/\",\"logo\":{\"@type\":\"ImageObject\",\"inLanguage\":\"es\",\"@id\":\"https:\/\/tourtravelandmore.com\/es\/#\/schema\/logo\/image\/\",\"url\":\"https:\/\/tourtravelandmore.com\/wp-content\/uploads\/2022\/12\/cropped-logo-cabecera-new.png\",\"contentUrl\":\"https:\/\/tourtravelandmore.com\/wp-content\/uploads\/2022\/12\/cropped-logo-cabecera-new.png\",\"width\":430,\"height\":61,\"caption\":\"Tour Travel And More\"},\"image\":{\"@id\":\"https:\/\/tourtravelandmore.com\/es\/#\/schema\/logo\/image\/\"},\"sameAs\":[\"https:\/\/www.facebook.com\/tourtravelandmore\/\",\"https:\/\/x.com\/TourTravel_More\"]}]}<\/script>\n<!-- \/ Yoast SEO Premium plugin. -->","yoast_head_json":{"title":"Tour privado a pie de Nuremberg con gu\u00eda oficial privado | TTM","description":"Disfrute nuestro tour privado a pie de Nuremberg y explore la ciudad junto a un guia oficial privado. Visite sus monumentos y edificaciones m\u00e1s importantes \u2705","robots":{"index":"index","follow":"follow","max-snippet":"max-snippet:-1","max-image-preview":"max-image-preview:large","max-video-preview":"max-video-preview:-1"},"canonical":"https:\/\/tourtravelandmore.com\/es\/tours\/alemania-es\/nuremberg-es\/tour-privado-a-pie-de-nuremberg\/","og_locale":"es_ES","og_type":"article","og_title":"Tour privado a pie de Nuremberg","og_description":"Disfrute nuestro tour privado a pie de Nuremberg y explore la ciudad junto a un guia oficial privado. Visite sus monumentos y edificaciones m\u00e1s importantes \u2705","og_url":"https:\/\/tourtravelandmore.com\/es\/tours\/alemania-es\/nuremberg-es\/tour-privado-a-pie-de-nuremberg\/","og_site_name":"Tour Travel And More","article_publisher":"https:\/\/www.facebook.com\/tourtravelandmore\/","article_modified_time":"2022-03-18T12:17:02+00:00","og_image":[{"width":960,"height":640,"url":"https:\/\/tourtravelandmore.com\/wp-content\/uploads\/2019\/09\/nuremberg.12.jpg","type":"image\/jpeg"}],"twitter_card":"summary_large_image","twitter_site":"@TourTravel_More","twitter_misc":{"Tiempo de lectura":"2 minutos"},"schema":{"@context":"https:\/\/schema.org","@graph":[{"@type":"WebPage","@id":"https:\/\/tourtravelandmore.com\/es\/tours\/alemania-es\/nuremberg-es\/tour-privado-a-pie-de-nuremberg\/","url":"https:\/\/tourtravelandmore.com\/es\/tours\/alemania-es\/nuremberg-es\/tour-privado-a-pie-de-nuremberg\/","name":"Tour privado a pie de Nuremberg con gu\u00eda oficial privado | TTM","isPartOf":{"@id":"https:\/\/tourtravelandmore.com\/es\/#website"},"primaryImageOfPage":{"@id":"https:\/\/tourtravelandmore.com\/es\/tours\/alemania-es\/nuremberg-es\/tour-privado-a-pie-de-nuremberg\/#primaryimage"},"image":{"@id":"https:\/\/tourtravelandmore.com\/es\/tours\/alemania-es\/nuremberg-es\/tour-privado-a-pie-de-nuremberg\/#primaryimage"},"thumbnailUrl":"https:\/\/tourtravelandmore.com\/wp-content\/uploads\/2019\/09\/nuremberg.12.jpg","datePublished":"2019-09-20T12:55:05+00:00","dateModified":"2022-03-18T12:17:02+00:00","description":"Disfrute nuestro tour privado a pie de Nuremberg y explore la ciudad junto a un guia oficial privado. Visite sus monumentos y edificaciones m\u00e1s importantes \u2705","breadcrumb":{"@id":"https:\/\/tourtravelandmore.com\/es\/tours\/alemania-es\/nuremberg-es\/tour-privado-a-pie-de-nuremberg\/#breadcrumb"},"inLanguage":"es","potentialAction":[{"@type":"ReadAction","target":["https:\/\/tourtravelandmore.com\/es\/tours\/alemania-es\/nuremberg-es\/tour-privado-a-pie-de-nuremberg\/"]}]},{"@type":"ImageObject","inLanguage":"es","@id":"https:\/\/tourtravelandmore.com\/es\/tours\/alemania-es\/nuremberg-es\/tour-privado-a-pie-de-nuremberg\/#primaryimage","url":"https:\/\/tourtravelandmore.com\/wp-content\/uploads\/2019\/09\/nuremberg.12.jpg","contentUrl":"https:\/\/tourtravelandmore.com\/wp-content\/uploads\/2019\/09\/nuremberg.12.jpg","width":960,"height":640},{"@type":"BreadcrumbList","@id":"https:\/\/tourtravelandmore.com\/es\/tours\/alemania-es\/nuremberg-es\/tour-privado-a-pie-de-nuremberg\/#breadcrumb","itemListElement":[{"@type":"ListItem","position":1,"name":"Home","item":"https:\/\/tourtravelandmore.com\/es\/"},{"@type":"ListItem","position":2,"name":"Tours","item":"https:\/\/tourtravelandmore.com\/es\/tours\/"},{"@type":"ListItem","position":3,"name":"Tour privado a pie de Nuremberg"}]},{"@type":"WebSite","@id":"https:\/\/tourtravelandmore.com\/es\/#website","url":"https:\/\/tourtravelandmore.com\/es\/","name":"Tour Travel And More","description":"Private sightseeing tours and luxury transfers in Spain","publisher":{"@id":"https:\/\/tourtravelandmore.com\/es\/#organization"},"potentialAction":[{"@type":"SearchAction","target":{"@type":"EntryPoint","urlTemplate":"https:\/\/tourtravelandmore.com\/es\/?s={search_term_string}"},"query-input":{"@type":"PropertyValueSpecification","valueRequired":true,"valueName":"search_term_string"}}],"inLanguage":"es"},{"@type":"Organization","@id":"https:\/\/tourtravelandmore.com\/es\/#organization","name":"Tour Travel And More","url":"https:\/\/tourtravelandmore.com\/es\/","logo":{"@type":"ImageObject","inLanguage":"es","@id":"https:\/\/tourtravelandmore.com\/es\/#\/schema\/logo\/image\/","url":"https:\/\/tourtravelandmore.com\/wp-content\/uploads\/2022\/12\/cropped-logo-cabecera-new.png","contentUrl":"https:\/\/tourtravelandmore.com\/wp-content\/uploads\/2022\/12\/cropped-logo-cabecera-new.png","width":430,"height":61,"caption":"Tour Travel And More"},"image":{"@id":"https:\/\/tourtravelandmore.com\/es\/#\/schema\/logo\/image\/"},"sameAs":["https:\/\/www.facebook.com\/tourtravelandmore\/","https:\/\/x.com\/TourTravel_More"]}]}},"_links":{"self":[{"href":"https:\/\/tourtravelandmore.com\/es\/wp-json\/wp\/v2\/product\/66686","targetHints":{"allow":["GET"]}}],"collection":[{"href":"https:\/\/tourtravelandmore.com\/es\/wp-json\/wp\/v2\/product"}],"about":[{"href":"https:\/\/tourtravelandmore.com\/es\/wp-json\/wp\/v2\/types\/product"}],"replies":[{"embeddable":true,"href":"https:\/\/tourtravelandmore.com\/es\/wp-json\/wp\/v2\/comments?post=66686"}],"wp:featuredmedia":[{"embeddable":true,"href":"https:\/\/tourtravelandmore.com\/es\/wp-json\/wp\/v2\/media\/66702"}],"wp:attachment":[{"href":"https:\/\/tourtravelandmore.com\/es\/wp-json\/wp\/v2\/media?parent=66686"}],"wp:term":[{"taxonomy":"product_brand","embeddable":true,"href":"https:\/\/tourtravelandmore.com\/es\/wp-json\/wp\/v2\/product_brand?post=66686"},{"taxonomy":"product_cat","embeddable":true,"href":"https:\/\/tourtravelandmore.com\/es\/wp-json\/wp\/v2\/product_cat?post=66686"},{"taxonomy":"product_tag","embeddable":true,"href":"https:\/\/tourtravelandmore.com\/es\/wp-json\/wp\/v2\/product_tag?post=66686"}],"curies":[{"name":"wp","href":"https:\/\/api.w.org\/{rel}","templated":true}]}}