{"id":66639,"date":"2019-09-19T23:14:15","date_gmt":"2019-09-19T21:14:15","guid":{"rendered":"https:\/\/tourtravelandmore.com\/?post_type=product&#038;p=66639"},"modified":"2024-02-09T13:15:18","modified_gmt":"2024-02-09T12:15:18","slug":"tour-privado-de-cesky-krumlov-desde-praga","status":"publish","type":"product","link":"https:\/\/tourtravelandmore.com\/es\/tours\/republica-checa-es\/prague-es\/tour-privado-de-cesky-krumlov-desde-praga\/","title":{"rendered":"Tour privado de Cesky Krumlov desde Praga"},"content":{"rendered":"<h2><b>Descripci\u00f3n del Tour privado de Cesky Krumlov desde Praga<\/b><\/h2>\n<p><span style=\"font-weight: 400;\">Disfruta de un tour privado al pueblo de Cesky Krumlov desde Praga con tu gu\u00eda oficial privado. Al igual que todos nuestros tours, este ser\u00e1 en un veh\u00edculo de lujo con conductor.<\/span><\/p>\n<p><span style=\"font-weight: 400;\">Examine la flexibilidad del recorrido donde podemos centrarnos en los lugares que m\u00e1s le interesan y conocer los lugares m\u00e1s emblem\u00e1ticos de la ciudad.<\/span><\/p>\n<p><span style=\"font-weight: 400;\">Puede personalizar su itinerario con nosotros en cualquier momento. Aqu\u00ed hay un ejemplo de algunos de los sitios m\u00e1s importantes, pero puede personalizarlo seg\u00fan sus necesidades.<\/span><\/p>\n<p><span style=\"font-weight: 400;\">A continuaci\u00f3n se muestra un itinerario de 9 horas para un recorrido. Si desea m\u00e1s tiempo, si\u00e9ntase libre de agregar m\u00e1s horas de su propia elecci\u00f3n. Estamos aqu\u00ed para asegurar que su experiencia sea especial y memorable.<\/span><\/p>\n<h2><b>Puntos de inter\u00e9s en el Tour privado de Cesky Krumlov desde Praga<\/b><\/h2>\n<p><span style=\"font-weight: 400;\">En primer lugar, su conductor privado y gu\u00eda oficial lo recoger\u00e1n en su hotel o lugar de su elecci\u00f3n en Praga. En el recorrido, escuchar\u00e1 muchas historias divertidas y an\u00e9cdotas de la ciudad Cesky Krumlov<\/span><\/p>\n<p><span style=\"font-weight: 400;\">Puedes visitar una serie de monumentos incre\u00edbles. Se incluyen:<\/span><\/p>\n<ul>\n<li style=\"font-weight: 400;\" aria-level=\"1\"><b>Castillo de \u010cesk\u00fd Krumlov<\/b><\/li>\n<li style=\"font-weight: 400;\" aria-level=\"1\"><b>La Iglesia de San Vito<\/b><\/li>\n<li style=\"font-weight: 400;\" aria-level=\"1\"><b>Egon Schiele Art Centrum<\/b><\/li>\n<li style=\"font-weight: 400;\" aria-level=\"1\"><b>Museo Regional<\/b><\/li>\n<li style=\"font-weight: 400;\" aria-level=\"1\"><b>Monasterio Minorita<\/b><\/li>\n<li style=\"font-weight: 400;\" aria-level=\"1\"><b>Museo de Marionetas<\/b><\/li>\n<li style=\"font-weight: 400;\" aria-level=\"1\"><b>Monte Klet<\/b><\/li>\n<li style=\"font-weight: 400;\" aria-level=\"1\"><a href=\"http:\/\/www.seidel.cz\/cz\/museum_fotoatelier_seidel_cesky_krumlov\/\"><span style=\"font-weight: 400;\">Museo Fotoatelier Seidel<\/span><\/a><\/li>\n<li style=\"font-weight: 400;\" aria-level=\"1\"><b>El Museo de Cera<\/b><\/li>\n<li style=\"font-weight: 400;\" aria-level=\"1\"><b>Y muchos m\u00e1s lugares de inter\u00e9s\u00a0<\/b><\/li>\n<\/ul>\n<p><span style=\"font-weight: 400;\">Este tour incluye un servicio de gu\u00eda profesional en el castillo de Cesky Krumlov le dar\u00e1 una idea de la historia y la atm\u00f3sfera de este pueblo medieval. Podemos agregar o eliminar cualquier monumento o sitio que no desee ver o que ya haya visto. Podemos organizar la duraci\u00f3n exacta del recorrido y ofrecerle horas extra. H\u00e1ganos saber a qu\u00e9 hora encontrarnos con usted y su grupo y cuantas horas le gustar\u00eda para este hermoso recorrido.<\/span><\/p>\n<p><span style=\"font-weight: 400;\">Al final de su recorrido, el veh\u00edculo privado de lujo le acompa\u00f1ar\u00e1 de regreso a su hotel.<\/span><\/p>\n<p><a href=\"https:\/\/tourtravelandmore.com\/es\/ciudad\/republica-checa-es\/prague-es\/\"><span style=\"font-weight: 400;\">Consulte los otros tours privados que ofrecemos en Praga<\/span><\/a><span style=\"font-weight: 400;\">.<\/span><\/p>\n","protected":false},"excerpt":{"rendered":"<p><span style=\"font-weight: 400;\">Praga es la capital de la Rep\u00fablica Checa, y es la ciudad m\u00e1s grande de ese pa\u00eds. Tambi\u00e9n es un popular destino tur\u00edstico. Pero Praga tiene mucho m\u00e1s que ofrecer que solo sus monumentos hist\u00f3ricos. Por ejemplo, hay muchos castillos, pueblos antiguos y ciudades que merece la pena visitar por su belleza y encanto. Uno de estos lugares es Cesky Krumlov.<\/span><\/p>\n","protected":false},"featured_media":66902,"comment_status":"open","ping_status":"closed","template":"","meta":{"_acf_changed":false},"product_brand":[],"product_cat":[1356,1360,1359],"product_tag":[],"class_list":{"0":"post-66639","1":"product","2":"type-product","3":"status-publish","4":"has-post-thumbnail","6":"product_cat-prague-es","7":"product_cat-prague-rutas-turisticas-privadas-es-es","8":"product_cat-prague-excursiones-es","10":"first","11":"instock","12":"shipping-taxable","13":"purchasable","14":"product-type-simple"},"acf":[],"yoast_head":"<!-- This site is optimized with the Yoast SEO Premium plugin v25.3.1 (Yoast SEO v25.3.1) - https:\/\/yoast.com\/wordpress\/plugins\/seo\/ -->\n<title>\u27a1\ufe0f Tour privado de Cesky Krumlov desde Praga | Tour Travel &amp; More<\/title>\n<meta name=\"description\" content=\"Tour privado de Cesky Krumlov desde Praga. \u00a1Reserve los mejores paquetes de vacaciones en la Rep\u00fablica Checa! \u2705\" \/>\n<meta name=\"robots\" content=\"index, follow, max-snippet:-1, max-image-preview:large, max-video-preview:-1\" \/>\n<link rel=\"canonical\" href=\"https:\/\/tourtravelandmore.com\/es\/tours\/republica-checa-es\/prague-es\/tour-privado-de-cesky-krumlov-desde-praga\/\" \/>\n<meta property=\"og:locale\" content=\"es_ES\" \/>\n<meta property=\"og:type\" content=\"article\" \/>\n<meta property=\"og:title\" content=\"Tour privado de Cesky Krumlov desde Praga\" \/>\n<meta property=\"og:description\" content=\"Tour privado de Cesky Krumlov desde Praga. \u00a1Reserve los mejores paquetes de vacaciones en la Rep\u00fablica Checa! \u2705\" \/>\n<meta property=\"og:url\" content=\"https:\/\/tourtravelandmore.com\/es\/tours\/republica-checa-es\/prague-es\/tour-privado-de-cesky-krumlov-desde-praga\/\" \/>\n<meta property=\"og:site_name\" content=\"Tour Travel And More\" \/>\n<meta property=\"article:publisher\" content=\"https:\/\/www.facebook.com\/tourtravelandmore\/\" \/>\n<meta property=\"article:modified_time\" content=\"2024-02-09T12:15:18+00:00\" \/>\n<meta property=\"og:image\" content=\"https:\/\/tourtravelandmore.com\/wp-content\/uploads\/2019\/09\/cesky-krumlov.jpg\" \/>\n\t<meta property=\"og:image:width\" content=\"960\" \/>\n\t<meta property=\"og:image:height\" content=\"640\" \/>\n\t<meta property=\"og:image:type\" content=\"image\/jpeg\" \/>\n<meta name=\"twitter:card\" content=\"summary_large_image\" \/>\n<meta name=\"twitter:site\" content=\"@TourTravel_More\" \/>\n<meta name=\"twitter:label1\" content=\"Tiempo de lectura\" \/>\n\t<meta name=\"twitter:data1\" content=\"2 minutos\" \/>\n<script type=\"application\/ld+json\" class=\"yoast-schema-graph\">{\"@context\":\"https:\/\/schema.org\",\"@graph\":[{\"@type\":\"WebPage\",\"@id\":\"https:\/\/tourtravelandmore.com\/es\/tours\/republica-checa-es\/prague-es\/tour-privado-de-cesky-krumlov-desde-praga\/\",\"url\":\"https:\/\/tourtravelandmore.com\/es\/tours\/republica-checa-es\/prague-es\/tour-privado-de-cesky-krumlov-desde-praga\/\",\"name\":\"\u27a1\ufe0f Tour privado de Cesky Krumlov desde Praga | Tour Travel & More\",\"isPartOf\":{\"@id\":\"https:\/\/tourtravelandmore.com\/es\/#website\"},\"primaryImageOfPage\":{\"@id\":\"https:\/\/tourtravelandmore.com\/es\/tours\/republica-checa-es\/prague-es\/tour-privado-de-cesky-krumlov-desde-praga\/#primaryimage\"},\"image\":{\"@id\":\"https:\/\/tourtravelandmore.com\/es\/tours\/republica-checa-es\/prague-es\/tour-privado-de-cesky-krumlov-desde-praga\/#primaryimage\"},\"thumbnailUrl\":\"https:\/\/tourtravelandmore.com\/wp-content\/uploads\/2019\/09\/cesky-krumlov.jpg\",\"datePublished\":\"2019-09-19T21:14:15+00:00\",\"dateModified\":\"2024-02-09T12:15:18+00:00\",\"description\":\"Tour privado de Cesky Krumlov desde Praga. \u00a1Reserve los mejores paquetes de vacaciones en la Rep\u00fablica Checa! \u2705\",\"breadcrumb\":{\"@id\":\"https:\/\/tourtravelandmore.com\/es\/tours\/republica-checa-es\/prague-es\/tour-privado-de-cesky-krumlov-desde-praga\/#breadcrumb\"},\"inLanguage\":\"es\",\"potentialAction\":[{\"@type\":\"ReadAction\",\"target\":[\"https:\/\/tourtravelandmore.com\/es\/tours\/republica-checa-es\/prague-es\/tour-privado-de-cesky-krumlov-desde-praga\/\"]}]},{\"@type\":\"ImageObject\",\"inLanguage\":\"es\",\"@id\":\"https:\/\/tourtravelandmore.com\/es\/tours\/republica-checa-es\/prague-es\/tour-privado-de-cesky-krumlov-desde-praga\/#primaryimage\",\"url\":\"https:\/\/tourtravelandmore.com\/wp-content\/uploads\/2019\/09\/cesky-krumlov.jpg\",\"contentUrl\":\"https:\/\/tourtravelandmore.com\/wp-content\/uploads\/2019\/09\/cesky-krumlov.jpg\",\"width\":960,\"height\":640},{\"@type\":\"BreadcrumbList\",\"@id\":\"https:\/\/tourtravelandmore.com\/es\/tours\/republica-checa-es\/prague-es\/tour-privado-de-cesky-krumlov-desde-praga\/#breadcrumb\",\"itemListElement\":[{\"@type\":\"ListItem\",\"position\":1,\"name\":\"Home\",\"item\":\"https:\/\/tourtravelandmore.com\/es\/\"},{\"@type\":\"ListItem\",\"position\":2,\"name\":\"Tours\",\"item\":\"https:\/\/tourtravelandmore.com\/es\/tours\/\"},{\"@type\":\"ListItem\",\"position\":3,\"name\":\"Tour privado de Cesky Krumlov desde Praga\"}]},{\"@type\":\"WebSite\",\"@id\":\"https:\/\/tourtravelandmore.com\/es\/#website\",\"url\":\"https:\/\/tourtravelandmore.com\/es\/\",\"name\":\"Tour Travel And More\",\"description\":\"Private sightseeing tours and luxury transfers in Spain\",\"publisher\":{\"@id\":\"https:\/\/tourtravelandmore.com\/es\/#organization\"},\"potentialAction\":[{\"@type\":\"SearchAction\",\"target\":{\"@type\":\"EntryPoint\",\"urlTemplate\":\"https:\/\/tourtravelandmore.com\/es\/?s={search_term_string}\"},\"query-input\":{\"@type\":\"PropertyValueSpecification\",\"valueRequired\":true,\"valueName\":\"search_term_string\"}}],\"inLanguage\":\"es\"},{\"@type\":\"Organization\",\"@id\":\"https:\/\/tourtravelandmore.com\/es\/#organization\",\"name\":\"Tour Travel And More\",\"url\":\"https:\/\/tourtravelandmore.com\/es\/\",\"logo\":{\"@type\":\"ImageObject\",\"inLanguage\":\"es\",\"@id\":\"https:\/\/tourtravelandmore.com\/es\/#\/schema\/logo\/image\/\",\"url\":\"https:\/\/tourtravelandmore.com\/wp-content\/uploads\/2022\/12\/cropped-logo-cabecera-new.png\",\"contentUrl\":\"https:\/\/tourtravelandmore.com\/wp-content\/uploads\/2022\/12\/cropped-logo-cabecera-new.png\",\"width\":430,\"height\":61,\"caption\":\"Tour Travel And More\"},\"image\":{\"@id\":\"https:\/\/tourtravelandmore.com\/es\/#\/schema\/logo\/image\/\"},\"sameAs\":[\"https:\/\/www.facebook.com\/tourtravelandmore\/\",\"https:\/\/x.com\/TourTravel_More\"]}]}<\/script>\n<!-- \/ Yoast SEO Premium plugin. -->","yoast_head_json":{"title":"\u27a1\ufe0f Tour privado de Cesky Krumlov desde Praga | Tour Travel & More","description":"Tour privado de Cesky Krumlov desde Praga. \u00a1Reserve los mejores paquetes de vacaciones en la Rep\u00fablica Checa! \u2705","robots":{"index":"index","follow":"follow","max-snippet":"max-snippet:-1","max-image-preview":"max-image-preview:large","max-video-preview":"max-video-preview:-1"},"canonical":"https:\/\/tourtravelandmore.com\/es\/tours\/republica-checa-es\/prague-es\/tour-privado-de-cesky-krumlov-desde-praga\/","og_locale":"es_ES","og_type":"article","og_title":"Tour privado de Cesky Krumlov desde Praga","og_description":"Tour privado de Cesky Krumlov desde Praga. \u00a1Reserve los mejores paquetes de vacaciones en la Rep\u00fablica Checa! \u2705","og_url":"https:\/\/tourtravelandmore.com\/es\/tours\/republica-checa-es\/prague-es\/tour-privado-de-cesky-krumlov-desde-praga\/","og_site_name":"Tour Travel And More","article_publisher":"https:\/\/www.facebook.com\/tourtravelandmore\/","article_modified_time":"2024-02-09T12:15:18+00:00","og_image":[{"width":960,"height":640,"url":"https:\/\/tourtravelandmore.com\/wp-content\/uploads\/2019\/09\/cesky-krumlov.jpg","type":"image\/jpeg"}],"twitter_card":"summary_large_image","twitter_site":"@TourTravel_More","twitter_misc":{"Tiempo de lectura":"2 minutos"},"schema":{"@context":"https:\/\/schema.org","@graph":[{"@type":"WebPage","@id":"https:\/\/tourtravelandmore.com\/es\/tours\/republica-checa-es\/prague-es\/tour-privado-de-cesky-krumlov-desde-praga\/","url":"https:\/\/tourtravelandmore.com\/es\/tours\/republica-checa-es\/prague-es\/tour-privado-de-cesky-krumlov-desde-praga\/","name":"\u27a1\ufe0f Tour privado de Cesky Krumlov desde Praga | Tour Travel & More","isPartOf":{"@id":"https:\/\/tourtravelandmore.com\/es\/#website"},"primaryImageOfPage":{"@id":"https:\/\/tourtravelandmore.com\/es\/tours\/republica-checa-es\/prague-es\/tour-privado-de-cesky-krumlov-desde-praga\/#primaryimage"},"image":{"@id":"https:\/\/tourtravelandmore.com\/es\/tours\/republica-checa-es\/prague-es\/tour-privado-de-cesky-krumlov-desde-praga\/#primaryimage"},"thumbnailUrl":"https:\/\/tourtravelandmore.com\/wp-content\/uploads\/2019\/09\/cesky-krumlov.jpg","datePublished":"2019-09-19T21:14:15+00:00","dateModified":"2024-02-09T12:15:18+00:00","description":"Tour privado de Cesky Krumlov desde Praga. \u00a1Reserve los mejores paquetes de vacaciones en la Rep\u00fablica Checa! \u2705","breadcrumb":{"@id":"https:\/\/tourtravelandmore.com\/es\/tours\/republica-checa-es\/prague-es\/tour-privado-de-cesky-krumlov-desde-praga\/#breadcrumb"},"inLanguage":"es","potentialAction":[{"@type":"ReadAction","target":["https:\/\/tourtravelandmore.com\/es\/tours\/republica-checa-es\/prague-es\/tour-privado-de-cesky-krumlov-desde-praga\/"]}]},{"@type":"ImageObject","inLanguage":"es","@id":"https:\/\/tourtravelandmore.com\/es\/tours\/republica-checa-es\/prague-es\/tour-privado-de-cesky-krumlov-desde-praga\/#primaryimage","url":"https:\/\/tourtravelandmore.com\/wp-content\/uploads\/2019\/09\/cesky-krumlov.jpg","contentUrl":"https:\/\/tourtravelandmore.com\/wp-content\/uploads\/2019\/09\/cesky-krumlov.jpg","width":960,"height":640},{"@type":"BreadcrumbList","@id":"https:\/\/tourtravelandmore.com\/es\/tours\/republica-checa-es\/prague-es\/tour-privado-de-cesky-krumlov-desde-praga\/#breadcrumb","itemListElement":[{"@type":"ListItem","position":1,"name":"Home","item":"https:\/\/tourtravelandmore.com\/es\/"},{"@type":"ListItem","position":2,"name":"Tours","item":"https:\/\/tourtravelandmore.com\/es\/tours\/"},{"@type":"ListItem","position":3,"name":"Tour privado de Cesky Krumlov desde Praga"}]},{"@type":"WebSite","@id":"https:\/\/tourtravelandmore.com\/es\/#website","url":"https:\/\/tourtravelandmore.com\/es\/","name":"Tour Travel And More","description":"Private sightseeing tours and luxury transfers in Spain","publisher":{"@id":"https:\/\/tourtravelandmore.com\/es\/#organization"},"potentialAction":[{"@type":"SearchAction","target":{"@type":"EntryPoint","urlTemplate":"https:\/\/tourtravelandmore.com\/es\/?s={search_term_string}"},"query-input":{"@type":"PropertyValueSpecification","valueRequired":true,"valueName":"search_term_string"}}],"inLanguage":"es"},{"@type":"Organization","@id":"https:\/\/tourtravelandmore.com\/es\/#organization","name":"Tour Travel And More","url":"https:\/\/tourtravelandmore.com\/es\/","logo":{"@type":"ImageObject","inLanguage":"es","@id":"https:\/\/tourtravelandmore.com\/es\/#\/schema\/logo\/image\/","url":"https:\/\/tourtravelandmore.com\/wp-content\/uploads\/2022\/12\/cropped-logo-cabecera-new.png","contentUrl":"https:\/\/tourtravelandmore.com\/wp-content\/uploads\/2022\/12\/cropped-logo-cabecera-new.png","width":430,"height":61,"caption":"Tour Travel And More"},"image":{"@id":"https:\/\/tourtravelandmore.com\/es\/#\/schema\/logo\/image\/"},"sameAs":["https:\/\/www.facebook.com\/tourtravelandmore\/","https:\/\/x.com\/TourTravel_More"]}]}},"_links":{"self":[{"href":"https:\/\/tourtravelandmore.com\/es\/wp-json\/wp\/v2\/product\/66639","targetHints":{"allow":["GET"]}}],"collection":[{"href":"https:\/\/tourtravelandmore.com\/es\/wp-json\/wp\/v2\/product"}],"about":[{"href":"https:\/\/tourtravelandmore.com\/es\/wp-json\/wp\/v2\/types\/product"}],"replies":[{"embeddable":true,"href":"https:\/\/tourtravelandmore.com\/es\/wp-json\/wp\/v2\/comments?post=66639"}],"wp:featuredmedia":[{"embeddable":true,"href":"https:\/\/tourtravelandmore.com\/es\/wp-json\/wp\/v2\/media\/66902"}],"wp:attachment":[{"href":"https:\/\/tourtravelandmore.com\/es\/wp-json\/wp\/v2\/media?parent=66639"}],"wp:term":[{"taxonomy":"product_brand","embeddable":true,"href":"https:\/\/tourtravelandmore.com\/es\/wp-json\/wp\/v2\/product_brand?post=66639"},{"taxonomy":"product_cat","embeddable":true,"href":"https:\/\/tourtravelandmore.com\/es\/wp-json\/wp\/v2\/product_cat?post=66639"},{"taxonomy":"product_tag","embeddable":true,"href":"https:\/\/tourtravelandmore.com\/es\/wp-json\/wp\/v2\/product_tag?post=66639"}],"curies":[{"name":"wp","href":"https:\/\/api.w.org\/{rel}","templated":true}]}}