{"id":66619,"date":"2019-09-19T23:13:42","date_gmt":"2019-09-19T21:13:42","guid":{"rendered":"https:\/\/tourtravelandmore.com\/?post_type=product&#038;p=66619"},"modified":"2023-10-23T11:16:36","modified_gmt":"2023-10-23T09:16:36","slug":"tour-privado-viena-con-guia-oficial-y-vehiculo-con-chofer","status":"publish","type":"product","link":"https:\/\/tourtravelandmore.com\/es\/tours\/austria-es\/viena-es\/tour-privado-viena-con-guia-oficial-y-vehiculo-con-chofer\/","title":{"rendered":"Tour Privado de Viena con guia y vehiculo"},"content":{"rendered":"<h2><b>Tour Privado de Viena Mejorado Descripci\u00f3n<\/b><\/h2>\n<p><span style=\"font-weight: 400;\">Emb\u00e1rquese en un viaje inolvidable por el coraz\u00f3n de Viena, una ciudad que resuena con profunda elegancia hist\u00f3rica y grandeza arquitect\u00f3nica. Esta visita privada de 4 horas, cuidadosamente dise\u00f1ada para viajeros exigentes, desvela el intrincado tapiz del ilustre pasado de Viena y su vibrante presente.<\/span><\/p>\n<p><span style=\"font-weight: 400;\">Su odisea comienza en un punto central designado, donde ser\u00e1 recibido por nuestro gu\u00eda profesional, su compa\u00f1ero para desvelar el enigm\u00e1tico encanto de Viena. Nuestro veh\u00edculo de lujo, ep\u00edtome del confort y la elegancia, le espera para acompa\u00f1arle por los lugares emblem\u00e1ticos de la ciudad.<\/span><\/p>\n<p><span style=\"font-weight: 400;\">Sea testigo de la armoniosa mezcla de estilos arquitect\u00f3nicos mientras recorre los grandes pasillos del Palacio Imperial. Cada piedra narra historias de aspiraciones reales y grandeza imperial. Su viaje contin\u00faa hacia la Catedral de San Esteban, un maravilloso edificio que refleja la intrincada danza de la arquitectura g\u00f3tica y rom\u00e1nica.<\/span><\/p>\n<p><span style=\"font-weight: 400;\">La \u00d3pera Estatal de Viena es testimonio de la innegable importancia de la ciudad en el mundo de la m\u00fasica. Al explorar sus salas renacentistas, las melod\u00edas de legendarias representaciones llenan el aire, haci\u00e9ndose eco de los pasos de compositores emblem\u00e1ticos.<\/span><\/p>\n<p><span style=\"font-weight: 400;\">Recorra las pintorescas calles del centro hist\u00f3rico de Viena, declarado Patrimonio de la Humanidad por la UNESCO, donde los ecos de la historia armonizan con el vibrante zumbido de la cultura contempor\u00e1nea. Desde la imponente estructura del Palacio Lobkowitz hasta la grandeza del Rathaus, cada edificio es un cap\u00edtulo de un libro no escrito, a la espera de desvelar secretos de una \u00e9poca adornada con arte e innovaci\u00f3n.<\/span><\/p>\n<p><span style=\"font-weight: 400;\">Mientras recorre el paisaje art\u00edstico e hist\u00f3rico de la ciudad, nuestro gu\u00eda, que domina tanto el idioma de la ciudad como el suyo, le desvelar\u00e1 relatos enriquecidos con an\u00e9cdotas, dando vida a edificios de piedra y estatuas silenciosas. Esta experiencia personalizada se elabora teniendo en cuenta su ritmo y sus preferencias, garantizando que cada momento tenga un significado personal.<\/span><\/p>\n<p><span style=\"font-weight: 400;\">Explore m\u00e1s all\u00e1 de los confines de la ciudad y d\u00e9jese hipnotizar por el esplendor natural de Austria mientras los pintorescos paisajes de los valles del Danubio y Wachau despliegan su encanto, un complemento perfecto a la grandeza arquitect\u00f3nica y cultural de Viena.<\/span><\/p>\n<h2><b>Puntos destacados:<\/b><\/h2>\n<ul>\n<li style=\"font-weight: 400;\" aria-level=\"1\"><b>Palacio Belvedere:<\/b><span style=\"font-weight: 400;\"> Recorra los exquisitos salones de este palacio hist\u00f3rico, adornado con la mayor colecci\u00f3n del mundo de pinturas de Gustav Klimt, reflejo de la evoluci\u00f3n del arte y la elegancia.<\/span><\/li>\n<li style=\"font-weight: 400;\" aria-level=\"1\"><b>Parque Prater:<\/b><span style=\"font-weight: 400;\"> Sea testigo de la perfecta combinaci\u00f3n de tranquilidad natural e innovaciones en materia de atracciones en el extenso parque p\u00fablico de Viena, coronado por la emblem\u00e1tica Noria Gigante que ofrece vistas panor\u00e1micas de la ciudad.<\/span><\/li>\n<li style=\"font-weight: 400;\" aria-level=\"1\"><b>Museo Albertina:<\/b><span style=\"font-weight: 400;\"> Sum\u00e9rjase en un mundo en el que convergen el arte y la cultura. Alberga una de las salas de grabado m\u00e1s importantes del mundo, en la que resuenan los susurros creativos de Monet, Picasso y Da Vinci.<\/span><\/li>\n<li style=\"font-weight: 400;\" aria-level=\"1\"><b>Museo Kunsthistorisches: <\/b><span style=\"font-weight: 400;\">Ad\u00e9ntrese en el reino del arte y la historia en el principal museo de arte de Viena. Sus galer\u00edas, que albergan una colecci\u00f3n sin parang\u00f3n del antiguo Egipto a la \u00e9poca cl\u00e1sica y obras maestras del Renacimiento europeo, se hacen eco de las pinceladas maestras de artistas como Rembrandt, Rubens y Rafael. La grandiosidad de su arquitectura complementa a la perfecci\u00f3n los tesoros que alberga.<\/span><\/li>\n<li style=\"font-weight: 400;\" aria-level=\"1\"><b>Bosques de Viena (Wienerwald): <\/b><span style=\"font-weight: 400;\">Ad\u00e9ntrese en la exuberante extensi\u00f3n de los Bosques de Viena, declarados Reserva de la Biosfera por la UNESCO. Este tranquilo refugio es un refrescante contraste con el bullicioso ambiente de la ciudad. Recorra pintorescos senderos, explore monasterios hist\u00f3ricos y disfrute de las serenas vistas de Kahlenberg y Leopoldsberg, que ofrecen impresionantes vistas de Viena y el Danubio.<\/span><\/li>\n<li style=\"font-weight: 400;\" aria-level=\"1\"><b>Edificio de la Secesi\u00f3n (Wiener Secessionsgeb\u00e4ude):<\/b><span style=\"font-weight: 400;\"> Obra maestra de la arquitectura Art Nouveau, este emblem\u00e1tico edificio se erige como s\u00edmbolo del rico movimiento art\u00edstico y cultural de Viena. Adornado con su caracter\u00edstica c\u00fapula dorada, el Edificio de la Secesi\u00f3n alberga exposiciones de arte contempor\u00e1neo y el famoso &#8220;Friso de Beethoven&#8221; de Gustav Klimt. Es un testimonio de la escena art\u00edstica vanguardista de Viena y del compromiso de la ciudad con el fomento de la innovaci\u00f3n en las artes.<\/span><\/li>\n<\/ul>\n<p><span style=\"font-weight: 400;\">Descubra la magia de Viena como nunca antes. Explore nuestra exclusiva gama de visitas privadas personalizadas y emb\u00e1rquese en un viaje en el que el toque personal, los conocimientos de los expertos y el confort de lujo convergen para ofrecerle una experiencia vienesa inolvidable. <\/span><a href=\"https:\/\/tourtravelandmore.com\/es\/ciudad\/austria-es\/viena-es\/\"><span style=\"font-weight: 400;\">Descubra nuestros circuitos privados por Viena.<\/span><\/a><\/p>\n","protected":false},"excerpt":{"rendered":"<p><span style=\"font-weight: 400;\">Descubra la elegancia cultural y la majestuosidad arquitect\u00f3nica de Viena con nuestra visita privada a medida. En una experiencia \u00edntima de 4 horas, descubra los lugares emblem\u00e1ticos y las joyas ocultas de la ciudad, narrados por un gu\u00eda experto y complementados por la comodidad de un veh\u00edculo de lujo. Cada momento est\u00e1 dise\u00f1ado para sumergirle en un relato de historia, arte y grandeza imperial, que refleja el ilustre pasado y el vibrante presente de la ciudad.<\/span><\/p>\n<p>&nbsp;<\/p>\n","protected":false},"featured_media":66820,"comment_status":"open","ping_status":"closed","template":"","meta":{"_acf_changed":false},"product_brand":[],"product_cat":[1380,1384,1383],"product_tag":[],"class_list":{"0":"post-66619","1":"product","2":"type-product","3":"status-publish","4":"has-post-thumbnail","6":"product_cat-viena-es","7":"product_cat-vienna-tours-privados-actividades-es","8":"product_cat-viena-rutas-turisticas-privadas-es","10":"first","11":"instock","12":"shipping-taxable","13":"purchasable","14":"product-type-simple"},"acf":[],"yoast_head":"<!-- This site is optimized with the Yoast SEO Premium plugin v25.3.1 (Yoast SEO v25.3.1) - https:\/\/yoast.com\/wordpress\/plugins\/seo\/ -->\n<title>&quot;Visita privada de Viena: Un viaje \u00edntimo a trav\u00e9s del tiempo&quot;<\/title>\n<meta name=\"description\" content=\"&quot;Emb\u00e1rquese en un viaje a medida por los lugares emblem\u00e1ticos y las joyas ocultas de Viena. Nuestro tour privado de 4 horas, enriquecido con traslados de lujo y un gu\u00eda experto, desvela una narraci\u00f3n donde convergen la grandeza arquitect\u00f3nica y la elegancia hist\u00f3rica.&quot;\" \/>\n<meta name=\"robots\" content=\"index, follow, max-snippet:-1, max-image-preview:large, max-video-preview:-1\" \/>\n<link rel=\"canonical\" href=\"https:\/\/tourtravelandmore.com\/es\/tours\/austria-es\/viena-es\/tour-privado-viena-con-guia-oficial-y-vehiculo-con-chofer\/\" \/>\n<meta property=\"og:locale\" content=\"es_ES\" \/>\n<meta property=\"og:type\" content=\"article\" \/>\n<meta property=\"og:title\" content=\"Tour Privado de Viena con guia y vehiculo\" \/>\n<meta property=\"og:description\" content=\"&quot;Emb\u00e1rquese en un viaje a medida por los lugares emblem\u00e1ticos y las joyas ocultas de Viena. Nuestro tour privado de 4 horas, enriquecido con traslados de lujo y un gu\u00eda experto, desvela una narraci\u00f3n donde convergen la grandeza arquitect\u00f3nica y la elegancia hist\u00f3rica.&quot;\" \/>\n<meta property=\"og:url\" content=\"https:\/\/tourtravelandmore.com\/es\/tours\/austria-es\/viena-es\/tour-privado-viena-con-guia-oficial-y-vehiculo-con-chofer\/\" \/>\n<meta property=\"og:site_name\" content=\"Tour Travel And More\" \/>\n<meta property=\"article:publisher\" content=\"https:\/\/www.facebook.com\/tourtravelandmore\/\" \/>\n<meta property=\"article:modified_time\" content=\"2023-10-23T09:16:36+00:00\" \/>\n<meta property=\"og:image\" content=\"https:\/\/tourtravelandmore.com\/wp-content\/uploads\/2019\/09\/vienna-1.jpg\" \/>\n\t<meta property=\"og:image:width\" content=\"960\" \/>\n\t<meta property=\"og:image:height\" content=\"640\" \/>\n\t<meta property=\"og:image:type\" content=\"image\/jpeg\" \/>\n<meta name=\"twitter:card\" content=\"summary_large_image\" \/>\n<meta name=\"twitter:site\" content=\"@TourTravel_More\" \/>\n<meta name=\"twitter:label1\" content=\"Tiempo de lectura\" \/>\n\t<meta name=\"twitter:data1\" content=\"4 minutos\" \/>\n<script type=\"application\/ld+json\" class=\"yoast-schema-graph\">{\"@context\":\"https:\/\/schema.org\",\"@graph\":[{\"@type\":\"WebPage\",\"@id\":\"https:\/\/tourtravelandmore.com\/es\/tours\/austria-es\/viena-es\/tour-privado-viena-con-guia-oficial-y-vehiculo-con-chofer\/\",\"url\":\"https:\/\/tourtravelandmore.com\/es\/tours\/austria-es\/viena-es\/tour-privado-viena-con-guia-oficial-y-vehiculo-con-chofer\/\",\"name\":\"\\\"Visita privada de Viena: Un viaje \u00edntimo a trav\u00e9s del tiempo\\\"\",\"isPartOf\":{\"@id\":\"https:\/\/tourtravelandmore.com\/es\/#website\"},\"primaryImageOfPage\":{\"@id\":\"https:\/\/tourtravelandmore.com\/es\/tours\/austria-es\/viena-es\/tour-privado-viena-con-guia-oficial-y-vehiculo-con-chofer\/#primaryimage\"},\"image\":{\"@id\":\"https:\/\/tourtravelandmore.com\/es\/tours\/austria-es\/viena-es\/tour-privado-viena-con-guia-oficial-y-vehiculo-con-chofer\/#primaryimage\"},\"thumbnailUrl\":\"https:\/\/tourtravelandmore.com\/wp-content\/uploads\/2019\/09\/vienna-1.jpg\",\"datePublished\":\"2019-09-19T21:13:42+00:00\",\"dateModified\":\"2023-10-23T09:16:36+00:00\",\"description\":\"\\\"Emb\u00e1rquese en un viaje a medida por los lugares emblem\u00e1ticos y las joyas ocultas de Viena. Nuestro tour privado de 4 horas, enriquecido con traslados de lujo y un gu\u00eda experto, desvela una narraci\u00f3n donde convergen la grandeza arquitect\u00f3nica y la elegancia hist\u00f3rica.\\\"\",\"breadcrumb\":{\"@id\":\"https:\/\/tourtravelandmore.com\/es\/tours\/austria-es\/viena-es\/tour-privado-viena-con-guia-oficial-y-vehiculo-con-chofer\/#breadcrumb\"},\"inLanguage\":\"es\",\"potentialAction\":[{\"@type\":\"ReadAction\",\"target\":[\"https:\/\/tourtravelandmore.com\/es\/tours\/austria-es\/viena-es\/tour-privado-viena-con-guia-oficial-y-vehiculo-con-chofer\/\"]}]},{\"@type\":\"ImageObject\",\"inLanguage\":\"es\",\"@id\":\"https:\/\/tourtravelandmore.com\/es\/tours\/austria-es\/viena-es\/tour-privado-viena-con-guia-oficial-y-vehiculo-con-chofer\/#primaryimage\",\"url\":\"https:\/\/tourtravelandmore.com\/wp-content\/uploads\/2019\/09\/vienna-1.jpg\",\"contentUrl\":\"https:\/\/tourtravelandmore.com\/wp-content\/uploads\/2019\/09\/vienna-1.jpg\",\"width\":960,\"height\":640},{\"@type\":\"BreadcrumbList\",\"@id\":\"https:\/\/tourtravelandmore.com\/es\/tours\/austria-es\/viena-es\/tour-privado-viena-con-guia-oficial-y-vehiculo-con-chofer\/#breadcrumb\",\"itemListElement\":[{\"@type\":\"ListItem\",\"position\":1,\"name\":\"Home\",\"item\":\"https:\/\/tourtravelandmore.com\/es\/\"},{\"@type\":\"ListItem\",\"position\":2,\"name\":\"Tours\",\"item\":\"https:\/\/tourtravelandmore.com\/es\/tours\/\"},{\"@type\":\"ListItem\",\"position\":3,\"name\":\"Tour Privado de Viena con guia y vehiculo\"}]},{\"@type\":\"WebSite\",\"@id\":\"https:\/\/tourtravelandmore.com\/es\/#website\",\"url\":\"https:\/\/tourtravelandmore.com\/es\/\",\"name\":\"Tour Travel And More\",\"description\":\"Private sightseeing tours and luxury transfers in Spain\",\"publisher\":{\"@id\":\"https:\/\/tourtravelandmore.com\/es\/#organization\"},\"potentialAction\":[{\"@type\":\"SearchAction\",\"target\":{\"@type\":\"EntryPoint\",\"urlTemplate\":\"https:\/\/tourtravelandmore.com\/es\/?s={search_term_string}\"},\"query-input\":{\"@type\":\"PropertyValueSpecification\",\"valueRequired\":true,\"valueName\":\"search_term_string\"}}],\"inLanguage\":\"es\"},{\"@type\":\"Organization\",\"@id\":\"https:\/\/tourtravelandmore.com\/es\/#organization\",\"name\":\"Tour Travel And More\",\"url\":\"https:\/\/tourtravelandmore.com\/es\/\",\"logo\":{\"@type\":\"ImageObject\",\"inLanguage\":\"es\",\"@id\":\"https:\/\/tourtravelandmore.com\/es\/#\/schema\/logo\/image\/\",\"url\":\"https:\/\/tourtravelandmore.com\/wp-content\/uploads\/2022\/12\/cropped-logo-cabecera-new.png\",\"contentUrl\":\"https:\/\/tourtravelandmore.com\/wp-content\/uploads\/2022\/12\/cropped-logo-cabecera-new.png\",\"width\":430,\"height\":61,\"caption\":\"Tour Travel And More\"},\"image\":{\"@id\":\"https:\/\/tourtravelandmore.com\/es\/#\/schema\/logo\/image\/\"},\"sameAs\":[\"https:\/\/www.facebook.com\/tourtravelandmore\/\",\"https:\/\/x.com\/TourTravel_More\"]}]}<\/script>\n<!-- \/ Yoast SEO Premium plugin. -->","yoast_head_json":{"title":"\"Visita privada de Viena: Un viaje \u00edntimo a trav\u00e9s del tiempo\"","description":"\"Emb\u00e1rquese en un viaje a medida por los lugares emblem\u00e1ticos y las joyas ocultas de Viena. Nuestro tour privado de 4 horas, enriquecido con traslados de lujo y un gu\u00eda experto, desvela una narraci\u00f3n donde convergen la grandeza arquitect\u00f3nica y la elegancia hist\u00f3rica.\"","robots":{"index":"index","follow":"follow","max-snippet":"max-snippet:-1","max-image-preview":"max-image-preview:large","max-video-preview":"max-video-preview:-1"},"canonical":"https:\/\/tourtravelandmore.com\/es\/tours\/austria-es\/viena-es\/tour-privado-viena-con-guia-oficial-y-vehiculo-con-chofer\/","og_locale":"es_ES","og_type":"article","og_title":"Tour Privado de Viena con guia y vehiculo","og_description":"\"Emb\u00e1rquese en un viaje a medida por los lugares emblem\u00e1ticos y las joyas ocultas de Viena. Nuestro tour privado de 4 horas, enriquecido con traslados de lujo y un gu\u00eda experto, desvela una narraci\u00f3n donde convergen la grandeza arquitect\u00f3nica y la elegancia hist\u00f3rica.\"","og_url":"https:\/\/tourtravelandmore.com\/es\/tours\/austria-es\/viena-es\/tour-privado-viena-con-guia-oficial-y-vehiculo-con-chofer\/","og_site_name":"Tour Travel And More","article_publisher":"https:\/\/www.facebook.com\/tourtravelandmore\/","article_modified_time":"2023-10-23T09:16:36+00:00","og_image":[{"width":960,"height":640,"url":"https:\/\/tourtravelandmore.com\/wp-content\/uploads\/2019\/09\/vienna-1.jpg","type":"image\/jpeg"}],"twitter_card":"summary_large_image","twitter_site":"@TourTravel_More","twitter_misc":{"Tiempo de lectura":"4 minutos"},"schema":{"@context":"https:\/\/schema.org","@graph":[{"@type":"WebPage","@id":"https:\/\/tourtravelandmore.com\/es\/tours\/austria-es\/viena-es\/tour-privado-viena-con-guia-oficial-y-vehiculo-con-chofer\/","url":"https:\/\/tourtravelandmore.com\/es\/tours\/austria-es\/viena-es\/tour-privado-viena-con-guia-oficial-y-vehiculo-con-chofer\/","name":"\"Visita privada de Viena: Un viaje \u00edntimo a trav\u00e9s del tiempo\"","isPartOf":{"@id":"https:\/\/tourtravelandmore.com\/es\/#website"},"primaryImageOfPage":{"@id":"https:\/\/tourtravelandmore.com\/es\/tours\/austria-es\/viena-es\/tour-privado-viena-con-guia-oficial-y-vehiculo-con-chofer\/#primaryimage"},"image":{"@id":"https:\/\/tourtravelandmore.com\/es\/tours\/austria-es\/viena-es\/tour-privado-viena-con-guia-oficial-y-vehiculo-con-chofer\/#primaryimage"},"thumbnailUrl":"https:\/\/tourtravelandmore.com\/wp-content\/uploads\/2019\/09\/vienna-1.jpg","datePublished":"2019-09-19T21:13:42+00:00","dateModified":"2023-10-23T09:16:36+00:00","description":"\"Emb\u00e1rquese en un viaje a medida por los lugares emblem\u00e1ticos y las joyas ocultas de Viena. Nuestro tour privado de 4 horas, enriquecido con traslados de lujo y un gu\u00eda experto, desvela una narraci\u00f3n donde convergen la grandeza arquitect\u00f3nica y la elegancia hist\u00f3rica.\"","breadcrumb":{"@id":"https:\/\/tourtravelandmore.com\/es\/tours\/austria-es\/viena-es\/tour-privado-viena-con-guia-oficial-y-vehiculo-con-chofer\/#breadcrumb"},"inLanguage":"es","potentialAction":[{"@type":"ReadAction","target":["https:\/\/tourtravelandmore.com\/es\/tours\/austria-es\/viena-es\/tour-privado-viena-con-guia-oficial-y-vehiculo-con-chofer\/"]}]},{"@type":"ImageObject","inLanguage":"es","@id":"https:\/\/tourtravelandmore.com\/es\/tours\/austria-es\/viena-es\/tour-privado-viena-con-guia-oficial-y-vehiculo-con-chofer\/#primaryimage","url":"https:\/\/tourtravelandmore.com\/wp-content\/uploads\/2019\/09\/vienna-1.jpg","contentUrl":"https:\/\/tourtravelandmore.com\/wp-content\/uploads\/2019\/09\/vienna-1.jpg","width":960,"height":640},{"@type":"BreadcrumbList","@id":"https:\/\/tourtravelandmore.com\/es\/tours\/austria-es\/viena-es\/tour-privado-viena-con-guia-oficial-y-vehiculo-con-chofer\/#breadcrumb","itemListElement":[{"@type":"ListItem","position":1,"name":"Home","item":"https:\/\/tourtravelandmore.com\/es\/"},{"@type":"ListItem","position":2,"name":"Tours","item":"https:\/\/tourtravelandmore.com\/es\/tours\/"},{"@type":"ListItem","position":3,"name":"Tour Privado de Viena con guia y vehiculo"}]},{"@type":"WebSite","@id":"https:\/\/tourtravelandmore.com\/es\/#website","url":"https:\/\/tourtravelandmore.com\/es\/","name":"Tour Travel And More","description":"Private sightseeing tours and luxury transfers in Spain","publisher":{"@id":"https:\/\/tourtravelandmore.com\/es\/#organization"},"potentialAction":[{"@type":"SearchAction","target":{"@type":"EntryPoint","urlTemplate":"https:\/\/tourtravelandmore.com\/es\/?s={search_term_string}"},"query-input":{"@type":"PropertyValueSpecification","valueRequired":true,"valueName":"search_term_string"}}],"inLanguage":"es"},{"@type":"Organization","@id":"https:\/\/tourtravelandmore.com\/es\/#organization","name":"Tour Travel And More","url":"https:\/\/tourtravelandmore.com\/es\/","logo":{"@type":"ImageObject","inLanguage":"es","@id":"https:\/\/tourtravelandmore.com\/es\/#\/schema\/logo\/image\/","url":"https:\/\/tourtravelandmore.com\/wp-content\/uploads\/2022\/12\/cropped-logo-cabecera-new.png","contentUrl":"https:\/\/tourtravelandmore.com\/wp-content\/uploads\/2022\/12\/cropped-logo-cabecera-new.png","width":430,"height":61,"caption":"Tour Travel And More"},"image":{"@id":"https:\/\/tourtravelandmore.com\/es\/#\/schema\/logo\/image\/"},"sameAs":["https:\/\/www.facebook.com\/tourtravelandmore\/","https:\/\/x.com\/TourTravel_More"]}]}},"_links":{"self":[{"href":"https:\/\/tourtravelandmore.com\/es\/wp-json\/wp\/v2\/product\/66619","targetHints":{"allow":["GET"]}}],"collection":[{"href":"https:\/\/tourtravelandmore.com\/es\/wp-json\/wp\/v2\/product"}],"about":[{"href":"https:\/\/tourtravelandmore.com\/es\/wp-json\/wp\/v2\/types\/product"}],"replies":[{"embeddable":true,"href":"https:\/\/tourtravelandmore.com\/es\/wp-json\/wp\/v2\/comments?post=66619"}],"wp:featuredmedia":[{"embeddable":true,"href":"https:\/\/tourtravelandmore.com\/es\/wp-json\/wp\/v2\/media\/66820"}],"wp:attachment":[{"href":"https:\/\/tourtravelandmore.com\/es\/wp-json\/wp\/v2\/media?parent=66619"}],"wp:term":[{"taxonomy":"product_brand","embeddable":true,"href":"https:\/\/tourtravelandmore.com\/es\/wp-json\/wp\/v2\/product_brand?post=66619"},{"taxonomy":"product_cat","embeddable":true,"href":"https:\/\/tourtravelandmore.com\/es\/wp-json\/wp\/v2\/product_cat?post=66619"},{"taxonomy":"product_tag","embeddable":true,"href":"https:\/\/tourtravelandmore.com\/es\/wp-json\/wp\/v2\/product_tag?post=66619"}],"curies":[{"name":"wp","href":"https:\/\/api.w.org\/{rel}","templated":true}]}}