{"id":66609,"date":"2019-09-19T23:13:32","date_gmt":"2019-09-19T21:13:33","guid":{"rendered":"https:\/\/tourtravelandmore.com\/?post_type=product&#038;p=66609"},"modified":"2023-11-24T19:33:52","modified_gmt":"2023-11-24T18:33:52","slug":"transfer-privado-hasta-desde-aeropuerto-de-florencia-a-viena","status":"publish","type":"product","link":"https:\/\/tourtravelandmore.com\/es\/tours\/austria-es\/viena-es\/transfer-privado-hasta-desde-aeropuerto-de-florencia-a-viena\/","title":{"rendered":"Traslado Privado en Viena"},"content":{"rendered":"<h2><b>Traslado Privado en Viena Descripci\u00f3n<\/b><\/h2>\n<p><span style=\"font-weight: 400;\">Su viaje a Viena merece un buen comienzo, y nuestra Experiencia Exclusiva de Traslado Privado a Viena se lo garantiza. En Tour Travel &amp; More, creemos que el lujo, la comodidad y un servicio impecable son las piedras angulares de una aventura de viaje notable. Perm\u00edtanos redefinir su experiencia de transporte en la ciudad conocida por sus palacios imperiales y su fascinante legado musical.<\/span><\/p>\n<p><span style=\"font-weight: 400;\">Imag\u00ednese salir del bullicioso aeropuerto de Viena o del vest\u00edbulo de su hotel y ser recibido por un amable ch\u00f3fer con un cartel con su nombre. Al embarcar en un lujoso veh\u00edculo con aire acondicionado, el encanto de la ciudad comienza a desvelarse. El viaje no es un mero traslado, es su introducci\u00f3n a la grandeza de Viena.<\/span><\/p>\n<p><span style=\"font-weight: 400;\">Tanto si se encuentra en la ciudad para una conferencia de negocios como para explorar la exquisita cultura austriaca o disfrutar de sus delicias culinarias, comience su estancia en Viena con estilo. La clave de nuestra oferta no es s\u00f3lo el transporte, sino la fusi\u00f3n perfecta de lujo, comodidad y servicio personalizado.<\/span><\/p>\n<p><span style=\"font-weight: 400;\">Ad\u00e9ntrese en el reino de la grandiosidad de Viena, ya que ofrecemos algo m\u00e1s que un simple traslado de un punto a otro. Es una experiencia, un elegante preludio a sus aventuras en esta emblem\u00e1tica ciudad. Cada momento dentro de nuestros lujosos veh\u00edculos est\u00e1 dise\u00f1ado para reflejar el regio ambiente de Viena. Desde los mullidos asientos de cuero que le envuelven con comodidad hasta la sutil iluminaci\u00f3n ambiental que recuerda a los famosos teatros de \u00f3pera de la ciudad, cada detalle est\u00e1 meticulosamente cuidado.<\/span><\/p>\n<p><span style=\"font-weight: 400;\">Adem\u00e1s, mientras se desliza por las anchas avenidas, nuestros ch\u00f3feres, que tambi\u00e9n son avezados conocedores de la historia y el encanto de Viena, podr\u00e1n contarle an\u00e9cdotas o trivialidades sobre los lugares emblem\u00e1ticos por los que pase. \u00bfSiente curiosidad por alg\u00fan monumento o barrio en particular? No dude en preguntar. Piense en este traslado como un viaje interactivo, un aperitivo antes de sumergirse en el rico tapiz cultural, hist\u00f3rico y art\u00edstico de Viena. Con nosotros, no s\u00f3lo viajar\u00e1, sino que conocer\u00e1 el alma de Viena. As\u00ed que, recl\u00ednese, rel\u00e1jese y deje que el esp\u00edritu de Viena le abrace c\u00e1lidamente, estableciendo el tono perfecto para su estancia.<\/span><\/p>\n<h2><b>Puntos de inter\u00e9s<\/b><\/h2>\n<p><span style=\"font-weight: 400;\">Mientras las calles de Viena resuenan con resonancias hist\u00f3ricas, su presente vibra con dinamismo moderno. A medida que se desplaza de un punto a otro, se desarrolla una narraci\u00f3n.<\/span><\/p>\n<ul>\n<li style=\"font-weight: 400;\" aria-level=\"1\"><b>Un lienzo hist\u00f3rico:<\/b><span style=\"font-weight: 400;\"> Viena no es s\u00f3lo la capital de Austria; es un museo viviente. Cada bulevar y cada callejuela tienen una historia: imperios, m\u00fasica, arte y revoluciones.<\/span><\/li>\n<li style=\"font-weight: 400;\" aria-level=\"1\"><b>Maravillas arquitect\u00f3nicas<\/b><span style=\"font-weight: 400;\">: A su paso, sea testigo de la brillante yuxtaposici\u00f3n de catedrales g\u00f3ticas, palacios barrocos y estructuras contempor\u00e1neas que realzan el tapiz arquitect\u00f3nico de Viena.<\/span><\/li>\n<li style=\"font-weight: 400;\" aria-level=\"1\"><b>La joya de la corona de ONU-H\u00e1bitat:<\/b><span style=\"font-weight: 400;\"> Recuerde que se encuentra en una ciudad que fue coronada como la m\u00e1s pr\u00f3spera del mundo. Su brillantez urban\u00edstica es objeto de estudio y admiraci\u00f3n en todo el mundo.<\/span><\/li>\n<li style=\"font-weight: 400;\" aria-level=\"1\"><b>Confluencia cultural:<\/b><span style=\"font-weight: 400;\"> El tentador aroma de los caf\u00e9s vieneses, las lejanas melod\u00edas de un concierto de m\u00fasica cl\u00e1sica en directo o los bulliciosos mercados: cada momento de su traslado es un pedazo de la cultura vienesa.<\/span><\/li>\n<li style=\"font-weight: 400;\" aria-level=\"1\"><b>Navegaci\u00f3n tranquila:<\/b><span style=\"font-weight: 400;\"> En medio de toda la grandeza, su comodidad sigue siendo primordial. Disfrute de la belleza de la ciudad sin problemas de transporte. Desde r\u00e1pidas recogidas en el aeropuerto hasta tranquilos traslados por la ciudad, cada trayecto est\u00e1 pensado para ofrecerle el transporte de lujo por excelencia.<\/span><\/li>\n<\/ul>\n<p><span style=\"font-weight: 400;\">Mejore su experiencia en Viena. Elija la comodidad. Elija el lujo. Elija Tour Travel &amp; More. Reserve ahora su traslado privado exclusivo a Viena y sum\u00e9rjase en el<\/span><a href=\"https:\/\/tourtravelandmore.com\/es\/ciudad\/austria-es\/viena-es\/\"><span style=\"font-weight: 400;\"> coraz\u00f3n de Austria con elegancia y facilidad.<\/span><\/a><\/p>\n","protected":false},"excerpt":{"rendered":"<p><span style=\"font-weight: 400;\">\u00a1Viva Viena con estilo! Opte por nuestro exclusivo traslado privado a Viena y sea testigo de la grandeza de la ciudad, su resonancia hist\u00f3rica y su brillantez urbana mientras disfruta de un confort de primera categor\u00eda. \u00a1Reserve ahora!<\/span><\/p>\n<p>&nbsp;<\/p>\n","protected":false},"featured_media":8090,"comment_status":"open","ping_status":"closed","template":"","meta":{"_acf_changed":false},"product_brand":[],"product_cat":[1380,1384,1381],"product_tag":[],"class_list":{"0":"post-66609","1":"product","2":"type-product","3":"status-publish","4":"has-post-thumbnail","6":"product_cat-viena-es","7":"product_cat-vienna-tours-privados-actividades-es","8":"product_cat-viena-traslados-privados-es","10":"first","11":"instock","12":"shipping-taxable","13":"purchasable","14":"product-type-simple"},"acf":[],"yoast_head":"<!-- This site is optimized with the Yoast SEO Premium plugin v25.3.1 (Yoast SEO v25.3.1) - https:\/\/yoast.com\/wordpress\/plugins\/seo\/ -->\n<title>Traslado Privado Exclusivo en Viena | Transporte de Lujo en Viena<\/title>\n<meta name=\"description\" content=\"Comience su viaje a Viena con nuestro lujoso servicio de traslado privado. Sum\u00e9rjase en el coraz\u00f3n de Austria, experimentando comodidad, elegancia y un servicio impecable.\" \/>\n<meta name=\"robots\" content=\"index, follow, max-snippet:-1, max-image-preview:large, max-video-preview:-1\" \/>\n<link rel=\"canonical\" href=\"https:\/\/tourtravelandmore.com\/es\/tours\/austria-es\/viena-es\/transfer-privado-hasta-desde-aeropuerto-de-florencia-a-viena\/\" \/>\n<meta property=\"og:locale\" content=\"es_ES\" \/>\n<meta property=\"og:type\" content=\"article\" \/>\n<meta property=\"og:title\" content=\"Traslado Privado en Viena\" \/>\n<meta property=\"og:description\" content=\"Comience su viaje a Viena con nuestro lujoso servicio de traslado privado. Sum\u00e9rjase en el coraz\u00f3n de Austria, experimentando comodidad, elegancia y un servicio impecable.\" \/>\n<meta property=\"og:url\" content=\"https:\/\/tourtravelandmore.com\/es\/tours\/austria-es\/viena-es\/transfer-privado-hasta-desde-aeropuerto-de-florencia-a-viena\/\" \/>\n<meta property=\"og:site_name\" content=\"Tour Travel And More\" \/>\n<meta property=\"article:publisher\" content=\"https:\/\/www.facebook.com\/tourtravelandmore\/\" \/>\n<meta property=\"article:modified_time\" content=\"2023-11-24T18:33:52+00:00\" \/>\n<meta property=\"og:image\" content=\"https:\/\/tourtravelandmore.com\/wp-content\/uploads\/2016\/10\/transfer-port-barcelonajpg.jpg\" \/>\n\t<meta property=\"og:image:width\" content=\"955\" \/>\n\t<meta property=\"og:image:height\" content=\"523\" \/>\n\t<meta property=\"og:image:type\" content=\"image\/jpeg\" \/>\n<meta name=\"twitter:card\" content=\"summary_large_image\" \/>\n<meta name=\"twitter:site\" content=\"@TourTravel_More\" \/>\n<meta name=\"twitter:label1\" content=\"Tiempo de lectura\" \/>\n\t<meta name=\"twitter:data1\" content=\"3 minutos\" \/>\n<script type=\"application\/ld+json\" class=\"yoast-schema-graph\">{\"@context\":\"https:\/\/schema.org\",\"@graph\":[{\"@type\":\"WebPage\",\"@id\":\"https:\/\/tourtravelandmore.com\/es\/tours\/austria-es\/viena-es\/transfer-privado-hasta-desde-aeropuerto-de-florencia-a-viena\/\",\"url\":\"https:\/\/tourtravelandmore.com\/es\/tours\/austria-es\/viena-es\/transfer-privado-hasta-desde-aeropuerto-de-florencia-a-viena\/\",\"name\":\"Traslado Privado Exclusivo en Viena | Transporte de Lujo en Viena\",\"isPartOf\":{\"@id\":\"https:\/\/tourtravelandmore.com\/es\/#website\"},\"primaryImageOfPage\":{\"@id\":\"https:\/\/tourtravelandmore.com\/es\/tours\/austria-es\/viena-es\/transfer-privado-hasta-desde-aeropuerto-de-florencia-a-viena\/#primaryimage\"},\"image\":{\"@id\":\"https:\/\/tourtravelandmore.com\/es\/tours\/austria-es\/viena-es\/transfer-privado-hasta-desde-aeropuerto-de-florencia-a-viena\/#primaryimage\"},\"thumbnailUrl\":\"https:\/\/tourtravelandmore.com\/wp-content\/uploads\/2016\/10\/transfer-port-barcelonajpg.jpg\",\"datePublished\":\"2019-09-19T21:13:33+00:00\",\"dateModified\":\"2023-11-24T18:33:52+00:00\",\"description\":\"Comience su viaje a Viena con nuestro lujoso servicio de traslado privado. Sum\u00e9rjase en el coraz\u00f3n de Austria, experimentando comodidad, elegancia y un servicio impecable.\",\"breadcrumb\":{\"@id\":\"https:\/\/tourtravelandmore.com\/es\/tours\/austria-es\/viena-es\/transfer-privado-hasta-desde-aeropuerto-de-florencia-a-viena\/#breadcrumb\"},\"inLanguage\":\"es\",\"potentialAction\":[{\"@type\":\"ReadAction\",\"target\":[\"https:\/\/tourtravelandmore.com\/es\/tours\/austria-es\/viena-es\/transfer-privado-hasta-desde-aeropuerto-de-florencia-a-viena\/\"]}]},{\"@type\":\"ImageObject\",\"inLanguage\":\"es\",\"@id\":\"https:\/\/tourtravelandmore.com\/es\/tours\/austria-es\/viena-es\/transfer-privado-hasta-desde-aeropuerto-de-florencia-a-viena\/#primaryimage\",\"url\":\"https:\/\/tourtravelandmore.com\/wp-content\/uploads\/2016\/10\/transfer-port-barcelonajpg.jpg\",\"contentUrl\":\"https:\/\/tourtravelandmore.com\/wp-content\/uploads\/2016\/10\/transfer-port-barcelonajpg.jpg\",\"width\":955,\"height\":523,\"caption\":\"Private Transfer\"},{\"@type\":\"BreadcrumbList\",\"@id\":\"https:\/\/tourtravelandmore.com\/es\/tours\/austria-es\/viena-es\/transfer-privado-hasta-desde-aeropuerto-de-florencia-a-viena\/#breadcrumb\",\"itemListElement\":[{\"@type\":\"ListItem\",\"position\":1,\"name\":\"Home\",\"item\":\"https:\/\/tourtravelandmore.com\/es\/\"},{\"@type\":\"ListItem\",\"position\":2,\"name\":\"Tours\",\"item\":\"https:\/\/tourtravelandmore.com\/es\/tours\/\"},{\"@type\":\"ListItem\",\"position\":3,\"name\":\"Traslado Privado en Viena\"}]},{\"@type\":\"WebSite\",\"@id\":\"https:\/\/tourtravelandmore.com\/es\/#website\",\"url\":\"https:\/\/tourtravelandmore.com\/es\/\",\"name\":\"Tour Travel And More\",\"description\":\"Private sightseeing tours and luxury transfers in Spain\",\"publisher\":{\"@id\":\"https:\/\/tourtravelandmore.com\/es\/#organization\"},\"potentialAction\":[{\"@type\":\"SearchAction\",\"target\":{\"@type\":\"EntryPoint\",\"urlTemplate\":\"https:\/\/tourtravelandmore.com\/es\/?s={search_term_string}\"},\"query-input\":{\"@type\":\"PropertyValueSpecification\",\"valueRequired\":true,\"valueName\":\"search_term_string\"}}],\"inLanguage\":\"es\"},{\"@type\":\"Organization\",\"@id\":\"https:\/\/tourtravelandmore.com\/es\/#organization\",\"name\":\"Tour Travel And More\",\"url\":\"https:\/\/tourtravelandmore.com\/es\/\",\"logo\":{\"@type\":\"ImageObject\",\"inLanguage\":\"es\",\"@id\":\"https:\/\/tourtravelandmore.com\/es\/#\/schema\/logo\/image\/\",\"url\":\"https:\/\/tourtravelandmore.com\/wp-content\/uploads\/2022\/12\/cropped-logo-cabecera-new.png\",\"contentUrl\":\"https:\/\/tourtravelandmore.com\/wp-content\/uploads\/2022\/12\/cropped-logo-cabecera-new.png\",\"width\":430,\"height\":61,\"caption\":\"Tour Travel And More\"},\"image\":{\"@id\":\"https:\/\/tourtravelandmore.com\/es\/#\/schema\/logo\/image\/\"},\"sameAs\":[\"https:\/\/www.facebook.com\/tourtravelandmore\/\",\"https:\/\/x.com\/TourTravel_More\"]}]}<\/script>\n<!-- \/ Yoast SEO Premium plugin. -->","yoast_head_json":{"title":"Traslado Privado Exclusivo en Viena | Transporte de Lujo en Viena","description":"Comience su viaje a Viena con nuestro lujoso servicio de traslado privado. Sum\u00e9rjase en el coraz\u00f3n de Austria, experimentando comodidad, elegancia y un servicio impecable.","robots":{"index":"index","follow":"follow","max-snippet":"max-snippet:-1","max-image-preview":"max-image-preview:large","max-video-preview":"max-video-preview:-1"},"canonical":"https:\/\/tourtravelandmore.com\/es\/tours\/austria-es\/viena-es\/transfer-privado-hasta-desde-aeropuerto-de-florencia-a-viena\/","og_locale":"es_ES","og_type":"article","og_title":"Traslado Privado en Viena","og_description":"Comience su viaje a Viena con nuestro lujoso servicio de traslado privado. Sum\u00e9rjase en el coraz\u00f3n de Austria, experimentando comodidad, elegancia y un servicio impecable.","og_url":"https:\/\/tourtravelandmore.com\/es\/tours\/austria-es\/viena-es\/transfer-privado-hasta-desde-aeropuerto-de-florencia-a-viena\/","og_site_name":"Tour Travel And More","article_publisher":"https:\/\/www.facebook.com\/tourtravelandmore\/","article_modified_time":"2023-11-24T18:33:52+00:00","og_image":[{"width":955,"height":523,"url":"https:\/\/tourtravelandmore.com\/wp-content\/uploads\/2016\/10\/transfer-port-barcelonajpg.jpg","type":"image\/jpeg"}],"twitter_card":"summary_large_image","twitter_site":"@TourTravel_More","twitter_misc":{"Tiempo de lectura":"3 minutos"},"schema":{"@context":"https:\/\/schema.org","@graph":[{"@type":"WebPage","@id":"https:\/\/tourtravelandmore.com\/es\/tours\/austria-es\/viena-es\/transfer-privado-hasta-desde-aeropuerto-de-florencia-a-viena\/","url":"https:\/\/tourtravelandmore.com\/es\/tours\/austria-es\/viena-es\/transfer-privado-hasta-desde-aeropuerto-de-florencia-a-viena\/","name":"Traslado Privado Exclusivo en Viena | Transporte de Lujo en Viena","isPartOf":{"@id":"https:\/\/tourtravelandmore.com\/es\/#website"},"primaryImageOfPage":{"@id":"https:\/\/tourtravelandmore.com\/es\/tours\/austria-es\/viena-es\/transfer-privado-hasta-desde-aeropuerto-de-florencia-a-viena\/#primaryimage"},"image":{"@id":"https:\/\/tourtravelandmore.com\/es\/tours\/austria-es\/viena-es\/transfer-privado-hasta-desde-aeropuerto-de-florencia-a-viena\/#primaryimage"},"thumbnailUrl":"https:\/\/tourtravelandmore.com\/wp-content\/uploads\/2016\/10\/transfer-port-barcelonajpg.jpg","datePublished":"2019-09-19T21:13:33+00:00","dateModified":"2023-11-24T18:33:52+00:00","description":"Comience su viaje a Viena con nuestro lujoso servicio de traslado privado. Sum\u00e9rjase en el coraz\u00f3n de Austria, experimentando comodidad, elegancia y un servicio impecable.","breadcrumb":{"@id":"https:\/\/tourtravelandmore.com\/es\/tours\/austria-es\/viena-es\/transfer-privado-hasta-desde-aeropuerto-de-florencia-a-viena\/#breadcrumb"},"inLanguage":"es","potentialAction":[{"@type":"ReadAction","target":["https:\/\/tourtravelandmore.com\/es\/tours\/austria-es\/viena-es\/transfer-privado-hasta-desde-aeropuerto-de-florencia-a-viena\/"]}]},{"@type":"ImageObject","inLanguage":"es","@id":"https:\/\/tourtravelandmore.com\/es\/tours\/austria-es\/viena-es\/transfer-privado-hasta-desde-aeropuerto-de-florencia-a-viena\/#primaryimage","url":"https:\/\/tourtravelandmore.com\/wp-content\/uploads\/2016\/10\/transfer-port-barcelonajpg.jpg","contentUrl":"https:\/\/tourtravelandmore.com\/wp-content\/uploads\/2016\/10\/transfer-port-barcelonajpg.jpg","width":955,"height":523,"caption":"Private Transfer"},{"@type":"BreadcrumbList","@id":"https:\/\/tourtravelandmore.com\/es\/tours\/austria-es\/viena-es\/transfer-privado-hasta-desde-aeropuerto-de-florencia-a-viena\/#breadcrumb","itemListElement":[{"@type":"ListItem","position":1,"name":"Home","item":"https:\/\/tourtravelandmore.com\/es\/"},{"@type":"ListItem","position":2,"name":"Tours","item":"https:\/\/tourtravelandmore.com\/es\/tours\/"},{"@type":"ListItem","position":3,"name":"Traslado Privado en Viena"}]},{"@type":"WebSite","@id":"https:\/\/tourtravelandmore.com\/es\/#website","url":"https:\/\/tourtravelandmore.com\/es\/","name":"Tour Travel And More","description":"Private sightseeing tours and luxury transfers in Spain","publisher":{"@id":"https:\/\/tourtravelandmore.com\/es\/#organization"},"potentialAction":[{"@type":"SearchAction","target":{"@type":"EntryPoint","urlTemplate":"https:\/\/tourtravelandmore.com\/es\/?s={search_term_string}"},"query-input":{"@type":"PropertyValueSpecification","valueRequired":true,"valueName":"search_term_string"}}],"inLanguage":"es"},{"@type":"Organization","@id":"https:\/\/tourtravelandmore.com\/es\/#organization","name":"Tour Travel And More","url":"https:\/\/tourtravelandmore.com\/es\/","logo":{"@type":"ImageObject","inLanguage":"es","@id":"https:\/\/tourtravelandmore.com\/es\/#\/schema\/logo\/image\/","url":"https:\/\/tourtravelandmore.com\/wp-content\/uploads\/2022\/12\/cropped-logo-cabecera-new.png","contentUrl":"https:\/\/tourtravelandmore.com\/wp-content\/uploads\/2022\/12\/cropped-logo-cabecera-new.png","width":430,"height":61,"caption":"Tour Travel And More"},"image":{"@id":"https:\/\/tourtravelandmore.com\/es\/#\/schema\/logo\/image\/"},"sameAs":["https:\/\/www.facebook.com\/tourtravelandmore\/","https:\/\/x.com\/TourTravel_More"]}]}},"_links":{"self":[{"href":"https:\/\/tourtravelandmore.com\/es\/wp-json\/wp\/v2\/product\/66609","targetHints":{"allow":["GET"]}}],"collection":[{"href":"https:\/\/tourtravelandmore.com\/es\/wp-json\/wp\/v2\/product"}],"about":[{"href":"https:\/\/tourtravelandmore.com\/es\/wp-json\/wp\/v2\/types\/product"}],"replies":[{"embeddable":true,"href":"https:\/\/tourtravelandmore.com\/es\/wp-json\/wp\/v2\/comments?post=66609"}],"wp:featuredmedia":[{"embeddable":true,"href":"https:\/\/tourtravelandmore.com\/es\/wp-json\/wp\/v2\/media\/8090"}],"wp:attachment":[{"href":"https:\/\/tourtravelandmore.com\/es\/wp-json\/wp\/v2\/media?parent=66609"}],"wp:term":[{"taxonomy":"product_brand","embeddable":true,"href":"https:\/\/tourtravelandmore.com\/es\/wp-json\/wp\/v2\/product_brand?post=66609"},{"taxonomy":"product_cat","embeddable":true,"href":"https:\/\/tourtravelandmore.com\/es\/wp-json\/wp\/v2\/product_cat?post=66609"},{"taxonomy":"product_tag","embeddable":true,"href":"https:\/\/tourtravelandmore.com\/es\/wp-json\/wp\/v2\/product_tag?post=66609"}],"curies":[{"name":"wp","href":"https:\/\/api.w.org\/{rel}","templated":true}]}}