{"id":66599,"date":"2019-09-19T23:13:23","date_gmt":"2019-09-19T21:13:24","guid":{"rendered":"https:\/\/tourtravelandmore.com\/?post_type=product&#038;p=66599"},"modified":"2022-03-18T13:21:57","modified_gmt":"2022-03-18T12:21:57","slug":"tour-privado-a-dachau-desde-nuremberg","status":"publish","type":"product","link":"https:\/\/tourtravelandmore.com\/es\/tours\/alemania-es\/nuremberg-es\/tour-privado-a-dachau-desde-nuremberg\/","title":{"rendered":"Tour Privado al Campo de Concentraci\u00f3n Dachau"},"content":{"rendered":"<h2><strong>Descripci\u00f3n del Tour Privado al Campo de Concentraci\u00f3n Dachau<\/strong><\/h2>\n<p>Si visitas la ciudad y quieres descubrir la historia moderna de Alemania te recomendamos este tour privado a Dachau desde N\u00faremberg. Durante este tour privado visitar\u00e1 usted el ex campo de concentraci\u00f3n de Dachau, ubicado a tan solo 2 horas de N\u00faremberg, junto a un gu\u00eda licenciado. No son muchos los gu\u00edas que poseen la licencia para guiar en Dachau.<\/p>\n<p>Par dar comienzo a su tour su chofer\/gu\u00eda privado le recoger\u00e1 en su hotel o sitio deseado en N\u00faremberg. Ir\u00e1n luego hacia Dachau, en direcci\u00f3n sur. Una vez all\u00ed disfrutar\u00e1n una visita guiada al ex campo de concentraci\u00f3n junto a su gu\u00eda privado. Al finalizar su visitar su chofer le llevar\u00e1 a su hotel o sitio deseado en N\u00faremberg.<\/p>\n<p><strong>Nuremberg<\/strong> es la segunda ciudad m\u00e1s habitada del estado de Bavaria, despu\u00e9s de Munich. Los or\u00edgenes de la ciudad son medievales y datan del Siglo 11. La ciudad jug\u00f3 un papel importante durante la \u00e9poca Nazi de Alemania.<\/p>\n<p>Nuestra propuesta de tour privado tiene una duraci\u00f3n de 7 horas. En caso de que desee un tour m\u00e1s largo y visitar otro sitio en la regi\u00f3n, podemos coordinarlo. Es posible combinar la visita a Dachau con una visita a la ex ciudad romana de Augsburg.<\/p>\n<h2><strong>Puntos de inter\u00e9s del Tour Privado al Campo de Concentraci\u00f3n Dachau<\/strong><\/h2>\n<p><strong>Dachau<\/strong> fue el primer campo de concentraci\u00f3n nazi en Alemania durante la Segunda Guerra Mundial y el Holocausto. El sitio estuvo en funcionamiento desde 1933 hasta 1945. En ese lapso de tiempo Dachau alberg\u00f3 a m\u00e1s de 188.000 presos. Fue utilizado como modelo para todos los dem\u00e1s campos de concentraci\u00f3n en la regi\u00f3n. Por eso es un gran recorrido para conocer este monumento hist\u00f3rico. Podr\u00e1 ver varias partes de la instalaci\u00f3n e incluso explorar su museo.<\/p>\n<p>Su gu\u00eda tur\u00edstico oficial privado le explicar\u00e1 la historia de este lugar que hoy en d\u00eda es un monumento conmemorativo. Un dato interesante del\u00a0<a href=\"https:\/\/www.kz-gedenkstaette-dachau.de\/en\/\">campo de concentraci\u00f3n de Dachau<\/a>\u00a0es que fue construido sobre una f\u00e1brica de p\u00f3lvora en desuso.<\/p>\n<p>Su chofer\/gu\u00eda licenciado estar\u00e1 a su entera disposici\u00f3n durante la total duraci\u00f3n del tour.<\/p>\n","protected":false},"excerpt":{"rendered":"<p>Aproveche su visita a N\u00faremberg y visite <strong>uno de los sitios m\u00e1s importantes de la historia moderna en Alemania<\/strong>, el ex campo de concentraci\u00f3n de Dachau. Su chofer\/gu\u00eda oficial le recoger\u00e1 en su sitio deseado en N\u00faremberg y le acompa\u00f1ar\u00e1 a visitar Dachau.<\/p>\n","protected":false},"featured_media":11684,"comment_status":"open","ping_status":"closed","template":"","meta":{"_acf_changed":false},"product_brand":[],"product_cat":[1339,1341,1340],"product_tag":[],"class_list":{"0":"post-66599","1":"product","2":"type-product","3":"status-publish","4":"has-post-thumbnail","6":"product_cat-nuremberg-es","7":"product_cat-nuremberg-rutas-turisticas-privadas-es-es","8":"product_cat-nuremberg-rutas-turisticas-privadas-es","10":"first","11":"instock","12":"shipping-taxable","13":"purchasable","14":"product-type-simple"},"acf":[],"yoast_head":"<!-- This site is optimized with the Yoast SEO Premium plugin v25.3.1 (Yoast SEO v25.3.1) - https:\/\/yoast.com\/wordpress\/plugins\/seo\/ -->\n<title>Tour privado a Dachau desde Nuremberg con chofer\/gu\u00eda oficial | TTM<\/title>\n<meta name=\"description\" content=\"Disfruta nuestro tour privado a Dachau desde Nuremberg y visita este sitio hist\u00f3rico junto a chofer\/gu\u00eda oficial, experto en la historia de Alemania \u2705\" \/>\n<meta name=\"robots\" content=\"index, follow, max-snippet:-1, max-image-preview:large, max-video-preview:-1\" \/>\n<link rel=\"canonical\" href=\"https:\/\/tourtravelandmore.com\/es\/tours\/alemania-es\/nuremberg-es\/tour-privado-a-dachau-desde-nuremberg\/\" \/>\n<meta property=\"og:locale\" content=\"es_ES\" \/>\n<meta property=\"og:type\" content=\"article\" \/>\n<meta property=\"og:title\" content=\"Tour Privado al Campo de Concentraci\u00f3n Dachau\" \/>\n<meta property=\"og:description\" content=\"Disfruta nuestro tour privado a Dachau desde Nuremberg y visita este sitio hist\u00f3rico junto a chofer\/gu\u00eda oficial, experto en la historia de Alemania \u2705\" \/>\n<meta property=\"og:url\" content=\"https:\/\/tourtravelandmore.com\/es\/tours\/alemania-es\/nuremberg-es\/tour-privado-a-dachau-desde-nuremberg\/\" \/>\n<meta property=\"og:site_name\" content=\"Tour Travel And More\" \/>\n<meta property=\"article:publisher\" content=\"https:\/\/www.facebook.com\/tourtravelandmore\/\" \/>\n<meta property=\"article:modified_time\" content=\"2022-03-18T12:21:57+00:00\" \/>\n<meta property=\"og:image\" content=\"https:\/\/tourtravelandmore.com\/wp-content\/uploads\/2017\/04\/private-day-tour-from-prague-to-dachau-concentration-camp-memorial-in-prague-391242.jpg\" \/>\n\t<meta property=\"og:image:width\" content=\"674\" \/>\n\t<meta property=\"og:image:height\" content=\"446\" \/>\n\t<meta property=\"og:image:type\" content=\"image\/jpeg\" \/>\n<meta name=\"twitter:card\" content=\"summary_large_image\" \/>\n<meta name=\"twitter:site\" content=\"@TourTravel_More\" \/>\n<meta name=\"twitter:label1\" content=\"Tiempo de lectura\" \/>\n\t<meta name=\"twitter:data1\" content=\"2 minutos\" \/>\n<script type=\"application\/ld+json\" class=\"yoast-schema-graph\">{\"@context\":\"https:\/\/schema.org\",\"@graph\":[{\"@type\":\"WebPage\",\"@id\":\"https:\/\/tourtravelandmore.com\/es\/tours\/alemania-es\/nuremberg-es\/tour-privado-a-dachau-desde-nuremberg\/\",\"url\":\"https:\/\/tourtravelandmore.com\/es\/tours\/alemania-es\/nuremberg-es\/tour-privado-a-dachau-desde-nuremberg\/\",\"name\":\"Tour privado a Dachau desde Nuremberg con chofer\/gu\u00eda oficial | TTM\",\"isPartOf\":{\"@id\":\"https:\/\/tourtravelandmore.com\/es\/#website\"},\"primaryImageOfPage\":{\"@id\":\"https:\/\/tourtravelandmore.com\/es\/tours\/alemania-es\/nuremberg-es\/tour-privado-a-dachau-desde-nuremberg\/#primaryimage\"},\"image\":{\"@id\":\"https:\/\/tourtravelandmore.com\/es\/tours\/alemania-es\/nuremberg-es\/tour-privado-a-dachau-desde-nuremberg\/#primaryimage\"},\"thumbnailUrl\":\"https:\/\/tourtravelandmore.com\/wp-content\/uploads\/2017\/04\/private-day-tour-from-prague-to-dachau-concentration-camp-memorial-in-prague-391242.jpg\",\"datePublished\":\"2019-09-19T21:13:24+00:00\",\"dateModified\":\"2022-03-18T12:21:57+00:00\",\"description\":\"Disfruta nuestro tour privado a Dachau desde Nuremberg y visita este sitio hist\u00f3rico junto a chofer\/gu\u00eda oficial, experto en la historia de Alemania \u2705\",\"breadcrumb\":{\"@id\":\"https:\/\/tourtravelandmore.com\/es\/tours\/alemania-es\/nuremberg-es\/tour-privado-a-dachau-desde-nuremberg\/#breadcrumb\"},\"inLanguage\":\"es\",\"potentialAction\":[{\"@type\":\"ReadAction\",\"target\":[\"https:\/\/tourtravelandmore.com\/es\/tours\/alemania-es\/nuremberg-es\/tour-privado-a-dachau-desde-nuremberg\/\"]}]},{\"@type\":\"ImageObject\",\"inLanguage\":\"es\",\"@id\":\"https:\/\/tourtravelandmore.com\/es\/tours\/alemania-es\/nuremberg-es\/tour-privado-a-dachau-desde-nuremberg\/#primaryimage\",\"url\":\"https:\/\/tourtravelandmore.com\/wp-content\/uploads\/2017\/04\/private-day-tour-from-prague-to-dachau-concentration-camp-memorial-in-prague-391242.jpg\",\"contentUrl\":\"https:\/\/tourtravelandmore.com\/wp-content\/uploads\/2017\/04\/private-day-tour-from-prague-to-dachau-concentration-camp-memorial-in-prague-391242.jpg\",\"width\":674,\"height\":446},{\"@type\":\"BreadcrumbList\",\"@id\":\"https:\/\/tourtravelandmore.com\/es\/tours\/alemania-es\/nuremberg-es\/tour-privado-a-dachau-desde-nuremberg\/#breadcrumb\",\"itemListElement\":[{\"@type\":\"ListItem\",\"position\":1,\"name\":\"Home\",\"item\":\"https:\/\/tourtravelandmore.com\/es\/\"},{\"@type\":\"ListItem\",\"position\":2,\"name\":\"Tours\",\"item\":\"https:\/\/tourtravelandmore.com\/es\/tours\/\"},{\"@type\":\"ListItem\",\"position\":3,\"name\":\"Tour Privado al Campo de Concentraci\u00f3n Dachau\"}]},{\"@type\":\"WebSite\",\"@id\":\"https:\/\/tourtravelandmore.com\/es\/#website\",\"url\":\"https:\/\/tourtravelandmore.com\/es\/\",\"name\":\"Tour Travel And More\",\"description\":\"Private sightseeing tours and luxury transfers in Spain\",\"publisher\":{\"@id\":\"https:\/\/tourtravelandmore.com\/es\/#organization\"},\"potentialAction\":[{\"@type\":\"SearchAction\",\"target\":{\"@type\":\"EntryPoint\",\"urlTemplate\":\"https:\/\/tourtravelandmore.com\/es\/?s={search_term_string}\"},\"query-input\":{\"@type\":\"PropertyValueSpecification\",\"valueRequired\":true,\"valueName\":\"search_term_string\"}}],\"inLanguage\":\"es\"},{\"@type\":\"Organization\",\"@id\":\"https:\/\/tourtravelandmore.com\/es\/#organization\",\"name\":\"Tour Travel And More\",\"url\":\"https:\/\/tourtravelandmore.com\/es\/\",\"logo\":{\"@type\":\"ImageObject\",\"inLanguage\":\"es\",\"@id\":\"https:\/\/tourtravelandmore.com\/es\/#\/schema\/logo\/image\/\",\"url\":\"https:\/\/tourtravelandmore.com\/wp-content\/uploads\/2022\/12\/cropped-logo-cabecera-new.png\",\"contentUrl\":\"https:\/\/tourtravelandmore.com\/wp-content\/uploads\/2022\/12\/cropped-logo-cabecera-new.png\",\"width\":430,\"height\":61,\"caption\":\"Tour Travel And More\"},\"image\":{\"@id\":\"https:\/\/tourtravelandmore.com\/es\/#\/schema\/logo\/image\/\"},\"sameAs\":[\"https:\/\/www.facebook.com\/tourtravelandmore\/\",\"https:\/\/x.com\/TourTravel_More\"]}]}<\/script>\n<!-- \/ Yoast SEO Premium plugin. -->","yoast_head_json":{"title":"Tour privado a Dachau desde Nuremberg con chofer\/gu\u00eda oficial | TTM","description":"Disfruta nuestro tour privado a Dachau desde Nuremberg y visita este sitio hist\u00f3rico junto a chofer\/gu\u00eda oficial, experto en la historia de Alemania \u2705","robots":{"index":"index","follow":"follow","max-snippet":"max-snippet:-1","max-image-preview":"max-image-preview:large","max-video-preview":"max-video-preview:-1"},"canonical":"https:\/\/tourtravelandmore.com\/es\/tours\/alemania-es\/nuremberg-es\/tour-privado-a-dachau-desde-nuremberg\/","og_locale":"es_ES","og_type":"article","og_title":"Tour Privado al Campo de Concentraci\u00f3n Dachau","og_description":"Disfruta nuestro tour privado a Dachau desde Nuremberg y visita este sitio hist\u00f3rico junto a chofer\/gu\u00eda oficial, experto en la historia de Alemania \u2705","og_url":"https:\/\/tourtravelandmore.com\/es\/tours\/alemania-es\/nuremberg-es\/tour-privado-a-dachau-desde-nuremberg\/","og_site_name":"Tour Travel And More","article_publisher":"https:\/\/www.facebook.com\/tourtravelandmore\/","article_modified_time":"2022-03-18T12:21:57+00:00","og_image":[{"width":674,"height":446,"url":"https:\/\/tourtravelandmore.com\/wp-content\/uploads\/2017\/04\/private-day-tour-from-prague-to-dachau-concentration-camp-memorial-in-prague-391242.jpg","type":"image\/jpeg"}],"twitter_card":"summary_large_image","twitter_site":"@TourTravel_More","twitter_misc":{"Tiempo de lectura":"2 minutos"},"schema":{"@context":"https:\/\/schema.org","@graph":[{"@type":"WebPage","@id":"https:\/\/tourtravelandmore.com\/es\/tours\/alemania-es\/nuremberg-es\/tour-privado-a-dachau-desde-nuremberg\/","url":"https:\/\/tourtravelandmore.com\/es\/tours\/alemania-es\/nuremberg-es\/tour-privado-a-dachau-desde-nuremberg\/","name":"Tour privado a Dachau desde Nuremberg con chofer\/gu\u00eda oficial | TTM","isPartOf":{"@id":"https:\/\/tourtravelandmore.com\/es\/#website"},"primaryImageOfPage":{"@id":"https:\/\/tourtravelandmore.com\/es\/tours\/alemania-es\/nuremberg-es\/tour-privado-a-dachau-desde-nuremberg\/#primaryimage"},"image":{"@id":"https:\/\/tourtravelandmore.com\/es\/tours\/alemania-es\/nuremberg-es\/tour-privado-a-dachau-desde-nuremberg\/#primaryimage"},"thumbnailUrl":"https:\/\/tourtravelandmore.com\/wp-content\/uploads\/2017\/04\/private-day-tour-from-prague-to-dachau-concentration-camp-memorial-in-prague-391242.jpg","datePublished":"2019-09-19T21:13:24+00:00","dateModified":"2022-03-18T12:21:57+00:00","description":"Disfruta nuestro tour privado a Dachau desde Nuremberg y visita este sitio hist\u00f3rico junto a chofer\/gu\u00eda oficial, experto en la historia de Alemania \u2705","breadcrumb":{"@id":"https:\/\/tourtravelandmore.com\/es\/tours\/alemania-es\/nuremberg-es\/tour-privado-a-dachau-desde-nuremberg\/#breadcrumb"},"inLanguage":"es","potentialAction":[{"@type":"ReadAction","target":["https:\/\/tourtravelandmore.com\/es\/tours\/alemania-es\/nuremberg-es\/tour-privado-a-dachau-desde-nuremberg\/"]}]},{"@type":"ImageObject","inLanguage":"es","@id":"https:\/\/tourtravelandmore.com\/es\/tours\/alemania-es\/nuremberg-es\/tour-privado-a-dachau-desde-nuremberg\/#primaryimage","url":"https:\/\/tourtravelandmore.com\/wp-content\/uploads\/2017\/04\/private-day-tour-from-prague-to-dachau-concentration-camp-memorial-in-prague-391242.jpg","contentUrl":"https:\/\/tourtravelandmore.com\/wp-content\/uploads\/2017\/04\/private-day-tour-from-prague-to-dachau-concentration-camp-memorial-in-prague-391242.jpg","width":674,"height":446},{"@type":"BreadcrumbList","@id":"https:\/\/tourtravelandmore.com\/es\/tours\/alemania-es\/nuremberg-es\/tour-privado-a-dachau-desde-nuremberg\/#breadcrumb","itemListElement":[{"@type":"ListItem","position":1,"name":"Home","item":"https:\/\/tourtravelandmore.com\/es\/"},{"@type":"ListItem","position":2,"name":"Tours","item":"https:\/\/tourtravelandmore.com\/es\/tours\/"},{"@type":"ListItem","position":3,"name":"Tour Privado al Campo de Concentraci\u00f3n Dachau"}]},{"@type":"WebSite","@id":"https:\/\/tourtravelandmore.com\/es\/#website","url":"https:\/\/tourtravelandmore.com\/es\/","name":"Tour Travel And More","description":"Private sightseeing tours and luxury transfers in Spain","publisher":{"@id":"https:\/\/tourtravelandmore.com\/es\/#organization"},"potentialAction":[{"@type":"SearchAction","target":{"@type":"EntryPoint","urlTemplate":"https:\/\/tourtravelandmore.com\/es\/?s={search_term_string}"},"query-input":{"@type":"PropertyValueSpecification","valueRequired":true,"valueName":"search_term_string"}}],"inLanguage":"es"},{"@type":"Organization","@id":"https:\/\/tourtravelandmore.com\/es\/#organization","name":"Tour Travel And More","url":"https:\/\/tourtravelandmore.com\/es\/","logo":{"@type":"ImageObject","inLanguage":"es","@id":"https:\/\/tourtravelandmore.com\/es\/#\/schema\/logo\/image\/","url":"https:\/\/tourtravelandmore.com\/wp-content\/uploads\/2022\/12\/cropped-logo-cabecera-new.png","contentUrl":"https:\/\/tourtravelandmore.com\/wp-content\/uploads\/2022\/12\/cropped-logo-cabecera-new.png","width":430,"height":61,"caption":"Tour Travel And More"},"image":{"@id":"https:\/\/tourtravelandmore.com\/es\/#\/schema\/logo\/image\/"},"sameAs":["https:\/\/www.facebook.com\/tourtravelandmore\/","https:\/\/x.com\/TourTravel_More"]}]}},"_links":{"self":[{"href":"https:\/\/tourtravelandmore.com\/es\/wp-json\/wp\/v2\/product\/66599","targetHints":{"allow":["GET"]}}],"collection":[{"href":"https:\/\/tourtravelandmore.com\/es\/wp-json\/wp\/v2\/product"}],"about":[{"href":"https:\/\/tourtravelandmore.com\/es\/wp-json\/wp\/v2\/types\/product"}],"replies":[{"embeddable":true,"href":"https:\/\/tourtravelandmore.com\/es\/wp-json\/wp\/v2\/comments?post=66599"}],"wp:featuredmedia":[{"embeddable":true,"href":"https:\/\/tourtravelandmore.com\/es\/wp-json\/wp\/v2\/media\/11684"}],"wp:attachment":[{"href":"https:\/\/tourtravelandmore.com\/es\/wp-json\/wp\/v2\/media?parent=66599"}],"wp:term":[{"taxonomy":"product_brand","embeddable":true,"href":"https:\/\/tourtravelandmore.com\/es\/wp-json\/wp\/v2\/product_brand?post=66599"},{"taxonomy":"product_cat","embeddable":true,"href":"https:\/\/tourtravelandmore.com\/es\/wp-json\/wp\/v2\/product_cat?post=66599"},{"taxonomy":"product_tag","embeddable":true,"href":"https:\/\/tourtravelandmore.com\/es\/wp-json\/wp\/v2\/product_tag?post=66599"}],"curies":[{"name":"wp","href":"https:\/\/api.w.org\/{rel}","templated":true}]}}