{"id":66407,"date":"2019-09-16T06:53:07","date_gmt":"2019-09-16T04:53:07","guid":{"rendered":"https:\/\/tourtravelandmore.com\/?post_type=product&#038;p=66407"},"modified":"2022-03-18T13:15:43","modified_gmt":"2022-03-18T12:15:43","slug":"tour-privado-de-nuremberg","status":"publish","type":"product","link":"https:\/\/tourtravelandmore.com\/es\/tours\/alemania-es\/nuremberg-es\/tour-privado-de-nuremberg\/","title":{"rendered":"Tour privado de Nuremberg"},"content":{"rendered":"<h2><strong>Descripci\u00f3n del Tour privado de Nuremberg<\/strong><\/h2>\n<p>Descubre la maravillosa ciudad b\u00e1vara de Nuremberg, la residencia de muchos reyes alemanes, junto a nuestros gu\u00edas oficiales expertos. Explora el centro hist\u00f3rico de <strong>Nuremberg<\/strong><strong>, <\/strong>sus iglesias y magn\u00edficas edificaciones con nuestro <strong>tour privado de Nuremberg<\/strong>. Aprender\u00e1 la historia y visitar\u00e1 los sitios m\u00e1s emblem\u00e1ticos de la ciudad c\u00f3modos en su veh\u00edculo privado.<\/p>\n<p>Para comenzar su tour su chofer\/gu\u00eda le recoger\u00e1 en su sitio deseado de Nuremberg. A continuaci\u00f3n comenzar\u00e1 su paseo por la ciudad. Su chofer\/gu\u00eda oficial estar\u00e1 a su entera disposici\u00f3n durante la total duraci\u00f3n del tour.<\/p>\n<p>Como todos nuestros tours, este tour privado es adaptable a sus deseos personales. En otras palabras, si desea que nuestro equipo de expertos le ayude a coordinar una experiencia privada a medida en N\u00faremberg, no dude en contactarnos.<\/p>\n<h2><strong>Puntos de inter\u00e9s en el Tour privado de Nuremberg<\/strong><\/h2>\n<p>La ciudad de Nuremberg es, despu\u00e9s de Munich, la ciudad m\u00e1s poblada del estado de Bavaria. Su poblaci\u00f3n sobrepasa el medio mill\u00f3n de habitantes. La ciudad alberga un magn\u00edfico centro historico con un toque medieval. All\u00ed podr\u00e1n visitar edificios historicos, espectaculares iglesias y una de las \u00e1reas peatonales m\u00e1s grandes de toda Alemania. Nuremberg ocupa tambi\u00e9n un lugar importante en la historia moderna de Europa. All\u00ed fue donde los primeros rallies del nazismo y boicot a los negocios judios sucedieron. Pero fue all\u00ed tambi\u00e9n donde, al final de la Segunda Guerra Mundial, se llevaron a cabo los juicios de Nuremberg.<\/p>\n<p>Hay muchos sitios que usted podr\u00e1 visitar en Nuremberg. Algunos de ellos son:<\/p>\n<ul>\n<li><strong>Castill de Nuremberg, Kaiserburg: <\/strong>Este maravilloso castillo medieval es el emblema de la ciudad.<\/li>\n<li><strong>Frauenkirche:<\/strong> Es una de las iglesias g\u00f3ticas m\u00e1s bonitas de Alemania. Fue edificada por iniciativa de Carlos IV, Emperador entre 1352 y 1362.<\/li>\n<li class=\"_Qzm\"><strong>Germanisches Nationalmuseum<\/strong><\/li>\n<li><strong>Palacio de Justicia: <\/strong>Fue edificado entre 1909 y 1916. En su \u00faltimo piso se puede visitar el monumento a los juicios de Nuremberg.<\/li>\n<li><strong>Zum Gulden Stern: <\/strong>Disfrute de una parada en este emblem\u00e1tico restaurant de bratwurst!<\/li>\n<li class=\"item-card-title__ItemTitleWrapper-a1kgd2-0 xrcvF\"><strong>Museo Deutsche Bahn<\/strong><\/li>\n<li class=\"item-card-title__ItemTitleWrapper-a1kgd2-0 xrcvF\"><strong>Iglesia San Lorenzo: <\/strong>Esta iglesia medieval fue edificada en 1250. Est\u00e1 situada en la regi\u00f3n peatonal de la ciudad.<\/li>\n<li class=\"item-card-title__ItemTitleWrapper-a1kgd2-0 xrcvF\"><strong><a href=\"https:\/\/museums.nuernberg.de\/toy-museum\/\">Museo de los juguetes<\/a>:\u00a0<\/strong>Nuremberg ha estado en la industria de los juguetes por m\u00e1s de 600 a\u00f1os. Este magn\u00edfico museo alberga m\u00e1s de 70.000 piezas historicas<\/li>\n<li class=\"item-card-title__ItemTitleWrapper-a1kgd2-0 xrcvF\"><strong>Neues Museum<\/strong><\/li>\n<li class=\"_Qzm\"><strong>Sch\u00f6ner Brunnen<\/strong><\/li>\n<li><strong>Casa de Albrecht D\u00fcrer<\/strong><\/li>\n<li>Mucho m\u00e1s!<\/li>\n<\/ul>\n<p>Durante este tour privado de Nuremberg podr\u00e1 usted descubrir y visitar los sitios m\u00e1s representativos de la ciudad junto a un gu\u00eda oficial. Todos nuestros gu\u00edas son oficiales y licenciados por la ciudad.<\/p>\n","protected":false},"excerpt":{"rendered":"<p>Aprovecha al m\u00e1ximo tu visita a Nuremberg y descubre la ciudad junto a un <strong>gu\u00eda oficial privado experto en la historia y cultura de la ciudad.<\/strong> Su chofer\/gu\u00eda le recoger\u00e1 en su sitio deseado en la ciudad y le ense\u00f1ar\u00e1 los sitios m\u00e1s emblem\u00e1ticos e historia de la segunda ciudad m\u00e1s habitada de Bavaria.<\/p>\n","protected":false},"featured_media":65872,"comment_status":"open","ping_status":"closed","template":"","meta":{"_acf_changed":false},"product_brand":[],"product_cat":[1339,1341,1340],"product_tag":[],"class_list":{"0":"post-66407","1":"product","2":"type-product","3":"status-publish","4":"has-post-thumbnail","6":"product_cat-nuremberg-es","7":"product_cat-nuremberg-rutas-turisticas-privadas-es-es","8":"product_cat-nuremberg-rutas-turisticas-privadas-es","10":"first","11":"instock","12":"shipping-taxable","13":"purchasable","14":"product-type-simple"},"acf":[],"yoast_head":"<!-- This site is optimized with the Yoast SEO Premium plugin v25.3.1 (Yoast SEO v25.3.1) - https:\/\/yoast.com\/wordpress\/plugins\/seo\/ -->\n<title>Tour Privado de Nuremberg con chofer\/gu\u00eda oficial | TTM<\/title>\n<meta name=\"description\" content=\"Disfrute este tour privado de Nuremberg y descubra la ciudad junto a un chofer\/gu\u00eda oficial, experto en la historia y cultura de la ciudad \u2705\" \/>\n<meta name=\"robots\" content=\"index, follow, max-snippet:-1, max-image-preview:large, max-video-preview:-1\" \/>\n<link rel=\"canonical\" href=\"https:\/\/tourtravelandmore.com\/es\/tours\/alemania-es\/nuremberg-es\/tour-privado-de-nuremberg\/\" \/>\n<meta property=\"og:locale\" content=\"es_ES\" \/>\n<meta property=\"og:type\" content=\"article\" \/>\n<meta property=\"og:title\" content=\"Tour privado de Nuremberg\" \/>\n<meta property=\"og:description\" content=\"Disfrute este tour privado de Nuremberg y descubra la ciudad junto a un chofer\/gu\u00eda oficial, experto en la historia y cultura de la ciudad \u2705\" \/>\n<meta property=\"og:url\" content=\"https:\/\/tourtravelandmore.com\/es\/tours\/alemania-es\/nuremberg-es\/tour-privado-de-nuremberg\/\" \/>\n<meta property=\"og:site_name\" content=\"Tour Travel And More\" \/>\n<meta property=\"article:publisher\" content=\"https:\/\/www.facebook.com\/tourtravelandmore\/\" \/>\n<meta property=\"article:modified_time\" content=\"2022-03-18T12:15:43+00:00\" \/>\n<meta property=\"og:image\" content=\"https:\/\/tourtravelandmore.com\/wp-content\/uploads\/2019\/09\/nuremberg.4.jpg\" \/>\n\t<meta property=\"og:image:width\" content=\"960\" \/>\n\t<meta property=\"og:image:height\" content=\"628\" \/>\n\t<meta property=\"og:image:type\" content=\"image\/jpeg\" \/>\n<meta name=\"twitter:card\" content=\"summary_large_image\" \/>\n<meta name=\"twitter:site\" content=\"@TourTravel_More\" \/>\n<meta name=\"twitter:label1\" content=\"Tiempo de lectura\" \/>\n\t<meta name=\"twitter:data1\" content=\"2 minutos\" \/>\n<script type=\"application\/ld+json\" class=\"yoast-schema-graph\">{\"@context\":\"https:\/\/schema.org\",\"@graph\":[{\"@type\":\"WebPage\",\"@id\":\"https:\/\/tourtravelandmore.com\/es\/tours\/alemania-es\/nuremberg-es\/tour-privado-de-nuremberg\/\",\"url\":\"https:\/\/tourtravelandmore.com\/es\/tours\/alemania-es\/nuremberg-es\/tour-privado-de-nuremberg\/\",\"name\":\"Tour Privado de Nuremberg con chofer\/gu\u00eda oficial | TTM\",\"isPartOf\":{\"@id\":\"https:\/\/tourtravelandmore.com\/es\/#website\"},\"primaryImageOfPage\":{\"@id\":\"https:\/\/tourtravelandmore.com\/es\/tours\/alemania-es\/nuremberg-es\/tour-privado-de-nuremberg\/#primaryimage\"},\"image\":{\"@id\":\"https:\/\/tourtravelandmore.com\/es\/tours\/alemania-es\/nuremberg-es\/tour-privado-de-nuremberg\/#primaryimage\"},\"thumbnailUrl\":\"https:\/\/tourtravelandmore.com\/wp-content\/uploads\/2019\/09\/nuremberg.4.jpg\",\"datePublished\":\"2019-09-16T04:53:07+00:00\",\"dateModified\":\"2022-03-18T12:15:43+00:00\",\"description\":\"Disfrute este tour privado de Nuremberg y descubra la ciudad junto a un chofer\/gu\u00eda oficial, experto en la historia y cultura de la ciudad \u2705\",\"breadcrumb\":{\"@id\":\"https:\/\/tourtravelandmore.com\/es\/tours\/alemania-es\/nuremberg-es\/tour-privado-de-nuremberg\/#breadcrumb\"},\"inLanguage\":\"es\",\"potentialAction\":[{\"@type\":\"ReadAction\",\"target\":[\"https:\/\/tourtravelandmore.com\/es\/tours\/alemania-es\/nuremberg-es\/tour-privado-de-nuremberg\/\"]}]},{\"@type\":\"ImageObject\",\"inLanguage\":\"es\",\"@id\":\"https:\/\/tourtravelandmore.com\/es\/tours\/alemania-es\/nuremberg-es\/tour-privado-de-nuremberg\/#primaryimage\",\"url\":\"https:\/\/tourtravelandmore.com\/wp-content\/uploads\/2019\/09\/nuremberg.4.jpg\",\"contentUrl\":\"https:\/\/tourtravelandmore.com\/wp-content\/uploads\/2019\/09\/nuremberg.4.jpg\",\"width\":960,\"height\":628},{\"@type\":\"BreadcrumbList\",\"@id\":\"https:\/\/tourtravelandmore.com\/es\/tours\/alemania-es\/nuremberg-es\/tour-privado-de-nuremberg\/#breadcrumb\",\"itemListElement\":[{\"@type\":\"ListItem\",\"position\":1,\"name\":\"Home\",\"item\":\"https:\/\/tourtravelandmore.com\/es\/\"},{\"@type\":\"ListItem\",\"position\":2,\"name\":\"Tours\",\"item\":\"https:\/\/tourtravelandmore.com\/es\/tours\/\"},{\"@type\":\"ListItem\",\"position\":3,\"name\":\"Tour privado de Nuremberg\"}]},{\"@type\":\"WebSite\",\"@id\":\"https:\/\/tourtravelandmore.com\/es\/#website\",\"url\":\"https:\/\/tourtravelandmore.com\/es\/\",\"name\":\"Tour Travel And More\",\"description\":\"Private sightseeing tours and luxury transfers in Spain\",\"publisher\":{\"@id\":\"https:\/\/tourtravelandmore.com\/es\/#organization\"},\"potentialAction\":[{\"@type\":\"SearchAction\",\"target\":{\"@type\":\"EntryPoint\",\"urlTemplate\":\"https:\/\/tourtravelandmore.com\/es\/?s={search_term_string}\"},\"query-input\":{\"@type\":\"PropertyValueSpecification\",\"valueRequired\":true,\"valueName\":\"search_term_string\"}}],\"inLanguage\":\"es\"},{\"@type\":\"Organization\",\"@id\":\"https:\/\/tourtravelandmore.com\/es\/#organization\",\"name\":\"Tour Travel And More\",\"url\":\"https:\/\/tourtravelandmore.com\/es\/\",\"logo\":{\"@type\":\"ImageObject\",\"inLanguage\":\"es\",\"@id\":\"https:\/\/tourtravelandmore.com\/es\/#\/schema\/logo\/image\/\",\"url\":\"https:\/\/tourtravelandmore.com\/wp-content\/uploads\/2022\/12\/cropped-logo-cabecera-new.png\",\"contentUrl\":\"https:\/\/tourtravelandmore.com\/wp-content\/uploads\/2022\/12\/cropped-logo-cabecera-new.png\",\"width\":430,\"height\":61,\"caption\":\"Tour Travel And More\"},\"image\":{\"@id\":\"https:\/\/tourtravelandmore.com\/es\/#\/schema\/logo\/image\/\"},\"sameAs\":[\"https:\/\/www.facebook.com\/tourtravelandmore\/\",\"https:\/\/x.com\/TourTravel_More\"]}]}<\/script>\n<!-- \/ Yoast SEO Premium plugin. -->","yoast_head_json":{"title":"Tour Privado de Nuremberg con chofer\/gu\u00eda oficial | TTM","description":"Disfrute este tour privado de Nuremberg y descubra la ciudad junto a un chofer\/gu\u00eda oficial, experto en la historia y cultura de la ciudad \u2705","robots":{"index":"index","follow":"follow","max-snippet":"max-snippet:-1","max-image-preview":"max-image-preview:large","max-video-preview":"max-video-preview:-1"},"canonical":"https:\/\/tourtravelandmore.com\/es\/tours\/alemania-es\/nuremberg-es\/tour-privado-de-nuremberg\/","og_locale":"es_ES","og_type":"article","og_title":"Tour privado de Nuremberg","og_description":"Disfrute este tour privado de Nuremberg y descubra la ciudad junto a un chofer\/gu\u00eda oficial, experto en la historia y cultura de la ciudad \u2705","og_url":"https:\/\/tourtravelandmore.com\/es\/tours\/alemania-es\/nuremberg-es\/tour-privado-de-nuremberg\/","og_site_name":"Tour Travel And More","article_publisher":"https:\/\/www.facebook.com\/tourtravelandmore\/","article_modified_time":"2022-03-18T12:15:43+00:00","og_image":[{"width":960,"height":628,"url":"https:\/\/tourtravelandmore.com\/wp-content\/uploads\/2019\/09\/nuremberg.4.jpg","type":"image\/jpeg"}],"twitter_card":"summary_large_image","twitter_site":"@TourTravel_More","twitter_misc":{"Tiempo de lectura":"2 minutos"},"schema":{"@context":"https:\/\/schema.org","@graph":[{"@type":"WebPage","@id":"https:\/\/tourtravelandmore.com\/es\/tours\/alemania-es\/nuremberg-es\/tour-privado-de-nuremberg\/","url":"https:\/\/tourtravelandmore.com\/es\/tours\/alemania-es\/nuremberg-es\/tour-privado-de-nuremberg\/","name":"Tour Privado de Nuremberg con chofer\/gu\u00eda oficial | TTM","isPartOf":{"@id":"https:\/\/tourtravelandmore.com\/es\/#website"},"primaryImageOfPage":{"@id":"https:\/\/tourtravelandmore.com\/es\/tours\/alemania-es\/nuremberg-es\/tour-privado-de-nuremberg\/#primaryimage"},"image":{"@id":"https:\/\/tourtravelandmore.com\/es\/tours\/alemania-es\/nuremberg-es\/tour-privado-de-nuremberg\/#primaryimage"},"thumbnailUrl":"https:\/\/tourtravelandmore.com\/wp-content\/uploads\/2019\/09\/nuremberg.4.jpg","datePublished":"2019-09-16T04:53:07+00:00","dateModified":"2022-03-18T12:15:43+00:00","description":"Disfrute este tour privado de Nuremberg y descubra la ciudad junto a un chofer\/gu\u00eda oficial, experto en la historia y cultura de la ciudad \u2705","breadcrumb":{"@id":"https:\/\/tourtravelandmore.com\/es\/tours\/alemania-es\/nuremberg-es\/tour-privado-de-nuremberg\/#breadcrumb"},"inLanguage":"es","potentialAction":[{"@type":"ReadAction","target":["https:\/\/tourtravelandmore.com\/es\/tours\/alemania-es\/nuremberg-es\/tour-privado-de-nuremberg\/"]}]},{"@type":"ImageObject","inLanguage":"es","@id":"https:\/\/tourtravelandmore.com\/es\/tours\/alemania-es\/nuremberg-es\/tour-privado-de-nuremberg\/#primaryimage","url":"https:\/\/tourtravelandmore.com\/wp-content\/uploads\/2019\/09\/nuremberg.4.jpg","contentUrl":"https:\/\/tourtravelandmore.com\/wp-content\/uploads\/2019\/09\/nuremberg.4.jpg","width":960,"height":628},{"@type":"BreadcrumbList","@id":"https:\/\/tourtravelandmore.com\/es\/tours\/alemania-es\/nuremberg-es\/tour-privado-de-nuremberg\/#breadcrumb","itemListElement":[{"@type":"ListItem","position":1,"name":"Home","item":"https:\/\/tourtravelandmore.com\/es\/"},{"@type":"ListItem","position":2,"name":"Tours","item":"https:\/\/tourtravelandmore.com\/es\/tours\/"},{"@type":"ListItem","position":3,"name":"Tour privado de Nuremberg"}]},{"@type":"WebSite","@id":"https:\/\/tourtravelandmore.com\/es\/#website","url":"https:\/\/tourtravelandmore.com\/es\/","name":"Tour Travel And More","description":"Private sightseeing tours and luxury transfers in Spain","publisher":{"@id":"https:\/\/tourtravelandmore.com\/es\/#organization"},"potentialAction":[{"@type":"SearchAction","target":{"@type":"EntryPoint","urlTemplate":"https:\/\/tourtravelandmore.com\/es\/?s={search_term_string}"},"query-input":{"@type":"PropertyValueSpecification","valueRequired":true,"valueName":"search_term_string"}}],"inLanguage":"es"},{"@type":"Organization","@id":"https:\/\/tourtravelandmore.com\/es\/#organization","name":"Tour Travel And More","url":"https:\/\/tourtravelandmore.com\/es\/","logo":{"@type":"ImageObject","inLanguage":"es","@id":"https:\/\/tourtravelandmore.com\/es\/#\/schema\/logo\/image\/","url":"https:\/\/tourtravelandmore.com\/wp-content\/uploads\/2022\/12\/cropped-logo-cabecera-new.png","contentUrl":"https:\/\/tourtravelandmore.com\/wp-content\/uploads\/2022\/12\/cropped-logo-cabecera-new.png","width":430,"height":61,"caption":"Tour Travel And More"},"image":{"@id":"https:\/\/tourtravelandmore.com\/es\/#\/schema\/logo\/image\/"},"sameAs":["https:\/\/www.facebook.com\/tourtravelandmore\/","https:\/\/x.com\/TourTravel_More"]}]}},"_links":{"self":[{"href":"https:\/\/tourtravelandmore.com\/es\/wp-json\/wp\/v2\/product\/66407","targetHints":{"allow":["GET"]}}],"collection":[{"href":"https:\/\/tourtravelandmore.com\/es\/wp-json\/wp\/v2\/product"}],"about":[{"href":"https:\/\/tourtravelandmore.com\/es\/wp-json\/wp\/v2\/types\/product"}],"replies":[{"embeddable":true,"href":"https:\/\/tourtravelandmore.com\/es\/wp-json\/wp\/v2\/comments?post=66407"}],"wp:featuredmedia":[{"embeddable":true,"href":"https:\/\/tourtravelandmore.com\/es\/wp-json\/wp\/v2\/media\/65872"}],"wp:attachment":[{"href":"https:\/\/tourtravelandmore.com\/es\/wp-json\/wp\/v2\/media?parent=66407"}],"wp:term":[{"taxonomy":"product_brand","embeddable":true,"href":"https:\/\/tourtravelandmore.com\/es\/wp-json\/wp\/v2\/product_brand?post=66407"},{"taxonomy":"product_cat","embeddable":true,"href":"https:\/\/tourtravelandmore.com\/es\/wp-json\/wp\/v2\/product_cat?post=66407"},{"taxonomy":"product_tag","embeddable":true,"href":"https:\/\/tourtravelandmore.com\/es\/wp-json\/wp\/v2\/product_tag?post=66407"}],"curies":[{"name":"wp","href":"https:\/\/api.w.org\/{rel}","templated":true}]}}