{"id":66381,"date":"2019-09-16T00:37:39","date_gmt":"2019-09-15T22:37:40","guid":{"rendered":"https:\/\/tourtravelandmore.com\/?post_type=product&#038;p=66381"},"modified":"2022-03-21T12:30:21","modified_gmt":"2022-03-21T11:30:21","slug":"tour-privado-a-pie-de-3-horas-por-la-ciudad-de-hamburgo","status":"publish","type":"product","link":"https:\/\/tourtravelandmore.com\/es\/tours\/alemania-es\/hamburgo-es\/tour-privado-a-pie-de-3-horas-por-la-ciudad-de-hamburgo\/","title":{"rendered":"Tour Privado a pie por Hamburgo"},"content":{"rendered":"<h2><strong>Descripci\u00f3n del Tour Privado a pie por Hamburgo<\/strong><\/h2>\n<p><strong>Hamburgo<\/strong> es la segunda ciudad m\u00e1s grande de Alemania, despu\u00e9s de Berl\u00edn y la octava ciudad m\u00e1s grande de la Uni\u00f3n Europea, as\u00ed que por esa raz\u00f3n y muchas m\u00e1s, disfrute de este <strong>tour privado a pie por Hamburgo<\/strong>. Su <strong>gu\u00eda tur\u00edstico oficial privado<\/strong> estar\u00e1 a su completa disposici\u00f3n durante todo el recorrido que se centrar\u00e1 en el <strong>barrio de Sankt Pauli<\/strong>.<\/p>\n<p>Del\u00e9itese con la arquitectura de Hamburgo y los maravillosos lugares de inter\u00e9s hist\u00f3rico durante este recorrido privado a pie. Esta ciudad es una de las m\u00e1s visitadas de Alemania, es un importante destino tur\u00edstico nacional e internacional.<\/p>\n<p><strong>Reeperbahn de St. Pauli<\/strong> se encuentra entre los distritos de entretenimiento europeos m\u00e1s conocidos y entre sus partes culturales m\u00e1s notables se encuentran las salas de conciertos Elbphilharmonie y Laeiszhalle. Hamburgo fue acosada por desastres como el Gran Incendio, la inundaci\u00f3n del mar del Norte de 1962 y los conflictos militares. La ciudad, despu\u00e9s de sus numerosos desastres, ha logrado recuperarse y emerger m\u00e1s rica despu\u00e9s de cada cat\u00e1strofe.<\/p>\n<p>En caso de que est\u00e9 buscando una experiencia m\u00e1s completa, podemos incluir un veh\u00edculo privado de lujo para su recorrido. Eche un vistazo a <a href=\"https:\/\/tourtravelandmore.com\/es\/tours\/alemania-es\/hamburgo-es\/tour-privado-por-la-ciudad-de-hamburgo\/\">nuestro tour privado por la ciudad de Hamburgo<\/a>.<\/p>\n<h2><strong>Puntos de inter\u00e9s en el Tour Privado a pie por Hamburgo<\/strong><\/h2>\n<p>En primer lugar, se reunir\u00e1 con su gu\u00eda tur\u00edstico oficial privado en su hotel ubicado en el centro o en un punto de encuentro central a la hora deseada por usted.<\/p>\n<p>El recorrido comienza en las calles del <strong>antiguo barrio de Sankt Pauli<\/strong>, m\u00e1s exactamente en <strong>The Old Elb Tunnel<\/strong>. Caminaremos desde aqu\u00ed hasta <strong>St. Pauli Landing Bridges<\/strong>, que se encuentran en la orilla norte del r\u00edo Elba. A continuaci\u00f3n, continuaremos hacia la plataforma de observaci\u00f3n de <strong>Landungsbr\u00fccken<\/strong> con su reloj distintivo y visitaremos el cercano Reeperbahn y el Museo de las Alcantarillas.<\/p>\n<p>Despu\u00e9s de una peque\u00f1a pausa para el caf\u00e9, su pr\u00f3xima parada ser\u00e1 el <strong>Bismarck Memorial<\/strong>, el m\u00e1s grande y m\u00e1s conocido de m\u00e1s de 250 monumentos en todo el mundo al estadista alem\u00e1n Otto von Bismarck. Aqu\u00ed podemos dar un paseo y visitar el parque Elbh\u00f6he.<\/p>\n<p>La \u00faltima parada, pero no menos importante, es la feria de diversi\u00f3n <a href=\"https:\/\/www.hamburg.de\/dom\/\">Hamburger DOM<\/a> que se celebra en <strong>Heiligengeistfeld.\u00a0<\/strong>Aqu\u00ed puede dar\u00a0un paseo en una de sus muchas monta\u00f1as rusas y atracciones del recinto ferial, o visitar los variados puestos de comida casera.<\/p>\n<p>Durante este tour privado a pie por Hamburgo, descubrir\u00e1 algunos de los lugares m\u00e1s reconocidos de la ciudad. Ser\u00e1s testigo de su singular belleza arquitect\u00f3nica.<\/p>\n<p>Hay muchos m\u00e1s sitios donde su gu\u00eda tur\u00edstico privado puede ayudarlo a explorar, incluso los lugares m\u00e1s emblem\u00e1ticos e impresionantes de Hamburgo. Los sitios y el punto de encuentro de este tour son completamente personalizables. Comun\u00edquese con nosotros para organizar el recorrido para satisfacer sus propias necesidades personales.<\/p>\n<p>Finalmente, su gu\u00eda tur\u00edstico oficial privado lo dejar\u00e1 en un lugar central en Hamburgo al finalizar el recorrido.<\/p>\n","protected":false},"excerpt":{"rendered":"<p>Avent\u00farese en este <strong>tour privado de 3 horas a pie<\/strong> <strong>totalmente personalizado<\/strong> por las calles de <b>Hamburgo<\/b>, donde podr\u00e1 admirar la belleza urbana de sus calles, monumentos y edificios renacentistas m\u00e1s importantes. A lo largo del tour, su <strong>gu\u00eda oficial privado<\/strong> lo llevar\u00e1 a observar y apreciar la belleza que ofrece la ciudad y sus edificaciones renacentistas y medievales, como lo son la <strong>Viejo t\u00fanel de Elba, <\/strong><strong>Iglesia de St. Michaelis, <\/strong><strong>Plataforma de observaci\u00f3n Landungsbr\u00fccken\u00a0<\/strong>y muchos m\u00e1s.<\/p>\n","protected":false},"featured_media":66321,"comment_status":"open","ping_status":"closed","template":"","meta":{"_acf_changed":false},"product_brand":[],"product_cat":[1294,1295,1296],"product_tag":[],"class_list":{"0":"post-66381","1":"product","2":"type-product","3":"status-publish","4":"has-post-thumbnail","6":"product_cat-hamburgo-es","7":"product_cat-hamburgo-tours-privados-actividades-es","8":"product_cat-hamburgo-tours-privados-pie-es","10":"first","11":"instock","12":"shipping-taxable","13":"purchasable","14":"product-type-simple"},"acf":[],"yoast_head":"<!-- This site is optimized with the Yoast SEO Premium plugin v25.3.1 (Yoast SEO v25.3.1) - https:\/\/yoast.com\/wordpress\/plugins\/seo\/ -->\n<title>Tour Privado a pie por Hamburgo con gu\u00eda oficial local | Tour Travel &amp; More<\/title>\n<meta name=\"description\" content=\"\u2192 Disfrute de este Tour Privado a pie por Hamburgo junto a su gu\u00eda oficial local y conozca sus monumentos y edificaciones m\u00e1s importantes \u2705\" \/>\n<meta name=\"robots\" content=\"index, follow, max-snippet:-1, max-image-preview:large, max-video-preview:-1\" \/>\n<link rel=\"canonical\" href=\"https:\/\/tourtravelandmore.com\/es\/tours\/alemania-es\/hamburgo-es\/tour-privado-a-pie-de-3-horas-por-la-ciudad-de-hamburgo\/\" \/>\n<meta property=\"og:locale\" content=\"es_ES\" \/>\n<meta property=\"og:type\" content=\"article\" \/>\n<meta property=\"og:title\" content=\"Tour Privado a pie por Hamburgo\" \/>\n<meta property=\"og:description\" content=\"\u2192 Disfrute de este Tour Privado a pie por Hamburgo junto a su gu\u00eda oficial local y conozca sus monumentos y edificaciones m\u00e1s importantes \u2705\" \/>\n<meta property=\"og:url\" content=\"https:\/\/tourtravelandmore.com\/es\/tours\/alemania-es\/hamburgo-es\/tour-privado-a-pie-de-3-horas-por-la-ciudad-de-hamburgo\/\" \/>\n<meta property=\"og:site_name\" content=\"Tour Travel And More\" \/>\n<meta property=\"article:publisher\" content=\"https:\/\/www.facebook.com\/tourtravelandmore\/\" \/>\n<meta property=\"article:modified_time\" content=\"2022-03-21T11:30:21+00:00\" \/>\n<meta property=\"og:image\" content=\"https:\/\/tourtravelandmore.com\/wp-content\/uploads\/2019\/09\/sanktpauli.1.jpg\" \/>\n\t<meta property=\"og:image:width\" content=\"1024\" \/>\n\t<meta property=\"og:image:height\" content=\"683\" \/>\n\t<meta property=\"og:image:type\" content=\"image\/jpeg\" \/>\n<meta name=\"twitter:card\" content=\"summary_large_image\" \/>\n<meta name=\"twitter:site\" content=\"@TourTravel_More\" \/>\n<meta name=\"twitter:label1\" content=\"Tiempo de lectura\" \/>\n\t<meta name=\"twitter:data1\" content=\"3 minutos\" \/>\n<script type=\"application\/ld+json\" class=\"yoast-schema-graph\">{\"@context\":\"https:\/\/schema.org\",\"@graph\":[{\"@type\":\"WebPage\",\"@id\":\"https:\/\/tourtravelandmore.com\/es\/tours\/alemania-es\/hamburgo-es\/tour-privado-a-pie-de-3-horas-por-la-ciudad-de-hamburgo\/\",\"url\":\"https:\/\/tourtravelandmore.com\/es\/tours\/alemania-es\/hamburgo-es\/tour-privado-a-pie-de-3-horas-por-la-ciudad-de-hamburgo\/\",\"name\":\"Tour Privado a pie por Hamburgo con gu\u00eda oficial local | Tour Travel & More\",\"isPartOf\":{\"@id\":\"https:\/\/tourtravelandmore.com\/es\/#website\"},\"primaryImageOfPage\":{\"@id\":\"https:\/\/tourtravelandmore.com\/es\/tours\/alemania-es\/hamburgo-es\/tour-privado-a-pie-de-3-horas-por-la-ciudad-de-hamburgo\/#primaryimage\"},\"image\":{\"@id\":\"https:\/\/tourtravelandmore.com\/es\/tours\/alemania-es\/hamburgo-es\/tour-privado-a-pie-de-3-horas-por-la-ciudad-de-hamburgo\/#primaryimage\"},\"thumbnailUrl\":\"https:\/\/tourtravelandmore.com\/wp-content\/uploads\/2019\/09\/sanktpauli.1.jpg\",\"datePublished\":\"2019-09-15T22:37:40+00:00\",\"dateModified\":\"2022-03-21T11:30:21+00:00\",\"description\":\"\u2192 Disfrute de este Tour Privado a pie por Hamburgo junto a su gu\u00eda oficial local y conozca sus monumentos y edificaciones m\u00e1s importantes \u2705\",\"breadcrumb\":{\"@id\":\"https:\/\/tourtravelandmore.com\/es\/tours\/alemania-es\/hamburgo-es\/tour-privado-a-pie-de-3-horas-por-la-ciudad-de-hamburgo\/#breadcrumb\"},\"inLanguage\":\"es\",\"potentialAction\":[{\"@type\":\"ReadAction\",\"target\":[\"https:\/\/tourtravelandmore.com\/es\/tours\/alemania-es\/hamburgo-es\/tour-privado-a-pie-de-3-horas-por-la-ciudad-de-hamburgo\/\"]}]},{\"@type\":\"ImageObject\",\"inLanguage\":\"es\",\"@id\":\"https:\/\/tourtravelandmore.com\/es\/tours\/alemania-es\/hamburgo-es\/tour-privado-a-pie-de-3-horas-por-la-ciudad-de-hamburgo\/#primaryimage\",\"url\":\"https:\/\/tourtravelandmore.com\/wp-content\/uploads\/2019\/09\/sanktpauli.1.jpg\",\"contentUrl\":\"https:\/\/tourtravelandmore.com\/wp-content\/uploads\/2019\/09\/sanktpauli.1.jpg\",\"width\":1024,\"height\":683},{\"@type\":\"BreadcrumbList\",\"@id\":\"https:\/\/tourtravelandmore.com\/es\/tours\/alemania-es\/hamburgo-es\/tour-privado-a-pie-de-3-horas-por-la-ciudad-de-hamburgo\/#breadcrumb\",\"itemListElement\":[{\"@type\":\"ListItem\",\"position\":1,\"name\":\"Home\",\"item\":\"https:\/\/tourtravelandmore.com\/es\/\"},{\"@type\":\"ListItem\",\"position\":2,\"name\":\"Tours\",\"item\":\"https:\/\/tourtravelandmore.com\/es\/tours\/\"},{\"@type\":\"ListItem\",\"position\":3,\"name\":\"Tour Privado a pie por Hamburgo\"}]},{\"@type\":\"WebSite\",\"@id\":\"https:\/\/tourtravelandmore.com\/es\/#website\",\"url\":\"https:\/\/tourtravelandmore.com\/es\/\",\"name\":\"Tour Travel And More\",\"description\":\"Private sightseeing tours and luxury transfers in Spain\",\"publisher\":{\"@id\":\"https:\/\/tourtravelandmore.com\/es\/#organization\"},\"potentialAction\":[{\"@type\":\"SearchAction\",\"target\":{\"@type\":\"EntryPoint\",\"urlTemplate\":\"https:\/\/tourtravelandmore.com\/es\/?s={search_term_string}\"},\"query-input\":{\"@type\":\"PropertyValueSpecification\",\"valueRequired\":true,\"valueName\":\"search_term_string\"}}],\"inLanguage\":\"es\"},{\"@type\":\"Organization\",\"@id\":\"https:\/\/tourtravelandmore.com\/es\/#organization\",\"name\":\"Tour Travel And More\",\"url\":\"https:\/\/tourtravelandmore.com\/es\/\",\"logo\":{\"@type\":\"ImageObject\",\"inLanguage\":\"es\",\"@id\":\"https:\/\/tourtravelandmore.com\/es\/#\/schema\/logo\/image\/\",\"url\":\"https:\/\/tourtravelandmore.com\/wp-content\/uploads\/2022\/12\/cropped-logo-cabecera-new.png\",\"contentUrl\":\"https:\/\/tourtravelandmore.com\/wp-content\/uploads\/2022\/12\/cropped-logo-cabecera-new.png\",\"width\":430,\"height\":61,\"caption\":\"Tour Travel And More\"},\"image\":{\"@id\":\"https:\/\/tourtravelandmore.com\/es\/#\/schema\/logo\/image\/\"},\"sameAs\":[\"https:\/\/www.facebook.com\/tourtravelandmore\/\",\"https:\/\/x.com\/TourTravel_More\"]}]}<\/script>\n<!-- \/ Yoast SEO Premium plugin. -->","yoast_head_json":{"title":"Tour Privado a pie por Hamburgo con gu\u00eda oficial local | Tour Travel & More","description":"\u2192 Disfrute de este Tour Privado a pie por Hamburgo junto a su gu\u00eda oficial local y conozca sus monumentos y edificaciones m\u00e1s importantes \u2705","robots":{"index":"index","follow":"follow","max-snippet":"max-snippet:-1","max-image-preview":"max-image-preview:large","max-video-preview":"max-video-preview:-1"},"canonical":"https:\/\/tourtravelandmore.com\/es\/tours\/alemania-es\/hamburgo-es\/tour-privado-a-pie-de-3-horas-por-la-ciudad-de-hamburgo\/","og_locale":"es_ES","og_type":"article","og_title":"Tour Privado a pie por Hamburgo","og_description":"\u2192 Disfrute de este Tour Privado a pie por Hamburgo junto a su gu\u00eda oficial local y conozca sus monumentos y edificaciones m\u00e1s importantes \u2705","og_url":"https:\/\/tourtravelandmore.com\/es\/tours\/alemania-es\/hamburgo-es\/tour-privado-a-pie-de-3-horas-por-la-ciudad-de-hamburgo\/","og_site_name":"Tour Travel And More","article_publisher":"https:\/\/www.facebook.com\/tourtravelandmore\/","article_modified_time":"2022-03-21T11:30:21+00:00","og_image":[{"width":1024,"height":683,"url":"https:\/\/tourtravelandmore.com\/wp-content\/uploads\/2019\/09\/sanktpauli.1.jpg","type":"image\/jpeg"}],"twitter_card":"summary_large_image","twitter_site":"@TourTravel_More","twitter_misc":{"Tiempo de lectura":"3 minutos"},"schema":{"@context":"https:\/\/schema.org","@graph":[{"@type":"WebPage","@id":"https:\/\/tourtravelandmore.com\/es\/tours\/alemania-es\/hamburgo-es\/tour-privado-a-pie-de-3-horas-por-la-ciudad-de-hamburgo\/","url":"https:\/\/tourtravelandmore.com\/es\/tours\/alemania-es\/hamburgo-es\/tour-privado-a-pie-de-3-horas-por-la-ciudad-de-hamburgo\/","name":"Tour Privado a pie por Hamburgo con gu\u00eda oficial local | Tour Travel & More","isPartOf":{"@id":"https:\/\/tourtravelandmore.com\/es\/#website"},"primaryImageOfPage":{"@id":"https:\/\/tourtravelandmore.com\/es\/tours\/alemania-es\/hamburgo-es\/tour-privado-a-pie-de-3-horas-por-la-ciudad-de-hamburgo\/#primaryimage"},"image":{"@id":"https:\/\/tourtravelandmore.com\/es\/tours\/alemania-es\/hamburgo-es\/tour-privado-a-pie-de-3-horas-por-la-ciudad-de-hamburgo\/#primaryimage"},"thumbnailUrl":"https:\/\/tourtravelandmore.com\/wp-content\/uploads\/2019\/09\/sanktpauli.1.jpg","datePublished":"2019-09-15T22:37:40+00:00","dateModified":"2022-03-21T11:30:21+00:00","description":"\u2192 Disfrute de este Tour Privado a pie por Hamburgo junto a su gu\u00eda oficial local y conozca sus monumentos y edificaciones m\u00e1s importantes \u2705","breadcrumb":{"@id":"https:\/\/tourtravelandmore.com\/es\/tours\/alemania-es\/hamburgo-es\/tour-privado-a-pie-de-3-horas-por-la-ciudad-de-hamburgo\/#breadcrumb"},"inLanguage":"es","potentialAction":[{"@type":"ReadAction","target":["https:\/\/tourtravelandmore.com\/es\/tours\/alemania-es\/hamburgo-es\/tour-privado-a-pie-de-3-horas-por-la-ciudad-de-hamburgo\/"]}]},{"@type":"ImageObject","inLanguage":"es","@id":"https:\/\/tourtravelandmore.com\/es\/tours\/alemania-es\/hamburgo-es\/tour-privado-a-pie-de-3-horas-por-la-ciudad-de-hamburgo\/#primaryimage","url":"https:\/\/tourtravelandmore.com\/wp-content\/uploads\/2019\/09\/sanktpauli.1.jpg","contentUrl":"https:\/\/tourtravelandmore.com\/wp-content\/uploads\/2019\/09\/sanktpauli.1.jpg","width":1024,"height":683},{"@type":"BreadcrumbList","@id":"https:\/\/tourtravelandmore.com\/es\/tours\/alemania-es\/hamburgo-es\/tour-privado-a-pie-de-3-horas-por-la-ciudad-de-hamburgo\/#breadcrumb","itemListElement":[{"@type":"ListItem","position":1,"name":"Home","item":"https:\/\/tourtravelandmore.com\/es\/"},{"@type":"ListItem","position":2,"name":"Tours","item":"https:\/\/tourtravelandmore.com\/es\/tours\/"},{"@type":"ListItem","position":3,"name":"Tour Privado a pie por Hamburgo"}]},{"@type":"WebSite","@id":"https:\/\/tourtravelandmore.com\/es\/#website","url":"https:\/\/tourtravelandmore.com\/es\/","name":"Tour Travel And More","description":"Private sightseeing tours and luxury transfers in Spain","publisher":{"@id":"https:\/\/tourtravelandmore.com\/es\/#organization"},"potentialAction":[{"@type":"SearchAction","target":{"@type":"EntryPoint","urlTemplate":"https:\/\/tourtravelandmore.com\/es\/?s={search_term_string}"},"query-input":{"@type":"PropertyValueSpecification","valueRequired":true,"valueName":"search_term_string"}}],"inLanguage":"es"},{"@type":"Organization","@id":"https:\/\/tourtravelandmore.com\/es\/#organization","name":"Tour Travel And More","url":"https:\/\/tourtravelandmore.com\/es\/","logo":{"@type":"ImageObject","inLanguage":"es","@id":"https:\/\/tourtravelandmore.com\/es\/#\/schema\/logo\/image\/","url":"https:\/\/tourtravelandmore.com\/wp-content\/uploads\/2022\/12\/cropped-logo-cabecera-new.png","contentUrl":"https:\/\/tourtravelandmore.com\/wp-content\/uploads\/2022\/12\/cropped-logo-cabecera-new.png","width":430,"height":61,"caption":"Tour Travel And More"},"image":{"@id":"https:\/\/tourtravelandmore.com\/es\/#\/schema\/logo\/image\/"},"sameAs":["https:\/\/www.facebook.com\/tourtravelandmore\/","https:\/\/x.com\/TourTravel_More"]}]}},"_links":{"self":[{"href":"https:\/\/tourtravelandmore.com\/es\/wp-json\/wp\/v2\/product\/66381","targetHints":{"allow":["GET"]}}],"collection":[{"href":"https:\/\/tourtravelandmore.com\/es\/wp-json\/wp\/v2\/product"}],"about":[{"href":"https:\/\/tourtravelandmore.com\/es\/wp-json\/wp\/v2\/types\/product"}],"replies":[{"embeddable":true,"href":"https:\/\/tourtravelandmore.com\/es\/wp-json\/wp\/v2\/comments?post=66381"}],"wp:featuredmedia":[{"embeddable":true,"href":"https:\/\/tourtravelandmore.com\/es\/wp-json\/wp\/v2\/media\/66321"}],"wp:attachment":[{"href":"https:\/\/tourtravelandmore.com\/es\/wp-json\/wp\/v2\/media?parent=66381"}],"wp:term":[{"taxonomy":"product_brand","embeddable":true,"href":"https:\/\/tourtravelandmore.com\/es\/wp-json\/wp\/v2\/product_brand?post=66381"},{"taxonomy":"product_cat","embeddable":true,"href":"https:\/\/tourtravelandmore.com\/es\/wp-json\/wp\/v2\/product_cat?post=66381"},{"taxonomy":"product_tag","embeddable":true,"href":"https:\/\/tourtravelandmore.com\/es\/wp-json\/wp\/v2\/product_tag?post=66381"}],"curies":[{"name":"wp","href":"https:\/\/api.w.org\/{rel}","templated":true}]}}