{"id":66371,"date":"2019-09-16T00:36:45","date_gmt":"2019-09-15T22:36:45","guid":{"rendered":"https:\/\/tourtravelandmore.com\/?post_type=product&#038;p=66371"},"modified":"2022-03-21T12:38:24","modified_gmt":"2022-03-21T11:38:24","slug":"tour-privado-por-speicherstadt-y-hafencity","status":"publish","type":"product","link":"https:\/\/tourtravelandmore.com\/es\/tours\/alemania-es\/hamburgo-es\/tour-privado-por-speicherstadt-y-hafencity\/","title":{"rendered":"Tour Privado por Speicherstadt y HafenCity"},"content":{"rendered":"<h2><strong>Descripci\u00f3n del Tour Privado por Speicherstadt y HafenCity<\/strong><\/h2>\n<p>Disfrute de los hermosos barrios de <strong>Speicherstadt<\/strong> y <strong>HafenCity<\/strong>, sus monumentos arquitect\u00f3nicos y maravillosos lugares hist\u00f3ricos. Tendr\u00e1 un <strong>gu\u00eda tur\u00edstico oficial privado<\/strong> disponible para una visita guiada de 2 horas. Este <strong>tour privado por Speicherstadt y HafenCity<\/strong> es perfecto para aquellos que quieran aprender un poco m\u00e1s sobre Hamburgo.<\/p>\n<p><strong>Hamburgo<\/strong> es la segunda ciudad m\u00e1s grande de Alemania, despu\u00e9s de Berl\u00edn y la octava ciudad m\u00e1s grande de la Uni\u00f3n Europea. La ciudad, una de las m\u00e1s visitadas de Alemania, es un importante destino tur\u00edstico nacional e internacional.<\/p>\n<p>Entre sus principales atractivos, Hamburgo cuenta con m\u00e1s de 40 teatros, 60 museos y 100 locales de m\u00fasica y clubes. En 2005, m\u00e1s de 18 millones de personas visitaron sus conciertos, exposiciones, teatros, cines, museos y eventos culturales. Reeperbahn de St. Pauli es el distrito europeo de entretenimiento m\u00e1s conocido.<\/p>\n<p>Est\u00e1 previsto que sea un recorrido a pie, pero en caso de que lo prefiera, podemos incluir un veh\u00edculo privado de lujo para todo el recorrido. Ofrecemos tours privados y personalizados con el fin de hacer una experiencia \u00fanica para usted.<\/p>\n<p>Si est\u00e1 buscando un recorrido m\u00e1s extenso y general, eche un vistazo a nuestro <a href=\"https:\/\/tourtravelandmore.com\/es\/tours\/alemania-es\/hamburgo-es\/tour-privado-por-la-ciudad-de-hamburgo\/\">tour privado por la ciudad de Hamburgo<\/a>.<\/p>\n<h2><strong>Puntos de inter\u00e9s en el Tour Privado por Speicherstadt y HafenCity<\/strong><\/h2>\n<p>Nos reuniremos con usted en su hotel o lugar de elecci\u00f3n en Hamburgo. Desde all\u00ed, comenzaremos el recorrido desde la <strong>plaza Hamburger Rathaus<\/strong>, con el objetivo inicial de <strong>Speicherstadt<\/strong>, el distrito de almacenes m\u00e1s grande y famoso del mundo. Aqu\u00ed aprender\u00e1 sobre la fascinante arquitectura e historia de Speicherstadt.<\/p>\n<p>M\u00e1s tarde, cuando lleguemos al moderno barrio de <strong>HafenCity<\/strong>, aprender\u00e1 c\u00f3mo este barrio se ha convertido en el desarrollo urbano m\u00e1s ambicioso de Europa. Desde all\u00ed caminaremos hasta la sala de conciertos m\u00e1s avanzada ac\u00fasticamente del mundo, la <strong>Elbphilharmonie<\/strong>.<\/p>\n<p>Durante este tour privado por Speicherstadt y HafenCity, tambi\u00e9n podr\u00e1 visitar:<\/p>\n<ul>\n<li><strong>Rathausmarkt<\/strong><\/li>\n<li><a href=\"https:\/\/www.chilehaus.de\/de\/Auf-einen-Blick.html\">ChileHous<\/a><\/li>\n<li><strong>Puente Poggenm\u00fchlen<\/strong><\/li>\n<li><strong>Wasserschloss<\/strong><\/li>\n<li><strong>Y muchos m\u00e1s sitios en este tour privado.<\/strong><\/li>\n<\/ul>\n<p>Como dijimos antes, podemos organizar la duraci\u00f3n del recorrido y los sitios para que se adapten a sus necesidades personales. Podemos ofrecer horas extra para satisfacer sus necesidades y deseos. H\u00e1ganos saber cu\u00e1nto tiempo le gustar\u00eda el tour privado.<\/p>\n<p><strong>Finalmente, su gu\u00eda tur\u00edstico oficial privado lo dejar\u00e1 en un lugar central de Hamburgo.<\/strong><\/p>\n","protected":false},"excerpt":{"rendered":"<p>Aproveche sus d\u00edas en <strong>Hamburgo<\/strong> y disfrute de este <strong>tour privado de Speicherstadt y HafenCity<\/strong> con un gu\u00eda tur\u00edstico local privado. Conozca la historia de estos incre\u00edbles barrios mientras admira la incre\u00edble arquitectura que ofrecen. El punto de encuentro con el gu\u00eda en lugar c\u00e9ntrico u hotel c\u00e9ntrico.<\/p>\n","protected":false},"featured_media":66337,"comment_status":"open","ping_status":"closed","template":"","meta":{"_acf_changed":false},"product_brand":[],"product_cat":[1294,1295,1296],"product_tag":[],"class_list":{"0":"post-66371","1":"product","2":"type-product","3":"status-publish","4":"has-post-thumbnail","6":"product_cat-hamburgo-es","7":"product_cat-hamburgo-tours-privados-actividades-es","8":"product_cat-hamburgo-tours-privados-pie-es","10":"first","11":"instock","12":"shipping-taxable","13":"purchasable","14":"product-type-simple"},"acf":[],"yoast_head":"<!-- This site is optimized with the Yoast SEO Premium plugin v25.3.1 (Yoast SEO v25.3.1) - https:\/\/yoast.com\/wordpress\/plugins\/seo\/ -->\n<title>Tour Privado por Speicherstadt y HafenCity con gu\u00eda local | TTM<\/title>\n<meta name=\"description\" content=\"\u2192 Tour privado por Speicherstadt y HafenCity con gu\u00eda oficial. Conozca los lugares m\u00e1s bellos y emblem\u00e1ticos de estos incre\u00edbles barrios Alemanes \u2705\" \/>\n<meta name=\"robots\" content=\"index, follow, max-snippet:-1, max-image-preview:large, max-video-preview:-1\" \/>\n<link rel=\"canonical\" href=\"https:\/\/tourtravelandmore.com\/es\/tours\/alemania-es\/hamburgo-es\/tour-privado-por-speicherstadt-y-hafencity\/\" \/>\n<meta property=\"og:locale\" content=\"es_ES\" \/>\n<meta property=\"og:type\" content=\"article\" \/>\n<meta property=\"og:title\" content=\"Tour Privado por Speicherstadt y HafenCity\" \/>\n<meta property=\"og:description\" content=\"\u2192 Tour privado por Speicherstadt y HafenCity con gu\u00eda oficial. Conozca los lugares m\u00e1s bellos y emblem\u00e1ticos de estos incre\u00edbles barrios Alemanes \u2705\" \/>\n<meta property=\"og:url\" content=\"https:\/\/tourtravelandmore.com\/es\/tours\/alemania-es\/hamburgo-es\/tour-privado-por-speicherstadt-y-hafencity\/\" \/>\n<meta property=\"og:site_name\" content=\"Tour Travel And More\" \/>\n<meta property=\"article:publisher\" content=\"https:\/\/www.facebook.com\/tourtravelandmore\/\" \/>\n<meta property=\"article:modified_time\" content=\"2022-03-21T11:38:24+00:00\" \/>\n<meta property=\"og:image\" content=\"https:\/\/tourtravelandmore.com\/wp-content\/uploads\/2019\/09\/speicherstadt.jpg\" \/>\n\t<meta property=\"og:image:width\" content=\"1280\" \/>\n\t<meta property=\"og:image:height\" content=\"853\" \/>\n\t<meta property=\"og:image:type\" content=\"image\/jpeg\" \/>\n<meta name=\"twitter:card\" content=\"summary_large_image\" \/>\n<meta name=\"twitter:site\" content=\"@TourTravel_More\" \/>\n<meta name=\"twitter:label1\" content=\"Tiempo de lectura\" \/>\n\t<meta name=\"twitter:data1\" content=\"2 minutos\" \/>\n<script type=\"application\/ld+json\" class=\"yoast-schema-graph\">{\"@context\":\"https:\/\/schema.org\",\"@graph\":[{\"@type\":\"WebPage\",\"@id\":\"https:\/\/tourtravelandmore.com\/es\/tours\/alemania-es\/hamburgo-es\/tour-privado-por-speicherstadt-y-hafencity\/\",\"url\":\"https:\/\/tourtravelandmore.com\/es\/tours\/alemania-es\/hamburgo-es\/tour-privado-por-speicherstadt-y-hafencity\/\",\"name\":\"Tour Privado por Speicherstadt y HafenCity con gu\u00eda local | TTM\",\"isPartOf\":{\"@id\":\"https:\/\/tourtravelandmore.com\/es\/#website\"},\"primaryImageOfPage\":{\"@id\":\"https:\/\/tourtravelandmore.com\/es\/tours\/alemania-es\/hamburgo-es\/tour-privado-por-speicherstadt-y-hafencity\/#primaryimage\"},\"image\":{\"@id\":\"https:\/\/tourtravelandmore.com\/es\/tours\/alemania-es\/hamburgo-es\/tour-privado-por-speicherstadt-y-hafencity\/#primaryimage\"},\"thumbnailUrl\":\"https:\/\/tourtravelandmore.com\/wp-content\/uploads\/2019\/09\/speicherstadt.jpg\",\"datePublished\":\"2019-09-15T22:36:45+00:00\",\"dateModified\":\"2022-03-21T11:38:24+00:00\",\"description\":\"\u2192 Tour privado por Speicherstadt y HafenCity con gu\u00eda oficial. Conozca los lugares m\u00e1s bellos y emblem\u00e1ticos de estos incre\u00edbles barrios Alemanes \u2705\",\"breadcrumb\":{\"@id\":\"https:\/\/tourtravelandmore.com\/es\/tours\/alemania-es\/hamburgo-es\/tour-privado-por-speicherstadt-y-hafencity\/#breadcrumb\"},\"inLanguage\":\"es\",\"potentialAction\":[{\"@type\":\"ReadAction\",\"target\":[\"https:\/\/tourtravelandmore.com\/es\/tours\/alemania-es\/hamburgo-es\/tour-privado-por-speicherstadt-y-hafencity\/\"]}]},{\"@type\":\"ImageObject\",\"inLanguage\":\"es\",\"@id\":\"https:\/\/tourtravelandmore.com\/es\/tours\/alemania-es\/hamburgo-es\/tour-privado-por-speicherstadt-y-hafencity\/#primaryimage\",\"url\":\"https:\/\/tourtravelandmore.com\/wp-content\/uploads\/2019\/09\/speicherstadt.jpg\",\"contentUrl\":\"https:\/\/tourtravelandmore.com\/wp-content\/uploads\/2019\/09\/speicherstadt.jpg\",\"width\":1280,\"height\":853},{\"@type\":\"BreadcrumbList\",\"@id\":\"https:\/\/tourtravelandmore.com\/es\/tours\/alemania-es\/hamburgo-es\/tour-privado-por-speicherstadt-y-hafencity\/#breadcrumb\",\"itemListElement\":[{\"@type\":\"ListItem\",\"position\":1,\"name\":\"Home\",\"item\":\"https:\/\/tourtravelandmore.com\/es\/\"},{\"@type\":\"ListItem\",\"position\":2,\"name\":\"Tours\",\"item\":\"https:\/\/tourtravelandmore.com\/es\/tours\/\"},{\"@type\":\"ListItem\",\"position\":3,\"name\":\"Tour Privado por Speicherstadt y HafenCity\"}]},{\"@type\":\"WebSite\",\"@id\":\"https:\/\/tourtravelandmore.com\/es\/#website\",\"url\":\"https:\/\/tourtravelandmore.com\/es\/\",\"name\":\"Tour Travel And More\",\"description\":\"Private sightseeing tours and luxury transfers in Spain\",\"publisher\":{\"@id\":\"https:\/\/tourtravelandmore.com\/es\/#organization\"},\"potentialAction\":[{\"@type\":\"SearchAction\",\"target\":{\"@type\":\"EntryPoint\",\"urlTemplate\":\"https:\/\/tourtravelandmore.com\/es\/?s={search_term_string}\"},\"query-input\":{\"@type\":\"PropertyValueSpecification\",\"valueRequired\":true,\"valueName\":\"search_term_string\"}}],\"inLanguage\":\"es\"},{\"@type\":\"Organization\",\"@id\":\"https:\/\/tourtravelandmore.com\/es\/#organization\",\"name\":\"Tour Travel And More\",\"url\":\"https:\/\/tourtravelandmore.com\/es\/\",\"logo\":{\"@type\":\"ImageObject\",\"inLanguage\":\"es\",\"@id\":\"https:\/\/tourtravelandmore.com\/es\/#\/schema\/logo\/image\/\",\"url\":\"https:\/\/tourtravelandmore.com\/wp-content\/uploads\/2022\/12\/cropped-logo-cabecera-new.png\",\"contentUrl\":\"https:\/\/tourtravelandmore.com\/wp-content\/uploads\/2022\/12\/cropped-logo-cabecera-new.png\",\"width\":430,\"height\":61,\"caption\":\"Tour Travel And More\"},\"image\":{\"@id\":\"https:\/\/tourtravelandmore.com\/es\/#\/schema\/logo\/image\/\"},\"sameAs\":[\"https:\/\/www.facebook.com\/tourtravelandmore\/\",\"https:\/\/x.com\/TourTravel_More\"]}]}<\/script>\n<!-- \/ Yoast SEO Premium plugin. -->","yoast_head_json":{"title":"Tour Privado por Speicherstadt y HafenCity con gu\u00eda local | TTM","description":"\u2192 Tour privado por Speicherstadt y HafenCity con gu\u00eda oficial. Conozca los lugares m\u00e1s bellos y emblem\u00e1ticos de estos incre\u00edbles barrios Alemanes \u2705","robots":{"index":"index","follow":"follow","max-snippet":"max-snippet:-1","max-image-preview":"max-image-preview:large","max-video-preview":"max-video-preview:-1"},"canonical":"https:\/\/tourtravelandmore.com\/es\/tours\/alemania-es\/hamburgo-es\/tour-privado-por-speicherstadt-y-hafencity\/","og_locale":"es_ES","og_type":"article","og_title":"Tour Privado por Speicherstadt y HafenCity","og_description":"\u2192 Tour privado por Speicherstadt y HafenCity con gu\u00eda oficial. Conozca los lugares m\u00e1s bellos y emblem\u00e1ticos de estos incre\u00edbles barrios Alemanes \u2705","og_url":"https:\/\/tourtravelandmore.com\/es\/tours\/alemania-es\/hamburgo-es\/tour-privado-por-speicherstadt-y-hafencity\/","og_site_name":"Tour Travel And More","article_publisher":"https:\/\/www.facebook.com\/tourtravelandmore\/","article_modified_time":"2022-03-21T11:38:24+00:00","og_image":[{"width":1280,"height":853,"url":"https:\/\/tourtravelandmore.com\/wp-content\/uploads\/2019\/09\/speicherstadt.jpg","type":"image\/jpeg"}],"twitter_card":"summary_large_image","twitter_site":"@TourTravel_More","twitter_misc":{"Tiempo de lectura":"2 minutos"},"schema":{"@context":"https:\/\/schema.org","@graph":[{"@type":"WebPage","@id":"https:\/\/tourtravelandmore.com\/es\/tours\/alemania-es\/hamburgo-es\/tour-privado-por-speicherstadt-y-hafencity\/","url":"https:\/\/tourtravelandmore.com\/es\/tours\/alemania-es\/hamburgo-es\/tour-privado-por-speicherstadt-y-hafencity\/","name":"Tour Privado por Speicherstadt y HafenCity con gu\u00eda local | TTM","isPartOf":{"@id":"https:\/\/tourtravelandmore.com\/es\/#website"},"primaryImageOfPage":{"@id":"https:\/\/tourtravelandmore.com\/es\/tours\/alemania-es\/hamburgo-es\/tour-privado-por-speicherstadt-y-hafencity\/#primaryimage"},"image":{"@id":"https:\/\/tourtravelandmore.com\/es\/tours\/alemania-es\/hamburgo-es\/tour-privado-por-speicherstadt-y-hafencity\/#primaryimage"},"thumbnailUrl":"https:\/\/tourtravelandmore.com\/wp-content\/uploads\/2019\/09\/speicherstadt.jpg","datePublished":"2019-09-15T22:36:45+00:00","dateModified":"2022-03-21T11:38:24+00:00","description":"\u2192 Tour privado por Speicherstadt y HafenCity con gu\u00eda oficial. Conozca los lugares m\u00e1s bellos y emblem\u00e1ticos de estos incre\u00edbles barrios Alemanes \u2705","breadcrumb":{"@id":"https:\/\/tourtravelandmore.com\/es\/tours\/alemania-es\/hamburgo-es\/tour-privado-por-speicherstadt-y-hafencity\/#breadcrumb"},"inLanguage":"es","potentialAction":[{"@type":"ReadAction","target":["https:\/\/tourtravelandmore.com\/es\/tours\/alemania-es\/hamburgo-es\/tour-privado-por-speicherstadt-y-hafencity\/"]}]},{"@type":"ImageObject","inLanguage":"es","@id":"https:\/\/tourtravelandmore.com\/es\/tours\/alemania-es\/hamburgo-es\/tour-privado-por-speicherstadt-y-hafencity\/#primaryimage","url":"https:\/\/tourtravelandmore.com\/wp-content\/uploads\/2019\/09\/speicherstadt.jpg","contentUrl":"https:\/\/tourtravelandmore.com\/wp-content\/uploads\/2019\/09\/speicherstadt.jpg","width":1280,"height":853},{"@type":"BreadcrumbList","@id":"https:\/\/tourtravelandmore.com\/es\/tours\/alemania-es\/hamburgo-es\/tour-privado-por-speicherstadt-y-hafencity\/#breadcrumb","itemListElement":[{"@type":"ListItem","position":1,"name":"Home","item":"https:\/\/tourtravelandmore.com\/es\/"},{"@type":"ListItem","position":2,"name":"Tours","item":"https:\/\/tourtravelandmore.com\/es\/tours\/"},{"@type":"ListItem","position":3,"name":"Tour Privado por Speicherstadt y HafenCity"}]},{"@type":"WebSite","@id":"https:\/\/tourtravelandmore.com\/es\/#website","url":"https:\/\/tourtravelandmore.com\/es\/","name":"Tour Travel And More","description":"Private sightseeing tours and luxury transfers in Spain","publisher":{"@id":"https:\/\/tourtravelandmore.com\/es\/#organization"},"potentialAction":[{"@type":"SearchAction","target":{"@type":"EntryPoint","urlTemplate":"https:\/\/tourtravelandmore.com\/es\/?s={search_term_string}"},"query-input":{"@type":"PropertyValueSpecification","valueRequired":true,"valueName":"search_term_string"}}],"inLanguage":"es"},{"@type":"Organization","@id":"https:\/\/tourtravelandmore.com\/es\/#organization","name":"Tour Travel And More","url":"https:\/\/tourtravelandmore.com\/es\/","logo":{"@type":"ImageObject","inLanguage":"es","@id":"https:\/\/tourtravelandmore.com\/es\/#\/schema\/logo\/image\/","url":"https:\/\/tourtravelandmore.com\/wp-content\/uploads\/2022\/12\/cropped-logo-cabecera-new.png","contentUrl":"https:\/\/tourtravelandmore.com\/wp-content\/uploads\/2022\/12\/cropped-logo-cabecera-new.png","width":430,"height":61,"caption":"Tour Travel And More"},"image":{"@id":"https:\/\/tourtravelandmore.com\/es\/#\/schema\/logo\/image\/"},"sameAs":["https:\/\/www.facebook.com\/tourtravelandmore\/","https:\/\/x.com\/TourTravel_More"]}]}},"_links":{"self":[{"href":"https:\/\/tourtravelandmore.com\/es\/wp-json\/wp\/v2\/product\/66371","targetHints":{"allow":["GET"]}}],"collection":[{"href":"https:\/\/tourtravelandmore.com\/es\/wp-json\/wp\/v2\/product"}],"about":[{"href":"https:\/\/tourtravelandmore.com\/es\/wp-json\/wp\/v2\/types\/product"}],"replies":[{"embeddable":true,"href":"https:\/\/tourtravelandmore.com\/es\/wp-json\/wp\/v2\/comments?post=66371"}],"wp:featuredmedia":[{"embeddable":true,"href":"https:\/\/tourtravelandmore.com\/es\/wp-json\/wp\/v2\/media\/66337"}],"wp:attachment":[{"href":"https:\/\/tourtravelandmore.com\/es\/wp-json\/wp\/v2\/media?parent=66371"}],"wp:term":[{"taxonomy":"product_brand","embeddable":true,"href":"https:\/\/tourtravelandmore.com\/es\/wp-json\/wp\/v2\/product_brand?post=66371"},{"taxonomy":"product_cat","embeddable":true,"href":"https:\/\/tourtravelandmore.com\/es\/wp-json\/wp\/v2\/product_cat?post=66371"},{"taxonomy":"product_tag","embeddable":true,"href":"https:\/\/tourtravelandmore.com\/es\/wp-json\/wp\/v2\/product_tag?post=66371"}],"curies":[{"name":"wp","href":"https:\/\/api.w.org\/{rel}","templated":true}]}}