{"id":66361,"date":"2019-09-15T22:30:55","date_gmt":"2019-09-15T20:30:55","guid":{"rendered":"https:\/\/tourtravelandmore.com\/?post_type=product&#038;p=66361"},"modified":"2022-03-21T12:32:07","modified_gmt":"2022-03-21T11:32:07","slug":"tour-privado-por-la-ciudad-de-hamburgo","status":"publish","type":"product","link":"https:\/\/tourtravelandmore.com\/es\/tours\/alemania-es\/hamburgo-es\/tour-privado-por-la-ciudad-de-hamburgo\/","title":{"rendered":"Tour Privado por Hamburgo"},"content":{"rendered":"<h2><strong>Descripci\u00f3n del Tour Privado por Hamburgo<\/strong><\/h2>\n<p>Disfrute del <strong>casco antiguo de Hamburgo<\/strong>, sus numerosas iglesias y sus maravillosos lugares de inter\u00e9s hist\u00f3rico durante este <strong>tour privado por Hamburgo<\/strong>. Lo acompa\u00f1ar\u00e1 un <strong>gu\u00eda tur\u00edstico oficial privado<\/strong>, c\u00f3modamente en un <strong>veh\u00edculo privado de lujo con chofer<\/strong>.<\/p>\n<p>Para que esta experiencia sea m\u00e1s f\u00e1cil y c\u00f3moda para usted, nos reuniremos con usted en su hotel o lugar de elecci\u00f3n en Hamburgo.<\/p>\n<p><strong>Hamburgo<\/strong> es la segunda ciudad m\u00e1s grande de Alemania, despu\u00e9s de Berl\u00edn y la octava ciudad m\u00e1s grande de la Uni\u00f3n Europea. La ciudad, una de las m\u00e1s visitadas de Alemania, es un importante destino tur\u00edstico nacional e internacional.<\/p>\n<p>Entre sus principales atractivos, Hamburgo cuenta con m\u00e1s de 40 teatros, 60 museos y 100 locales de m\u00fasica y clubes. En 2005, m\u00e1s de 18 millones de personas visitaron sus conciertos, exposiciones, teatros, cines, museos y eventos culturales. <strong>Reeperbahn de St. Pauli<\/strong> es el distrito de entretenimiento europeo m\u00e1s conocido.<\/p>\n<p>Su gu\u00eda tur\u00edstico privado es profesional, oficial y tiene muchos conocimientos sobre la historia y la ciudad. Lo pasar\u00e1s en grande con tu gu\u00eda y conductor mientras aprendes sobre esta \u00fanica ciudad.<\/p>\n<p>Este recorrido tambi\u00e9n se puede realizar solo con un gu\u00eda tur\u00edstico oficial privado, eche un vistazo a <a href=\"https:\/\/tourtravelandmore.com\/es\/tours\/alemania-es\/hamburgo-es\/tour-privado-a-pie-de-3-horas-por-la-ciudad-de-hamburgo\/\">nuestro tour privado a pie por Hamburgo<\/a>.<\/p>\n<h2><strong>Puntos de inter\u00e9s en el Tour Privado por Hamburgo<\/strong><\/h2>\n<p>Se reunir\u00e1 con su gu\u00eda y conductor privado en su hotel o lugar deseado en Hamburgo. Como se trata de un tour privado, puedes elegir el punto de encuentro y la hora de inicio.<\/p>\n<p>En <strong>Hamburgo<\/strong>, veremos el impresionante estilo medieval de la arquitectura de la ciudad, donde su primera parada ser\u00e1 <strong>Alstster Arkaden<\/strong>. El Arkaden alberga boutiques, caf\u00e9s y restaurantes, es un lugar popular para que los residentes locales almuercen junto al agua. A continuaci\u00f3n, continuaremos hasta la <strong>calle comercial de Neuer Wall<\/strong> en el casco antiguo de Hamburgo, donde podr\u00e1 hacer una compra r\u00e1pida en una de sus muchas tiendas. M\u00e1s tarde tendremos una vista maravillosa y relajante del l<strong>ago Alster<\/strong>.<\/p>\n<p>Podemos hacer una pausa en <strong>M\u00f6nckebergstra\u00dfe<\/strong> y almorzar un poco para recuperar energ\u00edas y continuar con nuestro tour privado. Nuestra \u00faltima parada, pero no menos importante, ser\u00e1 el <strong>barrio de Hafen City de Hamburgo<\/strong>, con una variedad de atracciones de museo extravagantes, que incluyen un ferrocarril en miniatura y un museo de especias en Am Sandtorkai. La joya de la ciudad de <strong>Hafen<\/strong> es la Filarm\u00f3nica del Elba.<\/p>\n<p>Durante su recorrido privado por Hamburgo, descubrir\u00e1 algunos de los sitios m\u00e1s emblem\u00e1ticos de la ciudad. Tambi\u00e9n ofrecemos visitar los siguientes lugares:<\/p>\n<ul>\n<li><strong>Hamburger Rathaus<\/strong><\/li>\n<li><strong>Barrio Hanse\u00e1tico<\/strong><\/li>\n<li><strong>Lombardsbruecke<\/strong><\/li>\n<li><strong>Hamburger Kunsthalle<\/strong><\/li>\n<li><strong>Spitalerstra\u00dfe<\/strong><\/li>\n<li><strong>Iglesia de San Pedro<\/strong><\/li>\n<li><a href=\"https:\/\/www.mahnmal-st-nikolai.de\">Iglesia de San Nicol\u00e1s<\/a><\/li>\n<li><strong>Pa\u00eds de las maravillas en miniatura<\/strong><\/li>\n<li><strong>Museo Picante<\/strong><\/li>\n<li>y muchos m\u00e1s lugares<\/li>\n<\/ul>\n<p>Finalmente, al final de su visita, su conductor y gu\u00eda privado lo llevar\u00e1n de regreso a su hotel o punto de partida en Hamburgo.<\/p>\n","protected":false},"excerpt":{"rendered":"<p><strong>Hamburgo<\/strong> es una gran ciudad que vale la pena visitar, as\u00ed que aproveche sus d\u00edas en Alemania y disfrute de este <strong>tour privado por la ciudad de Hamburgo<\/strong> junto con un conductor privado y un gu\u00eda tur\u00edstico oficial. Lo recoger\u00e1n en su hotel o lugar de elecci\u00f3n en Hamburgo en un veh\u00edculo privado de lujo para una experiencia m\u00e1s c\u00f3moda.<\/p>\n","protected":false},"featured_media":66311,"comment_status":"open","ping_status":"closed","template":"","meta":{"_acf_changed":false},"product_brand":[],"product_cat":[1294,1295,1298],"product_tag":[],"class_list":{"0":"post-66361","1":"product","2":"type-product","3":"status-publish","4":"has-post-thumbnail","6":"product_cat-hamburgo-es","7":"product_cat-hamburgo-tours-privados-actividades-es","8":"product_cat-hamburgo-rutas-turisticas-privadas-es","10":"first","11":"instock","12":"shipping-taxable","13":"purchasable","14":"product-type-simple"},"acf":[],"yoast_head":"<!-- This site is optimized with the Yoast SEO Premium plugin v25.3.1 (Yoast SEO v25.3.1) - https:\/\/yoast.com\/wordpress\/plugins\/seo\/ -->\n<title>Tour Privado por Hamburgo con chofer y gu\u00eda oficial local | TTM<\/title>\n<meta name=\"description\" content=\"\u2192 Tour privado por Hamburgo y sus monumentos con gu\u00eda oficial. Conozca los lugares m\u00e1s emblem\u00e1ticos c\u00f3modos dentro de un veh\u00edculo privado con chofer \u2705\" \/>\n<meta name=\"robots\" content=\"index, follow, max-snippet:-1, max-image-preview:large, max-video-preview:-1\" \/>\n<link rel=\"canonical\" href=\"https:\/\/tourtravelandmore.com\/es\/tours\/alemania-es\/hamburgo-es\/tour-privado-por-la-ciudad-de-hamburgo\/\" \/>\n<meta property=\"og:locale\" content=\"es_ES\" \/>\n<meta property=\"og:type\" content=\"article\" \/>\n<meta property=\"og:title\" content=\"Tour Privado por Hamburgo\" \/>\n<meta property=\"og:description\" content=\"\u2192 Tour privado por Hamburgo y sus monumentos con gu\u00eda oficial. Conozca los lugares m\u00e1s emblem\u00e1ticos c\u00f3modos dentro de un veh\u00edculo privado con chofer \u2705\" \/>\n<meta property=\"og:url\" content=\"https:\/\/tourtravelandmore.com\/es\/tours\/alemania-es\/hamburgo-es\/tour-privado-por-la-ciudad-de-hamburgo\/\" \/>\n<meta property=\"og:site_name\" content=\"Tour Travel And More\" \/>\n<meta property=\"article:publisher\" content=\"https:\/\/www.facebook.com\/tourtravelandmore\/\" \/>\n<meta property=\"article:modified_time\" content=\"2022-03-21T11:32:07+00:00\" \/>\n<meta property=\"og:image\" content=\"https:\/\/tourtravelandmore.com\/wp-content\/uploads\/2019\/09\/hamburg.2.jpg\" \/>\n\t<meta property=\"og:image:width\" content=\"1024\" \/>\n\t<meta property=\"og:image:height\" content=\"679\" \/>\n\t<meta property=\"og:image:type\" content=\"image\/jpeg\" \/>\n<meta name=\"twitter:card\" content=\"summary_large_image\" \/>\n<meta name=\"twitter:site\" content=\"@TourTravel_More\" \/>\n<meta name=\"twitter:label1\" content=\"Tiempo de lectura\" \/>\n\t<meta name=\"twitter:data1\" content=\"3 minutos\" \/>\n<script type=\"application\/ld+json\" class=\"yoast-schema-graph\">{\"@context\":\"https:\/\/schema.org\",\"@graph\":[{\"@type\":\"WebPage\",\"@id\":\"https:\/\/tourtravelandmore.com\/es\/tours\/alemania-es\/hamburgo-es\/tour-privado-por-la-ciudad-de-hamburgo\/\",\"url\":\"https:\/\/tourtravelandmore.com\/es\/tours\/alemania-es\/hamburgo-es\/tour-privado-por-la-ciudad-de-hamburgo\/\",\"name\":\"Tour Privado por Hamburgo con chofer y gu\u00eda oficial local | TTM\",\"isPartOf\":{\"@id\":\"https:\/\/tourtravelandmore.com\/es\/#website\"},\"primaryImageOfPage\":{\"@id\":\"https:\/\/tourtravelandmore.com\/es\/tours\/alemania-es\/hamburgo-es\/tour-privado-por-la-ciudad-de-hamburgo\/#primaryimage\"},\"image\":{\"@id\":\"https:\/\/tourtravelandmore.com\/es\/tours\/alemania-es\/hamburgo-es\/tour-privado-por-la-ciudad-de-hamburgo\/#primaryimage\"},\"thumbnailUrl\":\"https:\/\/tourtravelandmore.com\/wp-content\/uploads\/2019\/09\/hamburg.2.jpg\",\"datePublished\":\"2019-09-15T20:30:55+00:00\",\"dateModified\":\"2022-03-21T11:32:07+00:00\",\"description\":\"\u2192 Tour privado por Hamburgo y sus monumentos con gu\u00eda oficial. Conozca los lugares m\u00e1s emblem\u00e1ticos c\u00f3modos dentro de un veh\u00edculo privado con chofer \u2705\",\"breadcrumb\":{\"@id\":\"https:\/\/tourtravelandmore.com\/es\/tours\/alemania-es\/hamburgo-es\/tour-privado-por-la-ciudad-de-hamburgo\/#breadcrumb\"},\"inLanguage\":\"es\",\"potentialAction\":[{\"@type\":\"ReadAction\",\"target\":[\"https:\/\/tourtravelandmore.com\/es\/tours\/alemania-es\/hamburgo-es\/tour-privado-por-la-ciudad-de-hamburgo\/\"]}]},{\"@type\":\"ImageObject\",\"inLanguage\":\"es\",\"@id\":\"https:\/\/tourtravelandmore.com\/es\/tours\/alemania-es\/hamburgo-es\/tour-privado-por-la-ciudad-de-hamburgo\/#primaryimage\",\"url\":\"https:\/\/tourtravelandmore.com\/wp-content\/uploads\/2019\/09\/hamburg.2.jpg\",\"contentUrl\":\"https:\/\/tourtravelandmore.com\/wp-content\/uploads\/2019\/09\/hamburg.2.jpg\",\"width\":1024,\"height\":679},{\"@type\":\"BreadcrumbList\",\"@id\":\"https:\/\/tourtravelandmore.com\/es\/tours\/alemania-es\/hamburgo-es\/tour-privado-por-la-ciudad-de-hamburgo\/#breadcrumb\",\"itemListElement\":[{\"@type\":\"ListItem\",\"position\":1,\"name\":\"Home\",\"item\":\"https:\/\/tourtravelandmore.com\/es\/\"},{\"@type\":\"ListItem\",\"position\":2,\"name\":\"Tours\",\"item\":\"https:\/\/tourtravelandmore.com\/es\/tours\/\"},{\"@type\":\"ListItem\",\"position\":3,\"name\":\"Tour Privado por Hamburgo\"}]},{\"@type\":\"WebSite\",\"@id\":\"https:\/\/tourtravelandmore.com\/es\/#website\",\"url\":\"https:\/\/tourtravelandmore.com\/es\/\",\"name\":\"Tour Travel And More\",\"description\":\"Private sightseeing tours and luxury transfers in Spain\",\"publisher\":{\"@id\":\"https:\/\/tourtravelandmore.com\/es\/#organization\"},\"potentialAction\":[{\"@type\":\"SearchAction\",\"target\":{\"@type\":\"EntryPoint\",\"urlTemplate\":\"https:\/\/tourtravelandmore.com\/es\/?s={search_term_string}\"},\"query-input\":{\"@type\":\"PropertyValueSpecification\",\"valueRequired\":true,\"valueName\":\"search_term_string\"}}],\"inLanguage\":\"es\"},{\"@type\":\"Organization\",\"@id\":\"https:\/\/tourtravelandmore.com\/es\/#organization\",\"name\":\"Tour Travel And More\",\"url\":\"https:\/\/tourtravelandmore.com\/es\/\",\"logo\":{\"@type\":\"ImageObject\",\"inLanguage\":\"es\",\"@id\":\"https:\/\/tourtravelandmore.com\/es\/#\/schema\/logo\/image\/\",\"url\":\"https:\/\/tourtravelandmore.com\/wp-content\/uploads\/2022\/12\/cropped-logo-cabecera-new.png\",\"contentUrl\":\"https:\/\/tourtravelandmore.com\/wp-content\/uploads\/2022\/12\/cropped-logo-cabecera-new.png\",\"width\":430,\"height\":61,\"caption\":\"Tour Travel And More\"},\"image\":{\"@id\":\"https:\/\/tourtravelandmore.com\/es\/#\/schema\/logo\/image\/\"},\"sameAs\":[\"https:\/\/www.facebook.com\/tourtravelandmore\/\",\"https:\/\/x.com\/TourTravel_More\"]}]}<\/script>\n<!-- \/ Yoast SEO Premium plugin. -->","yoast_head_json":{"title":"Tour Privado por Hamburgo con chofer y gu\u00eda oficial local | TTM","description":"\u2192 Tour privado por Hamburgo y sus monumentos con gu\u00eda oficial. Conozca los lugares m\u00e1s emblem\u00e1ticos c\u00f3modos dentro de un veh\u00edculo privado con chofer \u2705","robots":{"index":"index","follow":"follow","max-snippet":"max-snippet:-1","max-image-preview":"max-image-preview:large","max-video-preview":"max-video-preview:-1"},"canonical":"https:\/\/tourtravelandmore.com\/es\/tours\/alemania-es\/hamburgo-es\/tour-privado-por-la-ciudad-de-hamburgo\/","og_locale":"es_ES","og_type":"article","og_title":"Tour Privado por Hamburgo","og_description":"\u2192 Tour privado por Hamburgo y sus monumentos con gu\u00eda oficial. Conozca los lugares m\u00e1s emblem\u00e1ticos c\u00f3modos dentro de un veh\u00edculo privado con chofer \u2705","og_url":"https:\/\/tourtravelandmore.com\/es\/tours\/alemania-es\/hamburgo-es\/tour-privado-por-la-ciudad-de-hamburgo\/","og_site_name":"Tour Travel And More","article_publisher":"https:\/\/www.facebook.com\/tourtravelandmore\/","article_modified_time":"2022-03-21T11:32:07+00:00","og_image":[{"width":1024,"height":679,"url":"https:\/\/tourtravelandmore.com\/wp-content\/uploads\/2019\/09\/hamburg.2.jpg","type":"image\/jpeg"}],"twitter_card":"summary_large_image","twitter_site":"@TourTravel_More","twitter_misc":{"Tiempo de lectura":"3 minutos"},"schema":{"@context":"https:\/\/schema.org","@graph":[{"@type":"WebPage","@id":"https:\/\/tourtravelandmore.com\/es\/tours\/alemania-es\/hamburgo-es\/tour-privado-por-la-ciudad-de-hamburgo\/","url":"https:\/\/tourtravelandmore.com\/es\/tours\/alemania-es\/hamburgo-es\/tour-privado-por-la-ciudad-de-hamburgo\/","name":"Tour Privado por Hamburgo con chofer y gu\u00eda oficial local | TTM","isPartOf":{"@id":"https:\/\/tourtravelandmore.com\/es\/#website"},"primaryImageOfPage":{"@id":"https:\/\/tourtravelandmore.com\/es\/tours\/alemania-es\/hamburgo-es\/tour-privado-por-la-ciudad-de-hamburgo\/#primaryimage"},"image":{"@id":"https:\/\/tourtravelandmore.com\/es\/tours\/alemania-es\/hamburgo-es\/tour-privado-por-la-ciudad-de-hamburgo\/#primaryimage"},"thumbnailUrl":"https:\/\/tourtravelandmore.com\/wp-content\/uploads\/2019\/09\/hamburg.2.jpg","datePublished":"2019-09-15T20:30:55+00:00","dateModified":"2022-03-21T11:32:07+00:00","description":"\u2192 Tour privado por Hamburgo y sus monumentos con gu\u00eda oficial. Conozca los lugares m\u00e1s emblem\u00e1ticos c\u00f3modos dentro de un veh\u00edculo privado con chofer \u2705","breadcrumb":{"@id":"https:\/\/tourtravelandmore.com\/es\/tours\/alemania-es\/hamburgo-es\/tour-privado-por-la-ciudad-de-hamburgo\/#breadcrumb"},"inLanguage":"es","potentialAction":[{"@type":"ReadAction","target":["https:\/\/tourtravelandmore.com\/es\/tours\/alemania-es\/hamburgo-es\/tour-privado-por-la-ciudad-de-hamburgo\/"]}]},{"@type":"ImageObject","inLanguage":"es","@id":"https:\/\/tourtravelandmore.com\/es\/tours\/alemania-es\/hamburgo-es\/tour-privado-por-la-ciudad-de-hamburgo\/#primaryimage","url":"https:\/\/tourtravelandmore.com\/wp-content\/uploads\/2019\/09\/hamburg.2.jpg","contentUrl":"https:\/\/tourtravelandmore.com\/wp-content\/uploads\/2019\/09\/hamburg.2.jpg","width":1024,"height":679},{"@type":"BreadcrumbList","@id":"https:\/\/tourtravelandmore.com\/es\/tours\/alemania-es\/hamburgo-es\/tour-privado-por-la-ciudad-de-hamburgo\/#breadcrumb","itemListElement":[{"@type":"ListItem","position":1,"name":"Home","item":"https:\/\/tourtravelandmore.com\/es\/"},{"@type":"ListItem","position":2,"name":"Tours","item":"https:\/\/tourtravelandmore.com\/es\/tours\/"},{"@type":"ListItem","position":3,"name":"Tour Privado por Hamburgo"}]},{"@type":"WebSite","@id":"https:\/\/tourtravelandmore.com\/es\/#website","url":"https:\/\/tourtravelandmore.com\/es\/","name":"Tour Travel And More","description":"Private sightseeing tours and luxury transfers in Spain","publisher":{"@id":"https:\/\/tourtravelandmore.com\/es\/#organization"},"potentialAction":[{"@type":"SearchAction","target":{"@type":"EntryPoint","urlTemplate":"https:\/\/tourtravelandmore.com\/es\/?s={search_term_string}"},"query-input":{"@type":"PropertyValueSpecification","valueRequired":true,"valueName":"search_term_string"}}],"inLanguage":"es"},{"@type":"Organization","@id":"https:\/\/tourtravelandmore.com\/es\/#organization","name":"Tour Travel And More","url":"https:\/\/tourtravelandmore.com\/es\/","logo":{"@type":"ImageObject","inLanguage":"es","@id":"https:\/\/tourtravelandmore.com\/es\/#\/schema\/logo\/image\/","url":"https:\/\/tourtravelandmore.com\/wp-content\/uploads\/2022\/12\/cropped-logo-cabecera-new.png","contentUrl":"https:\/\/tourtravelandmore.com\/wp-content\/uploads\/2022\/12\/cropped-logo-cabecera-new.png","width":430,"height":61,"caption":"Tour Travel And More"},"image":{"@id":"https:\/\/tourtravelandmore.com\/es\/#\/schema\/logo\/image\/"},"sameAs":["https:\/\/www.facebook.com\/tourtravelandmore\/","https:\/\/x.com\/TourTravel_More"]}]}},"_links":{"self":[{"href":"https:\/\/tourtravelandmore.com\/es\/wp-json\/wp\/v2\/product\/66361","targetHints":{"allow":["GET"]}}],"collection":[{"href":"https:\/\/tourtravelandmore.com\/es\/wp-json\/wp\/v2\/product"}],"about":[{"href":"https:\/\/tourtravelandmore.com\/es\/wp-json\/wp\/v2\/types\/product"}],"replies":[{"embeddable":true,"href":"https:\/\/tourtravelandmore.com\/es\/wp-json\/wp\/v2\/comments?post=66361"}],"wp:featuredmedia":[{"embeddable":true,"href":"https:\/\/tourtravelandmore.com\/es\/wp-json\/wp\/v2\/media\/66311"}],"wp:attachment":[{"href":"https:\/\/tourtravelandmore.com\/es\/wp-json\/wp\/v2\/media?parent=66361"}],"wp:term":[{"taxonomy":"product_brand","embeddable":true,"href":"https:\/\/tourtravelandmore.com\/es\/wp-json\/wp\/v2\/product_brand?post=66361"},{"taxonomy":"product_cat","embeddable":true,"href":"https:\/\/tourtravelandmore.com\/es\/wp-json\/wp\/v2\/product_cat?post=66361"},{"taxonomy":"product_tag","embeddable":true,"href":"https:\/\/tourtravelandmore.com\/es\/wp-json\/wp\/v2\/product_tag?post=66361"}],"curies":[{"name":"wp","href":"https:\/\/api.w.org\/{rel}","templated":true}]}}