{"id":66211,"date":"2019-09-14T12:52:18","date_gmt":"2019-09-14T10:52:19","guid":{"rendered":"https:\/\/tourtravelandmore.com\/?post_type=product&#038;p=66211"},"modified":"2022-03-14T11:12:41","modified_gmt":"2022-03-14T10:12:41","slug":"tour-privado-por-el-pueblo-de-meissen-y-el-palacio-de-moritzburg","status":"publish","type":"product","link":"https:\/\/tourtravelandmore.com\/es\/tours\/alemania-es\/dresde-es\/tour-privado-por-el-pueblo-de-meissen-y-el-palacio-de-moritzburg\/","title":{"rendered":"Tour Privado por Meissen y el Palacio de Moritzburg"},"content":{"rendered":"<h2><strong>Descripci\u00f3n del Tour Privado por Meissen y el Palacio de Moritzburg<\/strong><\/h2>\n<p>Disfrute del casco antiguo de <strong>Meissen<\/strong>, su castillo, el <strong>Palacio de Moritzburg<\/strong> y sus maravillosos lugares de inter\u00e9s hist\u00f3rico durante este <strong>tour privado por Meissen y el Palacio de Moritzburg<\/strong>. Tendr\u00e1 a su total disposici\u00f3n un <strong>veh\u00edculo privado de lujo con conductor<\/strong> y un <strong>gu\u00eda tur\u00edstico oficial<\/strong>.<\/p>\n<p>Para que esta experiencia sea m\u00e1s f\u00e1cil y c\u00f3moda para usted, nos reuniremos con usted en su hotel o lugar de elecci\u00f3n en Dresde.<\/p>\n<p><strong>Meissen<\/strong> es una ciudad alemana ubicada en el estado federal de Sajonia, muy cerca de Dresde. Esta ciudad es muy famosa por la producci\u00f3n y exportaci\u00f3n de porcelana.<\/p>\n<p>Por otro lado, el <strong>Palacio de Moritzburg<\/strong> es un palacio barroco alem\u00e1n en la peque\u00f1a ciudad de <strong>Moritzburg<\/strong>. El castillo tiene cuatro torres redondas y se encuentra en una isla artificial sim\u00e9trica.<\/p>\n<p>Su gu\u00eda tur\u00edstico oficial estar\u00e1 atento para explorar los lugares m\u00e1s emblem\u00e1ticos e impresionantes de la ciudad, donde podr\u00e1s tomar las mejores fotos cuando y donde quieras a lo largo de tu recorrido.<\/p>\n<p>Si est\u00e1 buscando una experiencia de d\u00eda completo, eche un vistazo a <a href=\"https:\/\/tourtravelandmore.com\/es\/tours\/alemania-es\/dresde-es\/tour-privado-al-parque-nacional-de-suiza-sajona\/\">nuestro tour privado por el Parque Nacional de Suiza Sajona desde la ciudad de Dresde<\/a>.<\/p>\n<h2><strong>Puntos de inter\u00e9s del Tour Privado por Meissen y el Palacio de Moritzburg<\/strong><\/h2>\n<p>El primer contacto con <strong>Tour Travel &amp; More<\/strong> ser\u00e1 en el vest\u00edbulo de su hotel o lugar de elecci\u00f3n en Dresde. Su conductor privado y gu\u00eda tur\u00edstico oficial lo recoger\u00e1n a la hora que desee.<\/p>\n<p>En <strong>Meissen<\/strong>, veremos el impresionante estilo medieval de la antigua capital de Sajonia con su colina del castillo. Su gu\u00eda lo guiar\u00e1 por todos los rincones del castillo de <strong>Albrechtsburg<\/strong>, para luego visitar el <strong>fabrica de porcelana<\/strong>, las antiguas calles de Meissen y el <strong>Ayuntamiento<\/strong>.<\/p>\n<p>Despu\u00e9s de eso, podemos tomar un descanso y parar para almorzar en uno de sus muchos restaurantes famosos. Luego continuamos hasta el <a href=\"https:\/\/www.schloss-moritzburg.de\/de\/startseite\/\">castillo de Moritzberg<\/a>, donde podr\u00e1s conocer la sala de caza llena de s\u00e1banas de cuero de lujo y cuernos y conocer el hermoso dise\u00f1o interior de su castillo.<\/p>\n<p>Durante su tour privado por Meissen y el Palacio de Moritzburg, descubrir\u00e1 algunos de los sitios m\u00e1s emblem\u00e1ticos tales como:<\/p>\n<ul>\n<li><strong>Castillo de Albrechtsburg<\/strong><\/li>\n<li><strong>Catedral g\u00f3tica<\/strong><\/li>\n<li><strong>Manufactura de porcelana y su museo<\/strong><\/li>\n<li><strong>Ayuntamiento de Meissen<\/strong><\/li>\n<li><strong>Palacio de Moritzburg<\/strong><\/li>\n<li>Y muchos m\u00e1s sitios en este tour privado.<\/li>\n<\/ul>\n<p>Como dijimos antes, podemos organizar la duraci\u00f3n del recorrido y los sitios para que se adapten a sus deseos personales. Podemos ofrecer horas extra en su experiencia. H\u00e1ganos saber de cu\u00e1nto tiempo le gustar\u00eda el tour privado.<\/p>\n<p><strong>Finalmente, su conductor privado y su gu\u00eda tur\u00edstico oficial lo llevar\u00e1n de regreso a su hotel en Dresde.<\/strong><\/p>\n","protected":false},"excerpt":{"rendered":"<p>Prep\u00e1rese para disfrutar de un <strong>tour privado de un d\u00eda completo a Meissen y al castillo de Moritzburg desde la ciudad de Dresde<\/strong>. Tendr\u00e1 un gu\u00eda tur\u00edstico oficial privado y un conductor disponibles solo para usted durante todo el recorrido. La recogida ser\u00e1 en su hotel o lugar de elecci\u00f3n en Dresde en un veh\u00edculo privado de lujo para una experiencia m\u00e1s c\u00f3moda.<\/p>\n","protected":false},"featured_media":66227,"comment_status":"open","ping_status":"closed","template":"","meta":{"_acf_changed":false},"product_brand":[],"product_cat":[1317,1318,1319],"product_tag":[],"class_list":{"0":"post-66211","1":"product","2":"type-product","3":"status-publish","4":"has-post-thumbnail","6":"product_cat-dresde-es","7":"product_cat-dresden-rutas-turisticas-privadas-es","8":"product_cat-dresde-rutas-turisticas-privadas-es","10":"first","11":"instock","12":"shipping-taxable","13":"purchasable","14":"product-type-simple"},"acf":[],"yoast_head":"<!-- This site is optimized with the Yoast SEO Premium plugin v25.3.1 (Yoast SEO v25.3.1) - https:\/\/yoast.com\/wordpress\/plugins\/seo\/ -->\n<title>Tour Privado por Meissen y el Palacio de Moritzburg desde Dresde | TTM<\/title>\n<meta name=\"description\" content=\"Tour privado por Meissen y el Palacio de Moritzburg con gu\u00eda oficial. Conozca los lugares m\u00e1s emblem\u00e1ticos c\u00f3modos dentro de un veh\u00edculo privado con chofer \u2705\" \/>\n<meta name=\"robots\" content=\"index, follow, max-snippet:-1, max-image-preview:large, max-video-preview:-1\" \/>\n<link rel=\"canonical\" href=\"https:\/\/tourtravelandmore.com\/es\/tours\/alemania-es\/dresde-es\/tour-privado-por-el-pueblo-de-meissen-y-el-palacio-de-moritzburg\/\" \/>\n<meta property=\"og:locale\" content=\"es_ES\" \/>\n<meta property=\"og:type\" content=\"article\" \/>\n<meta property=\"og:title\" content=\"Tour Privado por Meissen y el Palacio de Moritzburg\" \/>\n<meta property=\"og:description\" content=\"Tour privado por Meissen y el Palacio de Moritzburg con gu\u00eda oficial. Conozca los lugares m\u00e1s emblem\u00e1ticos c\u00f3modos dentro de un veh\u00edculo privado con chofer \u2705\" \/>\n<meta property=\"og:url\" content=\"https:\/\/tourtravelandmore.com\/es\/tours\/alemania-es\/dresde-es\/tour-privado-por-el-pueblo-de-meissen-y-el-palacio-de-moritzburg\/\" \/>\n<meta property=\"og:site_name\" content=\"Tour Travel And More\" \/>\n<meta property=\"article:publisher\" content=\"https:\/\/www.facebook.com\/tourtravelandmore\/\" \/>\n<meta property=\"article:modified_time\" content=\"2022-03-14T10:12:41+00:00\" \/>\n<meta property=\"og:image\" content=\"https:\/\/tourtravelandmore.com\/wp-content\/uploads\/2019\/09\/meissen.1.jpg\" \/>\n\t<meta property=\"og:image:width\" content=\"960\" \/>\n\t<meta property=\"og:image:height\" content=\"639\" \/>\n\t<meta property=\"og:image:type\" content=\"image\/jpeg\" \/>\n<meta name=\"twitter:card\" content=\"summary_large_image\" \/>\n<meta name=\"twitter:site\" content=\"@TourTravel_More\" \/>\n<meta name=\"twitter:label1\" content=\"Tiempo de lectura\" \/>\n\t<meta name=\"twitter:data1\" content=\"2 minutos\" \/>\n<script type=\"application\/ld+json\" class=\"yoast-schema-graph\">{\"@context\":\"https:\/\/schema.org\",\"@graph\":[{\"@type\":\"WebPage\",\"@id\":\"https:\/\/tourtravelandmore.com\/es\/tours\/alemania-es\/dresde-es\/tour-privado-por-el-pueblo-de-meissen-y-el-palacio-de-moritzburg\/\",\"url\":\"https:\/\/tourtravelandmore.com\/es\/tours\/alemania-es\/dresde-es\/tour-privado-por-el-pueblo-de-meissen-y-el-palacio-de-moritzburg\/\",\"name\":\"Tour Privado por Meissen y el Palacio de Moritzburg desde Dresde | TTM\",\"isPartOf\":{\"@id\":\"https:\/\/tourtravelandmore.com\/es\/#website\"},\"primaryImageOfPage\":{\"@id\":\"https:\/\/tourtravelandmore.com\/es\/tours\/alemania-es\/dresde-es\/tour-privado-por-el-pueblo-de-meissen-y-el-palacio-de-moritzburg\/#primaryimage\"},\"image\":{\"@id\":\"https:\/\/tourtravelandmore.com\/es\/tours\/alemania-es\/dresde-es\/tour-privado-por-el-pueblo-de-meissen-y-el-palacio-de-moritzburg\/#primaryimage\"},\"thumbnailUrl\":\"https:\/\/tourtravelandmore.com\/wp-content\/uploads\/2019\/09\/meissen.1.jpg\",\"datePublished\":\"2019-09-14T10:52:19+00:00\",\"dateModified\":\"2022-03-14T10:12:41+00:00\",\"description\":\"Tour privado por Meissen y el Palacio de Moritzburg con gu\u00eda oficial. Conozca los lugares m\u00e1s emblem\u00e1ticos c\u00f3modos dentro de un veh\u00edculo privado con chofer \u2705\",\"breadcrumb\":{\"@id\":\"https:\/\/tourtravelandmore.com\/es\/tours\/alemania-es\/dresde-es\/tour-privado-por-el-pueblo-de-meissen-y-el-palacio-de-moritzburg\/#breadcrumb\"},\"inLanguage\":\"es\",\"potentialAction\":[{\"@type\":\"ReadAction\",\"target\":[\"https:\/\/tourtravelandmore.com\/es\/tours\/alemania-es\/dresde-es\/tour-privado-por-el-pueblo-de-meissen-y-el-palacio-de-moritzburg\/\"]}]},{\"@type\":\"ImageObject\",\"inLanguage\":\"es\",\"@id\":\"https:\/\/tourtravelandmore.com\/es\/tours\/alemania-es\/dresde-es\/tour-privado-por-el-pueblo-de-meissen-y-el-palacio-de-moritzburg\/#primaryimage\",\"url\":\"https:\/\/tourtravelandmore.com\/wp-content\/uploads\/2019\/09\/meissen.1.jpg\",\"contentUrl\":\"https:\/\/tourtravelandmore.com\/wp-content\/uploads\/2019\/09\/meissen.1.jpg\",\"width\":960,\"height\":639},{\"@type\":\"BreadcrumbList\",\"@id\":\"https:\/\/tourtravelandmore.com\/es\/tours\/alemania-es\/dresde-es\/tour-privado-por-el-pueblo-de-meissen-y-el-palacio-de-moritzburg\/#breadcrumb\",\"itemListElement\":[{\"@type\":\"ListItem\",\"position\":1,\"name\":\"Home\",\"item\":\"https:\/\/tourtravelandmore.com\/es\/\"},{\"@type\":\"ListItem\",\"position\":2,\"name\":\"Tours\",\"item\":\"https:\/\/tourtravelandmore.com\/es\/tours\/\"},{\"@type\":\"ListItem\",\"position\":3,\"name\":\"Tour Privado por Meissen y el Palacio de Moritzburg\"}]},{\"@type\":\"WebSite\",\"@id\":\"https:\/\/tourtravelandmore.com\/es\/#website\",\"url\":\"https:\/\/tourtravelandmore.com\/es\/\",\"name\":\"Tour Travel And More\",\"description\":\"Private sightseeing tours and luxury transfers in Spain\",\"publisher\":{\"@id\":\"https:\/\/tourtravelandmore.com\/es\/#organization\"},\"potentialAction\":[{\"@type\":\"SearchAction\",\"target\":{\"@type\":\"EntryPoint\",\"urlTemplate\":\"https:\/\/tourtravelandmore.com\/es\/?s={search_term_string}\"},\"query-input\":{\"@type\":\"PropertyValueSpecification\",\"valueRequired\":true,\"valueName\":\"search_term_string\"}}],\"inLanguage\":\"es\"},{\"@type\":\"Organization\",\"@id\":\"https:\/\/tourtravelandmore.com\/es\/#organization\",\"name\":\"Tour Travel And More\",\"url\":\"https:\/\/tourtravelandmore.com\/es\/\",\"logo\":{\"@type\":\"ImageObject\",\"inLanguage\":\"es\",\"@id\":\"https:\/\/tourtravelandmore.com\/es\/#\/schema\/logo\/image\/\",\"url\":\"https:\/\/tourtravelandmore.com\/wp-content\/uploads\/2022\/12\/cropped-logo-cabecera-new.png\",\"contentUrl\":\"https:\/\/tourtravelandmore.com\/wp-content\/uploads\/2022\/12\/cropped-logo-cabecera-new.png\",\"width\":430,\"height\":61,\"caption\":\"Tour Travel And More\"},\"image\":{\"@id\":\"https:\/\/tourtravelandmore.com\/es\/#\/schema\/logo\/image\/\"},\"sameAs\":[\"https:\/\/www.facebook.com\/tourtravelandmore\/\",\"https:\/\/x.com\/TourTravel_More\"]}]}<\/script>\n<!-- \/ Yoast SEO Premium plugin. -->","yoast_head_json":{"title":"Tour Privado por Meissen y el Palacio de Moritzburg desde Dresde | TTM","description":"Tour privado por Meissen y el Palacio de Moritzburg con gu\u00eda oficial. Conozca los lugares m\u00e1s emblem\u00e1ticos c\u00f3modos dentro de un veh\u00edculo privado con chofer \u2705","robots":{"index":"index","follow":"follow","max-snippet":"max-snippet:-1","max-image-preview":"max-image-preview:large","max-video-preview":"max-video-preview:-1"},"canonical":"https:\/\/tourtravelandmore.com\/es\/tours\/alemania-es\/dresde-es\/tour-privado-por-el-pueblo-de-meissen-y-el-palacio-de-moritzburg\/","og_locale":"es_ES","og_type":"article","og_title":"Tour Privado por Meissen y el Palacio de Moritzburg","og_description":"Tour privado por Meissen y el Palacio de Moritzburg con gu\u00eda oficial. Conozca los lugares m\u00e1s emblem\u00e1ticos c\u00f3modos dentro de un veh\u00edculo privado con chofer \u2705","og_url":"https:\/\/tourtravelandmore.com\/es\/tours\/alemania-es\/dresde-es\/tour-privado-por-el-pueblo-de-meissen-y-el-palacio-de-moritzburg\/","og_site_name":"Tour Travel And More","article_publisher":"https:\/\/www.facebook.com\/tourtravelandmore\/","article_modified_time":"2022-03-14T10:12:41+00:00","og_image":[{"width":960,"height":639,"url":"https:\/\/tourtravelandmore.com\/wp-content\/uploads\/2019\/09\/meissen.1.jpg","type":"image\/jpeg"}],"twitter_card":"summary_large_image","twitter_site":"@TourTravel_More","twitter_misc":{"Tiempo de lectura":"2 minutos"},"schema":{"@context":"https:\/\/schema.org","@graph":[{"@type":"WebPage","@id":"https:\/\/tourtravelandmore.com\/es\/tours\/alemania-es\/dresde-es\/tour-privado-por-el-pueblo-de-meissen-y-el-palacio-de-moritzburg\/","url":"https:\/\/tourtravelandmore.com\/es\/tours\/alemania-es\/dresde-es\/tour-privado-por-el-pueblo-de-meissen-y-el-palacio-de-moritzburg\/","name":"Tour Privado por Meissen y el Palacio de Moritzburg desde Dresde | TTM","isPartOf":{"@id":"https:\/\/tourtravelandmore.com\/es\/#website"},"primaryImageOfPage":{"@id":"https:\/\/tourtravelandmore.com\/es\/tours\/alemania-es\/dresde-es\/tour-privado-por-el-pueblo-de-meissen-y-el-palacio-de-moritzburg\/#primaryimage"},"image":{"@id":"https:\/\/tourtravelandmore.com\/es\/tours\/alemania-es\/dresde-es\/tour-privado-por-el-pueblo-de-meissen-y-el-palacio-de-moritzburg\/#primaryimage"},"thumbnailUrl":"https:\/\/tourtravelandmore.com\/wp-content\/uploads\/2019\/09\/meissen.1.jpg","datePublished":"2019-09-14T10:52:19+00:00","dateModified":"2022-03-14T10:12:41+00:00","description":"Tour privado por Meissen y el Palacio de Moritzburg con gu\u00eda oficial. Conozca los lugares m\u00e1s emblem\u00e1ticos c\u00f3modos dentro de un veh\u00edculo privado con chofer \u2705","breadcrumb":{"@id":"https:\/\/tourtravelandmore.com\/es\/tours\/alemania-es\/dresde-es\/tour-privado-por-el-pueblo-de-meissen-y-el-palacio-de-moritzburg\/#breadcrumb"},"inLanguage":"es","potentialAction":[{"@type":"ReadAction","target":["https:\/\/tourtravelandmore.com\/es\/tours\/alemania-es\/dresde-es\/tour-privado-por-el-pueblo-de-meissen-y-el-palacio-de-moritzburg\/"]}]},{"@type":"ImageObject","inLanguage":"es","@id":"https:\/\/tourtravelandmore.com\/es\/tours\/alemania-es\/dresde-es\/tour-privado-por-el-pueblo-de-meissen-y-el-palacio-de-moritzburg\/#primaryimage","url":"https:\/\/tourtravelandmore.com\/wp-content\/uploads\/2019\/09\/meissen.1.jpg","contentUrl":"https:\/\/tourtravelandmore.com\/wp-content\/uploads\/2019\/09\/meissen.1.jpg","width":960,"height":639},{"@type":"BreadcrumbList","@id":"https:\/\/tourtravelandmore.com\/es\/tours\/alemania-es\/dresde-es\/tour-privado-por-el-pueblo-de-meissen-y-el-palacio-de-moritzburg\/#breadcrumb","itemListElement":[{"@type":"ListItem","position":1,"name":"Home","item":"https:\/\/tourtravelandmore.com\/es\/"},{"@type":"ListItem","position":2,"name":"Tours","item":"https:\/\/tourtravelandmore.com\/es\/tours\/"},{"@type":"ListItem","position":3,"name":"Tour Privado por Meissen y el Palacio de Moritzburg"}]},{"@type":"WebSite","@id":"https:\/\/tourtravelandmore.com\/es\/#website","url":"https:\/\/tourtravelandmore.com\/es\/","name":"Tour Travel And More","description":"Private sightseeing tours and luxury transfers in Spain","publisher":{"@id":"https:\/\/tourtravelandmore.com\/es\/#organization"},"potentialAction":[{"@type":"SearchAction","target":{"@type":"EntryPoint","urlTemplate":"https:\/\/tourtravelandmore.com\/es\/?s={search_term_string}"},"query-input":{"@type":"PropertyValueSpecification","valueRequired":true,"valueName":"search_term_string"}}],"inLanguage":"es"},{"@type":"Organization","@id":"https:\/\/tourtravelandmore.com\/es\/#organization","name":"Tour Travel And More","url":"https:\/\/tourtravelandmore.com\/es\/","logo":{"@type":"ImageObject","inLanguage":"es","@id":"https:\/\/tourtravelandmore.com\/es\/#\/schema\/logo\/image\/","url":"https:\/\/tourtravelandmore.com\/wp-content\/uploads\/2022\/12\/cropped-logo-cabecera-new.png","contentUrl":"https:\/\/tourtravelandmore.com\/wp-content\/uploads\/2022\/12\/cropped-logo-cabecera-new.png","width":430,"height":61,"caption":"Tour Travel And More"},"image":{"@id":"https:\/\/tourtravelandmore.com\/es\/#\/schema\/logo\/image\/"},"sameAs":["https:\/\/www.facebook.com\/tourtravelandmore\/","https:\/\/x.com\/TourTravel_More"]}]}},"_links":{"self":[{"href":"https:\/\/tourtravelandmore.com\/es\/wp-json\/wp\/v2\/product\/66211","targetHints":{"allow":["GET"]}}],"collection":[{"href":"https:\/\/tourtravelandmore.com\/es\/wp-json\/wp\/v2\/product"}],"about":[{"href":"https:\/\/tourtravelandmore.com\/es\/wp-json\/wp\/v2\/types\/product"}],"replies":[{"embeddable":true,"href":"https:\/\/tourtravelandmore.com\/es\/wp-json\/wp\/v2\/comments?post=66211"}],"wp:featuredmedia":[{"embeddable":true,"href":"https:\/\/tourtravelandmore.com\/es\/wp-json\/wp\/v2\/media\/66227"}],"wp:attachment":[{"href":"https:\/\/tourtravelandmore.com\/es\/wp-json\/wp\/v2\/media?parent=66211"}],"wp:term":[{"taxonomy":"product_brand","embeddable":true,"href":"https:\/\/tourtravelandmore.com\/es\/wp-json\/wp\/v2\/product_brand?post=66211"},{"taxonomy":"product_cat","embeddable":true,"href":"https:\/\/tourtravelandmore.com\/es\/wp-json\/wp\/v2\/product_cat?post=66211"},{"taxonomy":"product_tag","embeddable":true,"href":"https:\/\/tourtravelandmore.com\/es\/wp-json\/wp\/v2\/product_tag?post=66211"}],"curies":[{"name":"wp","href":"https:\/\/api.w.org\/{rel}","templated":true}]}}