{"id":66153,"date":"2019-09-13T12:40:48","date_gmt":"2019-09-13T10:40:48","guid":{"rendered":"https:\/\/tourtravelandmore.com\/?post_type=product&#038;p=66153"},"modified":"2022-03-14T11:13:24","modified_gmt":"2022-03-14T10:13:24","slug":"tour-privado-por-el-pueblo-de-pillnitz-desde-dresde","status":"publish","type":"product","link":"https:\/\/tourtravelandmore.com\/es\/tours\/alemania-es\/dresde-es\/tour-privado-por-el-pueblo-de-pillnitz-desde-dresde\/","title":{"rendered":"Tour Privado a Pillnitz desde Dresde"},"content":{"rendered":"<h2><strong>Descripci\u00f3n del Tour Privado a Pillnitz desde Dresde<\/strong><\/h2>\n<p>Disfrute del pueblo de <strong>Pillnitz<\/strong>, su parque y maravillosos lugares de inter\u00e9s hist\u00f3rico durante este <strong>tour privado a Pillnitz desde Dresde<\/strong>. Lo acompa\u00f1ar\u00e1 un <strong>gu\u00eda tur\u00edstico oficial<\/strong> y un c<strong>onductor privado en un veh\u00edculo de lujo<\/strong>.<\/p>\n<p><strong>Pillnitz<\/strong> es un pueblo ubicado en la ciudad de Dresde. Pillnitz es muy famoso por su palacio y parque barrocos, el castillo de Pillnitz.<\/p>\n<p>Su gu\u00eda tur\u00edstico oficial privado estar\u00e1 atento para explorar los lugares m\u00e1s emblem\u00e1ticos e impresionantes de la ciudad, donde podr\u00e1 tomar las mejores fotos cuando y donde quiera a lo largo de su recorrido. La duraci\u00f3n exacta del recorrido es completamente flexible. Est\u00e1 previsto que el horario y la duraci\u00f3n del recorrido sean de 8 horas debido a \u00a0los monumentos y lugares de inter\u00e9s de la ciudad de Pillnitz.<\/p>\n<p>La recogida ser\u00e1 en su hotel o lugar de elecci\u00f3n en Dresde a la hora deseada por usted. Como se trata de un tour privado, podr\u00e1 personalizar su experiencia.<\/p>\n<p>Tenemos m\u00faltiples opciones de tours de d\u00eda completo desde Dresde, eche un vistazo a nuestro tour privado a Saxon y Pillnitz.<\/p>\n<h2><strong>Puntos de inter\u00e9s del Tour Privado a Pillnitz desde Dresde<\/strong><\/h2>\n<p>En primer lugar, su conductor y gu\u00eda privado lo recoger\u00e1n en su lugar deseado en Dresde.<\/p>\n<p>Visitaremos el <strong>castillo barroco de Pillnitz<\/strong>, construido en el siglo XVIII, que consta de tres edificios: el Palacio de Riverside, el Palacio Superior y el Castillo Nuevo neocl\u00e1sico. Deleitar\u00e1 sus ojos con los hermosos jardines de su parque y la galer\u00eda de arte dentro de su Museo.<\/p>\n<p>Su gu\u00eda privado lo guiar\u00e1 por cada rinc\u00f3n del Castillo, sus museos y la Capilla. En el parque, su gu\u00eda lo guiar\u00e1 a trav\u00e9s de The Camellia y su casa de cristal, el pabell\u00f3n ingl\u00e9s y chino y la g\u00f3ndola real.<\/p>\n<p>Durante este tour privado a Pillnitz, descubrir\u00e1 algunos de los sitios m\u00e1s emblem\u00e1ticos como:<\/p>\n<ul>\n<li><strong>Palacio de Pillnitz<\/strong><\/li>\n<li><strong>Schlossmuseum, museo del castillo de Pillnitz<\/strong><\/li>\n<li><strong>Kunstgewerbemuseum, museo de arte<\/strong><\/li>\n<li><strong>Valle del Elba y r\u00edo Elba<\/strong><\/li>\n<li><a href=\"https:\/\/www.festung-koenigstein.de\/de\/\">Fortaleza K\u00f6nigstein<\/a><\/li>\n<li><strong>Capilla Cat\u00f3lica<\/strong><\/li>\n<li>Y muchos m\u00e1s lugares<\/li>\n<\/ul>\n<p>Tambi\u00e9n har\u00e1s una parada durante este tour privado para almorzar y pasear por la ciudad.<\/p>\n<p><strong>Finalmente, su conductor privado y su gu\u00eda tur\u00edstico oficial lo llevar\u00e1n de regreso a su hotel o lugar de elecci\u00f3n en Dresde.<\/strong><\/p>\n","protected":false},"excerpt":{"rendered":"<p>Si ya ha visto todo en <strong>Dresde<\/strong>, aproveche esta oportunidad para visitar la <strong>ciudad de Pillnitz<\/strong> c\u00f3modamente en un veh\u00edculo privado de lujo con un conductor independiente. La recogida ser\u00e1 en su hotel o lugar de elecci\u00f3n en Dresde. Tambi\u00e9n estar\u00e1s acompa\u00f1ado por un gu\u00eda tur\u00edstico profesional que te mostrar\u00e1 todos los monumentos y lugares m\u00e1s importantes.<\/p>\n","protected":false},"featured_media":66167,"comment_status":"open","ping_status":"closed","template":"","meta":{"_acf_changed":false},"product_brand":[],"product_cat":[1317,1318,1319],"product_tag":[],"class_list":{"0":"post-66153","1":"product","2":"type-product","3":"status-publish","4":"has-post-thumbnail","6":"product_cat-dresde-es","7":"product_cat-dresden-rutas-turisticas-privadas-es","8":"product_cat-dresde-rutas-turisticas-privadas-es","10":"first","11":"instock","12":"shipping-taxable","13":"purchasable","14":"product-type-simple"},"acf":[],"yoast_head":"<!-- This site is optimized with the Yoast SEO Premium plugin v25.3.1 (Yoast SEO v25.3.1) - https:\/\/yoast.com\/wordpress\/plugins\/seo\/ -->\n<title>Tour Privado a Pillnitz desde Dresde con chofer y gu\u00eda oficial privado | TTM<\/title>\n<meta name=\"description\" content=\"Disfrute de este Tour Privado a Pillnitz desde Dresde en un veh\u00edculo privado de lujo. Aproveche esta oportunidad para conocer los lugares mas importantes \u2705\" \/>\n<meta name=\"robots\" content=\"index, follow, max-snippet:-1, max-image-preview:large, max-video-preview:-1\" \/>\n<link rel=\"canonical\" href=\"https:\/\/tourtravelandmore.com\/es\/tours\/alemania-es\/dresde-es\/tour-privado-por-el-pueblo-de-pillnitz-desde-dresde\/\" \/>\n<meta property=\"og:locale\" content=\"es_ES\" \/>\n<meta property=\"og:type\" content=\"article\" \/>\n<meta property=\"og:title\" content=\"Tour Privado a Pillnitz desde Dresde\" \/>\n<meta property=\"og:description\" content=\"Disfrute de este Tour Privado a Pillnitz desde Dresde en un veh\u00edculo privado de lujo. Aproveche esta oportunidad para conocer los lugares mas importantes \u2705\" \/>\n<meta property=\"og:url\" content=\"https:\/\/tourtravelandmore.com\/es\/tours\/alemania-es\/dresde-es\/tour-privado-por-el-pueblo-de-pillnitz-desde-dresde\/\" \/>\n<meta property=\"og:site_name\" content=\"Tour Travel And More\" \/>\n<meta property=\"article:publisher\" content=\"https:\/\/www.facebook.com\/tourtravelandmore\/\" \/>\n<meta property=\"article:modified_time\" content=\"2022-03-14T10:13:24+00:00\" \/>\n<meta property=\"og:image\" content=\"https:\/\/tourtravelandmore.com\/wp-content\/uploads\/2019\/09\/pillnitz.1-1024x680.jpg\" \/>\n\t<meta property=\"og:image:width\" content=\"1024\" \/>\n\t<meta property=\"og:image:height\" content=\"680\" \/>\n\t<meta property=\"og:image:type\" content=\"image\/jpeg\" \/>\n<meta name=\"twitter:card\" content=\"summary_large_image\" \/>\n<meta name=\"twitter:site\" content=\"@TourTravel_More\" \/>\n<meta name=\"twitter:label1\" content=\"Tiempo de lectura\" \/>\n\t<meta name=\"twitter:data1\" content=\"2 minutos\" \/>\n<script type=\"application\/ld+json\" class=\"yoast-schema-graph\">{\"@context\":\"https:\/\/schema.org\",\"@graph\":[{\"@type\":\"WebPage\",\"@id\":\"https:\/\/tourtravelandmore.com\/es\/tours\/alemania-es\/dresde-es\/tour-privado-por-el-pueblo-de-pillnitz-desde-dresde\/\",\"url\":\"https:\/\/tourtravelandmore.com\/es\/tours\/alemania-es\/dresde-es\/tour-privado-por-el-pueblo-de-pillnitz-desde-dresde\/\",\"name\":\"Tour Privado a Pillnitz desde Dresde con chofer y gu\u00eda oficial privado | TTM\",\"isPartOf\":{\"@id\":\"https:\/\/tourtravelandmore.com\/es\/#website\"},\"primaryImageOfPage\":{\"@id\":\"https:\/\/tourtravelandmore.com\/es\/tours\/alemania-es\/dresde-es\/tour-privado-por-el-pueblo-de-pillnitz-desde-dresde\/#primaryimage\"},\"image\":{\"@id\":\"https:\/\/tourtravelandmore.com\/es\/tours\/alemania-es\/dresde-es\/tour-privado-por-el-pueblo-de-pillnitz-desde-dresde\/#primaryimage\"},\"thumbnailUrl\":\"https:\/\/tourtravelandmore.com\/wp-content\/uploads\/2019\/09\/pillnitz.1.jpg\",\"datePublished\":\"2019-09-13T10:40:48+00:00\",\"dateModified\":\"2022-03-14T10:13:24+00:00\",\"description\":\"Disfrute de este Tour Privado a Pillnitz desde Dresde en un veh\u00edculo privado de lujo. Aproveche esta oportunidad para conocer los lugares mas importantes \u2705\",\"breadcrumb\":{\"@id\":\"https:\/\/tourtravelandmore.com\/es\/tours\/alemania-es\/dresde-es\/tour-privado-por-el-pueblo-de-pillnitz-desde-dresde\/#breadcrumb\"},\"inLanguage\":\"es\",\"potentialAction\":[{\"@type\":\"ReadAction\",\"target\":[\"https:\/\/tourtravelandmore.com\/es\/tours\/alemania-es\/dresde-es\/tour-privado-por-el-pueblo-de-pillnitz-desde-dresde\/\"]}]},{\"@type\":\"ImageObject\",\"inLanguage\":\"es\",\"@id\":\"https:\/\/tourtravelandmore.com\/es\/tours\/alemania-es\/dresde-es\/tour-privado-por-el-pueblo-de-pillnitz-desde-dresde\/#primaryimage\",\"url\":\"https:\/\/tourtravelandmore.com\/wp-content\/uploads\/2019\/09\/pillnitz.1.jpg\",\"contentUrl\":\"https:\/\/tourtravelandmore.com\/wp-content\/uploads\/2019\/09\/pillnitz.1.jpg\",\"width\":4288,\"height\":2848,\"caption\":\"Dort wo heute das neue Palais steht, stand bis etwa 1395 eine verteidigungsf\u00e4hige Wohnburg, ein Rittergut. Nachdem die Anlage vielfach verkauft wurde und st\u00e4ndig den Besitzer wechselte kam das ganze Areal 1706 in die H\u00e4nde von Friedrich August I (August der Starke). Der schenkte das Schloss seiner M\u00e4tresse Gr\u00e4fin von Cosel. Im Jahre 1718 holder er es sich aber wieder zur\u00fcck und lie\u00df es 1720 im Barockstil nach Pl\u00e4nen von M.D.P\u00f6ppelmann umbauen. Die chinesisch anmutenden D\u00e4cher und T\u00fcrmchen sind ein Modegeschmack des 18. Jhd. Where the new palace is today, was until 1395 a defensible living castle, a manor. After the system has been widely sold and constantly changed hands the whole area came in 1706 into the hands of Friedrich August I (August the Strong). He gave the castle to his mistress Countess of Cosel. In 1718 but he holder it back and had it in 1720 in Baroque style, designed by MDP\u00f6ppelmann rebuild. The Chinese-style roofs and turrets are a fashion tastes of the 18th Century\"},{\"@type\":\"BreadcrumbList\",\"@id\":\"https:\/\/tourtravelandmore.com\/es\/tours\/alemania-es\/dresde-es\/tour-privado-por-el-pueblo-de-pillnitz-desde-dresde\/#breadcrumb\",\"itemListElement\":[{\"@type\":\"ListItem\",\"position\":1,\"name\":\"Home\",\"item\":\"https:\/\/tourtravelandmore.com\/es\/\"},{\"@type\":\"ListItem\",\"position\":2,\"name\":\"Tours\",\"item\":\"https:\/\/tourtravelandmore.com\/es\/tours\/\"},{\"@type\":\"ListItem\",\"position\":3,\"name\":\"Tour Privado a Pillnitz desde Dresde\"}]},{\"@type\":\"WebSite\",\"@id\":\"https:\/\/tourtravelandmore.com\/es\/#website\",\"url\":\"https:\/\/tourtravelandmore.com\/es\/\",\"name\":\"Tour Travel And More\",\"description\":\"Private sightseeing tours and luxury transfers in Spain\",\"publisher\":{\"@id\":\"https:\/\/tourtravelandmore.com\/es\/#organization\"},\"potentialAction\":[{\"@type\":\"SearchAction\",\"target\":{\"@type\":\"EntryPoint\",\"urlTemplate\":\"https:\/\/tourtravelandmore.com\/es\/?s={search_term_string}\"},\"query-input\":{\"@type\":\"PropertyValueSpecification\",\"valueRequired\":true,\"valueName\":\"search_term_string\"}}],\"inLanguage\":\"es\"},{\"@type\":\"Organization\",\"@id\":\"https:\/\/tourtravelandmore.com\/es\/#organization\",\"name\":\"Tour Travel And More\",\"url\":\"https:\/\/tourtravelandmore.com\/es\/\",\"logo\":{\"@type\":\"ImageObject\",\"inLanguage\":\"es\",\"@id\":\"https:\/\/tourtravelandmore.com\/es\/#\/schema\/logo\/image\/\",\"url\":\"https:\/\/tourtravelandmore.com\/wp-content\/uploads\/2022\/12\/cropped-logo-cabecera-new.png\",\"contentUrl\":\"https:\/\/tourtravelandmore.com\/wp-content\/uploads\/2022\/12\/cropped-logo-cabecera-new.png\",\"width\":430,\"height\":61,\"caption\":\"Tour Travel And More\"},\"image\":{\"@id\":\"https:\/\/tourtravelandmore.com\/es\/#\/schema\/logo\/image\/\"},\"sameAs\":[\"https:\/\/www.facebook.com\/tourtravelandmore\/\",\"https:\/\/x.com\/TourTravel_More\"]}]}<\/script>\n<!-- \/ Yoast SEO Premium plugin. -->","yoast_head_json":{"title":"Tour Privado a Pillnitz desde Dresde con chofer y gu\u00eda oficial privado | TTM","description":"Disfrute de este Tour Privado a Pillnitz desde Dresde en un veh\u00edculo privado de lujo. Aproveche esta oportunidad para conocer los lugares mas importantes \u2705","robots":{"index":"index","follow":"follow","max-snippet":"max-snippet:-1","max-image-preview":"max-image-preview:large","max-video-preview":"max-video-preview:-1"},"canonical":"https:\/\/tourtravelandmore.com\/es\/tours\/alemania-es\/dresde-es\/tour-privado-por-el-pueblo-de-pillnitz-desde-dresde\/","og_locale":"es_ES","og_type":"article","og_title":"Tour Privado a Pillnitz desde Dresde","og_description":"Disfrute de este Tour Privado a Pillnitz desde Dresde en un veh\u00edculo privado de lujo. Aproveche esta oportunidad para conocer los lugares mas importantes \u2705","og_url":"https:\/\/tourtravelandmore.com\/es\/tours\/alemania-es\/dresde-es\/tour-privado-por-el-pueblo-de-pillnitz-desde-dresde\/","og_site_name":"Tour Travel And More","article_publisher":"https:\/\/www.facebook.com\/tourtravelandmore\/","article_modified_time":"2022-03-14T10:13:24+00:00","og_image":[{"width":1024,"height":680,"url":"https:\/\/tourtravelandmore.com\/wp-content\/uploads\/2019\/09\/pillnitz.1-1024x680.jpg","type":"image\/jpeg"}],"twitter_card":"summary_large_image","twitter_site":"@TourTravel_More","twitter_misc":{"Tiempo de lectura":"2 minutos"},"schema":{"@context":"https:\/\/schema.org","@graph":[{"@type":"WebPage","@id":"https:\/\/tourtravelandmore.com\/es\/tours\/alemania-es\/dresde-es\/tour-privado-por-el-pueblo-de-pillnitz-desde-dresde\/","url":"https:\/\/tourtravelandmore.com\/es\/tours\/alemania-es\/dresde-es\/tour-privado-por-el-pueblo-de-pillnitz-desde-dresde\/","name":"Tour Privado a Pillnitz desde Dresde con chofer y gu\u00eda oficial privado | TTM","isPartOf":{"@id":"https:\/\/tourtravelandmore.com\/es\/#website"},"primaryImageOfPage":{"@id":"https:\/\/tourtravelandmore.com\/es\/tours\/alemania-es\/dresde-es\/tour-privado-por-el-pueblo-de-pillnitz-desde-dresde\/#primaryimage"},"image":{"@id":"https:\/\/tourtravelandmore.com\/es\/tours\/alemania-es\/dresde-es\/tour-privado-por-el-pueblo-de-pillnitz-desde-dresde\/#primaryimage"},"thumbnailUrl":"https:\/\/tourtravelandmore.com\/wp-content\/uploads\/2019\/09\/pillnitz.1.jpg","datePublished":"2019-09-13T10:40:48+00:00","dateModified":"2022-03-14T10:13:24+00:00","description":"Disfrute de este Tour Privado a Pillnitz desde Dresde en un veh\u00edculo privado de lujo. Aproveche esta oportunidad para conocer los lugares mas importantes \u2705","breadcrumb":{"@id":"https:\/\/tourtravelandmore.com\/es\/tours\/alemania-es\/dresde-es\/tour-privado-por-el-pueblo-de-pillnitz-desde-dresde\/#breadcrumb"},"inLanguage":"es","potentialAction":[{"@type":"ReadAction","target":["https:\/\/tourtravelandmore.com\/es\/tours\/alemania-es\/dresde-es\/tour-privado-por-el-pueblo-de-pillnitz-desde-dresde\/"]}]},{"@type":"ImageObject","inLanguage":"es","@id":"https:\/\/tourtravelandmore.com\/es\/tours\/alemania-es\/dresde-es\/tour-privado-por-el-pueblo-de-pillnitz-desde-dresde\/#primaryimage","url":"https:\/\/tourtravelandmore.com\/wp-content\/uploads\/2019\/09\/pillnitz.1.jpg","contentUrl":"https:\/\/tourtravelandmore.com\/wp-content\/uploads\/2019\/09\/pillnitz.1.jpg","width":4288,"height":2848,"caption":"Dort wo heute das neue Palais steht, stand bis etwa 1395 eine verteidigungsf\u00e4hige Wohnburg, ein Rittergut. Nachdem die Anlage vielfach verkauft wurde und st\u00e4ndig den Besitzer wechselte kam das ganze Areal 1706 in die H\u00e4nde von Friedrich August I (August der Starke). Der schenkte das Schloss seiner M\u00e4tresse Gr\u00e4fin von Cosel. Im Jahre 1718 holder er es sich aber wieder zur\u00fcck und lie\u00df es 1720 im Barockstil nach Pl\u00e4nen von M.D.P\u00f6ppelmann umbauen. Die chinesisch anmutenden D\u00e4cher und T\u00fcrmchen sind ein Modegeschmack des 18. Jhd. Where the new palace is today, was until 1395 a defensible living castle, a manor. After the system has been widely sold and constantly changed hands the whole area came in 1706 into the hands of Friedrich August I (August the Strong). He gave the castle to his mistress Countess of Cosel. In 1718 but he holder it back and had it in 1720 in Baroque style, designed by MDP\u00f6ppelmann rebuild. The Chinese-style roofs and turrets are a fashion tastes of the 18th Century"},{"@type":"BreadcrumbList","@id":"https:\/\/tourtravelandmore.com\/es\/tours\/alemania-es\/dresde-es\/tour-privado-por-el-pueblo-de-pillnitz-desde-dresde\/#breadcrumb","itemListElement":[{"@type":"ListItem","position":1,"name":"Home","item":"https:\/\/tourtravelandmore.com\/es\/"},{"@type":"ListItem","position":2,"name":"Tours","item":"https:\/\/tourtravelandmore.com\/es\/tours\/"},{"@type":"ListItem","position":3,"name":"Tour Privado a Pillnitz desde Dresde"}]},{"@type":"WebSite","@id":"https:\/\/tourtravelandmore.com\/es\/#website","url":"https:\/\/tourtravelandmore.com\/es\/","name":"Tour Travel And More","description":"Private sightseeing tours and luxury transfers in Spain","publisher":{"@id":"https:\/\/tourtravelandmore.com\/es\/#organization"},"potentialAction":[{"@type":"SearchAction","target":{"@type":"EntryPoint","urlTemplate":"https:\/\/tourtravelandmore.com\/es\/?s={search_term_string}"},"query-input":{"@type":"PropertyValueSpecification","valueRequired":true,"valueName":"search_term_string"}}],"inLanguage":"es"},{"@type":"Organization","@id":"https:\/\/tourtravelandmore.com\/es\/#organization","name":"Tour Travel And More","url":"https:\/\/tourtravelandmore.com\/es\/","logo":{"@type":"ImageObject","inLanguage":"es","@id":"https:\/\/tourtravelandmore.com\/es\/#\/schema\/logo\/image\/","url":"https:\/\/tourtravelandmore.com\/wp-content\/uploads\/2022\/12\/cropped-logo-cabecera-new.png","contentUrl":"https:\/\/tourtravelandmore.com\/wp-content\/uploads\/2022\/12\/cropped-logo-cabecera-new.png","width":430,"height":61,"caption":"Tour Travel And More"},"image":{"@id":"https:\/\/tourtravelandmore.com\/es\/#\/schema\/logo\/image\/"},"sameAs":["https:\/\/www.facebook.com\/tourtravelandmore\/","https:\/\/x.com\/TourTravel_More"]}]}},"_links":{"self":[{"href":"https:\/\/tourtravelandmore.com\/es\/wp-json\/wp\/v2\/product\/66153","targetHints":{"allow":["GET"]}}],"collection":[{"href":"https:\/\/tourtravelandmore.com\/es\/wp-json\/wp\/v2\/product"}],"about":[{"href":"https:\/\/tourtravelandmore.com\/es\/wp-json\/wp\/v2\/types\/product"}],"replies":[{"embeddable":true,"href":"https:\/\/tourtravelandmore.com\/es\/wp-json\/wp\/v2\/comments?post=66153"}],"wp:featuredmedia":[{"embeddable":true,"href":"https:\/\/tourtravelandmore.com\/es\/wp-json\/wp\/v2\/media\/66167"}],"wp:attachment":[{"href":"https:\/\/tourtravelandmore.com\/es\/wp-json\/wp\/v2\/media?parent=66153"}],"wp:term":[{"taxonomy":"product_brand","embeddable":true,"href":"https:\/\/tourtravelandmore.com\/es\/wp-json\/wp\/v2\/product_brand?post=66153"},{"taxonomy":"product_cat","embeddable":true,"href":"https:\/\/tourtravelandmore.com\/es\/wp-json\/wp\/v2\/product_cat?post=66153"},{"taxonomy":"product_tag","embeddable":true,"href":"https:\/\/tourtravelandmore.com\/es\/wp-json\/wp\/v2\/product_tag?post=66153"}],"curies":[{"name":"wp","href":"https:\/\/api.w.org\/{rel}","templated":true}]}}