{"id":66139,"date":"2019-09-13T11:52:25","date_gmt":"2019-09-13T09:52:26","guid":{"rendered":"https:\/\/tourtravelandmore.com\/?post_type=product&#038;p=66139"},"modified":"2022-03-14T11:08:58","modified_gmt":"2022-03-14T10:08:58","slug":"tour-privado-a-pie-de-3-horas-por-la-ciudad-de-dresde","status":"publish","type":"product","link":"https:\/\/tourtravelandmore.com\/es\/tours\/alemania-es\/dresde-es\/tour-privado-a-pie-de-3-horas-por-la-ciudad-de-dresde\/","title":{"rendered":"Tour Privado a pie por Dresde"},"content":{"rendered":"<h2><strong>Descripci\u00f3n del Tour Privado a pie por Dresde<\/strong><\/h2>\n<p>Disfrute de este <strong>tour privado a pie por Dresde<\/strong> junto con su <strong>gu\u00eda oficial privado<\/strong>. Conozca lo mejor de lo que Dresde tiene para ofrecer en este tour privado. Este recorrido se centrar\u00e1 en el casco antiguo de la ciudad.<\/p>\n<p><strong>Dresde<\/strong> es la capital del estado federado de Sajonia. Situado cerca del Parque Nacional de la Suiza Sajona, las Monta\u00f1as Met\u00e1licas y el campo alrededor del Valle del Elba y el Castillo de Moritzburg. Es la tercera ciudad m\u00e1s poblada del \u00e1rea de la antigua Alemania del Este con alrededor de 780.000 habitantes.<\/p>\n<p>La ciudad es tambi\u00e9n una de las m\u00e1s visitadas de Alemania. Famosa por su arquitectura, la ciudad es conocida como el Joyero, por su centro de ciudad barroco y rococ\u00f3.<\/p>\n<p>Este tour privado a pie por Dresde es completamente personalizable. P\u00f3ngase en contacto con nosotros para que su experiencia sea \u00fanica y ayudarlo a organizar su recorrido privado. Tambi\u00e9n podemos organizar excursiones con disposici\u00f3n de veh\u00edculo\u00a0privados, eche un vistazo a nuestro <a href=\"https:\/\/tourtravelandmore.com\/es\/tours\/alemania-es\/dresde-es\/tour-privado-de-dresde\/\">tour privado por la ciudad de Dresde<\/a>.<\/p>\n<h2><strong>Puntos de inter\u00e9s en el Tour Privado a pie por Dresde<\/strong><\/h2>\n<p>En primer lugar, se encontrar\u00e1 con su gu\u00eda tur\u00edstico privado en su hotel ubicado en el centro o en un lugar central de Dresde. Su gu\u00eda es un profesional y gran conocedor de la ciudad y su historia.<\/p>\n<p>El recorrido comienza en las calles del casco antiguo de Dresde, m\u00e1s exactamente en el <strong>Altmarkt<\/strong>. Caminaremos desde aqu\u00ed hasta <strong>Kreuzkirche<\/strong>, conocida como la <strong>Iglesia de la Sagrada Cruz<\/strong>. A continuaci\u00f3n continuaremos hacia el Museo de la Ciudad y la plaza <strong>Neumarkt<\/strong>, famosa por sus impresionantes edificios, perfectos para un retrato fotogr\u00e1fico.<\/p>\n<p>Su pr\u00f3xima parada ser\u00e1 el <strong>Albertium<\/strong> seguido por el <strong>Castillo de Dresde<\/strong>, una impresionante edificaci\u00f3n cristiana con una mezcla de estilo rom\u00e1nico a barroco. Despu\u00e9s de eso, tomaremos un peque\u00f1o descanso y disfrutaremos de una taza de caf\u00e9 en cualquiera de las tiendas de los alrededores.<\/p>\n<p>La \u00faltima parada, pero no la menos importante, es <strong>Zwinger<\/strong>, <strong>Katolische hofkirche<\/strong> y <strong>Br\u00fchl Terrance<\/strong>.<\/p>\n<p>Hay muchos m\u00e1s sitios donde su gu\u00eda tur\u00edstico privado puede ayudarlo a explorar, incluso los lugares m\u00e1s emblem\u00e1ticos e impresionantes de Dresde.<\/p>\n<p>Entre otros sitios que puedes visitar a trav\u00e9s de este tour privado:<\/p>\n<ul>\n<li><strong>Plaza del Teatro con la \u00d3pera<\/strong><\/li>\n<li><strong>Iglesia de la corte cat\u00f3lica<\/strong><\/li>\n<li><strong>Procesi\u00f3n de Pr\u00edncipes<\/strong><\/li>\n<li><strong>Terraza Br\u00fchl<\/strong><\/li>\n<li><a href=\"https:\/\/www.frauenkirche-dresden.de\">Iglesia de Nuestra Se\u00f1ora<\/a><\/li>\n<\/ul>\n<p>Finalmente, su gu\u00eda tur\u00edstico oficial privado lo dejar\u00e1 en un sitio central de Dresde. En caso de que lo prefieras, podemos incluir m\u00e1s horas a su experiencia.<\/p>\n","protected":false},"excerpt":{"rendered":"<p>Avent\u00farese en este <strong>tour privado de 3 horas totalmente personalizado por las calles de Dresde<\/strong>, donde podr\u00e1 admirar la belleza urbana de sus calles, monumentos y edificios renacentistas m\u00e1s importantes. En el camino, su gu\u00eda oficial privado lo llevar\u00e1 a explorar la belleza que ofrece la ciudad y sus edificios renacentistas y rococ\u00f3, como la <strong>Iglesia de Nuestra Se\u00f1ora,<\/strong> la <strong>Plaza del Teatro<\/strong> o la <strong>Terraza Br\u00fchl<\/strong>.<\/p>\n","protected":false},"featured_media":66151,"comment_status":"open","ping_status":"closed","template":"","meta":{"_acf_changed":false},"product_brand":[],"product_cat":[1317,1318,1322],"product_tag":[],"class_list":{"0":"post-66139","1":"product","2":"type-product","3":"status-publish","4":"has-post-thumbnail","6":"product_cat-dresde-es","7":"product_cat-dresden-rutas-turisticas-privadas-es","8":"product_cat-dresde-tours-privados-pie-es-es","10":"first","11":"instock","12":"shipping-taxable","13":"purchasable","14":"product-type-simple"},"acf":[],"yoast_head":"<!-- This site is optimized with the Yoast SEO Premium plugin v25.3.1 (Yoast SEO v25.3.1) - https:\/\/yoast.com\/wordpress\/plugins\/seo\/ -->\n<title>Tour Privado a pie por Dresde con gu\u00eda oficial privado | Tour Travel &amp; More<\/title>\n<meta name=\"description\" content=\"Explore y disfrute de la ciudad de Dresde a pie junto a un guia oficial privado. Conozca sus monumentos y edificaciones m\u00e1s importantes \u2705\" \/>\n<meta name=\"robots\" content=\"index, follow, max-snippet:-1, max-image-preview:large, max-video-preview:-1\" \/>\n<link rel=\"canonical\" href=\"https:\/\/tourtravelandmore.com\/es\/tours\/alemania-es\/dresde-es\/tour-privado-a-pie-de-3-horas-por-la-ciudad-de-dresde\/\" \/>\n<meta property=\"og:locale\" content=\"es_ES\" \/>\n<meta property=\"og:type\" content=\"article\" \/>\n<meta property=\"og:title\" content=\"Tour Privado a pie por Dresde\" \/>\n<meta property=\"og:description\" content=\"Explore y disfrute de la ciudad de Dresde a pie junto a un guia oficial privado. Conozca sus monumentos y edificaciones m\u00e1s importantes \u2705\" \/>\n<meta property=\"og:url\" content=\"https:\/\/tourtravelandmore.com\/es\/tours\/alemania-es\/dresde-es\/tour-privado-a-pie-de-3-horas-por-la-ciudad-de-dresde\/\" \/>\n<meta property=\"og:site_name\" content=\"Tour Travel And More\" \/>\n<meta property=\"article:publisher\" content=\"https:\/\/www.facebook.com\/tourtravelandmore\/\" \/>\n<meta property=\"article:modified_time\" content=\"2022-03-14T10:08:58+00:00\" \/>\n<meta property=\"og:image\" content=\"https:\/\/tourtravelandmore.com\/wp-content\/uploads\/2019\/09\/dresden.jpg\" \/>\n\t<meta property=\"og:image:width\" content=\"960\" \/>\n\t<meta property=\"og:image:height\" content=\"640\" \/>\n\t<meta property=\"og:image:type\" content=\"image\/jpeg\" \/>\n<meta name=\"twitter:card\" content=\"summary_large_image\" \/>\n<meta name=\"twitter:site\" content=\"@TourTravel_More\" \/>\n<meta name=\"twitter:label1\" content=\"Tiempo de lectura\" \/>\n\t<meta name=\"twitter:data1\" content=\"2 minutos\" \/>\n<script type=\"application\/ld+json\" class=\"yoast-schema-graph\">{\"@context\":\"https:\/\/schema.org\",\"@graph\":[{\"@type\":\"WebPage\",\"@id\":\"https:\/\/tourtravelandmore.com\/es\/tours\/alemania-es\/dresde-es\/tour-privado-a-pie-de-3-horas-por-la-ciudad-de-dresde\/\",\"url\":\"https:\/\/tourtravelandmore.com\/es\/tours\/alemania-es\/dresde-es\/tour-privado-a-pie-de-3-horas-por-la-ciudad-de-dresde\/\",\"name\":\"Tour Privado a pie por Dresde con gu\u00eda oficial privado | Tour Travel & More\",\"isPartOf\":{\"@id\":\"https:\/\/tourtravelandmore.com\/es\/#website\"},\"primaryImageOfPage\":{\"@id\":\"https:\/\/tourtravelandmore.com\/es\/tours\/alemania-es\/dresde-es\/tour-privado-a-pie-de-3-horas-por-la-ciudad-de-dresde\/#primaryimage\"},\"image\":{\"@id\":\"https:\/\/tourtravelandmore.com\/es\/tours\/alemania-es\/dresde-es\/tour-privado-a-pie-de-3-horas-por-la-ciudad-de-dresde\/#primaryimage\"},\"thumbnailUrl\":\"https:\/\/tourtravelandmore.com\/wp-content\/uploads\/2019\/09\/dresden.jpg\",\"datePublished\":\"2019-09-13T09:52:26+00:00\",\"dateModified\":\"2022-03-14T10:08:58+00:00\",\"description\":\"Explore y disfrute de la ciudad de Dresde a pie junto a un guia oficial privado. Conozca sus monumentos y edificaciones m\u00e1s importantes \u2705\",\"breadcrumb\":{\"@id\":\"https:\/\/tourtravelandmore.com\/es\/tours\/alemania-es\/dresde-es\/tour-privado-a-pie-de-3-horas-por-la-ciudad-de-dresde\/#breadcrumb\"},\"inLanguage\":\"es\",\"potentialAction\":[{\"@type\":\"ReadAction\",\"target\":[\"https:\/\/tourtravelandmore.com\/es\/tours\/alemania-es\/dresde-es\/tour-privado-a-pie-de-3-horas-por-la-ciudad-de-dresde\/\"]}]},{\"@type\":\"ImageObject\",\"inLanguage\":\"es\",\"@id\":\"https:\/\/tourtravelandmore.com\/es\/tours\/alemania-es\/dresde-es\/tour-privado-a-pie-de-3-horas-por-la-ciudad-de-dresde\/#primaryimage\",\"url\":\"https:\/\/tourtravelandmore.com\/wp-content\/uploads\/2019\/09\/dresden.jpg\",\"contentUrl\":\"https:\/\/tourtravelandmore.com\/wp-content\/uploads\/2019\/09\/dresden.jpg\",\"width\":960,\"height\":640},{\"@type\":\"BreadcrumbList\",\"@id\":\"https:\/\/tourtravelandmore.com\/es\/tours\/alemania-es\/dresde-es\/tour-privado-a-pie-de-3-horas-por-la-ciudad-de-dresde\/#breadcrumb\",\"itemListElement\":[{\"@type\":\"ListItem\",\"position\":1,\"name\":\"Home\",\"item\":\"https:\/\/tourtravelandmore.com\/es\/\"},{\"@type\":\"ListItem\",\"position\":2,\"name\":\"Tours\",\"item\":\"https:\/\/tourtravelandmore.com\/es\/tours\/\"},{\"@type\":\"ListItem\",\"position\":3,\"name\":\"Tour Privado a pie por Dresde\"}]},{\"@type\":\"WebSite\",\"@id\":\"https:\/\/tourtravelandmore.com\/es\/#website\",\"url\":\"https:\/\/tourtravelandmore.com\/es\/\",\"name\":\"Tour Travel And More\",\"description\":\"Private sightseeing tours and luxury transfers in Spain\",\"publisher\":{\"@id\":\"https:\/\/tourtravelandmore.com\/es\/#organization\"},\"potentialAction\":[{\"@type\":\"SearchAction\",\"target\":{\"@type\":\"EntryPoint\",\"urlTemplate\":\"https:\/\/tourtravelandmore.com\/es\/?s={search_term_string}\"},\"query-input\":{\"@type\":\"PropertyValueSpecification\",\"valueRequired\":true,\"valueName\":\"search_term_string\"}}],\"inLanguage\":\"es\"},{\"@type\":\"Organization\",\"@id\":\"https:\/\/tourtravelandmore.com\/es\/#organization\",\"name\":\"Tour Travel And More\",\"url\":\"https:\/\/tourtravelandmore.com\/es\/\",\"logo\":{\"@type\":\"ImageObject\",\"inLanguage\":\"es\",\"@id\":\"https:\/\/tourtravelandmore.com\/es\/#\/schema\/logo\/image\/\",\"url\":\"https:\/\/tourtravelandmore.com\/wp-content\/uploads\/2022\/12\/cropped-logo-cabecera-new.png\",\"contentUrl\":\"https:\/\/tourtravelandmore.com\/wp-content\/uploads\/2022\/12\/cropped-logo-cabecera-new.png\",\"width\":430,\"height\":61,\"caption\":\"Tour Travel And More\"},\"image\":{\"@id\":\"https:\/\/tourtravelandmore.com\/es\/#\/schema\/logo\/image\/\"},\"sameAs\":[\"https:\/\/www.facebook.com\/tourtravelandmore\/\",\"https:\/\/x.com\/TourTravel_More\"]}]}<\/script>\n<!-- \/ Yoast SEO Premium plugin. -->","yoast_head_json":{"title":"Tour Privado a pie por Dresde con gu\u00eda oficial privado | Tour Travel & More","description":"Explore y disfrute de la ciudad de Dresde a pie junto a un guia oficial privado. Conozca sus monumentos y edificaciones m\u00e1s importantes \u2705","robots":{"index":"index","follow":"follow","max-snippet":"max-snippet:-1","max-image-preview":"max-image-preview:large","max-video-preview":"max-video-preview:-1"},"canonical":"https:\/\/tourtravelandmore.com\/es\/tours\/alemania-es\/dresde-es\/tour-privado-a-pie-de-3-horas-por-la-ciudad-de-dresde\/","og_locale":"es_ES","og_type":"article","og_title":"Tour Privado a pie por Dresde","og_description":"Explore y disfrute de la ciudad de Dresde a pie junto a un guia oficial privado. Conozca sus monumentos y edificaciones m\u00e1s importantes \u2705","og_url":"https:\/\/tourtravelandmore.com\/es\/tours\/alemania-es\/dresde-es\/tour-privado-a-pie-de-3-horas-por-la-ciudad-de-dresde\/","og_site_name":"Tour Travel And More","article_publisher":"https:\/\/www.facebook.com\/tourtravelandmore\/","article_modified_time":"2022-03-14T10:08:58+00:00","og_image":[{"width":960,"height":640,"url":"https:\/\/tourtravelandmore.com\/wp-content\/uploads\/2019\/09\/dresden.jpg","type":"image\/jpeg"}],"twitter_card":"summary_large_image","twitter_site":"@TourTravel_More","twitter_misc":{"Tiempo de lectura":"2 minutos"},"schema":{"@context":"https:\/\/schema.org","@graph":[{"@type":"WebPage","@id":"https:\/\/tourtravelandmore.com\/es\/tours\/alemania-es\/dresde-es\/tour-privado-a-pie-de-3-horas-por-la-ciudad-de-dresde\/","url":"https:\/\/tourtravelandmore.com\/es\/tours\/alemania-es\/dresde-es\/tour-privado-a-pie-de-3-horas-por-la-ciudad-de-dresde\/","name":"Tour Privado a pie por Dresde con gu\u00eda oficial privado | Tour Travel & More","isPartOf":{"@id":"https:\/\/tourtravelandmore.com\/es\/#website"},"primaryImageOfPage":{"@id":"https:\/\/tourtravelandmore.com\/es\/tours\/alemania-es\/dresde-es\/tour-privado-a-pie-de-3-horas-por-la-ciudad-de-dresde\/#primaryimage"},"image":{"@id":"https:\/\/tourtravelandmore.com\/es\/tours\/alemania-es\/dresde-es\/tour-privado-a-pie-de-3-horas-por-la-ciudad-de-dresde\/#primaryimage"},"thumbnailUrl":"https:\/\/tourtravelandmore.com\/wp-content\/uploads\/2019\/09\/dresden.jpg","datePublished":"2019-09-13T09:52:26+00:00","dateModified":"2022-03-14T10:08:58+00:00","description":"Explore y disfrute de la ciudad de Dresde a pie junto a un guia oficial privado. Conozca sus monumentos y edificaciones m\u00e1s importantes \u2705","breadcrumb":{"@id":"https:\/\/tourtravelandmore.com\/es\/tours\/alemania-es\/dresde-es\/tour-privado-a-pie-de-3-horas-por-la-ciudad-de-dresde\/#breadcrumb"},"inLanguage":"es","potentialAction":[{"@type":"ReadAction","target":["https:\/\/tourtravelandmore.com\/es\/tours\/alemania-es\/dresde-es\/tour-privado-a-pie-de-3-horas-por-la-ciudad-de-dresde\/"]}]},{"@type":"ImageObject","inLanguage":"es","@id":"https:\/\/tourtravelandmore.com\/es\/tours\/alemania-es\/dresde-es\/tour-privado-a-pie-de-3-horas-por-la-ciudad-de-dresde\/#primaryimage","url":"https:\/\/tourtravelandmore.com\/wp-content\/uploads\/2019\/09\/dresden.jpg","contentUrl":"https:\/\/tourtravelandmore.com\/wp-content\/uploads\/2019\/09\/dresden.jpg","width":960,"height":640},{"@type":"BreadcrumbList","@id":"https:\/\/tourtravelandmore.com\/es\/tours\/alemania-es\/dresde-es\/tour-privado-a-pie-de-3-horas-por-la-ciudad-de-dresde\/#breadcrumb","itemListElement":[{"@type":"ListItem","position":1,"name":"Home","item":"https:\/\/tourtravelandmore.com\/es\/"},{"@type":"ListItem","position":2,"name":"Tours","item":"https:\/\/tourtravelandmore.com\/es\/tours\/"},{"@type":"ListItem","position":3,"name":"Tour Privado a pie por Dresde"}]},{"@type":"WebSite","@id":"https:\/\/tourtravelandmore.com\/es\/#website","url":"https:\/\/tourtravelandmore.com\/es\/","name":"Tour Travel And More","description":"Private sightseeing tours and luxury transfers in Spain","publisher":{"@id":"https:\/\/tourtravelandmore.com\/es\/#organization"},"potentialAction":[{"@type":"SearchAction","target":{"@type":"EntryPoint","urlTemplate":"https:\/\/tourtravelandmore.com\/es\/?s={search_term_string}"},"query-input":{"@type":"PropertyValueSpecification","valueRequired":true,"valueName":"search_term_string"}}],"inLanguage":"es"},{"@type":"Organization","@id":"https:\/\/tourtravelandmore.com\/es\/#organization","name":"Tour Travel And More","url":"https:\/\/tourtravelandmore.com\/es\/","logo":{"@type":"ImageObject","inLanguage":"es","@id":"https:\/\/tourtravelandmore.com\/es\/#\/schema\/logo\/image\/","url":"https:\/\/tourtravelandmore.com\/wp-content\/uploads\/2022\/12\/cropped-logo-cabecera-new.png","contentUrl":"https:\/\/tourtravelandmore.com\/wp-content\/uploads\/2022\/12\/cropped-logo-cabecera-new.png","width":430,"height":61,"caption":"Tour Travel And More"},"image":{"@id":"https:\/\/tourtravelandmore.com\/es\/#\/schema\/logo\/image\/"},"sameAs":["https:\/\/www.facebook.com\/tourtravelandmore\/","https:\/\/x.com\/TourTravel_More"]}]}},"_links":{"self":[{"href":"https:\/\/tourtravelandmore.com\/es\/wp-json\/wp\/v2\/product\/66139","targetHints":{"allow":["GET"]}}],"collection":[{"href":"https:\/\/tourtravelandmore.com\/es\/wp-json\/wp\/v2\/product"}],"about":[{"href":"https:\/\/tourtravelandmore.com\/es\/wp-json\/wp\/v2\/types\/product"}],"replies":[{"embeddable":true,"href":"https:\/\/tourtravelandmore.com\/es\/wp-json\/wp\/v2\/comments?post=66139"}],"wp:featuredmedia":[{"embeddable":true,"href":"https:\/\/tourtravelandmore.com\/es\/wp-json\/wp\/v2\/media\/66151"}],"wp:attachment":[{"href":"https:\/\/tourtravelandmore.com\/es\/wp-json\/wp\/v2\/media?parent=66139"}],"wp:term":[{"taxonomy":"product_brand","embeddable":true,"href":"https:\/\/tourtravelandmore.com\/es\/wp-json\/wp\/v2\/product_brand?post=66139"},{"taxonomy":"product_cat","embeddable":true,"href":"https:\/\/tourtravelandmore.com\/es\/wp-json\/wp\/v2\/product_cat?post=66139"},{"taxonomy":"product_tag","embeddable":true,"href":"https:\/\/tourtravelandmore.com\/es\/wp-json\/wp\/v2\/product_tag?post=66139"}],"curies":[{"name":"wp","href":"https:\/\/api.w.org\/{rel}","templated":true}]}}