{"id":66118,"date":"2019-09-13T10:00:19","date_gmt":"2019-09-13T08:00:20","guid":{"rendered":"https:\/\/tourtravelandmore.com\/?post_type=product&#038;p=66118"},"modified":"2022-03-14T11:09:41","modified_gmt":"2022-03-14T10:09:41","slug":"tour-privado-de-dresde","status":"publish","type":"product","link":"https:\/\/tourtravelandmore.com\/es\/tours\/alemania-es\/dresde-es\/tour-privado-de-dresde\/","title":{"rendered":"Tour Privado por Dresde"},"content":{"rendered":"<h2><strong>Descripci\u00f3n del Tour Privado por Dresde<\/strong><\/h2>\n<p>Aproveche su visita a Alemania y disfrute de un <strong>tour privado por Dresde<\/strong> c\u00f3modamente en un <strong>veh\u00edculo privado de lujo<\/strong>. Estar\u00e1 acompa\u00f1ado por un <strong>conductor privado y un gu\u00eda tur\u00edstico oficial<\/strong>.<\/p>\n<p><strong>Dresde<\/strong> es la capital del estado federado de Sajonia. Situado cerca del Parque Nacional de la Suiza Sajona, las Monta\u00f1as Ore y el campo alrededor del Valle del Elba y el Castillo de Moritzburg. Es la tercera ciudad m\u00e1s poblada del \u00e1rea de la antigua Alemania del Este, con alrededor de 780.000 habitantes.<\/p>\n<p>La ciudad es tambi\u00e9n una de las m\u00e1s visitadas de Alemania. Famosa por su arquitectura, la ciudad es conocida como el Joyero, por su centro de ciudad barroco y rococ\u00f3.<\/p>\n<p>Cada gu\u00eda es un gu\u00eda tur\u00edstico oficial de Dresde con un gran conocimiento de la ciudad y su historia. Su veh\u00edculo privado es un veh\u00edculo privado de lujo, un Mercedes Benz Clase E, Viano o Vito, cada uno con un chofer separado para asegurar la atenci\u00f3n de sus gu\u00edas tur\u00edsticos oficiales durante todo el recorrido.<\/p>\n<h2><strong>Puntos de inter\u00e9s en el Tour Privado por Dresde<\/strong><\/h2>\n<p>Su primer contacto con <strong>Tour Travel &amp; More<\/strong> ser\u00e1 en su hotel o lugar de elecci\u00f3n en Dresde, donde su conductor y gu\u00eda privado lo recoger\u00e1n. Durante este tour privado por Dresde descubrir\u00e1s algunos de los lugares m\u00e1s emblem\u00e1ticos e importantes.<\/p>\n<p>Entre otros lugares, podr\u00e1s visitar:<\/p>\n<ul>\n<li><strong>Zwinger<\/strong><\/li>\n<li><strong>Dresde Frauenkirche<\/strong><\/li>\n<li><strong>Palacio de Pillnitz<\/strong><\/li>\n<li><strong>Albertinum<\/strong><\/li>\n<li><strong>El gran jard\u00edn<\/strong><\/li>\n<li><strong>Terraza de Br\u00fchl<\/strong><\/li>\n<li><strong>Theaterplatz y la \u00f3pera Semper<\/strong><\/li>\n<li><a href=\"https:\/\/www.skd.museum\/besuch\/residenzschloss\/\">Palacio Real<\/a><\/li>\n<li><strong>El Georgentor y la procesi\u00f3n de los Pr\u00edncipes<\/strong><\/li>\n<li>Y muchos m\u00e1s sitios en este tour privado de Dresde.<\/li>\n<\/ul>\n<p>Este es un tour privado de 3 horas, pero podemos organizar la duraci\u00f3n del recorrido para que se adapte a sus necesidades personales. Podemos ofrecer horas extra o incluso convertirlo en una experiencia de d\u00eda completo.<\/p>\n<p>Finalmente, al final de la visita, su conductor privado y gu\u00eda tur\u00edstico oficial lo dejar\u00e1n en su hotel en Munich.<\/p>\n<p>Si est\u00e1 buscando una experiencia de d\u00eda completo, eche un vistazo a nuestro <a href=\"https:\/\/tourtravelandmore.com\/es\/tours\/alemania-es\/dresde-es\/tour-privado-a-saxon-y-pillnitz-desde-dresde\/\">recorrido privado por Saxon y Pillnitz desde Dresde<\/a>.<\/p>\n","protected":false},"excerpt":{"rendered":"<p>Disfrute de este <strong>tour privado por la ciudad de Dresde<\/strong> completamente personalizado y conozca sus monumentos y lugares de inter\u00e9s m\u00e1s importantes. No pierda la oportunidad de conocer la ciudad y todo lo que tiene para ofrecer junto a su gu\u00eda tur\u00edstico oficial privado, c\u00f3modamente en su veh\u00edculo privado de lujo con un chofer independiente. Lo recogeremos de su hotel o lugar de elecci\u00f3n en <strong>Dresde<\/strong>.<\/p>\n","protected":false},"featured_media":66136,"comment_status":"open","ping_status":"closed","template":"","meta":{"_acf_changed":false},"product_brand":[],"product_cat":[1317,1318,1319],"product_tag":[],"class_list":{"0":"post-66118","1":"product","2":"type-product","3":"status-publish","4":"has-post-thumbnail","6":"product_cat-dresde-es","7":"product_cat-dresden-rutas-turisticas-privadas-es","8":"product_cat-dresde-rutas-turisticas-privadas-es","10":"first","11":"instock","12":"shipping-taxable","13":"purchasable","14":"product-type-simple"},"acf":[],"yoast_head":"<!-- This site is optimized with the Yoast SEO Premium plugin v25.3.1 (Yoast SEO v25.3.1) - https:\/\/yoast.com\/wordpress\/plugins\/seo\/ -->\n<title>Tour Privado por Dresde en veh\u00edculo privado de lujo con chofer | TTM<\/title>\n<meta name=\"description\" content=\"Tour privado por Dresde con gu\u00eda oficial. Conozca los lugares m\u00e1s emblem\u00e1ticos c\u00f3modos dentro de un veh\u00edculo privado con chofer \u2705\" \/>\n<meta name=\"robots\" content=\"index, follow, max-snippet:-1, max-image-preview:large, max-video-preview:-1\" \/>\n<link rel=\"canonical\" href=\"https:\/\/tourtravelandmore.com\/es\/tours\/alemania-es\/dresde-es\/tour-privado-de-dresde\/\" \/>\n<meta property=\"og:locale\" content=\"es_ES\" \/>\n<meta property=\"og:type\" content=\"article\" \/>\n<meta property=\"og:title\" content=\"Tour Privado por Dresde\" \/>\n<meta property=\"og:description\" content=\"Tour privado por Dresde con gu\u00eda oficial. Conozca los lugares m\u00e1s emblem\u00e1ticos c\u00f3modos dentro de un veh\u00edculo privado con chofer \u2705\" \/>\n<meta property=\"og:url\" content=\"https:\/\/tourtravelandmore.com\/es\/tours\/alemania-es\/dresde-es\/tour-privado-de-dresde\/\" \/>\n<meta property=\"og:site_name\" content=\"Tour Travel And More\" \/>\n<meta property=\"article:publisher\" content=\"https:\/\/www.facebook.com\/tourtravelandmore\/\" \/>\n<meta property=\"article:modified_time\" content=\"2022-03-14T10:09:41+00:00\" \/>\n<meta property=\"og:image\" content=\"https:\/\/tourtravelandmore.com\/wp-content\/uploads\/2019\/09\/dresde.jpg\" \/>\n\t<meta property=\"og:image:width\" content=\"960\" \/>\n\t<meta property=\"og:image:height\" content=\"640\" \/>\n\t<meta property=\"og:image:type\" content=\"image\/jpeg\" \/>\n<meta name=\"twitter:card\" content=\"summary_large_image\" \/>\n<meta name=\"twitter:site\" content=\"@TourTravel_More\" \/>\n<meta name=\"twitter:label1\" content=\"Tiempo de lectura\" \/>\n\t<meta name=\"twitter:data1\" content=\"2 minutos\" \/>\n<script type=\"application\/ld+json\" class=\"yoast-schema-graph\">{\"@context\":\"https:\/\/schema.org\",\"@graph\":[{\"@type\":\"WebPage\",\"@id\":\"https:\/\/tourtravelandmore.com\/es\/tours\/alemania-es\/dresde-es\/tour-privado-de-dresde\/\",\"url\":\"https:\/\/tourtravelandmore.com\/es\/tours\/alemania-es\/dresde-es\/tour-privado-de-dresde\/\",\"name\":\"Tour Privado por Dresde en veh\u00edculo privado de lujo con chofer | TTM\",\"isPartOf\":{\"@id\":\"https:\/\/tourtravelandmore.com\/es\/#website\"},\"primaryImageOfPage\":{\"@id\":\"https:\/\/tourtravelandmore.com\/es\/tours\/alemania-es\/dresde-es\/tour-privado-de-dresde\/#primaryimage\"},\"image\":{\"@id\":\"https:\/\/tourtravelandmore.com\/es\/tours\/alemania-es\/dresde-es\/tour-privado-de-dresde\/#primaryimage\"},\"thumbnailUrl\":\"https:\/\/tourtravelandmore.com\/wp-content\/uploads\/2019\/09\/dresde.jpg\",\"datePublished\":\"2019-09-13T08:00:20+00:00\",\"dateModified\":\"2022-03-14T10:09:41+00:00\",\"description\":\"Tour privado por Dresde con gu\u00eda oficial. Conozca los lugares m\u00e1s emblem\u00e1ticos c\u00f3modos dentro de un veh\u00edculo privado con chofer \u2705\",\"breadcrumb\":{\"@id\":\"https:\/\/tourtravelandmore.com\/es\/tours\/alemania-es\/dresde-es\/tour-privado-de-dresde\/#breadcrumb\"},\"inLanguage\":\"es\",\"potentialAction\":[{\"@type\":\"ReadAction\",\"target\":[\"https:\/\/tourtravelandmore.com\/es\/tours\/alemania-es\/dresde-es\/tour-privado-de-dresde\/\"]}]},{\"@type\":\"ImageObject\",\"inLanguage\":\"es\",\"@id\":\"https:\/\/tourtravelandmore.com\/es\/tours\/alemania-es\/dresde-es\/tour-privado-de-dresde\/#primaryimage\",\"url\":\"https:\/\/tourtravelandmore.com\/wp-content\/uploads\/2019\/09\/dresde.jpg\",\"contentUrl\":\"https:\/\/tourtravelandmore.com\/wp-content\/uploads\/2019\/09\/dresde.jpg\",\"width\":960,\"height\":640},{\"@type\":\"BreadcrumbList\",\"@id\":\"https:\/\/tourtravelandmore.com\/es\/tours\/alemania-es\/dresde-es\/tour-privado-de-dresde\/#breadcrumb\",\"itemListElement\":[{\"@type\":\"ListItem\",\"position\":1,\"name\":\"Home\",\"item\":\"https:\/\/tourtravelandmore.com\/es\/\"},{\"@type\":\"ListItem\",\"position\":2,\"name\":\"Tours\",\"item\":\"https:\/\/tourtravelandmore.com\/es\/tours\/\"},{\"@type\":\"ListItem\",\"position\":3,\"name\":\"Tour Privado por Dresde\"}]},{\"@type\":\"WebSite\",\"@id\":\"https:\/\/tourtravelandmore.com\/es\/#website\",\"url\":\"https:\/\/tourtravelandmore.com\/es\/\",\"name\":\"Tour Travel And More\",\"description\":\"Private sightseeing tours and luxury transfers in Spain\",\"publisher\":{\"@id\":\"https:\/\/tourtravelandmore.com\/es\/#organization\"},\"potentialAction\":[{\"@type\":\"SearchAction\",\"target\":{\"@type\":\"EntryPoint\",\"urlTemplate\":\"https:\/\/tourtravelandmore.com\/es\/?s={search_term_string}\"},\"query-input\":{\"@type\":\"PropertyValueSpecification\",\"valueRequired\":true,\"valueName\":\"search_term_string\"}}],\"inLanguage\":\"es\"},{\"@type\":\"Organization\",\"@id\":\"https:\/\/tourtravelandmore.com\/es\/#organization\",\"name\":\"Tour Travel And More\",\"url\":\"https:\/\/tourtravelandmore.com\/es\/\",\"logo\":{\"@type\":\"ImageObject\",\"inLanguage\":\"es\",\"@id\":\"https:\/\/tourtravelandmore.com\/es\/#\/schema\/logo\/image\/\",\"url\":\"https:\/\/tourtravelandmore.com\/wp-content\/uploads\/2022\/12\/cropped-logo-cabecera-new.png\",\"contentUrl\":\"https:\/\/tourtravelandmore.com\/wp-content\/uploads\/2022\/12\/cropped-logo-cabecera-new.png\",\"width\":430,\"height\":61,\"caption\":\"Tour Travel And More\"},\"image\":{\"@id\":\"https:\/\/tourtravelandmore.com\/es\/#\/schema\/logo\/image\/\"},\"sameAs\":[\"https:\/\/www.facebook.com\/tourtravelandmore\/\",\"https:\/\/x.com\/TourTravel_More\"]}]}<\/script>\n<!-- \/ Yoast SEO Premium plugin. -->","yoast_head_json":{"title":"Tour Privado por Dresde en veh\u00edculo privado de lujo con chofer | TTM","description":"Tour privado por Dresde con gu\u00eda oficial. Conozca los lugares m\u00e1s emblem\u00e1ticos c\u00f3modos dentro de un veh\u00edculo privado con chofer \u2705","robots":{"index":"index","follow":"follow","max-snippet":"max-snippet:-1","max-image-preview":"max-image-preview:large","max-video-preview":"max-video-preview:-1"},"canonical":"https:\/\/tourtravelandmore.com\/es\/tours\/alemania-es\/dresde-es\/tour-privado-de-dresde\/","og_locale":"es_ES","og_type":"article","og_title":"Tour Privado por Dresde","og_description":"Tour privado por Dresde con gu\u00eda oficial. Conozca los lugares m\u00e1s emblem\u00e1ticos c\u00f3modos dentro de un veh\u00edculo privado con chofer \u2705","og_url":"https:\/\/tourtravelandmore.com\/es\/tours\/alemania-es\/dresde-es\/tour-privado-de-dresde\/","og_site_name":"Tour Travel And More","article_publisher":"https:\/\/www.facebook.com\/tourtravelandmore\/","article_modified_time":"2022-03-14T10:09:41+00:00","og_image":[{"width":960,"height":640,"url":"https:\/\/tourtravelandmore.com\/wp-content\/uploads\/2019\/09\/dresde.jpg","type":"image\/jpeg"}],"twitter_card":"summary_large_image","twitter_site":"@TourTravel_More","twitter_misc":{"Tiempo de lectura":"2 minutos"},"schema":{"@context":"https:\/\/schema.org","@graph":[{"@type":"WebPage","@id":"https:\/\/tourtravelandmore.com\/es\/tours\/alemania-es\/dresde-es\/tour-privado-de-dresde\/","url":"https:\/\/tourtravelandmore.com\/es\/tours\/alemania-es\/dresde-es\/tour-privado-de-dresde\/","name":"Tour Privado por Dresde en veh\u00edculo privado de lujo con chofer | TTM","isPartOf":{"@id":"https:\/\/tourtravelandmore.com\/es\/#website"},"primaryImageOfPage":{"@id":"https:\/\/tourtravelandmore.com\/es\/tours\/alemania-es\/dresde-es\/tour-privado-de-dresde\/#primaryimage"},"image":{"@id":"https:\/\/tourtravelandmore.com\/es\/tours\/alemania-es\/dresde-es\/tour-privado-de-dresde\/#primaryimage"},"thumbnailUrl":"https:\/\/tourtravelandmore.com\/wp-content\/uploads\/2019\/09\/dresde.jpg","datePublished":"2019-09-13T08:00:20+00:00","dateModified":"2022-03-14T10:09:41+00:00","description":"Tour privado por Dresde con gu\u00eda oficial. Conozca los lugares m\u00e1s emblem\u00e1ticos c\u00f3modos dentro de un veh\u00edculo privado con chofer \u2705","breadcrumb":{"@id":"https:\/\/tourtravelandmore.com\/es\/tours\/alemania-es\/dresde-es\/tour-privado-de-dresde\/#breadcrumb"},"inLanguage":"es","potentialAction":[{"@type":"ReadAction","target":["https:\/\/tourtravelandmore.com\/es\/tours\/alemania-es\/dresde-es\/tour-privado-de-dresde\/"]}]},{"@type":"ImageObject","inLanguage":"es","@id":"https:\/\/tourtravelandmore.com\/es\/tours\/alemania-es\/dresde-es\/tour-privado-de-dresde\/#primaryimage","url":"https:\/\/tourtravelandmore.com\/wp-content\/uploads\/2019\/09\/dresde.jpg","contentUrl":"https:\/\/tourtravelandmore.com\/wp-content\/uploads\/2019\/09\/dresde.jpg","width":960,"height":640},{"@type":"BreadcrumbList","@id":"https:\/\/tourtravelandmore.com\/es\/tours\/alemania-es\/dresde-es\/tour-privado-de-dresde\/#breadcrumb","itemListElement":[{"@type":"ListItem","position":1,"name":"Home","item":"https:\/\/tourtravelandmore.com\/es\/"},{"@type":"ListItem","position":2,"name":"Tours","item":"https:\/\/tourtravelandmore.com\/es\/tours\/"},{"@type":"ListItem","position":3,"name":"Tour Privado por Dresde"}]},{"@type":"WebSite","@id":"https:\/\/tourtravelandmore.com\/es\/#website","url":"https:\/\/tourtravelandmore.com\/es\/","name":"Tour Travel And More","description":"Private sightseeing tours and luxury transfers in Spain","publisher":{"@id":"https:\/\/tourtravelandmore.com\/es\/#organization"},"potentialAction":[{"@type":"SearchAction","target":{"@type":"EntryPoint","urlTemplate":"https:\/\/tourtravelandmore.com\/es\/?s={search_term_string}"},"query-input":{"@type":"PropertyValueSpecification","valueRequired":true,"valueName":"search_term_string"}}],"inLanguage":"es"},{"@type":"Organization","@id":"https:\/\/tourtravelandmore.com\/es\/#organization","name":"Tour Travel And More","url":"https:\/\/tourtravelandmore.com\/es\/","logo":{"@type":"ImageObject","inLanguage":"es","@id":"https:\/\/tourtravelandmore.com\/es\/#\/schema\/logo\/image\/","url":"https:\/\/tourtravelandmore.com\/wp-content\/uploads\/2022\/12\/cropped-logo-cabecera-new.png","contentUrl":"https:\/\/tourtravelandmore.com\/wp-content\/uploads\/2022\/12\/cropped-logo-cabecera-new.png","width":430,"height":61,"caption":"Tour Travel And More"},"image":{"@id":"https:\/\/tourtravelandmore.com\/es\/#\/schema\/logo\/image\/"},"sameAs":["https:\/\/www.facebook.com\/tourtravelandmore\/","https:\/\/x.com\/TourTravel_More"]}]}},"_links":{"self":[{"href":"https:\/\/tourtravelandmore.com\/es\/wp-json\/wp\/v2\/product\/66118","targetHints":{"allow":["GET"]}}],"collection":[{"href":"https:\/\/tourtravelandmore.com\/es\/wp-json\/wp\/v2\/product"}],"about":[{"href":"https:\/\/tourtravelandmore.com\/es\/wp-json\/wp\/v2\/types\/product"}],"replies":[{"embeddable":true,"href":"https:\/\/tourtravelandmore.com\/es\/wp-json\/wp\/v2\/comments?post=66118"}],"wp:featuredmedia":[{"embeddable":true,"href":"https:\/\/tourtravelandmore.com\/es\/wp-json\/wp\/v2\/media\/66136"}],"wp:attachment":[{"href":"https:\/\/tourtravelandmore.com\/es\/wp-json\/wp\/v2\/media?parent=66118"}],"wp:term":[{"taxonomy":"product_brand","embeddable":true,"href":"https:\/\/tourtravelandmore.com\/es\/wp-json\/wp\/v2\/product_brand?post=66118"},{"taxonomy":"product_cat","embeddable":true,"href":"https:\/\/tourtravelandmore.com\/es\/wp-json\/wp\/v2\/product_cat?post=66118"},{"taxonomy":"product_tag","embeddable":true,"href":"https:\/\/tourtravelandmore.com\/es\/wp-json\/wp\/v2\/product_tag?post=66118"}],"curies":[{"name":"wp","href":"https:\/\/api.w.org\/{rel}","templated":true}]}}