{"id":65792,"date":"2019-09-07T23:45:58","date_gmt":"2019-09-07T21:45:59","guid":{"rendered":"https:\/\/tourtravelandmore.com\/?post_type=product&#038;p=65792"},"modified":"2022-11-16T09:19:30","modified_gmt":"2022-11-16T08:19:30","slug":"tour-privado-de-ratisbona-desde-munich","status":"publish","type":"product","link":"https:\/\/tourtravelandmore.com\/es\/tours\/alemania-es\/munich-es\/tour-privado-de-ratisbona-desde-munich\/","title":{"rendered":"Tour Privado a Ratisbona desde Munich"},"content":{"rendered":"<h2><strong>Descripci\u00f3n del Tour Privado a Ratisbona desde M\u00fanich<\/strong><\/h2>\n<p>Disfrute de <strong>Ratisbona<\/strong>, su gran arquitectura y maravillosas vistas urbanas durante este <strong>tour privado a Ratisbona desde M\u00fanich<\/strong>. Ser\u00e1 asistido durante todo el recorrido por su <strong>conductor\/gu\u00eda privado en un veh\u00edculo privado de lujo<\/strong>.<\/p>\n<p><strong>Ratisbona<\/strong> es una ciudad del Estado federal de Baviera y est\u00e1 ubicada en la confluencia de los r\u00edos Danubio y Regen. Su centro hist\u00f3rico fue declarado <strong>Patrimonio de la Humanidad por la UNESCO<\/strong> en 2006. Esta ciudad medieval contiene muchos edificios de excepcional calidad que dan testimonio de su historia.<\/p>\n<p>Su conductor\/gu\u00eda privado lo ayudar\u00e1 a visitar los lugares m\u00e1s relevantes, donde podr\u00e1 tomar las mejores fotos cuando y donde quiera a lo largo de su recorrido privado.<\/p>\n<p>Si est\u00e1 buscando una experiencia m\u00e1s emocionante, eche un vistazo a <a href=\"https:\/\/tourtravelandmore.com\/es\/tours\/alemania-es\/munich-es\/tour-privado-de-berchtesgaden-y-el-nido-de-aguilas-desde-munich\/\">nuestro tour privado Berchtesgaden y el Nido de \u00c1guilas desde Munich<\/a>.<\/p>\n<h2><strong>Puntos de inter\u00e9s en el Tour Privado a Ratisbona desde M\u00fanich<\/strong><\/h2>\n<p>En primer lugar, su conductor\/gu\u00eda privado lo recoger\u00e1 en su lugar a elecci\u00f3n en M\u00fanich. Este es un tour privado de 10 horas desde el momento de la recogida hasta el momento de devoluci\u00f3n.<\/p>\n<p><strong>Ratisbona<\/strong> es conocida por ser una de las ciudades m\u00e1s antiguas y mejor conservadas de Alemania. Aprender\u00e1 sobre la extensa historia de la ciudad y su pueblo (<strong>Altstadt<\/strong>) gracias a su chofer\/gu\u00eda privado.<\/p>\n<p>Comenzaremos su recorrido privado en los antiguos barrios urbanos de Ratisbona. Podr\u00e1s ver las impresionantes estructuras romanas y g\u00f3ticas como el <strong>Monasterio Escoc\u00e9s<\/strong>, el <strong>Ayuntamiento<\/strong> o el <strong>Monasterio de St. Emmeram<\/strong>. Despu\u00e9s de haber cubierto todo el recorrido, podemos almorzar en la hist\u00f3rica cocina de salchichas conocida como <strong>Wurstkuchl<\/strong>.<\/p>\n<p>A lo largo de su camino hacia la ciudad se deleitar\u00e1 con los hermosos escenarios urbanos medievales de Ratisbona. Entre los sitios que visitar\u00e1s en tu tour privado, tambi\u00e9n te ofrecemos:<\/p>\n<ul>\n<li><strong>Altstadt<\/strong><\/li>\n<li><a href=\"http:\/\/www.bistum-regensburg.de\/bistum\/dom-st-peter\/\">Catedral de Ratisbona<\/a><\/li>\n<li><strong>Viejo puente empedrado<\/strong><\/li>\n<li><strong>El viejo mercado de ma\u00edz<\/strong><\/li>\n<li><strong>Monasterio de San Emmeram<\/strong><\/li>\n<li><strong>Monasterio escoc\u00e9s<\/strong><\/li>\n<li><strong>Museo de Historia de Baviera<\/strong><\/li>\n<li><strong>Walhalla<\/strong><\/li>\n<li><strong>Sal\u00f3n de la Liberaci\u00f3n<\/strong><\/li>\n<li><strong>Alten Kapelle<\/strong><\/li>\n<li><strong>Herzogspark<\/strong><\/li>\n<li><strong>Museo de historia<\/strong><\/li>\n<li>\u00a1Y muchos m\u00e1s lugares!<\/li>\n<\/ul>\n<p>Como dijimos antes, este es un tour privado y personalizado, por lo que en caso de que lo prefiera podemos incluir un gu\u00eda tur\u00edstico local en Ratisbona para una experiencia m\u00e1s completa.<\/p>\n<p>Finalmente, al final del recorrido, su conductor\/gu\u00eda privado lo llevar\u00e1 de regreso a su hotel o sitio de elecci\u00f3n en M\u00fanich.<\/p>\n","protected":false},"excerpt":{"rendered":"<p>Al\u00e9jese del ajetreado <strong>M\u00fanich<\/strong> y disfrute de una <strong>excursi\u00f3n privada de un d\u00eda completo a Ratisbona desde M\u00fanich<\/strong>. Ven con nosotros y disfruta de este tour privado completamente personalizado y disfruta de sus monumentos m\u00e1s importantes as\u00ed como de sus sitios hist\u00f3ricos. Podr\u00e1 visitar el <strong>centro hist\u00f3rico<\/strong> declarado como <strong>Patrimonio de la Humanidad por la UNESCO<\/strong> con su conductor\/gu\u00eda privado.<\/p>\n","protected":false},"featured_media":65856,"comment_status":"open","ping_status":"closed","template":"","meta":{"_acf_changed":false},"product_brand":[],"product_cat":[456,457,459,458],"product_tag":[],"class_list":{"0":"post-65792","1":"product","2":"type-product","3":"status-publish","4":"has-post-thumbnail","6":"product_cat-munich-es","7":"product_cat-munich-actividades-es","8":"product_cat-munich-rutas-turisticas-privadas-es","9":"product_cat-munich-excursiones-es","11":"first","12":"instock","13":"shipping-taxable","14":"purchasable","15":"product-type-simple"},"acf":[],"yoast_head":"<!-- This site is optimized with the Yoast SEO Premium plugin v25.3.1 (Yoast SEO v25.3.1) - https:\/\/yoast.com\/wordpress\/plugins\/seo\/ -->\n<title>Tour privado a Ratisbona desde Munich con chofer\/gu\u00eda privado | TTM<\/title>\n<meta name=\"description\" content=\"Tour privado a Ratisbona desde Munich en vehicuo privado de lujo con chofer\/gu\u00eda. Admire esta maravillosa ciudad Alemana con un profesional \u2705\" \/>\n<meta name=\"robots\" content=\"index, follow, max-snippet:-1, max-image-preview:large, max-video-preview:-1\" \/>\n<link rel=\"canonical\" href=\"https:\/\/tourtravelandmore.com\/es\/tours\/alemania-es\/munich-es\/tour-privado-de-ratisbona-desde-munich\/\" \/>\n<meta property=\"og:locale\" content=\"es_ES\" \/>\n<meta property=\"og:type\" content=\"article\" \/>\n<meta property=\"og:title\" content=\"Tour Privado a Ratisbona desde Munich\" \/>\n<meta property=\"og:description\" content=\"Tour privado a Ratisbona desde Munich en vehicuo privado de lujo con chofer\/gu\u00eda. Admire esta maravillosa ciudad Alemana con un profesional \u2705\" \/>\n<meta property=\"og:url\" content=\"https:\/\/tourtravelandmore.com\/es\/tours\/alemania-es\/munich-es\/tour-privado-de-ratisbona-desde-munich\/\" \/>\n<meta property=\"og:site_name\" content=\"Tour Travel And More\" \/>\n<meta property=\"article:publisher\" content=\"https:\/\/www.facebook.com\/tourtravelandmore\/\" \/>\n<meta property=\"article:modified_time\" content=\"2022-11-16T08:19:30+00:00\" \/>\n<meta property=\"og:image\" content=\"https:\/\/tourtravelandmore.com\/wp-content\/uploads\/2019\/09\/ratisbona.2.jpg\" \/>\n\t<meta property=\"og:image:width\" content=\"960\" \/>\n\t<meta property=\"og:image:height\" content=\"642\" \/>\n\t<meta property=\"og:image:type\" content=\"image\/jpeg\" \/>\n<meta name=\"twitter:card\" content=\"summary_large_image\" \/>\n<meta name=\"twitter:site\" content=\"@TourTravel_More\" \/>\n<meta name=\"twitter:label1\" content=\"Tiempo de lectura\" \/>\n\t<meta name=\"twitter:data1\" content=\"2 minutos\" \/>\n<script type=\"application\/ld+json\" class=\"yoast-schema-graph\">{\"@context\":\"https:\/\/schema.org\",\"@graph\":[{\"@type\":\"WebPage\",\"@id\":\"https:\/\/tourtravelandmore.com\/es\/tours\/alemania-es\/munich-es\/tour-privado-de-ratisbona-desde-munich\/\",\"url\":\"https:\/\/tourtravelandmore.com\/es\/tours\/alemania-es\/munich-es\/tour-privado-de-ratisbona-desde-munich\/\",\"name\":\"Tour privado a Ratisbona desde Munich con chofer\/gu\u00eda privado | TTM\",\"isPartOf\":{\"@id\":\"https:\/\/tourtravelandmore.com\/es\/#website\"},\"primaryImageOfPage\":{\"@id\":\"https:\/\/tourtravelandmore.com\/es\/tours\/alemania-es\/munich-es\/tour-privado-de-ratisbona-desde-munich\/#primaryimage\"},\"image\":{\"@id\":\"https:\/\/tourtravelandmore.com\/es\/tours\/alemania-es\/munich-es\/tour-privado-de-ratisbona-desde-munich\/#primaryimage\"},\"thumbnailUrl\":\"https:\/\/tourtravelandmore.com\/wp-content\/uploads\/2019\/09\/ratisbona.2.jpg\",\"datePublished\":\"2019-09-07T21:45:59+00:00\",\"dateModified\":\"2022-11-16T08:19:30+00:00\",\"description\":\"Tour privado a Ratisbona desde Munich en vehicuo privado de lujo con chofer\/gu\u00eda. Admire esta maravillosa ciudad Alemana con un profesional \u2705\",\"breadcrumb\":{\"@id\":\"https:\/\/tourtravelandmore.com\/es\/tours\/alemania-es\/munich-es\/tour-privado-de-ratisbona-desde-munich\/#breadcrumb\"},\"inLanguage\":\"es\",\"potentialAction\":[{\"@type\":\"ReadAction\",\"target\":[\"https:\/\/tourtravelandmore.com\/es\/tours\/alemania-es\/munich-es\/tour-privado-de-ratisbona-desde-munich\/\"]}]},{\"@type\":\"ImageObject\",\"inLanguage\":\"es\",\"@id\":\"https:\/\/tourtravelandmore.com\/es\/tours\/alemania-es\/munich-es\/tour-privado-de-ratisbona-desde-munich\/#primaryimage\",\"url\":\"https:\/\/tourtravelandmore.com\/wp-content\/uploads\/2019\/09\/ratisbona.2.jpg\",\"contentUrl\":\"https:\/\/tourtravelandmore.com\/wp-content\/uploads\/2019\/09\/ratisbona.2.jpg\",\"width\":960,\"height\":642},{\"@type\":\"BreadcrumbList\",\"@id\":\"https:\/\/tourtravelandmore.com\/es\/tours\/alemania-es\/munich-es\/tour-privado-de-ratisbona-desde-munich\/#breadcrumb\",\"itemListElement\":[{\"@type\":\"ListItem\",\"position\":1,\"name\":\"Home\",\"item\":\"https:\/\/tourtravelandmore.com\/es\/\"},{\"@type\":\"ListItem\",\"position\":2,\"name\":\"Tours\",\"item\":\"https:\/\/tourtravelandmore.com\/es\/tours\/\"},{\"@type\":\"ListItem\",\"position\":3,\"name\":\"Tour Privado a Ratisbona desde Munich\"}]},{\"@type\":\"WebSite\",\"@id\":\"https:\/\/tourtravelandmore.com\/es\/#website\",\"url\":\"https:\/\/tourtravelandmore.com\/es\/\",\"name\":\"Tour Travel And More\",\"description\":\"Private sightseeing tours and luxury transfers in Spain\",\"publisher\":{\"@id\":\"https:\/\/tourtravelandmore.com\/es\/#organization\"},\"potentialAction\":[{\"@type\":\"SearchAction\",\"target\":{\"@type\":\"EntryPoint\",\"urlTemplate\":\"https:\/\/tourtravelandmore.com\/es\/?s={search_term_string}\"},\"query-input\":{\"@type\":\"PropertyValueSpecification\",\"valueRequired\":true,\"valueName\":\"search_term_string\"}}],\"inLanguage\":\"es\"},{\"@type\":\"Organization\",\"@id\":\"https:\/\/tourtravelandmore.com\/es\/#organization\",\"name\":\"Tour Travel And More\",\"url\":\"https:\/\/tourtravelandmore.com\/es\/\",\"logo\":{\"@type\":\"ImageObject\",\"inLanguage\":\"es\",\"@id\":\"https:\/\/tourtravelandmore.com\/es\/#\/schema\/logo\/image\/\",\"url\":\"https:\/\/tourtravelandmore.com\/wp-content\/uploads\/2022\/12\/cropped-logo-cabecera-new.png\",\"contentUrl\":\"https:\/\/tourtravelandmore.com\/wp-content\/uploads\/2022\/12\/cropped-logo-cabecera-new.png\",\"width\":430,\"height\":61,\"caption\":\"Tour Travel And More\"},\"image\":{\"@id\":\"https:\/\/tourtravelandmore.com\/es\/#\/schema\/logo\/image\/\"},\"sameAs\":[\"https:\/\/www.facebook.com\/tourtravelandmore\/\",\"https:\/\/x.com\/TourTravel_More\"]}]}<\/script>\n<!-- \/ Yoast SEO Premium plugin. -->","yoast_head_json":{"title":"Tour privado a Ratisbona desde Munich con chofer\/gu\u00eda privado | TTM","description":"Tour privado a Ratisbona desde Munich en vehicuo privado de lujo con chofer\/gu\u00eda. Admire esta maravillosa ciudad Alemana con un profesional \u2705","robots":{"index":"index","follow":"follow","max-snippet":"max-snippet:-1","max-image-preview":"max-image-preview:large","max-video-preview":"max-video-preview:-1"},"canonical":"https:\/\/tourtravelandmore.com\/es\/tours\/alemania-es\/munich-es\/tour-privado-de-ratisbona-desde-munich\/","og_locale":"es_ES","og_type":"article","og_title":"Tour Privado a Ratisbona desde Munich","og_description":"Tour privado a Ratisbona desde Munich en vehicuo privado de lujo con chofer\/gu\u00eda. Admire esta maravillosa ciudad Alemana con un profesional \u2705","og_url":"https:\/\/tourtravelandmore.com\/es\/tours\/alemania-es\/munich-es\/tour-privado-de-ratisbona-desde-munich\/","og_site_name":"Tour Travel And More","article_publisher":"https:\/\/www.facebook.com\/tourtravelandmore\/","article_modified_time":"2022-11-16T08:19:30+00:00","og_image":[{"width":960,"height":642,"url":"https:\/\/tourtravelandmore.com\/wp-content\/uploads\/2019\/09\/ratisbona.2.jpg","type":"image\/jpeg"}],"twitter_card":"summary_large_image","twitter_site":"@TourTravel_More","twitter_misc":{"Tiempo de lectura":"2 minutos"},"schema":{"@context":"https:\/\/schema.org","@graph":[{"@type":"WebPage","@id":"https:\/\/tourtravelandmore.com\/es\/tours\/alemania-es\/munich-es\/tour-privado-de-ratisbona-desde-munich\/","url":"https:\/\/tourtravelandmore.com\/es\/tours\/alemania-es\/munich-es\/tour-privado-de-ratisbona-desde-munich\/","name":"Tour privado a Ratisbona desde Munich con chofer\/gu\u00eda privado | TTM","isPartOf":{"@id":"https:\/\/tourtravelandmore.com\/es\/#website"},"primaryImageOfPage":{"@id":"https:\/\/tourtravelandmore.com\/es\/tours\/alemania-es\/munich-es\/tour-privado-de-ratisbona-desde-munich\/#primaryimage"},"image":{"@id":"https:\/\/tourtravelandmore.com\/es\/tours\/alemania-es\/munich-es\/tour-privado-de-ratisbona-desde-munich\/#primaryimage"},"thumbnailUrl":"https:\/\/tourtravelandmore.com\/wp-content\/uploads\/2019\/09\/ratisbona.2.jpg","datePublished":"2019-09-07T21:45:59+00:00","dateModified":"2022-11-16T08:19:30+00:00","description":"Tour privado a Ratisbona desde Munich en vehicuo privado de lujo con chofer\/gu\u00eda. Admire esta maravillosa ciudad Alemana con un profesional \u2705","breadcrumb":{"@id":"https:\/\/tourtravelandmore.com\/es\/tours\/alemania-es\/munich-es\/tour-privado-de-ratisbona-desde-munich\/#breadcrumb"},"inLanguage":"es","potentialAction":[{"@type":"ReadAction","target":["https:\/\/tourtravelandmore.com\/es\/tours\/alemania-es\/munich-es\/tour-privado-de-ratisbona-desde-munich\/"]}]},{"@type":"ImageObject","inLanguage":"es","@id":"https:\/\/tourtravelandmore.com\/es\/tours\/alemania-es\/munich-es\/tour-privado-de-ratisbona-desde-munich\/#primaryimage","url":"https:\/\/tourtravelandmore.com\/wp-content\/uploads\/2019\/09\/ratisbona.2.jpg","contentUrl":"https:\/\/tourtravelandmore.com\/wp-content\/uploads\/2019\/09\/ratisbona.2.jpg","width":960,"height":642},{"@type":"BreadcrumbList","@id":"https:\/\/tourtravelandmore.com\/es\/tours\/alemania-es\/munich-es\/tour-privado-de-ratisbona-desde-munich\/#breadcrumb","itemListElement":[{"@type":"ListItem","position":1,"name":"Home","item":"https:\/\/tourtravelandmore.com\/es\/"},{"@type":"ListItem","position":2,"name":"Tours","item":"https:\/\/tourtravelandmore.com\/es\/tours\/"},{"@type":"ListItem","position":3,"name":"Tour Privado a Ratisbona desde Munich"}]},{"@type":"WebSite","@id":"https:\/\/tourtravelandmore.com\/es\/#website","url":"https:\/\/tourtravelandmore.com\/es\/","name":"Tour Travel And More","description":"Private sightseeing tours and luxury transfers in Spain","publisher":{"@id":"https:\/\/tourtravelandmore.com\/es\/#organization"},"potentialAction":[{"@type":"SearchAction","target":{"@type":"EntryPoint","urlTemplate":"https:\/\/tourtravelandmore.com\/es\/?s={search_term_string}"},"query-input":{"@type":"PropertyValueSpecification","valueRequired":true,"valueName":"search_term_string"}}],"inLanguage":"es"},{"@type":"Organization","@id":"https:\/\/tourtravelandmore.com\/es\/#organization","name":"Tour Travel And More","url":"https:\/\/tourtravelandmore.com\/es\/","logo":{"@type":"ImageObject","inLanguage":"es","@id":"https:\/\/tourtravelandmore.com\/es\/#\/schema\/logo\/image\/","url":"https:\/\/tourtravelandmore.com\/wp-content\/uploads\/2022\/12\/cropped-logo-cabecera-new.png","contentUrl":"https:\/\/tourtravelandmore.com\/wp-content\/uploads\/2022\/12\/cropped-logo-cabecera-new.png","width":430,"height":61,"caption":"Tour Travel And More"},"image":{"@id":"https:\/\/tourtravelandmore.com\/es\/#\/schema\/logo\/image\/"},"sameAs":["https:\/\/www.facebook.com\/tourtravelandmore\/","https:\/\/x.com\/TourTravel_More"]}]}},"_links":{"self":[{"href":"https:\/\/tourtravelandmore.com\/es\/wp-json\/wp\/v2\/product\/65792","targetHints":{"allow":["GET"]}}],"collection":[{"href":"https:\/\/tourtravelandmore.com\/es\/wp-json\/wp\/v2\/product"}],"about":[{"href":"https:\/\/tourtravelandmore.com\/es\/wp-json\/wp\/v2\/types\/product"}],"replies":[{"embeddable":true,"href":"https:\/\/tourtravelandmore.com\/es\/wp-json\/wp\/v2\/comments?post=65792"}],"wp:featuredmedia":[{"embeddable":true,"href":"https:\/\/tourtravelandmore.com\/es\/wp-json\/wp\/v2\/media\/65856"}],"wp:attachment":[{"href":"https:\/\/tourtravelandmore.com\/es\/wp-json\/wp\/v2\/media?parent=65792"}],"wp:term":[{"taxonomy":"product_brand","embeddable":true,"href":"https:\/\/tourtravelandmore.com\/es\/wp-json\/wp\/v2\/product_brand?post=65792"},{"taxonomy":"product_cat","embeddable":true,"href":"https:\/\/tourtravelandmore.com\/es\/wp-json\/wp\/v2\/product_cat?post=65792"},{"taxonomy":"product_tag","embeddable":true,"href":"https:\/\/tourtravelandmore.com\/es\/wp-json\/wp\/v2\/product_tag?post=65792"}],"curies":[{"name":"wp","href":"https:\/\/api.w.org\/{rel}","templated":true}]}}