{"id":65762,"date":"2019-09-07T23:23:20","date_gmt":"2019-09-07T21:23:20","guid":{"rendered":"https:\/\/tourtravelandmore.com\/?post_type=product&#038;p=65762"},"modified":"2022-11-15T20:28:22","modified_gmt":"2022-11-15T19:28:22","slug":"tour-privado-de-berchtesgaden-y-el-nido-de-aguilas-desde-munich","status":"publish","type":"product","link":"https:\/\/tourtravelandmore.com\/es\/tours\/alemania-es\/munich-es\/tour-privado-de-berchtesgaden-y-el-nido-de-aguilas-desde-munich\/","title":{"rendered":"Tour Privado de Berchtesgaden y Nido del \u00c1guila"},"content":{"rendered":"<h2><strong>Descripci\u00f3n del Tour Privado de Berchtesgaden y Nido del \u00c1guila<\/strong><\/h2>\n<p>Disfrute de las hermosas vistas del paisaje de <strong>Berchtesgaden<\/strong> durante este <strong>tour privado a Berchtesgaden y Nido del \u00c1guila<\/strong>. El servicio se llevar\u00e1 a cabo en un <strong>veh\u00edculo privado de lujo con conductor\/gu\u00eda<\/strong> desde su lugar de elecci\u00f3n en <strong>M\u00fanich<\/strong>.<\/p>\n<p>La ciudad de <strong>Berchtesgaden<\/strong> se encuentra en los Alpes B\u00e1varos, cerca de la frontera con Austria. Esta ciudad es muy conocida porque alberga el <strong>Nido del \u00c1guila<\/strong>\u00a0que se encuentra junto a Hoher G\u00f6ll, uno de los picos m\u00e1s altos de los Alpes b\u00e1varos. Hoy en d\u00eda, el Nido del \u00c1guila se convirti\u00f3 en un restaurante y es un lugar que a los turistas les encanta visitar.<\/p>\n<p>Este tour privado es para aquellos que quieran pasar un buen rato en la monta\u00f1a y tambi\u00e9n aprender sobre la historia del lugar. Berchtesgaden es un lugar que definitivamente no querr\u00e1s perderte.<\/p>\n<p>Si est\u00e1 buscando otro tipo de tour de d\u00eda completo, eche un vistazo a nuestro<a href=\"https:\/\/tourtravelandmore.com\/es\/tours\/alemania-es\/munich-es\/tour-privado-de-nuremberg-desde-munich\/\"> tour privado a Nuremberg desde Munich<\/a>.<\/p>\n<h2><strong>Puntos de inter\u00e9s en el Tour Privado de Berchtesgaden y Nido del \u00c1guila<\/strong><\/h2>\n<p>En primer lugar, su conductor\/gu\u00eda privado lo recoger\u00e1 en un veh\u00edculo de lujo a la hora deseada en M\u00fanich. Disfrute de la ciudad de Berchtesgaden y de las hermosas y fascinantes vistas alpinas de su parque Wasseralm.<\/p>\n<p><strong>Berchtesgaden<\/strong> es conocido por albergar la casa de retiro de Adolf Hitler, el <strong>Nido del \u00c1guila<\/strong>, en el <strong>Monte Kehlstein<\/strong>. Disfrute de las vistas de los Alpes B\u00e1varos mientras su conductor\/gu\u00eda privado lo lleva a Berchtesgaden.<\/p>\n<p>Entre los sitios que visitar\u00e1, tambi\u00e9n le ofrecemos:<\/p>\n<ul>\n<li><a href=\"https:\/\/www.parkamwasser.ch\">Parque Wasseralm<\/a><\/li>\n<li><strong>Mont Kehlstein<\/strong><\/li>\n<li><strong>Nido del \u00e1guila, Kehlsteinhaus<\/strong><\/li>\n<li><strong>Lago K\u00f6nigssee<\/strong><\/li>\n<li><strong>Minas de sal<\/strong><\/li>\n<li><strong>Hoher G\u00f6ll mont<\/strong><\/li>\n<li><strong>Watzmann<\/strong><\/li>\n<li><strong>Hochkalter<\/strong><\/li>\n<li>y mucho m\u00e1s!<\/li>\n<\/ul>\n<p>Este es un tour privado que tiene una duraci\u00f3n total de 10 horas desde el momento de la recogida hasta el momento de devoluci\u00f3n. En caso de que lo prefieras, podemos incluir m\u00e1s horas a su experiencia.<\/p>\n<p>Su conductor\/gu\u00eda privado es un profesional y muy conocedor de la ciudad y la historia. Tendr\u00e1 la oportunidad de aprender mucho sobre la historia que hace que este lugar sea tan especial.<\/p>\n<p>Durante este tour privado a Berchtesgaden y Nido del \u00c1guila, tambi\u00e9n har\u00e1s una parada para almorzar y degustar un plato t\u00edpico de la zona.<\/p>\n<p>Finalmente, su conductor\/gu\u00eda privado lo llevar\u00e1 de regreso a su punto de partida en M\u00fanich.<\/p>\n","protected":false},"excerpt":{"rendered":"<p>Ven con nosotros en este <strong>tour privado de un d\u00eda completo de Berchtesgaden y Nido del \u00c1guila desde Munich<\/strong>. Disfrute de este recorrido completamente personalizado y privado junto con un conductor\/gu\u00eda profesional que est\u00e1 dispuesto a mostrarle este magn\u00edfico lugar. No te pierdas esta oportunidad para conocer este lugar \u00fanico mientras admiras las incre\u00edbles vistas rurales de su parque, <strong>Wasseralm<\/strong>.<\/p>\n","protected":false},"featured_media":65977,"comment_status":"open","ping_status":"closed","template":"","meta":{"_acf_changed":false},"product_brand":[],"product_cat":[456,457,459,458],"product_tag":[],"class_list":{"0":"post-65762","1":"product","2":"type-product","3":"status-publish","4":"has-post-thumbnail","6":"product_cat-munich-es","7":"product_cat-munich-actividades-es","8":"product_cat-munich-rutas-turisticas-privadas-es","9":"product_cat-munich-excursiones-es","11":"first","12":"instock","13":"shipping-taxable","14":"purchasable","15":"product-type-simple"},"acf":[],"yoast_head":"<!-- This site is optimized with the Yoast SEO Premium plugin v25.3.1 (Yoast SEO v25.3.1) - https:\/\/yoast.com\/wordpress\/plugins\/seo\/ -->\n<title>Tour Privado de Berchtesgaden y Nido del \u00c1guila desde Munich | TTM<\/title>\n<meta name=\"description\" content=\"Disfrute de este Tour Privado de Berchtesgaden y Nido del \u00c1guila desde la ciudad de Munich junto a su chofer\/gu\u00eda privado en un veh\u00edculo de lujo \u2705\" \/>\n<meta name=\"robots\" content=\"index, follow, max-snippet:-1, max-image-preview:large, max-video-preview:-1\" \/>\n<link rel=\"canonical\" href=\"https:\/\/tourtravelandmore.com\/es\/tours\/alemania-es\/munich-es\/tour-privado-de-berchtesgaden-y-el-nido-de-aguilas-desde-munich\/\" \/>\n<meta property=\"og:locale\" content=\"es_ES\" \/>\n<meta property=\"og:type\" content=\"article\" \/>\n<meta property=\"og:title\" content=\"Tour Privado de Berchtesgaden y Nido del \u00c1guila\" \/>\n<meta property=\"og:description\" content=\"Disfrute de este Tour Privado de Berchtesgaden y Nido del \u00c1guila desde la ciudad de Munich junto a su chofer\/gu\u00eda privado en un veh\u00edculo de lujo \u2705\" \/>\n<meta property=\"og:url\" content=\"https:\/\/tourtravelandmore.com\/es\/tours\/alemania-es\/munich-es\/tour-privado-de-berchtesgaden-y-el-nido-de-aguilas-desde-munich\/\" \/>\n<meta property=\"og:site_name\" content=\"Tour Travel And More\" \/>\n<meta property=\"article:publisher\" content=\"https:\/\/www.facebook.com\/tourtravelandmore\/\" \/>\n<meta property=\"article:modified_time\" content=\"2022-11-15T19:28:22+00:00\" \/>\n<meta property=\"og:image\" content=\"https:\/\/tourtravelandmore.com\/wp-content\/uploads\/2019\/09\/berchtesgaden.jpg\" \/>\n\t<meta property=\"og:image:width\" content=\"960\" \/>\n\t<meta property=\"og:image:height\" content=\"720\" \/>\n\t<meta property=\"og:image:type\" content=\"image\/jpeg\" \/>\n<meta name=\"twitter:card\" content=\"summary_large_image\" \/>\n<meta name=\"twitter:site\" content=\"@TourTravel_More\" \/>\n<meta name=\"twitter:label1\" content=\"Tiempo de lectura\" \/>\n\t<meta name=\"twitter:data1\" content=\"2 minutos\" \/>\n<script type=\"application\/ld+json\" class=\"yoast-schema-graph\">{\"@context\":\"https:\/\/schema.org\",\"@graph\":[{\"@type\":\"WebPage\",\"@id\":\"https:\/\/tourtravelandmore.com\/es\/tours\/alemania-es\/munich-es\/tour-privado-de-berchtesgaden-y-el-nido-de-aguilas-desde-munich\/\",\"url\":\"https:\/\/tourtravelandmore.com\/es\/tours\/alemania-es\/munich-es\/tour-privado-de-berchtesgaden-y-el-nido-de-aguilas-desde-munich\/\",\"name\":\"Tour Privado de Berchtesgaden y Nido del \u00c1guila desde Munich | TTM\",\"isPartOf\":{\"@id\":\"https:\/\/tourtravelandmore.com\/es\/#website\"},\"primaryImageOfPage\":{\"@id\":\"https:\/\/tourtravelandmore.com\/es\/tours\/alemania-es\/munich-es\/tour-privado-de-berchtesgaden-y-el-nido-de-aguilas-desde-munich\/#primaryimage\"},\"image\":{\"@id\":\"https:\/\/tourtravelandmore.com\/es\/tours\/alemania-es\/munich-es\/tour-privado-de-berchtesgaden-y-el-nido-de-aguilas-desde-munich\/#primaryimage\"},\"thumbnailUrl\":\"https:\/\/tourtravelandmore.com\/wp-content\/uploads\/2019\/09\/berchtesgaden.jpg\",\"datePublished\":\"2019-09-07T21:23:20+00:00\",\"dateModified\":\"2022-11-15T19:28:22+00:00\",\"description\":\"Disfrute de este Tour Privado de Berchtesgaden y Nido del \u00c1guila desde la ciudad de Munich junto a su chofer\/gu\u00eda privado en un veh\u00edculo de lujo \u2705\",\"breadcrumb\":{\"@id\":\"https:\/\/tourtravelandmore.com\/es\/tours\/alemania-es\/munich-es\/tour-privado-de-berchtesgaden-y-el-nido-de-aguilas-desde-munich\/#breadcrumb\"},\"inLanguage\":\"es\",\"potentialAction\":[{\"@type\":\"ReadAction\",\"target\":[\"https:\/\/tourtravelandmore.com\/es\/tours\/alemania-es\/munich-es\/tour-privado-de-berchtesgaden-y-el-nido-de-aguilas-desde-munich\/\"]}]},{\"@type\":\"ImageObject\",\"inLanguage\":\"es\",\"@id\":\"https:\/\/tourtravelandmore.com\/es\/tours\/alemania-es\/munich-es\/tour-privado-de-berchtesgaden-y-el-nido-de-aguilas-desde-munich\/#primaryimage\",\"url\":\"https:\/\/tourtravelandmore.com\/wp-content\/uploads\/2019\/09\/berchtesgaden.jpg\",\"contentUrl\":\"https:\/\/tourtravelandmore.com\/wp-content\/uploads\/2019\/09\/berchtesgaden.jpg\",\"width\":960,\"height\":720,\"caption\":\"eagle's nest\"},{\"@type\":\"BreadcrumbList\",\"@id\":\"https:\/\/tourtravelandmore.com\/es\/tours\/alemania-es\/munich-es\/tour-privado-de-berchtesgaden-y-el-nido-de-aguilas-desde-munich\/#breadcrumb\",\"itemListElement\":[{\"@type\":\"ListItem\",\"position\":1,\"name\":\"Home\",\"item\":\"https:\/\/tourtravelandmore.com\/es\/\"},{\"@type\":\"ListItem\",\"position\":2,\"name\":\"Tours\",\"item\":\"https:\/\/tourtravelandmore.com\/es\/tours\/\"},{\"@type\":\"ListItem\",\"position\":3,\"name\":\"Tour Privado de Berchtesgaden y Nido del \u00c1guila\"}]},{\"@type\":\"WebSite\",\"@id\":\"https:\/\/tourtravelandmore.com\/es\/#website\",\"url\":\"https:\/\/tourtravelandmore.com\/es\/\",\"name\":\"Tour Travel And More\",\"description\":\"Private sightseeing tours and luxury transfers in Spain\",\"publisher\":{\"@id\":\"https:\/\/tourtravelandmore.com\/es\/#organization\"},\"potentialAction\":[{\"@type\":\"SearchAction\",\"target\":{\"@type\":\"EntryPoint\",\"urlTemplate\":\"https:\/\/tourtravelandmore.com\/es\/?s={search_term_string}\"},\"query-input\":{\"@type\":\"PropertyValueSpecification\",\"valueRequired\":true,\"valueName\":\"search_term_string\"}}],\"inLanguage\":\"es\"},{\"@type\":\"Organization\",\"@id\":\"https:\/\/tourtravelandmore.com\/es\/#organization\",\"name\":\"Tour Travel And More\",\"url\":\"https:\/\/tourtravelandmore.com\/es\/\",\"logo\":{\"@type\":\"ImageObject\",\"inLanguage\":\"es\",\"@id\":\"https:\/\/tourtravelandmore.com\/es\/#\/schema\/logo\/image\/\",\"url\":\"https:\/\/tourtravelandmore.com\/wp-content\/uploads\/2022\/12\/cropped-logo-cabecera-new.png\",\"contentUrl\":\"https:\/\/tourtravelandmore.com\/wp-content\/uploads\/2022\/12\/cropped-logo-cabecera-new.png\",\"width\":430,\"height\":61,\"caption\":\"Tour Travel And More\"},\"image\":{\"@id\":\"https:\/\/tourtravelandmore.com\/es\/#\/schema\/logo\/image\/\"},\"sameAs\":[\"https:\/\/www.facebook.com\/tourtravelandmore\/\",\"https:\/\/x.com\/TourTravel_More\"]}]}<\/script>\n<!-- \/ Yoast SEO Premium plugin. -->","yoast_head_json":{"title":"Tour Privado de Berchtesgaden y Nido del \u00c1guila desde Munich | TTM","description":"Disfrute de este Tour Privado de Berchtesgaden y Nido del \u00c1guila desde la ciudad de Munich junto a su chofer\/gu\u00eda privado en un veh\u00edculo de lujo \u2705","robots":{"index":"index","follow":"follow","max-snippet":"max-snippet:-1","max-image-preview":"max-image-preview:large","max-video-preview":"max-video-preview:-1"},"canonical":"https:\/\/tourtravelandmore.com\/es\/tours\/alemania-es\/munich-es\/tour-privado-de-berchtesgaden-y-el-nido-de-aguilas-desde-munich\/","og_locale":"es_ES","og_type":"article","og_title":"Tour Privado de Berchtesgaden y Nido del \u00c1guila","og_description":"Disfrute de este Tour Privado de Berchtesgaden y Nido del \u00c1guila desde la ciudad de Munich junto a su chofer\/gu\u00eda privado en un veh\u00edculo de lujo \u2705","og_url":"https:\/\/tourtravelandmore.com\/es\/tours\/alemania-es\/munich-es\/tour-privado-de-berchtesgaden-y-el-nido-de-aguilas-desde-munich\/","og_site_name":"Tour Travel And More","article_publisher":"https:\/\/www.facebook.com\/tourtravelandmore\/","article_modified_time":"2022-11-15T19:28:22+00:00","og_image":[{"width":960,"height":720,"url":"https:\/\/tourtravelandmore.com\/wp-content\/uploads\/2019\/09\/berchtesgaden.jpg","type":"image\/jpeg"}],"twitter_card":"summary_large_image","twitter_site":"@TourTravel_More","twitter_misc":{"Tiempo de lectura":"2 minutos"},"schema":{"@context":"https:\/\/schema.org","@graph":[{"@type":"WebPage","@id":"https:\/\/tourtravelandmore.com\/es\/tours\/alemania-es\/munich-es\/tour-privado-de-berchtesgaden-y-el-nido-de-aguilas-desde-munich\/","url":"https:\/\/tourtravelandmore.com\/es\/tours\/alemania-es\/munich-es\/tour-privado-de-berchtesgaden-y-el-nido-de-aguilas-desde-munich\/","name":"Tour Privado de Berchtesgaden y Nido del \u00c1guila desde Munich | TTM","isPartOf":{"@id":"https:\/\/tourtravelandmore.com\/es\/#website"},"primaryImageOfPage":{"@id":"https:\/\/tourtravelandmore.com\/es\/tours\/alemania-es\/munich-es\/tour-privado-de-berchtesgaden-y-el-nido-de-aguilas-desde-munich\/#primaryimage"},"image":{"@id":"https:\/\/tourtravelandmore.com\/es\/tours\/alemania-es\/munich-es\/tour-privado-de-berchtesgaden-y-el-nido-de-aguilas-desde-munich\/#primaryimage"},"thumbnailUrl":"https:\/\/tourtravelandmore.com\/wp-content\/uploads\/2019\/09\/berchtesgaden.jpg","datePublished":"2019-09-07T21:23:20+00:00","dateModified":"2022-11-15T19:28:22+00:00","description":"Disfrute de este Tour Privado de Berchtesgaden y Nido del \u00c1guila desde la ciudad de Munich junto a su chofer\/gu\u00eda privado en un veh\u00edculo de lujo \u2705","breadcrumb":{"@id":"https:\/\/tourtravelandmore.com\/es\/tours\/alemania-es\/munich-es\/tour-privado-de-berchtesgaden-y-el-nido-de-aguilas-desde-munich\/#breadcrumb"},"inLanguage":"es","potentialAction":[{"@type":"ReadAction","target":["https:\/\/tourtravelandmore.com\/es\/tours\/alemania-es\/munich-es\/tour-privado-de-berchtesgaden-y-el-nido-de-aguilas-desde-munich\/"]}]},{"@type":"ImageObject","inLanguage":"es","@id":"https:\/\/tourtravelandmore.com\/es\/tours\/alemania-es\/munich-es\/tour-privado-de-berchtesgaden-y-el-nido-de-aguilas-desde-munich\/#primaryimage","url":"https:\/\/tourtravelandmore.com\/wp-content\/uploads\/2019\/09\/berchtesgaden.jpg","contentUrl":"https:\/\/tourtravelandmore.com\/wp-content\/uploads\/2019\/09\/berchtesgaden.jpg","width":960,"height":720,"caption":"eagle's nest"},{"@type":"BreadcrumbList","@id":"https:\/\/tourtravelandmore.com\/es\/tours\/alemania-es\/munich-es\/tour-privado-de-berchtesgaden-y-el-nido-de-aguilas-desde-munich\/#breadcrumb","itemListElement":[{"@type":"ListItem","position":1,"name":"Home","item":"https:\/\/tourtravelandmore.com\/es\/"},{"@type":"ListItem","position":2,"name":"Tours","item":"https:\/\/tourtravelandmore.com\/es\/tours\/"},{"@type":"ListItem","position":3,"name":"Tour Privado de Berchtesgaden y Nido del \u00c1guila"}]},{"@type":"WebSite","@id":"https:\/\/tourtravelandmore.com\/es\/#website","url":"https:\/\/tourtravelandmore.com\/es\/","name":"Tour Travel And More","description":"Private sightseeing tours and luxury transfers in Spain","publisher":{"@id":"https:\/\/tourtravelandmore.com\/es\/#organization"},"potentialAction":[{"@type":"SearchAction","target":{"@type":"EntryPoint","urlTemplate":"https:\/\/tourtravelandmore.com\/es\/?s={search_term_string}"},"query-input":{"@type":"PropertyValueSpecification","valueRequired":true,"valueName":"search_term_string"}}],"inLanguage":"es"},{"@type":"Organization","@id":"https:\/\/tourtravelandmore.com\/es\/#organization","name":"Tour Travel And More","url":"https:\/\/tourtravelandmore.com\/es\/","logo":{"@type":"ImageObject","inLanguage":"es","@id":"https:\/\/tourtravelandmore.com\/es\/#\/schema\/logo\/image\/","url":"https:\/\/tourtravelandmore.com\/wp-content\/uploads\/2022\/12\/cropped-logo-cabecera-new.png","contentUrl":"https:\/\/tourtravelandmore.com\/wp-content\/uploads\/2022\/12\/cropped-logo-cabecera-new.png","width":430,"height":61,"caption":"Tour Travel And More"},"image":{"@id":"https:\/\/tourtravelandmore.com\/es\/#\/schema\/logo\/image\/"},"sameAs":["https:\/\/www.facebook.com\/tourtravelandmore\/","https:\/\/x.com\/TourTravel_More"]}]}},"_links":{"self":[{"href":"https:\/\/tourtravelandmore.com\/es\/wp-json\/wp\/v2\/product\/65762","targetHints":{"allow":["GET"]}}],"collection":[{"href":"https:\/\/tourtravelandmore.com\/es\/wp-json\/wp\/v2\/product"}],"about":[{"href":"https:\/\/tourtravelandmore.com\/es\/wp-json\/wp\/v2\/types\/product"}],"replies":[{"embeddable":true,"href":"https:\/\/tourtravelandmore.com\/es\/wp-json\/wp\/v2\/comments?post=65762"}],"wp:featuredmedia":[{"embeddable":true,"href":"https:\/\/tourtravelandmore.com\/es\/wp-json\/wp\/v2\/media\/65977"}],"wp:attachment":[{"href":"https:\/\/tourtravelandmore.com\/es\/wp-json\/wp\/v2\/media?parent=65762"}],"wp:term":[{"taxonomy":"product_brand","embeddable":true,"href":"https:\/\/tourtravelandmore.com\/es\/wp-json\/wp\/v2\/product_brand?post=65762"},{"taxonomy":"product_cat","embeddable":true,"href":"https:\/\/tourtravelandmore.com\/es\/wp-json\/wp\/v2\/product_cat?post=65762"},{"taxonomy":"product_tag","embeddable":true,"href":"https:\/\/tourtravelandmore.com\/es\/wp-json\/wp\/v2\/product_tag?post=65762"}],"curies":[{"name":"wp","href":"https:\/\/api.w.org\/{rel}","templated":true}]}}