{"id":65672,"date":"2019-09-07T12:24:12","date_gmt":"2019-09-07T10:24:13","guid":{"rendered":"https:\/\/tourtravelandmore.com\/?post_type=product&#038;p=65672"},"modified":"2022-11-15T20:27:20","modified_gmt":"2022-11-15T19:27:20","slug":"tour-privado-por-el-estadio-del-bayern-munich","status":"publish","type":"product","link":"https:\/\/tourtravelandmore.com\/es\/tours\/alemania-es\/munich-es\/tour-privado-por-el-estadio-del-bayern-munich\/","title":{"rendered":"Tour Privado al estadio del Bayern M\u00fanich"},"content":{"rendered":"<h2><strong>Descripci\u00f3n del Tour Privado al estadio del Bayern M\u00fanich<\/strong><\/h2>\n<p>Avent\u00farese en este <strong>tour privado al estadio del Bayern M\u00fanich<\/strong> junto con un <strong>gu\u00eda tur\u00edstico privado<\/strong>. Conozca de cerca \u00e9l detr\u00e1s de escena de uno de los estadios m\u00e1s famosos del mundo. Explora el <strong>Allianz Arena<\/strong> y siente por ti mismo la experiencia inmersiva del estadio desde la perspectiva de un futbolista profesional.<\/p>\n<p><strong>M\u00fanich<\/strong> es uno de los estados federales m\u00e1s grandes de Alemania y se encuentra en el sur del pa\u00eds. Es la tercera ciudad m\u00e1s grande en habitantes de Alemania despu\u00e9s de Berl\u00edn y Hamburgo. Puede encontrar el r\u00edo Isar en el norte de los Alpes b\u00e1varos.<\/p>\n<p>La ciudad de M\u00fanich tambi\u00e9n es conocida por su importante rol en el f\u00fatbol europeo y mundial. Este es el recorrido perfecto para aquellos que quieran aprender sobre el f\u00fatbol alem\u00e1n y tener una experiencia \u00fanica.<\/p>\n<p>La duraci\u00f3n exacta del recorrido es completamente flexible. Est\u00e1 previsto que este recorrido sea de 3 horas, pero podemos organizar la duraci\u00f3n del recorrido exactamente como lo desee. Recomendamos disfrutar de este tour con un gu\u00eda tur\u00edstico oficial independiente y un veh\u00edculo privado con chofer. Esto le da la oportunidad de tener toda la atenci\u00f3n del gu\u00eda oficial durante el recorrido.<\/p>\n<h2><strong>Puntos de inter\u00e9s del <\/strong><strong>Tour Privado al estadio del Bayern M\u00fanich<\/strong><\/h2>\n<p>En primer lugar, su conductor y gu\u00eda privado lo recoger\u00e1n en su lugar deseado en M\u00fanich. Tendr\u00e1 la oportunidad de determinar la hora de inicio de su tour, ya que es un tour privado y personalizado.<\/p>\n<p>Puede disfrutar de este tour privado del <strong>Allianz Arena<\/strong> junto a su gu\u00eda tur\u00edstico oficial. Entre otros sitios que puedes visitar, te ofrecemos:<\/p>\n<ul>\n<li><a href=\"https:\/\/fcbayern.com\/museum\/es\">FC Bayern Erlebniswelt<\/a><\/li>\n<li><strong>T\u00fanel de jugadores<\/strong><\/li>\n<li><strong>Nivel inferior del soporte principal<\/strong><\/li>\n<li><strong>Nivel medio<\/strong><\/li>\n<li><strong>Vestidor<\/strong><\/li>\n<li>\u00a1Y muchos m\u00e1s sitios en este tour privado!<\/li>\n<\/ul>\n<p>Como dijimos antes, podemos organizar la duraci\u00f3n exacta del recorrido para que se ajuste a sus necesidades personales. Podemos ofrecer horas extra o incluso convertirlo en una experiencia de d\u00eda completo y tambi\u00e9n visitar lo m\u00e1s destacado de M\u00fanich. La entrada al estadio del Bayern est\u00e1 incluida en el precio del tour.<\/p>\n<p>Finalmente, su conductor privado y su gu\u00eda tur\u00edstico oficial lo llevar\u00e1n de regreso a su punto de partida u hotel en M\u00fanich.<\/p>\n<p>Tenemos m\u00faltiples opciones de tours privados en y desde M\u00fanich, eche un vistazo a <a href=\"https:\/\/tourtravelandmore.com\/es\/ciudad\/alemania-es\/munich-es\/\">nuestra lista de tours privados<\/a>.<\/p>\n","protected":false},"excerpt":{"rendered":"<p>Disfrute de este <strong>tour privado al el estadio Bayern de Munich<\/strong> junto con un gu\u00eda tur\u00edstico privado. Ven con nosotros y disfrute de este tour privado completamente personalizado y conozca sus lugares m\u00e1s importantes. No pierdas la oportunidad de conocer el <strong>Allianz Arena<\/strong> y conocer la historia del f\u00fatbol alem\u00e1n.<\/p>\n","protected":false},"featured_media":65684,"comment_status":"open","ping_status":"closed","template":"","meta":{"_acf_changed":false},"product_brand":[],"product_cat":[456,457,459,458],"product_tag":[],"class_list":{"0":"post-65672","1":"product","2":"type-product","3":"status-publish","4":"has-post-thumbnail","6":"product_cat-munich-es","7":"product_cat-munich-actividades-es","8":"product_cat-munich-rutas-turisticas-privadas-es","9":"product_cat-munich-excursiones-es","11":"first","12":"instock","13":"shipping-taxable","14":"purchasable","15":"product-type-simple"},"acf":[],"yoast_head":"<!-- This site is optimized with the Yoast SEO Premium plugin v25.3.1 (Yoast SEO v25.3.1) - https:\/\/yoast.com\/wordpress\/plugins\/seo\/ -->\n<title>Tour Privado al estadio del Bayern Munich con gu\u00eda oficial local | TTM<\/title>\n<meta name=\"description\" content=\"Tour privado al Estadio del Bayern Munich con gu\u00eda oficial. Conozca sus lugares m\u00e1s emblem\u00e1ticos durante su tour en un veh\u00edculo privado con chofer \u2705\" \/>\n<meta name=\"robots\" content=\"index, follow, max-snippet:-1, max-image-preview:large, max-video-preview:-1\" \/>\n<link rel=\"canonical\" href=\"https:\/\/tourtravelandmore.com\/es\/tours\/alemania-es\/munich-es\/tour-privado-por-el-estadio-del-bayern-munich\/\" \/>\n<meta property=\"og:locale\" content=\"es_ES\" \/>\n<meta property=\"og:type\" content=\"article\" \/>\n<meta property=\"og:title\" content=\"Tour Privado al estadio del Bayern M\u00fanich\" \/>\n<meta property=\"og:description\" content=\"Tour privado al Estadio del Bayern Munich con gu\u00eda oficial. Conozca sus lugares m\u00e1s emblem\u00e1ticos durante su tour en un veh\u00edculo privado con chofer \u2705\" \/>\n<meta property=\"og:url\" content=\"https:\/\/tourtravelandmore.com\/es\/tours\/alemania-es\/munich-es\/tour-privado-por-el-estadio-del-bayern-munich\/\" \/>\n<meta property=\"og:site_name\" content=\"Tour Travel And More\" \/>\n<meta property=\"article:publisher\" content=\"https:\/\/www.facebook.com\/tourtravelandmore\/\" \/>\n<meta property=\"article:modified_time\" content=\"2022-11-15T19:27:20+00:00\" \/>\n<meta property=\"og:image\" content=\"https:\/\/tourtravelandmore.com\/wp-content\/uploads\/2019\/09\/bayern.munich.4.jpg\" \/>\n\t<meta property=\"og:image:width\" content=\"1024\" \/>\n\t<meta property=\"og:image:height\" content=\"768\" \/>\n\t<meta property=\"og:image:type\" content=\"image\/jpeg\" \/>\n<meta name=\"twitter:card\" content=\"summary_large_image\" \/>\n<meta name=\"twitter:site\" content=\"@TourTravel_More\" \/>\n<meta name=\"twitter:label1\" content=\"Tiempo de lectura\" \/>\n\t<meta name=\"twitter:data1\" content=\"2 minutos\" \/>\n<script type=\"application\/ld+json\" class=\"yoast-schema-graph\">{\"@context\":\"https:\/\/schema.org\",\"@graph\":[{\"@type\":\"WebPage\",\"@id\":\"https:\/\/tourtravelandmore.com\/es\/tours\/alemania-es\/munich-es\/tour-privado-por-el-estadio-del-bayern-munich\/\",\"url\":\"https:\/\/tourtravelandmore.com\/es\/tours\/alemania-es\/munich-es\/tour-privado-por-el-estadio-del-bayern-munich\/\",\"name\":\"Tour Privado al estadio del Bayern Munich con gu\u00eda oficial local | TTM\",\"isPartOf\":{\"@id\":\"https:\/\/tourtravelandmore.com\/es\/#website\"},\"primaryImageOfPage\":{\"@id\":\"https:\/\/tourtravelandmore.com\/es\/tours\/alemania-es\/munich-es\/tour-privado-por-el-estadio-del-bayern-munich\/#primaryimage\"},\"image\":{\"@id\":\"https:\/\/tourtravelandmore.com\/es\/tours\/alemania-es\/munich-es\/tour-privado-por-el-estadio-del-bayern-munich\/#primaryimage\"},\"thumbnailUrl\":\"https:\/\/tourtravelandmore.com\/wp-content\/uploads\/2019\/09\/bayern.munich.4.jpg\",\"datePublished\":\"2019-09-07T10:24:13+00:00\",\"dateModified\":\"2022-11-15T19:27:20+00:00\",\"description\":\"Tour privado al Estadio del Bayern Munich con gu\u00eda oficial. Conozca sus lugares m\u00e1s emblem\u00e1ticos durante su tour en un veh\u00edculo privado con chofer \u2705\",\"breadcrumb\":{\"@id\":\"https:\/\/tourtravelandmore.com\/es\/tours\/alemania-es\/munich-es\/tour-privado-por-el-estadio-del-bayern-munich\/#breadcrumb\"},\"inLanguage\":\"es\",\"potentialAction\":[{\"@type\":\"ReadAction\",\"target\":[\"https:\/\/tourtravelandmore.com\/es\/tours\/alemania-es\/munich-es\/tour-privado-por-el-estadio-del-bayern-munich\/\"]}]},{\"@type\":\"ImageObject\",\"inLanguage\":\"es\",\"@id\":\"https:\/\/tourtravelandmore.com\/es\/tours\/alemania-es\/munich-es\/tour-privado-por-el-estadio-del-bayern-munich\/#primaryimage\",\"url\":\"https:\/\/tourtravelandmore.com\/wp-content\/uploads\/2019\/09\/bayern.munich.4.jpg\",\"contentUrl\":\"https:\/\/tourtravelandmore.com\/wp-content\/uploads\/2019\/09\/bayern.munich.4.jpg\",\"width\":1024,\"height\":768},{\"@type\":\"BreadcrumbList\",\"@id\":\"https:\/\/tourtravelandmore.com\/es\/tours\/alemania-es\/munich-es\/tour-privado-por-el-estadio-del-bayern-munich\/#breadcrumb\",\"itemListElement\":[{\"@type\":\"ListItem\",\"position\":1,\"name\":\"Home\",\"item\":\"https:\/\/tourtravelandmore.com\/es\/\"},{\"@type\":\"ListItem\",\"position\":2,\"name\":\"Tours\",\"item\":\"https:\/\/tourtravelandmore.com\/es\/tours\/\"},{\"@type\":\"ListItem\",\"position\":3,\"name\":\"Tour Privado al estadio del Bayern M\u00fanich\"}]},{\"@type\":\"WebSite\",\"@id\":\"https:\/\/tourtravelandmore.com\/es\/#website\",\"url\":\"https:\/\/tourtravelandmore.com\/es\/\",\"name\":\"Tour Travel And More\",\"description\":\"Private sightseeing tours and luxury transfers in Spain\",\"publisher\":{\"@id\":\"https:\/\/tourtravelandmore.com\/es\/#organization\"},\"potentialAction\":[{\"@type\":\"SearchAction\",\"target\":{\"@type\":\"EntryPoint\",\"urlTemplate\":\"https:\/\/tourtravelandmore.com\/es\/?s={search_term_string}\"},\"query-input\":{\"@type\":\"PropertyValueSpecification\",\"valueRequired\":true,\"valueName\":\"search_term_string\"}}],\"inLanguage\":\"es\"},{\"@type\":\"Organization\",\"@id\":\"https:\/\/tourtravelandmore.com\/es\/#organization\",\"name\":\"Tour Travel And More\",\"url\":\"https:\/\/tourtravelandmore.com\/es\/\",\"logo\":{\"@type\":\"ImageObject\",\"inLanguage\":\"es\",\"@id\":\"https:\/\/tourtravelandmore.com\/es\/#\/schema\/logo\/image\/\",\"url\":\"https:\/\/tourtravelandmore.com\/wp-content\/uploads\/2022\/12\/cropped-logo-cabecera-new.png\",\"contentUrl\":\"https:\/\/tourtravelandmore.com\/wp-content\/uploads\/2022\/12\/cropped-logo-cabecera-new.png\",\"width\":430,\"height\":61,\"caption\":\"Tour Travel And More\"},\"image\":{\"@id\":\"https:\/\/tourtravelandmore.com\/es\/#\/schema\/logo\/image\/\"},\"sameAs\":[\"https:\/\/www.facebook.com\/tourtravelandmore\/\",\"https:\/\/x.com\/TourTravel_More\"]}]}<\/script>\n<!-- \/ Yoast SEO Premium plugin. -->","yoast_head_json":{"title":"Tour Privado al estadio del Bayern Munich con gu\u00eda oficial local | TTM","description":"Tour privado al Estadio del Bayern Munich con gu\u00eda oficial. Conozca sus lugares m\u00e1s emblem\u00e1ticos durante su tour en un veh\u00edculo privado con chofer \u2705","robots":{"index":"index","follow":"follow","max-snippet":"max-snippet:-1","max-image-preview":"max-image-preview:large","max-video-preview":"max-video-preview:-1"},"canonical":"https:\/\/tourtravelandmore.com\/es\/tours\/alemania-es\/munich-es\/tour-privado-por-el-estadio-del-bayern-munich\/","og_locale":"es_ES","og_type":"article","og_title":"Tour Privado al estadio del Bayern M\u00fanich","og_description":"Tour privado al Estadio del Bayern Munich con gu\u00eda oficial. Conozca sus lugares m\u00e1s emblem\u00e1ticos durante su tour en un veh\u00edculo privado con chofer \u2705","og_url":"https:\/\/tourtravelandmore.com\/es\/tours\/alemania-es\/munich-es\/tour-privado-por-el-estadio-del-bayern-munich\/","og_site_name":"Tour Travel And More","article_publisher":"https:\/\/www.facebook.com\/tourtravelandmore\/","article_modified_time":"2022-11-15T19:27:20+00:00","og_image":[{"width":1024,"height":768,"url":"https:\/\/tourtravelandmore.com\/wp-content\/uploads\/2019\/09\/bayern.munich.4.jpg","type":"image\/jpeg"}],"twitter_card":"summary_large_image","twitter_site":"@TourTravel_More","twitter_misc":{"Tiempo de lectura":"2 minutos"},"schema":{"@context":"https:\/\/schema.org","@graph":[{"@type":"WebPage","@id":"https:\/\/tourtravelandmore.com\/es\/tours\/alemania-es\/munich-es\/tour-privado-por-el-estadio-del-bayern-munich\/","url":"https:\/\/tourtravelandmore.com\/es\/tours\/alemania-es\/munich-es\/tour-privado-por-el-estadio-del-bayern-munich\/","name":"Tour Privado al estadio del Bayern Munich con gu\u00eda oficial local | TTM","isPartOf":{"@id":"https:\/\/tourtravelandmore.com\/es\/#website"},"primaryImageOfPage":{"@id":"https:\/\/tourtravelandmore.com\/es\/tours\/alemania-es\/munich-es\/tour-privado-por-el-estadio-del-bayern-munich\/#primaryimage"},"image":{"@id":"https:\/\/tourtravelandmore.com\/es\/tours\/alemania-es\/munich-es\/tour-privado-por-el-estadio-del-bayern-munich\/#primaryimage"},"thumbnailUrl":"https:\/\/tourtravelandmore.com\/wp-content\/uploads\/2019\/09\/bayern.munich.4.jpg","datePublished":"2019-09-07T10:24:13+00:00","dateModified":"2022-11-15T19:27:20+00:00","description":"Tour privado al Estadio del Bayern Munich con gu\u00eda oficial. Conozca sus lugares m\u00e1s emblem\u00e1ticos durante su tour en un veh\u00edculo privado con chofer \u2705","breadcrumb":{"@id":"https:\/\/tourtravelandmore.com\/es\/tours\/alemania-es\/munich-es\/tour-privado-por-el-estadio-del-bayern-munich\/#breadcrumb"},"inLanguage":"es","potentialAction":[{"@type":"ReadAction","target":["https:\/\/tourtravelandmore.com\/es\/tours\/alemania-es\/munich-es\/tour-privado-por-el-estadio-del-bayern-munich\/"]}]},{"@type":"ImageObject","inLanguage":"es","@id":"https:\/\/tourtravelandmore.com\/es\/tours\/alemania-es\/munich-es\/tour-privado-por-el-estadio-del-bayern-munich\/#primaryimage","url":"https:\/\/tourtravelandmore.com\/wp-content\/uploads\/2019\/09\/bayern.munich.4.jpg","contentUrl":"https:\/\/tourtravelandmore.com\/wp-content\/uploads\/2019\/09\/bayern.munich.4.jpg","width":1024,"height":768},{"@type":"BreadcrumbList","@id":"https:\/\/tourtravelandmore.com\/es\/tours\/alemania-es\/munich-es\/tour-privado-por-el-estadio-del-bayern-munich\/#breadcrumb","itemListElement":[{"@type":"ListItem","position":1,"name":"Home","item":"https:\/\/tourtravelandmore.com\/es\/"},{"@type":"ListItem","position":2,"name":"Tours","item":"https:\/\/tourtravelandmore.com\/es\/tours\/"},{"@type":"ListItem","position":3,"name":"Tour Privado al estadio del Bayern M\u00fanich"}]},{"@type":"WebSite","@id":"https:\/\/tourtravelandmore.com\/es\/#website","url":"https:\/\/tourtravelandmore.com\/es\/","name":"Tour Travel And More","description":"Private sightseeing tours and luxury transfers in Spain","publisher":{"@id":"https:\/\/tourtravelandmore.com\/es\/#organization"},"potentialAction":[{"@type":"SearchAction","target":{"@type":"EntryPoint","urlTemplate":"https:\/\/tourtravelandmore.com\/es\/?s={search_term_string}"},"query-input":{"@type":"PropertyValueSpecification","valueRequired":true,"valueName":"search_term_string"}}],"inLanguage":"es"},{"@type":"Organization","@id":"https:\/\/tourtravelandmore.com\/es\/#organization","name":"Tour Travel And More","url":"https:\/\/tourtravelandmore.com\/es\/","logo":{"@type":"ImageObject","inLanguage":"es","@id":"https:\/\/tourtravelandmore.com\/es\/#\/schema\/logo\/image\/","url":"https:\/\/tourtravelandmore.com\/wp-content\/uploads\/2022\/12\/cropped-logo-cabecera-new.png","contentUrl":"https:\/\/tourtravelandmore.com\/wp-content\/uploads\/2022\/12\/cropped-logo-cabecera-new.png","width":430,"height":61,"caption":"Tour Travel And More"},"image":{"@id":"https:\/\/tourtravelandmore.com\/es\/#\/schema\/logo\/image\/"},"sameAs":["https:\/\/www.facebook.com\/tourtravelandmore\/","https:\/\/x.com\/TourTravel_More"]}]}},"_links":{"self":[{"href":"https:\/\/tourtravelandmore.com\/es\/wp-json\/wp\/v2\/product\/65672","targetHints":{"allow":["GET"]}}],"collection":[{"href":"https:\/\/tourtravelandmore.com\/es\/wp-json\/wp\/v2\/product"}],"about":[{"href":"https:\/\/tourtravelandmore.com\/es\/wp-json\/wp\/v2\/types\/product"}],"replies":[{"embeddable":true,"href":"https:\/\/tourtravelandmore.com\/es\/wp-json\/wp\/v2\/comments?post=65672"}],"wp:featuredmedia":[{"embeddable":true,"href":"https:\/\/tourtravelandmore.com\/es\/wp-json\/wp\/v2\/media\/65684"}],"wp:attachment":[{"href":"https:\/\/tourtravelandmore.com\/es\/wp-json\/wp\/v2\/media?parent=65672"}],"wp:term":[{"taxonomy":"product_brand","embeddable":true,"href":"https:\/\/tourtravelandmore.com\/es\/wp-json\/wp\/v2\/product_brand?post=65672"},{"taxonomy":"product_cat","embeddable":true,"href":"https:\/\/tourtravelandmore.com\/es\/wp-json\/wp\/v2\/product_cat?post=65672"},{"taxonomy":"product_tag","embeddable":true,"href":"https:\/\/tourtravelandmore.com\/es\/wp-json\/wp\/v2\/product_tag?post=65672"}],"curies":[{"name":"wp","href":"https:\/\/api.w.org\/{rel}","templated":true}]}}