{"id":65619,"date":"2019-09-06T19:15:18","date_gmt":"2019-09-06T17:15:18","guid":{"rendered":"https:\/\/tourtravelandmore.com\/?post_type=product&#038;p=65619"},"modified":"2022-11-15T20:28:07","modified_gmt":"2022-11-15T19:28:07","slug":"tour-privado-de-augsburgo-desde-munich","status":"publish","type":"product","link":"https:\/\/tourtravelandmore.com\/es\/tours\/alemania-es\/munich-es\/tour-privado-de-augsburgo-desde-munich\/","title":{"rendered":"Tour Privado a Augsburgo desde Munich"},"content":{"rendered":"<h2><strong>Descripci\u00f3n del Tour Privado a Augsburgo desde M\u00fanich<\/strong><\/h2>\n<p><strong>Augsburgo<\/strong> es una de las ciudades m\u00e1s antiguas de Alemania que tiene una arquitectura variada. Disfrute de este <strong>tour privado a Augsburgo desde M\u00fanich<\/strong> en un <strong>veh\u00edculo de lujo privado junto con un conductor\/gu\u00eda privado<\/strong>.<\/p>\n<p>La recogida ser\u00e1 en su hotel o lugar de elecci\u00f3n en M\u00fanich a la hora deseada por usted. Tendr\u00e1s un d\u00eda lleno de experiencias y grandes recuerdos.<\/p>\n<p><strong>Augsburgo<\/strong> es una ciudad llena de vida y encanto. Aqu\u00ed encontrar\u00e1 casas con hermosos colores en sus fachadas o techos junto con hermosos arreglos florales en sus ventanas. Es una ciudad perfecta para caminar o simplemente pasear en bicicleta.<\/p>\n<p>En este tour privado tendr\u00e1 un conductor\/gu\u00eda privado a su total disposici\u00f3n durante todo el recorrido. En caso de que lo prefiera, podemos incluir un gu\u00eda tur\u00edstico local en Augsburgo para una experiencia m\u00e1s completa.<\/p>\n<p>En <strong>Tour Travel and More<\/strong> contamos con un grupo de expertos en viajes ansiosos por ayudarlo a encontrar su mejor tour o experiencia. Si tiene algo en mente, h\u00e1ganoslo saber y haremos todo lo posible para ayudarlo.<\/p>\n<h2><strong>Puntos de inter\u00e9s en el Tour Privado a Augsburgo desde M\u00fanich<\/strong><\/h2>\n<p>Su recorrido comenzar\u00e1 tan pronto como su conductor\/gu\u00eda privado lo recoja en su hotel en M\u00fanich. Disfrutar\u00e1s de la ciudad de <strong>Augsburgo<\/strong> desde otra perspectiva con la ayuda de un profesional.<\/p>\n<p>La ciudad es conocida por su antigua arquitectura alemana. Entre los sitios que visitar\u00e1, su conductor\/gu\u00eda tur\u00edstico lo guiar\u00e1 a trav\u00e9s de <strong>Goldener Saal<\/strong>, una sala ceremonial famosa por sus pinturas en el techo y paredes doradas o hasta la <strong>Torre Perlach<\/strong>. Es una torre de 70 metros de altura ubicada en el distrito central.<\/p>\n<p>Entre otros lugares y monumentos que podr\u00e1s visitar<\/p>\n<ul>\n<li><strong>Iglesia de Santa Ana<\/strong><\/li>\n<li><strong>Goldener Saal<\/strong><\/li>\n<li><strong>Fuggerei<\/strong><\/li>\n<li><strong>Torre Perlach<\/strong><\/li>\n<li><strong>Fuente de Augusto<\/strong><\/li>\n<li><strong>Fuente de H\u00e9rcules<\/strong><\/li>\n<li><strong>Rathausplatz<\/strong><\/li>\n<li><strong>Ayuntamiento<\/strong><\/li>\n<li><a href=\"https:\/\/bistum-augsburg.de\/Pfarreien\/Hlgst.-Herz-Jesu_Augsburg-Dom\/Der-Dom\">Catedral de Augsburgo<\/a><\/li>\n<li><strong>Mozarthaus Augsburg<\/strong><\/li>\n<li><strong>Maximillianstra\u00dfe<\/strong><\/li>\n<li><strong>Fuente de mercurio<\/strong><\/li>\n<li><strong>Fuggerh\u00e4user<\/strong><\/li>\n<li><strong>Schaezlerpalais<\/strong><\/li>\n<li><strong>Handswerkermuseum<\/strong><\/li>\n<li>\u00a1Y muchos m\u00e1s!<\/li>\n<\/ul>\n<p>Durante este tour privado a Augsburgo desde M\u00fanich tambi\u00e9n tendr\u00e1s tiempo libre para degustar un plato t\u00edpico de la zona.<\/p>\n<p>En caso de que lo prefieras, podemos incluir entradas para cualquier monumento o museo que desees visitar. Este es un tour privado solo para ti y tu grupo.<\/p>\n<p>Finalmente, su conductor\/gu\u00eda privado lo llevar\u00e1 de regreso a su hotel o lugar de elecci\u00f3n en M\u00fanich.<\/p>\n<p>Si est\u00e1 buscando otra opci\u00f3n de tour de d\u00eda completo, eche un vistazo a <a href=\"https:\/\/tourtravelandmore.com\/es\/tours\/alemania-es\/munich-es\/tour-privado-de-rothenburo-desde-munich\/\">nuestro tour privado a Rothenburgo desde M\u00fanich<\/a>.<\/p>\n","protected":false},"excerpt":{"rendered":"<p>Si est\u00e1 buscando una experiencia de d\u00eda completo desde M\u00fanich, no puede perderse este <strong>tour privado de Augsburgo<\/strong>. El servicio se llevar\u00e1 a cabo en un veh\u00edculo privado de lujo con un conductor\/gu\u00eda profesional. Visitar\u00e1 una de las ciudades m\u00e1s antiguas de Alemania que tiene mucho que ofrecer. Conozca lugares como la <strong>Iglesia de Santa Ana<\/strong>, <strong>Goldener Saal<\/strong>, <strong>Fuggerei<\/strong> y mucho m\u00e1s.<\/p>\n<p>&nbsp;<\/p>\n","protected":false},"featured_media":65648,"comment_status":"open","ping_status":"closed","template":"","meta":{"_acf_changed":false},"product_brand":[],"product_cat":[456,457,459,458],"product_tag":[],"class_list":{"0":"post-65619","1":"product","2":"type-product","3":"status-publish","4":"has-post-thumbnail","6":"product_cat-munich-es","7":"product_cat-munich-actividades-es","8":"product_cat-munich-rutas-turisticas-privadas-es","9":"product_cat-munich-excursiones-es","11":"first","12":"instock","13":"shipping-taxable","14":"purchasable","15":"product-type-simple"},"acf":[],"yoast_head":"<!-- This site is optimized with the Yoast SEO Premium plugin v25.3.1 (Yoast SEO v25.3.1) - https:\/\/yoast.com\/wordpress\/plugins\/seo\/ -->\n<title>Tour Privado a Augsburgo desde Munich en veh\u00edculo de lujo | TTM<\/title>\n<meta name=\"description\" content=\"Tour privado a Augsburgo desde Munich con chofer\/gu\u00eda oficial. Conozca los lugares m\u00e1s emblem\u00e1ticos de Augsburgo en un veh\u00edculo privado \u2705\" \/>\n<meta name=\"robots\" content=\"index, follow, max-snippet:-1, max-image-preview:large, max-video-preview:-1\" \/>\n<link rel=\"canonical\" href=\"https:\/\/tourtravelandmore.com\/es\/tours\/alemania-es\/munich-es\/tour-privado-de-augsburgo-desde-munich\/\" \/>\n<meta property=\"og:locale\" content=\"es_ES\" \/>\n<meta property=\"og:type\" content=\"article\" \/>\n<meta property=\"og:title\" content=\"Tour Privado a Augsburgo desde Munich\" \/>\n<meta property=\"og:description\" content=\"Tour privado a Augsburgo desde Munich con chofer\/gu\u00eda oficial. Conozca los lugares m\u00e1s emblem\u00e1ticos de Augsburgo en un veh\u00edculo privado \u2705\" \/>\n<meta property=\"og:url\" content=\"https:\/\/tourtravelandmore.com\/es\/tours\/alemania-es\/munich-es\/tour-privado-de-augsburgo-desde-munich\/\" \/>\n<meta property=\"og:site_name\" content=\"Tour Travel And More\" \/>\n<meta property=\"article:publisher\" content=\"https:\/\/www.facebook.com\/tourtravelandmore\/\" \/>\n<meta property=\"article:modified_time\" content=\"2022-11-15T19:28:07+00:00\" \/>\n<meta property=\"og:image\" content=\"https:\/\/tourtravelandmore.com\/wp-content\/uploads\/2019\/09\/augsburg.jpg\" \/>\n\t<meta property=\"og:image:width\" content=\"960\" \/>\n\t<meta property=\"og:image:height\" content=\"720\" \/>\n\t<meta property=\"og:image:type\" content=\"image\/jpeg\" \/>\n<meta name=\"twitter:card\" content=\"summary_large_image\" \/>\n<meta name=\"twitter:site\" content=\"@TourTravel_More\" \/>\n<meta name=\"twitter:label1\" content=\"Tiempo de lectura\" \/>\n\t<meta name=\"twitter:data1\" content=\"2 minutos\" \/>\n<script type=\"application\/ld+json\" class=\"yoast-schema-graph\">{\"@context\":\"https:\/\/schema.org\",\"@graph\":[{\"@type\":\"WebPage\",\"@id\":\"https:\/\/tourtravelandmore.com\/es\/tours\/alemania-es\/munich-es\/tour-privado-de-augsburgo-desde-munich\/\",\"url\":\"https:\/\/tourtravelandmore.com\/es\/tours\/alemania-es\/munich-es\/tour-privado-de-augsburgo-desde-munich\/\",\"name\":\"Tour Privado a Augsburgo desde Munich en veh\u00edculo de lujo | TTM\",\"isPartOf\":{\"@id\":\"https:\/\/tourtravelandmore.com\/es\/#website\"},\"primaryImageOfPage\":{\"@id\":\"https:\/\/tourtravelandmore.com\/es\/tours\/alemania-es\/munich-es\/tour-privado-de-augsburgo-desde-munich\/#primaryimage\"},\"image\":{\"@id\":\"https:\/\/tourtravelandmore.com\/es\/tours\/alemania-es\/munich-es\/tour-privado-de-augsburgo-desde-munich\/#primaryimage\"},\"thumbnailUrl\":\"https:\/\/tourtravelandmore.com\/wp-content\/uploads\/2019\/09\/augsburg.jpg\",\"datePublished\":\"2019-09-06T17:15:18+00:00\",\"dateModified\":\"2022-11-15T19:28:07+00:00\",\"description\":\"Tour privado a Augsburgo desde Munich con chofer\/gu\u00eda oficial. Conozca los lugares m\u00e1s emblem\u00e1ticos de Augsburgo en un veh\u00edculo privado \u2705\",\"breadcrumb\":{\"@id\":\"https:\/\/tourtravelandmore.com\/es\/tours\/alemania-es\/munich-es\/tour-privado-de-augsburgo-desde-munich\/#breadcrumb\"},\"inLanguage\":\"es\",\"potentialAction\":[{\"@type\":\"ReadAction\",\"target\":[\"https:\/\/tourtravelandmore.com\/es\/tours\/alemania-es\/munich-es\/tour-privado-de-augsburgo-desde-munich\/\"]}]},{\"@type\":\"ImageObject\",\"inLanguage\":\"es\",\"@id\":\"https:\/\/tourtravelandmore.com\/es\/tours\/alemania-es\/munich-es\/tour-privado-de-augsburgo-desde-munich\/#primaryimage\",\"url\":\"https:\/\/tourtravelandmore.com\/wp-content\/uploads\/2019\/09\/augsburg.jpg\",\"contentUrl\":\"https:\/\/tourtravelandmore.com\/wp-content\/uploads\/2019\/09\/augsburg.jpg\",\"width\":960,\"height\":720},{\"@type\":\"BreadcrumbList\",\"@id\":\"https:\/\/tourtravelandmore.com\/es\/tours\/alemania-es\/munich-es\/tour-privado-de-augsburgo-desde-munich\/#breadcrumb\",\"itemListElement\":[{\"@type\":\"ListItem\",\"position\":1,\"name\":\"Home\",\"item\":\"https:\/\/tourtravelandmore.com\/es\/\"},{\"@type\":\"ListItem\",\"position\":2,\"name\":\"Tours\",\"item\":\"https:\/\/tourtravelandmore.com\/es\/tours\/\"},{\"@type\":\"ListItem\",\"position\":3,\"name\":\"Tour Privado a Augsburgo desde Munich\"}]},{\"@type\":\"WebSite\",\"@id\":\"https:\/\/tourtravelandmore.com\/es\/#website\",\"url\":\"https:\/\/tourtravelandmore.com\/es\/\",\"name\":\"Tour Travel And More\",\"description\":\"Private sightseeing tours and luxury transfers in Spain\",\"publisher\":{\"@id\":\"https:\/\/tourtravelandmore.com\/es\/#organization\"},\"potentialAction\":[{\"@type\":\"SearchAction\",\"target\":{\"@type\":\"EntryPoint\",\"urlTemplate\":\"https:\/\/tourtravelandmore.com\/es\/?s={search_term_string}\"},\"query-input\":{\"@type\":\"PropertyValueSpecification\",\"valueRequired\":true,\"valueName\":\"search_term_string\"}}],\"inLanguage\":\"es\"},{\"@type\":\"Organization\",\"@id\":\"https:\/\/tourtravelandmore.com\/es\/#organization\",\"name\":\"Tour Travel And More\",\"url\":\"https:\/\/tourtravelandmore.com\/es\/\",\"logo\":{\"@type\":\"ImageObject\",\"inLanguage\":\"es\",\"@id\":\"https:\/\/tourtravelandmore.com\/es\/#\/schema\/logo\/image\/\",\"url\":\"https:\/\/tourtravelandmore.com\/wp-content\/uploads\/2022\/12\/cropped-logo-cabecera-new.png\",\"contentUrl\":\"https:\/\/tourtravelandmore.com\/wp-content\/uploads\/2022\/12\/cropped-logo-cabecera-new.png\",\"width\":430,\"height\":61,\"caption\":\"Tour Travel And More\"},\"image\":{\"@id\":\"https:\/\/tourtravelandmore.com\/es\/#\/schema\/logo\/image\/\"},\"sameAs\":[\"https:\/\/www.facebook.com\/tourtravelandmore\/\",\"https:\/\/x.com\/TourTravel_More\"]}]}<\/script>\n<!-- \/ Yoast SEO Premium plugin. -->","yoast_head_json":{"title":"Tour Privado a Augsburgo desde Munich en veh\u00edculo de lujo | TTM","description":"Tour privado a Augsburgo desde Munich con chofer\/gu\u00eda oficial. Conozca los lugares m\u00e1s emblem\u00e1ticos de Augsburgo en un veh\u00edculo privado \u2705","robots":{"index":"index","follow":"follow","max-snippet":"max-snippet:-1","max-image-preview":"max-image-preview:large","max-video-preview":"max-video-preview:-1"},"canonical":"https:\/\/tourtravelandmore.com\/es\/tours\/alemania-es\/munich-es\/tour-privado-de-augsburgo-desde-munich\/","og_locale":"es_ES","og_type":"article","og_title":"Tour Privado a Augsburgo desde Munich","og_description":"Tour privado a Augsburgo desde Munich con chofer\/gu\u00eda oficial. Conozca los lugares m\u00e1s emblem\u00e1ticos de Augsburgo en un veh\u00edculo privado \u2705","og_url":"https:\/\/tourtravelandmore.com\/es\/tours\/alemania-es\/munich-es\/tour-privado-de-augsburgo-desde-munich\/","og_site_name":"Tour Travel And More","article_publisher":"https:\/\/www.facebook.com\/tourtravelandmore\/","article_modified_time":"2022-11-15T19:28:07+00:00","og_image":[{"width":960,"height":720,"url":"https:\/\/tourtravelandmore.com\/wp-content\/uploads\/2019\/09\/augsburg.jpg","type":"image\/jpeg"}],"twitter_card":"summary_large_image","twitter_site":"@TourTravel_More","twitter_misc":{"Tiempo de lectura":"2 minutos"},"schema":{"@context":"https:\/\/schema.org","@graph":[{"@type":"WebPage","@id":"https:\/\/tourtravelandmore.com\/es\/tours\/alemania-es\/munich-es\/tour-privado-de-augsburgo-desde-munich\/","url":"https:\/\/tourtravelandmore.com\/es\/tours\/alemania-es\/munich-es\/tour-privado-de-augsburgo-desde-munich\/","name":"Tour Privado a Augsburgo desde Munich en veh\u00edculo de lujo | TTM","isPartOf":{"@id":"https:\/\/tourtravelandmore.com\/es\/#website"},"primaryImageOfPage":{"@id":"https:\/\/tourtravelandmore.com\/es\/tours\/alemania-es\/munich-es\/tour-privado-de-augsburgo-desde-munich\/#primaryimage"},"image":{"@id":"https:\/\/tourtravelandmore.com\/es\/tours\/alemania-es\/munich-es\/tour-privado-de-augsburgo-desde-munich\/#primaryimage"},"thumbnailUrl":"https:\/\/tourtravelandmore.com\/wp-content\/uploads\/2019\/09\/augsburg.jpg","datePublished":"2019-09-06T17:15:18+00:00","dateModified":"2022-11-15T19:28:07+00:00","description":"Tour privado a Augsburgo desde Munich con chofer\/gu\u00eda oficial. Conozca los lugares m\u00e1s emblem\u00e1ticos de Augsburgo en un veh\u00edculo privado \u2705","breadcrumb":{"@id":"https:\/\/tourtravelandmore.com\/es\/tours\/alemania-es\/munich-es\/tour-privado-de-augsburgo-desde-munich\/#breadcrumb"},"inLanguage":"es","potentialAction":[{"@type":"ReadAction","target":["https:\/\/tourtravelandmore.com\/es\/tours\/alemania-es\/munich-es\/tour-privado-de-augsburgo-desde-munich\/"]}]},{"@type":"ImageObject","inLanguage":"es","@id":"https:\/\/tourtravelandmore.com\/es\/tours\/alemania-es\/munich-es\/tour-privado-de-augsburgo-desde-munich\/#primaryimage","url":"https:\/\/tourtravelandmore.com\/wp-content\/uploads\/2019\/09\/augsburg.jpg","contentUrl":"https:\/\/tourtravelandmore.com\/wp-content\/uploads\/2019\/09\/augsburg.jpg","width":960,"height":720},{"@type":"BreadcrumbList","@id":"https:\/\/tourtravelandmore.com\/es\/tours\/alemania-es\/munich-es\/tour-privado-de-augsburgo-desde-munich\/#breadcrumb","itemListElement":[{"@type":"ListItem","position":1,"name":"Home","item":"https:\/\/tourtravelandmore.com\/es\/"},{"@type":"ListItem","position":2,"name":"Tours","item":"https:\/\/tourtravelandmore.com\/es\/tours\/"},{"@type":"ListItem","position":3,"name":"Tour Privado a Augsburgo desde Munich"}]},{"@type":"WebSite","@id":"https:\/\/tourtravelandmore.com\/es\/#website","url":"https:\/\/tourtravelandmore.com\/es\/","name":"Tour Travel And More","description":"Private sightseeing tours and luxury transfers in Spain","publisher":{"@id":"https:\/\/tourtravelandmore.com\/es\/#organization"},"potentialAction":[{"@type":"SearchAction","target":{"@type":"EntryPoint","urlTemplate":"https:\/\/tourtravelandmore.com\/es\/?s={search_term_string}"},"query-input":{"@type":"PropertyValueSpecification","valueRequired":true,"valueName":"search_term_string"}}],"inLanguage":"es"},{"@type":"Organization","@id":"https:\/\/tourtravelandmore.com\/es\/#organization","name":"Tour Travel And More","url":"https:\/\/tourtravelandmore.com\/es\/","logo":{"@type":"ImageObject","inLanguage":"es","@id":"https:\/\/tourtravelandmore.com\/es\/#\/schema\/logo\/image\/","url":"https:\/\/tourtravelandmore.com\/wp-content\/uploads\/2022\/12\/cropped-logo-cabecera-new.png","contentUrl":"https:\/\/tourtravelandmore.com\/wp-content\/uploads\/2022\/12\/cropped-logo-cabecera-new.png","width":430,"height":61,"caption":"Tour Travel And More"},"image":{"@id":"https:\/\/tourtravelandmore.com\/es\/#\/schema\/logo\/image\/"},"sameAs":["https:\/\/www.facebook.com\/tourtravelandmore\/","https:\/\/x.com\/TourTravel_More"]}]}},"_links":{"self":[{"href":"https:\/\/tourtravelandmore.com\/es\/wp-json\/wp\/v2\/product\/65619","targetHints":{"allow":["GET"]}}],"collection":[{"href":"https:\/\/tourtravelandmore.com\/es\/wp-json\/wp\/v2\/product"}],"about":[{"href":"https:\/\/tourtravelandmore.com\/es\/wp-json\/wp\/v2\/types\/product"}],"replies":[{"embeddable":true,"href":"https:\/\/tourtravelandmore.com\/es\/wp-json\/wp\/v2\/comments?post=65619"}],"wp:featuredmedia":[{"embeddable":true,"href":"https:\/\/tourtravelandmore.com\/es\/wp-json\/wp\/v2\/media\/65648"}],"wp:attachment":[{"href":"https:\/\/tourtravelandmore.com\/es\/wp-json\/wp\/v2\/media?parent=65619"}],"wp:term":[{"taxonomy":"product_brand","embeddable":true,"href":"https:\/\/tourtravelandmore.com\/es\/wp-json\/wp\/v2\/product_brand?post=65619"},{"taxonomy":"product_cat","embeddable":true,"href":"https:\/\/tourtravelandmore.com\/es\/wp-json\/wp\/v2\/product_cat?post=65619"},{"taxonomy":"product_tag","embeddable":true,"href":"https:\/\/tourtravelandmore.com\/es\/wp-json\/wp\/v2\/product_tag?post=65619"}],"curies":[{"name":"wp","href":"https:\/\/api.w.org\/{rel}","templated":true}]}}