{"id":65593,"date":"2019-09-06T15:30:55","date_gmt":"2019-09-06T13:30:55","guid":{"rendered":"https:\/\/tourtravelandmore.com\/?post_type=product&#038;p=65593"},"modified":"2022-11-16T09:27:31","modified_gmt":"2022-11-16T08:27:31","slug":"tour-privado-por-el-palacio-de-linderhof-y-el-palacio-de-hohenschwangau-desde-munich","status":"publish","type":"product","link":"https:\/\/tourtravelandmore.com\/es\/tours\/alemania-es\/munich-es\/tour-privado-por-el-palacio-de-linderhof-y-el-palacio-de-hohenschwangau-desde-munich\/","title":{"rendered":"Tour Privado al Palacio de Linderhof y Hohenschwangau"},"content":{"rendered":"<h2><strong>Descripci\u00f3n del Tour Privado al Palacio de Linderhof y Hohenschwangau<\/strong><\/h2>\n<p>Disfrute de este <strong>tour privado al Palacio Linderhof y Hohenschwangau desde M\u00fanich<\/strong>. Para completar su experiencia, tendr\u00e1 un <strong>veh\u00edculo privado de lujo con conductor\/gu\u00eda<\/strong> para un recorrido de 10 horas.<\/p>\n<p>El <strong>Palacio Linderhof<\/strong> es un palacio ubicado en un valle cerca de la ciudad de <strong>Oberammergau<\/strong>, en el Estado federal de Baviera. El parque que lo rodea es uno de los complejos m\u00e1s art\u00edsticos e incre\u00edbles del siglo XIX.<\/p>\n<p>Por otro lado, el <strong>Castillo Hohenschwangau<\/strong> se encuentra en el pueblo de <strong>Schwangau<\/strong> cerca de la ciudad de F\u00fcssen. Fue la residencia de la infancia del rey Luis II de Baviera.<\/p>\n<p>Durante este tour privado al Palacio Linderhof y Hohenschwangau, podr\u00e1 admirar dos monumentos incre\u00edbles con un gran valor hist\u00f3rico. Adem\u00e1s, conocer\u00e1 la arquitectura de estos lugares \u00fanicos junto con su conductor\/gu\u00eda.<\/p>\n<p>Si est\u00e1 buscando otro tipo de recorrido, eche un vistazo a nuestro <a href=\"https:\/\/tourtravelandmore.com\/es\/tours\/alemania-es\/munich-es\/tour-privado-de-salzburgo-y-el-distrito-de-lagos-desde-munich\/\">tour privado de d\u00eda completo por Salzburgo y el Distrito de los Lagos desde M\u00fanich<\/a>.<\/p>\n<h2><strong>Puntos de inter\u00e9s en el Tour Privado al Palacio de Linderhof y Hohenschwangau<\/strong><\/h2>\n<p>Su primer contacto con <strong>Tour Travel &amp; More<\/strong> ser\u00e1 en el lobby de su hotel o lugar de elecci\u00f3n en M\u00fanich. Su conductor\/gu\u00eda privado lo recoger\u00e1 a la hora deseada por usted para comenzar el recorrido.<\/p>\n<p>Nuestra primera parada ser\u00e1 el <a href=\"https:\/\/www.schlosslinderhof.de\">Palacio de Linderhof<\/a>. Construido en el siglo XIX por el rey Luis II como pabell\u00f3n de caza. Se puede admirar la belleza arquitect\u00f3nica del Palacio, el paisaje monta\u00f1oso y sus impresionantes jardines. Puedes tomar las mejores fotos cuando quieras.<\/p>\n<p>Una vez llegamos al Palacio, te ofrecemos visitar:<\/p>\n<ul>\n<li><strong>Quiosco Morisco<\/strong><\/li>\n<li><strong>Parque Linderhof<\/strong><\/li>\n<li><strong>Jardines formales<\/strong><\/li>\n<li><strong>Sal\u00f3n de los espejos<\/strong><\/li>\n<li><strong>Gabinete de color lila, amarillo, azul y rosa<\/strong><\/li>\n<li><strong>C\u00e1mara de audiencia<\/strong><\/li>\n<li><strong>C\u00e1mara de cama<\/strong><\/li>\n<li><strong>Comedor<\/strong><\/li>\n<\/ul>\n<p>Conocer\u00e1 la historia del rey Luis II y la mezcla entre la singularidad del palacio Linderhof y los Alpes b\u00e1varos.<\/p>\n<p>Luego continuaremos el recorrido hasta el <strong>castillo neog\u00f3tico de Hohenschwangau<\/strong>, situado cerca de los lagos de Schwansee. Construido por el pr\u00edncipe heredero Maximillan de Baviera a partir de las ruinas del castillo en ruinas Schwanstein. Cada uno de los muebles del castillo es un original usado.<\/p>\n<p>En la zona de <strong>Hohenschwangau<\/strong> tambi\u00e9n puede disfrutar de los siguientes monumentos:<\/p>\n<ul>\n<li><strong>Alpsee<\/strong><\/li>\n<li><strong>Castillo de Hohenschwangau<\/strong><\/li>\n<li><strong>Pintar Domenik Quaglio<\/strong><\/li>\n<li><strong>Los apartamentos reales<\/strong><\/li>\n<li><strong>Marienbr\u00fccke<\/strong><\/li>\n<li><strong>\u00a1Y muchos m\u00e1s sitios!<\/strong><\/li>\n<\/ul>\n<p>Durante este tour privado, podr\u00e1 hacer una parada para almorzar en <strong>Oberammergau<\/strong> y hacer una visita r\u00e1pida de la villa.<\/p>\n<p>Finalmente, al final de la visita, su conductor\/gu\u00eda privado lo llevar\u00e1 de regreso a su punto de partida en M\u00fanich.<\/p>\n","protected":false},"excerpt":{"rendered":"<p>Avent\u00farese a disfrutar de este <strong>tour privado de un d\u00eda completo por el Palacio Linderhof y el Castillo Hohenschwangau<\/strong> desde M\u00fanich. No pierda la oportunidad de conocer Hohenschwangau y el hermoso paisaje de los Alpes b\u00e1varos junto a su conductor\/gu\u00eda oficial privado c\u00f3modamente en su veh\u00edculo de lujo privado. La recogida y devoluci\u00f3n sera en su lugar de elecci\u00f3n en Munich.<\/p>\n","protected":false},"featured_media":65605,"comment_status":"open","ping_status":"closed","template":"","meta":{"_acf_changed":false},"product_brand":[],"product_cat":[456,457,459,458],"product_tag":[],"class_list":{"0":"post-65593","1":"product","2":"type-product","3":"status-publish","4":"has-post-thumbnail","6":"product_cat-munich-es","7":"product_cat-munich-actividades-es","8":"product_cat-munich-rutas-turisticas-privadas-es","9":"product_cat-munich-excursiones-es","11":"first","12":"instock","13":"shipping-taxable","14":"purchasable","15":"product-type-simple"},"acf":[],"yoast_head":"<!-- This site is optimized with the Yoast SEO Premium plugin v25.3.1 (Yoast SEO v25.3.1) - https:\/\/yoast.com\/wordpress\/plugins\/seo\/ -->\n<title>Tour Privado al Palacio de Linderhof y Hohenschwangau<\/title>\n<meta name=\"description\" content=\"Tour Privado al Palacio de Linderhof y el Castillo Hohenschwangau. Conozca los lugares m\u00e1s reconocidos en un veh\u00edculo privado con chofer desde Munich \u2705\" \/>\n<meta name=\"robots\" content=\"index, follow, max-snippet:-1, max-image-preview:large, max-video-preview:-1\" \/>\n<link rel=\"canonical\" href=\"https:\/\/tourtravelandmore.com\/es\/tours\/alemania-es\/munich-es\/tour-privado-por-el-palacio-de-linderhof-y-el-palacio-de-hohenschwangau-desde-munich\/\" \/>\n<meta property=\"og:locale\" content=\"es_ES\" \/>\n<meta property=\"og:type\" content=\"article\" \/>\n<meta property=\"og:title\" content=\"Tour Privado al Palacio de Linderhof y Hohenschwangau\" \/>\n<meta property=\"og:description\" content=\"Tour Privado al Palacio de Linderhof y el Castillo Hohenschwangau. Conozca los lugares m\u00e1s reconocidos en un veh\u00edculo privado con chofer desde Munich \u2705\" \/>\n<meta property=\"og:url\" content=\"https:\/\/tourtravelandmore.com\/es\/tours\/alemania-es\/munich-es\/tour-privado-por-el-palacio-de-linderhof-y-el-palacio-de-hohenschwangau-desde-munich\/\" \/>\n<meta property=\"og:site_name\" content=\"Tour Travel And More\" \/>\n<meta property=\"article:publisher\" content=\"https:\/\/www.facebook.com\/tourtravelandmore\/\" \/>\n<meta property=\"article:modified_time\" content=\"2022-11-16T08:27:31+00:00\" \/>\n<meta property=\"og:image\" content=\"https:\/\/tourtravelandmore.com\/wp-content\/uploads\/2019\/09\/9799483224_b9c1ff2b2a_k.jpg\" \/>\n\t<meta property=\"og:image:width\" content=\"2047\" \/>\n\t<meta property=\"og:image:height\" content=\"1348\" \/>\n\t<meta property=\"og:image:type\" content=\"image\/jpeg\" \/>\n<meta name=\"twitter:card\" content=\"summary_large_image\" \/>\n<meta name=\"twitter:site\" content=\"@TourTravel_More\" \/>\n<meta name=\"twitter:label1\" content=\"Tiempo de lectura\" \/>\n\t<meta name=\"twitter:data1\" content=\"2 minutos\" \/>\n<script type=\"application\/ld+json\" class=\"yoast-schema-graph\">{\"@context\":\"https:\/\/schema.org\",\"@graph\":[{\"@type\":\"WebPage\",\"@id\":\"https:\/\/tourtravelandmore.com\/es\/tours\/alemania-es\/munich-es\/tour-privado-por-el-palacio-de-linderhof-y-el-palacio-de-hohenschwangau-desde-munich\/\",\"url\":\"https:\/\/tourtravelandmore.com\/es\/tours\/alemania-es\/munich-es\/tour-privado-por-el-palacio-de-linderhof-y-el-palacio-de-hohenschwangau-desde-munich\/\",\"name\":\"Tour Privado al Palacio de Linderhof y Hohenschwangau\",\"isPartOf\":{\"@id\":\"https:\/\/tourtravelandmore.com\/es\/#website\"},\"primaryImageOfPage\":{\"@id\":\"https:\/\/tourtravelandmore.com\/es\/tours\/alemania-es\/munich-es\/tour-privado-por-el-palacio-de-linderhof-y-el-palacio-de-hohenschwangau-desde-munich\/#primaryimage\"},\"image\":{\"@id\":\"https:\/\/tourtravelandmore.com\/es\/tours\/alemania-es\/munich-es\/tour-privado-por-el-palacio-de-linderhof-y-el-palacio-de-hohenschwangau-desde-munich\/#primaryimage\"},\"thumbnailUrl\":\"https:\/\/tourtravelandmore.com\/wp-content\/uploads\/2019\/09\/9799483224_b9c1ff2b2a_k.jpg\",\"datePublished\":\"2019-09-06T13:30:55+00:00\",\"dateModified\":\"2022-11-16T08:27:31+00:00\",\"description\":\"Tour Privado al Palacio de Linderhof y el Castillo Hohenschwangau. Conozca los lugares m\u00e1s reconocidos en un veh\u00edculo privado con chofer desde Munich \u2705\",\"breadcrumb\":{\"@id\":\"https:\/\/tourtravelandmore.com\/es\/tours\/alemania-es\/munich-es\/tour-privado-por-el-palacio-de-linderhof-y-el-palacio-de-hohenschwangau-desde-munich\/#breadcrumb\"},\"inLanguage\":\"es\",\"potentialAction\":[{\"@type\":\"ReadAction\",\"target\":[\"https:\/\/tourtravelandmore.com\/es\/tours\/alemania-es\/munich-es\/tour-privado-por-el-palacio-de-linderhof-y-el-palacio-de-hohenschwangau-desde-munich\/\"]}]},{\"@type\":\"ImageObject\",\"inLanguage\":\"es\",\"@id\":\"https:\/\/tourtravelandmore.com\/es\/tours\/alemania-es\/munich-es\/tour-privado-por-el-palacio-de-linderhof-y-el-palacio-de-hohenschwangau-desde-munich\/#primaryimage\",\"url\":\"https:\/\/tourtravelandmore.com\/wp-content\/uploads\/2019\/09\/9799483224_b9c1ff2b2a_k.jpg\",\"contentUrl\":\"https:\/\/tourtravelandmore.com\/wp-content\/uploads\/2019\/09\/9799483224_b9c1ff2b2a_k.jpg\",\"width\":2047,\"height\":1348,\"caption\":\"Das Schloss Schwanstein, das Stammschloss der Edlen vom Schwangau stammt aus dem 12 Jhd. Der bayrische Kronprinz Maximiian (sp\u00e4ter K\u00f6nig Maximilian II von Bayern) kaufte das zur Ruine zerfallenen Schloss und lie\u00df es im Stil der Neugotik wieder aufbauen. Es diente fortan als Sommerresidenz der K\u00f6niglichen Familie. K\u00f6nig Ludwig II wuchs hier auf. Seit Anfang des 19 Jhd. wurde das Schloss Hohenschwangau genannt. The Swan Stone Castle, the ancestral home of the nobles of the Schwangau dates from the 12 century. The Bavarian Crown Prince Maximilian (later King Maximilian II of Bavaria) bought the castle crumbled to ruin and left it in the Gothic Revival style rebuild. It was from then on as a summer residence of the Royal Family. King Ludwig II grew up here. Since the beginning of the 19th century, the castle of Hohenschwangau was named.\"},{\"@type\":\"BreadcrumbList\",\"@id\":\"https:\/\/tourtravelandmore.com\/es\/tours\/alemania-es\/munich-es\/tour-privado-por-el-palacio-de-linderhof-y-el-palacio-de-hohenschwangau-desde-munich\/#breadcrumb\",\"itemListElement\":[{\"@type\":\"ListItem\",\"position\":1,\"name\":\"Home\",\"item\":\"https:\/\/tourtravelandmore.com\/es\/\"},{\"@type\":\"ListItem\",\"position\":2,\"name\":\"Tours\",\"item\":\"https:\/\/tourtravelandmore.com\/es\/tours\/\"},{\"@type\":\"ListItem\",\"position\":3,\"name\":\"Tour Privado al Palacio de Linderhof y Hohenschwangau\"}]},{\"@type\":\"WebSite\",\"@id\":\"https:\/\/tourtravelandmore.com\/es\/#website\",\"url\":\"https:\/\/tourtravelandmore.com\/es\/\",\"name\":\"Tour Travel And More\",\"description\":\"Private sightseeing tours and luxury transfers in Spain\",\"publisher\":{\"@id\":\"https:\/\/tourtravelandmore.com\/es\/#organization\"},\"potentialAction\":[{\"@type\":\"SearchAction\",\"target\":{\"@type\":\"EntryPoint\",\"urlTemplate\":\"https:\/\/tourtravelandmore.com\/es\/?s={search_term_string}\"},\"query-input\":{\"@type\":\"PropertyValueSpecification\",\"valueRequired\":true,\"valueName\":\"search_term_string\"}}],\"inLanguage\":\"es\"},{\"@type\":\"Organization\",\"@id\":\"https:\/\/tourtravelandmore.com\/es\/#organization\",\"name\":\"Tour Travel And More\",\"url\":\"https:\/\/tourtravelandmore.com\/es\/\",\"logo\":{\"@type\":\"ImageObject\",\"inLanguage\":\"es\",\"@id\":\"https:\/\/tourtravelandmore.com\/es\/#\/schema\/logo\/image\/\",\"url\":\"https:\/\/tourtravelandmore.com\/wp-content\/uploads\/2022\/12\/cropped-logo-cabecera-new.png\",\"contentUrl\":\"https:\/\/tourtravelandmore.com\/wp-content\/uploads\/2022\/12\/cropped-logo-cabecera-new.png\",\"width\":430,\"height\":61,\"caption\":\"Tour Travel And More\"},\"image\":{\"@id\":\"https:\/\/tourtravelandmore.com\/es\/#\/schema\/logo\/image\/\"},\"sameAs\":[\"https:\/\/www.facebook.com\/tourtravelandmore\/\",\"https:\/\/x.com\/TourTravel_More\"]}]}<\/script>\n<!-- \/ Yoast SEO Premium plugin. -->","yoast_head_json":{"title":"Tour Privado al Palacio de Linderhof y Hohenschwangau","description":"Tour Privado al Palacio de Linderhof y el Castillo Hohenschwangau. Conozca los lugares m\u00e1s reconocidos en un veh\u00edculo privado con chofer desde Munich \u2705","robots":{"index":"index","follow":"follow","max-snippet":"max-snippet:-1","max-image-preview":"max-image-preview:large","max-video-preview":"max-video-preview:-1"},"canonical":"https:\/\/tourtravelandmore.com\/es\/tours\/alemania-es\/munich-es\/tour-privado-por-el-palacio-de-linderhof-y-el-palacio-de-hohenschwangau-desde-munich\/","og_locale":"es_ES","og_type":"article","og_title":"Tour Privado al Palacio de Linderhof y Hohenschwangau","og_description":"Tour Privado al Palacio de Linderhof y el Castillo Hohenschwangau. Conozca los lugares m\u00e1s reconocidos en un veh\u00edculo privado con chofer desde Munich \u2705","og_url":"https:\/\/tourtravelandmore.com\/es\/tours\/alemania-es\/munich-es\/tour-privado-por-el-palacio-de-linderhof-y-el-palacio-de-hohenschwangau-desde-munich\/","og_site_name":"Tour Travel And More","article_publisher":"https:\/\/www.facebook.com\/tourtravelandmore\/","article_modified_time":"2022-11-16T08:27:31+00:00","og_image":[{"width":2047,"height":1348,"url":"https:\/\/tourtravelandmore.com\/wp-content\/uploads\/2019\/09\/9799483224_b9c1ff2b2a_k.jpg","type":"image\/jpeg"}],"twitter_card":"summary_large_image","twitter_site":"@TourTravel_More","twitter_misc":{"Tiempo de lectura":"2 minutos"},"schema":{"@context":"https:\/\/schema.org","@graph":[{"@type":"WebPage","@id":"https:\/\/tourtravelandmore.com\/es\/tours\/alemania-es\/munich-es\/tour-privado-por-el-palacio-de-linderhof-y-el-palacio-de-hohenschwangau-desde-munich\/","url":"https:\/\/tourtravelandmore.com\/es\/tours\/alemania-es\/munich-es\/tour-privado-por-el-palacio-de-linderhof-y-el-palacio-de-hohenschwangau-desde-munich\/","name":"Tour Privado al Palacio de Linderhof y Hohenschwangau","isPartOf":{"@id":"https:\/\/tourtravelandmore.com\/es\/#website"},"primaryImageOfPage":{"@id":"https:\/\/tourtravelandmore.com\/es\/tours\/alemania-es\/munich-es\/tour-privado-por-el-palacio-de-linderhof-y-el-palacio-de-hohenschwangau-desde-munich\/#primaryimage"},"image":{"@id":"https:\/\/tourtravelandmore.com\/es\/tours\/alemania-es\/munich-es\/tour-privado-por-el-palacio-de-linderhof-y-el-palacio-de-hohenschwangau-desde-munich\/#primaryimage"},"thumbnailUrl":"https:\/\/tourtravelandmore.com\/wp-content\/uploads\/2019\/09\/9799483224_b9c1ff2b2a_k.jpg","datePublished":"2019-09-06T13:30:55+00:00","dateModified":"2022-11-16T08:27:31+00:00","description":"Tour Privado al Palacio de Linderhof y el Castillo Hohenschwangau. Conozca los lugares m\u00e1s reconocidos en un veh\u00edculo privado con chofer desde Munich \u2705","breadcrumb":{"@id":"https:\/\/tourtravelandmore.com\/es\/tours\/alemania-es\/munich-es\/tour-privado-por-el-palacio-de-linderhof-y-el-palacio-de-hohenschwangau-desde-munich\/#breadcrumb"},"inLanguage":"es","potentialAction":[{"@type":"ReadAction","target":["https:\/\/tourtravelandmore.com\/es\/tours\/alemania-es\/munich-es\/tour-privado-por-el-palacio-de-linderhof-y-el-palacio-de-hohenschwangau-desde-munich\/"]}]},{"@type":"ImageObject","inLanguage":"es","@id":"https:\/\/tourtravelandmore.com\/es\/tours\/alemania-es\/munich-es\/tour-privado-por-el-palacio-de-linderhof-y-el-palacio-de-hohenschwangau-desde-munich\/#primaryimage","url":"https:\/\/tourtravelandmore.com\/wp-content\/uploads\/2019\/09\/9799483224_b9c1ff2b2a_k.jpg","contentUrl":"https:\/\/tourtravelandmore.com\/wp-content\/uploads\/2019\/09\/9799483224_b9c1ff2b2a_k.jpg","width":2047,"height":1348,"caption":"Das Schloss Schwanstein, das Stammschloss der Edlen vom Schwangau stammt aus dem 12 Jhd. Der bayrische Kronprinz Maximiian (sp\u00e4ter K\u00f6nig Maximilian II von Bayern) kaufte das zur Ruine zerfallenen Schloss und lie\u00df es im Stil der Neugotik wieder aufbauen. Es diente fortan als Sommerresidenz der K\u00f6niglichen Familie. K\u00f6nig Ludwig II wuchs hier auf. Seit Anfang des 19 Jhd. wurde das Schloss Hohenschwangau genannt. The Swan Stone Castle, the ancestral home of the nobles of the Schwangau dates from the 12 century. The Bavarian Crown Prince Maximilian (later King Maximilian II of Bavaria) bought the castle crumbled to ruin and left it in the Gothic Revival style rebuild. It was from then on as a summer residence of the Royal Family. King Ludwig II grew up here. Since the beginning of the 19th century, the castle of Hohenschwangau was named."},{"@type":"BreadcrumbList","@id":"https:\/\/tourtravelandmore.com\/es\/tours\/alemania-es\/munich-es\/tour-privado-por-el-palacio-de-linderhof-y-el-palacio-de-hohenschwangau-desde-munich\/#breadcrumb","itemListElement":[{"@type":"ListItem","position":1,"name":"Home","item":"https:\/\/tourtravelandmore.com\/es\/"},{"@type":"ListItem","position":2,"name":"Tours","item":"https:\/\/tourtravelandmore.com\/es\/tours\/"},{"@type":"ListItem","position":3,"name":"Tour Privado al Palacio de Linderhof y Hohenschwangau"}]},{"@type":"WebSite","@id":"https:\/\/tourtravelandmore.com\/es\/#website","url":"https:\/\/tourtravelandmore.com\/es\/","name":"Tour Travel And More","description":"Private sightseeing tours and luxury transfers in Spain","publisher":{"@id":"https:\/\/tourtravelandmore.com\/es\/#organization"},"potentialAction":[{"@type":"SearchAction","target":{"@type":"EntryPoint","urlTemplate":"https:\/\/tourtravelandmore.com\/es\/?s={search_term_string}"},"query-input":{"@type":"PropertyValueSpecification","valueRequired":true,"valueName":"search_term_string"}}],"inLanguage":"es"},{"@type":"Organization","@id":"https:\/\/tourtravelandmore.com\/es\/#organization","name":"Tour Travel And More","url":"https:\/\/tourtravelandmore.com\/es\/","logo":{"@type":"ImageObject","inLanguage":"es","@id":"https:\/\/tourtravelandmore.com\/es\/#\/schema\/logo\/image\/","url":"https:\/\/tourtravelandmore.com\/wp-content\/uploads\/2022\/12\/cropped-logo-cabecera-new.png","contentUrl":"https:\/\/tourtravelandmore.com\/wp-content\/uploads\/2022\/12\/cropped-logo-cabecera-new.png","width":430,"height":61,"caption":"Tour Travel And More"},"image":{"@id":"https:\/\/tourtravelandmore.com\/es\/#\/schema\/logo\/image\/"},"sameAs":["https:\/\/www.facebook.com\/tourtravelandmore\/","https:\/\/x.com\/TourTravel_More"]}]}},"_links":{"self":[{"href":"https:\/\/tourtravelandmore.com\/es\/wp-json\/wp\/v2\/product\/65593","targetHints":{"allow":["GET"]}}],"collection":[{"href":"https:\/\/tourtravelandmore.com\/es\/wp-json\/wp\/v2\/product"}],"about":[{"href":"https:\/\/tourtravelandmore.com\/es\/wp-json\/wp\/v2\/types\/product"}],"replies":[{"embeddable":true,"href":"https:\/\/tourtravelandmore.com\/es\/wp-json\/wp\/v2\/comments?post=65593"}],"wp:featuredmedia":[{"embeddable":true,"href":"https:\/\/tourtravelandmore.com\/es\/wp-json\/wp\/v2\/media\/65605"}],"wp:attachment":[{"href":"https:\/\/tourtravelandmore.com\/es\/wp-json\/wp\/v2\/media?parent=65593"}],"wp:term":[{"taxonomy":"product_brand","embeddable":true,"href":"https:\/\/tourtravelandmore.com\/es\/wp-json\/wp\/v2\/product_brand?post=65593"},{"taxonomy":"product_cat","embeddable":true,"href":"https:\/\/tourtravelandmore.com\/es\/wp-json\/wp\/v2\/product_cat?post=65593"},{"taxonomy":"product_tag","embeddable":true,"href":"https:\/\/tourtravelandmore.com\/es\/wp-json\/wp\/v2\/product_tag?post=65593"}],"curies":[{"name":"wp","href":"https:\/\/api.w.org\/{rel}","templated":true}]}}