{"id":65471,"date":"2019-09-05T14:34:48","date_gmt":"2019-09-05T12:34:48","guid":{"rendered":"https:\/\/tourtravelandmore.com\/?post_type=product&#038;p=65471"},"modified":"2022-11-09T17:00:02","modified_gmt":"2022-11-09T16:00:02","slug":"tour-privado-de-salzburgo-y-el-distrito-de-lagos-desde-munich","status":"publish","type":"product","link":"https:\/\/tourtravelandmore.com\/es\/tours\/alemania-es\/munich-es\/tour-privado-de-salzburgo-y-el-distrito-de-lagos-desde-munich\/","title":{"rendered":"Tour Privado a Salzburgo y Distrito de los Lagos"},"content":{"rendered":"<h2><strong>Descripci\u00f3n del Tour Privado a Salzburgo y Distrito de los Lagos<\/strong><\/h2>\n<p>La perfecta ubicaci\u00f3n de la ciudad de <strong>M\u00fanich<\/strong> nos da la oportunidad de visitar muchos lugares desde all\u00ed. Disfrute de este <strong>tour privado a Salzburgo y Distrito de los Lagos<\/strong> c\u00f3modamente en un<strong> veh\u00edculo privado de lujo con conductor\/gu\u00eda<\/strong>.<\/p>\n<p><strong>Salzburgo<\/strong> es una ciudad austriaca ubicada en la frontera con Alemania, con vistas a los Alpes orientales. Esta ciudad est\u00e1 dividida por el r\u00edo Salzach, en una parte tenemos Altstadt (ciudad vieja) y en la otra parte encontraremos Neustadt (ciudad nueva).<\/p>\n<p>El <strong>Distrito de los Lagos<\/strong> de Austria es un sitio muy hermoso donde las monta\u00f1as se sumergen en lagos glaciares de un azul brillante, creando paisajes parecidos a los fiordos.<\/p>\n<p>Este es un recorrido perfecto para aquellos que quieran explorar tanto como puedan. Aproveche sus d\u00edas en M\u00fanich y visite esta hermosa ciudad austriaca y el Distrito de los Lagos que tiene mucho que ofrecer.<\/p>\n<p>Como todos nuestros tours, este tour privado a Salzburgo y Distrito de los Lagos es un tour completamente personalizado. Podemos organizarlo para satisfacer sus propias necesidades y deseos personales. Si tiene algo en mente, h\u00e1ganoslo saber y haremos todo lo posible para arreglarlo.<\/p>\n<h2><strong>Puntos de inter\u00e9s en el Tour Privado a Salzburgo y Distrito de los Lagos<\/strong><\/h2>\n<p>En primer lugar, su conductor\/gu\u00eda privado lo recoger\u00e1 en su hotel o lugar de elecci\u00f3n en M\u00fanich. Como se trata de un tour privado, la hora de inicio la determinar\u00e1 usted.<\/p>\n<p>Disfrutar\u00e1 de las vistas de los <strong>bajos Alpes B\u00e1varos<\/strong> mientras conduce a Salzburgo. Conocer\u00e1s iglesias, plazas y sitios \u00fanicos de Sound of Music.<\/p>\n<p><strong>Salzburgo<\/strong> es tambi\u00e9n el lugar de nacimiento de Mozart. Durante este tour privado conocer\u00e1s sus monumentos y sitios m\u00e1s importantes. Continuar\u00e1 el recorrido por el <strong>Distrito de los Lagos<\/strong> hacia la ciudad de <strong>St Wolfgang<\/strong>. Aqu\u00ed podr\u00e1 admirar la belleza del lago <strong>Wolfgang<\/strong>, el paisaje monta\u00f1oso y la mezcla entre la ciudad y sus alrededores.<\/p>\n<p>Entre los sitios que puedes visitar te ofrecemos:<\/p>\n<ul>\n<li><strong>Fuerte de Hogen Salzburgo<\/strong><\/li>\n<li><strong>San Patricio Abay<\/strong><\/li>\n<li><strong>Palacio de Mirabell<\/strong><\/li>\n<li><strong>Residenzplatz<\/strong><\/li>\n<li><a href=\"https:\/\/www.salzburger-dom.at\/home\/\">La Catedral de Salzburgo<\/a><\/li>\n<li><strong>Barrio de Salzburgo<\/strong><\/li>\n<li><strong>Lago Wolfgang<\/strong><\/li>\n<li><strong>Iglesia de St Wolfgang y su barrio<\/strong><\/li>\n<li><strong>\u00a1Y muchos m\u00e1s sitios!<\/strong><\/li>\n<\/ul>\n<p>Este es un tour privado de 10 horas desde el momento de la recogida hasta el momento de la entrega. En caso de que lo prefiera, podemos incluir m\u00e1s horas o incluso un gu\u00eda tur\u00edstico local privado en Salzburgo.<\/p>\n<p>Finalmente, al final del recorrido, su conductor\/gu\u00eda privado lo llevar\u00e1 de regreso al punto de partida en M\u00fanich.<\/p>\n<p>Ofrecemos varias opciones de tours privados en y desde M\u00fanich, eche un vistazo a <a href=\"https:\/\/tourtravelandmore.com\/es\/tours\/alemania-es\/munich-es\/tour-privado-a-herrenchiemsee-desde-munich\/\">nuestro tour privado a Herrenchiemsee<\/a>.<\/p>\n","protected":false},"excerpt":{"rendered":"<p>Salga de la ciudad de <strong>Munich<\/strong> por un d\u00eda y disfrute de un tour privado por <strong>Salzburgo<\/strong> y el <strong>Distrito de los Lagos<\/strong>. Aproveche esta oportunidad para visitar uno de los lugares m\u00e1s incre\u00edbles y hermosos de <strong>Austria<\/strong> con un conductor\/gu\u00eda profesional a bordo de un veh\u00edculo de lujo. La recogida puede realizarse en cualquier parte de Munich.<\/p>\n","protected":false},"featured_media":65483,"comment_status":"open","ping_status":"closed","template":"","meta":{"_acf_changed":false},"product_brand":[],"product_cat":[456,457,459,458],"product_tag":[],"class_list":{"0":"post-65471","1":"product","2":"type-product","3":"status-publish","4":"has-post-thumbnail","6":"product_cat-munich-es","7":"product_cat-munich-actividades-es","8":"product_cat-munich-rutas-turisticas-privadas-es","9":"product_cat-munich-excursiones-es","11":"first","12":"instock","13":"shipping-taxable","14":"purchasable","15":"product-type-simple"},"acf":[],"yoast_head":"<!-- This site is optimized with the Yoast SEO Premium plugin v25.3.1 (Yoast SEO v25.3.1) - https:\/\/yoast.com\/wordpress\/plugins\/seo\/ -->\n<title>Tour Privado a Salzburgo y Distrito de los Lagos desde Munich | TTM<\/title>\n<meta name=\"description\" content=\"Disfrute de este tour privado a Salzburgo y Distrito de los Lagos. Conozca los lugares m\u00e1s emblem\u00e1ticos en un veh\u00edculo privado con chofer\/gu\u00eda \u2705\" \/>\n<meta name=\"robots\" content=\"index, follow, max-snippet:-1, max-image-preview:large, max-video-preview:-1\" \/>\n<link rel=\"canonical\" href=\"https:\/\/tourtravelandmore.com\/es\/tours\/alemania-es\/munich-es\/tour-privado-de-salzburgo-y-el-distrito-de-lagos-desde-munich\/\" \/>\n<meta property=\"og:locale\" content=\"es_ES\" \/>\n<meta property=\"og:type\" content=\"article\" \/>\n<meta property=\"og:title\" content=\"Tour Privado a Salzburgo y Distrito de los Lagos\" \/>\n<meta property=\"og:description\" content=\"Disfrute de este tour privado a Salzburgo y Distrito de los Lagos. Conozca los lugares m\u00e1s emblem\u00e1ticos en un veh\u00edculo privado con chofer\/gu\u00eda \u2705\" \/>\n<meta property=\"og:url\" content=\"https:\/\/tourtravelandmore.com\/es\/tours\/alemania-es\/munich-es\/tour-privado-de-salzburgo-y-el-distrito-de-lagos-desde-munich\/\" \/>\n<meta property=\"og:site_name\" content=\"Tour Travel And More\" \/>\n<meta property=\"article:publisher\" content=\"https:\/\/www.facebook.com\/tourtravelandmore\/\" \/>\n<meta property=\"article:modified_time\" content=\"2022-11-09T16:00:02+00:00\" \/>\n<meta property=\"og:image\" content=\"https:\/\/tourtravelandmore.com\/wp-content\/uploads\/2019\/09\/salzburg.jpg\" \/>\n\t<meta property=\"og:image:width\" content=\"1024\" \/>\n\t<meta property=\"og:image:height\" content=\"640\" \/>\n\t<meta property=\"og:image:type\" content=\"image\/jpeg\" \/>\n<meta name=\"twitter:card\" content=\"summary_large_image\" \/>\n<meta name=\"twitter:site\" content=\"@TourTravel_More\" \/>\n<meta name=\"twitter:label1\" content=\"Tiempo de lectura\" \/>\n\t<meta name=\"twitter:data1\" content=\"2 minutos\" \/>\n<script type=\"application\/ld+json\" class=\"yoast-schema-graph\">{\"@context\":\"https:\/\/schema.org\",\"@graph\":[{\"@type\":\"WebPage\",\"@id\":\"https:\/\/tourtravelandmore.com\/es\/tours\/alemania-es\/munich-es\/tour-privado-de-salzburgo-y-el-distrito-de-lagos-desde-munich\/\",\"url\":\"https:\/\/tourtravelandmore.com\/es\/tours\/alemania-es\/munich-es\/tour-privado-de-salzburgo-y-el-distrito-de-lagos-desde-munich\/\",\"name\":\"Tour Privado a Salzburgo y Distrito de los Lagos desde Munich | TTM\",\"isPartOf\":{\"@id\":\"https:\/\/tourtravelandmore.com\/es\/#website\"},\"primaryImageOfPage\":{\"@id\":\"https:\/\/tourtravelandmore.com\/es\/tours\/alemania-es\/munich-es\/tour-privado-de-salzburgo-y-el-distrito-de-lagos-desde-munich\/#primaryimage\"},\"image\":{\"@id\":\"https:\/\/tourtravelandmore.com\/es\/tours\/alemania-es\/munich-es\/tour-privado-de-salzburgo-y-el-distrito-de-lagos-desde-munich\/#primaryimage\"},\"thumbnailUrl\":\"https:\/\/tourtravelandmore.com\/wp-content\/uploads\/2019\/09\/salzburg.jpg\",\"datePublished\":\"2019-09-05T12:34:48+00:00\",\"dateModified\":\"2022-11-09T16:00:02+00:00\",\"description\":\"Disfrute de este tour privado a Salzburgo y Distrito de los Lagos. Conozca los lugares m\u00e1s emblem\u00e1ticos en un veh\u00edculo privado con chofer\/gu\u00eda \u2705\",\"breadcrumb\":{\"@id\":\"https:\/\/tourtravelandmore.com\/es\/tours\/alemania-es\/munich-es\/tour-privado-de-salzburgo-y-el-distrito-de-lagos-desde-munich\/#breadcrumb\"},\"inLanguage\":\"es\",\"potentialAction\":[{\"@type\":\"ReadAction\",\"target\":[\"https:\/\/tourtravelandmore.com\/es\/tours\/alemania-es\/munich-es\/tour-privado-de-salzburgo-y-el-distrito-de-lagos-desde-munich\/\"]}]},{\"@type\":\"ImageObject\",\"inLanguage\":\"es\",\"@id\":\"https:\/\/tourtravelandmore.com\/es\/tours\/alemania-es\/munich-es\/tour-privado-de-salzburgo-y-el-distrito-de-lagos-desde-munich\/#primaryimage\",\"url\":\"https:\/\/tourtravelandmore.com\/wp-content\/uploads\/2019\/09\/salzburg.jpg\",\"contentUrl\":\"https:\/\/tourtravelandmore.com\/wp-content\/uploads\/2019\/09\/salzburg.jpg\",\"width\":1024,\"height\":640,\"caption\":\"As seen from the Salzburg Fortress\"},{\"@type\":\"BreadcrumbList\",\"@id\":\"https:\/\/tourtravelandmore.com\/es\/tours\/alemania-es\/munich-es\/tour-privado-de-salzburgo-y-el-distrito-de-lagos-desde-munich\/#breadcrumb\",\"itemListElement\":[{\"@type\":\"ListItem\",\"position\":1,\"name\":\"Home\",\"item\":\"https:\/\/tourtravelandmore.com\/es\/\"},{\"@type\":\"ListItem\",\"position\":2,\"name\":\"Tours\",\"item\":\"https:\/\/tourtravelandmore.com\/es\/tours\/\"},{\"@type\":\"ListItem\",\"position\":3,\"name\":\"Tour Privado a Salzburgo y Distrito de los Lagos\"}]},{\"@type\":\"WebSite\",\"@id\":\"https:\/\/tourtravelandmore.com\/es\/#website\",\"url\":\"https:\/\/tourtravelandmore.com\/es\/\",\"name\":\"Tour Travel And More\",\"description\":\"Private sightseeing tours and luxury transfers in Spain\",\"publisher\":{\"@id\":\"https:\/\/tourtravelandmore.com\/es\/#organization\"},\"potentialAction\":[{\"@type\":\"SearchAction\",\"target\":{\"@type\":\"EntryPoint\",\"urlTemplate\":\"https:\/\/tourtravelandmore.com\/es\/?s={search_term_string}\"},\"query-input\":{\"@type\":\"PropertyValueSpecification\",\"valueRequired\":true,\"valueName\":\"search_term_string\"}}],\"inLanguage\":\"es\"},{\"@type\":\"Organization\",\"@id\":\"https:\/\/tourtravelandmore.com\/es\/#organization\",\"name\":\"Tour Travel And More\",\"url\":\"https:\/\/tourtravelandmore.com\/es\/\",\"logo\":{\"@type\":\"ImageObject\",\"inLanguage\":\"es\",\"@id\":\"https:\/\/tourtravelandmore.com\/es\/#\/schema\/logo\/image\/\",\"url\":\"https:\/\/tourtravelandmore.com\/wp-content\/uploads\/2022\/12\/cropped-logo-cabecera-new.png\",\"contentUrl\":\"https:\/\/tourtravelandmore.com\/wp-content\/uploads\/2022\/12\/cropped-logo-cabecera-new.png\",\"width\":430,\"height\":61,\"caption\":\"Tour Travel And More\"},\"image\":{\"@id\":\"https:\/\/tourtravelandmore.com\/es\/#\/schema\/logo\/image\/\"},\"sameAs\":[\"https:\/\/www.facebook.com\/tourtravelandmore\/\",\"https:\/\/x.com\/TourTravel_More\"]}]}<\/script>\n<!-- \/ Yoast SEO Premium plugin. -->","yoast_head_json":{"title":"Tour Privado a Salzburgo y Distrito de los Lagos desde Munich | TTM","description":"Disfrute de este tour privado a Salzburgo y Distrito de los Lagos. Conozca los lugares m\u00e1s emblem\u00e1ticos en un veh\u00edculo privado con chofer\/gu\u00eda \u2705","robots":{"index":"index","follow":"follow","max-snippet":"max-snippet:-1","max-image-preview":"max-image-preview:large","max-video-preview":"max-video-preview:-1"},"canonical":"https:\/\/tourtravelandmore.com\/es\/tours\/alemania-es\/munich-es\/tour-privado-de-salzburgo-y-el-distrito-de-lagos-desde-munich\/","og_locale":"es_ES","og_type":"article","og_title":"Tour Privado a Salzburgo y Distrito de los Lagos","og_description":"Disfrute de este tour privado a Salzburgo y Distrito de los Lagos. Conozca los lugares m\u00e1s emblem\u00e1ticos en un veh\u00edculo privado con chofer\/gu\u00eda \u2705","og_url":"https:\/\/tourtravelandmore.com\/es\/tours\/alemania-es\/munich-es\/tour-privado-de-salzburgo-y-el-distrito-de-lagos-desde-munich\/","og_site_name":"Tour Travel And More","article_publisher":"https:\/\/www.facebook.com\/tourtravelandmore\/","article_modified_time":"2022-11-09T16:00:02+00:00","og_image":[{"width":1024,"height":640,"url":"https:\/\/tourtravelandmore.com\/wp-content\/uploads\/2019\/09\/salzburg.jpg","type":"image\/jpeg"}],"twitter_card":"summary_large_image","twitter_site":"@TourTravel_More","twitter_misc":{"Tiempo de lectura":"2 minutos"},"schema":{"@context":"https:\/\/schema.org","@graph":[{"@type":"WebPage","@id":"https:\/\/tourtravelandmore.com\/es\/tours\/alemania-es\/munich-es\/tour-privado-de-salzburgo-y-el-distrito-de-lagos-desde-munich\/","url":"https:\/\/tourtravelandmore.com\/es\/tours\/alemania-es\/munich-es\/tour-privado-de-salzburgo-y-el-distrito-de-lagos-desde-munich\/","name":"Tour Privado a Salzburgo y Distrito de los Lagos desde Munich | TTM","isPartOf":{"@id":"https:\/\/tourtravelandmore.com\/es\/#website"},"primaryImageOfPage":{"@id":"https:\/\/tourtravelandmore.com\/es\/tours\/alemania-es\/munich-es\/tour-privado-de-salzburgo-y-el-distrito-de-lagos-desde-munich\/#primaryimage"},"image":{"@id":"https:\/\/tourtravelandmore.com\/es\/tours\/alemania-es\/munich-es\/tour-privado-de-salzburgo-y-el-distrito-de-lagos-desde-munich\/#primaryimage"},"thumbnailUrl":"https:\/\/tourtravelandmore.com\/wp-content\/uploads\/2019\/09\/salzburg.jpg","datePublished":"2019-09-05T12:34:48+00:00","dateModified":"2022-11-09T16:00:02+00:00","description":"Disfrute de este tour privado a Salzburgo y Distrito de los Lagos. Conozca los lugares m\u00e1s emblem\u00e1ticos en un veh\u00edculo privado con chofer\/gu\u00eda \u2705","breadcrumb":{"@id":"https:\/\/tourtravelandmore.com\/es\/tours\/alemania-es\/munich-es\/tour-privado-de-salzburgo-y-el-distrito-de-lagos-desde-munich\/#breadcrumb"},"inLanguage":"es","potentialAction":[{"@type":"ReadAction","target":["https:\/\/tourtravelandmore.com\/es\/tours\/alemania-es\/munich-es\/tour-privado-de-salzburgo-y-el-distrito-de-lagos-desde-munich\/"]}]},{"@type":"ImageObject","inLanguage":"es","@id":"https:\/\/tourtravelandmore.com\/es\/tours\/alemania-es\/munich-es\/tour-privado-de-salzburgo-y-el-distrito-de-lagos-desde-munich\/#primaryimage","url":"https:\/\/tourtravelandmore.com\/wp-content\/uploads\/2019\/09\/salzburg.jpg","contentUrl":"https:\/\/tourtravelandmore.com\/wp-content\/uploads\/2019\/09\/salzburg.jpg","width":1024,"height":640,"caption":"As seen from the Salzburg Fortress"},{"@type":"BreadcrumbList","@id":"https:\/\/tourtravelandmore.com\/es\/tours\/alemania-es\/munich-es\/tour-privado-de-salzburgo-y-el-distrito-de-lagos-desde-munich\/#breadcrumb","itemListElement":[{"@type":"ListItem","position":1,"name":"Home","item":"https:\/\/tourtravelandmore.com\/es\/"},{"@type":"ListItem","position":2,"name":"Tours","item":"https:\/\/tourtravelandmore.com\/es\/tours\/"},{"@type":"ListItem","position":3,"name":"Tour Privado a Salzburgo y Distrito de los Lagos"}]},{"@type":"WebSite","@id":"https:\/\/tourtravelandmore.com\/es\/#website","url":"https:\/\/tourtravelandmore.com\/es\/","name":"Tour Travel And More","description":"Private sightseeing tours and luxury transfers in Spain","publisher":{"@id":"https:\/\/tourtravelandmore.com\/es\/#organization"},"potentialAction":[{"@type":"SearchAction","target":{"@type":"EntryPoint","urlTemplate":"https:\/\/tourtravelandmore.com\/es\/?s={search_term_string}"},"query-input":{"@type":"PropertyValueSpecification","valueRequired":true,"valueName":"search_term_string"}}],"inLanguage":"es"},{"@type":"Organization","@id":"https:\/\/tourtravelandmore.com\/es\/#organization","name":"Tour Travel And More","url":"https:\/\/tourtravelandmore.com\/es\/","logo":{"@type":"ImageObject","inLanguage":"es","@id":"https:\/\/tourtravelandmore.com\/es\/#\/schema\/logo\/image\/","url":"https:\/\/tourtravelandmore.com\/wp-content\/uploads\/2022\/12\/cropped-logo-cabecera-new.png","contentUrl":"https:\/\/tourtravelandmore.com\/wp-content\/uploads\/2022\/12\/cropped-logo-cabecera-new.png","width":430,"height":61,"caption":"Tour Travel And More"},"image":{"@id":"https:\/\/tourtravelandmore.com\/es\/#\/schema\/logo\/image\/"},"sameAs":["https:\/\/www.facebook.com\/tourtravelandmore\/","https:\/\/x.com\/TourTravel_More"]}]}},"_links":{"self":[{"href":"https:\/\/tourtravelandmore.com\/es\/wp-json\/wp\/v2\/product\/65471","targetHints":{"allow":["GET"]}}],"collection":[{"href":"https:\/\/tourtravelandmore.com\/es\/wp-json\/wp\/v2\/product"}],"about":[{"href":"https:\/\/tourtravelandmore.com\/es\/wp-json\/wp\/v2\/types\/product"}],"replies":[{"embeddable":true,"href":"https:\/\/tourtravelandmore.com\/es\/wp-json\/wp\/v2\/comments?post=65471"}],"wp:featuredmedia":[{"embeddable":true,"href":"https:\/\/tourtravelandmore.com\/es\/wp-json\/wp\/v2\/media\/65483"}],"wp:attachment":[{"href":"https:\/\/tourtravelandmore.com\/es\/wp-json\/wp\/v2\/media?parent=65471"}],"wp:term":[{"taxonomy":"product_brand","embeddable":true,"href":"https:\/\/tourtravelandmore.com\/es\/wp-json\/wp\/v2\/product_brand?post=65471"},{"taxonomy":"product_cat","embeddable":true,"href":"https:\/\/tourtravelandmore.com\/es\/wp-json\/wp\/v2\/product_cat?post=65471"},{"taxonomy":"product_tag","embeddable":true,"href":"https:\/\/tourtravelandmore.com\/es\/wp-json\/wp\/v2\/product_tag?post=65471"}],"curies":[{"name":"wp","href":"https:\/\/api.w.org\/{rel}","templated":true}]}}