{"id":65412,"date":"2019-09-04T12:25:10","date_gmt":"2019-09-04T10:25:11","guid":{"rendered":"https:\/\/tourtravelandmore.com\/?post_type=product&#038;p=65412"},"modified":"2023-11-27T11:19:38","modified_gmt":"2023-11-27T10:19:38","slug":"traslados-privados-en-porto","status":"publish","type":"product","link":"https:\/\/tourtravelandmore.com\/es\/tours\/portugal-es\/oporto-es\/traslados-privados-en-porto\/","title":{"rendered":"Traslado privado desde\/hasta aeropuerto\/puerto en Oporto"},"content":{"rendered":"<h2><b>Descripci\u00f3n del Traslado Privado desde\/hacia Aeropuerto\/Puerto en Oporto<\/b><\/h2>\n<p><span style=\"font-weight: 400;\">Eleve su llegada a Oporto con nuestro exclusivo servicio de traslado privado, dise\u00f1ado para ofrecer la m\u00e1xima comodidad y conveniencia. Si usted est\u00e1 llegando desde el aeropuerto, puerto, o cualquier otro lugar, Tour Travel and More asegura que sus primeros o \u00faltimos momentos en Oporto se caracterizan por el lujo y la eficiencia. Nuestro servicio va m\u00e1s all\u00e1 de la t\u00edpica experiencia de transferencia, que le proporciona un viaje sin problemas en nuestro primer nivel, veh\u00edculos privados.<\/span><\/p>\n<p><span style=\"font-weight: 400;\">A su llegada, ser\u00e1 recibido por nuestro chofer profesional, listo para ayudarle con su equipaje y guiarle a su veh\u00edculo de lujo que le espera. Mientras viaja a su destino, ya sea un hotel en Oporto, una ciudad cercana como Braga, o incluso Lisboa, del\u00e9itese con la belleza panor\u00e1mica de los paisajes y las maravillas arquitect\u00f3nicas de Oporto. Nuestro servicio de traslado atiende a las preferencias y necesidades individuales, asegurando que su viaje no sea s\u00f3lo un traslado, sino una espl\u00e9ndida introducci\u00f3n o conclusi\u00f3n de su estancia en Oporto.<\/span><\/p>\n<p><span style=\"font-weight: 400;\">Nuestro servicio de traslado privado es personalizable para adaptarse a sus necesidades espec\u00edficas. Tanto si viaja solo, en familia o en grupo, nos adaptamos a todas las necesidades, incluyendo la provisi\u00f3n de asientos para beb\u00e9s o ni\u00f1os bajo petici\u00f3n. Inf\u00f3rmenos de la cantidad de equipaje con antelaci\u00f3n para una planificaci\u00f3n log\u00edstica \u00f3ptima. Tenga la seguridad de que no hay limitaciones en el n\u00famero de maletas, y priorizamos su comodidad en todos los aspectos.<\/span><\/p>\n<p><span style=\"font-weight: 400;\">Al acomodarse en los lujosos interiores de nuestros veh\u00edculos, el viaje se convierte en un momento de relajaci\u00f3n y expectaci\u00f3n. Nuestros ch\u00f3feres, que dominan varios idiomas, son expertos en el arte de la hospitalidad y est\u00e1n dispuestos a ofrecerle informaci\u00f3n o recomendaciones sobre Oporto. Disfrute de la tranquilidad y privacidad de su propio espacio, con cada detalle adaptado para crear una atm\u00f3sfera de viaje perfecta. Ya sea ajustando los controles de climatizaci\u00f3n a su gusto o seleccionando m\u00fasica para crear ambiente, nuestro objetivo es hacer que su viaje sea lo m\u00e1s agradable posible.<\/span><\/p>\n<h2><b>Aspectos destacados del traslado privado desde\/hasta el aeropuerto\/puerto de Oporto<\/b><\/h2>\n<ul>\n<li style=\"font-weight: 400;\" aria-level=\"1\"><b>Flota de lujo:<\/b><span style=\"font-weight: 400;\"> Nuestra flota de veh\u00edculos de lujo est\u00e1 equipada para proporcionar el m\u00e1ximo confort, asegurando un viaje suave y con estilo. Elija entre una gama de veh\u00edculos premium para adaptarse a sus preferencias y al tama\u00f1o del grupo.<\/span><\/li>\n<li style=\"font-weight: 400;\" aria-level=\"1\"><b>Experiencia Personalizada:<\/b><span style=\"font-weight: 400;\"> Adapte su traslado seg\u00fan sus necesidades. Tanto si necesita un traslado r\u00e1pido al hotel como una ruta m\u00e1s panor\u00e1mica para disfrutar de la belleza de Oporto, nos adaptamos a sus deseos.<\/span><\/li>\n<li style=\"font-weight: 400;\" aria-level=\"1\"><b>Ch\u00f3feres experimentados:<\/b><span style=\"font-weight: 400;\"> Nuestros ch\u00f3feres no s\u00f3lo son conductores expertos, sino tambi\u00e9n profesionales corteses, conocedores de Oporto y sus alrededores, dispuestos a hacer que su viaje sea agradable e informativo.<\/span><\/li>\n<li style=\"font-weight: 400;\" aria-level=\"1\"><b>Viaje sin complicaciones:<\/b><span style=\"font-weight: 400;\"> Olv\u00eddese del estr\u00e9s de navegar por el transporte p\u00fablico o llamar a los taxis. Nuestro traslado privado le ofrece una experiencia sin preocupaciones desde el momento de su llegada hasta su destino.<\/span><\/li>\n<li style=\"font-weight: 400;\" aria-level=\"1\"><b>Flexibilidad y Fiabilidad:<\/b><span style=\"font-weight: 400;\"> Estamos orgullosos de nuestra puntualidad y flexibilidad. Si sus planes cambian o los vuelos se retrasan, nos ajustamos en consecuencia para garantizar una experiencia sin problemas.<\/span><\/li>\n<li style=\"font-weight: 400;\" aria-level=\"1\"><b>Vistas panor\u00e1micas de Oporto:<\/b><span style=\"font-weight: 400;\"> Disfrute de las impresionantes vistas del paisaje y la arquitectura \u00fanicos de Oporto, haciendo que su traslado sea algo m\u00e1s que un simple trayecto, sino una parte memorable de su viaje.<\/span><\/li>\n<li style=\"font-weight: 400;\" aria-level=\"1\"><b>Accesibilidad y Confort:<\/b><span style=\"font-weight: 400;\"> Nuestros veh\u00edculos est\u00e1n dise\u00f1ados para su comodidad y se adaptan a todas sus necesidades de equipaje. Las peticiones especiales, como los asientos para ni\u00f1os, se gestionan con el m\u00e1ximo cuidado para garantizar un viaje seguro y c\u00f3modo para todos los pasajeros.<\/span><\/li>\n<\/ul>\n<h3><b>Conclusi\u00f3n<\/b><\/h3>\n<p><span style=\"font-weight: 400;\">Con Tour Travel and More, su traslado en Oporto ser\u00e1 una experiencia en s\u00ed misma, definida por el lujo, la comodidad y la eficiencia. Nuestro compromiso con un servicio de calidad nos convierte en la opci\u00f3n ideal para sus necesidades de transporte en Oporto. Explore nuestra gama de tours privados en y desde Oporto para mejorar a\u00fan m\u00e1s su experiencia de viaje. <\/span><a href=\"https:\/\/tourtravelandmore.com\/es\/ciudad\/portugal-es\/oporto-es\/\"><span style=\"font-weight: 400;\">P\u00f3ngase en contacto con nosotros para organizar su traslado perfecto y viajar con estilo y comodidad.\u00a0<\/span><\/a><\/p>\n","protected":false},"excerpt":{"rendered":"<p><span style=\"font-weight: 400;\">Experimente el lujo y la comodidad con nuestros traslados privados desde \/ hacia el aeropuerto o el puerto de Oporto. Viaje con estilo con nuestros veh\u00edculos de primer nivel, disfrutando de un servicio personalizado y de los hermosos paisajes de Oporto. Perfecto para individuos, familias o grupos. Reserve su c\u00f3modo viaje con Tour Travel and More, y comience o termine su visita a Oporto de la mejor manera posible.<\/span><\/p>\n","protected":false},"featured_media":8090,"comment_status":"open","ping_status":"closed","template":"","meta":{"_acf_changed":false},"product_brand":[],"product_cat":[624,633,636],"product_tag":[],"class_list":{"0":"post-65412","1":"product","2":"type-product","3":"status-publish","4":"has-post-thumbnail","6":"product_cat-oporto-es","7":"product_cat-oporto-actividades-es","8":"product_cat-oporto-traslados-es","10":"first","11":"instock","12":"shipping-taxable","13":"purchasable","14":"product-type-simple"},"acf":[],"yoast_head":"<!-- This site is optimized with the Yoast SEO Premium plugin v25.3.1 (Yoast SEO v25.3.1) - https:\/\/yoast.com\/wordpress\/plugins\/seo\/ -->\n<title>\u27a1\ufe0f Traslados privados de lujo en Oporto - Servicios de aeropuerto y puerto | Tour Travel &amp; More \u2705<\/title>\n<meta name=\"description\" content=\"Descubra el m\u00e1ximo confort con nuestros traslados privados en Oporto. Veh\u00edculos de lujo, servicio personalizado y vistas panor\u00e1micas de la ciudad. \u00a1Reserve su traslado sin problemas ahora! \u2705\" \/>\n<meta name=\"robots\" content=\"index, follow, max-snippet:-1, max-image-preview:large, max-video-preview:-1\" \/>\n<link rel=\"canonical\" href=\"https:\/\/tourtravelandmore.com\/es\/tours\/portugal-es\/oporto-es\/traslados-privados-en-porto\/\" \/>\n<meta property=\"og:locale\" content=\"es_ES\" \/>\n<meta property=\"og:type\" content=\"article\" \/>\n<meta property=\"og:title\" content=\"Traslado privado desde\/hasta aeropuerto\/puerto en Oporto\" \/>\n<meta property=\"og:description\" content=\"Descubra el m\u00e1ximo confort con nuestros traslados privados en Oporto. Veh\u00edculos de lujo, servicio personalizado y vistas panor\u00e1micas de la ciudad. \u00a1Reserve su traslado sin problemas ahora! \u2705\" \/>\n<meta property=\"og:url\" content=\"https:\/\/tourtravelandmore.com\/es\/tours\/portugal-es\/oporto-es\/traslados-privados-en-porto\/\" \/>\n<meta property=\"og:site_name\" content=\"Tour Travel And More\" \/>\n<meta property=\"article:publisher\" content=\"https:\/\/www.facebook.com\/tourtravelandmore\/\" \/>\n<meta property=\"article:modified_time\" content=\"2023-11-27T10:19:38+00:00\" \/>\n<meta property=\"og:image\" content=\"https:\/\/tourtravelandmore.com\/wp-content\/uploads\/2016\/10\/transfer-port-barcelonajpg.jpg\" \/>\n\t<meta property=\"og:image:width\" content=\"955\" \/>\n\t<meta property=\"og:image:height\" content=\"523\" \/>\n\t<meta property=\"og:image:type\" content=\"image\/jpeg\" \/>\n<meta name=\"twitter:card\" content=\"summary_large_image\" \/>\n<meta name=\"twitter:site\" content=\"@TourTravel_More\" \/>\n<meta name=\"twitter:label1\" content=\"Tiempo de lectura\" \/>\n\t<meta name=\"twitter:data1\" content=\"3 minutos\" \/>\n<script type=\"application\/ld+json\" class=\"yoast-schema-graph\">{\"@context\":\"https:\/\/schema.org\",\"@graph\":[{\"@type\":\"WebPage\",\"@id\":\"https:\/\/tourtravelandmore.com\/es\/tours\/portugal-es\/oporto-es\/traslados-privados-en-porto\/\",\"url\":\"https:\/\/tourtravelandmore.com\/es\/tours\/portugal-es\/oporto-es\/traslados-privados-en-porto\/\",\"name\":\"\u27a1\ufe0f Traslados privados de lujo en Oporto - Servicios de aeropuerto y puerto | Tour Travel & More \u2705\",\"isPartOf\":{\"@id\":\"https:\/\/tourtravelandmore.com\/es\/#website\"},\"primaryImageOfPage\":{\"@id\":\"https:\/\/tourtravelandmore.com\/es\/tours\/portugal-es\/oporto-es\/traslados-privados-en-porto\/#primaryimage\"},\"image\":{\"@id\":\"https:\/\/tourtravelandmore.com\/es\/tours\/portugal-es\/oporto-es\/traslados-privados-en-porto\/#primaryimage\"},\"thumbnailUrl\":\"https:\/\/tourtravelandmore.com\/wp-content\/uploads\/2016\/10\/transfer-port-barcelonajpg.jpg\",\"datePublished\":\"2019-09-04T10:25:11+00:00\",\"dateModified\":\"2023-11-27T10:19:38+00:00\",\"description\":\"Descubra el m\u00e1ximo confort con nuestros traslados privados en Oporto. Veh\u00edculos de lujo, servicio personalizado y vistas panor\u00e1micas de la ciudad. \u00a1Reserve su traslado sin problemas ahora! \u2705\",\"breadcrumb\":{\"@id\":\"https:\/\/tourtravelandmore.com\/es\/tours\/portugal-es\/oporto-es\/traslados-privados-en-porto\/#breadcrumb\"},\"inLanguage\":\"es\",\"potentialAction\":[{\"@type\":\"ReadAction\",\"target\":[\"https:\/\/tourtravelandmore.com\/es\/tours\/portugal-es\/oporto-es\/traslados-privados-en-porto\/\"]}]},{\"@type\":\"ImageObject\",\"inLanguage\":\"es\",\"@id\":\"https:\/\/tourtravelandmore.com\/es\/tours\/portugal-es\/oporto-es\/traslados-privados-en-porto\/#primaryimage\",\"url\":\"https:\/\/tourtravelandmore.com\/wp-content\/uploads\/2016\/10\/transfer-port-barcelonajpg.jpg\",\"contentUrl\":\"https:\/\/tourtravelandmore.com\/wp-content\/uploads\/2016\/10\/transfer-port-barcelonajpg.jpg\",\"width\":955,\"height\":523,\"caption\":\"Private Transfer\"},{\"@type\":\"BreadcrumbList\",\"@id\":\"https:\/\/tourtravelandmore.com\/es\/tours\/portugal-es\/oporto-es\/traslados-privados-en-porto\/#breadcrumb\",\"itemListElement\":[{\"@type\":\"ListItem\",\"position\":1,\"name\":\"Home\",\"item\":\"https:\/\/tourtravelandmore.com\/es\/\"},{\"@type\":\"ListItem\",\"position\":2,\"name\":\"Tours\",\"item\":\"https:\/\/tourtravelandmore.com\/es\/tours\/\"},{\"@type\":\"ListItem\",\"position\":3,\"name\":\"Traslado privado desde\/hasta aeropuerto\/puerto en Oporto\"}]},{\"@type\":\"WebSite\",\"@id\":\"https:\/\/tourtravelandmore.com\/es\/#website\",\"url\":\"https:\/\/tourtravelandmore.com\/es\/\",\"name\":\"Tour Travel And More\",\"description\":\"Private sightseeing tours and luxury transfers in Spain\",\"publisher\":{\"@id\":\"https:\/\/tourtravelandmore.com\/es\/#organization\"},\"potentialAction\":[{\"@type\":\"SearchAction\",\"target\":{\"@type\":\"EntryPoint\",\"urlTemplate\":\"https:\/\/tourtravelandmore.com\/es\/?s={search_term_string}\"},\"query-input\":{\"@type\":\"PropertyValueSpecification\",\"valueRequired\":true,\"valueName\":\"search_term_string\"}}],\"inLanguage\":\"es\"},{\"@type\":\"Organization\",\"@id\":\"https:\/\/tourtravelandmore.com\/es\/#organization\",\"name\":\"Tour Travel And More\",\"url\":\"https:\/\/tourtravelandmore.com\/es\/\",\"logo\":{\"@type\":\"ImageObject\",\"inLanguage\":\"es\",\"@id\":\"https:\/\/tourtravelandmore.com\/es\/#\/schema\/logo\/image\/\",\"url\":\"https:\/\/tourtravelandmore.com\/wp-content\/uploads\/2022\/12\/cropped-logo-cabecera-new.png\",\"contentUrl\":\"https:\/\/tourtravelandmore.com\/wp-content\/uploads\/2022\/12\/cropped-logo-cabecera-new.png\",\"width\":430,\"height\":61,\"caption\":\"Tour Travel And More\"},\"image\":{\"@id\":\"https:\/\/tourtravelandmore.com\/es\/#\/schema\/logo\/image\/\"},\"sameAs\":[\"https:\/\/www.facebook.com\/tourtravelandmore\/\",\"https:\/\/x.com\/TourTravel_More\"]}]}<\/script>\n<!-- \/ Yoast SEO Premium plugin. -->","yoast_head_json":{"title":"\u27a1\ufe0f Traslados privados de lujo en Oporto - Servicios de aeropuerto y puerto | Tour Travel & More \u2705","description":"Descubra el m\u00e1ximo confort con nuestros traslados privados en Oporto. Veh\u00edculos de lujo, servicio personalizado y vistas panor\u00e1micas de la ciudad. \u00a1Reserve su traslado sin problemas ahora! \u2705","robots":{"index":"index","follow":"follow","max-snippet":"max-snippet:-1","max-image-preview":"max-image-preview:large","max-video-preview":"max-video-preview:-1"},"canonical":"https:\/\/tourtravelandmore.com\/es\/tours\/portugal-es\/oporto-es\/traslados-privados-en-porto\/","og_locale":"es_ES","og_type":"article","og_title":"Traslado privado desde\/hasta aeropuerto\/puerto en Oporto","og_description":"Descubra el m\u00e1ximo confort con nuestros traslados privados en Oporto. Veh\u00edculos de lujo, servicio personalizado y vistas panor\u00e1micas de la ciudad. \u00a1Reserve su traslado sin problemas ahora! \u2705","og_url":"https:\/\/tourtravelandmore.com\/es\/tours\/portugal-es\/oporto-es\/traslados-privados-en-porto\/","og_site_name":"Tour Travel And More","article_publisher":"https:\/\/www.facebook.com\/tourtravelandmore\/","article_modified_time":"2023-11-27T10:19:38+00:00","og_image":[{"width":955,"height":523,"url":"https:\/\/tourtravelandmore.com\/wp-content\/uploads\/2016\/10\/transfer-port-barcelonajpg.jpg","type":"image\/jpeg"}],"twitter_card":"summary_large_image","twitter_site":"@TourTravel_More","twitter_misc":{"Tiempo de lectura":"3 minutos"},"schema":{"@context":"https:\/\/schema.org","@graph":[{"@type":"WebPage","@id":"https:\/\/tourtravelandmore.com\/es\/tours\/portugal-es\/oporto-es\/traslados-privados-en-porto\/","url":"https:\/\/tourtravelandmore.com\/es\/tours\/portugal-es\/oporto-es\/traslados-privados-en-porto\/","name":"\u27a1\ufe0f Traslados privados de lujo en Oporto - Servicios de aeropuerto y puerto | Tour Travel & More \u2705","isPartOf":{"@id":"https:\/\/tourtravelandmore.com\/es\/#website"},"primaryImageOfPage":{"@id":"https:\/\/tourtravelandmore.com\/es\/tours\/portugal-es\/oporto-es\/traslados-privados-en-porto\/#primaryimage"},"image":{"@id":"https:\/\/tourtravelandmore.com\/es\/tours\/portugal-es\/oporto-es\/traslados-privados-en-porto\/#primaryimage"},"thumbnailUrl":"https:\/\/tourtravelandmore.com\/wp-content\/uploads\/2016\/10\/transfer-port-barcelonajpg.jpg","datePublished":"2019-09-04T10:25:11+00:00","dateModified":"2023-11-27T10:19:38+00:00","description":"Descubra el m\u00e1ximo confort con nuestros traslados privados en Oporto. Veh\u00edculos de lujo, servicio personalizado y vistas panor\u00e1micas de la ciudad. \u00a1Reserve su traslado sin problemas ahora! \u2705","breadcrumb":{"@id":"https:\/\/tourtravelandmore.com\/es\/tours\/portugal-es\/oporto-es\/traslados-privados-en-porto\/#breadcrumb"},"inLanguage":"es","potentialAction":[{"@type":"ReadAction","target":["https:\/\/tourtravelandmore.com\/es\/tours\/portugal-es\/oporto-es\/traslados-privados-en-porto\/"]}]},{"@type":"ImageObject","inLanguage":"es","@id":"https:\/\/tourtravelandmore.com\/es\/tours\/portugal-es\/oporto-es\/traslados-privados-en-porto\/#primaryimage","url":"https:\/\/tourtravelandmore.com\/wp-content\/uploads\/2016\/10\/transfer-port-barcelonajpg.jpg","contentUrl":"https:\/\/tourtravelandmore.com\/wp-content\/uploads\/2016\/10\/transfer-port-barcelonajpg.jpg","width":955,"height":523,"caption":"Private Transfer"},{"@type":"BreadcrumbList","@id":"https:\/\/tourtravelandmore.com\/es\/tours\/portugal-es\/oporto-es\/traslados-privados-en-porto\/#breadcrumb","itemListElement":[{"@type":"ListItem","position":1,"name":"Home","item":"https:\/\/tourtravelandmore.com\/es\/"},{"@type":"ListItem","position":2,"name":"Tours","item":"https:\/\/tourtravelandmore.com\/es\/tours\/"},{"@type":"ListItem","position":3,"name":"Traslado privado desde\/hasta aeropuerto\/puerto en Oporto"}]},{"@type":"WebSite","@id":"https:\/\/tourtravelandmore.com\/es\/#website","url":"https:\/\/tourtravelandmore.com\/es\/","name":"Tour Travel And More","description":"Private sightseeing tours and luxury transfers in Spain","publisher":{"@id":"https:\/\/tourtravelandmore.com\/es\/#organization"},"potentialAction":[{"@type":"SearchAction","target":{"@type":"EntryPoint","urlTemplate":"https:\/\/tourtravelandmore.com\/es\/?s={search_term_string}"},"query-input":{"@type":"PropertyValueSpecification","valueRequired":true,"valueName":"search_term_string"}}],"inLanguage":"es"},{"@type":"Organization","@id":"https:\/\/tourtravelandmore.com\/es\/#organization","name":"Tour Travel And More","url":"https:\/\/tourtravelandmore.com\/es\/","logo":{"@type":"ImageObject","inLanguage":"es","@id":"https:\/\/tourtravelandmore.com\/es\/#\/schema\/logo\/image\/","url":"https:\/\/tourtravelandmore.com\/wp-content\/uploads\/2022\/12\/cropped-logo-cabecera-new.png","contentUrl":"https:\/\/tourtravelandmore.com\/wp-content\/uploads\/2022\/12\/cropped-logo-cabecera-new.png","width":430,"height":61,"caption":"Tour Travel And More"},"image":{"@id":"https:\/\/tourtravelandmore.com\/es\/#\/schema\/logo\/image\/"},"sameAs":["https:\/\/www.facebook.com\/tourtravelandmore\/","https:\/\/x.com\/TourTravel_More"]}]}},"_links":{"self":[{"href":"https:\/\/tourtravelandmore.com\/es\/wp-json\/wp\/v2\/product\/65412","targetHints":{"allow":["GET"]}}],"collection":[{"href":"https:\/\/tourtravelandmore.com\/es\/wp-json\/wp\/v2\/product"}],"about":[{"href":"https:\/\/tourtravelandmore.com\/es\/wp-json\/wp\/v2\/types\/product"}],"replies":[{"embeddable":true,"href":"https:\/\/tourtravelandmore.com\/es\/wp-json\/wp\/v2\/comments?post=65412"}],"wp:featuredmedia":[{"embeddable":true,"href":"https:\/\/tourtravelandmore.com\/es\/wp-json\/wp\/v2\/media\/8090"}],"wp:attachment":[{"href":"https:\/\/tourtravelandmore.com\/es\/wp-json\/wp\/v2\/media?parent=65412"}],"wp:term":[{"taxonomy":"product_brand","embeddable":true,"href":"https:\/\/tourtravelandmore.com\/es\/wp-json\/wp\/v2\/product_brand?post=65412"},{"taxonomy":"product_cat","embeddable":true,"href":"https:\/\/tourtravelandmore.com\/es\/wp-json\/wp\/v2\/product_cat?post=65412"},{"taxonomy":"product_tag","embeddable":true,"href":"https:\/\/tourtravelandmore.com\/es\/wp-json\/wp\/v2\/product_tag?post=65412"}],"curies":[{"name":"wp","href":"https:\/\/api.w.org\/{rel}","templated":true}]}}