{"id":65334,"date":"2019-09-03T11:27:45","date_gmt":"2019-09-03T09:27:45","guid":{"rendered":"https:\/\/tourtravelandmore.com\/?post_type=product&#038;p=65334"},"modified":"2026-02-11T16:48:38","modified_gmt":"2026-02-11T15:48:38","slug":"tour-privado-de-salzburgo-y-hallstatt-desde-munich","status":"publish","type":"product","link":"https:\/\/tourtravelandmore.com\/es\/tours\/austria-es\/hallstatt-es\/halstatt-actividades-es\/tour-privado-de-salzburgo-y-hallstatt-desde-munich\/","title":{"rendered":"Tour Privado a Salzburgo y Hallstatt desde Munich"},"content":{"rendered":"<h2><strong>Descripci\u00f3n del Tour Privado a Salzburgo y Hallstatt<\/strong><\/h2>\n<p>Disfrute de la gran arquitectura de <strong>Salzburgo<\/strong> y de las maravillosas vistas mar\u00edtimas de <strong>Hallstatt<\/strong> durante este tour privado. Su <strong>conductor\/gu\u00eda privado<\/strong> lo recoger\u00e1 en un <strong>veh\u00edculo de lujo<\/strong> en el lugar deseado en M\u00fanich. Este <strong>tour privado a Salzburgo y Hallstatt<\/strong> es un tour completamente personalizado solo para ti y tu grupo.<\/p>\n<p><strong>Salzburgo<\/strong> es una ciudad austriaca ubicada en la frontera con Alemania, con vistas a los Alpes orientales. Esta ciudad est\u00e1 dividida por el r\u00edo Salzach, en una parte tenemos Altstadt (ciudad vieja) y en la otra parte encontraremos Neustadt (ciudad nueva).<\/p>\n<p>Por otro lado, tenemos <strong>Hallstatt<\/strong>. Es un municipio ubicado en la orilla occidental del lago Hallstatt, en la regi\u00f3n monta\u00f1osa de Salzkammergut. Es un punto muy famoso por sus casas, cafeter\u00edas y sus incre\u00edbles vistas al lago.<\/p>\n<p>Su conductor\/gu\u00eda privado estar\u00e1 a su total disposici\u00f3n durante todo el recorrido. En caso de que lo prefiera, podemos incluir un gu\u00eda tur\u00edstico local durante 2 horas en Salzburgo. Si tiene algo en mente, h\u00e1ganoslo saber y haremos todo lo posible para organizarlo.<\/p>\n<h2><strong>Puntos de inter\u00e9s en el Tour Privado a Salzburgo y Hallstatt<\/strong><\/h2>\n<p>Su recorrido comenzar\u00e1 cuando su conductor\/gu\u00eda privado lo recoja en su lugar a elecci\u00f3n en M\u00fanich. El servicio se realizar\u00e1 en un veh\u00edculo privado de lujo con aire acondicionado.<\/p>\n<p>En primer lugar, visitar\u00e1 <strong>Salzburgo<\/strong>, que es bien conocida por sus lugares de inter\u00e9s en Sound of Music. Podr\u00e1 disfrutar de las vistas de los Alpes b\u00e1varos bajos mientras conduce a Salzburgo.<\/p>\n<p>Entre otros lugares y monumentos podr\u00e1s visitar:<\/p>\n<ul>\n<li><strong>Fortaleza de Hohensalzburg<\/strong><\/li>\n<li><strong>Getreidegasse<\/strong><\/li>\n<li><a href=\"http:\/\/www.salzburger-dom.at\/home\/\" rel=\"nofollow\">Catedral de Salzburgo<\/a><\/li>\n<li><strong>Casa de Mozart<\/strong><\/li>\n<li><strong>Palacio de Mirabell<\/strong><\/li>\n<li><strong>Kapitelplatz y Alter Markt<\/strong><\/li>\n<li>\u00a1Y mucho m\u00e1s!<\/li>\n<\/ul>\n<p>En segundo lugar, continuar\u00e1 hasta <strong>Hallstatt<\/strong>. A lo largo de su camino hacia Hallstatt, se deleitar\u00e1 con los hermosos paisajes rurales de Salzkammergut y su ciudad. A su llegada a Hallstatt, ser\u00e1 testigo de una de las vistas m\u00e1s hermosas del paisaje que muestran su lago y sus casas medievales.<\/p>\n<p>Pasar\u00e1 un tiempo incre\u00edble durante este tour privado a Salzburgo y Hallstatt junto con su conductor gu\u00eda privado. Podemos incluir entradas a cualquier monumento o museo que desee visitar.<\/p>\n<p>Durante el recorrido tambi\u00e9n tendr\u00e1 tiempo libre para almorzar en un restaurante muy agradable de la zona.<\/p>\n<p>Finalmente, su conductor\/gu\u00eda privado lo llevar\u00e1 de regreso a su punto de partida en M\u00fanich.<\/p>\n<p>Ofrecemos muchas opciones de tours privados desde M\u00fanich, eche un vistazo a <a href=\"https:\/\/tourtravelandmore.com\/es\/tours\/alemania-es\/munich-es\/tour-privado-de-augsburgo-desde-munich\/\">nuestro tour privado de d\u00eda completo a Augsburg<\/a>.<\/p>\n","protected":false},"excerpt":{"rendered":"<p>Aventurese en este <strong>tour de d\u00eda completo<\/strong> a las ciudades de <strong>Salzburgo y Hallstatt<\/strong>, ciudades \u00fanicas con paisajes campestres y medievales que valen la pena conocer. No pierda la oportunidad de disfrutar de lo mejor que tiene que ofrecer <strong>Salzburgo<\/strong> y el pueblo de <strong>Hallstatt <\/strong>c\u00f3modamente en su veh\u00edculo privado de lujo con chofer\/gu\u00eda desde Munich.<\/p>\n<p>&nbsp;<\/p>\n","protected":false},"featured_media":65344,"comment_status":"open","ping_status":"closed","template":"","meta":{"_acf_changed":false},"product_brand":[],"product_cat":[1665,1670,1422,1430,456,457,459,458],"product_tag":[],"class_list":{"0":"post-65334","1":"product","2":"type-product","3":"status-publish","4":"has-post-thumbnail","6":"product_cat-hallstatt-es","7":"product_cat-halstatt-actividades-es","8":"product_cat-salzburgo-es","9":"product_cat-salzburgo-actividades-es","10":"product_cat-munich-es","11":"product_cat-munich-actividades-es","12":"product_cat-munich-rutas-turisticas-privadas-es","13":"product_cat-munich-excursiones-es","15":"first","16":"instock","17":"shipping-taxable","18":"purchasable","19":"product-type-simple"},"acf":[],"yoast_head":"<!-- This site is optimized with the Yoast SEO Premium plugin v25.3.1 (Yoast SEO v25.3.1) - https:\/\/yoast.com\/wordpress\/plugins\/seo\/ -->\n<title>Tour Privado a Salzburgo y Hallstatt desde a ciudad de Munich | TTM<\/title>\n<meta name=\"description\" content=\"Tour privado a Salzburgo y Hallstatt con chofer\/gu\u00eda oficial. Conozca sus lugares m\u00e1s emblem\u00e1ticos en un veh\u00edculo privado desde la ciudad de Munich \u2705\" \/>\n<meta name=\"robots\" content=\"index, follow, max-snippet:-1, max-image-preview:large, max-video-preview:-1\" \/>\n<link rel=\"canonical\" href=\"https:\/\/tourtravelandmore.com\/es\/tours\/austria-es\/hallstatt-es\/halstatt-actividades-es\/tour-privado-de-salzburgo-y-hallstatt-desde-munich\/\" \/>\n<meta property=\"og:locale\" content=\"es_ES\" \/>\n<meta property=\"og:type\" content=\"article\" \/>\n<meta property=\"og:title\" content=\"Tour Privado a Salzburgo y Hallstatt desde Munich\" \/>\n<meta property=\"og:description\" content=\"Tour privado a Salzburgo y Hallstatt con chofer\/gu\u00eda oficial. Conozca sus lugares m\u00e1s emblem\u00e1ticos en un veh\u00edculo privado desde la ciudad de Munich \u2705\" \/>\n<meta property=\"og:url\" content=\"https:\/\/tourtravelandmore.com\/es\/tours\/austria-es\/hallstatt-es\/halstatt-actividades-es\/tour-privado-de-salzburgo-y-hallstatt-desde-munich\/\" \/>\n<meta property=\"og:site_name\" content=\"Tour Travel And More\" \/>\n<meta property=\"article:publisher\" content=\"https:\/\/www.facebook.com\/tourtravelandmore\/\" \/>\n<meta property=\"article:modified_time\" content=\"2026-02-11T15:48:38+00:00\" \/>\n<meta property=\"og:image\" content=\"https:\/\/tourtravelandmore.com\/wp-content\/uploads\/2019\/09\/hallstatt.jpg\" \/>\n\t<meta property=\"og:image:width\" content=\"960\" \/>\n\t<meta property=\"og:image:height\" content=\"549\" \/>\n\t<meta property=\"og:image:type\" content=\"image\/jpeg\" \/>\n<meta name=\"twitter:card\" content=\"summary_large_image\" \/>\n<meta name=\"twitter:site\" content=\"@TourTravel_More\" \/>\n<meta name=\"twitter:label1\" content=\"Tiempo de lectura\" \/>\n\t<meta name=\"twitter:data1\" content=\"2 minutos\" \/>\n<script type=\"application\/ld+json\" class=\"yoast-schema-graph\">{\"@context\":\"https:\/\/schema.org\",\"@graph\":[{\"@type\":\"WebPage\",\"@id\":\"https:\/\/tourtravelandmore.com\/es\/tours\/austria-es\/hallstatt-es\/halstatt-actividades-es\/tour-privado-de-salzburgo-y-hallstatt-desde-munich\/\",\"url\":\"https:\/\/tourtravelandmore.com\/es\/tours\/austria-es\/hallstatt-es\/halstatt-actividades-es\/tour-privado-de-salzburgo-y-hallstatt-desde-munich\/\",\"name\":\"Tour Privado a Salzburgo y Hallstatt desde a ciudad de Munich | TTM\",\"isPartOf\":{\"@id\":\"https:\/\/tourtravelandmore.com\/es\/#website\"},\"primaryImageOfPage\":{\"@id\":\"https:\/\/tourtravelandmore.com\/es\/tours\/austria-es\/hallstatt-es\/halstatt-actividades-es\/tour-privado-de-salzburgo-y-hallstatt-desde-munich\/#primaryimage\"},\"image\":{\"@id\":\"https:\/\/tourtravelandmore.com\/es\/tours\/austria-es\/hallstatt-es\/halstatt-actividades-es\/tour-privado-de-salzburgo-y-hallstatt-desde-munich\/#primaryimage\"},\"thumbnailUrl\":\"https:\/\/tourtravelandmore.com\/wp-content\/uploads\/2019\/09\/hallstatt.jpg\",\"datePublished\":\"2019-09-03T09:27:45+00:00\",\"dateModified\":\"2026-02-11T15:48:38+00:00\",\"description\":\"Tour privado a Salzburgo y Hallstatt con chofer\/gu\u00eda oficial. Conozca sus lugares m\u00e1s emblem\u00e1ticos en un veh\u00edculo privado desde la ciudad de Munich \u2705\",\"breadcrumb\":{\"@id\":\"https:\/\/tourtravelandmore.com\/es\/tours\/austria-es\/hallstatt-es\/halstatt-actividades-es\/tour-privado-de-salzburgo-y-hallstatt-desde-munich\/#breadcrumb\"},\"inLanguage\":\"es\",\"potentialAction\":[{\"@type\":\"ReadAction\",\"target\":[\"https:\/\/tourtravelandmore.com\/es\/tours\/austria-es\/hallstatt-es\/halstatt-actividades-es\/tour-privado-de-salzburgo-y-hallstatt-desde-munich\/\"]}]},{\"@type\":\"ImageObject\",\"inLanguage\":\"es\",\"@id\":\"https:\/\/tourtravelandmore.com\/es\/tours\/austria-es\/hallstatt-es\/halstatt-actividades-es\/tour-privado-de-salzburgo-y-hallstatt-desde-munich\/#primaryimage\",\"url\":\"https:\/\/tourtravelandmore.com\/wp-content\/uploads\/2019\/09\/hallstatt.jpg\",\"contentUrl\":\"https:\/\/tourtravelandmore.com\/wp-content\/uploads\/2019\/09\/hallstatt.jpg\",\"width\":960,\"height\":549},{\"@type\":\"BreadcrumbList\",\"@id\":\"https:\/\/tourtravelandmore.com\/es\/tours\/austria-es\/hallstatt-es\/halstatt-actividades-es\/tour-privado-de-salzburgo-y-hallstatt-desde-munich\/#breadcrumb\",\"itemListElement\":[{\"@type\":\"ListItem\",\"position\":1,\"name\":\"Home\",\"item\":\"https:\/\/tourtravelandmore.com\/es\/\"},{\"@type\":\"ListItem\",\"position\":2,\"name\":\"Tours\",\"item\":\"https:\/\/tourtravelandmore.com\/es\/tours\/\"},{\"@type\":\"ListItem\",\"position\":3,\"name\":\"Tour Privado a Salzburgo y Hallstatt desde Munich\"}]},{\"@type\":\"WebSite\",\"@id\":\"https:\/\/tourtravelandmore.com\/es\/#website\",\"url\":\"https:\/\/tourtravelandmore.com\/es\/\",\"name\":\"Tour Travel And More\",\"description\":\"Private sightseeing tours and luxury transfers in Spain\",\"publisher\":{\"@id\":\"https:\/\/tourtravelandmore.com\/es\/#organization\"},\"potentialAction\":[{\"@type\":\"SearchAction\",\"target\":{\"@type\":\"EntryPoint\",\"urlTemplate\":\"https:\/\/tourtravelandmore.com\/es\/?s={search_term_string}\"},\"query-input\":{\"@type\":\"PropertyValueSpecification\",\"valueRequired\":true,\"valueName\":\"search_term_string\"}}],\"inLanguage\":\"es\"},{\"@type\":\"Organization\",\"@id\":\"https:\/\/tourtravelandmore.com\/es\/#organization\",\"name\":\"Tour Travel And More\",\"url\":\"https:\/\/tourtravelandmore.com\/es\/\",\"logo\":{\"@type\":\"ImageObject\",\"inLanguage\":\"es\",\"@id\":\"https:\/\/tourtravelandmore.com\/es\/#\/schema\/logo\/image\/\",\"url\":\"https:\/\/tourtravelandmore.com\/wp-content\/uploads\/2022\/12\/cropped-logo-cabecera-new.png\",\"contentUrl\":\"https:\/\/tourtravelandmore.com\/wp-content\/uploads\/2022\/12\/cropped-logo-cabecera-new.png\",\"width\":430,\"height\":61,\"caption\":\"Tour Travel And More\"},\"image\":{\"@id\":\"https:\/\/tourtravelandmore.com\/es\/#\/schema\/logo\/image\/\"},\"sameAs\":[\"https:\/\/www.facebook.com\/tourtravelandmore\/\",\"https:\/\/x.com\/TourTravel_More\"]}]}<\/script>\n<!-- \/ Yoast SEO Premium plugin. -->","yoast_head_json":{"title":"Tour Privado a Salzburgo y Hallstatt desde a ciudad de Munich | TTM","description":"Tour privado a Salzburgo y Hallstatt con chofer\/gu\u00eda oficial. Conozca sus lugares m\u00e1s emblem\u00e1ticos en un veh\u00edculo privado desde la ciudad de Munich \u2705","robots":{"index":"index","follow":"follow","max-snippet":"max-snippet:-1","max-image-preview":"max-image-preview:large","max-video-preview":"max-video-preview:-1"},"canonical":"https:\/\/tourtravelandmore.com\/es\/tours\/austria-es\/hallstatt-es\/halstatt-actividades-es\/tour-privado-de-salzburgo-y-hallstatt-desde-munich\/","og_locale":"es_ES","og_type":"article","og_title":"Tour Privado a Salzburgo y Hallstatt desde Munich","og_description":"Tour privado a Salzburgo y Hallstatt con chofer\/gu\u00eda oficial. Conozca sus lugares m\u00e1s emblem\u00e1ticos en un veh\u00edculo privado desde la ciudad de Munich \u2705","og_url":"https:\/\/tourtravelandmore.com\/es\/tours\/austria-es\/hallstatt-es\/halstatt-actividades-es\/tour-privado-de-salzburgo-y-hallstatt-desde-munich\/","og_site_name":"Tour Travel And More","article_publisher":"https:\/\/www.facebook.com\/tourtravelandmore\/","article_modified_time":"2026-02-11T15:48:38+00:00","og_image":[{"width":960,"height":549,"url":"https:\/\/tourtravelandmore.com\/wp-content\/uploads\/2019\/09\/hallstatt.jpg","type":"image\/jpeg"}],"twitter_card":"summary_large_image","twitter_site":"@TourTravel_More","twitter_misc":{"Tiempo de lectura":"2 minutos"},"schema":{"@context":"https:\/\/schema.org","@graph":[{"@type":"WebPage","@id":"https:\/\/tourtravelandmore.com\/es\/tours\/austria-es\/hallstatt-es\/halstatt-actividades-es\/tour-privado-de-salzburgo-y-hallstatt-desde-munich\/","url":"https:\/\/tourtravelandmore.com\/es\/tours\/austria-es\/hallstatt-es\/halstatt-actividades-es\/tour-privado-de-salzburgo-y-hallstatt-desde-munich\/","name":"Tour Privado a Salzburgo y Hallstatt desde a ciudad de Munich | TTM","isPartOf":{"@id":"https:\/\/tourtravelandmore.com\/es\/#website"},"primaryImageOfPage":{"@id":"https:\/\/tourtravelandmore.com\/es\/tours\/austria-es\/hallstatt-es\/halstatt-actividades-es\/tour-privado-de-salzburgo-y-hallstatt-desde-munich\/#primaryimage"},"image":{"@id":"https:\/\/tourtravelandmore.com\/es\/tours\/austria-es\/hallstatt-es\/halstatt-actividades-es\/tour-privado-de-salzburgo-y-hallstatt-desde-munich\/#primaryimage"},"thumbnailUrl":"https:\/\/tourtravelandmore.com\/wp-content\/uploads\/2019\/09\/hallstatt.jpg","datePublished":"2019-09-03T09:27:45+00:00","dateModified":"2026-02-11T15:48:38+00:00","description":"Tour privado a Salzburgo y Hallstatt con chofer\/gu\u00eda oficial. Conozca sus lugares m\u00e1s emblem\u00e1ticos en un veh\u00edculo privado desde la ciudad de Munich \u2705","breadcrumb":{"@id":"https:\/\/tourtravelandmore.com\/es\/tours\/austria-es\/hallstatt-es\/halstatt-actividades-es\/tour-privado-de-salzburgo-y-hallstatt-desde-munich\/#breadcrumb"},"inLanguage":"es","potentialAction":[{"@type":"ReadAction","target":["https:\/\/tourtravelandmore.com\/es\/tours\/austria-es\/hallstatt-es\/halstatt-actividades-es\/tour-privado-de-salzburgo-y-hallstatt-desde-munich\/"]}]},{"@type":"ImageObject","inLanguage":"es","@id":"https:\/\/tourtravelandmore.com\/es\/tours\/austria-es\/hallstatt-es\/halstatt-actividades-es\/tour-privado-de-salzburgo-y-hallstatt-desde-munich\/#primaryimage","url":"https:\/\/tourtravelandmore.com\/wp-content\/uploads\/2019\/09\/hallstatt.jpg","contentUrl":"https:\/\/tourtravelandmore.com\/wp-content\/uploads\/2019\/09\/hallstatt.jpg","width":960,"height":549},{"@type":"BreadcrumbList","@id":"https:\/\/tourtravelandmore.com\/es\/tours\/austria-es\/hallstatt-es\/halstatt-actividades-es\/tour-privado-de-salzburgo-y-hallstatt-desde-munich\/#breadcrumb","itemListElement":[{"@type":"ListItem","position":1,"name":"Home","item":"https:\/\/tourtravelandmore.com\/es\/"},{"@type":"ListItem","position":2,"name":"Tours","item":"https:\/\/tourtravelandmore.com\/es\/tours\/"},{"@type":"ListItem","position":3,"name":"Tour Privado a Salzburgo y Hallstatt desde Munich"}]},{"@type":"WebSite","@id":"https:\/\/tourtravelandmore.com\/es\/#website","url":"https:\/\/tourtravelandmore.com\/es\/","name":"Tour Travel And More","description":"Private sightseeing tours and luxury transfers in Spain","publisher":{"@id":"https:\/\/tourtravelandmore.com\/es\/#organization"},"potentialAction":[{"@type":"SearchAction","target":{"@type":"EntryPoint","urlTemplate":"https:\/\/tourtravelandmore.com\/es\/?s={search_term_string}"},"query-input":{"@type":"PropertyValueSpecification","valueRequired":true,"valueName":"search_term_string"}}],"inLanguage":"es"},{"@type":"Organization","@id":"https:\/\/tourtravelandmore.com\/es\/#organization","name":"Tour Travel And More","url":"https:\/\/tourtravelandmore.com\/es\/","logo":{"@type":"ImageObject","inLanguage":"es","@id":"https:\/\/tourtravelandmore.com\/es\/#\/schema\/logo\/image\/","url":"https:\/\/tourtravelandmore.com\/wp-content\/uploads\/2022\/12\/cropped-logo-cabecera-new.png","contentUrl":"https:\/\/tourtravelandmore.com\/wp-content\/uploads\/2022\/12\/cropped-logo-cabecera-new.png","width":430,"height":61,"caption":"Tour Travel And More"},"image":{"@id":"https:\/\/tourtravelandmore.com\/es\/#\/schema\/logo\/image\/"},"sameAs":["https:\/\/www.facebook.com\/tourtravelandmore\/","https:\/\/x.com\/TourTravel_More"]}]}},"_links":{"self":[{"href":"https:\/\/tourtravelandmore.com\/es\/wp-json\/wp\/v2\/product\/65334","targetHints":{"allow":["GET"]}}],"collection":[{"href":"https:\/\/tourtravelandmore.com\/es\/wp-json\/wp\/v2\/product"}],"about":[{"href":"https:\/\/tourtravelandmore.com\/es\/wp-json\/wp\/v2\/types\/product"}],"replies":[{"embeddable":true,"href":"https:\/\/tourtravelandmore.com\/es\/wp-json\/wp\/v2\/comments?post=65334"}],"wp:featuredmedia":[{"embeddable":true,"href":"https:\/\/tourtravelandmore.com\/es\/wp-json\/wp\/v2\/media\/65344"}],"wp:attachment":[{"href":"https:\/\/tourtravelandmore.com\/es\/wp-json\/wp\/v2\/media?parent=65334"}],"wp:term":[{"taxonomy":"product_brand","embeddable":true,"href":"https:\/\/tourtravelandmore.com\/es\/wp-json\/wp\/v2\/product_brand?post=65334"},{"taxonomy":"product_cat","embeddable":true,"href":"https:\/\/tourtravelandmore.com\/es\/wp-json\/wp\/v2\/product_cat?post=65334"},{"taxonomy":"product_tag","embeddable":true,"href":"https:\/\/tourtravelandmore.com\/es\/wp-json\/wp\/v2\/product_tag?post=65334"}],"curies":[{"name":"wp","href":"https:\/\/api.w.org\/{rel}","templated":true}]}}