{"id":65311,"date":"2019-09-03T10:46:44","date_gmt":"2019-09-03T08:46:45","guid":{"rendered":"https:\/\/tourtravelandmore.com\/?post_type=product&#038;p=65311"},"modified":"2022-11-16T09:27:36","modified_gmt":"2022-11-16T08:27:36","slug":"tour-privado-de-rothenburo-desde-munich","status":"publish","type":"product","link":"https:\/\/tourtravelandmore.com\/es\/tours\/alemania-es\/munich-es\/tour-privado-de-rothenburo-desde-munich\/","title":{"rendered":"Tour Privado a Rothenburg desde Munich"},"content":{"rendered":"<h2><strong>Descripci\u00f3n del Tour Privado a Rothenburg desde M\u00fanich<\/strong><\/h2>\n<p><strong>M\u00fanich<\/strong> le brinda la oportunidad de visitar muchas otras ciudades alemanas. Disfrute de este <strong>tour privado a Rothenburg desde M\u00fanich<\/strong> c\u00f3modamente en un <strong>veh\u00edculo privado de lujo con un conductor\/gu\u00eda profesional<\/strong>.<\/p>\n<p>Para rematar su experiencia, nos reuniremos con usted en su hotel o lugar de elecci\u00f3n en M\u00fanich. Como se trata de un recorrido privado y personalizado, podr\u00e1 determinar la hora de inicio de su recorrido.<\/p>\n<p><b>Rothenburg<\/b>\u00a0es una ciudad ubicada en el estado de Baviera y es una de las ciudades m\u00e1s bonitas y famosas de Alemania. Tambi\u00e9n es conocida como una &#8220;ciudad rom\u00e1ntica&#8221; debido a sus hermosas fachadas, calles peque\u00f1as y arquitectura medieval.<\/p>\n<p>Esta es una escapada perfecta para aquellos que quieren algo de tranquilidad y quieren disfrutar de un tiempo incre\u00edble lejos de la ruidosa ciudad. Disfrute de este tour privado a Rothenburg desde M\u00fanich con su propio conductor\/gu\u00eda privado.<\/p>\n<p>Otra posible opci\u00f3n de un tour de d\u00eda completo desde M\u00fanich podr\u00eda ser <a href=\"https:\/\/tourtravelandmore.com\/es\/tours\/alemania-es\/munich-es\/tour-privado-de-ratisbona-desde-munich\/\">nuestro tour privado a Ratisbona<\/a>, \u00a1\u00e9chale un vistazo!.<\/p>\n<h2><strong>Puntos de inter\u00e9s en el Tour Privado a Rothenburg desde M\u00fanich<\/strong><\/h2>\n<p>Su primer contacto con <strong>Tour Travel &amp; More<\/strong> ser\u00e1 en el lobby de su hotel cuando su conductor\/gu\u00eda privado lo recoja. Podemos organizar la recogida desde cualquier lugar de la ciudad de M\u00fanich.<\/p>\n<p>La ciudad de\u00a0<b>Rothenburg<\/b>\u00a0es conocida por su antigua arquitectura alemana. Disfrute de las vistas de los <strong>bajos Alpes b\u00e1varos<\/strong> mientras conduce a Rothenburg. Conocer\u00e1s sus iglesias, plazas y singulares casas medievales.<\/p>\n<p>Puede disfrutar de este tour privado a Rothenburg junto a un profesional experto. Entre otros lugares y monumentos podr\u00e1s visitar:<\/p>\n<ul>\n<li><strong>N\u00f6rdlinger Ries de Suabia<\/strong><\/li>\n<li><strong>Sala Schw\u00e4bisch<\/strong><\/li>\n<li><strong>Gallow-Gate<\/strong><\/li>\n<li><a href=\"https:\/\/burg-harburg.de\">Castillo de Harburg<\/a><\/li>\n<li><strong>Paisajes de Dinkelsb\u00fchl<\/strong><\/li>\n<li><strong>Torre R\u00f6edert<\/strong><\/li>\n<li><strong>Hallertau<\/strong><\/li>\n<li>\u00a1Y mucho m\u00e1s!<\/li>\n<\/ul>\n<p>Durante este tour privado tambi\u00e9n tendr\u00e1 algo de tiempo libre para almorzar en un restaurante t\u00edpico del pueblo. En caso de que lo prefieras podemos hacer una reserva por ti para que no tengas que preocuparte por nada.<\/p>\n<p>Podemos organizar la duraci\u00f3n exacta del recorrido para que se adapte a sus necesidades personales. Podemos ofrecer horas extra. H\u00e1ganos saber de cu\u00e1nto tiempo le gustar\u00eda el tour privado.<\/p>\n<p>Finalmente, su conductor\/gu\u00eda privado lo llevar\u00e1 de regreso a su hotel en M\u00fanich despu\u00e9s de un d\u00eda lleno de experiencias.<\/p>\n","protected":false},"excerpt":{"rendered":"<p>Escape de la ciudad de <strong>M\u00fanich<\/strong> para poder disfrutar de <strong>Rothenburgo<\/strong>, una ciudad preciosa e \u00fanica con una historia que vale la pena conocer. No pierda la oportunidad de disfrutar de lo mejor que tiene que ofrecer la ciudad medieval de <strong>Rothenburgo <\/strong>c\u00f3modamente en su veh\u00edculo privado de lujo con chofer\/gu\u00eda privado.<\/p>\n","protected":false},"featured_media":65321,"comment_status":"open","ping_status":"closed","template":"","meta":{"_acf_changed":false},"product_brand":[],"product_cat":[456,457,459,458],"product_tag":[],"class_list":{"0":"post-65311","1":"product","2":"type-product","3":"status-publish","4":"has-post-thumbnail","6":"product_cat-munich-es","7":"product_cat-munich-actividades-es","8":"product_cat-munich-rutas-turisticas-privadas-es","9":"product_cat-munich-excursiones-es","11":"first","12":"instock","13":"shipping-taxable","14":"purchasable","15":"product-type-simple"},"acf":[],"yoast_head":"<!-- This site is optimized with the Yoast SEO Premium plugin v25.3.1 (Yoast SEO v25.3.1) - https:\/\/yoast.com\/wordpress\/plugins\/seo\/ -->\n<title>Tour Privado a Rothenburg desde Munich en veh\u00edculo privado | TTM<\/title>\n<meta name=\"description\" content=\"Tour privado a Rothenburg con chofer\/gu\u00eda oficial. Conozca los lugares y monumentos m\u00e1s emblem\u00e1ticos de Rothenburg desde Munich \u2705\" \/>\n<meta name=\"robots\" content=\"index, follow, max-snippet:-1, max-image-preview:large, max-video-preview:-1\" \/>\n<link rel=\"canonical\" href=\"https:\/\/tourtravelandmore.com\/es\/tours\/alemania-es\/munich-es\/tour-privado-de-rothenburo-desde-munich\/\" \/>\n<meta property=\"og:locale\" content=\"es_ES\" \/>\n<meta property=\"og:type\" content=\"article\" \/>\n<meta property=\"og:title\" content=\"Tour Privado a Rothenburg desde Munich\" \/>\n<meta property=\"og:description\" content=\"Tour privado a Rothenburg con chofer\/gu\u00eda oficial. Conozca los lugares y monumentos m\u00e1s emblem\u00e1ticos de Rothenburg desde Munich \u2705\" \/>\n<meta property=\"og:url\" content=\"https:\/\/tourtravelandmore.com\/es\/tours\/alemania-es\/munich-es\/tour-privado-de-rothenburo-desde-munich\/\" \/>\n<meta property=\"og:site_name\" content=\"Tour Travel And More\" \/>\n<meta property=\"article:publisher\" content=\"https:\/\/www.facebook.com\/tourtravelandmore\/\" \/>\n<meta property=\"article:modified_time\" content=\"2022-11-16T08:27:36+00:00\" \/>\n<meta property=\"og:image\" content=\"https:\/\/tourtravelandmore.com\/wp-content\/uploads\/2019\/09\/rothenburg.6.jpg\" \/>\n\t<meta property=\"og:image:width\" content=\"1280\" \/>\n\t<meta property=\"og:image:height\" content=\"1028\" \/>\n\t<meta property=\"og:image:type\" content=\"image\/jpeg\" \/>\n<meta name=\"twitter:card\" content=\"summary_large_image\" \/>\n<meta name=\"twitter:site\" content=\"@TourTravel_More\" \/>\n<meta name=\"twitter:label1\" content=\"Tiempo de lectura\" \/>\n\t<meta name=\"twitter:data1\" content=\"2 minutos\" \/>\n<script type=\"application\/ld+json\" class=\"yoast-schema-graph\">{\"@context\":\"https:\/\/schema.org\",\"@graph\":[{\"@type\":\"WebPage\",\"@id\":\"https:\/\/tourtravelandmore.com\/es\/tours\/alemania-es\/munich-es\/tour-privado-de-rothenburo-desde-munich\/\",\"url\":\"https:\/\/tourtravelandmore.com\/es\/tours\/alemania-es\/munich-es\/tour-privado-de-rothenburo-desde-munich\/\",\"name\":\"Tour Privado a Rothenburg desde Munich en veh\u00edculo privado | TTM\",\"isPartOf\":{\"@id\":\"https:\/\/tourtravelandmore.com\/es\/#website\"},\"primaryImageOfPage\":{\"@id\":\"https:\/\/tourtravelandmore.com\/es\/tours\/alemania-es\/munich-es\/tour-privado-de-rothenburo-desde-munich\/#primaryimage\"},\"image\":{\"@id\":\"https:\/\/tourtravelandmore.com\/es\/tours\/alemania-es\/munich-es\/tour-privado-de-rothenburo-desde-munich\/#primaryimage\"},\"thumbnailUrl\":\"https:\/\/tourtravelandmore.com\/wp-content\/uploads\/2019\/09\/rothenburg.6.jpg\",\"datePublished\":\"2019-09-03T08:46:45+00:00\",\"dateModified\":\"2022-11-16T08:27:36+00:00\",\"description\":\"Tour privado a Rothenburg con chofer\/gu\u00eda oficial. Conozca los lugares y monumentos m\u00e1s emblem\u00e1ticos de Rothenburg desde Munich \u2705\",\"breadcrumb\":{\"@id\":\"https:\/\/tourtravelandmore.com\/es\/tours\/alemania-es\/munich-es\/tour-privado-de-rothenburo-desde-munich\/#breadcrumb\"},\"inLanguage\":\"es\",\"potentialAction\":[{\"@type\":\"ReadAction\",\"target\":[\"https:\/\/tourtravelandmore.com\/es\/tours\/alemania-es\/munich-es\/tour-privado-de-rothenburo-desde-munich\/\"]}]},{\"@type\":\"ImageObject\",\"inLanguage\":\"es\",\"@id\":\"https:\/\/tourtravelandmore.com\/es\/tours\/alemania-es\/munich-es\/tour-privado-de-rothenburo-desde-munich\/#primaryimage\",\"url\":\"https:\/\/tourtravelandmore.com\/wp-content\/uploads\/2019\/09\/rothenburg.6.jpg\",\"contentUrl\":\"https:\/\/tourtravelandmore.com\/wp-content\/uploads\/2019\/09\/rothenburg.6.jpg\",\"width\":1280,\"height\":1028},{\"@type\":\"BreadcrumbList\",\"@id\":\"https:\/\/tourtravelandmore.com\/es\/tours\/alemania-es\/munich-es\/tour-privado-de-rothenburo-desde-munich\/#breadcrumb\",\"itemListElement\":[{\"@type\":\"ListItem\",\"position\":1,\"name\":\"Home\",\"item\":\"https:\/\/tourtravelandmore.com\/es\/\"},{\"@type\":\"ListItem\",\"position\":2,\"name\":\"Tours\",\"item\":\"https:\/\/tourtravelandmore.com\/es\/tours\/\"},{\"@type\":\"ListItem\",\"position\":3,\"name\":\"Tour Privado a Rothenburg desde Munich\"}]},{\"@type\":\"WebSite\",\"@id\":\"https:\/\/tourtravelandmore.com\/es\/#website\",\"url\":\"https:\/\/tourtravelandmore.com\/es\/\",\"name\":\"Tour Travel And More\",\"description\":\"Private sightseeing tours and luxury transfers in Spain\",\"publisher\":{\"@id\":\"https:\/\/tourtravelandmore.com\/es\/#organization\"},\"potentialAction\":[{\"@type\":\"SearchAction\",\"target\":{\"@type\":\"EntryPoint\",\"urlTemplate\":\"https:\/\/tourtravelandmore.com\/es\/?s={search_term_string}\"},\"query-input\":{\"@type\":\"PropertyValueSpecification\",\"valueRequired\":true,\"valueName\":\"search_term_string\"}}],\"inLanguage\":\"es\"},{\"@type\":\"Organization\",\"@id\":\"https:\/\/tourtravelandmore.com\/es\/#organization\",\"name\":\"Tour Travel And More\",\"url\":\"https:\/\/tourtravelandmore.com\/es\/\",\"logo\":{\"@type\":\"ImageObject\",\"inLanguage\":\"es\",\"@id\":\"https:\/\/tourtravelandmore.com\/es\/#\/schema\/logo\/image\/\",\"url\":\"https:\/\/tourtravelandmore.com\/wp-content\/uploads\/2022\/12\/cropped-logo-cabecera-new.png\",\"contentUrl\":\"https:\/\/tourtravelandmore.com\/wp-content\/uploads\/2022\/12\/cropped-logo-cabecera-new.png\",\"width\":430,\"height\":61,\"caption\":\"Tour Travel And More\"},\"image\":{\"@id\":\"https:\/\/tourtravelandmore.com\/es\/#\/schema\/logo\/image\/\"},\"sameAs\":[\"https:\/\/www.facebook.com\/tourtravelandmore\/\",\"https:\/\/x.com\/TourTravel_More\"]}]}<\/script>\n<!-- \/ Yoast SEO Premium plugin. -->","yoast_head_json":{"title":"Tour Privado a Rothenburg desde Munich en veh\u00edculo privado | TTM","description":"Tour privado a Rothenburg con chofer\/gu\u00eda oficial. Conozca los lugares y monumentos m\u00e1s emblem\u00e1ticos de Rothenburg desde Munich \u2705","robots":{"index":"index","follow":"follow","max-snippet":"max-snippet:-1","max-image-preview":"max-image-preview:large","max-video-preview":"max-video-preview:-1"},"canonical":"https:\/\/tourtravelandmore.com\/es\/tours\/alemania-es\/munich-es\/tour-privado-de-rothenburo-desde-munich\/","og_locale":"es_ES","og_type":"article","og_title":"Tour Privado a Rothenburg desde Munich","og_description":"Tour privado a Rothenburg con chofer\/gu\u00eda oficial. Conozca los lugares y monumentos m\u00e1s emblem\u00e1ticos de Rothenburg desde Munich \u2705","og_url":"https:\/\/tourtravelandmore.com\/es\/tours\/alemania-es\/munich-es\/tour-privado-de-rothenburo-desde-munich\/","og_site_name":"Tour Travel And More","article_publisher":"https:\/\/www.facebook.com\/tourtravelandmore\/","article_modified_time":"2022-11-16T08:27:36+00:00","og_image":[{"width":1280,"height":1028,"url":"https:\/\/tourtravelandmore.com\/wp-content\/uploads\/2019\/09\/rothenburg.6.jpg","type":"image\/jpeg"}],"twitter_card":"summary_large_image","twitter_site":"@TourTravel_More","twitter_misc":{"Tiempo de lectura":"2 minutos"},"schema":{"@context":"https:\/\/schema.org","@graph":[{"@type":"WebPage","@id":"https:\/\/tourtravelandmore.com\/es\/tours\/alemania-es\/munich-es\/tour-privado-de-rothenburo-desde-munich\/","url":"https:\/\/tourtravelandmore.com\/es\/tours\/alemania-es\/munich-es\/tour-privado-de-rothenburo-desde-munich\/","name":"Tour Privado a Rothenburg desde Munich en veh\u00edculo privado | TTM","isPartOf":{"@id":"https:\/\/tourtravelandmore.com\/es\/#website"},"primaryImageOfPage":{"@id":"https:\/\/tourtravelandmore.com\/es\/tours\/alemania-es\/munich-es\/tour-privado-de-rothenburo-desde-munich\/#primaryimage"},"image":{"@id":"https:\/\/tourtravelandmore.com\/es\/tours\/alemania-es\/munich-es\/tour-privado-de-rothenburo-desde-munich\/#primaryimage"},"thumbnailUrl":"https:\/\/tourtravelandmore.com\/wp-content\/uploads\/2019\/09\/rothenburg.6.jpg","datePublished":"2019-09-03T08:46:45+00:00","dateModified":"2022-11-16T08:27:36+00:00","description":"Tour privado a Rothenburg con chofer\/gu\u00eda oficial. Conozca los lugares y monumentos m\u00e1s emblem\u00e1ticos de Rothenburg desde Munich \u2705","breadcrumb":{"@id":"https:\/\/tourtravelandmore.com\/es\/tours\/alemania-es\/munich-es\/tour-privado-de-rothenburo-desde-munich\/#breadcrumb"},"inLanguage":"es","potentialAction":[{"@type":"ReadAction","target":["https:\/\/tourtravelandmore.com\/es\/tours\/alemania-es\/munich-es\/tour-privado-de-rothenburo-desde-munich\/"]}]},{"@type":"ImageObject","inLanguage":"es","@id":"https:\/\/tourtravelandmore.com\/es\/tours\/alemania-es\/munich-es\/tour-privado-de-rothenburo-desde-munich\/#primaryimage","url":"https:\/\/tourtravelandmore.com\/wp-content\/uploads\/2019\/09\/rothenburg.6.jpg","contentUrl":"https:\/\/tourtravelandmore.com\/wp-content\/uploads\/2019\/09\/rothenburg.6.jpg","width":1280,"height":1028},{"@type":"BreadcrumbList","@id":"https:\/\/tourtravelandmore.com\/es\/tours\/alemania-es\/munich-es\/tour-privado-de-rothenburo-desde-munich\/#breadcrumb","itemListElement":[{"@type":"ListItem","position":1,"name":"Home","item":"https:\/\/tourtravelandmore.com\/es\/"},{"@type":"ListItem","position":2,"name":"Tours","item":"https:\/\/tourtravelandmore.com\/es\/tours\/"},{"@type":"ListItem","position":3,"name":"Tour Privado a Rothenburg desde Munich"}]},{"@type":"WebSite","@id":"https:\/\/tourtravelandmore.com\/es\/#website","url":"https:\/\/tourtravelandmore.com\/es\/","name":"Tour Travel And More","description":"Private sightseeing tours and luxury transfers in Spain","publisher":{"@id":"https:\/\/tourtravelandmore.com\/es\/#organization"},"potentialAction":[{"@type":"SearchAction","target":{"@type":"EntryPoint","urlTemplate":"https:\/\/tourtravelandmore.com\/es\/?s={search_term_string}"},"query-input":{"@type":"PropertyValueSpecification","valueRequired":true,"valueName":"search_term_string"}}],"inLanguage":"es"},{"@type":"Organization","@id":"https:\/\/tourtravelandmore.com\/es\/#organization","name":"Tour Travel And More","url":"https:\/\/tourtravelandmore.com\/es\/","logo":{"@type":"ImageObject","inLanguage":"es","@id":"https:\/\/tourtravelandmore.com\/es\/#\/schema\/logo\/image\/","url":"https:\/\/tourtravelandmore.com\/wp-content\/uploads\/2022\/12\/cropped-logo-cabecera-new.png","contentUrl":"https:\/\/tourtravelandmore.com\/wp-content\/uploads\/2022\/12\/cropped-logo-cabecera-new.png","width":430,"height":61,"caption":"Tour Travel And More"},"image":{"@id":"https:\/\/tourtravelandmore.com\/es\/#\/schema\/logo\/image\/"},"sameAs":["https:\/\/www.facebook.com\/tourtravelandmore\/","https:\/\/x.com\/TourTravel_More"]}]}},"_links":{"self":[{"href":"https:\/\/tourtravelandmore.com\/es\/wp-json\/wp\/v2\/product\/65311","targetHints":{"allow":["GET"]}}],"collection":[{"href":"https:\/\/tourtravelandmore.com\/es\/wp-json\/wp\/v2\/product"}],"about":[{"href":"https:\/\/tourtravelandmore.com\/es\/wp-json\/wp\/v2\/types\/product"}],"replies":[{"embeddable":true,"href":"https:\/\/tourtravelandmore.com\/es\/wp-json\/wp\/v2\/comments?post=65311"}],"wp:featuredmedia":[{"embeddable":true,"href":"https:\/\/tourtravelandmore.com\/es\/wp-json\/wp\/v2\/media\/65321"}],"wp:attachment":[{"href":"https:\/\/tourtravelandmore.com\/es\/wp-json\/wp\/v2\/media?parent=65311"}],"wp:term":[{"taxonomy":"product_brand","embeddable":true,"href":"https:\/\/tourtravelandmore.com\/es\/wp-json\/wp\/v2\/product_brand?post=65311"},{"taxonomy":"product_cat","embeddable":true,"href":"https:\/\/tourtravelandmore.com\/es\/wp-json\/wp\/v2\/product_cat?post=65311"},{"taxonomy":"product_tag","embeddable":true,"href":"https:\/\/tourtravelandmore.com\/es\/wp-json\/wp\/v2\/product_tag?post=65311"}],"curies":[{"name":"wp","href":"https:\/\/api.w.org\/{rel}","templated":true}]}}