{"id":65186,"date":"2019-09-01T23:37:18","date_gmt":"2019-09-01T21:37:18","guid":{"rendered":"https:\/\/tourtravelandmore.com\/?post_type=product&#038;p=65186"},"modified":"2022-04-01T10:38:17","modified_gmt":"2022-04-01T08:38:17","slug":"tour-privado-a-berlin-desde-warnemunde","status":"publish","type":"product","link":"https:\/\/tourtravelandmore.com\/es\/tours\/alemania-es\/berlin-es\/tour-privado-a-berlin-desde-warnemunde\/","title":{"rendered":"Excursi\u00f3n a Berl\u00edn desde Warnemunde"},"content":{"rendered":"<h2><strong>Descripci\u00f3n de la Excursi\u00f3n\u00a0a Berl\u00edn desde Warnemunde<\/strong><\/h2>\n<p>Muchos de los cruceros por el Norte de Europa se detienen en el puerto de Warnemunde en Rostock. Esta parada es una de las mejores posibilidades para visitar y descubrir Berl\u00edn. Perm\u00edtenos coordinar su <em><strong>tour a Berlin desde Warnemunde<\/strong><\/em> y disfruta de una experiencia privada a medida.<\/p>\n<p>Para comenzar su excursi\u00f3n privada, su chofer le recoger\u00e1 en el puerto de cruceros a su horario de arribo. El trayecto desde el puerto hasta Berl\u00edn tiene una duraci\u00f3n aproximada de 3 horas. Una vez all\u00ed le estar\u00e1 esperando su gu\u00eda oficial privado para ense\u00f1arle la historia de la ciudad y sus sitios m\u00e1s emblem\u00e1ticos.<\/p>\n<p>Los sitios a visitar en Berl\u00edn son adaptables a su deseo personal. Su gu\u00eda, licenciado en historia, arte y cultura de Berl\u00edn, le ense\u00f1ar\u00e1 lo m\u00e1s representativo de la ciudad. Al finalizar su visita guiada tendr\u00e1 tiempo libre para comer en Berl\u00edn. Luego su chofer privado le llevar\u00e1 de vuelta al puerto de cruceros.<\/p>\n<h2><strong>Puntos de inter\u00e9s de la Excursi\u00f3n\u00a0a Berl\u00edn desde Warnemunde<\/strong><\/h2>\n<p>Berl\u00edn es la capital y la ciudad m\u00e1s poblada de Alemania. Fue fundada en los comienzos del Siglo 12, y desde all\u00ed ha sido testigo de una extensa historia. Hay mucho para ver en Berl\u00edn! La ciudad tiene una fabulosa oferta de historia, arte y cultura. Durante este tour a Berl\u00edn desde Warnemunde podr\u00e1 usted visitar los sitios m\u00e1s representativos de la ciudad junto a un gu\u00eda local. Los sitios a visitar son adaptables a su deseo personal. Algunos de los sitios que podr\u00e1 visitar durante su tour privado son:<\/p>\n<ul>\n<li><strong>Puerta de Brandenburgo: Uno de los emblemas de Berl\u00edn. Fue originalmente la puerta de ingreso a la ciudad.<\/strong><\/li>\n<li><strong>Reichstag: Edificio del parlamento<\/strong><\/li>\n<li><strong>Checkpoint Charlie: El antiguo paso entre Alemania del Este y Oeste.<\/strong><\/li>\n<li><strong>Kultur Forum<\/strong><\/li>\n<li><strong>Potsdamer Platz<\/strong><\/li>\n<li><strong>Friedrichstrasse<\/strong><\/li>\n<li><strong>Gendarmenmarkt: Una de las plazas centrales de la ciudad. All\u00ed se ubica el Konzerthaus.<\/strong><\/li>\n<li><strong>Schlossplatz<\/strong><\/li>\n<li><strong>Alexander Platz<\/strong><\/li>\n<li><strong>Catedral de Berlin<\/strong><\/li>\n<li><strong><a href=\"https:\/\/www.museumsinsel-berlin.de\/home\/\">Museumsinsel<\/a>: Patrimonio de la UNESCO. All\u00ed se ubican 5 museos emblem\u00e1ticos de Berl\u00edn.<\/strong><\/li>\n<li><strong>Unter den Linden<\/strong><\/li>\n<li><strong>Mucho m\u00e1s!<\/strong><\/li>\n<\/ul>\n<p>Los sitios a visitar durante su tour son adaptables a su deseo personal. Una vez llegue a Berl\u00edn se encontrar\u00e1n con su gu\u00eda oficial. Todos nuestros gu\u00edas son licenciados en historia, arte y cultura de la ciudad. Dependiendo de su inter\u00e9s, el tour podr\u00e1 estar enfocado en arte, historia y\/o cultura Berl\u00edn.<\/p>\n<p>Al finalizar su visita de la ciudad tendr\u00e1 tiempo libre para comer algo y pasear por Berl\u00edn hasta que su chofer le lleve de vuelta al puerto de Warnemunde.<\/p>\n","protected":false},"excerpt":{"rendered":"<p>Aprovecha al m\u00e1ximo tu parada en el puerto de Warnemunde y <strong>disfruta una excursi\u00f3n privada a Berlin<\/strong>. Visita y descubre una de las principales ciudades de Europa c\u00f3modo en tu veh\u00edculo privado, junto a un gu\u00eda oficial experto en historia, arte y cultura de Berl\u00edn.<\/p>\n","protected":false},"featured_media":65207,"comment_status":"open","ping_status":"closed","template":"","meta":{"_acf_changed":false},"product_brand":[],"product_cat":[443,444,445],"product_tag":[],"class_list":{"0":"post-65186","1":"product","2":"type-product","3":"status-publish","4":"has-post-thumbnail","6":"product_cat-berlin-es","7":"product_cat-berlin-actividades-es","8":"product_cat-berlin-excursiones-es","10":"first","11":"instock","12":"shipping-taxable","13":"purchasable","14":"product-type-simple"},"acf":[],"yoast_head":"<!-- This site is optimized with the Yoast SEO Premium plugin v25.3.1 (Yoast SEO v25.3.1) - https:\/\/yoast.com\/wordpress\/plugins\/seo\/ -->\n<title>Tour Privado a Berlin desde Warnemunde con chofer y gu\u00eda oficial<\/title>\n<meta name=\"description\" content=\"Aprovecha tu parada en el puerto y disfruta un tour a Berlin desde Warnemunde con chofer privado y gu\u00eda licenciado en Berl\u00edn \u2705\" \/>\n<meta name=\"robots\" content=\"index, follow, max-snippet:-1, max-image-preview:large, max-video-preview:-1\" \/>\n<link rel=\"canonical\" href=\"https:\/\/tourtravelandmore.com\/es\/tours\/alemania-es\/berlin-es\/tour-privado-a-berlin-desde-warnemunde\/\" \/>\n<meta property=\"og:locale\" content=\"es_ES\" \/>\n<meta property=\"og:type\" content=\"article\" \/>\n<meta property=\"og:title\" content=\"Excursi\u00f3n a Berl\u00edn desde Warnemunde\" \/>\n<meta property=\"og:description\" content=\"Aprovecha tu parada en el puerto y disfruta un tour a Berlin desde Warnemunde con chofer privado y gu\u00eda licenciado en Berl\u00edn \u2705\" \/>\n<meta property=\"og:url\" content=\"https:\/\/tourtravelandmore.com\/es\/tours\/alemania-es\/berlin-es\/tour-privado-a-berlin-desde-warnemunde\/\" \/>\n<meta property=\"og:site_name\" content=\"Tour Travel And More\" \/>\n<meta property=\"article:publisher\" content=\"https:\/\/www.facebook.com\/tourtravelandmore\/\" \/>\n<meta property=\"article:modified_time\" content=\"2022-04-01T08:38:17+00:00\" \/>\n<meta property=\"og:image\" content=\"https:\/\/tourtravelandmore.com\/wp-content\/uploads\/2019\/09\/berlin-1.jpg\" \/>\n\t<meta property=\"og:image:width\" content=\"960\" \/>\n\t<meta property=\"og:image:height\" content=\"635\" \/>\n\t<meta property=\"og:image:type\" content=\"image\/jpeg\" \/>\n<meta name=\"twitter:card\" content=\"summary_large_image\" \/>\n<meta name=\"twitter:site\" content=\"@TourTravel_More\" \/>\n<meta name=\"twitter:label1\" content=\"Tiempo de lectura\" \/>\n\t<meta name=\"twitter:data1\" content=\"2 minutos\" \/>\n<script type=\"application\/ld+json\" class=\"yoast-schema-graph\">{\"@context\":\"https:\/\/schema.org\",\"@graph\":[{\"@type\":\"WebPage\",\"@id\":\"https:\/\/tourtravelandmore.com\/es\/tours\/alemania-es\/berlin-es\/tour-privado-a-berlin-desde-warnemunde\/\",\"url\":\"https:\/\/tourtravelandmore.com\/es\/tours\/alemania-es\/berlin-es\/tour-privado-a-berlin-desde-warnemunde\/\",\"name\":\"Tour Privado a Berlin desde Warnemunde con chofer y gu\u00eda oficial\",\"isPartOf\":{\"@id\":\"https:\/\/tourtravelandmore.com\/es\/#website\"},\"primaryImageOfPage\":{\"@id\":\"https:\/\/tourtravelandmore.com\/es\/tours\/alemania-es\/berlin-es\/tour-privado-a-berlin-desde-warnemunde\/#primaryimage\"},\"image\":{\"@id\":\"https:\/\/tourtravelandmore.com\/es\/tours\/alemania-es\/berlin-es\/tour-privado-a-berlin-desde-warnemunde\/#primaryimage\"},\"thumbnailUrl\":\"https:\/\/tourtravelandmore.com\/wp-content\/uploads\/2019\/09\/berlin-1.jpg\",\"datePublished\":\"2019-09-01T21:37:18+00:00\",\"dateModified\":\"2022-04-01T08:38:17+00:00\",\"description\":\"Aprovecha tu parada en el puerto y disfruta un tour a Berlin desde Warnemunde con chofer privado y gu\u00eda licenciado en Berl\u00edn \u2705\",\"breadcrumb\":{\"@id\":\"https:\/\/tourtravelandmore.com\/es\/tours\/alemania-es\/berlin-es\/tour-privado-a-berlin-desde-warnemunde\/#breadcrumb\"},\"inLanguage\":\"es\",\"potentialAction\":[{\"@type\":\"ReadAction\",\"target\":[\"https:\/\/tourtravelandmore.com\/es\/tours\/alemania-es\/berlin-es\/tour-privado-a-berlin-desde-warnemunde\/\"]}]},{\"@type\":\"ImageObject\",\"inLanguage\":\"es\",\"@id\":\"https:\/\/tourtravelandmore.com\/es\/tours\/alemania-es\/berlin-es\/tour-privado-a-berlin-desde-warnemunde\/#primaryimage\",\"url\":\"https:\/\/tourtravelandmore.com\/wp-content\/uploads\/2019\/09\/berlin-1.jpg\",\"contentUrl\":\"https:\/\/tourtravelandmore.com\/wp-content\/uploads\/2019\/09\/berlin-1.jpg\",\"width\":960,\"height\":635},{\"@type\":\"BreadcrumbList\",\"@id\":\"https:\/\/tourtravelandmore.com\/es\/tours\/alemania-es\/berlin-es\/tour-privado-a-berlin-desde-warnemunde\/#breadcrumb\",\"itemListElement\":[{\"@type\":\"ListItem\",\"position\":1,\"name\":\"Home\",\"item\":\"https:\/\/tourtravelandmore.com\/es\/\"},{\"@type\":\"ListItem\",\"position\":2,\"name\":\"Tours\",\"item\":\"https:\/\/tourtravelandmore.com\/es\/tours\/\"},{\"@type\":\"ListItem\",\"position\":3,\"name\":\"Excursi\u00f3n a Berl\u00edn desde Warnemunde\"}]},{\"@type\":\"WebSite\",\"@id\":\"https:\/\/tourtravelandmore.com\/es\/#website\",\"url\":\"https:\/\/tourtravelandmore.com\/es\/\",\"name\":\"Tour Travel And More\",\"description\":\"Private sightseeing tours and luxury transfers in Spain\",\"publisher\":{\"@id\":\"https:\/\/tourtravelandmore.com\/es\/#organization\"},\"potentialAction\":[{\"@type\":\"SearchAction\",\"target\":{\"@type\":\"EntryPoint\",\"urlTemplate\":\"https:\/\/tourtravelandmore.com\/es\/?s={search_term_string}\"},\"query-input\":{\"@type\":\"PropertyValueSpecification\",\"valueRequired\":true,\"valueName\":\"search_term_string\"}}],\"inLanguage\":\"es\"},{\"@type\":\"Organization\",\"@id\":\"https:\/\/tourtravelandmore.com\/es\/#organization\",\"name\":\"Tour Travel And More\",\"url\":\"https:\/\/tourtravelandmore.com\/es\/\",\"logo\":{\"@type\":\"ImageObject\",\"inLanguage\":\"es\",\"@id\":\"https:\/\/tourtravelandmore.com\/es\/#\/schema\/logo\/image\/\",\"url\":\"https:\/\/tourtravelandmore.com\/wp-content\/uploads\/2022\/12\/cropped-logo-cabecera-new.png\",\"contentUrl\":\"https:\/\/tourtravelandmore.com\/wp-content\/uploads\/2022\/12\/cropped-logo-cabecera-new.png\",\"width\":430,\"height\":61,\"caption\":\"Tour Travel And More\"},\"image\":{\"@id\":\"https:\/\/tourtravelandmore.com\/es\/#\/schema\/logo\/image\/\"},\"sameAs\":[\"https:\/\/www.facebook.com\/tourtravelandmore\/\",\"https:\/\/x.com\/TourTravel_More\"]}]}<\/script>\n<!-- \/ Yoast SEO Premium plugin. -->","yoast_head_json":{"title":"Tour Privado a Berlin desde Warnemunde con chofer y gu\u00eda oficial","description":"Aprovecha tu parada en el puerto y disfruta un tour a Berlin desde Warnemunde con chofer privado y gu\u00eda licenciado en Berl\u00edn \u2705","robots":{"index":"index","follow":"follow","max-snippet":"max-snippet:-1","max-image-preview":"max-image-preview:large","max-video-preview":"max-video-preview:-1"},"canonical":"https:\/\/tourtravelandmore.com\/es\/tours\/alemania-es\/berlin-es\/tour-privado-a-berlin-desde-warnemunde\/","og_locale":"es_ES","og_type":"article","og_title":"Excursi\u00f3n a Berl\u00edn desde Warnemunde","og_description":"Aprovecha tu parada en el puerto y disfruta un tour a Berlin desde Warnemunde con chofer privado y gu\u00eda licenciado en Berl\u00edn \u2705","og_url":"https:\/\/tourtravelandmore.com\/es\/tours\/alemania-es\/berlin-es\/tour-privado-a-berlin-desde-warnemunde\/","og_site_name":"Tour Travel And More","article_publisher":"https:\/\/www.facebook.com\/tourtravelandmore\/","article_modified_time":"2022-04-01T08:38:17+00:00","og_image":[{"width":960,"height":635,"url":"https:\/\/tourtravelandmore.com\/wp-content\/uploads\/2019\/09\/berlin-1.jpg","type":"image\/jpeg"}],"twitter_card":"summary_large_image","twitter_site":"@TourTravel_More","twitter_misc":{"Tiempo de lectura":"2 minutos"},"schema":{"@context":"https:\/\/schema.org","@graph":[{"@type":"WebPage","@id":"https:\/\/tourtravelandmore.com\/es\/tours\/alemania-es\/berlin-es\/tour-privado-a-berlin-desde-warnemunde\/","url":"https:\/\/tourtravelandmore.com\/es\/tours\/alemania-es\/berlin-es\/tour-privado-a-berlin-desde-warnemunde\/","name":"Tour Privado a Berlin desde Warnemunde con chofer y gu\u00eda oficial","isPartOf":{"@id":"https:\/\/tourtravelandmore.com\/es\/#website"},"primaryImageOfPage":{"@id":"https:\/\/tourtravelandmore.com\/es\/tours\/alemania-es\/berlin-es\/tour-privado-a-berlin-desde-warnemunde\/#primaryimage"},"image":{"@id":"https:\/\/tourtravelandmore.com\/es\/tours\/alemania-es\/berlin-es\/tour-privado-a-berlin-desde-warnemunde\/#primaryimage"},"thumbnailUrl":"https:\/\/tourtravelandmore.com\/wp-content\/uploads\/2019\/09\/berlin-1.jpg","datePublished":"2019-09-01T21:37:18+00:00","dateModified":"2022-04-01T08:38:17+00:00","description":"Aprovecha tu parada en el puerto y disfruta un tour a Berlin desde Warnemunde con chofer privado y gu\u00eda licenciado en Berl\u00edn \u2705","breadcrumb":{"@id":"https:\/\/tourtravelandmore.com\/es\/tours\/alemania-es\/berlin-es\/tour-privado-a-berlin-desde-warnemunde\/#breadcrumb"},"inLanguage":"es","potentialAction":[{"@type":"ReadAction","target":["https:\/\/tourtravelandmore.com\/es\/tours\/alemania-es\/berlin-es\/tour-privado-a-berlin-desde-warnemunde\/"]}]},{"@type":"ImageObject","inLanguage":"es","@id":"https:\/\/tourtravelandmore.com\/es\/tours\/alemania-es\/berlin-es\/tour-privado-a-berlin-desde-warnemunde\/#primaryimage","url":"https:\/\/tourtravelandmore.com\/wp-content\/uploads\/2019\/09\/berlin-1.jpg","contentUrl":"https:\/\/tourtravelandmore.com\/wp-content\/uploads\/2019\/09\/berlin-1.jpg","width":960,"height":635},{"@type":"BreadcrumbList","@id":"https:\/\/tourtravelandmore.com\/es\/tours\/alemania-es\/berlin-es\/tour-privado-a-berlin-desde-warnemunde\/#breadcrumb","itemListElement":[{"@type":"ListItem","position":1,"name":"Home","item":"https:\/\/tourtravelandmore.com\/es\/"},{"@type":"ListItem","position":2,"name":"Tours","item":"https:\/\/tourtravelandmore.com\/es\/tours\/"},{"@type":"ListItem","position":3,"name":"Excursi\u00f3n a Berl\u00edn desde Warnemunde"}]},{"@type":"WebSite","@id":"https:\/\/tourtravelandmore.com\/es\/#website","url":"https:\/\/tourtravelandmore.com\/es\/","name":"Tour Travel And More","description":"Private sightseeing tours and luxury transfers in Spain","publisher":{"@id":"https:\/\/tourtravelandmore.com\/es\/#organization"},"potentialAction":[{"@type":"SearchAction","target":{"@type":"EntryPoint","urlTemplate":"https:\/\/tourtravelandmore.com\/es\/?s={search_term_string}"},"query-input":{"@type":"PropertyValueSpecification","valueRequired":true,"valueName":"search_term_string"}}],"inLanguage":"es"},{"@type":"Organization","@id":"https:\/\/tourtravelandmore.com\/es\/#organization","name":"Tour Travel And More","url":"https:\/\/tourtravelandmore.com\/es\/","logo":{"@type":"ImageObject","inLanguage":"es","@id":"https:\/\/tourtravelandmore.com\/es\/#\/schema\/logo\/image\/","url":"https:\/\/tourtravelandmore.com\/wp-content\/uploads\/2022\/12\/cropped-logo-cabecera-new.png","contentUrl":"https:\/\/tourtravelandmore.com\/wp-content\/uploads\/2022\/12\/cropped-logo-cabecera-new.png","width":430,"height":61,"caption":"Tour Travel And More"},"image":{"@id":"https:\/\/tourtravelandmore.com\/es\/#\/schema\/logo\/image\/"},"sameAs":["https:\/\/www.facebook.com\/tourtravelandmore\/","https:\/\/x.com\/TourTravel_More"]}]}},"_links":{"self":[{"href":"https:\/\/tourtravelandmore.com\/es\/wp-json\/wp\/v2\/product\/65186","targetHints":{"allow":["GET"]}}],"collection":[{"href":"https:\/\/tourtravelandmore.com\/es\/wp-json\/wp\/v2\/product"}],"about":[{"href":"https:\/\/tourtravelandmore.com\/es\/wp-json\/wp\/v2\/types\/product"}],"replies":[{"embeddable":true,"href":"https:\/\/tourtravelandmore.com\/es\/wp-json\/wp\/v2\/comments?post=65186"}],"wp:featuredmedia":[{"embeddable":true,"href":"https:\/\/tourtravelandmore.com\/es\/wp-json\/wp\/v2\/media\/65207"}],"wp:attachment":[{"href":"https:\/\/tourtravelandmore.com\/es\/wp-json\/wp\/v2\/media?parent=65186"}],"wp:term":[{"taxonomy":"product_brand","embeddable":true,"href":"https:\/\/tourtravelandmore.com\/es\/wp-json\/wp\/v2\/product_brand?post=65186"},{"taxonomy":"product_cat","embeddable":true,"href":"https:\/\/tourtravelandmore.com\/es\/wp-json\/wp\/v2\/product_cat?post=65186"},{"taxonomy":"product_tag","embeddable":true,"href":"https:\/\/tourtravelandmore.com\/es\/wp-json\/wp\/v2\/product_tag?post=65186"}],"curies":[{"name":"wp","href":"https:\/\/api.w.org\/{rel}","templated":true}]}}