{"id":65166,"date":"2019-09-01T22:51:24","date_gmt":"2019-09-01T20:51:25","guid":{"rendered":"https:\/\/tourtravelandmore.com\/?post_type=product&#038;p=65166"},"modified":"2022-04-01T10:48:22","modified_gmt":"2022-04-01T08:48:22","slug":"tour-privado-isla-de-los-museos-berlin","status":"publish","type":"product","link":"https:\/\/tourtravelandmore.com\/es\/tours\/alemania-es\/berlin-es\/tour-privado-isla-de-los-museos-berlin\/","title":{"rendered":"Visita con gu\u00eda privado a Isla de los Museos"},"content":{"rendered":"<h2><strong>Descripci\u00f3n Visita con gu\u00eda privado a Isla de los Museos<\/strong><\/h2>\n<p>La isla de los museos en Berl\u00edn es una de las galer\u00edas de arte m\u00e1s emblem\u00e1ticas de toda Europa. Fue declarado por UNESCO como patrimonio de la humanidad en el a\u00f1o 1999. Si es usted un amante del arte y la arquitectura, le recomendamos este tour privado a la isla de los museos. Durante esta visita guiada disfrutar\u00e1 la compa\u00f1\u00eda de un gu\u00eda oficial privado, experto en arte e historia de Berl\u00edn.<\/p>\n<p>Para comenzar su tour privado podemos coordinar un chofer privado que le recoja en su hotel. Si lo prefiere, su gu\u00eda privado le estar\u00e1 esperando en la entrada a la isla de los museos.<\/p>\n<p>Como todos nuestros tours, esta <strong>visita guiada con gu\u00eda privado a la isla de los museos<\/strong> es personalizable. Podr\u00e1 usted visitar los museos que desee en la isla, su gu\u00eda privado adaptar\u00e1 el recorrido de acuerdo a su inter\u00e9s personal. Podemos combinar su visita a los museos con una visita al centro de Berl\u00edn. En caso de que le interese, es posible visitar los museos por la ma\u00f1ana y organizar un tour por la ciudad por la tarde, u otro d\u00eda. Cont\u00e1ctenos para una propuesta personalizada.<\/p>\n<h2><strong>Puntos de inter\u00e9s de la Visita\u00a0con gu\u00eda privado a Isla de los Museos<\/strong><\/h2>\n<p>El museuminsel de Berlin naci\u00f3 en el Siglo de las Luces, el siglo 18. El complejo alberga diversos museos, los cuales fueron edificados entre 1824 y 1930. Cada uno de los cinco museos de la isla se ide\u00f3 para que guardasen una relaci\u00f3n org\u00e1nica con sus colecciones. Los museos albergan colecciones \u00fanicas de arte\u00a0 y artefactos culturales de Europa y la regi\u00f3n mediterr\u00e1nea.<\/p>\n<p>Los 5 principales edificios de la isla son:<\/p>\n<ul>\n<li><strong>Altes museum: Edificado por Karl Friedrich Schinkel desde 1823 a 1830, fue el primero de los museos de exhibici\u00f3n del Museumsinsel Berlin<\/strong><\/li>\n<li><strong>Neues museum: El segundo edificio m\u00e1s grande la isla. Fue construido por Friedrich August St\u00fcler (pupilo de Schinkel\u2019s) entre 1843 y 1855<\/strong><\/li>\n<li><strong>Alte Nationalgalerie: Alberga la colecci\u00f3n de la <a title=\"to the Website\" href=\"https:\/\/www.smb.museum\/en\/museums-institutions\/nationalgalerie\/\">Nationalgalerie\u2019s<\/a>. Fue edificado por Friedrich August St\u00fcler.<\/strong><\/li>\n<li><strong>Bode-museum: Fue construido entre 1897 y 1904 y fue originalmente nombrado tras el Kaiser Friedrich-Museum.<\/strong><\/li>\n<li><strong>Pergamonmuseum: Fue la \u00faltima edificaci\u00f3n de los principales 5 museos del Museumsinsel. Su construcci\u00f3n dur\u00f3 20 a\u00f1os, desde 1910 a 1930<\/strong><\/li>\n<\/ul>\n<p>Durante un tour privado de 3 horas podr\u00e1 usted visitar aproximadamente 4 museos. Si usted desea un tour de menor o mayor duraci\u00f3n, tambi\u00e9n podemos coordinarlo. Todos nuestros gu\u00edas son oficiales, expertos en arte, historia y cultura de Berl\u00edn y toda Alemania. Disfrute este tour privado a la isla de los museos junto a un gu\u00eda oficial experto.<\/p>\n","protected":false},"excerpt":{"rendered":"<p>Aprovecha esta oportunidad de visitar uno de los complejos de <strong>arte m\u00e1s emblem\u00e1ticos de toda Europa<\/strong> junto a un gu\u00eda oficial experto en arte, historia y cultura de Berl\u00edn. Explore las maravillosas colecciones de arte de los principales museos de la isla y aprenda su historia junto a un experto.<\/p>\n","protected":false},"featured_media":84214,"comment_status":"open","ping_status":"closed","template":"","meta":{"_acf_changed":false},"product_brand":[],"product_cat":[443,444,447],"product_tag":[],"class_list":{"0":"post-65166","1":"product","2":"type-product","3":"status-publish","4":"has-post-thumbnail","6":"product_cat-berlin-es","7":"product_cat-berlin-actividades-es","8":"product_cat-berlin-tours-privados-pie-es","10":"first","11":"instock","12":"shipping-taxable","13":"purchasable","14":"product-type-simple"},"acf":[],"yoast_head":"<!-- This site is optimized with the Yoast SEO Premium plugin v25.3.1 (Yoast SEO v25.3.1) - https:\/\/yoast.com\/wordpress\/plugins\/seo\/ -->\n<title>Tour privado a la isla de los museos de Berl\u00edn con gu\u00eda oficial<\/title>\n<meta name=\"description\" content=\"Disfrute de este tour privado a la isla de los museos de Berl\u00edn junto a un gu\u00eda oficial, experto en arte, historia y cultura de la ciudad \u2705\" \/>\n<meta name=\"robots\" content=\"index, follow, max-snippet:-1, max-image-preview:large, max-video-preview:-1\" \/>\n<link rel=\"canonical\" href=\"https:\/\/tourtravelandmore.com\/es\/tours\/alemania-es\/berlin-es\/tour-privado-isla-de-los-museos-berlin\/\" \/>\n<meta property=\"og:locale\" content=\"es_ES\" \/>\n<meta property=\"og:type\" content=\"article\" \/>\n<meta property=\"og:title\" content=\"Visita con gu\u00eda privado a Isla de los Museos\" \/>\n<meta property=\"og:description\" content=\"Disfrute de este tour privado a la isla de los museos de Berl\u00edn junto a un gu\u00eda oficial, experto en arte, historia y cultura de la ciudad \u2705\" \/>\n<meta property=\"og:url\" content=\"https:\/\/tourtravelandmore.com\/es\/tours\/alemania-es\/berlin-es\/tour-privado-isla-de-los-museos-berlin\/\" \/>\n<meta property=\"og:site_name\" content=\"Tour Travel And More\" \/>\n<meta property=\"article:publisher\" content=\"https:\/\/www.facebook.com\/tourtravelandmore\/\" \/>\n<meta property=\"article:modified_time\" content=\"2022-04-01T08:48:22+00:00\" \/>\n<meta property=\"og:image\" content=\"https:\/\/tourtravelandmore.com\/wp-content\/uploads\/2019\/09\/neues-museum-min.jpg\" \/>\n\t<meta property=\"og:image:width\" content=\"1024\" \/>\n\t<meta property=\"og:image:height\" content=\"1024\" \/>\n\t<meta property=\"og:image:type\" content=\"image\/jpeg\" \/>\n<meta name=\"twitter:card\" content=\"summary_large_image\" \/>\n<meta name=\"twitter:site\" content=\"@TourTravel_More\" \/>\n<meta name=\"twitter:label1\" content=\"Tiempo de lectura\" \/>\n\t<meta name=\"twitter:data1\" content=\"2 minutos\" \/>\n<script type=\"application\/ld+json\" class=\"yoast-schema-graph\">{\"@context\":\"https:\/\/schema.org\",\"@graph\":[{\"@type\":\"WebPage\",\"@id\":\"https:\/\/tourtravelandmore.com\/es\/tours\/alemania-es\/berlin-es\/tour-privado-isla-de-los-museos-berlin\/\",\"url\":\"https:\/\/tourtravelandmore.com\/es\/tours\/alemania-es\/berlin-es\/tour-privado-isla-de-los-museos-berlin\/\",\"name\":\"Tour privado a la isla de los museos de Berl\u00edn con gu\u00eda oficial\",\"isPartOf\":{\"@id\":\"https:\/\/tourtravelandmore.com\/es\/#website\"},\"primaryImageOfPage\":{\"@id\":\"https:\/\/tourtravelandmore.com\/es\/tours\/alemania-es\/berlin-es\/tour-privado-isla-de-los-museos-berlin\/#primaryimage\"},\"image\":{\"@id\":\"https:\/\/tourtravelandmore.com\/es\/tours\/alemania-es\/berlin-es\/tour-privado-isla-de-los-museos-berlin\/#primaryimage\"},\"thumbnailUrl\":\"https:\/\/tourtravelandmore.com\/wp-content\/uploads\/2019\/09\/neues-museum-min.jpg\",\"datePublished\":\"2019-09-01T20:51:25+00:00\",\"dateModified\":\"2022-04-01T08:48:22+00:00\",\"description\":\"Disfrute de este tour privado a la isla de los museos de Berl\u00edn junto a un gu\u00eda oficial, experto en arte, historia y cultura de la ciudad \u2705\",\"breadcrumb\":{\"@id\":\"https:\/\/tourtravelandmore.com\/es\/tours\/alemania-es\/berlin-es\/tour-privado-isla-de-los-museos-berlin\/#breadcrumb\"},\"inLanguage\":\"es\",\"potentialAction\":[{\"@type\":\"ReadAction\",\"target\":[\"https:\/\/tourtravelandmore.com\/es\/tours\/alemania-es\/berlin-es\/tour-privado-isla-de-los-museos-berlin\/\"]}]},{\"@type\":\"ImageObject\",\"inLanguage\":\"es\",\"@id\":\"https:\/\/tourtravelandmore.com\/es\/tours\/alemania-es\/berlin-es\/tour-privado-isla-de-los-museos-berlin\/#primaryimage\",\"url\":\"https:\/\/tourtravelandmore.com\/wp-content\/uploads\/2019\/09\/neues-museum-min.jpg\",\"contentUrl\":\"https:\/\/tourtravelandmore.com\/wp-content\/uploads\/2019\/09\/neues-museum-min.jpg\",\"width\":1024,\"height\":1024,\"caption\":\"Neues Museum berlin\"},{\"@type\":\"BreadcrumbList\",\"@id\":\"https:\/\/tourtravelandmore.com\/es\/tours\/alemania-es\/berlin-es\/tour-privado-isla-de-los-museos-berlin\/#breadcrumb\",\"itemListElement\":[{\"@type\":\"ListItem\",\"position\":1,\"name\":\"Home\",\"item\":\"https:\/\/tourtravelandmore.com\/es\/\"},{\"@type\":\"ListItem\",\"position\":2,\"name\":\"Tours\",\"item\":\"https:\/\/tourtravelandmore.com\/es\/tours\/\"},{\"@type\":\"ListItem\",\"position\":3,\"name\":\"Visita con gu\u00eda privado a Isla de los Museos\"}]},{\"@type\":\"WebSite\",\"@id\":\"https:\/\/tourtravelandmore.com\/es\/#website\",\"url\":\"https:\/\/tourtravelandmore.com\/es\/\",\"name\":\"Tour Travel And More\",\"description\":\"Private sightseeing tours and luxury transfers in Spain\",\"publisher\":{\"@id\":\"https:\/\/tourtravelandmore.com\/es\/#organization\"},\"potentialAction\":[{\"@type\":\"SearchAction\",\"target\":{\"@type\":\"EntryPoint\",\"urlTemplate\":\"https:\/\/tourtravelandmore.com\/es\/?s={search_term_string}\"},\"query-input\":{\"@type\":\"PropertyValueSpecification\",\"valueRequired\":true,\"valueName\":\"search_term_string\"}}],\"inLanguage\":\"es\"},{\"@type\":\"Organization\",\"@id\":\"https:\/\/tourtravelandmore.com\/es\/#organization\",\"name\":\"Tour Travel And More\",\"url\":\"https:\/\/tourtravelandmore.com\/es\/\",\"logo\":{\"@type\":\"ImageObject\",\"inLanguage\":\"es\",\"@id\":\"https:\/\/tourtravelandmore.com\/es\/#\/schema\/logo\/image\/\",\"url\":\"https:\/\/tourtravelandmore.com\/wp-content\/uploads\/2022\/12\/cropped-logo-cabecera-new.png\",\"contentUrl\":\"https:\/\/tourtravelandmore.com\/wp-content\/uploads\/2022\/12\/cropped-logo-cabecera-new.png\",\"width\":430,\"height\":61,\"caption\":\"Tour Travel And More\"},\"image\":{\"@id\":\"https:\/\/tourtravelandmore.com\/es\/#\/schema\/logo\/image\/\"},\"sameAs\":[\"https:\/\/www.facebook.com\/tourtravelandmore\/\",\"https:\/\/x.com\/TourTravel_More\"]}]}<\/script>\n<!-- \/ Yoast SEO Premium plugin. -->","yoast_head_json":{"title":"Tour privado a la isla de los museos de Berl\u00edn con gu\u00eda oficial","description":"Disfrute de este tour privado a la isla de los museos de Berl\u00edn junto a un gu\u00eda oficial, experto en arte, historia y cultura de la ciudad \u2705","robots":{"index":"index","follow":"follow","max-snippet":"max-snippet:-1","max-image-preview":"max-image-preview:large","max-video-preview":"max-video-preview:-1"},"canonical":"https:\/\/tourtravelandmore.com\/es\/tours\/alemania-es\/berlin-es\/tour-privado-isla-de-los-museos-berlin\/","og_locale":"es_ES","og_type":"article","og_title":"Visita con gu\u00eda privado a Isla de los Museos","og_description":"Disfrute de este tour privado a la isla de los museos de Berl\u00edn junto a un gu\u00eda oficial, experto en arte, historia y cultura de la ciudad \u2705","og_url":"https:\/\/tourtravelandmore.com\/es\/tours\/alemania-es\/berlin-es\/tour-privado-isla-de-los-museos-berlin\/","og_site_name":"Tour Travel And More","article_publisher":"https:\/\/www.facebook.com\/tourtravelandmore\/","article_modified_time":"2022-04-01T08:48:22+00:00","og_image":[{"width":1024,"height":1024,"url":"https:\/\/tourtravelandmore.com\/wp-content\/uploads\/2019\/09\/neues-museum-min.jpg","type":"image\/jpeg"}],"twitter_card":"summary_large_image","twitter_site":"@TourTravel_More","twitter_misc":{"Tiempo de lectura":"2 minutos"},"schema":{"@context":"https:\/\/schema.org","@graph":[{"@type":"WebPage","@id":"https:\/\/tourtravelandmore.com\/es\/tours\/alemania-es\/berlin-es\/tour-privado-isla-de-los-museos-berlin\/","url":"https:\/\/tourtravelandmore.com\/es\/tours\/alemania-es\/berlin-es\/tour-privado-isla-de-los-museos-berlin\/","name":"Tour privado a la isla de los museos de Berl\u00edn con gu\u00eda oficial","isPartOf":{"@id":"https:\/\/tourtravelandmore.com\/es\/#website"},"primaryImageOfPage":{"@id":"https:\/\/tourtravelandmore.com\/es\/tours\/alemania-es\/berlin-es\/tour-privado-isla-de-los-museos-berlin\/#primaryimage"},"image":{"@id":"https:\/\/tourtravelandmore.com\/es\/tours\/alemania-es\/berlin-es\/tour-privado-isla-de-los-museos-berlin\/#primaryimage"},"thumbnailUrl":"https:\/\/tourtravelandmore.com\/wp-content\/uploads\/2019\/09\/neues-museum-min.jpg","datePublished":"2019-09-01T20:51:25+00:00","dateModified":"2022-04-01T08:48:22+00:00","description":"Disfrute de este tour privado a la isla de los museos de Berl\u00edn junto a un gu\u00eda oficial, experto en arte, historia y cultura de la ciudad \u2705","breadcrumb":{"@id":"https:\/\/tourtravelandmore.com\/es\/tours\/alemania-es\/berlin-es\/tour-privado-isla-de-los-museos-berlin\/#breadcrumb"},"inLanguage":"es","potentialAction":[{"@type":"ReadAction","target":["https:\/\/tourtravelandmore.com\/es\/tours\/alemania-es\/berlin-es\/tour-privado-isla-de-los-museos-berlin\/"]}]},{"@type":"ImageObject","inLanguage":"es","@id":"https:\/\/tourtravelandmore.com\/es\/tours\/alemania-es\/berlin-es\/tour-privado-isla-de-los-museos-berlin\/#primaryimage","url":"https:\/\/tourtravelandmore.com\/wp-content\/uploads\/2019\/09\/neues-museum-min.jpg","contentUrl":"https:\/\/tourtravelandmore.com\/wp-content\/uploads\/2019\/09\/neues-museum-min.jpg","width":1024,"height":1024,"caption":"Neues Museum berlin"},{"@type":"BreadcrumbList","@id":"https:\/\/tourtravelandmore.com\/es\/tours\/alemania-es\/berlin-es\/tour-privado-isla-de-los-museos-berlin\/#breadcrumb","itemListElement":[{"@type":"ListItem","position":1,"name":"Home","item":"https:\/\/tourtravelandmore.com\/es\/"},{"@type":"ListItem","position":2,"name":"Tours","item":"https:\/\/tourtravelandmore.com\/es\/tours\/"},{"@type":"ListItem","position":3,"name":"Visita con gu\u00eda privado a Isla de los Museos"}]},{"@type":"WebSite","@id":"https:\/\/tourtravelandmore.com\/es\/#website","url":"https:\/\/tourtravelandmore.com\/es\/","name":"Tour Travel And More","description":"Private sightseeing tours and luxury transfers in Spain","publisher":{"@id":"https:\/\/tourtravelandmore.com\/es\/#organization"},"potentialAction":[{"@type":"SearchAction","target":{"@type":"EntryPoint","urlTemplate":"https:\/\/tourtravelandmore.com\/es\/?s={search_term_string}"},"query-input":{"@type":"PropertyValueSpecification","valueRequired":true,"valueName":"search_term_string"}}],"inLanguage":"es"},{"@type":"Organization","@id":"https:\/\/tourtravelandmore.com\/es\/#organization","name":"Tour Travel And More","url":"https:\/\/tourtravelandmore.com\/es\/","logo":{"@type":"ImageObject","inLanguage":"es","@id":"https:\/\/tourtravelandmore.com\/es\/#\/schema\/logo\/image\/","url":"https:\/\/tourtravelandmore.com\/wp-content\/uploads\/2022\/12\/cropped-logo-cabecera-new.png","contentUrl":"https:\/\/tourtravelandmore.com\/wp-content\/uploads\/2022\/12\/cropped-logo-cabecera-new.png","width":430,"height":61,"caption":"Tour Travel And More"},"image":{"@id":"https:\/\/tourtravelandmore.com\/es\/#\/schema\/logo\/image\/"},"sameAs":["https:\/\/www.facebook.com\/tourtravelandmore\/","https:\/\/x.com\/TourTravel_More"]}]}},"_links":{"self":[{"href":"https:\/\/tourtravelandmore.com\/es\/wp-json\/wp\/v2\/product\/65166","targetHints":{"allow":["GET"]}}],"collection":[{"href":"https:\/\/tourtravelandmore.com\/es\/wp-json\/wp\/v2\/product"}],"about":[{"href":"https:\/\/tourtravelandmore.com\/es\/wp-json\/wp\/v2\/types\/product"}],"replies":[{"embeddable":true,"href":"https:\/\/tourtravelandmore.com\/es\/wp-json\/wp\/v2\/comments?post=65166"}],"wp:featuredmedia":[{"embeddable":true,"href":"https:\/\/tourtravelandmore.com\/es\/wp-json\/wp\/v2\/media\/84214"}],"wp:attachment":[{"href":"https:\/\/tourtravelandmore.com\/es\/wp-json\/wp\/v2\/media?parent=65166"}],"wp:term":[{"taxonomy":"product_brand","embeddable":true,"href":"https:\/\/tourtravelandmore.com\/es\/wp-json\/wp\/v2\/product_brand?post=65166"},{"taxonomy":"product_cat","embeddable":true,"href":"https:\/\/tourtravelandmore.com\/es\/wp-json\/wp\/v2\/product_cat?post=65166"},{"taxonomy":"product_tag","embeddable":true,"href":"https:\/\/tourtravelandmore.com\/es\/wp-json\/wp\/v2\/product_tag?post=65166"}],"curies":[{"name":"wp","href":"https:\/\/api.w.org\/{rel}","templated":true}]}}