{"id":65133,"date":"2019-09-01T16:58:42","date_gmt":"2019-09-01T14:58:42","guid":{"rendered":"https:\/\/tourtravelandmore.com\/?post_type=product&#038;p=65133"},"modified":"2022-04-01T11:01:38","modified_gmt":"2022-04-01T09:01:38","slug":"tour-privado-de-kreuzberg-neukolln","status":"publish","type":"product","link":"https:\/\/tourtravelandmore.com\/es\/tours\/alemania-es\/berlin-es\/tour-privado-de-kreuzberg-neukolln\/","title":{"rendered":"Tour Privado de Kreuzberg y Neuk\u00f6lln desde Berl\u00edn"},"content":{"rendered":"<h2>Descripci\u00f3n del Tour Privado de Kreuzberg y Neuk\u00f6lln desde Berl\u00edn<\/h2>\n<p>Disfrute de este <strong>tour privado<\/strong> con vuestro gu\u00eda oficial y conoce los lugares m\u00e1s emblem\u00e1ticos de <strong>Kreuzberg y Neuk\u00f6lln<\/strong>\u00a0c\u00f3modos dentro de vuestro veh\u00edculo privado con chofer.<br \/>\nPara hacer su experiencia m\u00e1s c\u00f3moda, le recogemos desde su hotel o lugar de su elecci\u00f3n en la ciudad de Berl\u00edn y pueden escoger la hora de salida del tour.<br \/>\nEste tour es completamente personalizable y pod\u00e9is organizarlo como quer\u00e1is y lo que busc\u00e1is. Puede personalizar vuestro tour solo contactando con nosotros. Aqu\u00ed os dejamos un ejemplo de itinerario, el tour ser\u00e1 personalizado para que ve\u00e1is y conozc\u00e1is exactamente lo que quer\u00e9is ver en su tour.<\/p>\n<h4>Principales puntos de inter\u00e9s durante este tour privado<\/h4>\n<p>Una vez que lleguemos a Kreuzberg, le ofrecemos visitar estos lugares:<\/p>\n<ul>\n<li><strong>El muro de Berl\u00edn<\/strong><\/li>\n<li><strong>Kottbusser Tor<\/strong><\/li>\n<li><strong>Mariannenplatz<\/strong><\/li>\n<li><strong>Markthalle IX<\/strong><\/li>\n<li><strong>Cosmonauta de cenizas<\/strong><\/li>\n<li><strong>Museo de cosas extra\u00f1as<\/strong><\/li>\n<li><strong>Iglesia de St. Thomas\u00a0<\/strong><\/li>\n<li><strong>Bar bote Ankerklause\u00a0<\/strong><\/li>\n<li><strong>Landwehrkanal<\/strong><\/li>\n<li><strong>Bergmannstrasse<\/strong><\/li>\n<li><strong>G\u00f6rlitzer Park<\/strong><\/li>\n<\/ul>\n<p>Tomaremos un descanso en uno de los restaurantes o cafeter\u00edas de la diversidad que ofrece la ciudad. Despu\u00e9s de eso, continuaremos visitando m\u00e1s lugares Neuk\u00f6lln, como:<\/p>\n<ul>\n<li><strong>Ayuntamiento<\/strong><\/li>\n<li><strong>Hermannplatz<\/strong><\/li>\n<li><strong>Richardplatz<\/strong><\/li>\n<li><strong>Piscina p\u00fablica de Neu\u00f6lln<\/strong><\/li>\n<li><strong>Karl-Marx-Strasse<\/strong><\/li>\n<li><strong>Saalbau Neuk\u00f6lln<\/strong><\/li>\n<li><strong>Innstrasse<\/strong><\/li>\n<\/ul>\n<p>Como le hemos mencionado, podemos organizar la duraci\u00f3n del tour y los sitios a visitar, para satisfacer sus necesidades y preferencias personales. Podemos ofrecer horas extra o incluso hacer que sea una experiencia de d\u00eda completo. H\u00e1ganos saber cu\u00e1nto tiempo le gustar\u00eda el recorrido privado.<\/p>\n<p>Cada gu\u00eda es un gu\u00eda tur\u00edstico oficial con gran conocimiento de cada ciudad y su historia. Su veh\u00edculo privado es un veh\u00edculo de lujo privado, un Mercedes Benz Clase E, Viano o Vito, cada uno con un chofer separado para garantizar la atenci\u00f3n de sus gu\u00edas tur\u00edsticos oficiales durante todo el recorrido.<br \/>\nCuando finalice el recorrido, su gu\u00eda tur\u00edstico privado y chofer con veh\u00edculo lo llevar\u00e1n de regreso a su hotel o lugar de elecci\u00f3n en Berl\u00edn.<\/p>\n<h3>La Ciudad: Berl\u00edn<\/h3>\n<p>Berlin es la capital de Alemania y uno de los 16 estados federados de Alemania. Berl\u00edn est\u00e1 ubicado en el noreste de Alemania. Pasan por la ciudad de Berl\u00edn los R\u00edos Spree, Havel, Panke, Dahme y Wuhle. Berl\u00edn tiene m\u00e1s de 3.5 millones de habitantes. Es la ciudad m\u00e1s poblada de Alemania y de la parte central de Europa. Berl\u00edn es la segunda ciudad m\u00e1s grande en tama\u00f1o en la Uni\u00f3n Europea. La historia de Berl\u00edn data desde 1237 con su fundaci\u00f3n. No pierda esta oportunidad para disfrutar de toda la historia de Berl\u00edn y todo lo que tiene que ofrecer.<\/p>\n<h3>Nuestros Tours Privados en Tour Travel &amp; More<\/h3>\n<p>Ofrecemos a nuestros clientes tours privados para familias, amigos e incluso para incentivos o grupos grandes. Entendemos las necesidades de los viajeros mientras est\u00e1n de vacaciones, y hacemos todo lo posible para que su estancia sea inolvidable. Nuestra flota se compone de veh\u00edculos de lujo y nuestro personal es perfectamente multiling\u00fce. Nuestros gu\u00edas son gu\u00edas oficiales y viven en Berl\u00edn y son grandes conocedores de la ciudad. Nuestros gu\u00edas en Berl\u00edn hablan varios idiomas: Ingl\u00e9s, Espa\u00f1ol, Franc\u00e9s, Italiano, Polaco, Holand\u00e9s, Chino, Ruso, Japon\u00e9s, Alem\u00e1n, Griego y Portugu\u00e9s.<\/p>\n","protected":false},"excerpt":{"rendered":"<p>Disfruta de este <strong>tour privado de la ciudad de Kreuzberg y Neuk\u00f6lln<\/strong>\u00a0muy cerca de la ciudad de <strong>Berl\u00edn<\/strong>. No pierda la oportunidad de disfrutar de lo mejor que ofrecen ambas ciudades c\u00f3modamente en su veh\u00edculo privado de lujo con chofer y con un gu\u00eda oficial privado. Disfrute de los monumentos y zonas m\u00e1s emblem\u00e1ticas de cada ciudad. El tour comenzar\u00e1 desde su hotel o lugar de elecci\u00f3n desde <strong>Berl\u00edn<\/strong>.<\/p>\n","protected":false},"featured_media":65159,"comment_status":"open","ping_status":"closed","template":"","meta":{"_acf_changed":false},"product_brand":[],"product_cat":[443,444,446,445],"product_tag":[],"class_list":{"0":"post-65133","1":"product","2":"type-product","3":"status-publish","4":"has-post-thumbnail","6":"product_cat-berlin-es","7":"product_cat-berlin-actividades-es","8":"product_cat-berlin-rutas-turisticas-privadas-es","9":"product_cat-berlin-excursiones-es","11":"first","12":"instock","13":"shipping-taxable","14":"purchasable","15":"product-type-simple"},"acf":[],"yoast_head":"<!-- This site is optimized with the Yoast SEO Premium plugin v25.3.1 (Yoast SEO v25.3.1) - https:\/\/yoast.com\/wordpress\/plugins\/seo\/ -->\n<title>Tour Privado por Kreuzberg y Neuk\u00f6lln - TOUR PRIVADO BERL\u00cdN<\/title>\n<meta name=\"description\" content=\"Tour privado por Kreuzberg y Neuk\u00f6lln desde Berl\u00edn con gu\u00eda oficial. Conozca los lugares m\u00e1s emblem\u00e1ticos c\u00f3modos dentro de un veh\u00edculo privado con chofer \u2705\" \/>\n<meta name=\"robots\" content=\"index, follow, max-snippet:-1, max-image-preview:large, max-video-preview:-1\" \/>\n<link rel=\"canonical\" href=\"https:\/\/tourtravelandmore.com\/es\/tours\/alemania-es\/berlin-es\/tour-privado-de-kreuzberg-neukolln\/\" \/>\n<meta property=\"og:locale\" content=\"es_ES\" \/>\n<meta property=\"og:type\" content=\"article\" \/>\n<meta property=\"og:title\" content=\"Tour Privado de Kreuzberg y Neuk\u00f6lln desde Berl\u00edn\" \/>\n<meta property=\"og:description\" content=\"Tour privado por Kreuzberg y Neuk\u00f6lln desde Berl\u00edn con gu\u00eda oficial. Conozca los lugares m\u00e1s emblem\u00e1ticos c\u00f3modos dentro de un veh\u00edculo privado con chofer \u2705\" \/>\n<meta property=\"og:url\" content=\"https:\/\/tourtravelandmore.com\/es\/tours\/alemania-es\/berlin-es\/tour-privado-de-kreuzberg-neukolln\/\" \/>\n<meta property=\"og:site_name\" content=\"Tour Travel And More\" \/>\n<meta property=\"article:publisher\" content=\"https:\/\/www.facebook.com\/tourtravelandmore\/\" \/>\n<meta property=\"article:modified_time\" content=\"2022-04-01T09:01:38+00:00\" \/>\n<meta property=\"og:image\" content=\"https:\/\/tourtravelandmore.com\/wp-content\/uploads\/2019\/09\/kreuzberg.jpg\" \/>\n\t<meta property=\"og:image:width\" content=\"960\" \/>\n\t<meta property=\"og:image:height\" content=\"638\" \/>\n\t<meta property=\"og:image:type\" content=\"image\/jpeg\" \/>\n<meta name=\"twitter:card\" content=\"summary_large_image\" \/>\n<meta name=\"twitter:site\" content=\"@TourTravel_More\" \/>\n<meta name=\"twitter:label1\" content=\"Tiempo de lectura\" \/>\n\t<meta name=\"twitter:data1\" content=\"3 minutos\" \/>\n<script type=\"application\/ld+json\" class=\"yoast-schema-graph\">{\"@context\":\"https:\/\/schema.org\",\"@graph\":[{\"@type\":\"WebPage\",\"@id\":\"https:\/\/tourtravelandmore.com\/es\/tours\/alemania-es\/berlin-es\/tour-privado-de-kreuzberg-neukolln\/\",\"url\":\"https:\/\/tourtravelandmore.com\/es\/tours\/alemania-es\/berlin-es\/tour-privado-de-kreuzberg-neukolln\/\",\"name\":\"Tour Privado por Kreuzberg y Neuk\u00f6lln - TOUR PRIVADO BERL\u00cdN\",\"isPartOf\":{\"@id\":\"https:\/\/tourtravelandmore.com\/es\/#website\"},\"primaryImageOfPage\":{\"@id\":\"https:\/\/tourtravelandmore.com\/es\/tours\/alemania-es\/berlin-es\/tour-privado-de-kreuzberg-neukolln\/#primaryimage\"},\"image\":{\"@id\":\"https:\/\/tourtravelandmore.com\/es\/tours\/alemania-es\/berlin-es\/tour-privado-de-kreuzberg-neukolln\/#primaryimage\"},\"thumbnailUrl\":\"https:\/\/tourtravelandmore.com\/wp-content\/uploads\/2019\/09\/kreuzberg.jpg\",\"datePublished\":\"2019-09-01T14:58:42+00:00\",\"dateModified\":\"2022-04-01T09:01:38+00:00\",\"description\":\"Tour privado por Kreuzberg y Neuk\u00f6lln desde Berl\u00edn con gu\u00eda oficial. Conozca los lugares m\u00e1s emblem\u00e1ticos c\u00f3modos dentro de un veh\u00edculo privado con chofer \u2705\",\"breadcrumb\":{\"@id\":\"https:\/\/tourtravelandmore.com\/es\/tours\/alemania-es\/berlin-es\/tour-privado-de-kreuzberg-neukolln\/#breadcrumb\"},\"inLanguage\":\"es\",\"potentialAction\":[{\"@type\":\"ReadAction\",\"target\":[\"https:\/\/tourtravelandmore.com\/es\/tours\/alemania-es\/berlin-es\/tour-privado-de-kreuzberg-neukolln\/\"]}]},{\"@type\":\"ImageObject\",\"inLanguage\":\"es\",\"@id\":\"https:\/\/tourtravelandmore.com\/es\/tours\/alemania-es\/berlin-es\/tour-privado-de-kreuzberg-neukolln\/#primaryimage\",\"url\":\"https:\/\/tourtravelandmore.com\/wp-content\/uploads\/2019\/09\/kreuzberg.jpg\",\"contentUrl\":\"https:\/\/tourtravelandmore.com\/wp-content\/uploads\/2019\/09\/kreuzberg.jpg\",\"width\":960,\"height\":638,\"caption\":\"kreuzberg\"},{\"@type\":\"BreadcrumbList\",\"@id\":\"https:\/\/tourtravelandmore.com\/es\/tours\/alemania-es\/berlin-es\/tour-privado-de-kreuzberg-neukolln\/#breadcrumb\",\"itemListElement\":[{\"@type\":\"ListItem\",\"position\":1,\"name\":\"Home\",\"item\":\"https:\/\/tourtravelandmore.com\/es\/\"},{\"@type\":\"ListItem\",\"position\":2,\"name\":\"Tours\",\"item\":\"https:\/\/tourtravelandmore.com\/es\/tours\/\"},{\"@type\":\"ListItem\",\"position\":3,\"name\":\"Tour Privado de Kreuzberg y Neuk\u00f6lln desde Berl\u00edn\"}]},{\"@type\":\"WebSite\",\"@id\":\"https:\/\/tourtravelandmore.com\/es\/#website\",\"url\":\"https:\/\/tourtravelandmore.com\/es\/\",\"name\":\"Tour Travel And More\",\"description\":\"Private sightseeing tours and luxury transfers in Spain\",\"publisher\":{\"@id\":\"https:\/\/tourtravelandmore.com\/es\/#organization\"},\"potentialAction\":[{\"@type\":\"SearchAction\",\"target\":{\"@type\":\"EntryPoint\",\"urlTemplate\":\"https:\/\/tourtravelandmore.com\/es\/?s={search_term_string}\"},\"query-input\":{\"@type\":\"PropertyValueSpecification\",\"valueRequired\":true,\"valueName\":\"search_term_string\"}}],\"inLanguage\":\"es\"},{\"@type\":\"Organization\",\"@id\":\"https:\/\/tourtravelandmore.com\/es\/#organization\",\"name\":\"Tour Travel And More\",\"url\":\"https:\/\/tourtravelandmore.com\/es\/\",\"logo\":{\"@type\":\"ImageObject\",\"inLanguage\":\"es\",\"@id\":\"https:\/\/tourtravelandmore.com\/es\/#\/schema\/logo\/image\/\",\"url\":\"https:\/\/tourtravelandmore.com\/wp-content\/uploads\/2022\/12\/cropped-logo-cabecera-new.png\",\"contentUrl\":\"https:\/\/tourtravelandmore.com\/wp-content\/uploads\/2022\/12\/cropped-logo-cabecera-new.png\",\"width\":430,\"height\":61,\"caption\":\"Tour Travel And More\"},\"image\":{\"@id\":\"https:\/\/tourtravelandmore.com\/es\/#\/schema\/logo\/image\/\"},\"sameAs\":[\"https:\/\/www.facebook.com\/tourtravelandmore\/\",\"https:\/\/x.com\/TourTravel_More\"]}]}<\/script>\n<!-- \/ Yoast SEO Premium plugin. -->","yoast_head_json":{"title":"Tour Privado por Kreuzberg y Neuk\u00f6lln - TOUR PRIVADO BERL\u00cdN","description":"Tour privado por Kreuzberg y Neuk\u00f6lln desde Berl\u00edn con gu\u00eda oficial. Conozca los lugares m\u00e1s emblem\u00e1ticos c\u00f3modos dentro de un veh\u00edculo privado con chofer \u2705","robots":{"index":"index","follow":"follow","max-snippet":"max-snippet:-1","max-image-preview":"max-image-preview:large","max-video-preview":"max-video-preview:-1"},"canonical":"https:\/\/tourtravelandmore.com\/es\/tours\/alemania-es\/berlin-es\/tour-privado-de-kreuzberg-neukolln\/","og_locale":"es_ES","og_type":"article","og_title":"Tour Privado de Kreuzberg y Neuk\u00f6lln desde Berl\u00edn","og_description":"Tour privado por Kreuzberg y Neuk\u00f6lln desde Berl\u00edn con gu\u00eda oficial. Conozca los lugares m\u00e1s emblem\u00e1ticos c\u00f3modos dentro de un veh\u00edculo privado con chofer \u2705","og_url":"https:\/\/tourtravelandmore.com\/es\/tours\/alemania-es\/berlin-es\/tour-privado-de-kreuzberg-neukolln\/","og_site_name":"Tour Travel And More","article_publisher":"https:\/\/www.facebook.com\/tourtravelandmore\/","article_modified_time":"2022-04-01T09:01:38+00:00","og_image":[{"width":960,"height":638,"url":"https:\/\/tourtravelandmore.com\/wp-content\/uploads\/2019\/09\/kreuzberg.jpg","type":"image\/jpeg"}],"twitter_card":"summary_large_image","twitter_site":"@TourTravel_More","twitter_misc":{"Tiempo de lectura":"3 minutos"},"schema":{"@context":"https:\/\/schema.org","@graph":[{"@type":"WebPage","@id":"https:\/\/tourtravelandmore.com\/es\/tours\/alemania-es\/berlin-es\/tour-privado-de-kreuzberg-neukolln\/","url":"https:\/\/tourtravelandmore.com\/es\/tours\/alemania-es\/berlin-es\/tour-privado-de-kreuzberg-neukolln\/","name":"Tour Privado por Kreuzberg y Neuk\u00f6lln - TOUR PRIVADO BERL\u00cdN","isPartOf":{"@id":"https:\/\/tourtravelandmore.com\/es\/#website"},"primaryImageOfPage":{"@id":"https:\/\/tourtravelandmore.com\/es\/tours\/alemania-es\/berlin-es\/tour-privado-de-kreuzberg-neukolln\/#primaryimage"},"image":{"@id":"https:\/\/tourtravelandmore.com\/es\/tours\/alemania-es\/berlin-es\/tour-privado-de-kreuzberg-neukolln\/#primaryimage"},"thumbnailUrl":"https:\/\/tourtravelandmore.com\/wp-content\/uploads\/2019\/09\/kreuzberg.jpg","datePublished":"2019-09-01T14:58:42+00:00","dateModified":"2022-04-01T09:01:38+00:00","description":"Tour privado por Kreuzberg y Neuk\u00f6lln desde Berl\u00edn con gu\u00eda oficial. Conozca los lugares m\u00e1s emblem\u00e1ticos c\u00f3modos dentro de un veh\u00edculo privado con chofer \u2705","breadcrumb":{"@id":"https:\/\/tourtravelandmore.com\/es\/tours\/alemania-es\/berlin-es\/tour-privado-de-kreuzberg-neukolln\/#breadcrumb"},"inLanguage":"es","potentialAction":[{"@type":"ReadAction","target":["https:\/\/tourtravelandmore.com\/es\/tours\/alemania-es\/berlin-es\/tour-privado-de-kreuzberg-neukolln\/"]}]},{"@type":"ImageObject","inLanguage":"es","@id":"https:\/\/tourtravelandmore.com\/es\/tours\/alemania-es\/berlin-es\/tour-privado-de-kreuzberg-neukolln\/#primaryimage","url":"https:\/\/tourtravelandmore.com\/wp-content\/uploads\/2019\/09\/kreuzberg.jpg","contentUrl":"https:\/\/tourtravelandmore.com\/wp-content\/uploads\/2019\/09\/kreuzberg.jpg","width":960,"height":638,"caption":"kreuzberg"},{"@type":"BreadcrumbList","@id":"https:\/\/tourtravelandmore.com\/es\/tours\/alemania-es\/berlin-es\/tour-privado-de-kreuzberg-neukolln\/#breadcrumb","itemListElement":[{"@type":"ListItem","position":1,"name":"Home","item":"https:\/\/tourtravelandmore.com\/es\/"},{"@type":"ListItem","position":2,"name":"Tours","item":"https:\/\/tourtravelandmore.com\/es\/tours\/"},{"@type":"ListItem","position":3,"name":"Tour Privado de Kreuzberg y Neuk\u00f6lln desde Berl\u00edn"}]},{"@type":"WebSite","@id":"https:\/\/tourtravelandmore.com\/es\/#website","url":"https:\/\/tourtravelandmore.com\/es\/","name":"Tour Travel And More","description":"Private sightseeing tours and luxury transfers in Spain","publisher":{"@id":"https:\/\/tourtravelandmore.com\/es\/#organization"},"potentialAction":[{"@type":"SearchAction","target":{"@type":"EntryPoint","urlTemplate":"https:\/\/tourtravelandmore.com\/es\/?s={search_term_string}"},"query-input":{"@type":"PropertyValueSpecification","valueRequired":true,"valueName":"search_term_string"}}],"inLanguage":"es"},{"@type":"Organization","@id":"https:\/\/tourtravelandmore.com\/es\/#organization","name":"Tour Travel And More","url":"https:\/\/tourtravelandmore.com\/es\/","logo":{"@type":"ImageObject","inLanguage":"es","@id":"https:\/\/tourtravelandmore.com\/es\/#\/schema\/logo\/image\/","url":"https:\/\/tourtravelandmore.com\/wp-content\/uploads\/2022\/12\/cropped-logo-cabecera-new.png","contentUrl":"https:\/\/tourtravelandmore.com\/wp-content\/uploads\/2022\/12\/cropped-logo-cabecera-new.png","width":430,"height":61,"caption":"Tour Travel And More"},"image":{"@id":"https:\/\/tourtravelandmore.com\/es\/#\/schema\/logo\/image\/"},"sameAs":["https:\/\/www.facebook.com\/tourtravelandmore\/","https:\/\/x.com\/TourTravel_More"]}]}},"_links":{"self":[{"href":"https:\/\/tourtravelandmore.com\/es\/wp-json\/wp\/v2\/product\/65133","targetHints":{"allow":["GET"]}}],"collection":[{"href":"https:\/\/tourtravelandmore.com\/es\/wp-json\/wp\/v2\/product"}],"about":[{"href":"https:\/\/tourtravelandmore.com\/es\/wp-json\/wp\/v2\/types\/product"}],"replies":[{"embeddable":true,"href":"https:\/\/tourtravelandmore.com\/es\/wp-json\/wp\/v2\/comments?post=65133"}],"wp:featuredmedia":[{"embeddable":true,"href":"https:\/\/tourtravelandmore.com\/es\/wp-json\/wp\/v2\/media\/65159"}],"wp:attachment":[{"href":"https:\/\/tourtravelandmore.com\/es\/wp-json\/wp\/v2\/media?parent=65133"}],"wp:term":[{"taxonomy":"product_brand","embeddable":true,"href":"https:\/\/tourtravelandmore.com\/es\/wp-json\/wp\/v2\/product_brand?post=65133"},{"taxonomy":"product_cat","embeddable":true,"href":"https:\/\/tourtravelandmore.com\/es\/wp-json\/wp\/v2\/product_cat?post=65133"},{"taxonomy":"product_tag","embeddable":true,"href":"https:\/\/tourtravelandmore.com\/es\/wp-json\/wp\/v2\/product_tag?post=65133"}],"curies":[{"name":"wp","href":"https:\/\/api.w.org\/{rel}","templated":true}]}}