{"id":65094,"date":"2019-09-01T10:13:50","date_gmt":"2019-09-01T08:13:51","guid":{"rendered":"https:\/\/tourtravelandmore.com\/?post_type=product&#038;p=65094"},"modified":"2022-04-01T10:59:55","modified_gmt":"2022-04-01T08:59:55","slug":"tour-privado-a-pie-de-berlin-y-sus-atraciones-ocultas","status":"publish","type":"product","link":"https:\/\/tourtravelandmore.com\/es\/tours\/alemania-es\/berlin-es\/tour-privado-a-pie-de-berlin-y-sus-atraciones-ocultas\/","title":{"rendered":"Tour Privado a pie por las atracciones menos conocidas de Berlin"},"content":{"rendered":"<h2>Descripci\u00f3n del Tour Privado a pie por las atracciones menos conocidas de Berl\u00edn<\/h2>\n<p>Disfrute de este <strong>tour privado<\/strong> con vuestro gu\u00eda oficial y conoce las atracciones culturales ocultas de <strong>Berl\u00edn<\/strong>.<br \/>\nEste tour es completamente personalizable y pod\u00e9is organizarlo como quer\u00e1is y lo que busc\u00e1is. Puede personalizar vuestro tour solo contactando con nosotros. Aqu\u00ed os dejamos un ejemplo de itinerario, el tour ser\u00e1 personalizado para que ve\u00e1is y conozc\u00e1is exactamente lo que quer\u00e9is ver en Berl\u00edn.<br \/>\nEl tour que le ofrecemos tiene una duraci\u00f3n de 2 horas, pero lo podemos organizar para que sea exactamente lo que quer\u00e9is hacer, a\u00f1adiendo horas extra para encajar en sus necesidades.<\/p>\n<h2>Principales puntos de inter\u00e9s durante este tour privado<\/h2>\n<p>Este tour comienza en la afamada Plaza Par\u00eds (Pariser Platz). Tenga en cuenta que podemos iniciar el tour donde usted lo necesite, para satisfacer sus propias necesidades personales. Cubriremos la mayor\u00eda de los lugares urbanos ocultos a visitantes casuales, apuntando a aquellos repletos a desbordar de arte e historia. Recorrere\u00eds en compa\u00f1ia de su gu\u00eda privado, bares, almacenes y edificaciones urbanas ocultas a plena vista en los entramados urbanos de la ciudad.<\/p>\n<p>Dentro de los lugares que le ofrecemos para el disfrute de su tour usted podra visitar:<\/p>\n<ul>\n<li><strong>Markthalle Neun<\/strong> &#8211; uno de los mercados m\u00e1s antiguos de la ciudad, considerado el epicentro del movimiento urbano moderno de alimentos de Berl\u00edn.<\/li>\n<li><strong>Cl\u00e4rchens Ballhaus<\/strong> &#8211; una hermosa calle con un sal\u00f3n de baile y un restaurante muy reconocidos, ubicado en el barrio judio<\/li>\n<li><strong>RAW Gelande<\/strong> &#8211; antigua estaci\u00f3n de reparaci\u00f3n de trenes, siendo hoy el centro actual del arte callejero<\/li>\n<li><strong>Urban Spree<\/strong> &#8211; una galer\u00eda urbana de arte callejero y club nocturno<\/li>\n<li><strong>Kreuzberg<\/strong> &#8211; lugar de artistas, estudiantes y muchos restaurantes afamados<\/li>\n<li><strong>Intimes Kino<\/strong> &#8211; un antiguo cine muy conocido entre los amantes del arte callejero<\/li>\n<li>\u00a1Y muchos lugares m\u00e1s en este tour a pie por Berlin!<\/li>\n<\/ul>\n<p>Siempre podemos a\u00f1adir o quitar sitios a visitar, para encajar el tour en exactamente lo que quiera conocer.<\/p>\n<p>Como dijimos antes, podemos organizar la duraci\u00f3n exacta del recorrido y los lugares a recorrer para ajustarlo a sus necesidades personales. Podemos ofrecerle horas extra o incluso hacer que sea una experiencia de d\u00eda completo. Cont\u00e1ctenos y h\u00e1ganos saber en cu\u00e1nto tiempo le gustar\u00eda\u00a0 realizar su tour privado.<\/p>\n<h3>La Ciudad: Berl\u00edn<\/h3>\n<p>Berlin es la capital de Alemania y uno de los 16 estados federados de Alemania. Berl\u00edn est\u00e1 ubicado en el noreste de Alemania. Pasan por la ciudad de Berl\u00edn los R\u00edos Spree, Havel, Panke, Dahme y Wuhle. Berl\u00edn tiene m\u00e1s de 3.5 millones de habitantes. Es la ciudad m\u00e1s poblada de Alemania y de la parte central de Europa. Berl\u00edn es la segunda ciudad m\u00e1s grande en tama\u00f1o en la Uni\u00f3n Europea. La historia de Berl\u00edn data desde 1237 con su fundaci\u00f3n. No pierda esta oportunidad para disfrutar de toda la historia de Berl\u00edn y todo lo que tiene que ofrecer.<\/p>\n<h3>Nuestros Tours Privados en Tour Travel &amp; More<\/h3>\n<p>Ofrecemos a nuestros clientes tours privados para familias, amigos e incluso para incentivos o grupos grandes. Entendemos las necesidades de los viajeros mientras est\u00e1n de vacaciones, y hacemos todo lo posible para que su estancia sea inolvidable. Nuestra flota se compone de veh\u00edculos de lujo y nuestro personal es perfectamente multiling\u00fce. Nuestros gu\u00edas son gu\u00edas oficiales y viven en Berl\u00edn y son gran conocedor de la ciudad. Nuestros gu\u00edas en Berl\u00edn hablan varios idiomas: Ingl\u00e9s, Espa\u00f1ol, Franc\u00e9s, Italiano, Polaco, Holand\u00e9s, Chino, Ruso, Japon\u00e9s, Alem\u00e1n, Griego y Portugu\u00e9s.<\/p>\n","protected":false},"excerpt":{"rendered":"<p>Disfruta de este <strong>tour privado a pie de la ciudad de Berl\u00edn y sus atracciones ocultas<\/strong>. No pierda la oportunidad de disfrutar de lo mejor que tiene que ofrecer <strong>Berl\u00edn<\/strong> con un gu\u00eda oficial privado. Disfruta de los monumentos y zonas m\u00e1s emblem\u00e1ticas de Berl\u00edn. Ofrecemos entre los lugares a visitar: <strong>Cl\u00e4rchens Ballhaus<\/strong><strong>, RAW Gelande<\/strong>, <strong>Neuk\u00f6lln<\/strong> y muchos lugares m\u00e1s.<\/p>\n","protected":false},"featured_media":65119,"comment_status":"open","ping_status":"closed","template":"","meta":{"_acf_changed":false},"product_brand":[],"product_cat":[443,444,447],"product_tag":[],"class_list":{"0":"post-65094","1":"product","2":"type-product","3":"status-publish","4":"has-post-thumbnail","6":"product_cat-berlin-es","7":"product_cat-berlin-actividades-es","8":"product_cat-berlin-tours-privados-pie-es","10":"first","11":"instock","12":"shipping-taxable","13":"purchasable","14":"product-type-simple"},"acf":[],"yoast_head":"<!-- This site is optimized with the Yoast SEO Premium plugin v25.3.1 (Yoast SEO v25.3.1) - https:\/\/yoast.com\/wordpress\/plugins\/seo\/ -->\n<title>Tour Privado a pie por las atracciones ocultas de Berl\u00edn junto a un gu\u00eda<\/title>\n<meta name=\"description\" content=\"Disfrute de este tour privado a pie de Berl\u00edn con un gu\u00eda oficial privado y conoce los lugares m\u00e1s emblem\u00e1ticos de la ciudad de Berl\u00edn \u2705\" \/>\n<meta name=\"robots\" content=\"index, follow, max-snippet:-1, max-image-preview:large, max-video-preview:-1\" \/>\n<link rel=\"canonical\" href=\"https:\/\/tourtravelandmore.com\/es\/tours\/alemania-es\/berlin-es\/tour-privado-a-pie-de-berlin-y-sus-atraciones-ocultas\/\" \/>\n<meta property=\"og:locale\" content=\"es_ES\" \/>\n<meta property=\"og:type\" content=\"article\" \/>\n<meta property=\"og:title\" content=\"Tour Privado a pie por las atracciones menos conocidas de Berlin\" \/>\n<meta property=\"og:description\" content=\"Disfrute de este tour privado a pie de Berl\u00edn con un gu\u00eda oficial privado y conoce los lugares m\u00e1s emblem\u00e1ticos de la ciudad de Berl\u00edn \u2705\" \/>\n<meta property=\"og:url\" content=\"https:\/\/tourtravelandmore.com\/es\/tours\/alemania-es\/berlin-es\/tour-privado-a-pie-de-berlin-y-sus-atraciones-ocultas\/\" \/>\n<meta property=\"og:site_name\" content=\"Tour Travel And More\" \/>\n<meta property=\"article:publisher\" content=\"https:\/\/www.facebook.com\/tourtravelandmore\/\" \/>\n<meta property=\"article:modified_time\" content=\"2022-04-01T08:59:55+00:00\" \/>\n<meta property=\"og:image\" content=\"https:\/\/tourtravelandmore.com\/wp-content\/uploads\/2019\/09\/8939161282_944b709713_b.jpg\" \/>\n\t<meta property=\"og:image:width\" content=\"816\" \/>\n\t<meta property=\"og:image:height\" content=\"612\" \/>\n\t<meta property=\"og:image:type\" content=\"image\/jpeg\" \/>\n<meta name=\"twitter:card\" content=\"summary_large_image\" \/>\n<meta name=\"twitter:site\" content=\"@TourTravel_More\" \/>\n<meta name=\"twitter:label1\" content=\"Tiempo de lectura\" \/>\n\t<meta name=\"twitter:data1\" content=\"3 minutos\" \/>\n<script type=\"application\/ld+json\" class=\"yoast-schema-graph\">{\"@context\":\"https:\/\/schema.org\",\"@graph\":[{\"@type\":\"WebPage\",\"@id\":\"https:\/\/tourtravelandmore.com\/es\/tours\/alemania-es\/berlin-es\/tour-privado-a-pie-de-berlin-y-sus-atraciones-ocultas\/\",\"url\":\"https:\/\/tourtravelandmore.com\/es\/tours\/alemania-es\/berlin-es\/tour-privado-a-pie-de-berlin-y-sus-atraciones-ocultas\/\",\"name\":\"Tour Privado a pie por las atracciones ocultas de Berl\u00edn junto a un gu\u00eda\",\"isPartOf\":{\"@id\":\"https:\/\/tourtravelandmore.com\/es\/#website\"},\"primaryImageOfPage\":{\"@id\":\"https:\/\/tourtravelandmore.com\/es\/tours\/alemania-es\/berlin-es\/tour-privado-a-pie-de-berlin-y-sus-atraciones-ocultas\/#primaryimage\"},\"image\":{\"@id\":\"https:\/\/tourtravelandmore.com\/es\/tours\/alemania-es\/berlin-es\/tour-privado-a-pie-de-berlin-y-sus-atraciones-ocultas\/#primaryimage\"},\"thumbnailUrl\":\"https:\/\/tourtravelandmore.com\/wp-content\/uploads\/2019\/09\/8939161282_944b709713_b.jpg\",\"datePublished\":\"2019-09-01T08:13:51+00:00\",\"dateModified\":\"2022-04-01T08:59:55+00:00\",\"description\":\"Disfrute de este tour privado a pie de Berl\u00edn con un gu\u00eda oficial privado y conoce los lugares m\u00e1s emblem\u00e1ticos de la ciudad de Berl\u00edn \u2705\",\"breadcrumb\":{\"@id\":\"https:\/\/tourtravelandmore.com\/es\/tours\/alemania-es\/berlin-es\/tour-privado-a-pie-de-berlin-y-sus-atraciones-ocultas\/#breadcrumb\"},\"inLanguage\":\"es\",\"potentialAction\":[{\"@type\":\"ReadAction\",\"target\":[\"https:\/\/tourtravelandmore.com\/es\/tours\/alemania-es\/berlin-es\/tour-privado-a-pie-de-berlin-y-sus-atraciones-ocultas\/\"]}]},{\"@type\":\"ImageObject\",\"inLanguage\":\"es\",\"@id\":\"https:\/\/tourtravelandmore.com\/es\/tours\/alemania-es\/berlin-es\/tour-privado-a-pie-de-berlin-y-sus-atraciones-ocultas\/#primaryimage\",\"url\":\"https:\/\/tourtravelandmore.com\/wp-content\/uploads\/2019\/09\/8939161282_944b709713_b.jpg\",\"contentUrl\":\"https:\/\/tourtravelandmore.com\/wp-content\/uploads\/2019\/09\/8939161282_944b709713_b.jpg\",\"width\":816,\"height\":612,\"caption\":\"????\"},{\"@type\":\"BreadcrumbList\",\"@id\":\"https:\/\/tourtravelandmore.com\/es\/tours\/alemania-es\/berlin-es\/tour-privado-a-pie-de-berlin-y-sus-atraciones-ocultas\/#breadcrumb\",\"itemListElement\":[{\"@type\":\"ListItem\",\"position\":1,\"name\":\"Home\",\"item\":\"https:\/\/tourtravelandmore.com\/es\/\"},{\"@type\":\"ListItem\",\"position\":2,\"name\":\"Tours\",\"item\":\"https:\/\/tourtravelandmore.com\/es\/tours\/\"},{\"@type\":\"ListItem\",\"position\":3,\"name\":\"Tour Privado a pie por las atracciones menos conocidas de Berlin\"}]},{\"@type\":\"WebSite\",\"@id\":\"https:\/\/tourtravelandmore.com\/es\/#website\",\"url\":\"https:\/\/tourtravelandmore.com\/es\/\",\"name\":\"Tour Travel And More\",\"description\":\"Private sightseeing tours and luxury transfers in Spain\",\"publisher\":{\"@id\":\"https:\/\/tourtravelandmore.com\/es\/#organization\"},\"potentialAction\":[{\"@type\":\"SearchAction\",\"target\":{\"@type\":\"EntryPoint\",\"urlTemplate\":\"https:\/\/tourtravelandmore.com\/es\/?s={search_term_string}\"},\"query-input\":{\"@type\":\"PropertyValueSpecification\",\"valueRequired\":true,\"valueName\":\"search_term_string\"}}],\"inLanguage\":\"es\"},{\"@type\":\"Organization\",\"@id\":\"https:\/\/tourtravelandmore.com\/es\/#organization\",\"name\":\"Tour Travel And More\",\"url\":\"https:\/\/tourtravelandmore.com\/es\/\",\"logo\":{\"@type\":\"ImageObject\",\"inLanguage\":\"es\",\"@id\":\"https:\/\/tourtravelandmore.com\/es\/#\/schema\/logo\/image\/\",\"url\":\"https:\/\/tourtravelandmore.com\/wp-content\/uploads\/2022\/12\/cropped-logo-cabecera-new.png\",\"contentUrl\":\"https:\/\/tourtravelandmore.com\/wp-content\/uploads\/2022\/12\/cropped-logo-cabecera-new.png\",\"width\":430,\"height\":61,\"caption\":\"Tour Travel And More\"},\"image\":{\"@id\":\"https:\/\/tourtravelandmore.com\/es\/#\/schema\/logo\/image\/\"},\"sameAs\":[\"https:\/\/www.facebook.com\/tourtravelandmore\/\",\"https:\/\/x.com\/TourTravel_More\"]}]}<\/script>\n<!-- \/ Yoast SEO Premium plugin. -->","yoast_head_json":{"title":"Tour Privado a pie por las atracciones ocultas de Berl\u00edn junto a un gu\u00eda","description":"Disfrute de este tour privado a pie de Berl\u00edn con un gu\u00eda oficial privado y conoce los lugares m\u00e1s emblem\u00e1ticos de la ciudad de Berl\u00edn \u2705","robots":{"index":"index","follow":"follow","max-snippet":"max-snippet:-1","max-image-preview":"max-image-preview:large","max-video-preview":"max-video-preview:-1"},"canonical":"https:\/\/tourtravelandmore.com\/es\/tours\/alemania-es\/berlin-es\/tour-privado-a-pie-de-berlin-y-sus-atraciones-ocultas\/","og_locale":"es_ES","og_type":"article","og_title":"Tour Privado a pie por las atracciones menos conocidas de Berlin","og_description":"Disfrute de este tour privado a pie de Berl\u00edn con un gu\u00eda oficial privado y conoce los lugares m\u00e1s emblem\u00e1ticos de la ciudad de Berl\u00edn \u2705","og_url":"https:\/\/tourtravelandmore.com\/es\/tours\/alemania-es\/berlin-es\/tour-privado-a-pie-de-berlin-y-sus-atraciones-ocultas\/","og_site_name":"Tour Travel And More","article_publisher":"https:\/\/www.facebook.com\/tourtravelandmore\/","article_modified_time":"2022-04-01T08:59:55+00:00","og_image":[{"width":816,"height":612,"url":"https:\/\/tourtravelandmore.com\/wp-content\/uploads\/2019\/09\/8939161282_944b709713_b.jpg","type":"image\/jpeg"}],"twitter_card":"summary_large_image","twitter_site":"@TourTravel_More","twitter_misc":{"Tiempo de lectura":"3 minutos"},"schema":{"@context":"https:\/\/schema.org","@graph":[{"@type":"WebPage","@id":"https:\/\/tourtravelandmore.com\/es\/tours\/alemania-es\/berlin-es\/tour-privado-a-pie-de-berlin-y-sus-atraciones-ocultas\/","url":"https:\/\/tourtravelandmore.com\/es\/tours\/alemania-es\/berlin-es\/tour-privado-a-pie-de-berlin-y-sus-atraciones-ocultas\/","name":"Tour Privado a pie por las atracciones ocultas de Berl\u00edn junto a un gu\u00eda","isPartOf":{"@id":"https:\/\/tourtravelandmore.com\/es\/#website"},"primaryImageOfPage":{"@id":"https:\/\/tourtravelandmore.com\/es\/tours\/alemania-es\/berlin-es\/tour-privado-a-pie-de-berlin-y-sus-atraciones-ocultas\/#primaryimage"},"image":{"@id":"https:\/\/tourtravelandmore.com\/es\/tours\/alemania-es\/berlin-es\/tour-privado-a-pie-de-berlin-y-sus-atraciones-ocultas\/#primaryimage"},"thumbnailUrl":"https:\/\/tourtravelandmore.com\/wp-content\/uploads\/2019\/09\/8939161282_944b709713_b.jpg","datePublished":"2019-09-01T08:13:51+00:00","dateModified":"2022-04-01T08:59:55+00:00","description":"Disfrute de este tour privado a pie de Berl\u00edn con un gu\u00eda oficial privado y conoce los lugares m\u00e1s emblem\u00e1ticos de la ciudad de Berl\u00edn \u2705","breadcrumb":{"@id":"https:\/\/tourtravelandmore.com\/es\/tours\/alemania-es\/berlin-es\/tour-privado-a-pie-de-berlin-y-sus-atraciones-ocultas\/#breadcrumb"},"inLanguage":"es","potentialAction":[{"@type":"ReadAction","target":["https:\/\/tourtravelandmore.com\/es\/tours\/alemania-es\/berlin-es\/tour-privado-a-pie-de-berlin-y-sus-atraciones-ocultas\/"]}]},{"@type":"ImageObject","inLanguage":"es","@id":"https:\/\/tourtravelandmore.com\/es\/tours\/alemania-es\/berlin-es\/tour-privado-a-pie-de-berlin-y-sus-atraciones-ocultas\/#primaryimage","url":"https:\/\/tourtravelandmore.com\/wp-content\/uploads\/2019\/09\/8939161282_944b709713_b.jpg","contentUrl":"https:\/\/tourtravelandmore.com\/wp-content\/uploads\/2019\/09\/8939161282_944b709713_b.jpg","width":816,"height":612,"caption":"????"},{"@type":"BreadcrumbList","@id":"https:\/\/tourtravelandmore.com\/es\/tours\/alemania-es\/berlin-es\/tour-privado-a-pie-de-berlin-y-sus-atraciones-ocultas\/#breadcrumb","itemListElement":[{"@type":"ListItem","position":1,"name":"Home","item":"https:\/\/tourtravelandmore.com\/es\/"},{"@type":"ListItem","position":2,"name":"Tours","item":"https:\/\/tourtravelandmore.com\/es\/tours\/"},{"@type":"ListItem","position":3,"name":"Tour Privado a pie por las atracciones menos conocidas de Berlin"}]},{"@type":"WebSite","@id":"https:\/\/tourtravelandmore.com\/es\/#website","url":"https:\/\/tourtravelandmore.com\/es\/","name":"Tour Travel And More","description":"Private sightseeing tours and luxury transfers in Spain","publisher":{"@id":"https:\/\/tourtravelandmore.com\/es\/#organization"},"potentialAction":[{"@type":"SearchAction","target":{"@type":"EntryPoint","urlTemplate":"https:\/\/tourtravelandmore.com\/es\/?s={search_term_string}"},"query-input":{"@type":"PropertyValueSpecification","valueRequired":true,"valueName":"search_term_string"}}],"inLanguage":"es"},{"@type":"Organization","@id":"https:\/\/tourtravelandmore.com\/es\/#organization","name":"Tour Travel And More","url":"https:\/\/tourtravelandmore.com\/es\/","logo":{"@type":"ImageObject","inLanguage":"es","@id":"https:\/\/tourtravelandmore.com\/es\/#\/schema\/logo\/image\/","url":"https:\/\/tourtravelandmore.com\/wp-content\/uploads\/2022\/12\/cropped-logo-cabecera-new.png","contentUrl":"https:\/\/tourtravelandmore.com\/wp-content\/uploads\/2022\/12\/cropped-logo-cabecera-new.png","width":430,"height":61,"caption":"Tour Travel And More"},"image":{"@id":"https:\/\/tourtravelandmore.com\/es\/#\/schema\/logo\/image\/"},"sameAs":["https:\/\/www.facebook.com\/tourtravelandmore\/","https:\/\/x.com\/TourTravel_More"]}]}},"_links":{"self":[{"href":"https:\/\/tourtravelandmore.com\/es\/wp-json\/wp\/v2\/product\/65094","targetHints":{"allow":["GET"]}}],"collection":[{"href":"https:\/\/tourtravelandmore.com\/es\/wp-json\/wp\/v2\/product"}],"about":[{"href":"https:\/\/tourtravelandmore.com\/es\/wp-json\/wp\/v2\/types\/product"}],"replies":[{"embeddable":true,"href":"https:\/\/tourtravelandmore.com\/es\/wp-json\/wp\/v2\/comments?post=65094"}],"wp:featuredmedia":[{"embeddable":true,"href":"https:\/\/tourtravelandmore.com\/es\/wp-json\/wp\/v2\/media\/65119"}],"wp:attachment":[{"href":"https:\/\/tourtravelandmore.com\/es\/wp-json\/wp\/v2\/media?parent=65094"}],"wp:term":[{"taxonomy":"product_brand","embeddable":true,"href":"https:\/\/tourtravelandmore.com\/es\/wp-json\/wp\/v2\/product_brand?post=65094"},{"taxonomy":"product_cat","embeddable":true,"href":"https:\/\/tourtravelandmore.com\/es\/wp-json\/wp\/v2\/product_cat?post=65094"},{"taxonomy":"product_tag","embeddable":true,"href":"https:\/\/tourtravelandmore.com\/es\/wp-json\/wp\/v2\/product_tag?post=65094"}],"curies":[{"name":"wp","href":"https:\/\/api.w.org\/{rel}","templated":true}]}}