{"id":64722,"date":"2019-08-27T18:30:34","date_gmt":"2019-08-27T16:30:35","guid":{"rendered":"https:\/\/tourtravelandmore.com\/?post_type=product&#038;p=64722"},"modified":"2023-02-14T14:46:47","modified_gmt":"2023-02-14T13:46:47","slug":"tour-a-pie-por-las-catacumbas-de-paris","status":"publish","type":"product","link":"https:\/\/tourtravelandmore.com\/es\/tours\/francia\/paris-es\/tour-a-pie-por-las-catacumbas-de-paris\/","title":{"rendered":"Tour privado a pie por las catacumbas de Par\u00eds"},"content":{"rendered":"<h2><strong>Descripci\u00f3n\u00a0<\/strong><\/h2>\n<p>El or\u00edgen de las catacumbas de Par\u00eds se remonta a fines del Siglo 18. Debido a problemas del sistema de salud, muchos cementerios de la \u00e9poca se trasladaron al subterr\u00e1neo. Durante este tour privado podr\u00e1n descubrir este sitio hist\u00f3rico junto a un gu\u00eda oficial privado. Visita este sitio emblem\u00e1tico, su osuario y arquitectura durante un <strong>tour privado a las catacumbas de Paris<\/strong>.<\/p>\n<p>Para dar comienzo a su tour su gu\u00eda privado les recoger\u00e1 en su hotel o en un punto de encuentro. A continuaci\u00f3n dar\u00e1n comienzo a su visita a las catacumbas. Durante su visita guiada aprender\u00e1n la historia del sitio, c\u00f3mo y por qu\u00e9 fue originado. Aprender\u00e1n los motivos por los cuales las autoridades decidieron crear el osario bajo tierra.<\/p>\n<p><strong>Todos nuestros tours son privados y coordinados a medida<\/strong>. Cont\u00e1ctanos para una experiencia privada a medida en Par\u00eds.<\/p>\n<h2><strong>Puntos de inter\u00e9s en el Tour privado a pie por las catacumbas de Par\u00eds<\/strong><\/h2>\n<p>Su tour privado comenzar\u00e1 en la plaza Denfert-Rochereau. Desde all\u00ed nos dirigiremos a la entrada de las Catacumbas. Descender\u00e1n, junto a su gu\u00eda oficial privado, 20 metros bajo tierra para recorrer los <strong>1,5 kilometros<\/strong> de galer\u00edas. Podr\u00e1 explorar los curiosos t\u00faneles donde se pueden ver numerosas inscripciones antiguas. Podr\u00e1n ver nombres de calles, se\u00f1ales dejadas por los obreros y los pilares de piedra de la \u00e9poca medieval.<\/p>\n<p>Seguir\u00e1 el recorrido hac\u00eda el atractivo m\u00e1s emblem\u00e1tico: la zona del <a href=\"https:\/\/www.catacombes.paris.fr\/es\/historia\/el-osario\">osario<\/a>. Pasaremos por sus tres monumentos importantes, la <strong>Fuente de la samaritana<\/strong>, un pozo circular utilizado por los trabajadores de la cantera para la preparaci\u00f3n del mortero. Seguido del <strong>\u00e1rea de la revoluci\u00f3n Francesa <\/strong>y por \u00faltimo el impresionante <strong>Barril, <\/strong>un enorme pilar recubierto de hueso.<\/p>\n<p>Cont\u00e1ctenos y haremos de su tour privado a las catacumbas de Par\u00eds una experiencia \u00fanica. Le ayudaremos a organizar su recorrido privado a medida. La visita de las catacumbas tiene una duraci\u00f3n aproximada de 2 horas.<\/p>\n","protected":false},"excerpt":{"rendered":"<p>Explora uno de los sitios m\u00e1s espectaculares e interesantes de Par\u00eds durante nuestro tour privado a las catacumbas de Paris. Disfruta una experiencia privada a medida junto a un gu\u00eda oficial privado.<\/p>\n","protected":false},"featured_media":82950,"comment_status":"open","ping_status":"closed","template":"","meta":{"_acf_changed":false},"product_brand":[],"product_cat":[834,849,850,852],"product_tag":[],"class_list":{"0":"post-64722","1":"product","2":"type-product","3":"status-publish","4":"has-post-thumbnail","6":"product_cat-paris-es","7":"product_cat-paris-actividades-es","8":"product_cat-paris-rutas-turisticas-privadas-es","9":"product_cat-paris-tours-privados-pie-es","11":"first","12":"instock","13":"shipping-taxable","14":"purchasable","15":"product-type-simple"},"acf":[],"yoast_head":"<!-- This site is optimized with the Yoast SEO Premium plugin v25.3.1 (Yoast SEO v25.3.1) - https:\/\/yoast.com\/wordpress\/plugins\/seo\/ -->\n<title>\u27a1\ufe0f Tour Privado a las catacumbas de Paris con gu\u00eda oficial | Tour Travel &amp; More<\/title>\n<meta name=\"description\" content=\"Explora uno de los sitios m\u00e1s espectaculares de Par\u00eds durante nuestro tour privado a las catacumbas de Paris. Disfruta una experiencia privada a medida \u2705\" \/>\n<meta name=\"robots\" content=\"index, follow, max-snippet:-1, max-image-preview:large, max-video-preview:-1\" \/>\n<link rel=\"canonical\" href=\"https:\/\/tourtravelandmore.com\/es\/tours\/francia\/paris-es\/tour-a-pie-por-las-catacumbas-de-paris\/\" \/>\n<meta property=\"og:locale\" content=\"es_ES\" \/>\n<meta property=\"og:type\" content=\"article\" \/>\n<meta property=\"og:title\" content=\"Tour privado a pie por las catacumbas de Par\u00eds\" \/>\n<meta property=\"og:description\" content=\"Explora uno de los sitios m\u00e1s espectaculares de Par\u00eds durante nuestro tour privado a las catacumbas de Paris. Disfruta una experiencia privada a medida \u2705\" \/>\n<meta property=\"og:url\" content=\"https:\/\/tourtravelandmore.com\/es\/tours\/francia\/paris-es\/tour-a-pie-por-las-catacumbas-de-paris\/\" \/>\n<meta property=\"og:site_name\" content=\"Tour Travel And More\" \/>\n<meta property=\"article:publisher\" content=\"https:\/\/www.facebook.com\/tourtravelandmore\/\" \/>\n<meta property=\"article:modified_time\" content=\"2023-02-14T13:46:47+00:00\" \/>\n<meta property=\"og:image\" content=\"https:\/\/tourtravelandmore.com\/wp-content\/uploads\/2019\/08\/paris-catacumbas-2-min.jpg\" \/>\n\t<meta property=\"og:image:width\" content=\"1024\" \/>\n\t<meta property=\"og:image:height\" content=\"768\" \/>\n\t<meta property=\"og:image:type\" content=\"image\/jpeg\" \/>\n<meta name=\"twitter:card\" content=\"summary_large_image\" \/>\n<meta name=\"twitter:site\" content=\"@TourTravel_More\" \/>\n<meta name=\"twitter:label1\" content=\"Tiempo de lectura\" \/>\n\t<meta name=\"twitter:data1\" content=\"2 minutos\" \/>\n<script type=\"application\/ld+json\" class=\"yoast-schema-graph\">{\"@context\":\"https:\/\/schema.org\",\"@graph\":[{\"@type\":\"WebPage\",\"@id\":\"https:\/\/tourtravelandmore.com\/es\/tours\/francia\/paris-es\/tour-a-pie-por-las-catacumbas-de-paris\/\",\"url\":\"https:\/\/tourtravelandmore.com\/es\/tours\/francia\/paris-es\/tour-a-pie-por-las-catacumbas-de-paris\/\",\"name\":\"\u27a1\ufe0f Tour Privado a las catacumbas de Paris con gu\u00eda oficial | Tour Travel & More\",\"isPartOf\":{\"@id\":\"https:\/\/tourtravelandmore.com\/es\/#website\"},\"primaryImageOfPage\":{\"@id\":\"https:\/\/tourtravelandmore.com\/es\/tours\/francia\/paris-es\/tour-a-pie-por-las-catacumbas-de-paris\/#primaryimage\"},\"image\":{\"@id\":\"https:\/\/tourtravelandmore.com\/es\/tours\/francia\/paris-es\/tour-a-pie-por-las-catacumbas-de-paris\/#primaryimage\"},\"thumbnailUrl\":\"https:\/\/tourtravelandmore.com\/wp-content\/uploads\/2019\/08\/paris-catacumbas-2-min.jpg\",\"datePublished\":\"2019-08-27T16:30:35+00:00\",\"dateModified\":\"2023-02-14T13:46:47+00:00\",\"description\":\"Explora uno de los sitios m\u00e1s espectaculares de Par\u00eds durante nuestro tour privado a las catacumbas de Paris. Disfruta una experiencia privada a medida \u2705\",\"breadcrumb\":{\"@id\":\"https:\/\/tourtravelandmore.com\/es\/tours\/francia\/paris-es\/tour-a-pie-por-las-catacumbas-de-paris\/#breadcrumb\"},\"inLanguage\":\"es\",\"potentialAction\":[{\"@type\":\"ReadAction\",\"target\":[\"https:\/\/tourtravelandmore.com\/es\/tours\/francia\/paris-es\/tour-a-pie-por-las-catacumbas-de-paris\/\"]}]},{\"@type\":\"ImageObject\",\"inLanguage\":\"es\",\"@id\":\"https:\/\/tourtravelandmore.com\/es\/tours\/francia\/paris-es\/tour-a-pie-por-las-catacumbas-de-paris\/#primaryimage\",\"url\":\"https:\/\/tourtravelandmore.com\/wp-content\/uploads\/2019\/08\/paris-catacumbas-2-min.jpg\",\"contentUrl\":\"https:\/\/tourtravelandmore.com\/wp-content\/uploads\/2019\/08\/paris-catacumbas-2-min.jpg\",\"width\":1024,\"height\":768,\"caption\":\"Paris ossuary\"},{\"@type\":\"BreadcrumbList\",\"@id\":\"https:\/\/tourtravelandmore.com\/es\/tours\/francia\/paris-es\/tour-a-pie-por-las-catacumbas-de-paris\/#breadcrumb\",\"itemListElement\":[{\"@type\":\"ListItem\",\"position\":1,\"name\":\"Home\",\"item\":\"https:\/\/tourtravelandmore.com\/es\/\"},{\"@type\":\"ListItem\",\"position\":2,\"name\":\"Tours\",\"item\":\"https:\/\/tourtravelandmore.com\/es\/tours\/\"},{\"@type\":\"ListItem\",\"position\":3,\"name\":\"Tour privado a pie por las catacumbas de Par\u00eds\"}]},{\"@type\":\"WebSite\",\"@id\":\"https:\/\/tourtravelandmore.com\/es\/#website\",\"url\":\"https:\/\/tourtravelandmore.com\/es\/\",\"name\":\"Tour Travel And More\",\"description\":\"Private sightseeing tours and luxury transfers in Spain\",\"publisher\":{\"@id\":\"https:\/\/tourtravelandmore.com\/es\/#organization\"},\"potentialAction\":[{\"@type\":\"SearchAction\",\"target\":{\"@type\":\"EntryPoint\",\"urlTemplate\":\"https:\/\/tourtravelandmore.com\/es\/?s={search_term_string}\"},\"query-input\":{\"@type\":\"PropertyValueSpecification\",\"valueRequired\":true,\"valueName\":\"search_term_string\"}}],\"inLanguage\":\"es\"},{\"@type\":\"Organization\",\"@id\":\"https:\/\/tourtravelandmore.com\/es\/#organization\",\"name\":\"Tour Travel And More\",\"url\":\"https:\/\/tourtravelandmore.com\/es\/\",\"logo\":{\"@type\":\"ImageObject\",\"inLanguage\":\"es\",\"@id\":\"https:\/\/tourtravelandmore.com\/es\/#\/schema\/logo\/image\/\",\"url\":\"https:\/\/tourtravelandmore.com\/wp-content\/uploads\/2022\/12\/cropped-logo-cabecera-new.png\",\"contentUrl\":\"https:\/\/tourtravelandmore.com\/wp-content\/uploads\/2022\/12\/cropped-logo-cabecera-new.png\",\"width\":430,\"height\":61,\"caption\":\"Tour Travel And More\"},\"image\":{\"@id\":\"https:\/\/tourtravelandmore.com\/es\/#\/schema\/logo\/image\/\"},\"sameAs\":[\"https:\/\/www.facebook.com\/tourtravelandmore\/\",\"https:\/\/x.com\/TourTravel_More\"]}]}<\/script>\n<!-- \/ Yoast SEO Premium plugin. -->","yoast_head_json":{"title":"\u27a1\ufe0f Tour Privado a las catacumbas de Paris con gu\u00eda oficial | Tour Travel & More","description":"Explora uno de los sitios m\u00e1s espectaculares de Par\u00eds durante nuestro tour privado a las catacumbas de Paris. Disfruta una experiencia privada a medida \u2705","robots":{"index":"index","follow":"follow","max-snippet":"max-snippet:-1","max-image-preview":"max-image-preview:large","max-video-preview":"max-video-preview:-1"},"canonical":"https:\/\/tourtravelandmore.com\/es\/tours\/francia\/paris-es\/tour-a-pie-por-las-catacumbas-de-paris\/","og_locale":"es_ES","og_type":"article","og_title":"Tour privado a pie por las catacumbas de Par\u00eds","og_description":"Explora uno de los sitios m\u00e1s espectaculares de Par\u00eds durante nuestro tour privado a las catacumbas de Paris. Disfruta una experiencia privada a medida \u2705","og_url":"https:\/\/tourtravelandmore.com\/es\/tours\/francia\/paris-es\/tour-a-pie-por-las-catacumbas-de-paris\/","og_site_name":"Tour Travel And More","article_publisher":"https:\/\/www.facebook.com\/tourtravelandmore\/","article_modified_time":"2023-02-14T13:46:47+00:00","og_image":[{"width":1024,"height":768,"url":"https:\/\/tourtravelandmore.com\/wp-content\/uploads\/2019\/08\/paris-catacumbas-2-min.jpg","type":"image\/jpeg"}],"twitter_card":"summary_large_image","twitter_site":"@TourTravel_More","twitter_misc":{"Tiempo de lectura":"2 minutos"},"schema":{"@context":"https:\/\/schema.org","@graph":[{"@type":"WebPage","@id":"https:\/\/tourtravelandmore.com\/es\/tours\/francia\/paris-es\/tour-a-pie-por-las-catacumbas-de-paris\/","url":"https:\/\/tourtravelandmore.com\/es\/tours\/francia\/paris-es\/tour-a-pie-por-las-catacumbas-de-paris\/","name":"\u27a1\ufe0f Tour Privado a las catacumbas de Paris con gu\u00eda oficial | Tour Travel & More","isPartOf":{"@id":"https:\/\/tourtravelandmore.com\/es\/#website"},"primaryImageOfPage":{"@id":"https:\/\/tourtravelandmore.com\/es\/tours\/francia\/paris-es\/tour-a-pie-por-las-catacumbas-de-paris\/#primaryimage"},"image":{"@id":"https:\/\/tourtravelandmore.com\/es\/tours\/francia\/paris-es\/tour-a-pie-por-las-catacumbas-de-paris\/#primaryimage"},"thumbnailUrl":"https:\/\/tourtravelandmore.com\/wp-content\/uploads\/2019\/08\/paris-catacumbas-2-min.jpg","datePublished":"2019-08-27T16:30:35+00:00","dateModified":"2023-02-14T13:46:47+00:00","description":"Explora uno de los sitios m\u00e1s espectaculares de Par\u00eds durante nuestro tour privado a las catacumbas de Paris. Disfruta una experiencia privada a medida \u2705","breadcrumb":{"@id":"https:\/\/tourtravelandmore.com\/es\/tours\/francia\/paris-es\/tour-a-pie-por-las-catacumbas-de-paris\/#breadcrumb"},"inLanguage":"es","potentialAction":[{"@type":"ReadAction","target":["https:\/\/tourtravelandmore.com\/es\/tours\/francia\/paris-es\/tour-a-pie-por-las-catacumbas-de-paris\/"]}]},{"@type":"ImageObject","inLanguage":"es","@id":"https:\/\/tourtravelandmore.com\/es\/tours\/francia\/paris-es\/tour-a-pie-por-las-catacumbas-de-paris\/#primaryimage","url":"https:\/\/tourtravelandmore.com\/wp-content\/uploads\/2019\/08\/paris-catacumbas-2-min.jpg","contentUrl":"https:\/\/tourtravelandmore.com\/wp-content\/uploads\/2019\/08\/paris-catacumbas-2-min.jpg","width":1024,"height":768,"caption":"Paris ossuary"},{"@type":"BreadcrumbList","@id":"https:\/\/tourtravelandmore.com\/es\/tours\/francia\/paris-es\/tour-a-pie-por-las-catacumbas-de-paris\/#breadcrumb","itemListElement":[{"@type":"ListItem","position":1,"name":"Home","item":"https:\/\/tourtravelandmore.com\/es\/"},{"@type":"ListItem","position":2,"name":"Tours","item":"https:\/\/tourtravelandmore.com\/es\/tours\/"},{"@type":"ListItem","position":3,"name":"Tour privado a pie por las catacumbas de Par\u00eds"}]},{"@type":"WebSite","@id":"https:\/\/tourtravelandmore.com\/es\/#website","url":"https:\/\/tourtravelandmore.com\/es\/","name":"Tour Travel And More","description":"Private sightseeing tours and luxury transfers in Spain","publisher":{"@id":"https:\/\/tourtravelandmore.com\/es\/#organization"},"potentialAction":[{"@type":"SearchAction","target":{"@type":"EntryPoint","urlTemplate":"https:\/\/tourtravelandmore.com\/es\/?s={search_term_string}"},"query-input":{"@type":"PropertyValueSpecification","valueRequired":true,"valueName":"search_term_string"}}],"inLanguage":"es"},{"@type":"Organization","@id":"https:\/\/tourtravelandmore.com\/es\/#organization","name":"Tour Travel And More","url":"https:\/\/tourtravelandmore.com\/es\/","logo":{"@type":"ImageObject","inLanguage":"es","@id":"https:\/\/tourtravelandmore.com\/es\/#\/schema\/logo\/image\/","url":"https:\/\/tourtravelandmore.com\/wp-content\/uploads\/2022\/12\/cropped-logo-cabecera-new.png","contentUrl":"https:\/\/tourtravelandmore.com\/wp-content\/uploads\/2022\/12\/cropped-logo-cabecera-new.png","width":430,"height":61,"caption":"Tour Travel And More"},"image":{"@id":"https:\/\/tourtravelandmore.com\/es\/#\/schema\/logo\/image\/"},"sameAs":["https:\/\/www.facebook.com\/tourtravelandmore\/","https:\/\/x.com\/TourTravel_More"]}]}},"_links":{"self":[{"href":"https:\/\/tourtravelandmore.com\/es\/wp-json\/wp\/v2\/product\/64722","targetHints":{"allow":["GET"]}}],"collection":[{"href":"https:\/\/tourtravelandmore.com\/es\/wp-json\/wp\/v2\/product"}],"about":[{"href":"https:\/\/tourtravelandmore.com\/es\/wp-json\/wp\/v2\/types\/product"}],"replies":[{"embeddable":true,"href":"https:\/\/tourtravelandmore.com\/es\/wp-json\/wp\/v2\/comments?post=64722"}],"wp:featuredmedia":[{"embeddable":true,"href":"https:\/\/tourtravelandmore.com\/es\/wp-json\/wp\/v2\/media\/82950"}],"wp:attachment":[{"href":"https:\/\/tourtravelandmore.com\/es\/wp-json\/wp\/v2\/media?parent=64722"}],"wp:term":[{"taxonomy":"product_brand","embeddable":true,"href":"https:\/\/tourtravelandmore.com\/es\/wp-json\/wp\/v2\/product_brand?post=64722"},{"taxonomy":"product_cat","embeddable":true,"href":"https:\/\/tourtravelandmore.com\/es\/wp-json\/wp\/v2\/product_cat?post=64722"},{"taxonomy":"product_tag","embeddable":true,"href":"https:\/\/tourtravelandmore.com\/es\/wp-json\/wp\/v2\/product_tag?post=64722"}],"curies":[{"name":"wp","href":"https:\/\/api.w.org\/{rel}","templated":true}]}}