{"id":64473,"date":"2019-08-23T14:48:09","date_gmt":"2019-08-23T12:48:09","guid":{"rendered":"https:\/\/tourtravelandmore.com\/?post_type=product&#038;p=64473"},"modified":"2024-03-04T15:18:59","modified_gmt":"2024-03-04T14:18:59","slug":"tour-privado-a-pie-de-dublin","status":"publish","type":"product","link":"https:\/\/tourtravelandmore.com\/es\/tours\/irlanda-es\/dublin-es\/tour-privado-a-pie-de-dublin\/","title":{"rendered":"Tour Privado a pie por Dubl\u00edn"},"content":{"rendered":"<h2 id=\"tw-target-text\" class=\"tw-data-text tw-text-large XcVN5d tw-ta\" dir=\"ltr\" data-placeholder=\"Traducci\u00f3n\"><span lang=\"es\">Descripci\u00f3n del Tour Privado a pie por Dubl\u00edn<\/span><\/h2>\n<p><b>Dubl\u00edn <\/b><span style=\"font-weight: 400;\">es la capital de la <strong>Rep\u00fablica de Irlanda<\/strong>, se encuentra en la costa este de Irlanda, en la desembocadura del r\u00edo <strong>Liffey<\/strong>. Sus edificios hist\u00f3ricos incluyen el <strong>Castillo de Dubl\u00edn<\/strong>, que data del siglo XIII, y la imponente Catedral de San Patricio, construida en 1191. Los parques con atractivos paisajes de la ciudad incluyen el parque St Stephen&#8217;s Green y el enorme Parque F\u00e9nix, que alberga el Zool\u00f3gico de Dubl\u00edn.\u00a0<\/span><\/p>\n<p><span style=\"font-weight: 400;\">La mejor manera de descubrir la ciudad de Dubl\u00edn es realizando un recorrido a pie. Nuestro <\/span><b>gu\u00eda tur\u00edstico oficial privado<\/b><span style=\"font-weight: 400;\"> lo llevar\u00e1 en este exclusivo <\/span><b>Tour Privado a pie por Dubl\u00edn<\/b><span style=\"font-weight: 400;\">.<\/span><\/p>\n<p><span style=\"font-weight: 400;\">Este tour comenzar\u00e1 desde un punto de encuentro ubicado en el centro de la ciudad. Si su hotel tiene una ubicaci\u00f3n c\u00e9ntrica, podemos comenzar desde all\u00ed. De lo contrario, podemos organizar una recogida privada en un punto de encuentro c\u00e9ntrico.<\/span><\/p>\n<p><span style=\"font-weight: 400;\">Este tour es absolutamente personalizable. Puede adaptar todos nuestros tours en Dubl\u00edn a su propio inter\u00e9s contact\u00e1ndonos.<\/span><\/p>\n<h2>Puntos emblem\u00e1ticos y de inter\u00e9s en el Tour Privado a pie por Dubl\u00edn<\/h2>\n<p><span style=\"font-weight: 400;\">En primer lugar, re\u00fanase con nuestro gu\u00eda tur\u00edstico oficial privado. Entonces comenzar\u00e1 nuestro <strong>tour privado a pie por Dubl\u00edn.<\/strong><\/span><\/p>\n<p><span style=\"font-weight: 400;\">Comenzaremos este recorrido en la famosa calle <strong>O\u2019Connell<\/strong>, y llegaremos al <strong>Trinity College<\/strong> donde nuestro gu\u00eda nos contar\u00e1 la historia de <strong>Molly Malone.<\/strong><\/span><\/p>\n<p><span style=\"font-weight: 400;\">A continuaci\u00f3n, veremos la Catedral de San Patricio, famosa por sus impresionantes fachadas y el castillo de Dubl\u00edn, controlado por los brit\u00e1nicos hasta la firma del tratado angloirland\u00e9s en 1921. Otra parada que no puede perderse es la famosa zona de m\u00fasica en vivo llamada <strong>Temple Pub.<\/strong><\/span><\/p>\n<p><span style=\"font-weight: 400;\">Luego nos dirigiremos al puente <strong>Liffey<\/strong> donde explicar\u00e1n y ver\u00e1n los lugares m\u00e1s importantes de la historia de Irlanda.<\/span><\/p>\n<p><span style=\"font-weight: 400;\">Luego continuaremos hacia la <strong>Catedral de Christ Church<\/strong> y, caminando hacia el sur por <strong>Nicholas Street<\/strong>, encontrar\u00e1 la <strong>Catedral de San Patricio<\/strong>, las iglesias m\u00e1s importantes de Dubl\u00edn que no pueden fallar.<\/span><\/p>\n<p><span style=\"font-weight: 400;\">Este tour privado terminar\u00e1 en un punto central de <strong>Dubl\u00edn<\/strong>. Luego puede continuar por su cuenta o regresar a su hotel a relajarse.<\/span><\/p>\n<p><span style=\"font-weight: 400;\">Entre muchos otros lugares para visitar, puedes disfrutar de:<\/span><\/p>\n<ul>\n<li style=\"font-weight: 400;\" aria-level=\"1\"><b>La calle O\u2019Connell<\/b><\/li>\n<li style=\"font-weight: 400;\" aria-level=\"1\"><b>Colegio Trinity<\/b><\/li>\n<li style=\"font-weight: 400;\" aria-level=\"1\"><b>Catedral de San Patricio<\/b><\/li>\n<li style=\"font-weight: 400;\" aria-level=\"1\"><b>Temple Pub<\/b><\/li>\n<li style=\"font-weight: 400;\" aria-level=\"1\"><b>Fabrica Guiness<\/b><\/li>\n<li style=\"font-weight: 400;\" aria-level=\"1\"><b>Calle Nicholas<\/b><\/li>\n<li style=\"font-weight: 400;\" aria-level=\"1\"><strong>y mucho m\u00e1s!<\/strong><\/li>\n<\/ul>\n<p><span style=\"font-weight: 400;\">Al finalizar el tour, su gu\u00eda oficial privado lo dejar\u00e1 en un lugar c\u00e9ntrico de Dubl\u00edn.<\/span><\/p>\n<p><span style=\"font-weight: 400;\">Eche un vistazo a todos <\/span><strong><a href=\"https:\/\/tourtravelandmore.com\/es\/ciudad\/irlanda-es\/dublin-es\/\">nuestros tours privados que ofrecemos en Dubl\u00edn<\/a><\/strong><span style=\"font-weight: 400;\"><strong>.<\/strong> Ofrecemos cualquier tipo de tours privados en Dubl\u00edn y uno de los mejores para comenzar es este Tour privado a pie por Dubl\u00edn.<\/span><\/p>\n","protected":false},"excerpt":{"rendered":"<p>La ciudad de <strong>Dubl\u00edn<\/strong>, en <strong>Irlanda<\/strong>, es conocida por su gran patrimonio cultural y numerosas \u00e1reas verdes. Durante este <strong>tour privado a pie de 3 horas por Dubl\u00edn<\/strong>, su gu\u00eda privado lo llevar\u00e1 a lugares incre\u00edbles como la <strong>f\u00e1brica Guinness<\/strong>, <strong>O&#8217;Connell Street<\/strong>, <strong>Trinity College<\/strong>, <strong>Temple Bar<\/strong> y mucho m\u00e1s.<\/p>\n","protected":false},"featured_media":64483,"comment_status":"open","ping_status":"closed","template":"","meta":{"_acf_changed":false},"product_brand":[],"product_cat":[1275,1276,1277,1279],"product_tag":[],"class_list":{"0":"post-64473","1":"product","2":"type-product","3":"status-publish","4":"has-post-thumbnail","6":"product_cat-dublin-es","7":"product_cat-dublin-actividades-es","8":"product_cat-dublin-rutas-turisticas-privadas-es","9":"product_cat-dublin-tours-privados-pie-es","11":"first","12":"instock","13":"shipping-taxable","14":"purchasable","15":"product-type-simple"},"acf":[],"yoast_head":"<!-- This site is optimized with the Yoast SEO Premium plugin v25.3.1 (Yoast SEO v25.3.1) - https:\/\/yoast.com\/wordpress\/plugins\/seo\/ -->\n<title>\u27a1\ufe0f Tour Privado a pie por Dubl\u00edn con gu\u00eda profesional local | Tour Travel &amp; More<\/title>\n<meta name=\"description\" content=\"Disfrute de este Tour Privado a pie por Dubl\u00edn. Explore y conozca los monumentos m\u00e1s importantes y sus paisajes junto a un gu\u00eda privado \u2705\" \/>\n<meta name=\"robots\" content=\"index, follow, max-snippet:-1, max-image-preview:large, max-video-preview:-1\" \/>\n<link rel=\"canonical\" href=\"https:\/\/tourtravelandmore.com\/es\/tours\/irlanda-es\/dublin-es\/tour-privado-a-pie-de-dublin\/\" \/>\n<meta property=\"og:locale\" content=\"es_ES\" \/>\n<meta property=\"og:type\" content=\"article\" \/>\n<meta property=\"og:title\" content=\"Tour Privado a pie por Dubl\u00edn\" \/>\n<meta property=\"og:description\" content=\"Disfrute de este Tour Privado a pie por Dubl\u00edn. Explore y conozca los monumentos m\u00e1s importantes y sus paisajes junto a un gu\u00eda privado \u2705\" \/>\n<meta property=\"og:url\" content=\"https:\/\/tourtravelandmore.com\/es\/tours\/irlanda-es\/dublin-es\/tour-privado-a-pie-de-dublin\/\" \/>\n<meta property=\"og:site_name\" content=\"Tour Travel And More\" \/>\n<meta property=\"article:publisher\" content=\"https:\/\/www.facebook.com\/tourtravelandmore\/\" \/>\n<meta property=\"article:modified_time\" content=\"2024-03-04T14:18:59+00:00\" \/>\n<meta property=\"og:image\" content=\"https:\/\/tourtravelandmore.com\/wp-content\/uploads\/2019\/08\/16417304342_04f60896b6_k.jpg\" \/>\n\t<meta property=\"og:image:width\" content=\"2048\" \/>\n\t<meta property=\"og:image:height\" content=\"1332\" \/>\n\t<meta property=\"og:image:type\" content=\"image\/jpeg\" \/>\n<meta name=\"twitter:card\" content=\"summary_large_image\" \/>\n<meta name=\"twitter:site\" content=\"@TourTravel_More\" \/>\n<meta name=\"twitter:label1\" content=\"Tiempo de lectura\" \/>\n\t<meta name=\"twitter:data1\" content=\"2 minutos\" \/>\n<script type=\"application\/ld+json\" class=\"yoast-schema-graph\">{\"@context\":\"https:\/\/schema.org\",\"@graph\":[{\"@type\":\"WebPage\",\"@id\":\"https:\/\/tourtravelandmore.com\/es\/tours\/irlanda-es\/dublin-es\/tour-privado-a-pie-de-dublin\/\",\"url\":\"https:\/\/tourtravelandmore.com\/es\/tours\/irlanda-es\/dublin-es\/tour-privado-a-pie-de-dublin\/\",\"name\":\"\u27a1\ufe0f Tour Privado a pie por Dubl\u00edn con gu\u00eda profesional local | Tour Travel & More\",\"isPartOf\":{\"@id\":\"https:\/\/tourtravelandmore.com\/es\/#website\"},\"primaryImageOfPage\":{\"@id\":\"https:\/\/tourtravelandmore.com\/es\/tours\/irlanda-es\/dublin-es\/tour-privado-a-pie-de-dublin\/#primaryimage\"},\"image\":{\"@id\":\"https:\/\/tourtravelandmore.com\/es\/tours\/irlanda-es\/dublin-es\/tour-privado-a-pie-de-dublin\/#primaryimage\"},\"thumbnailUrl\":\"https:\/\/tourtravelandmore.com\/wp-content\/uploads\/2019\/08\/16417304342_04f60896b6_k.jpg\",\"datePublished\":\"2019-08-23T12:48:09+00:00\",\"dateModified\":\"2024-03-04T14:18:59+00:00\",\"description\":\"Disfrute de este Tour Privado a pie por Dubl\u00edn. Explore y conozca los monumentos m\u00e1s importantes y sus paisajes junto a un gu\u00eda privado \u2705\",\"breadcrumb\":{\"@id\":\"https:\/\/tourtravelandmore.com\/es\/tours\/irlanda-es\/dublin-es\/tour-privado-a-pie-de-dublin\/#breadcrumb\"},\"inLanguage\":\"es\",\"potentialAction\":[{\"@type\":\"ReadAction\",\"target\":[\"https:\/\/tourtravelandmore.com\/es\/tours\/irlanda-es\/dublin-es\/tour-privado-a-pie-de-dublin\/\"]}]},{\"@type\":\"ImageObject\",\"inLanguage\":\"es\",\"@id\":\"https:\/\/tourtravelandmore.com\/es\/tours\/irlanda-es\/dublin-es\/tour-privado-a-pie-de-dublin\/#primaryimage\",\"url\":\"https:\/\/tourtravelandmore.com\/wp-content\/uploads\/2019\/08\/16417304342_04f60896b6_k.jpg\",\"contentUrl\":\"https:\/\/tourtravelandmore.com\/wp-content\/uploads\/2019\/08\/16417304342_04f60896b6_k.jpg\",\"width\":2048,\"height\":1332},{\"@type\":\"BreadcrumbList\",\"@id\":\"https:\/\/tourtravelandmore.com\/es\/tours\/irlanda-es\/dublin-es\/tour-privado-a-pie-de-dublin\/#breadcrumb\",\"itemListElement\":[{\"@type\":\"ListItem\",\"position\":1,\"name\":\"Home\",\"item\":\"https:\/\/tourtravelandmore.com\/es\/\"},{\"@type\":\"ListItem\",\"position\":2,\"name\":\"Tours\",\"item\":\"https:\/\/tourtravelandmore.com\/es\/tours\/\"},{\"@type\":\"ListItem\",\"position\":3,\"name\":\"Tour Privado a pie por Dubl\u00edn\"}]},{\"@type\":\"WebSite\",\"@id\":\"https:\/\/tourtravelandmore.com\/es\/#website\",\"url\":\"https:\/\/tourtravelandmore.com\/es\/\",\"name\":\"Tour Travel And More\",\"description\":\"Private sightseeing tours and luxury transfers in Spain\",\"publisher\":{\"@id\":\"https:\/\/tourtravelandmore.com\/es\/#organization\"},\"potentialAction\":[{\"@type\":\"SearchAction\",\"target\":{\"@type\":\"EntryPoint\",\"urlTemplate\":\"https:\/\/tourtravelandmore.com\/es\/?s={search_term_string}\"},\"query-input\":{\"@type\":\"PropertyValueSpecification\",\"valueRequired\":true,\"valueName\":\"search_term_string\"}}],\"inLanguage\":\"es\"},{\"@type\":\"Organization\",\"@id\":\"https:\/\/tourtravelandmore.com\/es\/#organization\",\"name\":\"Tour Travel And More\",\"url\":\"https:\/\/tourtravelandmore.com\/es\/\",\"logo\":{\"@type\":\"ImageObject\",\"inLanguage\":\"es\",\"@id\":\"https:\/\/tourtravelandmore.com\/es\/#\/schema\/logo\/image\/\",\"url\":\"https:\/\/tourtravelandmore.com\/wp-content\/uploads\/2022\/12\/cropped-logo-cabecera-new.png\",\"contentUrl\":\"https:\/\/tourtravelandmore.com\/wp-content\/uploads\/2022\/12\/cropped-logo-cabecera-new.png\",\"width\":430,\"height\":61,\"caption\":\"Tour Travel And More\"},\"image\":{\"@id\":\"https:\/\/tourtravelandmore.com\/es\/#\/schema\/logo\/image\/\"},\"sameAs\":[\"https:\/\/www.facebook.com\/tourtravelandmore\/\",\"https:\/\/x.com\/TourTravel_More\"]}]}<\/script>\n<!-- \/ Yoast SEO Premium plugin. -->","yoast_head_json":{"title":"\u27a1\ufe0f Tour Privado a pie por Dubl\u00edn con gu\u00eda profesional local | Tour Travel & More","description":"Disfrute de este Tour Privado a pie por Dubl\u00edn. Explore y conozca los monumentos m\u00e1s importantes y sus paisajes junto a un gu\u00eda privado \u2705","robots":{"index":"index","follow":"follow","max-snippet":"max-snippet:-1","max-image-preview":"max-image-preview:large","max-video-preview":"max-video-preview:-1"},"canonical":"https:\/\/tourtravelandmore.com\/es\/tours\/irlanda-es\/dublin-es\/tour-privado-a-pie-de-dublin\/","og_locale":"es_ES","og_type":"article","og_title":"Tour Privado a pie por Dubl\u00edn","og_description":"Disfrute de este Tour Privado a pie por Dubl\u00edn. Explore y conozca los monumentos m\u00e1s importantes y sus paisajes junto a un gu\u00eda privado \u2705","og_url":"https:\/\/tourtravelandmore.com\/es\/tours\/irlanda-es\/dublin-es\/tour-privado-a-pie-de-dublin\/","og_site_name":"Tour Travel And More","article_publisher":"https:\/\/www.facebook.com\/tourtravelandmore\/","article_modified_time":"2024-03-04T14:18:59+00:00","og_image":[{"width":2048,"height":1332,"url":"https:\/\/tourtravelandmore.com\/wp-content\/uploads\/2019\/08\/16417304342_04f60896b6_k.jpg","type":"image\/jpeg"}],"twitter_card":"summary_large_image","twitter_site":"@TourTravel_More","twitter_misc":{"Tiempo de lectura":"2 minutos"},"schema":{"@context":"https:\/\/schema.org","@graph":[{"@type":"WebPage","@id":"https:\/\/tourtravelandmore.com\/es\/tours\/irlanda-es\/dublin-es\/tour-privado-a-pie-de-dublin\/","url":"https:\/\/tourtravelandmore.com\/es\/tours\/irlanda-es\/dublin-es\/tour-privado-a-pie-de-dublin\/","name":"\u27a1\ufe0f Tour Privado a pie por Dubl\u00edn con gu\u00eda profesional local | Tour Travel & More","isPartOf":{"@id":"https:\/\/tourtravelandmore.com\/es\/#website"},"primaryImageOfPage":{"@id":"https:\/\/tourtravelandmore.com\/es\/tours\/irlanda-es\/dublin-es\/tour-privado-a-pie-de-dublin\/#primaryimage"},"image":{"@id":"https:\/\/tourtravelandmore.com\/es\/tours\/irlanda-es\/dublin-es\/tour-privado-a-pie-de-dublin\/#primaryimage"},"thumbnailUrl":"https:\/\/tourtravelandmore.com\/wp-content\/uploads\/2019\/08\/16417304342_04f60896b6_k.jpg","datePublished":"2019-08-23T12:48:09+00:00","dateModified":"2024-03-04T14:18:59+00:00","description":"Disfrute de este Tour Privado a pie por Dubl\u00edn. Explore y conozca los monumentos m\u00e1s importantes y sus paisajes junto a un gu\u00eda privado \u2705","breadcrumb":{"@id":"https:\/\/tourtravelandmore.com\/es\/tours\/irlanda-es\/dublin-es\/tour-privado-a-pie-de-dublin\/#breadcrumb"},"inLanguage":"es","potentialAction":[{"@type":"ReadAction","target":["https:\/\/tourtravelandmore.com\/es\/tours\/irlanda-es\/dublin-es\/tour-privado-a-pie-de-dublin\/"]}]},{"@type":"ImageObject","inLanguage":"es","@id":"https:\/\/tourtravelandmore.com\/es\/tours\/irlanda-es\/dublin-es\/tour-privado-a-pie-de-dublin\/#primaryimage","url":"https:\/\/tourtravelandmore.com\/wp-content\/uploads\/2019\/08\/16417304342_04f60896b6_k.jpg","contentUrl":"https:\/\/tourtravelandmore.com\/wp-content\/uploads\/2019\/08\/16417304342_04f60896b6_k.jpg","width":2048,"height":1332},{"@type":"BreadcrumbList","@id":"https:\/\/tourtravelandmore.com\/es\/tours\/irlanda-es\/dublin-es\/tour-privado-a-pie-de-dublin\/#breadcrumb","itemListElement":[{"@type":"ListItem","position":1,"name":"Home","item":"https:\/\/tourtravelandmore.com\/es\/"},{"@type":"ListItem","position":2,"name":"Tours","item":"https:\/\/tourtravelandmore.com\/es\/tours\/"},{"@type":"ListItem","position":3,"name":"Tour Privado a pie por Dubl\u00edn"}]},{"@type":"WebSite","@id":"https:\/\/tourtravelandmore.com\/es\/#website","url":"https:\/\/tourtravelandmore.com\/es\/","name":"Tour Travel And More","description":"Private sightseeing tours and luxury transfers in Spain","publisher":{"@id":"https:\/\/tourtravelandmore.com\/es\/#organization"},"potentialAction":[{"@type":"SearchAction","target":{"@type":"EntryPoint","urlTemplate":"https:\/\/tourtravelandmore.com\/es\/?s={search_term_string}"},"query-input":{"@type":"PropertyValueSpecification","valueRequired":true,"valueName":"search_term_string"}}],"inLanguage":"es"},{"@type":"Organization","@id":"https:\/\/tourtravelandmore.com\/es\/#organization","name":"Tour Travel And More","url":"https:\/\/tourtravelandmore.com\/es\/","logo":{"@type":"ImageObject","inLanguage":"es","@id":"https:\/\/tourtravelandmore.com\/es\/#\/schema\/logo\/image\/","url":"https:\/\/tourtravelandmore.com\/wp-content\/uploads\/2022\/12\/cropped-logo-cabecera-new.png","contentUrl":"https:\/\/tourtravelandmore.com\/wp-content\/uploads\/2022\/12\/cropped-logo-cabecera-new.png","width":430,"height":61,"caption":"Tour Travel And More"},"image":{"@id":"https:\/\/tourtravelandmore.com\/es\/#\/schema\/logo\/image\/"},"sameAs":["https:\/\/www.facebook.com\/tourtravelandmore\/","https:\/\/x.com\/TourTravel_More"]}]}},"_links":{"self":[{"href":"https:\/\/tourtravelandmore.com\/es\/wp-json\/wp\/v2\/product\/64473","targetHints":{"allow":["GET"]}}],"collection":[{"href":"https:\/\/tourtravelandmore.com\/es\/wp-json\/wp\/v2\/product"}],"about":[{"href":"https:\/\/tourtravelandmore.com\/es\/wp-json\/wp\/v2\/types\/product"}],"replies":[{"embeddable":true,"href":"https:\/\/tourtravelandmore.com\/es\/wp-json\/wp\/v2\/comments?post=64473"}],"wp:featuredmedia":[{"embeddable":true,"href":"https:\/\/tourtravelandmore.com\/es\/wp-json\/wp\/v2\/media\/64483"}],"wp:attachment":[{"href":"https:\/\/tourtravelandmore.com\/es\/wp-json\/wp\/v2\/media?parent=64473"}],"wp:term":[{"taxonomy":"product_brand","embeddable":true,"href":"https:\/\/tourtravelandmore.com\/es\/wp-json\/wp\/v2\/product_brand?post=64473"},{"taxonomy":"product_cat","embeddable":true,"href":"https:\/\/tourtravelandmore.com\/es\/wp-json\/wp\/v2\/product_cat?post=64473"},{"taxonomy":"product_tag","embeddable":true,"href":"https:\/\/tourtravelandmore.com\/es\/wp-json\/wp\/v2\/product_tag?post=64473"}],"curies":[{"name":"wp","href":"https:\/\/api.w.org\/{rel}","templated":true}]}}