{"id":64453,"date":"2019-08-23T14:16:38","date_gmt":"2019-08-23T12:16:39","guid":{"rendered":"https:\/\/tourtravelandmore.com\/?post_type=product&#038;p=64453"},"modified":"2024-03-04T15:13:36","modified_gmt":"2024-03-04T14:13:36","slug":"tour-privado-por-dublin","status":"publish","type":"product","link":"https:\/\/tourtravelandmore.com\/es\/tours\/irlanda-es\/dublin-es\/tour-privado-por-dublin\/","title":{"rendered":"Tour Privado por Dubl\u00edn"},"content":{"rendered":"<h2 id=\"tw-target-text\" class=\"tw-data-text tw-text-large XcVN5d tw-ta\" dir=\"ltr\" data-placeholder=\"Traducci\u00f3n\"><span lang=\"es\">Descripci\u00f3n del Tour Privado por Dubl\u00edn<\/span><\/h2>\n<p><b><a href=\"https:\/\/es.wikipedia.org\/wiki\/Dubl%C3%ADn\">Dubl\u00edn<\/a> <\/b><span style=\"font-weight: 400;\">es la capital de la <\/span><b>Rep\u00fablica de Irlanda<\/b><span style=\"font-weight: 400;\">, se encuentra en la costa este de Irlanda, en la desembocadura del r\u00edo <\/span><b>Liffey<\/b><span style=\"font-weight: 400;\">. Sus edificios hist\u00f3ricos incluyen el <\/span><b>Castillo de Dubl\u00edn<\/b><span style=\"font-weight: 400;\">, que data del siglo XIII, y la imponente Catedral de San Patricio, construida en 1191. Los parques con atractivos paisajes de la ciudad incluyen el parque St Stephen\u2019s Green y el enorme Parque F\u00e9nix, que alberga el Zool\u00f3gico de Dubl\u00edn.\u00a0<\/span><\/p>\n<p><span style=\"font-weight: 400;\">La mejor manera de descubrir la ciudad de Dubl\u00edn es realizando un recorrido por sus hermosas calles. Nuestro<\/span><b> gu\u00eda tur\u00edstico oficial privado<\/b><span style=\"font-weight: 400;\"> lo llevar\u00e1 en este exclusivo <\/span><b>Tour Privado por Dubl\u00edn<\/b><span style=\"font-weight: 400;\">.<\/span><\/p>\n<p><span style=\"font-weight: 400;\">Este tour comenzar\u00e1 desde un punto de encuentro ubicado en el centro de la ciudad. Si su hotel tiene una ubicaci\u00f3n c\u00e9ntrica, podemos comenzar desde all\u00ed. De lo contrario, podemos organizar una recogida privada en un punto de encuentro c\u00e9ntrico.<\/span><\/p>\n<p><span style=\"font-weight: 400;\">Este tour es absolutamente personalizable. Puede adaptar todos nuestros tours en Dubl\u00edn a su propio inter\u00e9s con solo contactarnos. \u00a1Es por eso que este <\/span><b>Tour Privado por Dubl\u00edn es perfecto para ti<\/b><span style=\"font-weight: 400;\">!<\/span><\/p>\n<h2>Puntos emblem\u00e1ticos y de inter\u00e9s en el Tour Privado por Dubl\u00edn<\/h2>\n<p><span style=\"font-weight: 400;\">Iniciaremos este recorrido con una recogida en su hotel o punto de selecci\u00f3n personal y realizaremos un recorrido por los lugares m\u00e1s emblem\u00e1ticos de la ciudad.<\/span><\/p>\n<p><span style=\"font-weight: 400;\">Entre muchas otras cosas veremos la famosa <\/span><b>calle O\u2019Connell<\/b><span style=\"font-weight: 400;\"> conocida por sus numerosas tiendas, y llegaremos al <\/span><b>Trinity College, <\/b><span style=\"font-weight: 400;\">donde nuestro gu\u00eda nos contar\u00e1 la historia de<\/span><b> Molly Malone.<\/b><\/p>\n<p><span style=\"font-weight: 400;\">A continuaci\u00f3n, veremos la <\/span><b>Catedral de San Patricio,<\/b><span style=\"font-weight: 400;\"> famosa por sus impresionantes fachadas y el castillo de <\/span><b>Dubl\u00edn <\/b><span style=\"font-weight: 400;\">controlado por los brit\u00e1nicos hasta la firma del tratado angloirland\u00e9s en <\/span><b>1921<\/b><span style=\"font-weight: 400;\">. Otra parada que no puede perderse es la famosa zona de m\u00fasica en vivo llamada <\/span><b>Temple Pub.<\/b><\/p>\n<p><span style=\"font-weight: 400;\">Luego nos dirigiremos al puente <\/span><b>Liffey <\/b><span style=\"font-weight: 400;\">donde les explicar\u00e1n y ver\u00e1n los lugares m\u00e1s importantes de la historia de Irlanda. Continuaremos hasta la <\/span><b>Catedral de Christ Church<\/b><span style=\"font-weight: 400;\"> y, caminando hacia el sur por <\/span><b>Nicholas Street<\/b><span style=\"font-weight: 400;\">, encontrar\u00e1 la <\/span><b>Catedral de San Patricio<\/b><span style=\"font-weight: 400;\">, las iglesias m\u00e1s importantes de Dubl\u00edn.<\/span><\/p>\n<p><span style=\"font-weight: 400;\">Para finalizar el recorrido visitaremos <\/span><b>Phoenix Park<\/b><span style=\"font-weight: 400;\"> conocido por ser el parque m\u00e1s grande de Europa y por tener numerosos ciervos.<\/span><\/p>\n<p><span style=\"font-weight: 400;\">Entre muchos otros lugares para visitar, podr\u00e1s conocer:<\/span><\/p>\n<ul>\n<li style=\"font-weight: 400;\" aria-level=\"1\"><b>Calle O\u2019Connell<\/b><\/li>\n<li style=\"font-weight: 400;\" aria-level=\"1\"><b>Temple Bar<\/b><\/li>\n<li style=\"font-weight: 400;\" aria-level=\"1\"><b>Catedral de San Patricio<\/b><\/li>\n<li style=\"font-weight: 400;\" aria-level=\"1\"><b>Parque Phoenix<\/b><\/li>\n<li style=\"font-weight: 400;\" aria-level=\"1\"><b>Colegio Trinity<\/b><\/li>\n<li style=\"font-weight: 400;\" aria-level=\"1\"><b>Casas templadas<\/b><\/li>\n<li style=\"font-weight: 400;\" aria-level=\"1\"><span style=\"font-weight: 400;\">y mucho m\u00e1s!<\/span><\/li>\n<\/ul>\n<p><span style=\"font-weight: 400;\">En caso de que lo desee, podemos incluir entradas a cualquier monumento o museo que desee visitar.<\/span><\/p>\n<p><span style=\"font-weight: 400;\">Este tour privado por Dubl\u00edn terminar\u00e1 en el lugar que elijas en la ciudad. \u00a1En <\/span><b>Tour Travel &amp; More<\/b><span style=\"font-weight: 400;\"> estamos aqu\u00ed para hacer que su experiencia sea completamente \u00fanica!<\/span><\/p>\n<p><a href=\"https:\/\/tourtravelandmore.com\/es\/ciudad\/irlanda-es\/dublin-es\/\"><span style=\"font-weight: 400;\">Eche un vistazo a nuestros tours privado en y desde Dubl\u00edn.<\/span><\/a><\/p>\n","protected":false},"excerpt":{"rendered":"<p>Recorra la ciudad de <strong>Dublin <\/strong>con nuestro<strong> city tour privado <\/strong>junto a un chofer\u00a0privado y gu\u00eda oficial. Durante este tour su gu\u00eda privado les llevar\u00e1 por lugares incre\u00edbles como es la f\u00e1brica <strong>Phoenix Park<\/strong>,<strong> O&#8217;Connell Street<\/strong>, <strong>Trinity College<\/strong>, <strong>Casa del Parlamento<\/strong> y mucho mas.<\/p>\n","protected":false},"featured_media":91174,"comment_status":"open","ping_status":"closed","template":"","meta":{"_acf_changed":false},"product_brand":[],"product_cat":[1275,1276,1277],"product_tag":[],"class_list":{"0":"post-64453","1":"product","2":"type-product","3":"status-publish","4":"has-post-thumbnail","6":"product_cat-dublin-es","7":"product_cat-dublin-actividades-es","8":"product_cat-dublin-rutas-turisticas-privadas-es","10":"first","11":"instock","12":"shipping-taxable","13":"purchasable","14":"product-type-simple"},"acf":[],"yoast_head":"<!-- This site is optimized with the Yoast SEO Premium plugin v25.3.1 (Yoast SEO v25.3.1) - https:\/\/yoast.com\/wordpress\/plugins\/seo\/ -->\n<title>\u27a1\ufe0f Tour Privado por Dubl\u00edn con chofer privado y gu\u00eda | Tour Travel &amp; More<\/title>\n<meta name=\"description\" content=\"Explore de los monumentos y paisajes de esta afamada ciudad junto a un gu\u00eda y veh\u00edculo privado con nuestro tour privado por Dubl\u00edn \u2705\" \/>\n<meta name=\"robots\" content=\"index, follow, max-snippet:-1, max-image-preview:large, max-video-preview:-1\" \/>\n<link rel=\"canonical\" href=\"https:\/\/tourtravelandmore.com\/es\/tours\/irlanda-es\/dublin-es\/tour-privado-por-dublin\/\" \/>\n<meta property=\"og:locale\" content=\"es_ES\" \/>\n<meta property=\"og:type\" content=\"article\" \/>\n<meta property=\"og:title\" content=\"Tour Privado por Dubl\u00edn\" \/>\n<meta property=\"og:description\" content=\"Explore de los monumentos y paisajes de esta afamada ciudad junto a un gu\u00eda y veh\u00edculo privado con nuestro tour privado por Dubl\u00edn \u2705\" \/>\n<meta property=\"og:url\" content=\"https:\/\/tourtravelandmore.com\/es\/tours\/irlanda-es\/dublin-es\/tour-privado-por-dublin\/\" \/>\n<meta property=\"og:site_name\" content=\"Tour Travel And More\" \/>\n<meta property=\"article:publisher\" content=\"https:\/\/www.facebook.com\/tourtravelandmore\/\" \/>\n<meta property=\"article:modified_time\" content=\"2024-03-04T14:13:36+00:00\" \/>\n<meta property=\"og:image\" content=\"https:\/\/tourtravelandmore.com\/wp-content\/uploads\/2019\/08\/dublin-2.jpg\" \/>\n\t<meta property=\"og:image:width\" content=\"640\" \/>\n\t<meta property=\"og:image:height\" content=\"427\" \/>\n\t<meta property=\"og:image:type\" content=\"image\/jpeg\" \/>\n<meta name=\"twitter:card\" content=\"summary_large_image\" \/>\n<meta name=\"twitter:site\" content=\"@TourTravel_More\" \/>\n<meta name=\"twitter:label1\" content=\"Tiempo de lectura\" \/>\n\t<meta name=\"twitter:data1\" content=\"2 minutos\" \/>\n<script type=\"application\/ld+json\" class=\"yoast-schema-graph\">{\"@context\":\"https:\/\/schema.org\",\"@graph\":[{\"@type\":\"WebPage\",\"@id\":\"https:\/\/tourtravelandmore.com\/es\/tours\/irlanda-es\/dublin-es\/tour-privado-por-dublin\/\",\"url\":\"https:\/\/tourtravelandmore.com\/es\/tours\/irlanda-es\/dublin-es\/tour-privado-por-dublin\/\",\"name\":\"\u27a1\ufe0f Tour Privado por Dubl\u00edn con chofer privado y gu\u00eda | Tour Travel & More\",\"isPartOf\":{\"@id\":\"https:\/\/tourtravelandmore.com\/es\/#website\"},\"primaryImageOfPage\":{\"@id\":\"https:\/\/tourtravelandmore.com\/es\/tours\/irlanda-es\/dublin-es\/tour-privado-por-dublin\/#primaryimage\"},\"image\":{\"@id\":\"https:\/\/tourtravelandmore.com\/es\/tours\/irlanda-es\/dublin-es\/tour-privado-por-dublin\/#primaryimage\"},\"thumbnailUrl\":\"https:\/\/tourtravelandmore.com\/wp-content\/uploads\/2019\/08\/dublin-2.jpg\",\"datePublished\":\"2019-08-23T12:16:39+00:00\",\"dateModified\":\"2024-03-04T14:13:36+00:00\",\"description\":\"Explore de los monumentos y paisajes de esta afamada ciudad junto a un gu\u00eda y veh\u00edculo privado con nuestro tour privado por Dubl\u00edn \u2705\",\"breadcrumb\":{\"@id\":\"https:\/\/tourtravelandmore.com\/es\/tours\/irlanda-es\/dublin-es\/tour-privado-por-dublin\/#breadcrumb\"},\"inLanguage\":\"es\",\"potentialAction\":[{\"@type\":\"ReadAction\",\"target\":[\"https:\/\/tourtravelandmore.com\/es\/tours\/irlanda-es\/dublin-es\/tour-privado-por-dublin\/\"]}]},{\"@type\":\"ImageObject\",\"inLanguage\":\"es\",\"@id\":\"https:\/\/tourtravelandmore.com\/es\/tours\/irlanda-es\/dublin-es\/tour-privado-por-dublin\/#primaryimage\",\"url\":\"https:\/\/tourtravelandmore.com\/wp-content\/uploads\/2019\/08\/dublin-2.jpg\",\"contentUrl\":\"https:\/\/tourtravelandmore.com\/wp-content\/uploads\/2019\/08\/dublin-2.jpg\",\"width\":640,\"height\":427},{\"@type\":\"BreadcrumbList\",\"@id\":\"https:\/\/tourtravelandmore.com\/es\/tours\/irlanda-es\/dublin-es\/tour-privado-por-dublin\/#breadcrumb\",\"itemListElement\":[{\"@type\":\"ListItem\",\"position\":1,\"name\":\"Home\",\"item\":\"https:\/\/tourtravelandmore.com\/es\/\"},{\"@type\":\"ListItem\",\"position\":2,\"name\":\"Tours\",\"item\":\"https:\/\/tourtravelandmore.com\/es\/tours\/\"},{\"@type\":\"ListItem\",\"position\":3,\"name\":\"Tour Privado por Dubl\u00edn\"}]},{\"@type\":\"WebSite\",\"@id\":\"https:\/\/tourtravelandmore.com\/es\/#website\",\"url\":\"https:\/\/tourtravelandmore.com\/es\/\",\"name\":\"Tour Travel And More\",\"description\":\"Private sightseeing tours and luxury transfers in Spain\",\"publisher\":{\"@id\":\"https:\/\/tourtravelandmore.com\/es\/#organization\"},\"potentialAction\":[{\"@type\":\"SearchAction\",\"target\":{\"@type\":\"EntryPoint\",\"urlTemplate\":\"https:\/\/tourtravelandmore.com\/es\/?s={search_term_string}\"},\"query-input\":{\"@type\":\"PropertyValueSpecification\",\"valueRequired\":true,\"valueName\":\"search_term_string\"}}],\"inLanguage\":\"es\"},{\"@type\":\"Organization\",\"@id\":\"https:\/\/tourtravelandmore.com\/es\/#organization\",\"name\":\"Tour Travel And More\",\"url\":\"https:\/\/tourtravelandmore.com\/es\/\",\"logo\":{\"@type\":\"ImageObject\",\"inLanguage\":\"es\",\"@id\":\"https:\/\/tourtravelandmore.com\/es\/#\/schema\/logo\/image\/\",\"url\":\"https:\/\/tourtravelandmore.com\/wp-content\/uploads\/2022\/12\/cropped-logo-cabecera-new.png\",\"contentUrl\":\"https:\/\/tourtravelandmore.com\/wp-content\/uploads\/2022\/12\/cropped-logo-cabecera-new.png\",\"width\":430,\"height\":61,\"caption\":\"Tour Travel And More\"},\"image\":{\"@id\":\"https:\/\/tourtravelandmore.com\/es\/#\/schema\/logo\/image\/\"},\"sameAs\":[\"https:\/\/www.facebook.com\/tourtravelandmore\/\",\"https:\/\/x.com\/TourTravel_More\"]}]}<\/script>\n<!-- \/ Yoast SEO Premium plugin. -->","yoast_head_json":{"title":"\u27a1\ufe0f Tour Privado por Dubl\u00edn con chofer privado y gu\u00eda | Tour Travel & More","description":"Explore de los monumentos y paisajes de esta afamada ciudad junto a un gu\u00eda y veh\u00edculo privado con nuestro tour privado por Dubl\u00edn \u2705","robots":{"index":"index","follow":"follow","max-snippet":"max-snippet:-1","max-image-preview":"max-image-preview:large","max-video-preview":"max-video-preview:-1"},"canonical":"https:\/\/tourtravelandmore.com\/es\/tours\/irlanda-es\/dublin-es\/tour-privado-por-dublin\/","og_locale":"es_ES","og_type":"article","og_title":"Tour Privado por Dubl\u00edn","og_description":"Explore de los monumentos y paisajes de esta afamada ciudad junto a un gu\u00eda y veh\u00edculo privado con nuestro tour privado por Dubl\u00edn \u2705","og_url":"https:\/\/tourtravelandmore.com\/es\/tours\/irlanda-es\/dublin-es\/tour-privado-por-dublin\/","og_site_name":"Tour Travel And More","article_publisher":"https:\/\/www.facebook.com\/tourtravelandmore\/","article_modified_time":"2024-03-04T14:13:36+00:00","og_image":[{"width":640,"height":427,"url":"https:\/\/tourtravelandmore.com\/wp-content\/uploads\/2019\/08\/dublin-2.jpg","type":"image\/jpeg"}],"twitter_card":"summary_large_image","twitter_site":"@TourTravel_More","twitter_misc":{"Tiempo de lectura":"2 minutos"},"schema":{"@context":"https:\/\/schema.org","@graph":[{"@type":"WebPage","@id":"https:\/\/tourtravelandmore.com\/es\/tours\/irlanda-es\/dublin-es\/tour-privado-por-dublin\/","url":"https:\/\/tourtravelandmore.com\/es\/tours\/irlanda-es\/dublin-es\/tour-privado-por-dublin\/","name":"\u27a1\ufe0f Tour Privado por Dubl\u00edn con chofer privado y gu\u00eda | Tour Travel & More","isPartOf":{"@id":"https:\/\/tourtravelandmore.com\/es\/#website"},"primaryImageOfPage":{"@id":"https:\/\/tourtravelandmore.com\/es\/tours\/irlanda-es\/dublin-es\/tour-privado-por-dublin\/#primaryimage"},"image":{"@id":"https:\/\/tourtravelandmore.com\/es\/tours\/irlanda-es\/dublin-es\/tour-privado-por-dublin\/#primaryimage"},"thumbnailUrl":"https:\/\/tourtravelandmore.com\/wp-content\/uploads\/2019\/08\/dublin-2.jpg","datePublished":"2019-08-23T12:16:39+00:00","dateModified":"2024-03-04T14:13:36+00:00","description":"Explore de los monumentos y paisajes de esta afamada ciudad junto a un gu\u00eda y veh\u00edculo privado con nuestro tour privado por Dubl\u00edn \u2705","breadcrumb":{"@id":"https:\/\/tourtravelandmore.com\/es\/tours\/irlanda-es\/dublin-es\/tour-privado-por-dublin\/#breadcrumb"},"inLanguage":"es","potentialAction":[{"@type":"ReadAction","target":["https:\/\/tourtravelandmore.com\/es\/tours\/irlanda-es\/dublin-es\/tour-privado-por-dublin\/"]}]},{"@type":"ImageObject","inLanguage":"es","@id":"https:\/\/tourtravelandmore.com\/es\/tours\/irlanda-es\/dublin-es\/tour-privado-por-dublin\/#primaryimage","url":"https:\/\/tourtravelandmore.com\/wp-content\/uploads\/2019\/08\/dublin-2.jpg","contentUrl":"https:\/\/tourtravelandmore.com\/wp-content\/uploads\/2019\/08\/dublin-2.jpg","width":640,"height":427},{"@type":"BreadcrumbList","@id":"https:\/\/tourtravelandmore.com\/es\/tours\/irlanda-es\/dublin-es\/tour-privado-por-dublin\/#breadcrumb","itemListElement":[{"@type":"ListItem","position":1,"name":"Home","item":"https:\/\/tourtravelandmore.com\/es\/"},{"@type":"ListItem","position":2,"name":"Tours","item":"https:\/\/tourtravelandmore.com\/es\/tours\/"},{"@type":"ListItem","position":3,"name":"Tour Privado por Dubl\u00edn"}]},{"@type":"WebSite","@id":"https:\/\/tourtravelandmore.com\/es\/#website","url":"https:\/\/tourtravelandmore.com\/es\/","name":"Tour Travel And More","description":"Private sightseeing tours and luxury transfers in Spain","publisher":{"@id":"https:\/\/tourtravelandmore.com\/es\/#organization"},"potentialAction":[{"@type":"SearchAction","target":{"@type":"EntryPoint","urlTemplate":"https:\/\/tourtravelandmore.com\/es\/?s={search_term_string}"},"query-input":{"@type":"PropertyValueSpecification","valueRequired":true,"valueName":"search_term_string"}}],"inLanguage":"es"},{"@type":"Organization","@id":"https:\/\/tourtravelandmore.com\/es\/#organization","name":"Tour Travel And More","url":"https:\/\/tourtravelandmore.com\/es\/","logo":{"@type":"ImageObject","inLanguage":"es","@id":"https:\/\/tourtravelandmore.com\/es\/#\/schema\/logo\/image\/","url":"https:\/\/tourtravelandmore.com\/wp-content\/uploads\/2022\/12\/cropped-logo-cabecera-new.png","contentUrl":"https:\/\/tourtravelandmore.com\/wp-content\/uploads\/2022\/12\/cropped-logo-cabecera-new.png","width":430,"height":61,"caption":"Tour Travel And More"},"image":{"@id":"https:\/\/tourtravelandmore.com\/es\/#\/schema\/logo\/image\/"},"sameAs":["https:\/\/www.facebook.com\/tourtravelandmore\/","https:\/\/x.com\/TourTravel_More"]}]}},"_links":{"self":[{"href":"https:\/\/tourtravelandmore.com\/es\/wp-json\/wp\/v2\/product\/64453","targetHints":{"allow":["GET"]}}],"collection":[{"href":"https:\/\/tourtravelandmore.com\/es\/wp-json\/wp\/v2\/product"}],"about":[{"href":"https:\/\/tourtravelandmore.com\/es\/wp-json\/wp\/v2\/types\/product"}],"replies":[{"embeddable":true,"href":"https:\/\/tourtravelandmore.com\/es\/wp-json\/wp\/v2\/comments?post=64453"}],"wp:featuredmedia":[{"embeddable":true,"href":"https:\/\/tourtravelandmore.com\/es\/wp-json\/wp\/v2\/media\/91174"}],"wp:attachment":[{"href":"https:\/\/tourtravelandmore.com\/es\/wp-json\/wp\/v2\/media?parent=64453"}],"wp:term":[{"taxonomy":"product_brand","embeddable":true,"href":"https:\/\/tourtravelandmore.com\/es\/wp-json\/wp\/v2\/product_brand?post=64453"},{"taxonomy":"product_cat","embeddable":true,"href":"https:\/\/tourtravelandmore.com\/es\/wp-json\/wp\/v2\/product_cat?post=64453"},{"taxonomy":"product_tag","embeddable":true,"href":"https:\/\/tourtravelandmore.com\/es\/wp-json\/wp\/v2\/product_tag?post=64453"}],"curies":[{"name":"wp","href":"https:\/\/api.w.org\/{rel}","templated":true}]}}