{"id":64433,"date":"2019-08-23T10:52:04","date_gmt":"2019-08-23T08:52:04","guid":{"rendered":"https:\/\/tourtravelandmore.com\/?post_type=product&#038;p=64433"},"modified":"2024-03-04T15:46:07","modified_gmt":"2024-03-04T14:46:07","slug":"tour-privado-a-glendalough-y-wicklow-desde-dublin","status":"publish","type":"product","link":"https:\/\/tourtravelandmore.com\/es\/tours\/irlanda-es\/dublin-es\/tour-privado-a-glendalough-y-wicklow-desde-dublin\/","title":{"rendered":"Tour Privado a Glendalough y Wicklow desde Dubl\u00edn"},"content":{"rendered":"<h2 id=\"tw-target-text\" class=\"tw-data-text tw-text-large XcVN5d tw-ta\" dir=\"ltr\" data-placeholder=\"Traducci\u00f3n\"><span lang=\"es\">Descripci\u00f3n del Tour Privado a Glendalough y Wicklow desde Dubl\u00edn<\/span><\/h2>\n<p><span style=\"font-weight: 400;\">T\u00f3mese el d\u00eda fuera del ruido de la ciudad. Dubl\u00edn tiene mucho que ofrecer, pero este <\/span><b>Tour Privado a Glendalough y Wicklow<\/b> <b>desde Dubl\u00edn<\/b> <span style=\"font-weight: 400;\">ser\u00e1 una gran experiencia para ti. Como todos nuestros tours, este tour es absolutamente personalizable.<\/span><\/p>\n<p><span style=\"font-weight: 400;\">Espere a nuestro chofer privado y gu\u00eda tur\u00edstico independiente en su hotel o lugar de elecci\u00f3n en <\/span><b>Dubl\u00edn<\/b><span style=\"font-weight: 400;\">. Luego, comenzaremos con este tour privado a Glendalough y Wicklow.<\/span><\/p>\n<p><span style=\"font-weight: 400;\">Se trata de un tour de 8 horas, pero en caso de que lo desee, podemos incluir m\u00e1s horas a su experiencia. Recuerde que nuestros tours son <\/span><b>personalizados<\/b><span style=\"font-weight: 400;\">, por lo que si tiene algo en mente, solo tiene que hac\u00e9rnoslo saber. Nuestro equipo de Tour Travel &amp; More es experto en viajes y experiencias privadas.<\/span><\/p>\n<p><span style=\"font-weight: 400;\">Durante este recorrido, podr\u00e1s disfrutar de la naturaleza irlandesa en su forma m\u00e1s pura. Comenzaremos con una vista panor\u00e1mica de la ciudad de Dubl\u00edn hasta llegar al condado de <\/span><b>Wicklow<\/b><span style=\"font-weight: 400;\">, conocido como el <\/span><b>Jard\u00edn de Irlanda.<\/b><\/p>\n<h2>Puntos emblem\u00e1ticos y de inter\u00e9s en el Tour Privado a Glendalough y Wicklow desde Dubl\u00edn<\/h2>\n<p><span style=\"font-weight: 400;\">En primer lugar, organizaremos una c\u00f3moda recogida en su hotel o lugar de elecci\u00f3n en <\/span><b>Dubl\u00edn<\/b><span style=\"font-weight: 400;\">. Al ser un tour de medio d\u00eda usted podr\u00e1 seleccionar la hora de comienzo de su experiencia.<\/span><\/p>\n<p><span style=\"font-weight: 400;\">Durante el viaje disfrutaremos de bosques y paisajes verdes llenos de <\/span><b>arroyos y lagos<\/b><span style=\"font-weight: 400;\">, pasaremos por lugares emblem\u00e1ticos donde se han grabado pel\u00edculas famosas como <\/span><b>Posdata: Te amo y Braveheart.<\/b><\/p>\n<p><span style=\"font-weight: 400;\">Continuaremos este viaje a trav\u00e9s de las monta\u00f1as de <\/span><b>Wicklow <\/b><span style=\"font-weight: 400;\">y terminaremos viendo <\/span><b>el valle de los dos lagos<\/b><span style=\"font-weight: 400;\">. Finalmente, veremos las ruinas del <\/span><b>monasterio de San Kevin<\/b><span style=\"font-weight: 400;\"> y regresaremos a <\/span><b>Dubl\u00edn<\/b><span style=\"font-weight: 400;\">.<\/span><\/p>\n<p><span style=\"font-weight: 400;\">Entre muchos otros lugares para visitar, podr\u00e1s disfrutar:<\/span><\/p>\n<ul>\n<li aria-level=\"1\"><b>Condado de Wicklow<\/b><\/li>\n<li aria-level=\"1\"><b>Monasterio de San Kevin<\/b><\/li>\n<li aria-level=\"1\"><b>Valle de los dos lagos<\/b><\/li>\n<li aria-level=\"1\"><b>\u00a1Mucho m\u00e1s!\u00a0<\/b><\/li>\n<\/ul>\n<p><span style=\"font-weight: 400;\">Para finalizar este recorrido, lo dejaremos en su hotel o lugar de elecci\u00f3n en <\/span><b>Dubl\u00edn<\/b><span style=\"font-weight: 400;\">.<\/span><\/p>\n<p><span style=\"font-weight: 400;\">No se pierda todos <\/span><a href=\"https:\/\/tourtravelandmore.com\/es\/ciudad\/irlanda-es\/dublin-es\/\"><b>nuestros tours privados que ofrecemos en Dubl\u00edn<\/b><\/a><b>.<\/b><span style=\"font-weight: 400;\"> \u00a1Ofrecemos grandes experiencias para ti! Este es solo un ejemplo de nuestro <\/span><b>tour privado a Glendalough y Wicklow.<\/b><\/p>\n","protected":false},"excerpt":{"rendered":"<p>\u00danete con nosotros en este <strong>tour privado por los acantilados de Glendalough y Wicklow<\/strong> a trav\u00e9s de espacios naturales llenos de bosques y monta\u00f1as. Durante este recorrido, su gu\u00eda privado lo llevar\u00e1 por lugares incre\u00edbles llenos de lagos y arroyos de la ciudad de <strong>Dubl\u00edn<\/strong>.<\/p>\n","protected":false},"featured_media":64443,"comment_status":"open","ping_status":"closed","template":"","meta":{"_acf_changed":false},"product_brand":[],"product_cat":[1607,1275,1276,1277],"product_tag":[],"class_list":{"0":"post-64433","1":"product","2":"type-product","3":"status-publish","4":"has-post-thumbnail","6":"product_cat-irlanda-es","7":"product_cat-dublin-es","8":"product_cat-dublin-actividades-es","9":"product_cat-dublin-rutas-turisticas-privadas-es","11":"first","12":"instock","13":"shipping-taxable","14":"purchasable","15":"product-type-simple"},"acf":[],"yoast_head":"<!-- This site is optimized with the Yoast SEO Premium plugin v25.3.1 (Yoast SEO v25.3.1) - https:\/\/yoast.com\/wordpress\/plugins\/seo\/ -->\n<title>\u27a1\ufe0f Tour Privado a Glendalough y Wicklow desde la ciudad de Dubl\u00edn | TTM<\/title>\n<meta name=\"description\" content=\"Tour Privado a Glendalough y Wicklow. Explore y disfrute de sus monumentos y paisajes junto a un gu\u00eda profesional y veh\u00edculo privado de lujo \u2705\" \/>\n<meta name=\"robots\" content=\"index, follow, max-snippet:-1, max-image-preview:large, max-video-preview:-1\" \/>\n<link rel=\"canonical\" href=\"https:\/\/tourtravelandmore.com\/es\/tours\/irlanda-es\/dublin-es\/tour-privado-a-glendalough-y-wicklow-desde-dublin\/\" \/>\n<meta property=\"og:locale\" content=\"es_ES\" \/>\n<meta property=\"og:type\" content=\"article\" \/>\n<meta property=\"og:title\" content=\"Tour Privado a Glendalough y Wicklow desde Dubl\u00edn\" \/>\n<meta property=\"og:description\" content=\"Tour Privado a Glendalough y Wicklow. Explore y disfrute de sus monumentos y paisajes junto a un gu\u00eda profesional y veh\u00edculo privado de lujo \u2705\" \/>\n<meta property=\"og:url\" content=\"https:\/\/tourtravelandmore.com\/es\/tours\/irlanda-es\/dublin-es\/tour-privado-a-glendalough-y-wicklow-desde-dublin\/\" \/>\n<meta property=\"og:site_name\" content=\"Tour Travel And More\" \/>\n<meta property=\"article:publisher\" content=\"https:\/\/www.facebook.com\/tourtravelandmore\/\" \/>\n<meta property=\"article:modified_time\" content=\"2024-03-04T14:46:07+00:00\" \/>\n<meta property=\"og:image\" content=\"https:\/\/tourtravelandmore.com\/wp-content\/uploads\/2019\/08\/glendalough.jpg\" \/>\n\t<meta property=\"og:image:width\" content=\"1024\" \/>\n\t<meta property=\"og:image:height\" content=\"683\" \/>\n\t<meta property=\"og:image:type\" content=\"image\/jpeg\" \/>\n<meta name=\"twitter:card\" content=\"summary_large_image\" \/>\n<meta name=\"twitter:site\" content=\"@TourTravel_More\" \/>\n<meta name=\"twitter:label1\" content=\"Tiempo de lectura\" \/>\n\t<meta name=\"twitter:data1\" content=\"2 minutos\" \/>\n<script type=\"application\/ld+json\" class=\"yoast-schema-graph\">{\"@context\":\"https:\/\/schema.org\",\"@graph\":[{\"@type\":\"WebPage\",\"@id\":\"https:\/\/tourtravelandmore.com\/es\/tours\/irlanda-es\/dublin-es\/tour-privado-a-glendalough-y-wicklow-desde-dublin\/\",\"url\":\"https:\/\/tourtravelandmore.com\/es\/tours\/irlanda-es\/dublin-es\/tour-privado-a-glendalough-y-wicklow-desde-dublin\/\",\"name\":\"\u27a1\ufe0f Tour Privado a Glendalough y Wicklow desde la ciudad de Dubl\u00edn | TTM\",\"isPartOf\":{\"@id\":\"https:\/\/tourtravelandmore.com\/es\/#website\"},\"primaryImageOfPage\":{\"@id\":\"https:\/\/tourtravelandmore.com\/es\/tours\/irlanda-es\/dublin-es\/tour-privado-a-glendalough-y-wicklow-desde-dublin\/#primaryimage\"},\"image\":{\"@id\":\"https:\/\/tourtravelandmore.com\/es\/tours\/irlanda-es\/dublin-es\/tour-privado-a-glendalough-y-wicklow-desde-dublin\/#primaryimage\"},\"thumbnailUrl\":\"https:\/\/tourtravelandmore.com\/wp-content\/uploads\/2019\/08\/glendalough.jpg\",\"datePublished\":\"2019-08-23T08:52:04+00:00\",\"dateModified\":\"2024-03-04T14:46:07+00:00\",\"description\":\"Tour Privado a Glendalough y Wicklow. Explore y disfrute de sus monumentos y paisajes junto a un gu\u00eda profesional y veh\u00edculo privado de lujo \u2705\",\"breadcrumb\":{\"@id\":\"https:\/\/tourtravelandmore.com\/es\/tours\/irlanda-es\/dublin-es\/tour-privado-a-glendalough-y-wicklow-desde-dublin\/#breadcrumb\"},\"inLanguage\":\"es\",\"potentialAction\":[{\"@type\":\"ReadAction\",\"target\":[\"https:\/\/tourtravelandmore.com\/es\/tours\/irlanda-es\/dublin-es\/tour-privado-a-glendalough-y-wicklow-desde-dublin\/\"]}]},{\"@type\":\"ImageObject\",\"inLanguage\":\"es\",\"@id\":\"https:\/\/tourtravelandmore.com\/es\/tours\/irlanda-es\/dublin-es\/tour-privado-a-glendalough-y-wicklow-desde-dublin\/#primaryimage\",\"url\":\"https:\/\/tourtravelandmore.com\/wp-content\/uploads\/2019\/08\/glendalough.jpg\",\"contentUrl\":\"https:\/\/tourtravelandmore.com\/wp-content\/uploads\/2019\/08\/glendalough.jpg\",\"width\":1024,\"height\":683},{\"@type\":\"BreadcrumbList\",\"@id\":\"https:\/\/tourtravelandmore.com\/es\/tours\/irlanda-es\/dublin-es\/tour-privado-a-glendalough-y-wicklow-desde-dublin\/#breadcrumb\",\"itemListElement\":[{\"@type\":\"ListItem\",\"position\":1,\"name\":\"Home\",\"item\":\"https:\/\/tourtravelandmore.com\/es\/\"},{\"@type\":\"ListItem\",\"position\":2,\"name\":\"Tours\",\"item\":\"https:\/\/tourtravelandmore.com\/es\/tours\/\"},{\"@type\":\"ListItem\",\"position\":3,\"name\":\"Tour Privado a Glendalough y Wicklow desde Dubl\u00edn\"}]},{\"@type\":\"WebSite\",\"@id\":\"https:\/\/tourtravelandmore.com\/es\/#website\",\"url\":\"https:\/\/tourtravelandmore.com\/es\/\",\"name\":\"Tour Travel And More\",\"description\":\"Private sightseeing tours and luxury transfers in Spain\",\"publisher\":{\"@id\":\"https:\/\/tourtravelandmore.com\/es\/#organization\"},\"potentialAction\":[{\"@type\":\"SearchAction\",\"target\":{\"@type\":\"EntryPoint\",\"urlTemplate\":\"https:\/\/tourtravelandmore.com\/es\/?s={search_term_string}\"},\"query-input\":{\"@type\":\"PropertyValueSpecification\",\"valueRequired\":true,\"valueName\":\"search_term_string\"}}],\"inLanguage\":\"es\"},{\"@type\":\"Organization\",\"@id\":\"https:\/\/tourtravelandmore.com\/es\/#organization\",\"name\":\"Tour Travel And More\",\"url\":\"https:\/\/tourtravelandmore.com\/es\/\",\"logo\":{\"@type\":\"ImageObject\",\"inLanguage\":\"es\",\"@id\":\"https:\/\/tourtravelandmore.com\/es\/#\/schema\/logo\/image\/\",\"url\":\"https:\/\/tourtravelandmore.com\/wp-content\/uploads\/2022\/12\/cropped-logo-cabecera-new.png\",\"contentUrl\":\"https:\/\/tourtravelandmore.com\/wp-content\/uploads\/2022\/12\/cropped-logo-cabecera-new.png\",\"width\":430,\"height\":61,\"caption\":\"Tour Travel And More\"},\"image\":{\"@id\":\"https:\/\/tourtravelandmore.com\/es\/#\/schema\/logo\/image\/\"},\"sameAs\":[\"https:\/\/www.facebook.com\/tourtravelandmore\/\",\"https:\/\/x.com\/TourTravel_More\"]}]}<\/script>\n<!-- \/ Yoast SEO Premium plugin. -->","yoast_head_json":{"title":"\u27a1\ufe0f Tour Privado a Glendalough y Wicklow desde la ciudad de Dubl\u00edn | TTM","description":"Tour Privado a Glendalough y Wicklow. Explore y disfrute de sus monumentos y paisajes junto a un gu\u00eda profesional y veh\u00edculo privado de lujo \u2705","robots":{"index":"index","follow":"follow","max-snippet":"max-snippet:-1","max-image-preview":"max-image-preview:large","max-video-preview":"max-video-preview:-1"},"canonical":"https:\/\/tourtravelandmore.com\/es\/tours\/irlanda-es\/dublin-es\/tour-privado-a-glendalough-y-wicklow-desde-dublin\/","og_locale":"es_ES","og_type":"article","og_title":"Tour Privado a Glendalough y Wicklow desde Dubl\u00edn","og_description":"Tour Privado a Glendalough y Wicklow. Explore y disfrute de sus monumentos y paisajes junto a un gu\u00eda profesional y veh\u00edculo privado de lujo \u2705","og_url":"https:\/\/tourtravelandmore.com\/es\/tours\/irlanda-es\/dublin-es\/tour-privado-a-glendalough-y-wicklow-desde-dublin\/","og_site_name":"Tour Travel And More","article_publisher":"https:\/\/www.facebook.com\/tourtravelandmore\/","article_modified_time":"2024-03-04T14:46:07+00:00","og_image":[{"width":1024,"height":683,"url":"https:\/\/tourtravelandmore.com\/wp-content\/uploads\/2019\/08\/glendalough.jpg","type":"image\/jpeg"}],"twitter_card":"summary_large_image","twitter_site":"@TourTravel_More","twitter_misc":{"Tiempo de lectura":"2 minutos"},"schema":{"@context":"https:\/\/schema.org","@graph":[{"@type":"WebPage","@id":"https:\/\/tourtravelandmore.com\/es\/tours\/irlanda-es\/dublin-es\/tour-privado-a-glendalough-y-wicklow-desde-dublin\/","url":"https:\/\/tourtravelandmore.com\/es\/tours\/irlanda-es\/dublin-es\/tour-privado-a-glendalough-y-wicklow-desde-dublin\/","name":"\u27a1\ufe0f Tour Privado a Glendalough y Wicklow desde la ciudad de Dubl\u00edn | TTM","isPartOf":{"@id":"https:\/\/tourtravelandmore.com\/es\/#website"},"primaryImageOfPage":{"@id":"https:\/\/tourtravelandmore.com\/es\/tours\/irlanda-es\/dublin-es\/tour-privado-a-glendalough-y-wicklow-desde-dublin\/#primaryimage"},"image":{"@id":"https:\/\/tourtravelandmore.com\/es\/tours\/irlanda-es\/dublin-es\/tour-privado-a-glendalough-y-wicklow-desde-dublin\/#primaryimage"},"thumbnailUrl":"https:\/\/tourtravelandmore.com\/wp-content\/uploads\/2019\/08\/glendalough.jpg","datePublished":"2019-08-23T08:52:04+00:00","dateModified":"2024-03-04T14:46:07+00:00","description":"Tour Privado a Glendalough y Wicklow. Explore y disfrute de sus monumentos y paisajes junto a un gu\u00eda profesional y veh\u00edculo privado de lujo \u2705","breadcrumb":{"@id":"https:\/\/tourtravelandmore.com\/es\/tours\/irlanda-es\/dublin-es\/tour-privado-a-glendalough-y-wicklow-desde-dublin\/#breadcrumb"},"inLanguage":"es","potentialAction":[{"@type":"ReadAction","target":["https:\/\/tourtravelandmore.com\/es\/tours\/irlanda-es\/dublin-es\/tour-privado-a-glendalough-y-wicklow-desde-dublin\/"]}]},{"@type":"ImageObject","inLanguage":"es","@id":"https:\/\/tourtravelandmore.com\/es\/tours\/irlanda-es\/dublin-es\/tour-privado-a-glendalough-y-wicklow-desde-dublin\/#primaryimage","url":"https:\/\/tourtravelandmore.com\/wp-content\/uploads\/2019\/08\/glendalough.jpg","contentUrl":"https:\/\/tourtravelandmore.com\/wp-content\/uploads\/2019\/08\/glendalough.jpg","width":1024,"height":683},{"@type":"BreadcrumbList","@id":"https:\/\/tourtravelandmore.com\/es\/tours\/irlanda-es\/dublin-es\/tour-privado-a-glendalough-y-wicklow-desde-dublin\/#breadcrumb","itemListElement":[{"@type":"ListItem","position":1,"name":"Home","item":"https:\/\/tourtravelandmore.com\/es\/"},{"@type":"ListItem","position":2,"name":"Tours","item":"https:\/\/tourtravelandmore.com\/es\/tours\/"},{"@type":"ListItem","position":3,"name":"Tour Privado a Glendalough y Wicklow desde Dubl\u00edn"}]},{"@type":"WebSite","@id":"https:\/\/tourtravelandmore.com\/es\/#website","url":"https:\/\/tourtravelandmore.com\/es\/","name":"Tour Travel And More","description":"Private sightseeing tours and luxury transfers in Spain","publisher":{"@id":"https:\/\/tourtravelandmore.com\/es\/#organization"},"potentialAction":[{"@type":"SearchAction","target":{"@type":"EntryPoint","urlTemplate":"https:\/\/tourtravelandmore.com\/es\/?s={search_term_string}"},"query-input":{"@type":"PropertyValueSpecification","valueRequired":true,"valueName":"search_term_string"}}],"inLanguage":"es"},{"@type":"Organization","@id":"https:\/\/tourtravelandmore.com\/es\/#organization","name":"Tour Travel And More","url":"https:\/\/tourtravelandmore.com\/es\/","logo":{"@type":"ImageObject","inLanguage":"es","@id":"https:\/\/tourtravelandmore.com\/es\/#\/schema\/logo\/image\/","url":"https:\/\/tourtravelandmore.com\/wp-content\/uploads\/2022\/12\/cropped-logo-cabecera-new.png","contentUrl":"https:\/\/tourtravelandmore.com\/wp-content\/uploads\/2022\/12\/cropped-logo-cabecera-new.png","width":430,"height":61,"caption":"Tour Travel And More"},"image":{"@id":"https:\/\/tourtravelandmore.com\/es\/#\/schema\/logo\/image\/"},"sameAs":["https:\/\/www.facebook.com\/tourtravelandmore\/","https:\/\/x.com\/TourTravel_More"]}]}},"_links":{"self":[{"href":"https:\/\/tourtravelandmore.com\/es\/wp-json\/wp\/v2\/product\/64433","targetHints":{"allow":["GET"]}}],"collection":[{"href":"https:\/\/tourtravelandmore.com\/es\/wp-json\/wp\/v2\/product"}],"about":[{"href":"https:\/\/tourtravelandmore.com\/es\/wp-json\/wp\/v2\/types\/product"}],"replies":[{"embeddable":true,"href":"https:\/\/tourtravelandmore.com\/es\/wp-json\/wp\/v2\/comments?post=64433"}],"wp:featuredmedia":[{"embeddable":true,"href":"https:\/\/tourtravelandmore.com\/es\/wp-json\/wp\/v2\/media\/64443"}],"wp:attachment":[{"href":"https:\/\/tourtravelandmore.com\/es\/wp-json\/wp\/v2\/media?parent=64433"}],"wp:term":[{"taxonomy":"product_brand","embeddable":true,"href":"https:\/\/tourtravelandmore.com\/es\/wp-json\/wp\/v2\/product_brand?post=64433"},{"taxonomy":"product_cat","embeddable":true,"href":"https:\/\/tourtravelandmore.com\/es\/wp-json\/wp\/v2\/product_cat?post=64433"},{"taxonomy":"product_tag","embeddable":true,"href":"https:\/\/tourtravelandmore.com\/es\/wp-json\/wp\/v2\/product_tag?post=64433"}],"curies":[{"name":"wp","href":"https:\/\/api.w.org\/{rel}","templated":true}]}}