{"id":64413,"date":"2019-08-23T10:28:05","date_gmt":"2019-08-23T08:28:06","guid":{"rendered":"https:\/\/tourtravelandmore.com\/?post_type=product&#038;p=64413"},"modified":"2024-03-04T15:41:19","modified_gmt":"2024-03-04T14:41:19","slug":"tour-privado-a-la-calzada-de-los-gigantes","status":"publish","type":"product","link":"https:\/\/tourtravelandmore.com\/es\/tours\/irlanda-es\/dublin-es\/tour-privado-a-la-calzada-de-los-gigantes\/","title":{"rendered":"Tour Privado a la Calzada de los Gigantes desde Dubl\u00edn"},"content":{"rendered":"<h2 id=\"tw-target-text\" class=\"tw-data-text tw-text-large XcVN5d tw-ta\" dir=\"ltr\" data-placeholder=\"Traducci\u00f3n\"><span lang=\"es\">Descripci\u00f3n del Tour Privado a la Calzada de los Gigantes desde Dubl\u00edn<\/span><\/h2>\n<p><span style=\"font-weight: 400;\">Disfrute de este gran <\/span><b>Tour Privado a la Calzada de los Gigantes desde Dubl\u00edn<\/b><b>. <\/b><span style=\"font-weight: 400;\">Durante todo el recorrido ser\u00e1 asistido por un <\/span><b>chofer privado<\/b><span style=\"font-weight: 400;\"> y un<\/span> <b>gu\u00eda oficial local<\/b><span style=\"font-weight: 400;\">. Adem\u00e1s, disfrutar\u00e1 de una experiencia c\u00f3moda en un veh\u00edculo privado de lujo.<\/span><\/p>\n<p><span style=\"font-weight: 400;\">Descubra la Irlanda profunda declarada <\/span><b>Patrimonio de la Humanidad por la UNESCO<\/b> <span style=\"font-weight: 400;\">con este recorrido por la Calzada de los Gigantes. En el camino veremos los famosos paisajes verdes que caracterizan y hacen tan especial a este pa\u00eds.<\/span><\/p>\n<p><span style=\"font-weight: 400;\">Como todos nuestras excursiones privadas, este tour, se puede personalizar para satisfacer sus propias necesidades. Si hay algo que tenga en mente, solo tiene que contactarnos y nosotros arreglaremos todo para usted.<\/span><\/p>\n<p><a href=\"https:\/\/es.wikipedia.org\/wiki\/Dubl%C3%ADn\"><b>Dubl\u00edn<\/b><\/a><span style=\"font-weight: 400;\">, capital de la Rep\u00fablica de Irlanda, se encuentra en la costa este de <\/span><b>Irlanda <\/b><span style=\"font-weight: 400;\">en la desembocadura del <\/span><b>r\u00edo Liffey<\/b><span style=\"font-weight: 400;\">. Sus edificios hist\u00f3ricos incluyen el <\/span><b>Castillo de Dubl\u00edn<\/b><span style=\"font-weight: 400;\">, que data del <\/span><b>siglo XIII<\/b><span style=\"font-weight: 400;\">, y la imponente<\/span><b> Catedral de San Patricio,<\/b><span style=\"font-weight: 400;\"> construida en <\/span><b>1191<\/b><span style=\"font-weight: 400;\">. Los parques con atractivos paisajes de la ciudad incluyen el parque <\/span><b>St Stephen&#8217;s Green<\/b><span style=\"font-weight: 400;\"> y el enorme <\/span><b>Parque F\u00e9nix<\/b><span style=\"font-weight: 400;\">, que alberga el<\/span><b> Zool\u00f3gico de Dubl\u00edn.<\/b><\/p>\n<h2>Puntos emblem\u00e1ticos y de inter\u00e9s en el Tour Privado a la Calzada de los Gigantes desde Dubl\u00edn<\/h2>\n<p><span style=\"font-weight: 400;\">La primera parada ser\u00e1 el puente colgante de <\/span><b>Carrick-a-Rede<\/b><span style=\"font-weight: 400;\"> que pasa 30 metros sobre el <\/span><b>Atl\u00e1ntico <\/b><span style=\"font-weight: 400;\">y conecta los acantilados costeros de Irlanda del Norte con la isla de<\/span><b> Carrick-a-Rede<\/b><span style=\"font-weight: 400;\">. Puedes disfrutar cruzarlo y ver la incre\u00edble costa de <\/span><b>Antrim<\/b><span style=\"font-weight: 400;\">.<\/span><\/p>\n<p><span style=\"font-weight: 400;\">Luego continuaremos hasta el <\/span><b>Castillo de Dunluce<\/b><span style=\"font-weight: 400;\">, donde se han rodado varias escenas de la famosa y exitosa serie Juego de Tronos, en concreto la casa <\/span><b>Grejoy<\/b><span style=\"font-weight: 400;\">. Terminaremos el recorrido con la llegada a la<\/span> <b>Calzada de los Gigantes<\/b><span style=\"font-weight: 400;\"> donde podr\u00e1s disfrutar de tiempo libre para tomar fant\u00e1sticas fotos en esta zona con m\u00e1s de 50 a\u00f1os. Tambi\u00e9n puede disfrutar de las columnas bas\u00e1lticas y las formaciones rocosas.<\/span><\/p>\n<p><span style=\"font-weight: 400;\">Despu\u00e9s de una c\u00f3moda recogida, nos dirigiremos y comenzaremos este <\/span><b>Tour privado a la Calzada de los Gigantes<\/b><span style=\"font-weight: 400;\">. Tanto nuestro conductor c\u00f3mo nuestro gu\u00eda tur\u00edstico estar\u00e1n a su disposici\u00f3n durante todo el d\u00eda.<\/span><\/p>\n<p><span style=\"font-weight: 400;\">Entre muchos otros lugares para visitar, podr\u00e1s disfrutar:<\/span><\/p>\n<ul>\n<li aria-level=\"1\"><b>Puente de cuerda Carrick-a-Rede<\/b><\/li>\n<li aria-level=\"1\"><b>Castillo de Dunluce<\/b><\/li>\n<li aria-level=\"1\"><b>Carretera costera de Antrim<\/b><\/li>\n<li aria-level=\"1\"><b>Calzada de los Gigantes<\/b><\/li>\n<li aria-level=\"1\"><b>y mucho m\u00e1s!<\/b><\/li>\n<\/ul>\n<p><span style=\"font-weight: 400;\">Terminaremos este tour privado dej\u00e1ndolo en su hotel o lugar de elecci\u00f3n en Dubl\u00edn.<\/span><\/p>\n<p><span style=\"font-weight: 400;\">Eche un vistazo a <\/span><strong><a href=\"https:\/\/tourtravelandmore.com\/es\/ciudad\/irlanda-es\/dublin-es\/\">nuestros tours privados en Dubl\u00edn y excursiones de un d\u00eda<\/a><\/strong><span style=\"font-weight: 400;\"> que ofrecemos en <\/span><b>Tour Travel &amp; More<\/b><b>.<\/b><\/p>\n","protected":false},"excerpt":{"rendered":"<p>Aventurese en este <strong>Tour privado de la<\/strong> <strong>calzada gigante<\/strong> por las zonas naturales llenas de bosques y monta\u00f1as. Durante este tour su gu\u00eda privado les llevar\u00e1 por lugares m\u00e1s incre\u00edbles de<strong> Irlanda del Norte<\/strong>, declarada <strong>patrimonio de la humanidad por la UNESCO<\/strong>.<\/p>\n<p>&nbsp;<\/p>\n","protected":false},"featured_media":64427,"comment_status":"open","ping_status":"closed","template":"","meta":{"_acf_changed":false},"product_brand":[],"product_cat":[1607,1275,1276,1277],"product_tag":[],"class_list":{"0":"post-64413","1":"product","2":"type-product","3":"status-publish","4":"has-post-thumbnail","6":"product_cat-irlanda-es","7":"product_cat-dublin-es","8":"product_cat-dublin-actividades-es","9":"product_cat-dublin-rutas-turisticas-privadas-es","11":"first","12":"instock","13":"shipping-taxable","14":"purchasable","15":"product-type-simple"},"acf":[],"yoast_head":"<!-- This site is optimized with the Yoast SEO Premium plugin v25.3.1 (Yoast SEO v25.3.1) - https:\/\/yoast.com\/wordpress\/plugins\/seo\/ -->\n<title>\u27a1\ufe0f Tour Privado a la Calzada de los Gigantes desde la ciudad de Dubl\u00edn | Tour Travel &amp; More<\/title>\n<meta name=\"description\" content=\"Experimente un d\u00eda distinto en sus vacaciones con nuestro Tour Privado a la Calzada de los Gigantes desde Dubl\u00edn con chofer y gu\u00eda privado \u2705\" \/>\n<meta name=\"robots\" content=\"index, follow, max-snippet:-1, max-image-preview:large, max-video-preview:-1\" \/>\n<link rel=\"canonical\" href=\"https:\/\/tourtravelandmore.com\/es\/tours\/irlanda-es\/dublin-es\/tour-privado-a-la-calzada-de-los-gigantes\/\" \/>\n<meta property=\"og:locale\" content=\"es_ES\" \/>\n<meta property=\"og:type\" content=\"article\" \/>\n<meta property=\"og:title\" content=\"Tour Privado a la Calzada de los Gigantes desde Dubl\u00edn\" \/>\n<meta property=\"og:description\" content=\"Experimente un d\u00eda distinto en sus vacaciones con nuestro Tour Privado a la Calzada de los Gigantes desde Dubl\u00edn con chofer y gu\u00eda privado \u2705\" \/>\n<meta property=\"og:url\" content=\"https:\/\/tourtravelandmore.com\/es\/tours\/irlanda-es\/dublin-es\/tour-privado-a-la-calzada-de-los-gigantes\/\" \/>\n<meta property=\"og:site_name\" content=\"Tour Travel And More\" \/>\n<meta property=\"article:publisher\" content=\"https:\/\/www.facebook.com\/tourtravelandmore\/\" \/>\n<meta property=\"article:modified_time\" content=\"2024-03-04T14:41:19+00:00\" \/>\n<meta property=\"og:image\" content=\"https:\/\/tourtravelandmore.com\/wp-content\/uploads\/2019\/08\/13903225995_8a812ee123_k.jpg\" \/>\n\t<meta property=\"og:image:width\" content=\"2048\" \/>\n\t<meta property=\"og:image:height\" content=\"1357\" \/>\n\t<meta property=\"og:image:type\" content=\"image\/jpeg\" \/>\n<meta name=\"twitter:card\" content=\"summary_large_image\" \/>\n<meta name=\"twitter:site\" content=\"@TourTravel_More\" \/>\n<meta name=\"twitter:label1\" content=\"Tiempo de lectura\" \/>\n\t<meta name=\"twitter:data1\" content=\"2 minutos\" \/>\n<script type=\"application\/ld+json\" class=\"yoast-schema-graph\">{\"@context\":\"https:\/\/schema.org\",\"@graph\":[{\"@type\":\"WebPage\",\"@id\":\"https:\/\/tourtravelandmore.com\/es\/tours\/irlanda-es\/dublin-es\/tour-privado-a-la-calzada-de-los-gigantes\/\",\"url\":\"https:\/\/tourtravelandmore.com\/es\/tours\/irlanda-es\/dublin-es\/tour-privado-a-la-calzada-de-los-gigantes\/\",\"name\":\"\u27a1\ufe0f Tour Privado a la Calzada de los Gigantes desde la ciudad de Dubl\u00edn | Tour Travel & More\",\"isPartOf\":{\"@id\":\"https:\/\/tourtravelandmore.com\/es\/#website\"},\"primaryImageOfPage\":{\"@id\":\"https:\/\/tourtravelandmore.com\/es\/tours\/irlanda-es\/dublin-es\/tour-privado-a-la-calzada-de-los-gigantes\/#primaryimage\"},\"image\":{\"@id\":\"https:\/\/tourtravelandmore.com\/es\/tours\/irlanda-es\/dublin-es\/tour-privado-a-la-calzada-de-los-gigantes\/#primaryimage\"},\"thumbnailUrl\":\"https:\/\/tourtravelandmore.com\/wp-content\/uploads\/2019\/08\/13903225995_8a812ee123_k.jpg\",\"datePublished\":\"2019-08-23T08:28:06+00:00\",\"dateModified\":\"2024-03-04T14:41:19+00:00\",\"description\":\"Experimente un d\u00eda distinto en sus vacaciones con nuestro Tour Privado a la Calzada de los Gigantes desde Dubl\u00edn con chofer y gu\u00eda privado \u2705\",\"breadcrumb\":{\"@id\":\"https:\/\/tourtravelandmore.com\/es\/tours\/irlanda-es\/dublin-es\/tour-privado-a-la-calzada-de-los-gigantes\/#breadcrumb\"},\"inLanguage\":\"es\",\"potentialAction\":[{\"@type\":\"ReadAction\",\"target\":[\"https:\/\/tourtravelandmore.com\/es\/tours\/irlanda-es\/dublin-es\/tour-privado-a-la-calzada-de-los-gigantes\/\"]}]},{\"@type\":\"ImageObject\",\"inLanguage\":\"es\",\"@id\":\"https:\/\/tourtravelandmore.com\/es\/tours\/irlanda-es\/dublin-es\/tour-privado-a-la-calzada-de-los-gigantes\/#primaryimage\",\"url\":\"https:\/\/tourtravelandmore.com\/wp-content\/uploads\/2019\/08\/13903225995_8a812ee123_k.jpg\",\"contentUrl\":\"https:\/\/tourtravelandmore.com\/wp-content\/uploads\/2019\/08\/13903225995_8a812ee123_k.jpg\",\"width\":2048,\"height\":1357},{\"@type\":\"BreadcrumbList\",\"@id\":\"https:\/\/tourtravelandmore.com\/es\/tours\/irlanda-es\/dublin-es\/tour-privado-a-la-calzada-de-los-gigantes\/#breadcrumb\",\"itemListElement\":[{\"@type\":\"ListItem\",\"position\":1,\"name\":\"Home\",\"item\":\"https:\/\/tourtravelandmore.com\/es\/\"},{\"@type\":\"ListItem\",\"position\":2,\"name\":\"Tours\",\"item\":\"https:\/\/tourtravelandmore.com\/es\/tours\/\"},{\"@type\":\"ListItem\",\"position\":3,\"name\":\"Tour Privado a la Calzada de los Gigantes desde Dubl\u00edn\"}]},{\"@type\":\"WebSite\",\"@id\":\"https:\/\/tourtravelandmore.com\/es\/#website\",\"url\":\"https:\/\/tourtravelandmore.com\/es\/\",\"name\":\"Tour Travel And More\",\"description\":\"Private sightseeing tours and luxury transfers in Spain\",\"publisher\":{\"@id\":\"https:\/\/tourtravelandmore.com\/es\/#organization\"},\"potentialAction\":[{\"@type\":\"SearchAction\",\"target\":{\"@type\":\"EntryPoint\",\"urlTemplate\":\"https:\/\/tourtravelandmore.com\/es\/?s={search_term_string}\"},\"query-input\":{\"@type\":\"PropertyValueSpecification\",\"valueRequired\":true,\"valueName\":\"search_term_string\"}}],\"inLanguage\":\"es\"},{\"@type\":\"Organization\",\"@id\":\"https:\/\/tourtravelandmore.com\/es\/#organization\",\"name\":\"Tour Travel And More\",\"url\":\"https:\/\/tourtravelandmore.com\/es\/\",\"logo\":{\"@type\":\"ImageObject\",\"inLanguage\":\"es\",\"@id\":\"https:\/\/tourtravelandmore.com\/es\/#\/schema\/logo\/image\/\",\"url\":\"https:\/\/tourtravelandmore.com\/wp-content\/uploads\/2022\/12\/cropped-logo-cabecera-new.png\",\"contentUrl\":\"https:\/\/tourtravelandmore.com\/wp-content\/uploads\/2022\/12\/cropped-logo-cabecera-new.png\",\"width\":430,\"height\":61,\"caption\":\"Tour Travel And More\"},\"image\":{\"@id\":\"https:\/\/tourtravelandmore.com\/es\/#\/schema\/logo\/image\/\"},\"sameAs\":[\"https:\/\/www.facebook.com\/tourtravelandmore\/\",\"https:\/\/x.com\/TourTravel_More\"]}]}<\/script>\n<!-- \/ Yoast SEO Premium plugin. -->","yoast_head_json":{"title":"\u27a1\ufe0f Tour Privado a la Calzada de los Gigantes desde la ciudad de Dubl\u00edn | Tour Travel & More","description":"Experimente un d\u00eda distinto en sus vacaciones con nuestro Tour Privado a la Calzada de los Gigantes desde Dubl\u00edn con chofer y gu\u00eda privado \u2705","robots":{"index":"index","follow":"follow","max-snippet":"max-snippet:-1","max-image-preview":"max-image-preview:large","max-video-preview":"max-video-preview:-1"},"canonical":"https:\/\/tourtravelandmore.com\/es\/tours\/irlanda-es\/dublin-es\/tour-privado-a-la-calzada-de-los-gigantes\/","og_locale":"es_ES","og_type":"article","og_title":"Tour Privado a la Calzada de los Gigantes desde Dubl\u00edn","og_description":"Experimente un d\u00eda distinto en sus vacaciones con nuestro Tour Privado a la Calzada de los Gigantes desde Dubl\u00edn con chofer y gu\u00eda privado \u2705","og_url":"https:\/\/tourtravelandmore.com\/es\/tours\/irlanda-es\/dublin-es\/tour-privado-a-la-calzada-de-los-gigantes\/","og_site_name":"Tour Travel And More","article_publisher":"https:\/\/www.facebook.com\/tourtravelandmore\/","article_modified_time":"2024-03-04T14:41:19+00:00","og_image":[{"width":2048,"height":1357,"url":"https:\/\/tourtravelandmore.com\/wp-content\/uploads\/2019\/08\/13903225995_8a812ee123_k.jpg","type":"image\/jpeg"}],"twitter_card":"summary_large_image","twitter_site":"@TourTravel_More","twitter_misc":{"Tiempo de lectura":"2 minutos"},"schema":{"@context":"https:\/\/schema.org","@graph":[{"@type":"WebPage","@id":"https:\/\/tourtravelandmore.com\/es\/tours\/irlanda-es\/dublin-es\/tour-privado-a-la-calzada-de-los-gigantes\/","url":"https:\/\/tourtravelandmore.com\/es\/tours\/irlanda-es\/dublin-es\/tour-privado-a-la-calzada-de-los-gigantes\/","name":"\u27a1\ufe0f Tour Privado a la Calzada de los Gigantes desde la ciudad de Dubl\u00edn | Tour Travel & More","isPartOf":{"@id":"https:\/\/tourtravelandmore.com\/es\/#website"},"primaryImageOfPage":{"@id":"https:\/\/tourtravelandmore.com\/es\/tours\/irlanda-es\/dublin-es\/tour-privado-a-la-calzada-de-los-gigantes\/#primaryimage"},"image":{"@id":"https:\/\/tourtravelandmore.com\/es\/tours\/irlanda-es\/dublin-es\/tour-privado-a-la-calzada-de-los-gigantes\/#primaryimage"},"thumbnailUrl":"https:\/\/tourtravelandmore.com\/wp-content\/uploads\/2019\/08\/13903225995_8a812ee123_k.jpg","datePublished":"2019-08-23T08:28:06+00:00","dateModified":"2024-03-04T14:41:19+00:00","description":"Experimente un d\u00eda distinto en sus vacaciones con nuestro Tour Privado a la Calzada de los Gigantes desde Dubl\u00edn con chofer y gu\u00eda privado \u2705","breadcrumb":{"@id":"https:\/\/tourtravelandmore.com\/es\/tours\/irlanda-es\/dublin-es\/tour-privado-a-la-calzada-de-los-gigantes\/#breadcrumb"},"inLanguage":"es","potentialAction":[{"@type":"ReadAction","target":["https:\/\/tourtravelandmore.com\/es\/tours\/irlanda-es\/dublin-es\/tour-privado-a-la-calzada-de-los-gigantes\/"]}]},{"@type":"ImageObject","inLanguage":"es","@id":"https:\/\/tourtravelandmore.com\/es\/tours\/irlanda-es\/dublin-es\/tour-privado-a-la-calzada-de-los-gigantes\/#primaryimage","url":"https:\/\/tourtravelandmore.com\/wp-content\/uploads\/2019\/08\/13903225995_8a812ee123_k.jpg","contentUrl":"https:\/\/tourtravelandmore.com\/wp-content\/uploads\/2019\/08\/13903225995_8a812ee123_k.jpg","width":2048,"height":1357},{"@type":"BreadcrumbList","@id":"https:\/\/tourtravelandmore.com\/es\/tours\/irlanda-es\/dublin-es\/tour-privado-a-la-calzada-de-los-gigantes\/#breadcrumb","itemListElement":[{"@type":"ListItem","position":1,"name":"Home","item":"https:\/\/tourtravelandmore.com\/es\/"},{"@type":"ListItem","position":2,"name":"Tours","item":"https:\/\/tourtravelandmore.com\/es\/tours\/"},{"@type":"ListItem","position":3,"name":"Tour Privado a la Calzada de los Gigantes desde Dubl\u00edn"}]},{"@type":"WebSite","@id":"https:\/\/tourtravelandmore.com\/es\/#website","url":"https:\/\/tourtravelandmore.com\/es\/","name":"Tour Travel And More","description":"Private sightseeing tours and luxury transfers in Spain","publisher":{"@id":"https:\/\/tourtravelandmore.com\/es\/#organization"},"potentialAction":[{"@type":"SearchAction","target":{"@type":"EntryPoint","urlTemplate":"https:\/\/tourtravelandmore.com\/es\/?s={search_term_string}"},"query-input":{"@type":"PropertyValueSpecification","valueRequired":true,"valueName":"search_term_string"}}],"inLanguage":"es"},{"@type":"Organization","@id":"https:\/\/tourtravelandmore.com\/es\/#organization","name":"Tour Travel And More","url":"https:\/\/tourtravelandmore.com\/es\/","logo":{"@type":"ImageObject","inLanguage":"es","@id":"https:\/\/tourtravelandmore.com\/es\/#\/schema\/logo\/image\/","url":"https:\/\/tourtravelandmore.com\/wp-content\/uploads\/2022\/12\/cropped-logo-cabecera-new.png","contentUrl":"https:\/\/tourtravelandmore.com\/wp-content\/uploads\/2022\/12\/cropped-logo-cabecera-new.png","width":430,"height":61,"caption":"Tour Travel And More"},"image":{"@id":"https:\/\/tourtravelandmore.com\/es\/#\/schema\/logo\/image\/"},"sameAs":["https:\/\/www.facebook.com\/tourtravelandmore\/","https:\/\/x.com\/TourTravel_More"]}]}},"_links":{"self":[{"href":"https:\/\/tourtravelandmore.com\/es\/wp-json\/wp\/v2\/product\/64413","targetHints":{"allow":["GET"]}}],"collection":[{"href":"https:\/\/tourtravelandmore.com\/es\/wp-json\/wp\/v2\/product"}],"about":[{"href":"https:\/\/tourtravelandmore.com\/es\/wp-json\/wp\/v2\/types\/product"}],"replies":[{"embeddable":true,"href":"https:\/\/tourtravelandmore.com\/es\/wp-json\/wp\/v2\/comments?post=64413"}],"wp:featuredmedia":[{"embeddable":true,"href":"https:\/\/tourtravelandmore.com\/es\/wp-json\/wp\/v2\/media\/64427"}],"wp:attachment":[{"href":"https:\/\/tourtravelandmore.com\/es\/wp-json\/wp\/v2\/media?parent=64413"}],"wp:term":[{"taxonomy":"product_brand","embeddable":true,"href":"https:\/\/tourtravelandmore.com\/es\/wp-json\/wp\/v2\/product_brand?post=64413"},{"taxonomy":"product_cat","embeddable":true,"href":"https:\/\/tourtravelandmore.com\/es\/wp-json\/wp\/v2\/product_cat?post=64413"},{"taxonomy":"product_tag","embeddable":true,"href":"https:\/\/tourtravelandmore.com\/es\/wp-json\/wp\/v2\/product_tag?post=64413"}],"curies":[{"name":"wp","href":"https:\/\/api.w.org\/{rel}","templated":true}]}}