{"id":64379,"date":"2019-08-23T03:22:56","date_gmt":"2019-08-23T01:22:57","guid":{"rendered":"https:\/\/tourtravelandmore.com\/?post_type=product&#038;p=64379"},"modified":"2024-03-04T15:40:17","modified_gmt":"2024-03-04T14:40:17","slug":"tour-privado-a-galway-y-los-acantilados-de-moher","status":"publish","type":"product","link":"https:\/\/tourtravelandmore.com\/es\/tours\/irlanda-es\/dublin-es\/tour-privado-a-galway-y-los-acantilados-de-moher\/","title":{"rendered":"Tour Privado a Galway y los acantilados de Moher"},"content":{"rendered":"<h2 id=\"tw-target-text\" class=\"tw-data-text tw-text-large XcVN5d tw-ta\" dir=\"ltr\" data-placeholder=\"Traducci\u00f3n\"><span lang=\"es\">Descripci\u00f3n del Tour Privado a Galway y los acantilados de Moher<\/span><\/h2>\n<p><span style=\"font-weight: 400;\">En esta ocasi\u00f3n, disfrute de nuestros Tours<\/span><b>\u00a0Privado a Galway y los acantilados de Moher desde Dubl\u00edn<\/b><span style=\"font-weight: 400;\">.<\/span><\/p>\n<p><span style=\"font-weight: 400;\">Esc\u00e1pese de la bulliciosa ciudad de <\/span><b>Dubl\u00edn <\/b><span style=\"font-weight: 400;\">a la naturaleza irlandesa m\u00e1s pura, como estos acantilados. Durante el viaje podr\u00e1 disfrutar de maravillosos paisajes verdes, caracter\u00edsticos de <\/span><b>Irlanda<\/b><span style=\"font-weight: 400;\">. Al llegar a los famosos acantilados caminar\u00e1s por los bordes y disfrutar\u00e1s de las maravillosas vistas y olas del Atl\u00e1ntico.<\/span><\/p>\n<p><span style=\"font-weight: 400;\">Este tour es absolutamente personalizable. Puede adaptar todos nuestros tours en Dubl\u00edn a su propio inter\u00e9s con tan solo contactarnos.<\/span><\/p>\n<p><span style=\"font-weight: 400;\">Este tour privado comenzar\u00e1 desde su hotel o lugar a elecci\u00f3n en <strong>Dubl\u00edn<\/strong>.<\/span><\/p>\n<h2>Puntos emblem\u00e1ticos y de inter\u00e9s en el Tour Privado a Galway y los acantilados de Moher<\/h2>\n<p>En primer lugar, organizaremos la recogida en su hotel o lugar de elecci\u00f3n en Dubl\u00edn. <span class=\"JLqJ4b ChMk0b\" data-language-for-alternatives=\"es\" data-language-to-translate-into=\"en\" data-phrase-index=\"1\">Tanto nuestro conductor como nuestro gu\u00eda tur\u00edstico oficial estar\u00e1n a su entera disposici\u00f3n.<\/span><\/p>\n<p><span class=\"JLqJ4b ChMk0b\" data-language-for-alternatives=\"es\" data-language-to-translate-into=\"en\" data-phrase-index=\"1\"><span class=\"JLqJ4b\" data-language-for-alternatives=\"es\" data-language-to-translate-into=\"en\" data-phrase-index=\"2\">Entre muchos otros lugares para visitar, durante este tour privado a Galway y los acantilados de Moher podr\u00e1s conocer:<\/span><\/span><\/p>\n<ul>\n<li><strong>Acantilados de Moher <\/strong><\/li>\n<li><strong><span class=\"JLqJ4b\" data-language-for-alternatives=\"es\" data-language-to-translate-into=\"en\" data-phrase-index=\"1\"><span class=\"JLqJ4b ChMk0b\" data-language-for-alternatives=\"es\" data-language-to-translate-into=\"en\" data-phrase-index=\"2\">Arco Espa\u00f1ol <\/span><\/span><\/strong><\/li>\n<li><strong><span class=\"JLqJ4b\" data-language-for-alternatives=\"es\" data-language-to-translate-into=\"en\" data-phrase-index=\"1\"><span class=\"JLqJ4b ChMk0b\" data-language-for-alternatives=\"es\" data-language-to-translate-into=\"en\" data-phrase-index=\"2\">Catedral de San Nicol\u00e1s <\/span><\/span><\/strong><\/li>\n<li><strong><span class=\"JLqJ4b\" data-language-for-alternatives=\"es\" data-language-to-translate-into=\"en\" data-phrase-index=\"1\"><span class=\"JLqJ4b ChMk0b\" data-language-for-alternatives=\"es\" data-language-to-translate-into=\"en\" data-phrase-index=\"2\">Castillo de Lynch<\/span><\/span><\/strong><\/li>\n<li><strong>Pueblo Doolin<\/strong><\/li>\n<li><span class=\"JLqJ4b\" data-language-for-alternatives=\"es\" data-language-to-translate-into=\"en\" data-phrase-index=\"1\"><span class=\"JLqJ4b ChMk0b\" data-language-for-alternatives=\"es\" data-language-to-translate-into=\"en\" data-phrase-index=\"2\">y mucho m\u00e1s!<\/span><\/span><\/li>\n<\/ul>\n<p>Al finalizar, su chofer privado lo llevar\u00e1 de regreso a su hotel en Dubl\u00edn.<\/p>\n<p>Este es un gran <span class=\"JLqJ4b ChMk0b\" data-language-for-alternatives=\"es\" data-language-to-translate-into=\"en\" data-phrase-index=\"1\"><span class=\"JLqJ4b\" data-language-for-alternatives=\"es\" data-language-to-translate-into=\"en\" data-phrase-index=\"2\">tour privado a Galway y los acantilados de Moher que definitivamente no debe perderse<\/span><\/span>. <span class=\"JLqJ4b ChMk0b\" data-language-for-alternatives=\"es\" data-language-to-translate-into=\"en\" data-phrase-index=\"1\">Eche un vistazo a todos <a href=\"https:\/\/tourtravelandmore.com\/es\/ciudad\/irlanda-es\/\">nuestros tours privados en Dubl\u00edn<\/a> y en el Reino Unido. \u00a1En <strong>Tour Travel &amp; More<\/strong> ofrecemos tours privados en todo el mundo!<\/span><\/p>\n","protected":false},"excerpt":{"rendered":"<p>Disfrute de este <strong>tour privado por los acantilados de Moher y la ciudad de Galway<\/strong> a trav\u00e9s de los lugares m\u00e1s destacados con patrimonio. La ciudad de <strong>Galway<\/strong>, en Irlanda, es conocida por su gran patrimonio cultural y numerosas \u00e1reas verdes.<\/p>\n","protected":false},"featured_media":64400,"comment_status":"open","ping_status":"closed","template":"","meta":{"_acf_changed":false},"product_brand":[],"product_cat":[1607,1275,1276,1277],"product_tag":[],"class_list":{"0":"post-64379","1":"product","2":"type-product","3":"status-publish","4":"has-post-thumbnail","6":"product_cat-irlanda-es","7":"product_cat-dublin-es","8":"product_cat-dublin-actividades-es","9":"product_cat-dublin-rutas-turisticas-privadas-es","11":"first","12":"instock","13":"shipping-taxable","14":"purchasable","15":"product-type-simple"},"acf":[],"yoast_head":"<!-- This site is optimized with the Yoast SEO Premium plugin v25.3.1 (Yoast SEO v25.3.1) - https:\/\/yoast.com\/wordpress\/plugins\/seo\/ -->\n<title>\u27a1\ufe0f Tour Privado a Galway y los acantilados de Moher desde Dubl\u00edn | Tour Travel &amp; More<\/title>\n<meta name=\"description\" content=\"Acomp\u00e1\u00f1enos en este Tour Privado a Galway y los acantilados de Moher c\u00f3modamente en un veh\u00edculo privado de lujo con chofer y gu\u00eda \u2705\" \/>\n<meta name=\"robots\" content=\"index, follow, max-snippet:-1, max-image-preview:large, max-video-preview:-1\" \/>\n<link rel=\"canonical\" href=\"https:\/\/tourtravelandmore.com\/es\/tours\/irlanda-es\/dublin-es\/tour-privado-a-galway-y-los-acantilados-de-moher\/\" \/>\n<meta property=\"og:locale\" content=\"es_ES\" \/>\n<meta property=\"og:type\" content=\"article\" \/>\n<meta property=\"og:title\" content=\"Tour Privado a Galway y los acantilados de Moher\" \/>\n<meta property=\"og:description\" content=\"Acomp\u00e1\u00f1enos en este Tour Privado a Galway y los acantilados de Moher c\u00f3modamente en un veh\u00edculo privado de lujo con chofer y gu\u00eda \u2705\" \/>\n<meta property=\"og:url\" content=\"https:\/\/tourtravelandmore.com\/es\/tours\/irlanda-es\/dublin-es\/tour-privado-a-galway-y-los-acantilados-de-moher\/\" \/>\n<meta property=\"og:site_name\" content=\"Tour Travel And More\" \/>\n<meta property=\"article:publisher\" content=\"https:\/\/www.facebook.com\/tourtravelandmore\/\" \/>\n<meta property=\"article:modified_time\" content=\"2024-03-04T14:40:17+00:00\" \/>\n<meta property=\"og:image\" content=\"https:\/\/tourtravelandmore.com\/wp-content\/uploads\/2019\/08\/moher.jpg\" \/>\n\t<meta property=\"og:image:width\" content=\"1024\" \/>\n\t<meta property=\"og:image:height\" content=\"683\" \/>\n\t<meta property=\"og:image:type\" content=\"image\/jpeg\" \/>\n<meta name=\"twitter:card\" content=\"summary_large_image\" \/>\n<meta name=\"twitter:site\" content=\"@TourTravel_More\" \/>\n<meta name=\"twitter:label1\" content=\"Tiempo de lectura\" \/>\n\t<meta name=\"twitter:data1\" content=\"2 minutos\" \/>\n<script type=\"application\/ld+json\" class=\"yoast-schema-graph\">{\"@context\":\"https:\/\/schema.org\",\"@graph\":[{\"@type\":\"WebPage\",\"@id\":\"https:\/\/tourtravelandmore.com\/es\/tours\/irlanda-es\/dublin-es\/tour-privado-a-galway-y-los-acantilados-de-moher\/\",\"url\":\"https:\/\/tourtravelandmore.com\/es\/tours\/irlanda-es\/dublin-es\/tour-privado-a-galway-y-los-acantilados-de-moher\/\",\"name\":\"\u27a1\ufe0f Tour Privado a Galway y los acantilados de Moher desde Dubl\u00edn | Tour Travel & More\",\"isPartOf\":{\"@id\":\"https:\/\/tourtravelandmore.com\/es\/#website\"},\"primaryImageOfPage\":{\"@id\":\"https:\/\/tourtravelandmore.com\/es\/tours\/irlanda-es\/dublin-es\/tour-privado-a-galway-y-los-acantilados-de-moher\/#primaryimage\"},\"image\":{\"@id\":\"https:\/\/tourtravelandmore.com\/es\/tours\/irlanda-es\/dublin-es\/tour-privado-a-galway-y-los-acantilados-de-moher\/#primaryimage\"},\"thumbnailUrl\":\"https:\/\/tourtravelandmore.com\/wp-content\/uploads\/2019\/08\/moher.jpg\",\"datePublished\":\"2019-08-23T01:22:57+00:00\",\"dateModified\":\"2024-03-04T14:40:17+00:00\",\"description\":\"Acomp\u00e1\u00f1enos en este Tour Privado a Galway y los acantilados de Moher c\u00f3modamente en un veh\u00edculo privado de lujo con chofer y gu\u00eda \u2705\",\"breadcrumb\":{\"@id\":\"https:\/\/tourtravelandmore.com\/es\/tours\/irlanda-es\/dublin-es\/tour-privado-a-galway-y-los-acantilados-de-moher\/#breadcrumb\"},\"inLanguage\":\"es\",\"potentialAction\":[{\"@type\":\"ReadAction\",\"target\":[\"https:\/\/tourtravelandmore.com\/es\/tours\/irlanda-es\/dublin-es\/tour-privado-a-galway-y-los-acantilados-de-moher\/\"]}]},{\"@type\":\"ImageObject\",\"inLanguage\":\"es\",\"@id\":\"https:\/\/tourtravelandmore.com\/es\/tours\/irlanda-es\/dublin-es\/tour-privado-a-galway-y-los-acantilados-de-moher\/#primaryimage\",\"url\":\"https:\/\/tourtravelandmore.com\/wp-content\/uploads\/2019\/08\/moher.jpg\",\"contentUrl\":\"https:\/\/tourtravelandmore.com\/wp-content\/uploads\/2019\/08\/moher.jpg\",\"width\":1024,\"height\":683,\"caption\":\"This is a free picture released under Creative Commons Attribution 2.0 Generic. Feel free to use and share this picture but please give me credit linking my website or my Flickr account. More info about me on www.pixael.com\"},{\"@type\":\"BreadcrumbList\",\"@id\":\"https:\/\/tourtravelandmore.com\/es\/tours\/irlanda-es\/dublin-es\/tour-privado-a-galway-y-los-acantilados-de-moher\/#breadcrumb\",\"itemListElement\":[{\"@type\":\"ListItem\",\"position\":1,\"name\":\"Home\",\"item\":\"https:\/\/tourtravelandmore.com\/es\/\"},{\"@type\":\"ListItem\",\"position\":2,\"name\":\"Tours\",\"item\":\"https:\/\/tourtravelandmore.com\/es\/tours\/\"},{\"@type\":\"ListItem\",\"position\":3,\"name\":\"Tour Privado a Galway y los acantilados de Moher\"}]},{\"@type\":\"WebSite\",\"@id\":\"https:\/\/tourtravelandmore.com\/es\/#website\",\"url\":\"https:\/\/tourtravelandmore.com\/es\/\",\"name\":\"Tour Travel And More\",\"description\":\"Private sightseeing tours and luxury transfers in Spain\",\"publisher\":{\"@id\":\"https:\/\/tourtravelandmore.com\/es\/#organization\"},\"potentialAction\":[{\"@type\":\"SearchAction\",\"target\":{\"@type\":\"EntryPoint\",\"urlTemplate\":\"https:\/\/tourtravelandmore.com\/es\/?s={search_term_string}\"},\"query-input\":{\"@type\":\"PropertyValueSpecification\",\"valueRequired\":true,\"valueName\":\"search_term_string\"}}],\"inLanguage\":\"es\"},{\"@type\":\"Organization\",\"@id\":\"https:\/\/tourtravelandmore.com\/es\/#organization\",\"name\":\"Tour Travel And More\",\"url\":\"https:\/\/tourtravelandmore.com\/es\/\",\"logo\":{\"@type\":\"ImageObject\",\"inLanguage\":\"es\",\"@id\":\"https:\/\/tourtravelandmore.com\/es\/#\/schema\/logo\/image\/\",\"url\":\"https:\/\/tourtravelandmore.com\/wp-content\/uploads\/2022\/12\/cropped-logo-cabecera-new.png\",\"contentUrl\":\"https:\/\/tourtravelandmore.com\/wp-content\/uploads\/2022\/12\/cropped-logo-cabecera-new.png\",\"width\":430,\"height\":61,\"caption\":\"Tour Travel And More\"},\"image\":{\"@id\":\"https:\/\/tourtravelandmore.com\/es\/#\/schema\/logo\/image\/\"},\"sameAs\":[\"https:\/\/www.facebook.com\/tourtravelandmore\/\",\"https:\/\/x.com\/TourTravel_More\"]}]}<\/script>\n<!-- \/ Yoast SEO Premium plugin. -->","yoast_head_json":{"title":"\u27a1\ufe0f Tour Privado a Galway y los acantilados de Moher desde Dubl\u00edn | Tour Travel & More","description":"Acomp\u00e1\u00f1enos en este Tour Privado a Galway y los acantilados de Moher c\u00f3modamente en un veh\u00edculo privado de lujo con chofer y gu\u00eda \u2705","robots":{"index":"index","follow":"follow","max-snippet":"max-snippet:-1","max-image-preview":"max-image-preview:large","max-video-preview":"max-video-preview:-1"},"canonical":"https:\/\/tourtravelandmore.com\/es\/tours\/irlanda-es\/dublin-es\/tour-privado-a-galway-y-los-acantilados-de-moher\/","og_locale":"es_ES","og_type":"article","og_title":"Tour Privado a Galway y los acantilados de Moher","og_description":"Acomp\u00e1\u00f1enos en este Tour Privado a Galway y los acantilados de Moher c\u00f3modamente en un veh\u00edculo privado de lujo con chofer y gu\u00eda \u2705","og_url":"https:\/\/tourtravelandmore.com\/es\/tours\/irlanda-es\/dublin-es\/tour-privado-a-galway-y-los-acantilados-de-moher\/","og_site_name":"Tour Travel And More","article_publisher":"https:\/\/www.facebook.com\/tourtravelandmore\/","article_modified_time":"2024-03-04T14:40:17+00:00","og_image":[{"width":1024,"height":683,"url":"https:\/\/tourtravelandmore.com\/wp-content\/uploads\/2019\/08\/moher.jpg","type":"image\/jpeg"}],"twitter_card":"summary_large_image","twitter_site":"@TourTravel_More","twitter_misc":{"Tiempo de lectura":"2 minutos"},"schema":{"@context":"https:\/\/schema.org","@graph":[{"@type":"WebPage","@id":"https:\/\/tourtravelandmore.com\/es\/tours\/irlanda-es\/dublin-es\/tour-privado-a-galway-y-los-acantilados-de-moher\/","url":"https:\/\/tourtravelandmore.com\/es\/tours\/irlanda-es\/dublin-es\/tour-privado-a-galway-y-los-acantilados-de-moher\/","name":"\u27a1\ufe0f Tour Privado a Galway y los acantilados de Moher desde Dubl\u00edn | Tour Travel & More","isPartOf":{"@id":"https:\/\/tourtravelandmore.com\/es\/#website"},"primaryImageOfPage":{"@id":"https:\/\/tourtravelandmore.com\/es\/tours\/irlanda-es\/dublin-es\/tour-privado-a-galway-y-los-acantilados-de-moher\/#primaryimage"},"image":{"@id":"https:\/\/tourtravelandmore.com\/es\/tours\/irlanda-es\/dublin-es\/tour-privado-a-galway-y-los-acantilados-de-moher\/#primaryimage"},"thumbnailUrl":"https:\/\/tourtravelandmore.com\/wp-content\/uploads\/2019\/08\/moher.jpg","datePublished":"2019-08-23T01:22:57+00:00","dateModified":"2024-03-04T14:40:17+00:00","description":"Acomp\u00e1\u00f1enos en este Tour Privado a Galway y los acantilados de Moher c\u00f3modamente en un veh\u00edculo privado de lujo con chofer y gu\u00eda \u2705","breadcrumb":{"@id":"https:\/\/tourtravelandmore.com\/es\/tours\/irlanda-es\/dublin-es\/tour-privado-a-galway-y-los-acantilados-de-moher\/#breadcrumb"},"inLanguage":"es","potentialAction":[{"@type":"ReadAction","target":["https:\/\/tourtravelandmore.com\/es\/tours\/irlanda-es\/dublin-es\/tour-privado-a-galway-y-los-acantilados-de-moher\/"]}]},{"@type":"ImageObject","inLanguage":"es","@id":"https:\/\/tourtravelandmore.com\/es\/tours\/irlanda-es\/dublin-es\/tour-privado-a-galway-y-los-acantilados-de-moher\/#primaryimage","url":"https:\/\/tourtravelandmore.com\/wp-content\/uploads\/2019\/08\/moher.jpg","contentUrl":"https:\/\/tourtravelandmore.com\/wp-content\/uploads\/2019\/08\/moher.jpg","width":1024,"height":683,"caption":"This is a free picture released under Creative Commons Attribution 2.0 Generic. Feel free to use and share this picture but please give me credit linking my website or my Flickr account. More info about me on www.pixael.com"},{"@type":"BreadcrumbList","@id":"https:\/\/tourtravelandmore.com\/es\/tours\/irlanda-es\/dublin-es\/tour-privado-a-galway-y-los-acantilados-de-moher\/#breadcrumb","itemListElement":[{"@type":"ListItem","position":1,"name":"Home","item":"https:\/\/tourtravelandmore.com\/es\/"},{"@type":"ListItem","position":2,"name":"Tours","item":"https:\/\/tourtravelandmore.com\/es\/tours\/"},{"@type":"ListItem","position":3,"name":"Tour Privado a Galway y los acantilados de Moher"}]},{"@type":"WebSite","@id":"https:\/\/tourtravelandmore.com\/es\/#website","url":"https:\/\/tourtravelandmore.com\/es\/","name":"Tour Travel And More","description":"Private sightseeing tours and luxury transfers in Spain","publisher":{"@id":"https:\/\/tourtravelandmore.com\/es\/#organization"},"potentialAction":[{"@type":"SearchAction","target":{"@type":"EntryPoint","urlTemplate":"https:\/\/tourtravelandmore.com\/es\/?s={search_term_string}"},"query-input":{"@type":"PropertyValueSpecification","valueRequired":true,"valueName":"search_term_string"}}],"inLanguage":"es"},{"@type":"Organization","@id":"https:\/\/tourtravelandmore.com\/es\/#organization","name":"Tour Travel And More","url":"https:\/\/tourtravelandmore.com\/es\/","logo":{"@type":"ImageObject","inLanguage":"es","@id":"https:\/\/tourtravelandmore.com\/es\/#\/schema\/logo\/image\/","url":"https:\/\/tourtravelandmore.com\/wp-content\/uploads\/2022\/12\/cropped-logo-cabecera-new.png","contentUrl":"https:\/\/tourtravelandmore.com\/wp-content\/uploads\/2022\/12\/cropped-logo-cabecera-new.png","width":430,"height":61,"caption":"Tour Travel And More"},"image":{"@id":"https:\/\/tourtravelandmore.com\/es\/#\/schema\/logo\/image\/"},"sameAs":["https:\/\/www.facebook.com\/tourtravelandmore\/","https:\/\/x.com\/TourTravel_More"]}]}},"_links":{"self":[{"href":"https:\/\/tourtravelandmore.com\/es\/wp-json\/wp\/v2\/product\/64379","targetHints":{"allow":["GET"]}}],"collection":[{"href":"https:\/\/tourtravelandmore.com\/es\/wp-json\/wp\/v2\/product"}],"about":[{"href":"https:\/\/tourtravelandmore.com\/es\/wp-json\/wp\/v2\/types\/product"}],"replies":[{"embeddable":true,"href":"https:\/\/tourtravelandmore.com\/es\/wp-json\/wp\/v2\/comments?post=64379"}],"wp:featuredmedia":[{"embeddable":true,"href":"https:\/\/tourtravelandmore.com\/es\/wp-json\/wp\/v2\/media\/64400"}],"wp:attachment":[{"href":"https:\/\/tourtravelandmore.com\/es\/wp-json\/wp\/v2\/media?parent=64379"}],"wp:term":[{"taxonomy":"product_brand","embeddable":true,"href":"https:\/\/tourtravelandmore.com\/es\/wp-json\/wp\/v2\/product_brand?post=64379"},{"taxonomy":"product_cat","embeddable":true,"href":"https:\/\/tourtravelandmore.com\/es\/wp-json\/wp\/v2\/product_cat?post=64379"},{"taxonomy":"product_tag","embeddable":true,"href":"https:\/\/tourtravelandmore.com\/es\/wp-json\/wp\/v2\/product_tag?post=64379"}],"curies":[{"name":"wp","href":"https:\/\/api.w.org\/{rel}","templated":true}]}}