{"id":64329,"date":"2019-08-22T11:34:50","date_gmt":"2019-08-22T09:34:51","guid":{"rendered":"https:\/\/tourtravelandmore.com\/?post_type=product&#038;p=64329"},"modified":"2023-09-22T09:45:58","modified_gmt":"2023-09-22T07:45:58","slug":"tour-privado-de-medio-dia-por-atenas","status":"publish","type":"product","link":"https:\/\/tourtravelandmore.com\/es\/tours\/grecia-es\/atenas-es\/tour-privado-de-medio-dia-por-atenas\/","title":{"rendered":"Tour Privado de Atenas"},"content":{"rendered":"<h2><b>Descripci\u00f3n del Tour Privado de Atenas<\/b><\/h2>\n<p><span style=\"font-weight: 400;\">Atenas es una de las ciudades m\u00e1s bellas y con mayor riqueza hist\u00f3rica del mundo. Qu\u00e9 podr\u00eda ser mejor que explorarla en un tour privado con un gu\u00eda experto? <\/span><span style=\"font-weight: 400;\">Un tour privado es perfecto para parejas, familias o grupos de amigos. Puede elegir la fecha y la hora que m\u00e1s le convenga, y tendr\u00e1 toda la atenci\u00f3n de su experto gu\u00eda. <\/span><span style=\"font-weight: 400;\">Empezaremos el tour en un punto c\u00e9ntrico de la ciudad, y en el que le resulte m\u00e1s c\u00f3modo, ya que la experiencia es totalmente personalizada.<\/span><\/p>\n<p><span style=\"font-weight: 400;\">Ser\u00e1 una visita guiada de 4 horas, en la que nuestros expertos gu\u00edas le mostrar\u00e1n todos los lugares de inter\u00e9s, incluyendo la Acr\u00f3polis, el Templo de Zeus y el Arco de Adriano. Tambi\u00e9n tendr\u00e1 la oportunidad de explorar algunas atracciones menos conocidas pero igualmente fascinantes, como el barrio de Plaka y Monastiraki.<\/span><\/p>\n<p><span style=\"font-weight: 400;\">Al final del tour privado, el gu\u00eda le llevar\u00e1 a un sitio c\u00e9ntrico de Atenas para continuar su recorrido por la ciudad.\u00a0<\/span><\/p>\n<h2><b>Puntos de inter\u00e9s del tour privado de Atenas<\/b><\/h2>\n<h3><b>La Acr\u00f3polis<\/b><\/h3>\n<p><span style=\"font-weight: 400;\">La Acr\u00f3polis es el sitio antiguo m\u00e1s famoso de Atenas, y es Patrimonio de la Humanidad de la UNESCO por una buena raz\u00f3n. Alberga algunas de las estructuras antiguas m\u00e1s emblem\u00e1ticas del mundo, como el Parten\u00f3n y el Templo de Atenea Nike. Las vistas desde la cima tambi\u00e9n son espectaculares.<\/span><\/p>\n<p><span style=\"font-weight: 400;\">El Parten\u00f3n es uno de los s\u00edmbolos m\u00e1s reconocibles de la antigua Grecia y est\u00e1 considerado uno de los templos m\u00e1s bellos del mundo.<\/span><\/p>\n<h3><b>El Museo de la Acr\u00f3polis<\/b><\/h3>\n<p><span style=\"font-weight: 400;\">El nuevo Museo de la Acr\u00f3polis es una maravilla de la arquitectura moderna, y alberga una impresionante colecci\u00f3n de artefactos antiguos de la Acr\u00f3polis y m\u00e1s all\u00e1. Si tiene tiempo, merece la pena visitarlo.<\/span><\/p>\n<h3><b>El Templo de Zeus Ol\u00edmpico<\/b><\/h3>\n<p><span style=\"font-weight: 400;\">Este templo fue en su d\u00eda el m\u00e1s grande del mundo, y ahora es uno de los destinos tur\u00edsticos m\u00e1s populares de Atenas.<\/span><\/p>\n<h3><b>Arco de Adriano<\/b><\/h3>\n<p><span style=\"font-weight: 400;\">Terminado en el a\u00f1o 125, el Arco de Adriano serv\u00eda de entrada a la ciudad de Roma desde la V\u00eda Apia. El arco monumental se construy\u00f3 como homenaje al emperador romano Adriano y a sus \u00e9xitos militares. Construido en m\u00e1rmol blanco, el arco presenta relieves exquisitamente tallados en todos sus lados, que representan escenas de la mitolog\u00eda antigua. Casi 2.000 a\u00f1os despu\u00e9s de su construcci\u00f3n, el Arco de Adriano sigue siendo una vista impresionante y un popular destino tur\u00edstico.<\/span><\/p>\n<h3><b>La Plaka<\/b><\/h3>\n<p><span style=\"font-weight: 400;\">La Plaka es el barrio m\u00e1s antiguo de Atenas y uno de los m\u00e1s populares entre los turistas. Se encuentra junto a la Acr\u00f3polis y Plaka est\u00e1 llena de tiendas de recuerdos, restaurantes y caf\u00e9s.<\/span><\/p>\n<h3><b>Monastiraki<\/b><\/h3>\n<p><span style=\"font-weight: 400;\">Tambi\u00e9n es un barrio popular para los turistas en Atenas y se encuentra cerca de la Acr\u00f3polis. Recibe su nombre del Monasterio de Ayios Dimitrios, que se encuentra en la zona.<\/span><\/p>\n<p><span style=\"font-weight: 400;\">Monastiraki es conocido por su mercadillo y su arte callejero. Este animado barrio est\u00e1 repleto de restaurantes, caf\u00e9s y tiendas.<\/span><\/p>\n<p><span style=\"font-weight: 400;\">Adem\u00e1s de estas atracciones, en este recorrido privado a pie tambi\u00e9n tendr\u00e1 la oportunidad de explorar los siguientes lugares<\/span><\/p>\n<ul>\n<li aria-level=\"1\"><b>Estadio Ol\u00edmpico<\/b><\/li>\n<\/ul>\n<ul>\n<li aria-level=\"1\"><b>\u00c1gora<\/b><\/li>\n<\/ul>\n<ul>\n<li aria-level=\"1\"><b>Teatro de Dionisio<\/b><\/li>\n<\/ul>\n<ul>\n<li aria-level=\"1\"><b>Puerta de los Propileos y muchos otros destinos<\/b><\/li>\n<\/ul>\n<p><span style=\"font-weight: 400;\">Al final del recorrido de 4 horas, el gu\u00eda le acompa\u00f1ar\u00e1 a un punto central de la ciudad para que pueda seguir disfrutando de todo lo que Atenas tiene que ver y conocer.<\/span><\/p>\n<p><span style=\"font-weight: 400;\">Como puede ver, nuestros tours se adaptan a sus necesidades e intereses espec\u00edficos, as\u00ed que tanto si es un aficionado a la historia como si solamente quiere ver las mejores vistas de la ciudad, tenemos el tour perfecto para usted. <\/span><span style=\"font-weight: 400;\">Si quiere conocer un poco m\u00e1s de Atenas, puede optar por nuestra excursi\u00f3n al <\/span><a href=\"https:\/\/tourtravelandmore.com\/es\/tours\/grecia-es\/atenas-es\/tour-privado-de-dia-completo-en-atenas-visitaremos-8-monumentos\/\"><span style=\"font-weight: 400;\"><strong>Tour Privado de D\u00eda Completo en Atenas: 8 monumentos incluidos.<\/strong>\u00a0<\/span><\/a><\/p>\n","protected":false},"excerpt":{"rendered":"<p><span style=\"font-weight: 400;\">Descubra la ciudad de Atenas con un tour privado de Tour Travel and More. Este tour privado de Atenas es ideal para explorar sus lugares de inter\u00e9s tur\u00edstico, incluyendo la Acr\u00f3polis, el Parten\u00f3n, y m\u00e1s. Tambi\u00e9n podr\u00e1 ver algunos de los vibrantes barrios de Atenas y disfrutar de la aut\u00e9ntica comida griega. Reserve su viaje hoy mismo.\u00a0<\/span><\/p>\n","protected":false},"featured_media":64339,"comment_status":"open","ping_status":"closed","template":"","meta":{"_acf_changed":false},"product_brand":[],"product_cat":[1251,1252,1253],"product_tag":[],"class_list":{"0":"post-64329","1":"product","2":"type-product","3":"status-publish","4":"has-post-thumbnail","6":"product_cat-atenas-es","7":"product_cat-atenas-actividades-es","8":"product_cat-atenas-rutas-turisticas-privadas-es","10":"first","11":"instock","12":"shipping-taxable","13":"purchasable","14":"product-type-simple"},"acf":[],"yoast_head":"<!-- This site is optimized with the Yoast SEO Premium plugin v25.3.1 (Yoast SEO v25.3.1) - https:\/\/yoast.com\/wordpress\/plugins\/seo\/ -->\n<title>\u27a1\ufe0f Tour privado de Atenas con gu\u00eda privado y coche de lujo | Tour Travel &amp; More<\/title>\n<meta name=\"description\" content=\"\u00bfQuiere descubrir los secretos de las mayores civilizaciones del mundo? Experimente la belleza de Atenas en un tour privado con Tour Travel &amp; More \u2705\" \/>\n<meta name=\"robots\" content=\"index, follow, max-snippet:-1, max-image-preview:large, max-video-preview:-1\" \/>\n<link rel=\"canonical\" href=\"https:\/\/tourtravelandmore.com\/es\/tours\/grecia-es\/atenas-es\/tour-privado-de-medio-dia-por-atenas\/\" \/>\n<meta property=\"og:locale\" content=\"es_ES\" \/>\n<meta property=\"og:type\" content=\"article\" \/>\n<meta property=\"og:title\" content=\"Tour Privado de Atenas\" \/>\n<meta property=\"og:description\" content=\"\u00bfQuiere descubrir los secretos de las mayores civilizaciones del mundo? Experimente la belleza de Atenas en un tour privado con Tour Travel &amp; More \u2705\" \/>\n<meta property=\"og:url\" content=\"https:\/\/tourtravelandmore.com\/es\/tours\/grecia-es\/atenas-es\/tour-privado-de-medio-dia-por-atenas\/\" \/>\n<meta property=\"og:site_name\" content=\"Tour Travel And More\" \/>\n<meta property=\"article:publisher\" content=\"https:\/\/www.facebook.com\/tourtravelandmore\/\" \/>\n<meta property=\"article:modified_time\" content=\"2023-09-22T07:45:58+00:00\" \/>\n<meta property=\"og:image\" content=\"https:\/\/tourtravelandmore.com\/wp-content\/uploads\/2019\/08\/acropolis-12044_1280.jpg\" \/>\n\t<meta property=\"og:image:width\" content=\"1280\" \/>\n\t<meta property=\"og:image:height\" content=\"839\" \/>\n\t<meta property=\"og:image:type\" content=\"image\/jpeg\" \/>\n<meta name=\"twitter:card\" content=\"summary_large_image\" \/>\n<meta name=\"twitter:site\" content=\"@TourTravel_More\" \/>\n<meta name=\"twitter:label1\" content=\"Tiempo de lectura\" \/>\n\t<meta name=\"twitter:data1\" content=\"3 minutos\" \/>\n<script type=\"application\/ld+json\" class=\"yoast-schema-graph\">{\"@context\":\"https:\/\/schema.org\",\"@graph\":[{\"@type\":\"WebPage\",\"@id\":\"https:\/\/tourtravelandmore.com\/es\/tours\/grecia-es\/atenas-es\/tour-privado-de-medio-dia-por-atenas\/\",\"url\":\"https:\/\/tourtravelandmore.com\/es\/tours\/grecia-es\/atenas-es\/tour-privado-de-medio-dia-por-atenas\/\",\"name\":\"\u27a1\ufe0f Tour privado de Atenas con gu\u00eda privado y coche de lujo | Tour Travel & More\",\"isPartOf\":{\"@id\":\"https:\/\/tourtravelandmore.com\/es\/#website\"},\"primaryImageOfPage\":{\"@id\":\"https:\/\/tourtravelandmore.com\/es\/tours\/grecia-es\/atenas-es\/tour-privado-de-medio-dia-por-atenas\/#primaryimage\"},\"image\":{\"@id\":\"https:\/\/tourtravelandmore.com\/es\/tours\/grecia-es\/atenas-es\/tour-privado-de-medio-dia-por-atenas\/#primaryimage\"},\"thumbnailUrl\":\"https:\/\/tourtravelandmore.com\/wp-content\/uploads\/2019\/08\/acropolis-12044_1280.jpg\",\"datePublished\":\"2019-08-22T09:34:51+00:00\",\"dateModified\":\"2023-09-22T07:45:58+00:00\",\"description\":\"\u00bfQuiere descubrir los secretos de las mayores civilizaciones del mundo? Experimente la belleza de Atenas en un tour privado con Tour Travel & More \u2705\",\"breadcrumb\":{\"@id\":\"https:\/\/tourtravelandmore.com\/es\/tours\/grecia-es\/atenas-es\/tour-privado-de-medio-dia-por-atenas\/#breadcrumb\"},\"inLanguage\":\"es\",\"potentialAction\":[{\"@type\":\"ReadAction\",\"target\":[\"https:\/\/tourtravelandmore.com\/es\/tours\/grecia-es\/atenas-es\/tour-privado-de-medio-dia-por-atenas\/\"]}]},{\"@type\":\"ImageObject\",\"inLanguage\":\"es\",\"@id\":\"https:\/\/tourtravelandmore.com\/es\/tours\/grecia-es\/atenas-es\/tour-privado-de-medio-dia-por-atenas\/#primaryimage\",\"url\":\"https:\/\/tourtravelandmore.com\/wp-content\/uploads\/2019\/08\/acropolis-12044_1280.jpg\",\"contentUrl\":\"https:\/\/tourtravelandmore.com\/wp-content\/uploads\/2019\/08\/acropolis-12044_1280.jpg\",\"width\":1280,\"height\":839},{\"@type\":\"BreadcrumbList\",\"@id\":\"https:\/\/tourtravelandmore.com\/es\/tours\/grecia-es\/atenas-es\/tour-privado-de-medio-dia-por-atenas\/#breadcrumb\",\"itemListElement\":[{\"@type\":\"ListItem\",\"position\":1,\"name\":\"Home\",\"item\":\"https:\/\/tourtravelandmore.com\/es\/\"},{\"@type\":\"ListItem\",\"position\":2,\"name\":\"Tours\",\"item\":\"https:\/\/tourtravelandmore.com\/es\/tours\/\"},{\"@type\":\"ListItem\",\"position\":3,\"name\":\"Tour Privado de Atenas\"}]},{\"@type\":\"WebSite\",\"@id\":\"https:\/\/tourtravelandmore.com\/es\/#website\",\"url\":\"https:\/\/tourtravelandmore.com\/es\/\",\"name\":\"Tour Travel And More\",\"description\":\"Private sightseeing tours and luxury transfers in Spain\",\"publisher\":{\"@id\":\"https:\/\/tourtravelandmore.com\/es\/#organization\"},\"potentialAction\":[{\"@type\":\"SearchAction\",\"target\":{\"@type\":\"EntryPoint\",\"urlTemplate\":\"https:\/\/tourtravelandmore.com\/es\/?s={search_term_string}\"},\"query-input\":{\"@type\":\"PropertyValueSpecification\",\"valueRequired\":true,\"valueName\":\"search_term_string\"}}],\"inLanguage\":\"es\"},{\"@type\":\"Organization\",\"@id\":\"https:\/\/tourtravelandmore.com\/es\/#organization\",\"name\":\"Tour Travel And More\",\"url\":\"https:\/\/tourtravelandmore.com\/es\/\",\"logo\":{\"@type\":\"ImageObject\",\"inLanguage\":\"es\",\"@id\":\"https:\/\/tourtravelandmore.com\/es\/#\/schema\/logo\/image\/\",\"url\":\"https:\/\/tourtravelandmore.com\/wp-content\/uploads\/2022\/12\/cropped-logo-cabecera-new.png\",\"contentUrl\":\"https:\/\/tourtravelandmore.com\/wp-content\/uploads\/2022\/12\/cropped-logo-cabecera-new.png\",\"width\":430,\"height\":61,\"caption\":\"Tour Travel And More\"},\"image\":{\"@id\":\"https:\/\/tourtravelandmore.com\/es\/#\/schema\/logo\/image\/\"},\"sameAs\":[\"https:\/\/www.facebook.com\/tourtravelandmore\/\",\"https:\/\/x.com\/TourTravel_More\"]}]}<\/script>\n<!-- \/ Yoast SEO Premium plugin. -->","yoast_head_json":{"title":"\u27a1\ufe0f Tour privado de Atenas con gu\u00eda privado y coche de lujo | Tour Travel & More","description":"\u00bfQuiere descubrir los secretos de las mayores civilizaciones del mundo? Experimente la belleza de Atenas en un tour privado con Tour Travel & More \u2705","robots":{"index":"index","follow":"follow","max-snippet":"max-snippet:-1","max-image-preview":"max-image-preview:large","max-video-preview":"max-video-preview:-1"},"canonical":"https:\/\/tourtravelandmore.com\/es\/tours\/grecia-es\/atenas-es\/tour-privado-de-medio-dia-por-atenas\/","og_locale":"es_ES","og_type":"article","og_title":"Tour Privado de Atenas","og_description":"\u00bfQuiere descubrir los secretos de las mayores civilizaciones del mundo? Experimente la belleza de Atenas en un tour privado con Tour Travel & More \u2705","og_url":"https:\/\/tourtravelandmore.com\/es\/tours\/grecia-es\/atenas-es\/tour-privado-de-medio-dia-por-atenas\/","og_site_name":"Tour Travel And More","article_publisher":"https:\/\/www.facebook.com\/tourtravelandmore\/","article_modified_time":"2023-09-22T07:45:58+00:00","og_image":[{"width":1280,"height":839,"url":"https:\/\/tourtravelandmore.com\/wp-content\/uploads\/2019\/08\/acropolis-12044_1280.jpg","type":"image\/jpeg"}],"twitter_card":"summary_large_image","twitter_site":"@TourTravel_More","twitter_misc":{"Tiempo de lectura":"3 minutos"},"schema":{"@context":"https:\/\/schema.org","@graph":[{"@type":"WebPage","@id":"https:\/\/tourtravelandmore.com\/es\/tours\/grecia-es\/atenas-es\/tour-privado-de-medio-dia-por-atenas\/","url":"https:\/\/tourtravelandmore.com\/es\/tours\/grecia-es\/atenas-es\/tour-privado-de-medio-dia-por-atenas\/","name":"\u27a1\ufe0f Tour privado de Atenas con gu\u00eda privado y coche de lujo | Tour Travel & More","isPartOf":{"@id":"https:\/\/tourtravelandmore.com\/es\/#website"},"primaryImageOfPage":{"@id":"https:\/\/tourtravelandmore.com\/es\/tours\/grecia-es\/atenas-es\/tour-privado-de-medio-dia-por-atenas\/#primaryimage"},"image":{"@id":"https:\/\/tourtravelandmore.com\/es\/tours\/grecia-es\/atenas-es\/tour-privado-de-medio-dia-por-atenas\/#primaryimage"},"thumbnailUrl":"https:\/\/tourtravelandmore.com\/wp-content\/uploads\/2019\/08\/acropolis-12044_1280.jpg","datePublished":"2019-08-22T09:34:51+00:00","dateModified":"2023-09-22T07:45:58+00:00","description":"\u00bfQuiere descubrir los secretos de las mayores civilizaciones del mundo? Experimente la belleza de Atenas en un tour privado con Tour Travel & More \u2705","breadcrumb":{"@id":"https:\/\/tourtravelandmore.com\/es\/tours\/grecia-es\/atenas-es\/tour-privado-de-medio-dia-por-atenas\/#breadcrumb"},"inLanguage":"es","potentialAction":[{"@type":"ReadAction","target":["https:\/\/tourtravelandmore.com\/es\/tours\/grecia-es\/atenas-es\/tour-privado-de-medio-dia-por-atenas\/"]}]},{"@type":"ImageObject","inLanguage":"es","@id":"https:\/\/tourtravelandmore.com\/es\/tours\/grecia-es\/atenas-es\/tour-privado-de-medio-dia-por-atenas\/#primaryimage","url":"https:\/\/tourtravelandmore.com\/wp-content\/uploads\/2019\/08\/acropolis-12044_1280.jpg","contentUrl":"https:\/\/tourtravelandmore.com\/wp-content\/uploads\/2019\/08\/acropolis-12044_1280.jpg","width":1280,"height":839},{"@type":"BreadcrumbList","@id":"https:\/\/tourtravelandmore.com\/es\/tours\/grecia-es\/atenas-es\/tour-privado-de-medio-dia-por-atenas\/#breadcrumb","itemListElement":[{"@type":"ListItem","position":1,"name":"Home","item":"https:\/\/tourtravelandmore.com\/es\/"},{"@type":"ListItem","position":2,"name":"Tours","item":"https:\/\/tourtravelandmore.com\/es\/tours\/"},{"@type":"ListItem","position":3,"name":"Tour Privado de Atenas"}]},{"@type":"WebSite","@id":"https:\/\/tourtravelandmore.com\/es\/#website","url":"https:\/\/tourtravelandmore.com\/es\/","name":"Tour Travel And More","description":"Private sightseeing tours and luxury transfers in Spain","publisher":{"@id":"https:\/\/tourtravelandmore.com\/es\/#organization"},"potentialAction":[{"@type":"SearchAction","target":{"@type":"EntryPoint","urlTemplate":"https:\/\/tourtravelandmore.com\/es\/?s={search_term_string}"},"query-input":{"@type":"PropertyValueSpecification","valueRequired":true,"valueName":"search_term_string"}}],"inLanguage":"es"},{"@type":"Organization","@id":"https:\/\/tourtravelandmore.com\/es\/#organization","name":"Tour Travel And More","url":"https:\/\/tourtravelandmore.com\/es\/","logo":{"@type":"ImageObject","inLanguage":"es","@id":"https:\/\/tourtravelandmore.com\/es\/#\/schema\/logo\/image\/","url":"https:\/\/tourtravelandmore.com\/wp-content\/uploads\/2022\/12\/cropped-logo-cabecera-new.png","contentUrl":"https:\/\/tourtravelandmore.com\/wp-content\/uploads\/2022\/12\/cropped-logo-cabecera-new.png","width":430,"height":61,"caption":"Tour Travel And More"},"image":{"@id":"https:\/\/tourtravelandmore.com\/es\/#\/schema\/logo\/image\/"},"sameAs":["https:\/\/www.facebook.com\/tourtravelandmore\/","https:\/\/x.com\/TourTravel_More"]}]}},"_links":{"self":[{"href":"https:\/\/tourtravelandmore.com\/es\/wp-json\/wp\/v2\/product\/64329","targetHints":{"allow":["GET"]}}],"collection":[{"href":"https:\/\/tourtravelandmore.com\/es\/wp-json\/wp\/v2\/product"}],"about":[{"href":"https:\/\/tourtravelandmore.com\/es\/wp-json\/wp\/v2\/types\/product"}],"replies":[{"embeddable":true,"href":"https:\/\/tourtravelandmore.com\/es\/wp-json\/wp\/v2\/comments?post=64329"}],"wp:featuredmedia":[{"embeddable":true,"href":"https:\/\/tourtravelandmore.com\/es\/wp-json\/wp\/v2\/media\/64339"}],"wp:attachment":[{"href":"https:\/\/tourtravelandmore.com\/es\/wp-json\/wp\/v2\/media?parent=64329"}],"wp:term":[{"taxonomy":"product_brand","embeddable":true,"href":"https:\/\/tourtravelandmore.com\/es\/wp-json\/wp\/v2\/product_brand?post=64329"},{"taxonomy":"product_cat","embeddable":true,"href":"https:\/\/tourtravelandmore.com\/es\/wp-json\/wp\/v2\/product_cat?post=64329"},{"taxonomy":"product_tag","embeddable":true,"href":"https:\/\/tourtravelandmore.com\/es\/wp-json\/wp\/v2\/product_tag?post=64329"}],"curies":[{"name":"wp","href":"https:\/\/api.w.org\/{rel}","templated":true}]}}