{"id":64296,"date":"2019-08-22T10:16:58","date_gmt":"2019-08-22T08:16:58","guid":{"rendered":"https:\/\/tourtravelandmore.com\/?post_type=product&#038;p=64296"},"modified":"2023-09-22T10:10:44","modified_gmt":"2023-09-22T08:10:44","slug":"excursion-de-dia-completo-al-cabo-sunion-y-al-templo-de-poseidon","status":"publish","type":"product","link":"https:\/\/tourtravelandmore.com\/es\/tours\/grecia-es\/atenas-es\/excursion-de-dia-completo-al-cabo-sunion-y-al-templo-de-poseidon\/","title":{"rendered":"Excursi\u00f3n a Cabo Suni\u00f3n y Templo de Poseid\u00f3n &#8211; Tour Privado desde Atenas"},"content":{"rendered":"<h2><strong>Descripci\u00f3n de la Excursi\u00f3n a Cabo Suni\u00f3n y Templo de Poseid\u00f3n<\/strong><\/h2>\n<p>Aproveche sus vacaciones en Atenas y disfrute de esta <strong>Excursi\u00f3n a Cabo Suni\u00f3n y Templo de Poseid\u00f3n<\/strong>. Su <strong>conductor privado<\/strong> y <strong>gu\u00eda tur\u00edstico oficial<\/strong> lo recoger\u00e1n en el lugar que prefiera en la ciudad de Atenas.<\/p>\n<p><strong>Atenas<\/strong> es la capital y ciudad m\u00e1s grande de Grecia y domina la regi\u00f3n de \u00c1tica. De hecho, es uno de los mayores centros econ\u00f3micos del sureste de Europa.<\/p>\n<p>Durante este recorrido, visitar\u00e1 el <strong>Cabo Suni\u00f3n y el Templo de Poseid\u00f3n<\/strong>, que son uno de los sitios m\u00e1s evocadores de la antigua Grecia y una de las principales atracciones para los visitantes. Es el promontorio en el extremo sur de la pen\u00ednsula del \u00c1tico, a 70 kil\u00f3metros al sureste de Atenas.<\/p>\n<p>Tendr\u00e1s a tu total disposici\u00f3n un v<strong>eh\u00edculo privado de lujo con conductor<\/strong> para una experiencia completa. La entrada al templo de Poseid\u00f3n est\u00e1 incluida en el precio del tour.<\/p>\n<p>Otra opci\u00f3n de tour de medio d\u00eda desde Atenas es nuestro <a href=\"https:\/\/tourtravelandmore.com\/es\/tours\/grecia-es\/atenas-es\/tour-privado-eleusis-desde-atenas\/\">tour privado a Eleusis desde Atenas<\/a>, \u00a1\u00e9chale un vistazo!.<\/p>\n<h2><strong>Puntos de inter\u00e9s en la Excursi\u00f3n a Cabo Suni\u00f3n y Templo de Poseid\u00f3n<\/strong><\/h2>\n<p>En primer lugar, su conductor privado y gu\u00eda tur\u00edstico oficial lo recoger\u00e1n en su hotel o lugar de elecci\u00f3n en Atenas. Como se trata de una excursi\u00f3n privada, puede elegir la hora de inicio de su recorrido.<\/p>\n<p><strong>Cabo Sunion<\/strong> es conocido por su <a href=\"http:\/\/odysseus.culture.gr\/h\/3\/eh355.jsp?obj_id=2390\">Templo de Poseid\u00f3n<\/a>, uno de los principales monumentos de la Edad de Oro de Atenas. Sus restos se encuentran encaramados en el promontorio, rodeados por sus tres lados por el mar. Es una de las reliquias antiguas m\u00e1s magn\u00edficas de toda Grecia.<\/p>\n<p>Quedar\u00e1s hipnotizado por las mantas de azules, rojos y naranjas que envuelven el templo mientras el sol desciende hacia el mar. El sitio cubre aproximadamente un acre e incluye un segundo templo m\u00e1s peque\u00f1o para Atenea. Esta impresionante obra maestra arquitect\u00f3nica, hecha completamente de m\u00e1rmol blanco, ha sobrevivido a m\u00e1s de 2.800 a\u00f1os de guerra. Ver el templo de Poseid\u00f3n de cerca es sentir asombro y conocer una sensaci\u00f3n de permanencia y atemporalidad.<\/p>\n<p>Esta excursi\u00f3n privada a Cabo Sunion y templo de Poseid\u00f3n es perfecto para aquellos que est\u00e1n realmente interesados \u200b\u200ben las reliquias antiguas. Disfrutar\u00e1s de este tour c\u00f3mo ning\u00fan otro, ya que este lugar tiene su propia magia, en otras palabras, terminar\u00e1s am\u00e1ndolo.<\/p>\n<p>El recorrido es totalmente personalizable. Comun\u00edquese con nosotros para hacer de su recorrido una experiencia \u00fanica y ayudarlo a organizar su recorrido privado a su conveniencia.<\/p>\n","protected":false},"excerpt":{"rendered":"<p>Disfrute de esta <strong>excursi\u00f3n completamente privada<\/strong> al <strong>cabo Suni\u00f3n<\/strong> y al <strong>templo de Poseid\u00f3n<\/strong> con su <strong>gu\u00eda oficial<\/strong> <strong>privado<\/strong> en la comodidad de su <strong>veh\u00edculo de lujo<\/strong>. No pierda la oportunidad de conocer y experimentar el verdadero estilo de vida y cultura griega. Cada tour puede ser personalizado con tan solo contactarnos. Este tour puede ser tomado como un modelo, ya que podemos crear y ajustar el recorrido de tour para satisfacer sus intereses personales.<\/p>\n<p>&nbsp;<\/p>\n","protected":false},"featured_media":64309,"comment_status":"open","ping_status":"closed","template":"","meta":{"_acf_changed":false},"product_brand":[],"product_cat":[1251,1252,1253,1254],"product_tag":[],"class_list":{"0":"post-64296","1":"product","2":"type-product","3":"status-publish","4":"has-post-thumbnail","6":"product_cat-atenas-es","7":"product_cat-atenas-actividades-es","8":"product_cat-atenas-rutas-turisticas-privadas-es","9":"product_cat-atenas-excursiones-privadas-cruceros-es","11":"first","12":"instock","13":"shipping-taxable","14":"purchasable","15":"product-type-simple"},"acf":[],"yoast_head":"<!-- This site is optimized with the Yoast SEO Premium plugin v25.3.1 (Yoast SEO v25.3.1) - https:\/\/yoast.com\/wordpress\/plugins\/seo\/ -->\n<title>\u27a1\ufe0f Excursi\u00f3n privada a Cabo Suni\u00f3n y Templo de Poseid\u00f3n | Tour Travel &amp; More<\/title>\n<meta name=\"description\" content=\"Excursi\u00f3n privada a Cabo Suni\u00f3n y Templo de Poseid\u00f3n desde Atenas en veh\u00edculo privado de lujo con chofer. Entrada al Templo incluida en el precio \u2705\" \/>\n<meta name=\"robots\" content=\"index, follow, max-snippet:-1, max-image-preview:large, max-video-preview:-1\" \/>\n<link rel=\"canonical\" href=\"https:\/\/tourtravelandmore.com\/es\/tours\/grecia-es\/atenas-es\/excursion-de-dia-completo-al-cabo-sunion-y-al-templo-de-poseidon\/\" \/>\n<meta property=\"og:locale\" content=\"es_ES\" \/>\n<meta property=\"og:type\" content=\"article\" \/>\n<meta property=\"og:title\" content=\"Excursi\u00f3n a Cabo Suni\u00f3n y Templo de Poseid\u00f3n - Tour Privado desde Atenas\" \/>\n<meta property=\"og:description\" content=\"Excursi\u00f3n privada a Cabo Suni\u00f3n y Templo de Poseid\u00f3n desde Atenas en veh\u00edculo privado de lujo con chofer. Entrada al Templo incluida en el precio \u2705\" \/>\n<meta property=\"og:url\" content=\"https:\/\/tourtravelandmore.com\/es\/tours\/grecia-es\/atenas-es\/excursion-de-dia-completo-al-cabo-sunion-y-al-templo-de-poseidon\/\" \/>\n<meta property=\"og:site_name\" content=\"Tour Travel And More\" \/>\n<meta property=\"article:publisher\" content=\"https:\/\/www.facebook.com\/tourtravelandmore\/\" \/>\n<meta property=\"article:modified_time\" content=\"2023-09-22T08:10:44+00:00\" \/>\n<meta property=\"og:image\" content=\"https:\/\/tourtravelandmore.com\/wp-content\/uploads\/2019\/08\/35142360504_f590b49a9e_o.jpg\" \/>\n\t<meta property=\"og:image:width\" content=\"1000\" \/>\n\t<meta property=\"og:image:height\" content=\"662\" \/>\n\t<meta property=\"og:image:type\" content=\"image\/jpeg\" \/>\n<meta name=\"twitter:card\" content=\"summary_large_image\" \/>\n<meta name=\"twitter:site\" content=\"@TourTravel_More\" \/>\n<meta name=\"twitter:label1\" content=\"Tiempo de lectura\" \/>\n\t<meta name=\"twitter:data1\" content=\"2 minutos\" \/>\n<script type=\"application\/ld+json\" class=\"yoast-schema-graph\">{\"@context\":\"https:\/\/schema.org\",\"@graph\":[{\"@type\":\"WebPage\",\"@id\":\"https:\/\/tourtravelandmore.com\/es\/tours\/grecia-es\/atenas-es\/excursion-de-dia-completo-al-cabo-sunion-y-al-templo-de-poseidon\/\",\"url\":\"https:\/\/tourtravelandmore.com\/es\/tours\/grecia-es\/atenas-es\/excursion-de-dia-completo-al-cabo-sunion-y-al-templo-de-poseidon\/\",\"name\":\"\u27a1\ufe0f Excursi\u00f3n privada a Cabo Suni\u00f3n y Templo de Poseid\u00f3n | Tour Travel & More\",\"isPartOf\":{\"@id\":\"https:\/\/tourtravelandmore.com\/es\/#website\"},\"primaryImageOfPage\":{\"@id\":\"https:\/\/tourtravelandmore.com\/es\/tours\/grecia-es\/atenas-es\/excursion-de-dia-completo-al-cabo-sunion-y-al-templo-de-poseidon\/#primaryimage\"},\"image\":{\"@id\":\"https:\/\/tourtravelandmore.com\/es\/tours\/grecia-es\/atenas-es\/excursion-de-dia-completo-al-cabo-sunion-y-al-templo-de-poseidon\/#primaryimage\"},\"thumbnailUrl\":\"https:\/\/tourtravelandmore.com\/wp-content\/uploads\/2019\/08\/35142360504_f590b49a9e_o.jpg\",\"datePublished\":\"2019-08-22T08:16:58+00:00\",\"dateModified\":\"2023-09-22T08:10:44+00:00\",\"description\":\"Excursi\u00f3n privada a Cabo Suni\u00f3n y Templo de Poseid\u00f3n desde Atenas en veh\u00edculo privado de lujo con chofer. Entrada al Templo incluida en el precio \u2705\",\"breadcrumb\":{\"@id\":\"https:\/\/tourtravelandmore.com\/es\/tours\/grecia-es\/atenas-es\/excursion-de-dia-completo-al-cabo-sunion-y-al-templo-de-poseidon\/#breadcrumb\"},\"inLanguage\":\"es\",\"potentialAction\":[{\"@type\":\"ReadAction\",\"target\":[\"https:\/\/tourtravelandmore.com\/es\/tours\/grecia-es\/atenas-es\/excursion-de-dia-completo-al-cabo-sunion-y-al-templo-de-poseidon\/\"]}]},{\"@type\":\"ImageObject\",\"inLanguage\":\"es\",\"@id\":\"https:\/\/tourtravelandmore.com\/es\/tours\/grecia-es\/atenas-es\/excursion-de-dia-completo-al-cabo-sunion-y-al-templo-de-poseidon\/#primaryimage\",\"url\":\"https:\/\/tourtravelandmore.com\/wp-content\/uploads\/2019\/08\/35142360504_f590b49a9e_o.jpg\",\"contentUrl\":\"https:\/\/tourtravelandmore.com\/wp-content\/uploads\/2019\/08\/35142360504_f590b49a9e_o.jpg\",\"width\":1000,\"height\":662},{\"@type\":\"BreadcrumbList\",\"@id\":\"https:\/\/tourtravelandmore.com\/es\/tours\/grecia-es\/atenas-es\/excursion-de-dia-completo-al-cabo-sunion-y-al-templo-de-poseidon\/#breadcrumb\",\"itemListElement\":[{\"@type\":\"ListItem\",\"position\":1,\"name\":\"Home\",\"item\":\"https:\/\/tourtravelandmore.com\/es\/\"},{\"@type\":\"ListItem\",\"position\":2,\"name\":\"Tours\",\"item\":\"https:\/\/tourtravelandmore.com\/es\/tours\/\"},{\"@type\":\"ListItem\",\"position\":3,\"name\":\"Excursi\u00f3n a Cabo Suni\u00f3n y Templo de Poseid\u00f3n &#8211; Tour Privado desde Atenas\"}]},{\"@type\":\"WebSite\",\"@id\":\"https:\/\/tourtravelandmore.com\/es\/#website\",\"url\":\"https:\/\/tourtravelandmore.com\/es\/\",\"name\":\"Tour Travel And More\",\"description\":\"Private sightseeing tours and luxury transfers in Spain\",\"publisher\":{\"@id\":\"https:\/\/tourtravelandmore.com\/es\/#organization\"},\"potentialAction\":[{\"@type\":\"SearchAction\",\"target\":{\"@type\":\"EntryPoint\",\"urlTemplate\":\"https:\/\/tourtravelandmore.com\/es\/?s={search_term_string}\"},\"query-input\":{\"@type\":\"PropertyValueSpecification\",\"valueRequired\":true,\"valueName\":\"search_term_string\"}}],\"inLanguage\":\"es\"},{\"@type\":\"Organization\",\"@id\":\"https:\/\/tourtravelandmore.com\/es\/#organization\",\"name\":\"Tour Travel And More\",\"url\":\"https:\/\/tourtravelandmore.com\/es\/\",\"logo\":{\"@type\":\"ImageObject\",\"inLanguage\":\"es\",\"@id\":\"https:\/\/tourtravelandmore.com\/es\/#\/schema\/logo\/image\/\",\"url\":\"https:\/\/tourtravelandmore.com\/wp-content\/uploads\/2022\/12\/cropped-logo-cabecera-new.png\",\"contentUrl\":\"https:\/\/tourtravelandmore.com\/wp-content\/uploads\/2022\/12\/cropped-logo-cabecera-new.png\",\"width\":430,\"height\":61,\"caption\":\"Tour Travel And More\"},\"image\":{\"@id\":\"https:\/\/tourtravelandmore.com\/es\/#\/schema\/logo\/image\/\"},\"sameAs\":[\"https:\/\/www.facebook.com\/tourtravelandmore\/\",\"https:\/\/x.com\/TourTravel_More\"]}]}<\/script>\n<!-- \/ Yoast SEO Premium plugin. -->","yoast_head_json":{"title":"\u27a1\ufe0f Excursi\u00f3n privada a Cabo Suni\u00f3n y Templo de Poseid\u00f3n | Tour Travel & More","description":"Excursi\u00f3n privada a Cabo Suni\u00f3n y Templo de Poseid\u00f3n desde Atenas en veh\u00edculo privado de lujo con chofer. Entrada al Templo incluida en el precio \u2705","robots":{"index":"index","follow":"follow","max-snippet":"max-snippet:-1","max-image-preview":"max-image-preview:large","max-video-preview":"max-video-preview:-1"},"canonical":"https:\/\/tourtravelandmore.com\/es\/tours\/grecia-es\/atenas-es\/excursion-de-dia-completo-al-cabo-sunion-y-al-templo-de-poseidon\/","og_locale":"es_ES","og_type":"article","og_title":"Excursi\u00f3n a Cabo Suni\u00f3n y Templo de Poseid\u00f3n - Tour Privado desde Atenas","og_description":"Excursi\u00f3n privada a Cabo Suni\u00f3n y Templo de Poseid\u00f3n desde Atenas en veh\u00edculo privado de lujo con chofer. Entrada al Templo incluida en el precio \u2705","og_url":"https:\/\/tourtravelandmore.com\/es\/tours\/grecia-es\/atenas-es\/excursion-de-dia-completo-al-cabo-sunion-y-al-templo-de-poseidon\/","og_site_name":"Tour Travel And More","article_publisher":"https:\/\/www.facebook.com\/tourtravelandmore\/","article_modified_time":"2023-09-22T08:10:44+00:00","og_image":[{"width":1000,"height":662,"url":"https:\/\/tourtravelandmore.com\/wp-content\/uploads\/2019\/08\/35142360504_f590b49a9e_o.jpg","type":"image\/jpeg"}],"twitter_card":"summary_large_image","twitter_site":"@TourTravel_More","twitter_misc":{"Tiempo de lectura":"2 minutos"},"schema":{"@context":"https:\/\/schema.org","@graph":[{"@type":"WebPage","@id":"https:\/\/tourtravelandmore.com\/es\/tours\/grecia-es\/atenas-es\/excursion-de-dia-completo-al-cabo-sunion-y-al-templo-de-poseidon\/","url":"https:\/\/tourtravelandmore.com\/es\/tours\/grecia-es\/atenas-es\/excursion-de-dia-completo-al-cabo-sunion-y-al-templo-de-poseidon\/","name":"\u27a1\ufe0f Excursi\u00f3n privada a Cabo Suni\u00f3n y Templo de Poseid\u00f3n | Tour Travel & More","isPartOf":{"@id":"https:\/\/tourtravelandmore.com\/es\/#website"},"primaryImageOfPage":{"@id":"https:\/\/tourtravelandmore.com\/es\/tours\/grecia-es\/atenas-es\/excursion-de-dia-completo-al-cabo-sunion-y-al-templo-de-poseidon\/#primaryimage"},"image":{"@id":"https:\/\/tourtravelandmore.com\/es\/tours\/grecia-es\/atenas-es\/excursion-de-dia-completo-al-cabo-sunion-y-al-templo-de-poseidon\/#primaryimage"},"thumbnailUrl":"https:\/\/tourtravelandmore.com\/wp-content\/uploads\/2019\/08\/35142360504_f590b49a9e_o.jpg","datePublished":"2019-08-22T08:16:58+00:00","dateModified":"2023-09-22T08:10:44+00:00","description":"Excursi\u00f3n privada a Cabo Suni\u00f3n y Templo de Poseid\u00f3n desde Atenas en veh\u00edculo privado de lujo con chofer. Entrada al Templo incluida en el precio \u2705","breadcrumb":{"@id":"https:\/\/tourtravelandmore.com\/es\/tours\/grecia-es\/atenas-es\/excursion-de-dia-completo-al-cabo-sunion-y-al-templo-de-poseidon\/#breadcrumb"},"inLanguage":"es","potentialAction":[{"@type":"ReadAction","target":["https:\/\/tourtravelandmore.com\/es\/tours\/grecia-es\/atenas-es\/excursion-de-dia-completo-al-cabo-sunion-y-al-templo-de-poseidon\/"]}]},{"@type":"ImageObject","inLanguage":"es","@id":"https:\/\/tourtravelandmore.com\/es\/tours\/grecia-es\/atenas-es\/excursion-de-dia-completo-al-cabo-sunion-y-al-templo-de-poseidon\/#primaryimage","url":"https:\/\/tourtravelandmore.com\/wp-content\/uploads\/2019\/08\/35142360504_f590b49a9e_o.jpg","contentUrl":"https:\/\/tourtravelandmore.com\/wp-content\/uploads\/2019\/08\/35142360504_f590b49a9e_o.jpg","width":1000,"height":662},{"@type":"BreadcrumbList","@id":"https:\/\/tourtravelandmore.com\/es\/tours\/grecia-es\/atenas-es\/excursion-de-dia-completo-al-cabo-sunion-y-al-templo-de-poseidon\/#breadcrumb","itemListElement":[{"@type":"ListItem","position":1,"name":"Home","item":"https:\/\/tourtravelandmore.com\/es\/"},{"@type":"ListItem","position":2,"name":"Tours","item":"https:\/\/tourtravelandmore.com\/es\/tours\/"},{"@type":"ListItem","position":3,"name":"Excursi\u00f3n a Cabo Suni\u00f3n y Templo de Poseid\u00f3n &#8211; Tour Privado desde Atenas"}]},{"@type":"WebSite","@id":"https:\/\/tourtravelandmore.com\/es\/#website","url":"https:\/\/tourtravelandmore.com\/es\/","name":"Tour Travel And More","description":"Private sightseeing tours and luxury transfers in Spain","publisher":{"@id":"https:\/\/tourtravelandmore.com\/es\/#organization"},"potentialAction":[{"@type":"SearchAction","target":{"@type":"EntryPoint","urlTemplate":"https:\/\/tourtravelandmore.com\/es\/?s={search_term_string}"},"query-input":{"@type":"PropertyValueSpecification","valueRequired":true,"valueName":"search_term_string"}}],"inLanguage":"es"},{"@type":"Organization","@id":"https:\/\/tourtravelandmore.com\/es\/#organization","name":"Tour Travel And More","url":"https:\/\/tourtravelandmore.com\/es\/","logo":{"@type":"ImageObject","inLanguage":"es","@id":"https:\/\/tourtravelandmore.com\/es\/#\/schema\/logo\/image\/","url":"https:\/\/tourtravelandmore.com\/wp-content\/uploads\/2022\/12\/cropped-logo-cabecera-new.png","contentUrl":"https:\/\/tourtravelandmore.com\/wp-content\/uploads\/2022\/12\/cropped-logo-cabecera-new.png","width":430,"height":61,"caption":"Tour Travel And More"},"image":{"@id":"https:\/\/tourtravelandmore.com\/es\/#\/schema\/logo\/image\/"},"sameAs":["https:\/\/www.facebook.com\/tourtravelandmore\/","https:\/\/x.com\/TourTravel_More"]}]}},"_links":{"self":[{"href":"https:\/\/tourtravelandmore.com\/es\/wp-json\/wp\/v2\/product\/64296","targetHints":{"allow":["GET"]}}],"collection":[{"href":"https:\/\/tourtravelandmore.com\/es\/wp-json\/wp\/v2\/product"}],"about":[{"href":"https:\/\/tourtravelandmore.com\/es\/wp-json\/wp\/v2\/types\/product"}],"replies":[{"embeddable":true,"href":"https:\/\/tourtravelandmore.com\/es\/wp-json\/wp\/v2\/comments?post=64296"}],"wp:featuredmedia":[{"embeddable":true,"href":"https:\/\/tourtravelandmore.com\/es\/wp-json\/wp\/v2\/media\/64309"}],"wp:attachment":[{"href":"https:\/\/tourtravelandmore.com\/es\/wp-json\/wp\/v2\/media?parent=64296"}],"wp:term":[{"taxonomy":"product_brand","embeddable":true,"href":"https:\/\/tourtravelandmore.com\/es\/wp-json\/wp\/v2\/product_brand?post=64296"},{"taxonomy":"product_cat","embeddable":true,"href":"https:\/\/tourtravelandmore.com\/es\/wp-json\/wp\/v2\/product_cat?post=64296"},{"taxonomy":"product_tag","embeddable":true,"href":"https:\/\/tourtravelandmore.com\/es\/wp-json\/wp\/v2\/product_tag?post=64296"}],"curies":[{"name":"wp","href":"https:\/\/api.w.org\/{rel}","templated":true}]}}