{"id":64276,"date":"2019-08-22T09:04:43","date_gmt":"2019-08-22T07:04:44","guid":{"rendered":"https:\/\/tourtravelandmore.com\/?post_type=product&#038;p=64276"},"modified":"2023-09-22T10:09:05","modified_gmt":"2023-09-22T08:09:05","slug":"excursion-privado-de-dia-completo-en-delfos-desde-atenas","status":"publish","type":"product","link":"https:\/\/tourtravelandmore.com\/es\/tours\/grecia-es\/atenas-es\/excursion-privado-de-dia-completo-en-delfos-desde-atenas\/","title":{"rendered":"Tour Privado a Delfos desde Atenas"},"content":{"rendered":"<h2><b>Descripci\u00f3n de la excursi\u00f3n privada a Delfos desde Atenas<\/b><\/h2>\n<p><span style=\"font-weight: 400;\">La excursi\u00f3n privada a Delfos desde Atenas es una experiencia \u00fanica que te permitir\u00e1 conocer el lugar en el que se origin\u00f3 la civilizaci\u00f3n occidental. El viaje incluye la visita de las ruinas de Delfos, el santuario de Apolo, y la acr\u00f3polis de Atenas.<\/span><\/p>\n<p><span style=\"font-weight: 400;\">En primer lugar, le recogeremos desde su hotel o lugar de partida en Atenas, el recorrido tiene un lapso de <\/span><b>10 horas <\/b><span style=\"font-weight: 400;\">y le incluye veh\u00edculo de lujo con chofer privado, gu\u00eda tur\u00edstico experto en Delfos que responder\u00e1 a todas sus interrogantes durante el recorrido.<\/span><\/p>\n<p><span style=\"font-weight: 400;\">\u00a1Ser\u00e1 una experiencia de lujo inolvidable!<\/span><\/p>\n<p><span style=\"font-weight: 400;\">Si est\u00e1 buscando una manera alternativa de visitar el famoso santuario de Delfos, le recomendamos una excursi\u00f3n privada desde Atenas. Nuestro servicio exclusivo le ofrece la oportunidad de descubrir esta maravillosa zona de Grecia en el confort y la seguridad de un veh\u00edculo privado. Nuestro gu\u00eda experto le llevar\u00e1 a trav\u00e9s de las pintorescas carreteras de la regi\u00f3n.<\/span><\/p>\n<p><span style=\"font-weight: 400;\">Disfrute de la flexibilidad de este tour donde podemos enfocarnos en los sitios que le interesan. Durante su recorrido, su gu\u00eda tur\u00edstico oficial privado y su conductor estar\u00e1n a su total disposici\u00f3n.<\/span><\/p>\n<h2><b>Puntos de inter\u00e9s de la excursi\u00f3n privada a Delfos desde Atenas<\/b><\/h2>\n<p><span style=\"font-weight: 400;\">La excursi\u00f3n privada a Delfos desde Atenas es una experiencia \u00fanica que te permitir\u00e1 conocer el lugar en el que se origin\u00f3 la civilizaci\u00f3n occidental. El viaje incluye la visita de las ruinas de Delfos, el santuario de Apolo, y la acr\u00f3polis de Atenas.<\/span><\/p>\n<h3><b>Centro Arqueol\u00f3gico de Delfos<\/b><\/h3>\n<p><span style=\"font-weight: 400;\">Delfos es una ciudad situada en la cima del monte Parnaso, en el sur de Grecia. Se construy\u00f3 durante el periodo del siglo IV a.C. el templo de Apolo y conten\u00eda el m\u00edtico or\u00e1culo. El complejo de excavaciones arqueol\u00f3gicas incluye los restos de los templos que albergaban a Apolo y a Atenea Pronaia, as\u00ed como un antiguo estadio y un teatro. Su Museo Arqueol\u00f3gico expone los objetos encontrados en la ruina.<\/span><\/p>\n<p><span style=\"font-weight: 400;\">Durante el recorrido descubrir\u00e1s los lugares m\u00e1s emblem\u00e1ticos de Delfos como:<\/span><\/p>\n<ul>\n<li aria-level=\"1\"><b>Colina de la Acr\u00f3polis<\/b><\/li>\n<\/ul>\n<ul>\n<li aria-level=\"1\"><b>Sitio Arqueol\u00f3gico de Delfos\u00a0<\/b><\/li>\n<\/ul>\n<ul>\n<li aria-level=\"1\"><b>Templo de Apolo<\/b><\/li>\n<\/ul>\n<ul>\n<li aria-level=\"1\"><b>Estadio Delfos<\/b><\/li>\n<\/ul>\n<ul>\n<li aria-level=\"1\"><b>Museo Arqueol\u00f3gico<\/b><\/li>\n<\/ul>\n<ul>\n<li aria-level=\"1\"><b>Auriga de Delfos<\/b><\/li>\n<\/ul>\n<ul>\n<li aria-level=\"1\"><b>Pueblo de Delfos<\/b><\/li>\n<\/ul>\n<ul>\n<li aria-level=\"1\"><b>\u00a1Y muchos m\u00e1s!<\/b><\/li>\n<\/ul>\n<p>&nbsp;<\/p>\n<p><span style=\"font-weight: 400;\">Si est\u00e1 buscando otra experiencia de d\u00eda completa, eche un vistazo a <\/span><a href=\"https:\/\/tourtravelandmore.com\/es\/tours\/grecia-es\/atenas-es\/tour-privado-dia-completo-a-atenas-y-corinto\/\"><span style=\"font-weight: 400;\">nuestro tour privado por Atenas y Corintio Antiguo<\/span><\/a><span style=\"font-weight: 400;\">.<\/span><\/p>\n","protected":false},"excerpt":{"rendered":"<table>\n<tbody>\n<tr>\n<td><span style=\"font-weight: 400;\">Atenas es la ciudad m\u00e1s grande de Grecia y, por tanto, es el punto de partida ideal para explorar el resto del pa\u00eds. La excursi\u00f3n privada a Delfos desde Atenas es una excelente forma de conocer esta ciudad hist\u00f3rica, adem\u00e1s de visitar el famoso or\u00e1culo de Apolo.<\/span><\/td>\n<\/tr>\n<\/tbody>\n<\/table>\n","protected":false},"featured_media":64288,"comment_status":"open","ping_status":"closed","template":"","meta":{"_acf_changed":false},"product_brand":[],"product_cat":[1251,1252,1253,1254],"product_tag":[],"class_list":{"0":"post-64276","1":"product","2":"type-product","3":"status-publish","4":"has-post-thumbnail","6":"product_cat-atenas-es","7":"product_cat-atenas-actividades-es","8":"product_cat-atenas-rutas-turisticas-privadas-es","9":"product_cat-atenas-excursiones-privadas-cruceros-es","11":"first","12":"instock","13":"shipping-taxable","14":"purchasable","15":"product-type-simple"},"acf":[],"yoast_head":"<!-- This site is optimized with the Yoast SEO Premium plugin v25.3.1 (Yoast SEO v25.3.1) - https:\/\/yoast.com\/wordpress\/plugins\/seo\/ -->\n<title>\u27a1\ufe0f Excursi\u00f3n privada a Delfos desde Atenas | Tour Travel &amp; More<\/title>\n<meta name=\"description\" content=\"Viaje en privado a Delfos desde Atenas con Tour Travel &amp; More. Disfrute de una visita guiada a este santuario cl\u00e1sico de la antigua Grecia \u2705\" \/>\n<meta name=\"robots\" content=\"index, follow, max-snippet:-1, max-image-preview:large, max-video-preview:-1\" \/>\n<link rel=\"canonical\" href=\"https:\/\/tourtravelandmore.com\/es\/tours\/grecia-es\/atenas-es\/excursion-privado-de-dia-completo-en-delfos-desde-atenas\/\" \/>\n<meta property=\"og:locale\" content=\"es_ES\" \/>\n<meta property=\"og:type\" content=\"article\" \/>\n<meta property=\"og:title\" content=\"Tour Privado a Delfos desde Atenas\" \/>\n<meta property=\"og:description\" content=\"Viaje en privado a Delfos desde Atenas con Tour Travel &amp; More. Disfrute de una visita guiada a este santuario cl\u00e1sico de la antigua Grecia \u2705\" \/>\n<meta property=\"og:url\" content=\"https:\/\/tourtravelandmore.com\/es\/tours\/grecia-es\/atenas-es\/excursion-privado-de-dia-completo-en-delfos-desde-atenas\/\" \/>\n<meta property=\"og:site_name\" content=\"Tour Travel And More\" \/>\n<meta property=\"article:publisher\" content=\"https:\/\/www.facebook.com\/tourtravelandmore\/\" \/>\n<meta property=\"article:modified_time\" content=\"2023-09-22T08:09:05+00:00\" \/>\n<meta property=\"og:image\" content=\"https:\/\/tourtravelandmore.com\/wp-content\/uploads\/2019\/08\/delphi-1919203_1920.jpg\" \/>\n\t<meta property=\"og:image:width\" content=\"1920\" \/>\n\t<meta property=\"og:image:height\" content=\"1166\" \/>\n\t<meta property=\"og:image:type\" content=\"image\/jpeg\" \/>\n<meta name=\"twitter:card\" content=\"summary_large_image\" \/>\n<meta name=\"twitter:site\" content=\"@TourTravel_More\" \/>\n<meta name=\"twitter:label1\" content=\"Tiempo de lectura\" \/>\n\t<meta name=\"twitter:data1\" content=\"2 minutos\" \/>\n<script type=\"application\/ld+json\" class=\"yoast-schema-graph\">{\"@context\":\"https:\/\/schema.org\",\"@graph\":[{\"@type\":\"WebPage\",\"@id\":\"https:\/\/tourtravelandmore.com\/es\/tours\/grecia-es\/atenas-es\/excursion-privado-de-dia-completo-en-delfos-desde-atenas\/\",\"url\":\"https:\/\/tourtravelandmore.com\/es\/tours\/grecia-es\/atenas-es\/excursion-privado-de-dia-completo-en-delfos-desde-atenas\/\",\"name\":\"\u27a1\ufe0f Excursi\u00f3n privada a Delfos desde Atenas | Tour Travel & More\",\"isPartOf\":{\"@id\":\"https:\/\/tourtravelandmore.com\/es\/#website\"},\"primaryImageOfPage\":{\"@id\":\"https:\/\/tourtravelandmore.com\/es\/tours\/grecia-es\/atenas-es\/excursion-privado-de-dia-completo-en-delfos-desde-atenas\/#primaryimage\"},\"image\":{\"@id\":\"https:\/\/tourtravelandmore.com\/es\/tours\/grecia-es\/atenas-es\/excursion-privado-de-dia-completo-en-delfos-desde-atenas\/#primaryimage\"},\"thumbnailUrl\":\"https:\/\/tourtravelandmore.com\/wp-content\/uploads\/2019\/08\/delphi-1919203_1920.jpg\",\"datePublished\":\"2019-08-22T07:04:44+00:00\",\"dateModified\":\"2023-09-22T08:09:05+00:00\",\"description\":\"Viaje en privado a Delfos desde Atenas con Tour Travel & More. Disfrute de una visita guiada a este santuario cl\u00e1sico de la antigua Grecia \u2705\",\"breadcrumb\":{\"@id\":\"https:\/\/tourtravelandmore.com\/es\/tours\/grecia-es\/atenas-es\/excursion-privado-de-dia-completo-en-delfos-desde-atenas\/#breadcrumb\"},\"inLanguage\":\"es\",\"potentialAction\":[{\"@type\":\"ReadAction\",\"target\":[\"https:\/\/tourtravelandmore.com\/es\/tours\/grecia-es\/atenas-es\/excursion-privado-de-dia-completo-en-delfos-desde-atenas\/\"]}]},{\"@type\":\"ImageObject\",\"inLanguage\":\"es\",\"@id\":\"https:\/\/tourtravelandmore.com\/es\/tours\/grecia-es\/atenas-es\/excursion-privado-de-dia-completo-en-delfos-desde-atenas\/#primaryimage\",\"url\":\"https:\/\/tourtravelandmore.com\/wp-content\/uploads\/2019\/08\/delphi-1919203_1920.jpg\",\"contentUrl\":\"https:\/\/tourtravelandmore.com\/wp-content\/uploads\/2019\/08\/delphi-1919203_1920.jpg\",\"width\":1920,\"height\":1166},{\"@type\":\"BreadcrumbList\",\"@id\":\"https:\/\/tourtravelandmore.com\/es\/tours\/grecia-es\/atenas-es\/excursion-privado-de-dia-completo-en-delfos-desde-atenas\/#breadcrumb\",\"itemListElement\":[{\"@type\":\"ListItem\",\"position\":1,\"name\":\"Home\",\"item\":\"https:\/\/tourtravelandmore.com\/es\/\"},{\"@type\":\"ListItem\",\"position\":2,\"name\":\"Tours\",\"item\":\"https:\/\/tourtravelandmore.com\/es\/tours\/\"},{\"@type\":\"ListItem\",\"position\":3,\"name\":\"Tour Privado a Delfos desde Atenas\"}]},{\"@type\":\"WebSite\",\"@id\":\"https:\/\/tourtravelandmore.com\/es\/#website\",\"url\":\"https:\/\/tourtravelandmore.com\/es\/\",\"name\":\"Tour Travel And More\",\"description\":\"Private sightseeing tours and luxury transfers in Spain\",\"publisher\":{\"@id\":\"https:\/\/tourtravelandmore.com\/es\/#organization\"},\"potentialAction\":[{\"@type\":\"SearchAction\",\"target\":{\"@type\":\"EntryPoint\",\"urlTemplate\":\"https:\/\/tourtravelandmore.com\/es\/?s={search_term_string}\"},\"query-input\":{\"@type\":\"PropertyValueSpecification\",\"valueRequired\":true,\"valueName\":\"search_term_string\"}}],\"inLanguage\":\"es\"},{\"@type\":\"Organization\",\"@id\":\"https:\/\/tourtravelandmore.com\/es\/#organization\",\"name\":\"Tour Travel And More\",\"url\":\"https:\/\/tourtravelandmore.com\/es\/\",\"logo\":{\"@type\":\"ImageObject\",\"inLanguage\":\"es\",\"@id\":\"https:\/\/tourtravelandmore.com\/es\/#\/schema\/logo\/image\/\",\"url\":\"https:\/\/tourtravelandmore.com\/wp-content\/uploads\/2022\/12\/cropped-logo-cabecera-new.png\",\"contentUrl\":\"https:\/\/tourtravelandmore.com\/wp-content\/uploads\/2022\/12\/cropped-logo-cabecera-new.png\",\"width\":430,\"height\":61,\"caption\":\"Tour Travel And More\"},\"image\":{\"@id\":\"https:\/\/tourtravelandmore.com\/es\/#\/schema\/logo\/image\/\"},\"sameAs\":[\"https:\/\/www.facebook.com\/tourtravelandmore\/\",\"https:\/\/x.com\/TourTravel_More\"]}]}<\/script>\n<!-- \/ Yoast SEO Premium plugin. -->","yoast_head_json":{"title":"\u27a1\ufe0f Excursi\u00f3n privada a Delfos desde Atenas | Tour Travel & More","description":"Viaje en privado a Delfos desde Atenas con Tour Travel & More. Disfrute de una visita guiada a este santuario cl\u00e1sico de la antigua Grecia \u2705","robots":{"index":"index","follow":"follow","max-snippet":"max-snippet:-1","max-image-preview":"max-image-preview:large","max-video-preview":"max-video-preview:-1"},"canonical":"https:\/\/tourtravelandmore.com\/es\/tours\/grecia-es\/atenas-es\/excursion-privado-de-dia-completo-en-delfos-desde-atenas\/","og_locale":"es_ES","og_type":"article","og_title":"Tour Privado a Delfos desde Atenas","og_description":"Viaje en privado a Delfos desde Atenas con Tour Travel & More. Disfrute de una visita guiada a este santuario cl\u00e1sico de la antigua Grecia \u2705","og_url":"https:\/\/tourtravelandmore.com\/es\/tours\/grecia-es\/atenas-es\/excursion-privado-de-dia-completo-en-delfos-desde-atenas\/","og_site_name":"Tour Travel And More","article_publisher":"https:\/\/www.facebook.com\/tourtravelandmore\/","article_modified_time":"2023-09-22T08:09:05+00:00","og_image":[{"width":1920,"height":1166,"url":"https:\/\/tourtravelandmore.com\/wp-content\/uploads\/2019\/08\/delphi-1919203_1920.jpg","type":"image\/jpeg"}],"twitter_card":"summary_large_image","twitter_site":"@TourTravel_More","twitter_misc":{"Tiempo de lectura":"2 minutos"},"schema":{"@context":"https:\/\/schema.org","@graph":[{"@type":"WebPage","@id":"https:\/\/tourtravelandmore.com\/es\/tours\/grecia-es\/atenas-es\/excursion-privado-de-dia-completo-en-delfos-desde-atenas\/","url":"https:\/\/tourtravelandmore.com\/es\/tours\/grecia-es\/atenas-es\/excursion-privado-de-dia-completo-en-delfos-desde-atenas\/","name":"\u27a1\ufe0f Excursi\u00f3n privada a Delfos desde Atenas | Tour Travel & More","isPartOf":{"@id":"https:\/\/tourtravelandmore.com\/es\/#website"},"primaryImageOfPage":{"@id":"https:\/\/tourtravelandmore.com\/es\/tours\/grecia-es\/atenas-es\/excursion-privado-de-dia-completo-en-delfos-desde-atenas\/#primaryimage"},"image":{"@id":"https:\/\/tourtravelandmore.com\/es\/tours\/grecia-es\/atenas-es\/excursion-privado-de-dia-completo-en-delfos-desde-atenas\/#primaryimage"},"thumbnailUrl":"https:\/\/tourtravelandmore.com\/wp-content\/uploads\/2019\/08\/delphi-1919203_1920.jpg","datePublished":"2019-08-22T07:04:44+00:00","dateModified":"2023-09-22T08:09:05+00:00","description":"Viaje en privado a Delfos desde Atenas con Tour Travel & More. Disfrute de una visita guiada a este santuario cl\u00e1sico de la antigua Grecia \u2705","breadcrumb":{"@id":"https:\/\/tourtravelandmore.com\/es\/tours\/grecia-es\/atenas-es\/excursion-privado-de-dia-completo-en-delfos-desde-atenas\/#breadcrumb"},"inLanguage":"es","potentialAction":[{"@type":"ReadAction","target":["https:\/\/tourtravelandmore.com\/es\/tours\/grecia-es\/atenas-es\/excursion-privado-de-dia-completo-en-delfos-desde-atenas\/"]}]},{"@type":"ImageObject","inLanguage":"es","@id":"https:\/\/tourtravelandmore.com\/es\/tours\/grecia-es\/atenas-es\/excursion-privado-de-dia-completo-en-delfos-desde-atenas\/#primaryimage","url":"https:\/\/tourtravelandmore.com\/wp-content\/uploads\/2019\/08\/delphi-1919203_1920.jpg","contentUrl":"https:\/\/tourtravelandmore.com\/wp-content\/uploads\/2019\/08\/delphi-1919203_1920.jpg","width":1920,"height":1166},{"@type":"BreadcrumbList","@id":"https:\/\/tourtravelandmore.com\/es\/tours\/grecia-es\/atenas-es\/excursion-privado-de-dia-completo-en-delfos-desde-atenas\/#breadcrumb","itemListElement":[{"@type":"ListItem","position":1,"name":"Home","item":"https:\/\/tourtravelandmore.com\/es\/"},{"@type":"ListItem","position":2,"name":"Tours","item":"https:\/\/tourtravelandmore.com\/es\/tours\/"},{"@type":"ListItem","position":3,"name":"Tour Privado a Delfos desde Atenas"}]},{"@type":"WebSite","@id":"https:\/\/tourtravelandmore.com\/es\/#website","url":"https:\/\/tourtravelandmore.com\/es\/","name":"Tour Travel And More","description":"Private sightseeing tours and luxury transfers in Spain","publisher":{"@id":"https:\/\/tourtravelandmore.com\/es\/#organization"},"potentialAction":[{"@type":"SearchAction","target":{"@type":"EntryPoint","urlTemplate":"https:\/\/tourtravelandmore.com\/es\/?s={search_term_string}"},"query-input":{"@type":"PropertyValueSpecification","valueRequired":true,"valueName":"search_term_string"}}],"inLanguage":"es"},{"@type":"Organization","@id":"https:\/\/tourtravelandmore.com\/es\/#organization","name":"Tour Travel And More","url":"https:\/\/tourtravelandmore.com\/es\/","logo":{"@type":"ImageObject","inLanguage":"es","@id":"https:\/\/tourtravelandmore.com\/es\/#\/schema\/logo\/image\/","url":"https:\/\/tourtravelandmore.com\/wp-content\/uploads\/2022\/12\/cropped-logo-cabecera-new.png","contentUrl":"https:\/\/tourtravelandmore.com\/wp-content\/uploads\/2022\/12\/cropped-logo-cabecera-new.png","width":430,"height":61,"caption":"Tour Travel And More"},"image":{"@id":"https:\/\/tourtravelandmore.com\/es\/#\/schema\/logo\/image\/"},"sameAs":["https:\/\/www.facebook.com\/tourtravelandmore\/","https:\/\/x.com\/TourTravel_More"]}]}},"_links":{"self":[{"href":"https:\/\/tourtravelandmore.com\/es\/wp-json\/wp\/v2\/product\/64276","targetHints":{"allow":["GET"]}}],"collection":[{"href":"https:\/\/tourtravelandmore.com\/es\/wp-json\/wp\/v2\/product"}],"about":[{"href":"https:\/\/tourtravelandmore.com\/es\/wp-json\/wp\/v2\/types\/product"}],"replies":[{"embeddable":true,"href":"https:\/\/tourtravelandmore.com\/es\/wp-json\/wp\/v2\/comments?post=64276"}],"wp:featuredmedia":[{"embeddable":true,"href":"https:\/\/tourtravelandmore.com\/es\/wp-json\/wp\/v2\/media\/64288"}],"wp:attachment":[{"href":"https:\/\/tourtravelandmore.com\/es\/wp-json\/wp\/v2\/media?parent=64276"}],"wp:term":[{"taxonomy":"product_brand","embeddable":true,"href":"https:\/\/tourtravelandmore.com\/es\/wp-json\/wp\/v2\/product_brand?post=64276"},{"taxonomy":"product_cat","embeddable":true,"href":"https:\/\/tourtravelandmore.com\/es\/wp-json\/wp\/v2\/product_cat?post=64276"},{"taxonomy":"product_tag","embeddable":true,"href":"https:\/\/tourtravelandmore.com\/es\/wp-json\/wp\/v2\/product_tag?post=64276"}],"curies":[{"name":"wp","href":"https:\/\/api.w.org\/{rel}","templated":true}]}}