{"id":64255,"date":"2019-08-22T08:15:12","date_gmt":"2019-08-22T06:15:13","guid":{"rendered":"https:\/\/tourtravelandmore.com\/?post_type=product&#038;p=64255"},"modified":"2023-09-22T09:50:03","modified_gmt":"2023-09-22T07:50:03","slug":"tour-privado-de-6-horas-por-atenas-y-la-zona-judia","status":"publish","type":"product","link":"https:\/\/tourtravelandmore.com\/es\/tours\/grecia-es\/atenas-es\/tour-privado-de-6-horas-por-atenas-y-la-zona-judia\/","title":{"rendered":"Tour Privado por la zona Jud\u00eda de Atenas"},"content":{"rendered":"<h2><b>Descripci\u00f3n del Tour Privado Jud\u00edo por Atenas<\/b><\/h2>\n<p><span style=\"font-weight: 400;\">El Tour Privado Jud\u00edo por Atenas es una excelente manera de conocer la historia de los jud\u00edos en Grecia. El tour comienza en el barrio jud\u00edo de Atenas, donde se pueden ver las sinagogas y otros edificios hist\u00f3ricos. El gu\u00eda privado explicar\u00e1 la historia de la comunidad jud\u00eda en Grecia y su influencia en la cultura griega.<\/span><\/p>\n<p><span style=\"font-weight: 400;\">El tour tambi\u00e9n incluye una visita a la Acr\u00f3polis, con una gu\u00eda que explica la historia de esta impresionante fortaleza. En este <\/span><b>tour privado de 4 horas<\/b><span style=\"font-weight: 400;\"> descubrir\u00e1s monumentos hist\u00f3ricos \u00fanicos con una gu\u00eda experto.<\/span><\/p>\n<h2><b>Puntos de inter\u00e9s en el tour privado jud\u00edo por Atenas<\/b><\/h2>\n<p><span style=\"font-weight: 400;\">Las visitas privadas a la ciudad de Atenas ofrecen la oportunidad de descubrir el patrimonio jud\u00edo de la ciudad. A lo largo de su historia, Atenas ha albergado una importante comunidad jud\u00eda. La visita incluye un recorrido por el barrio jud\u00edo y la sinagoga, as\u00ed como una visita a la casa de la comunidad.<\/span><\/p>\n<p><span style=\"font-weight: 400;\">En la sinagoga se pueden ver mosaicos de color rojo, blanco y azul. \u00a1Ser\u00e1 una experiencia inolvidable!<\/span><\/p>\n<p><b>Durante el recorrido descubrir\u00e1s los lugares m\u00e1s eminentes de Eleusis como:<\/b><\/p>\n<ul>\n<li aria-level=\"1\"><b>El templo de Demeter y Persefone.<\/b><\/li>\n<\/ul>\n<ul>\n<li aria-level=\"1\"><b>El santuario de Hefesto.<\/b><\/li>\n<\/ul>\n<ul>\n<li aria-level=\"1\"><b>Las ruinas de la acr\u00f3polis.<\/b><\/li>\n<\/ul>\n<ul>\n<li aria-level=\"1\"><b>Las termas romanas.<\/b><\/li>\n<\/ul>\n<ul>\n<li aria-level=\"1\"><b>El teatro griego.<\/b><\/li>\n<\/ul>\n<ul>\n<li aria-level=\"1\"><b>La fuente de Kallirrhoe.<\/b><\/li>\n<\/ul>\n<p>&nbsp;<\/p>\n<p><span style=\"font-weight: 400;\">Tambi\u00e9n le daremos tiempo para relajarse y pueda comer en un t\u00edpico restaurante griego donde podr\u00e1<\/span><\/p>\n<p><span style=\"font-weight: 400;\">probar una variedad de deliciosos platillos t\u00edpicos.<\/span><\/p>\n<p><b>Al finalizar el Tour Privado usted podr\u00e1 seguir explorando esta maravillosa ciudad que tiene tanto que ofrecerles a sus visitantes.<\/b><\/p>\n<p><span style=\"font-weight: 400;\">Si le gustar\u00eda recorrer y conocer m\u00e1s de Atenas, puedes revisar todos nuestros <\/span><a href=\"https:\/\/tourtravelandmore.com\/es\/ciudad\/grecia-es\/atenas-es\/\"><span style=\"font-weight: 400;\">tours privados en esta hermosa ciudad en Grecia<\/span><\/a><\/p>\n","protected":false},"excerpt":{"rendered":"<p><span style=\"font-weight: 400;\">Este Tour en\u00a0 Atenas ofrece una oportunidad \u00fanica para explorar la rica historia jud\u00eda de la ciudad. Nuestros recorridos informativos y personales est\u00e1n a cargo de gu\u00edas experimentados que lo llevar\u00e1n atr\u00e1s en el tiempo a los d\u00edas de los griegos, los jud\u00edos sefard\u00edes y las v\u00edctimas del Holocausto<\/span><\/p>\n","protected":false},"featured_media":64267,"comment_status":"open","ping_status":"closed","template":"","meta":{"_acf_changed":false},"product_brand":[],"product_cat":[1251,1252,1253],"product_tag":[],"class_list":{"0":"post-64255","1":"product","2":"type-product","3":"status-publish","4":"has-post-thumbnail","6":"product_cat-atenas-es","7":"product_cat-atenas-actividades-es","8":"product_cat-atenas-rutas-turisticas-privadas-es","10":"first","11":"instock","12":"shipping-taxable","13":"purchasable","14":"product-type-simple"},"acf":[],"yoast_head":"<!-- This site is optimized with the Yoast SEO Premium plugin v25.3.1 (Yoast SEO v25.3.1) - https:\/\/yoast.com\/wordpress\/plugins\/seo\/ -->\n<title>\u27a1\ufe0f Tour Privado Jud\u00edo en Atenas | Tour Travel &amp; More<\/title>\n<meta name=\"description\" content=\"Viaja con nosotros y descubre la belleza de la ciudad de Atenas. Una excursi\u00f3n privada en la que conocer\u00e1s la historia y la cultura jud\u00eda en la capital griega \u2705\" \/>\n<meta name=\"robots\" content=\"index, follow, max-snippet:-1, max-image-preview:large, max-video-preview:-1\" \/>\n<link rel=\"canonical\" href=\"https:\/\/tourtravelandmore.com\/es\/tours\/grecia-es\/atenas-es\/tour-privado-de-6-horas-por-atenas-y-la-zona-judia\/\" \/>\n<meta property=\"og:locale\" content=\"es_ES\" \/>\n<meta property=\"og:type\" content=\"article\" \/>\n<meta property=\"og:title\" content=\"Tour Privado por la zona Jud\u00eda de Atenas\" \/>\n<meta property=\"og:description\" content=\"Viaja con nosotros y descubre la belleza de la ciudad de Atenas. Una excursi\u00f3n privada en la que conocer\u00e1s la historia y la cultura jud\u00eda en la capital griega \u2705\" \/>\n<meta property=\"og:url\" content=\"https:\/\/tourtravelandmore.com\/es\/tours\/grecia-es\/atenas-es\/tour-privado-de-6-horas-por-atenas-y-la-zona-judia\/\" \/>\n<meta property=\"og:site_name\" content=\"Tour Travel And More\" \/>\n<meta property=\"article:publisher\" content=\"https:\/\/www.facebook.com\/tourtravelandmore\/\" \/>\n<meta property=\"article:modified_time\" content=\"2023-09-22T07:50:03+00:00\" \/>\n<meta property=\"og:image\" content=\"https:\/\/tourtravelandmore.com\/wp-content\/uploads\/2019\/08\/jewish-museum-in-athens.jpg\" \/>\n\t<meta property=\"og:image:width\" content=\"1032\" \/>\n\t<meta property=\"og:image:height\" content=\"580\" \/>\n\t<meta property=\"og:image:type\" content=\"image\/jpeg\" \/>\n<meta name=\"twitter:card\" content=\"summary_large_image\" \/>\n<meta name=\"twitter:site\" content=\"@TourTravel_More\" \/>\n<meta name=\"twitter:label1\" content=\"Tiempo de lectura\" \/>\n\t<meta name=\"twitter:data1\" content=\"2 minutos\" \/>\n<script type=\"application\/ld+json\" class=\"yoast-schema-graph\">{\"@context\":\"https:\/\/schema.org\",\"@graph\":[{\"@type\":\"WebPage\",\"@id\":\"https:\/\/tourtravelandmore.com\/es\/tours\/grecia-es\/atenas-es\/tour-privado-de-6-horas-por-atenas-y-la-zona-judia\/\",\"url\":\"https:\/\/tourtravelandmore.com\/es\/tours\/grecia-es\/atenas-es\/tour-privado-de-6-horas-por-atenas-y-la-zona-judia\/\",\"name\":\"\u27a1\ufe0f Tour Privado Jud\u00edo en Atenas | Tour Travel & More\",\"isPartOf\":{\"@id\":\"https:\/\/tourtravelandmore.com\/es\/#website\"},\"primaryImageOfPage\":{\"@id\":\"https:\/\/tourtravelandmore.com\/es\/tours\/grecia-es\/atenas-es\/tour-privado-de-6-horas-por-atenas-y-la-zona-judia\/#primaryimage\"},\"image\":{\"@id\":\"https:\/\/tourtravelandmore.com\/es\/tours\/grecia-es\/atenas-es\/tour-privado-de-6-horas-por-atenas-y-la-zona-judia\/#primaryimage\"},\"thumbnailUrl\":\"https:\/\/tourtravelandmore.com\/wp-content\/uploads\/2019\/08\/jewish-museum-in-athens.jpg\",\"datePublished\":\"2019-08-22T06:15:13+00:00\",\"dateModified\":\"2023-09-22T07:50:03+00:00\",\"description\":\"Viaja con nosotros y descubre la belleza de la ciudad de Atenas. Una excursi\u00f3n privada en la que conocer\u00e1s la historia y la cultura jud\u00eda en la capital griega \u2705\",\"breadcrumb\":{\"@id\":\"https:\/\/tourtravelandmore.com\/es\/tours\/grecia-es\/atenas-es\/tour-privado-de-6-horas-por-atenas-y-la-zona-judia\/#breadcrumb\"},\"inLanguage\":\"es\",\"potentialAction\":[{\"@type\":\"ReadAction\",\"target\":[\"https:\/\/tourtravelandmore.com\/es\/tours\/grecia-es\/atenas-es\/tour-privado-de-6-horas-por-atenas-y-la-zona-judia\/\"]}]},{\"@type\":\"ImageObject\",\"inLanguage\":\"es\",\"@id\":\"https:\/\/tourtravelandmore.com\/es\/tours\/grecia-es\/atenas-es\/tour-privado-de-6-horas-por-atenas-y-la-zona-judia\/#primaryimage\",\"url\":\"https:\/\/tourtravelandmore.com\/wp-content\/uploads\/2019\/08\/jewish-museum-in-athens.jpg\",\"contentUrl\":\"https:\/\/tourtravelandmore.com\/wp-content\/uploads\/2019\/08\/jewish-museum-in-athens.jpg\",\"width\":1032,\"height\":580},{\"@type\":\"BreadcrumbList\",\"@id\":\"https:\/\/tourtravelandmore.com\/es\/tours\/grecia-es\/atenas-es\/tour-privado-de-6-horas-por-atenas-y-la-zona-judia\/#breadcrumb\",\"itemListElement\":[{\"@type\":\"ListItem\",\"position\":1,\"name\":\"Home\",\"item\":\"https:\/\/tourtravelandmore.com\/es\/\"},{\"@type\":\"ListItem\",\"position\":2,\"name\":\"Tours\",\"item\":\"https:\/\/tourtravelandmore.com\/es\/tours\/\"},{\"@type\":\"ListItem\",\"position\":3,\"name\":\"Tour Privado por la zona Jud\u00eda de Atenas\"}]},{\"@type\":\"WebSite\",\"@id\":\"https:\/\/tourtravelandmore.com\/es\/#website\",\"url\":\"https:\/\/tourtravelandmore.com\/es\/\",\"name\":\"Tour Travel And More\",\"description\":\"Private sightseeing tours and luxury transfers in Spain\",\"publisher\":{\"@id\":\"https:\/\/tourtravelandmore.com\/es\/#organization\"},\"potentialAction\":[{\"@type\":\"SearchAction\",\"target\":{\"@type\":\"EntryPoint\",\"urlTemplate\":\"https:\/\/tourtravelandmore.com\/es\/?s={search_term_string}\"},\"query-input\":{\"@type\":\"PropertyValueSpecification\",\"valueRequired\":true,\"valueName\":\"search_term_string\"}}],\"inLanguage\":\"es\"},{\"@type\":\"Organization\",\"@id\":\"https:\/\/tourtravelandmore.com\/es\/#organization\",\"name\":\"Tour Travel And More\",\"url\":\"https:\/\/tourtravelandmore.com\/es\/\",\"logo\":{\"@type\":\"ImageObject\",\"inLanguage\":\"es\",\"@id\":\"https:\/\/tourtravelandmore.com\/es\/#\/schema\/logo\/image\/\",\"url\":\"https:\/\/tourtravelandmore.com\/wp-content\/uploads\/2022\/12\/cropped-logo-cabecera-new.png\",\"contentUrl\":\"https:\/\/tourtravelandmore.com\/wp-content\/uploads\/2022\/12\/cropped-logo-cabecera-new.png\",\"width\":430,\"height\":61,\"caption\":\"Tour Travel And More\"},\"image\":{\"@id\":\"https:\/\/tourtravelandmore.com\/es\/#\/schema\/logo\/image\/\"},\"sameAs\":[\"https:\/\/www.facebook.com\/tourtravelandmore\/\",\"https:\/\/x.com\/TourTravel_More\"]}]}<\/script>\n<!-- \/ Yoast SEO Premium plugin. -->","yoast_head_json":{"title":"\u27a1\ufe0f Tour Privado Jud\u00edo en Atenas | Tour Travel & More","description":"Viaja con nosotros y descubre la belleza de la ciudad de Atenas. Una excursi\u00f3n privada en la que conocer\u00e1s la historia y la cultura jud\u00eda en la capital griega \u2705","robots":{"index":"index","follow":"follow","max-snippet":"max-snippet:-1","max-image-preview":"max-image-preview:large","max-video-preview":"max-video-preview:-1"},"canonical":"https:\/\/tourtravelandmore.com\/es\/tours\/grecia-es\/atenas-es\/tour-privado-de-6-horas-por-atenas-y-la-zona-judia\/","og_locale":"es_ES","og_type":"article","og_title":"Tour Privado por la zona Jud\u00eda de Atenas","og_description":"Viaja con nosotros y descubre la belleza de la ciudad de Atenas. Una excursi\u00f3n privada en la que conocer\u00e1s la historia y la cultura jud\u00eda en la capital griega \u2705","og_url":"https:\/\/tourtravelandmore.com\/es\/tours\/grecia-es\/atenas-es\/tour-privado-de-6-horas-por-atenas-y-la-zona-judia\/","og_site_name":"Tour Travel And More","article_publisher":"https:\/\/www.facebook.com\/tourtravelandmore\/","article_modified_time":"2023-09-22T07:50:03+00:00","og_image":[{"width":1032,"height":580,"url":"https:\/\/tourtravelandmore.com\/wp-content\/uploads\/2019\/08\/jewish-museum-in-athens.jpg","type":"image\/jpeg"}],"twitter_card":"summary_large_image","twitter_site":"@TourTravel_More","twitter_misc":{"Tiempo de lectura":"2 minutos"},"schema":{"@context":"https:\/\/schema.org","@graph":[{"@type":"WebPage","@id":"https:\/\/tourtravelandmore.com\/es\/tours\/grecia-es\/atenas-es\/tour-privado-de-6-horas-por-atenas-y-la-zona-judia\/","url":"https:\/\/tourtravelandmore.com\/es\/tours\/grecia-es\/atenas-es\/tour-privado-de-6-horas-por-atenas-y-la-zona-judia\/","name":"\u27a1\ufe0f Tour Privado Jud\u00edo en Atenas | Tour Travel & More","isPartOf":{"@id":"https:\/\/tourtravelandmore.com\/es\/#website"},"primaryImageOfPage":{"@id":"https:\/\/tourtravelandmore.com\/es\/tours\/grecia-es\/atenas-es\/tour-privado-de-6-horas-por-atenas-y-la-zona-judia\/#primaryimage"},"image":{"@id":"https:\/\/tourtravelandmore.com\/es\/tours\/grecia-es\/atenas-es\/tour-privado-de-6-horas-por-atenas-y-la-zona-judia\/#primaryimage"},"thumbnailUrl":"https:\/\/tourtravelandmore.com\/wp-content\/uploads\/2019\/08\/jewish-museum-in-athens.jpg","datePublished":"2019-08-22T06:15:13+00:00","dateModified":"2023-09-22T07:50:03+00:00","description":"Viaja con nosotros y descubre la belleza de la ciudad de Atenas. Una excursi\u00f3n privada en la que conocer\u00e1s la historia y la cultura jud\u00eda en la capital griega \u2705","breadcrumb":{"@id":"https:\/\/tourtravelandmore.com\/es\/tours\/grecia-es\/atenas-es\/tour-privado-de-6-horas-por-atenas-y-la-zona-judia\/#breadcrumb"},"inLanguage":"es","potentialAction":[{"@type":"ReadAction","target":["https:\/\/tourtravelandmore.com\/es\/tours\/grecia-es\/atenas-es\/tour-privado-de-6-horas-por-atenas-y-la-zona-judia\/"]}]},{"@type":"ImageObject","inLanguage":"es","@id":"https:\/\/tourtravelandmore.com\/es\/tours\/grecia-es\/atenas-es\/tour-privado-de-6-horas-por-atenas-y-la-zona-judia\/#primaryimage","url":"https:\/\/tourtravelandmore.com\/wp-content\/uploads\/2019\/08\/jewish-museum-in-athens.jpg","contentUrl":"https:\/\/tourtravelandmore.com\/wp-content\/uploads\/2019\/08\/jewish-museum-in-athens.jpg","width":1032,"height":580},{"@type":"BreadcrumbList","@id":"https:\/\/tourtravelandmore.com\/es\/tours\/grecia-es\/atenas-es\/tour-privado-de-6-horas-por-atenas-y-la-zona-judia\/#breadcrumb","itemListElement":[{"@type":"ListItem","position":1,"name":"Home","item":"https:\/\/tourtravelandmore.com\/es\/"},{"@type":"ListItem","position":2,"name":"Tours","item":"https:\/\/tourtravelandmore.com\/es\/tours\/"},{"@type":"ListItem","position":3,"name":"Tour Privado por la zona Jud\u00eda de Atenas"}]},{"@type":"WebSite","@id":"https:\/\/tourtravelandmore.com\/es\/#website","url":"https:\/\/tourtravelandmore.com\/es\/","name":"Tour Travel And More","description":"Private sightseeing tours and luxury transfers in Spain","publisher":{"@id":"https:\/\/tourtravelandmore.com\/es\/#organization"},"potentialAction":[{"@type":"SearchAction","target":{"@type":"EntryPoint","urlTemplate":"https:\/\/tourtravelandmore.com\/es\/?s={search_term_string}"},"query-input":{"@type":"PropertyValueSpecification","valueRequired":true,"valueName":"search_term_string"}}],"inLanguage":"es"},{"@type":"Organization","@id":"https:\/\/tourtravelandmore.com\/es\/#organization","name":"Tour Travel And More","url":"https:\/\/tourtravelandmore.com\/es\/","logo":{"@type":"ImageObject","inLanguage":"es","@id":"https:\/\/tourtravelandmore.com\/es\/#\/schema\/logo\/image\/","url":"https:\/\/tourtravelandmore.com\/wp-content\/uploads\/2022\/12\/cropped-logo-cabecera-new.png","contentUrl":"https:\/\/tourtravelandmore.com\/wp-content\/uploads\/2022\/12\/cropped-logo-cabecera-new.png","width":430,"height":61,"caption":"Tour Travel And More"},"image":{"@id":"https:\/\/tourtravelandmore.com\/es\/#\/schema\/logo\/image\/"},"sameAs":["https:\/\/www.facebook.com\/tourtravelandmore\/","https:\/\/x.com\/TourTravel_More"]}]}},"_links":{"self":[{"href":"https:\/\/tourtravelandmore.com\/es\/wp-json\/wp\/v2\/product\/64255","targetHints":{"allow":["GET"]}}],"collection":[{"href":"https:\/\/tourtravelandmore.com\/es\/wp-json\/wp\/v2\/product"}],"about":[{"href":"https:\/\/tourtravelandmore.com\/es\/wp-json\/wp\/v2\/types\/product"}],"replies":[{"embeddable":true,"href":"https:\/\/tourtravelandmore.com\/es\/wp-json\/wp\/v2\/comments?post=64255"}],"wp:featuredmedia":[{"embeddable":true,"href":"https:\/\/tourtravelandmore.com\/es\/wp-json\/wp\/v2\/media\/64267"}],"wp:attachment":[{"href":"https:\/\/tourtravelandmore.com\/es\/wp-json\/wp\/v2\/media?parent=64255"}],"wp:term":[{"taxonomy":"product_brand","embeddable":true,"href":"https:\/\/tourtravelandmore.com\/es\/wp-json\/wp\/v2\/product_brand?post=64255"},{"taxonomy":"product_cat","embeddable":true,"href":"https:\/\/tourtravelandmore.com\/es\/wp-json\/wp\/v2\/product_cat?post=64255"},{"taxonomy":"product_tag","embeddable":true,"href":"https:\/\/tourtravelandmore.com\/es\/wp-json\/wp\/v2\/product_tag?post=64255"}],"curies":[{"name":"wp","href":"https:\/\/api.w.org\/{rel}","templated":true}]}}