{"id":64235,"date":"2019-08-22T07:47:32","date_gmt":"2019-08-22T05:47:32","guid":{"rendered":"https:\/\/tourtravelandmore.com\/?post_type=product&#038;p=64235"},"modified":"2023-09-22T09:47:19","modified_gmt":"2023-09-22T07:47:19","slug":"tour-privado-por-la-acropolis-de-atenas-y-el-museo-de-la-acropolis","status":"publish","type":"product","link":"https:\/\/tourtravelandmore.com\/es\/tours\/grecia-es\/atenas-es\/tour-privado-por-la-acropolis-de-atenas-y-el-museo-de-la-acropolis\/","title":{"rendered":"Tour Privado a la Acr\u00f3polis y Museo de la Acr\u00f3polis"},"content":{"rendered":"<h2><b>Tour privado a pie de la Acr\u00f3polis y el Museo de la Acr\u00f3polis Descripci\u00f3n<\/b><\/h2>\n<p><span style=\"font-weight: 400;\">La Acr\u00f3polis y el Museo de la Acr\u00f3polis son dos de las atracciones tur\u00edsticas m\u00e1s visitadas de Atenas. Personas de todo el mundo vienen a ver estos antiguos lugares, maravillados por su valor hist\u00f3rico y su belleza. Sin embargo, Atenas es mucho m\u00e1s que sus famosas ruinas antiguas. La ciudad est\u00e1 llena de espl\u00e9ndida arquitectura, atractivos barrios y deliciosa comida. Por eso, Tour Travel &amp; More ofrece visitas privadas a pie que muestran a los visitantes lo mejor de lo que ofrece Atenas.\u00a0<\/span><\/p>\n<p><span style=\"font-weight: 400;\">Si todav\u00eda est\u00e1 interesado en visitar otros lugares hist\u00f3ricos, mire nuestro <\/span><a href=\"https:\/\/tourtravelandmore.com\/es\/tours\/grecia-es\/atenas-es\/excursion-de-dia-completo-al-cabo-sunion-y-al-templo-de-poseidon\/\"><span style=\"font-weight: 400;\">tour privado al Cabo Sounion y al Templo de Poseid\u00f3n.<\/span><\/a><\/p>\n<h2><b>Visita privada a pie, Acr\u00f3polis y Museo de la Acr\u00f3polis | Puntos de inter\u00e9s y lugares de inter\u00e9s<\/b><\/h2>\n<p><span style=\"font-weight: 400;\">La Acr\u00f3polis es una colina y un sitio arqueol\u00f3gico en Atenas, Grecia, situado en un afloramiento rocoso sobre la ciudad. Fue la ciudadela de la ciudad en la antig\u00fcedad y ahora es uno de los destinos tur\u00edsticos m\u00e1s famosos del mundo. El Museo de la Acr\u00f3polis es un museo situado en la colina de la Acr\u00f3polis de Atenas (Grecia). Se construy\u00f3 para albergar todos los artefactos encontrados en la Acr\u00f3polis.<\/span><\/p>\n<p><span style=\"font-weight: 400;\">Qu\u00e9 va a visitar en el tour privado de 4 horas:<\/span><\/p>\n<h3><b>Acr\u00f3polis<\/b><\/h3>\n<p><span style=\"font-weight: 400;\">La Acr\u00f3polis es una gran colina en la ciudad de Atenas, Grecia. En ella se encuentran algunas de las ruinas antiguas m\u00e1s famosas del mundo, como el Parten\u00f3n. La palabra &#8220;acr\u00f3polis&#8221; significa en griego &#8220;ciudad alta&#8221;. En el Tour Privado de la Acr\u00f3polis, podr\u00e1 descubrir la historia y los mitos de Atenas con un gu\u00eda profesional. Visitar\u00e1 los sitios arqueol\u00f3gicos m\u00e1s importantes de la ciudad, entre ellos<\/span><\/p>\n<ul>\n<li style=\"font-weight: 400;\" aria-level=\"1\"><span style=\"font-weight: 400;\">La Acr\u00f3polis<\/span><\/li>\n<li style=\"font-weight: 400;\" aria-level=\"1\"><span style=\"font-weight: 400;\">El Parten\u00f3n<\/span><\/li>\n<li style=\"font-weight: 400;\" aria-level=\"1\"><span style=\"font-weight: 400;\">Y los Propileos<\/span><\/li>\n<\/ul>\n<h3><b>El Museo de la Acr\u00f3polis<\/b><\/h3>\n<p><span style=\"font-weight: 400;\">El Museo de la Acr\u00f3polis es un museo situado en la Acr\u00f3polis de Atenas. Se fund\u00f3 en 2003 y fue dise\u00f1ado por el arquitecto suizo Bernard Tschumi. Su objetivo principal es albergar artefactos de la Acr\u00f3polis y otros yacimientos arqueol\u00f3gicos de Atenas. El museo est\u00e1 dividido en tres secciones principales: la Galer\u00eda Inferior, la Galer\u00eda Media y la Galer\u00eda Superior.<\/span><\/p>\n<p><span style=\"font-weight: 400;\">La Galer\u00eda Inferior incluye las oficinas administrativas del museo, una biblioteca, los archivos y dos espacios de exposici\u00f3n: las Galer\u00edas L. P. Cavallo y J. H. Wade Jr.<\/span><\/p>\n<p><span style=\"font-weight: 400;\">La Galer\u00eda Media es un \u00fanico y amplio espacio que alberga las colecciones de cer\u00e1mica, vidrio, metal y mobiliario del museo.<\/span><\/p>\n<p><span style=\"font-weight: 400;\">La Galer\u00eda Superior es un espacio de dos pisos que contiene la colecci\u00f3n de pinturas y esculturas del museo. La galer\u00eda tambi\u00e9n cuenta con una cafeter\u00eda y una tienda.<\/span><\/p>\n<p><b>La visita privada incluye gu\u00eda privado y entradas al Museo de la Acr\u00f3polis.<\/b><\/p>\n","protected":false},"excerpt":{"rendered":"<p><span style=\"font-weight: 400;\">Disfrute de un recorrido a pie \u00fanico y privado por la Acr\u00f3polis y el Museo de la Acr\u00f3polis con un arque\u00f3logo. El recorrido se adapta a los intereses de cada visitante. Puede incluir una visita a los yacimientos arqueol\u00f3gicos y una visita guiada al Museo de la Acr\u00f3polis, situado junto a la antigua ciudadela. Adem\u00e1s, puede hacer preguntas sobre cualquier aspecto de la cultura griega antigua que les interese.<\/span><\/p>\n","protected":false},"featured_media":64251,"comment_status":"open","ping_status":"closed","template":"","meta":{"_acf_changed":false},"product_brand":[],"product_cat":[1251,1252,1253],"product_tag":[],"class_list":{"0":"post-64235","1":"product","2":"type-product","3":"status-publish","4":"has-post-thumbnail","6":"product_cat-atenas-es","7":"product_cat-atenas-actividades-es","8":"product_cat-atenas-rutas-turisticas-privadas-es","10":"first","11":"instock","12":"shipping-taxable","13":"purchasable","14":"product-type-simple"},"acf":[],"yoast_head":"<!-- This site is optimized with the Yoast SEO Premium plugin v25.3.1 (Yoast SEO v25.3.1) - https:\/\/yoast.com\/wordpress\/plugins\/seo\/ -->\n<title>\u27a1\ufe0f Visitas a pie a la Acr\u00f3polis y al Museo de la Acr\u00f3polis | Tour Travel &amp; More<\/title>\n<meta name=\"description\" content=\"Descubra la historia y la belleza de la Acr\u00f3polis y el Museo de la Acr\u00f3polis en un tour privado a pie con Tour Travel &amp; More. Nuestros experimentados gu\u00edas le mostrar\u00e1n lo mejor de estos antiguos lugares \u2705\" \/>\n<meta name=\"robots\" content=\"index, follow, max-snippet:-1, max-image-preview:large, max-video-preview:-1\" \/>\n<link rel=\"canonical\" href=\"https:\/\/tourtravelandmore.com\/es\/tours\/grecia-es\/atenas-es\/tour-privado-por-la-acropolis-de-atenas-y-el-museo-de-la-acropolis\/\" \/>\n<meta property=\"og:locale\" content=\"es_ES\" \/>\n<meta property=\"og:type\" content=\"article\" \/>\n<meta property=\"og:title\" content=\"Tour Privado a la Acr\u00f3polis y Museo de la Acr\u00f3polis\" \/>\n<meta property=\"og:description\" content=\"Descubra la historia y la belleza de la Acr\u00f3polis y el Museo de la Acr\u00f3polis en un tour privado a pie con Tour Travel &amp; More. Nuestros experimentados gu\u00edas le mostrar\u00e1n lo mejor de estos antiguos lugares \u2705\" \/>\n<meta property=\"og:url\" content=\"https:\/\/tourtravelandmore.com\/es\/tours\/grecia-es\/atenas-es\/tour-privado-por-la-acropolis-de-atenas-y-el-museo-de-la-acropolis\/\" \/>\n<meta property=\"og:site_name\" content=\"Tour Travel And More\" \/>\n<meta property=\"article:publisher\" content=\"https:\/\/www.facebook.com\/tourtravelandmore\/\" \/>\n<meta property=\"article:modified_time\" content=\"2023-09-22T07:47:19+00:00\" \/>\n<meta property=\"og:image\" content=\"https:\/\/tourtravelandmore.com\/wp-content\/uploads\/2019\/08\/acropolis-in-athens.jpg\" \/>\n\t<meta property=\"og:image:width\" content=\"1920\" \/>\n\t<meta property=\"og:image:height\" content=\"1198\" \/>\n\t<meta property=\"og:image:type\" content=\"image\/jpeg\" \/>\n<meta name=\"twitter:card\" content=\"summary_large_image\" \/>\n<meta name=\"twitter:site\" content=\"@TourTravel_More\" \/>\n<meta name=\"twitter:label1\" content=\"Tiempo de lectura\" \/>\n\t<meta name=\"twitter:data1\" content=\"3 minutos\" \/>\n<script type=\"application\/ld+json\" class=\"yoast-schema-graph\">{\"@context\":\"https:\/\/schema.org\",\"@graph\":[{\"@type\":\"WebPage\",\"@id\":\"https:\/\/tourtravelandmore.com\/es\/tours\/grecia-es\/atenas-es\/tour-privado-por-la-acropolis-de-atenas-y-el-museo-de-la-acropolis\/\",\"url\":\"https:\/\/tourtravelandmore.com\/es\/tours\/grecia-es\/atenas-es\/tour-privado-por-la-acropolis-de-atenas-y-el-museo-de-la-acropolis\/\",\"name\":\"\u27a1\ufe0f Visitas a pie a la Acr\u00f3polis y al Museo de la Acr\u00f3polis | Tour Travel & More\",\"isPartOf\":{\"@id\":\"https:\/\/tourtravelandmore.com\/es\/#website\"},\"primaryImageOfPage\":{\"@id\":\"https:\/\/tourtravelandmore.com\/es\/tours\/grecia-es\/atenas-es\/tour-privado-por-la-acropolis-de-atenas-y-el-museo-de-la-acropolis\/#primaryimage\"},\"image\":{\"@id\":\"https:\/\/tourtravelandmore.com\/es\/tours\/grecia-es\/atenas-es\/tour-privado-por-la-acropolis-de-atenas-y-el-museo-de-la-acropolis\/#primaryimage\"},\"thumbnailUrl\":\"https:\/\/tourtravelandmore.com\/wp-content\/uploads\/2019\/08\/acropolis-in-athens.jpg\",\"datePublished\":\"2019-08-22T05:47:32+00:00\",\"dateModified\":\"2023-09-22T07:47:19+00:00\",\"description\":\"Descubra la historia y la belleza de la Acr\u00f3polis y el Museo de la Acr\u00f3polis en un tour privado a pie con Tour Travel & More. Nuestros experimentados gu\u00edas le mostrar\u00e1n lo mejor de estos antiguos lugares \u2705\",\"breadcrumb\":{\"@id\":\"https:\/\/tourtravelandmore.com\/es\/tours\/grecia-es\/atenas-es\/tour-privado-por-la-acropolis-de-atenas-y-el-museo-de-la-acropolis\/#breadcrumb\"},\"inLanguage\":\"es\",\"potentialAction\":[{\"@type\":\"ReadAction\",\"target\":[\"https:\/\/tourtravelandmore.com\/es\/tours\/grecia-es\/atenas-es\/tour-privado-por-la-acropolis-de-atenas-y-el-museo-de-la-acropolis\/\"]}]},{\"@type\":\"ImageObject\",\"inLanguage\":\"es\",\"@id\":\"https:\/\/tourtravelandmore.com\/es\/tours\/grecia-es\/atenas-es\/tour-privado-por-la-acropolis-de-atenas-y-el-museo-de-la-acropolis\/#primaryimage\",\"url\":\"https:\/\/tourtravelandmore.com\/wp-content\/uploads\/2019\/08\/acropolis-in-athens.jpg\",\"contentUrl\":\"https:\/\/tourtravelandmore.com\/wp-content\/uploads\/2019\/08\/acropolis-in-athens.jpg\",\"width\":1920,\"height\":1198},{\"@type\":\"BreadcrumbList\",\"@id\":\"https:\/\/tourtravelandmore.com\/es\/tours\/grecia-es\/atenas-es\/tour-privado-por-la-acropolis-de-atenas-y-el-museo-de-la-acropolis\/#breadcrumb\",\"itemListElement\":[{\"@type\":\"ListItem\",\"position\":1,\"name\":\"Home\",\"item\":\"https:\/\/tourtravelandmore.com\/es\/\"},{\"@type\":\"ListItem\",\"position\":2,\"name\":\"Tours\",\"item\":\"https:\/\/tourtravelandmore.com\/es\/tours\/\"},{\"@type\":\"ListItem\",\"position\":3,\"name\":\"Tour Privado a la Acr\u00f3polis y Museo de la Acr\u00f3polis\"}]},{\"@type\":\"WebSite\",\"@id\":\"https:\/\/tourtravelandmore.com\/es\/#website\",\"url\":\"https:\/\/tourtravelandmore.com\/es\/\",\"name\":\"Tour Travel And More\",\"description\":\"Private sightseeing tours and luxury transfers in Spain\",\"publisher\":{\"@id\":\"https:\/\/tourtravelandmore.com\/es\/#organization\"},\"potentialAction\":[{\"@type\":\"SearchAction\",\"target\":{\"@type\":\"EntryPoint\",\"urlTemplate\":\"https:\/\/tourtravelandmore.com\/es\/?s={search_term_string}\"},\"query-input\":{\"@type\":\"PropertyValueSpecification\",\"valueRequired\":true,\"valueName\":\"search_term_string\"}}],\"inLanguage\":\"es\"},{\"@type\":\"Organization\",\"@id\":\"https:\/\/tourtravelandmore.com\/es\/#organization\",\"name\":\"Tour Travel And More\",\"url\":\"https:\/\/tourtravelandmore.com\/es\/\",\"logo\":{\"@type\":\"ImageObject\",\"inLanguage\":\"es\",\"@id\":\"https:\/\/tourtravelandmore.com\/es\/#\/schema\/logo\/image\/\",\"url\":\"https:\/\/tourtravelandmore.com\/wp-content\/uploads\/2022\/12\/cropped-logo-cabecera-new.png\",\"contentUrl\":\"https:\/\/tourtravelandmore.com\/wp-content\/uploads\/2022\/12\/cropped-logo-cabecera-new.png\",\"width\":430,\"height\":61,\"caption\":\"Tour Travel And More\"},\"image\":{\"@id\":\"https:\/\/tourtravelandmore.com\/es\/#\/schema\/logo\/image\/\"},\"sameAs\":[\"https:\/\/www.facebook.com\/tourtravelandmore\/\",\"https:\/\/x.com\/TourTravel_More\"]}]}<\/script>\n<!-- \/ Yoast SEO Premium plugin. -->","yoast_head_json":{"title":"\u27a1\ufe0f Visitas a pie a la Acr\u00f3polis y al Museo de la Acr\u00f3polis | Tour Travel & More","description":"Descubra la historia y la belleza de la Acr\u00f3polis y el Museo de la Acr\u00f3polis en un tour privado a pie con Tour Travel & More. Nuestros experimentados gu\u00edas le mostrar\u00e1n lo mejor de estos antiguos lugares \u2705","robots":{"index":"index","follow":"follow","max-snippet":"max-snippet:-1","max-image-preview":"max-image-preview:large","max-video-preview":"max-video-preview:-1"},"canonical":"https:\/\/tourtravelandmore.com\/es\/tours\/grecia-es\/atenas-es\/tour-privado-por-la-acropolis-de-atenas-y-el-museo-de-la-acropolis\/","og_locale":"es_ES","og_type":"article","og_title":"Tour Privado a la Acr\u00f3polis y Museo de la Acr\u00f3polis","og_description":"Descubra la historia y la belleza de la Acr\u00f3polis y el Museo de la Acr\u00f3polis en un tour privado a pie con Tour Travel & More. Nuestros experimentados gu\u00edas le mostrar\u00e1n lo mejor de estos antiguos lugares \u2705","og_url":"https:\/\/tourtravelandmore.com\/es\/tours\/grecia-es\/atenas-es\/tour-privado-por-la-acropolis-de-atenas-y-el-museo-de-la-acropolis\/","og_site_name":"Tour Travel And More","article_publisher":"https:\/\/www.facebook.com\/tourtravelandmore\/","article_modified_time":"2023-09-22T07:47:19+00:00","og_image":[{"width":1920,"height":1198,"url":"https:\/\/tourtravelandmore.com\/wp-content\/uploads\/2019\/08\/acropolis-in-athens.jpg","type":"image\/jpeg"}],"twitter_card":"summary_large_image","twitter_site":"@TourTravel_More","twitter_misc":{"Tiempo de lectura":"3 minutos"},"schema":{"@context":"https:\/\/schema.org","@graph":[{"@type":"WebPage","@id":"https:\/\/tourtravelandmore.com\/es\/tours\/grecia-es\/atenas-es\/tour-privado-por-la-acropolis-de-atenas-y-el-museo-de-la-acropolis\/","url":"https:\/\/tourtravelandmore.com\/es\/tours\/grecia-es\/atenas-es\/tour-privado-por-la-acropolis-de-atenas-y-el-museo-de-la-acropolis\/","name":"\u27a1\ufe0f Visitas a pie a la Acr\u00f3polis y al Museo de la Acr\u00f3polis | Tour Travel & More","isPartOf":{"@id":"https:\/\/tourtravelandmore.com\/es\/#website"},"primaryImageOfPage":{"@id":"https:\/\/tourtravelandmore.com\/es\/tours\/grecia-es\/atenas-es\/tour-privado-por-la-acropolis-de-atenas-y-el-museo-de-la-acropolis\/#primaryimage"},"image":{"@id":"https:\/\/tourtravelandmore.com\/es\/tours\/grecia-es\/atenas-es\/tour-privado-por-la-acropolis-de-atenas-y-el-museo-de-la-acropolis\/#primaryimage"},"thumbnailUrl":"https:\/\/tourtravelandmore.com\/wp-content\/uploads\/2019\/08\/acropolis-in-athens.jpg","datePublished":"2019-08-22T05:47:32+00:00","dateModified":"2023-09-22T07:47:19+00:00","description":"Descubra la historia y la belleza de la Acr\u00f3polis y el Museo de la Acr\u00f3polis en un tour privado a pie con Tour Travel & More. Nuestros experimentados gu\u00edas le mostrar\u00e1n lo mejor de estos antiguos lugares \u2705","breadcrumb":{"@id":"https:\/\/tourtravelandmore.com\/es\/tours\/grecia-es\/atenas-es\/tour-privado-por-la-acropolis-de-atenas-y-el-museo-de-la-acropolis\/#breadcrumb"},"inLanguage":"es","potentialAction":[{"@type":"ReadAction","target":["https:\/\/tourtravelandmore.com\/es\/tours\/grecia-es\/atenas-es\/tour-privado-por-la-acropolis-de-atenas-y-el-museo-de-la-acropolis\/"]}]},{"@type":"ImageObject","inLanguage":"es","@id":"https:\/\/tourtravelandmore.com\/es\/tours\/grecia-es\/atenas-es\/tour-privado-por-la-acropolis-de-atenas-y-el-museo-de-la-acropolis\/#primaryimage","url":"https:\/\/tourtravelandmore.com\/wp-content\/uploads\/2019\/08\/acropolis-in-athens.jpg","contentUrl":"https:\/\/tourtravelandmore.com\/wp-content\/uploads\/2019\/08\/acropolis-in-athens.jpg","width":1920,"height":1198},{"@type":"BreadcrumbList","@id":"https:\/\/tourtravelandmore.com\/es\/tours\/grecia-es\/atenas-es\/tour-privado-por-la-acropolis-de-atenas-y-el-museo-de-la-acropolis\/#breadcrumb","itemListElement":[{"@type":"ListItem","position":1,"name":"Home","item":"https:\/\/tourtravelandmore.com\/es\/"},{"@type":"ListItem","position":2,"name":"Tours","item":"https:\/\/tourtravelandmore.com\/es\/tours\/"},{"@type":"ListItem","position":3,"name":"Tour Privado a la Acr\u00f3polis y Museo de la Acr\u00f3polis"}]},{"@type":"WebSite","@id":"https:\/\/tourtravelandmore.com\/es\/#website","url":"https:\/\/tourtravelandmore.com\/es\/","name":"Tour Travel And More","description":"Private sightseeing tours and luxury transfers in Spain","publisher":{"@id":"https:\/\/tourtravelandmore.com\/es\/#organization"},"potentialAction":[{"@type":"SearchAction","target":{"@type":"EntryPoint","urlTemplate":"https:\/\/tourtravelandmore.com\/es\/?s={search_term_string}"},"query-input":{"@type":"PropertyValueSpecification","valueRequired":true,"valueName":"search_term_string"}}],"inLanguage":"es"},{"@type":"Organization","@id":"https:\/\/tourtravelandmore.com\/es\/#organization","name":"Tour Travel And More","url":"https:\/\/tourtravelandmore.com\/es\/","logo":{"@type":"ImageObject","inLanguage":"es","@id":"https:\/\/tourtravelandmore.com\/es\/#\/schema\/logo\/image\/","url":"https:\/\/tourtravelandmore.com\/wp-content\/uploads\/2022\/12\/cropped-logo-cabecera-new.png","contentUrl":"https:\/\/tourtravelandmore.com\/wp-content\/uploads\/2022\/12\/cropped-logo-cabecera-new.png","width":430,"height":61,"caption":"Tour Travel And More"},"image":{"@id":"https:\/\/tourtravelandmore.com\/es\/#\/schema\/logo\/image\/"},"sameAs":["https:\/\/www.facebook.com\/tourtravelandmore\/","https:\/\/x.com\/TourTravel_More"]}]}},"_links":{"self":[{"href":"https:\/\/tourtravelandmore.com\/es\/wp-json\/wp\/v2\/product\/64235","targetHints":{"allow":["GET"]}}],"collection":[{"href":"https:\/\/tourtravelandmore.com\/es\/wp-json\/wp\/v2\/product"}],"about":[{"href":"https:\/\/tourtravelandmore.com\/es\/wp-json\/wp\/v2\/types\/product"}],"replies":[{"embeddable":true,"href":"https:\/\/tourtravelandmore.com\/es\/wp-json\/wp\/v2\/comments?post=64235"}],"wp:featuredmedia":[{"embeddable":true,"href":"https:\/\/tourtravelandmore.com\/es\/wp-json\/wp\/v2\/media\/64251"}],"wp:attachment":[{"href":"https:\/\/tourtravelandmore.com\/es\/wp-json\/wp\/v2\/media?parent=64235"}],"wp:term":[{"taxonomy":"product_brand","embeddable":true,"href":"https:\/\/tourtravelandmore.com\/es\/wp-json\/wp\/v2\/product_brand?post=64235"},{"taxonomy":"product_cat","embeddable":true,"href":"https:\/\/tourtravelandmore.com\/es\/wp-json\/wp\/v2\/product_cat?post=64235"},{"taxonomy":"product_tag","embeddable":true,"href":"https:\/\/tourtravelandmore.com\/es\/wp-json\/wp\/v2\/product_tag?post=64235"}],"curies":[{"name":"wp","href":"https:\/\/api.w.org\/{rel}","templated":true}]}}