{"id":64206,"date":"2019-08-22T04:10:03","date_gmt":"2019-08-22T02:10:03","guid":{"rendered":"https:\/\/tourtravelandmore.com\/?post_type=product&#038;p=64206"},"modified":"2023-09-22T10:13:55","modified_gmt":"2023-09-22T08:13:55","slug":"tour-privado-dia-completo-a-atenas-y-corinto","status":"publish","type":"product","link":"https:\/\/tourtravelandmore.com\/es\/tours\/grecia-es\/atenas-es\/tour-privado-dia-completo-a-atenas-y-corinto\/","title":{"rendered":"Tour Privado de Atenas y Corinto Antiguo"},"content":{"rendered":"<h2><b>Descripci\u00f3n del tour privado en Atenas y la antigua corinto<\/b><\/h2>\n<p><span style=\"font-weight: 400;\">Si usted est\u00e1 buscando un tour privado para visitar Atenas y la antigua corinto, \u00a1usted ha venido al lugar correcto! Nosotros ofrecemos un servicio excepcional de lujo a nuestros clientes. Nuestro tour privado es el mejor modo de ver las principales atracciones de Grecia. Atenas y la antigua corinto son puntos incre\u00edbles, y con nuestro tour privado tendr\u00e1s la oportunidad de ver estos y otros sitios hist\u00f3ricos.<\/span><\/p>\n<p><span style=\"font-weight: 400;\">La antigua ciudad de Corinto en Atenas fue una de las ciudades m\u00e1s populares de la antigua Grecia. Se encontraba situada en la costa este de Atenas, y era famosa por sus impresionantes edificios y por su puerto comercial. Algunos de los monumentos m\u00e1s famosos de Corinto eran el templo de Poseid\u00f3n, el teatro y el amphiteatro. La ciudad era tambi\u00e9n famosa por sus fabricantes de cer\u00e1mica y sus artesanos.<\/span><\/p>\n<p><span style=\"font-weight: 400;\">En el a\u00f1o 146 a.C., la ciudad fue destruida por las tropas romanas durante las batallas por la independencia griega. Sin embargo, en el siglo I d.C., se construy\u00f3 una nueva ciudad sobre los restos de la antigua, que todav\u00eda existe hoy en d\u00eda.<\/span><\/p>\n<h2><b>Puntos de inter\u00e9s en el tour privado en Atenas y la antigua corinto<\/b><\/h2>\n<p><span style=\"font-weight: 400;\">Este Tour privado de 8 horas le incluye un auto de lujo con un chofer y gu\u00eda privado para otorgarle una experiencia inolvidable.<\/span><\/p>\n<p><i><span style=\"font-weight: 400;\">Su veh\u00edculo privado le recoger\u00e1 en un lugar c\u00e9ntrico de Atenas o en su hotel para comenzar el tour privado.<\/span><\/i><\/p>\n<p><span style=\"font-weight: 400;\">Tambi\u00e9n podr\u00e1 descubrir Atenas, que es la capital de Grecia y la ciudad m\u00e1s grande del pa\u00eds. Es una ciudad cosmopolita, con una poblaci\u00f3n de aproximadamente 3,2 millones de habitantes.<\/span><\/p>\n<p><span style=\"font-weight: 400;\">Atenas es una ciudad que tiene mucho que ofrecer a sus visitantes. Hay numerosos lugares de inter\u00e9s para disfrutar, ya sean hist\u00f3ricos, culturales o de entretenimiento.<\/span><\/p>\n<p><span style=\"font-weight: 400;\">En cuanto regresemos a Atenas en su veh\u00edculo privado podr\u00e1 visitar entre muchos otros lugares:<\/span><\/p>\n<ul>\n<li aria-level=\"1\"><b>Colina de la Acr\u00f3polis<\/b><\/li>\n<\/ul>\n<ul>\n<li aria-level=\"1\"><b>Templo de Zeus<\/b><\/li>\n<\/ul>\n<ul>\n<li aria-level=\"1\"><a href=\"http:\/\/.\"><b>Estadio Ol\u00edmpico de Atenas<\/b><\/a><\/li>\n<\/ul>\n<ul>\n<li aria-level=\"1\"><b>Biblioteca Nacional<\/b><\/li>\n<\/ul>\n<ul>\n<li aria-level=\"1\"><b>Templo de Apolo<\/b><\/li>\n<\/ul>\n<ul>\n<li aria-level=\"1\"><b>Museo Arqueol\u00f3gico de Corinto<\/b><\/li>\n<\/ul>\n<ul>\n<li aria-level=\"1\"><b>Fuente de Glauke<\/b><\/li>\n<\/ul>\n<ul>\n<li aria-level=\"1\"><b>Acrocorinto<\/b><\/li>\n<\/ul>\n<ul>\n<li aria-level=\"1\"><b>\u00a1Y muchos m\u00e1s!<\/b><\/li>\n<\/ul>\n<h2><\/h2>\n<p><span style=\"font-weight: 400;\">Durante este tour privado de Atenas y Corinto Antiguo, tendr\u00e1 tiempo libre para almorzar. Si lo prefiere, podemos gestionar una reserva para usted en un agradable restaurante en Atenas.<\/span><\/p>\n<p><span style=\"font-weight: 400;\">Recuerde que Como se trata de un tour privado, puede personalizar el itinerario seg\u00fan sus propios deseos. Podemos incluir entradas a cualquier monumento o museo que quieras descubrir.<\/span><\/p>\n<p><span style=\"font-weight: 400;\">Finalmente, su conductor privado y gu\u00eda tur\u00edstico oficial lo llevar\u00e1n de regreso a su hotel en Atenas.<\/span><\/p>\n<p><span style=\"font-weight: 400;\">Ofrecemos una gran variedad de tours en y desde Atenas, eche un vistazo a <\/span><a href=\"https:\/\/tourtravelandmore.com\/es\/ciudad\/grecia-es\/atenas-es\/\"><span style=\"font-weight: 400;\">nuestra lista de tours privados<\/span><\/a><span style=\"font-weight: 400;\">.<\/span><\/p>\n","protected":false},"excerpt":{"rendered":"<p><span style=\"font-weight: 400;\">Descubre Atenas y la antigua Corinto en un tour privado. Nuestros gu\u00edas profesionales te llevar\u00e1n a lugares hist\u00f3ricos y culturales que no encontrar\u00e1s en ning\u00fan otro lugar. Disfruta de una experiencia \u00fanica e inolvidable.<\/span><\/p>\n","protected":false},"featured_media":64233,"comment_status":"open","ping_status":"closed","template":"","meta":{"_acf_changed":false},"product_brand":[],"product_cat":[1251,1252,1253],"product_tag":[],"class_list":{"0":"post-64206","1":"product","2":"type-product","3":"status-publish","4":"has-post-thumbnail","6":"product_cat-atenas-es","7":"product_cat-atenas-actividades-es","8":"product_cat-atenas-rutas-turisticas-privadas-es","10":"first","11":"instock","12":"shipping-taxable","13":"purchasable","14":"product-type-simple"},"acf":[],"yoast_head":"<!-- This site is optimized with the Yoast SEO Premium plugin v25.3.1 (Yoast SEO v25.3.1) - https:\/\/yoast.com\/wordpress\/plugins\/seo\/ -->\n<title>\u27a1\ufe0f Tours privados en Atenas y la antigua Corinto | Tour Travel &amp; More<\/title>\n<meta name=\"description\" content=\"Un tour privado en Atenas y la antigua Corinto es la mejor forma de descubrir estas dos ciudades griegas. Nuestros gu\u00edas expertos te mostrar\u00e1n los mejores sitios para visitar \u2705\" \/>\n<meta name=\"robots\" content=\"index, follow, max-snippet:-1, max-image-preview:large, max-video-preview:-1\" \/>\n<link rel=\"canonical\" href=\"https:\/\/tourtravelandmore.com\/es\/tours\/grecia-es\/atenas-es\/tour-privado-dia-completo-a-atenas-y-corinto\/\" \/>\n<meta property=\"og:locale\" content=\"es_ES\" \/>\n<meta property=\"og:type\" content=\"article\" \/>\n<meta property=\"og:title\" content=\"Tour Privado de Atenas y Corinto Antiguo\" \/>\n<meta property=\"og:description\" content=\"Un tour privado en Atenas y la antigua Corinto es la mejor forma de descubrir estas dos ciudades griegas. Nuestros gu\u00edas expertos te mostrar\u00e1n los mejores sitios para visitar \u2705\" \/>\n<meta property=\"og:url\" content=\"https:\/\/tourtravelandmore.com\/es\/tours\/grecia-es\/atenas-es\/tour-privado-dia-completo-a-atenas-y-corinto\/\" \/>\n<meta property=\"og:site_name\" content=\"Tour Travel And More\" \/>\n<meta property=\"article:publisher\" content=\"https:\/\/www.facebook.com\/tourtravelandmore\/\" \/>\n<meta property=\"article:modified_time\" content=\"2023-09-22T08:13:55+00:00\" \/>\n<meta property=\"og:image\" content=\"https:\/\/tourtravelandmore.com\/wp-content\/uploads\/2019\/08\/acropolis-67579_1280.jpg\" \/>\n\t<meta property=\"og:image:width\" content=\"1280\" \/>\n\t<meta property=\"og:image:height\" content=\"960\" \/>\n\t<meta property=\"og:image:type\" content=\"image\/jpeg\" \/>\n<meta name=\"twitter:card\" content=\"summary_large_image\" \/>\n<meta name=\"twitter:site\" content=\"@TourTravel_More\" \/>\n<meta name=\"twitter:label1\" content=\"Tiempo de lectura\" \/>\n\t<meta name=\"twitter:data1\" content=\"2 minutos\" \/>\n<script type=\"application\/ld+json\" class=\"yoast-schema-graph\">{\"@context\":\"https:\/\/schema.org\",\"@graph\":[{\"@type\":\"WebPage\",\"@id\":\"https:\/\/tourtravelandmore.com\/es\/tours\/grecia-es\/atenas-es\/tour-privado-dia-completo-a-atenas-y-corinto\/\",\"url\":\"https:\/\/tourtravelandmore.com\/es\/tours\/grecia-es\/atenas-es\/tour-privado-dia-completo-a-atenas-y-corinto\/\",\"name\":\"\u27a1\ufe0f Tours privados en Atenas y la antigua Corinto | Tour Travel & More\",\"isPartOf\":{\"@id\":\"https:\/\/tourtravelandmore.com\/es\/#website\"},\"primaryImageOfPage\":{\"@id\":\"https:\/\/tourtravelandmore.com\/es\/tours\/grecia-es\/atenas-es\/tour-privado-dia-completo-a-atenas-y-corinto\/#primaryimage\"},\"image\":{\"@id\":\"https:\/\/tourtravelandmore.com\/es\/tours\/grecia-es\/atenas-es\/tour-privado-dia-completo-a-atenas-y-corinto\/#primaryimage\"},\"thumbnailUrl\":\"https:\/\/tourtravelandmore.com\/wp-content\/uploads\/2019\/08\/acropolis-67579_1280.jpg\",\"datePublished\":\"2019-08-22T02:10:03+00:00\",\"dateModified\":\"2023-09-22T08:13:55+00:00\",\"description\":\"Un tour privado en Atenas y la antigua Corinto es la mejor forma de descubrir estas dos ciudades griegas. Nuestros gu\u00edas expertos te mostrar\u00e1n los mejores sitios para visitar \u2705\",\"breadcrumb\":{\"@id\":\"https:\/\/tourtravelandmore.com\/es\/tours\/grecia-es\/atenas-es\/tour-privado-dia-completo-a-atenas-y-corinto\/#breadcrumb\"},\"inLanguage\":\"es\",\"potentialAction\":[{\"@type\":\"ReadAction\",\"target\":[\"https:\/\/tourtravelandmore.com\/es\/tours\/grecia-es\/atenas-es\/tour-privado-dia-completo-a-atenas-y-corinto\/\"]}]},{\"@type\":\"ImageObject\",\"inLanguage\":\"es\",\"@id\":\"https:\/\/tourtravelandmore.com\/es\/tours\/grecia-es\/atenas-es\/tour-privado-dia-completo-a-atenas-y-corinto\/#primaryimage\",\"url\":\"https:\/\/tourtravelandmore.com\/wp-content\/uploads\/2019\/08\/acropolis-67579_1280.jpg\",\"contentUrl\":\"https:\/\/tourtravelandmore.com\/wp-content\/uploads\/2019\/08\/acropolis-67579_1280.jpg\",\"width\":1280,\"height\":960},{\"@type\":\"BreadcrumbList\",\"@id\":\"https:\/\/tourtravelandmore.com\/es\/tours\/grecia-es\/atenas-es\/tour-privado-dia-completo-a-atenas-y-corinto\/#breadcrumb\",\"itemListElement\":[{\"@type\":\"ListItem\",\"position\":1,\"name\":\"Home\",\"item\":\"https:\/\/tourtravelandmore.com\/es\/\"},{\"@type\":\"ListItem\",\"position\":2,\"name\":\"Tours\",\"item\":\"https:\/\/tourtravelandmore.com\/es\/tours\/\"},{\"@type\":\"ListItem\",\"position\":3,\"name\":\"Tour Privado de Atenas y Corinto Antiguo\"}]},{\"@type\":\"WebSite\",\"@id\":\"https:\/\/tourtravelandmore.com\/es\/#website\",\"url\":\"https:\/\/tourtravelandmore.com\/es\/\",\"name\":\"Tour Travel And More\",\"description\":\"Private sightseeing tours and luxury transfers in Spain\",\"publisher\":{\"@id\":\"https:\/\/tourtravelandmore.com\/es\/#organization\"},\"potentialAction\":[{\"@type\":\"SearchAction\",\"target\":{\"@type\":\"EntryPoint\",\"urlTemplate\":\"https:\/\/tourtravelandmore.com\/es\/?s={search_term_string}\"},\"query-input\":{\"@type\":\"PropertyValueSpecification\",\"valueRequired\":true,\"valueName\":\"search_term_string\"}}],\"inLanguage\":\"es\"},{\"@type\":\"Organization\",\"@id\":\"https:\/\/tourtravelandmore.com\/es\/#organization\",\"name\":\"Tour Travel And More\",\"url\":\"https:\/\/tourtravelandmore.com\/es\/\",\"logo\":{\"@type\":\"ImageObject\",\"inLanguage\":\"es\",\"@id\":\"https:\/\/tourtravelandmore.com\/es\/#\/schema\/logo\/image\/\",\"url\":\"https:\/\/tourtravelandmore.com\/wp-content\/uploads\/2022\/12\/cropped-logo-cabecera-new.png\",\"contentUrl\":\"https:\/\/tourtravelandmore.com\/wp-content\/uploads\/2022\/12\/cropped-logo-cabecera-new.png\",\"width\":430,\"height\":61,\"caption\":\"Tour Travel And More\"},\"image\":{\"@id\":\"https:\/\/tourtravelandmore.com\/es\/#\/schema\/logo\/image\/\"},\"sameAs\":[\"https:\/\/www.facebook.com\/tourtravelandmore\/\",\"https:\/\/x.com\/TourTravel_More\"]}]}<\/script>\n<!-- \/ Yoast SEO Premium plugin. -->","yoast_head_json":{"title":"\u27a1\ufe0f Tours privados en Atenas y la antigua Corinto | Tour Travel & More","description":"Un tour privado en Atenas y la antigua Corinto es la mejor forma de descubrir estas dos ciudades griegas. Nuestros gu\u00edas expertos te mostrar\u00e1n los mejores sitios para visitar \u2705","robots":{"index":"index","follow":"follow","max-snippet":"max-snippet:-1","max-image-preview":"max-image-preview:large","max-video-preview":"max-video-preview:-1"},"canonical":"https:\/\/tourtravelandmore.com\/es\/tours\/grecia-es\/atenas-es\/tour-privado-dia-completo-a-atenas-y-corinto\/","og_locale":"es_ES","og_type":"article","og_title":"Tour Privado de Atenas y Corinto Antiguo","og_description":"Un tour privado en Atenas y la antigua Corinto es la mejor forma de descubrir estas dos ciudades griegas. Nuestros gu\u00edas expertos te mostrar\u00e1n los mejores sitios para visitar \u2705","og_url":"https:\/\/tourtravelandmore.com\/es\/tours\/grecia-es\/atenas-es\/tour-privado-dia-completo-a-atenas-y-corinto\/","og_site_name":"Tour Travel And More","article_publisher":"https:\/\/www.facebook.com\/tourtravelandmore\/","article_modified_time":"2023-09-22T08:13:55+00:00","og_image":[{"width":1280,"height":960,"url":"https:\/\/tourtravelandmore.com\/wp-content\/uploads\/2019\/08\/acropolis-67579_1280.jpg","type":"image\/jpeg"}],"twitter_card":"summary_large_image","twitter_site":"@TourTravel_More","twitter_misc":{"Tiempo de lectura":"2 minutos"},"schema":{"@context":"https:\/\/schema.org","@graph":[{"@type":"WebPage","@id":"https:\/\/tourtravelandmore.com\/es\/tours\/grecia-es\/atenas-es\/tour-privado-dia-completo-a-atenas-y-corinto\/","url":"https:\/\/tourtravelandmore.com\/es\/tours\/grecia-es\/atenas-es\/tour-privado-dia-completo-a-atenas-y-corinto\/","name":"\u27a1\ufe0f Tours privados en Atenas y la antigua Corinto | Tour Travel & More","isPartOf":{"@id":"https:\/\/tourtravelandmore.com\/es\/#website"},"primaryImageOfPage":{"@id":"https:\/\/tourtravelandmore.com\/es\/tours\/grecia-es\/atenas-es\/tour-privado-dia-completo-a-atenas-y-corinto\/#primaryimage"},"image":{"@id":"https:\/\/tourtravelandmore.com\/es\/tours\/grecia-es\/atenas-es\/tour-privado-dia-completo-a-atenas-y-corinto\/#primaryimage"},"thumbnailUrl":"https:\/\/tourtravelandmore.com\/wp-content\/uploads\/2019\/08\/acropolis-67579_1280.jpg","datePublished":"2019-08-22T02:10:03+00:00","dateModified":"2023-09-22T08:13:55+00:00","description":"Un tour privado en Atenas y la antigua Corinto es la mejor forma de descubrir estas dos ciudades griegas. Nuestros gu\u00edas expertos te mostrar\u00e1n los mejores sitios para visitar \u2705","breadcrumb":{"@id":"https:\/\/tourtravelandmore.com\/es\/tours\/grecia-es\/atenas-es\/tour-privado-dia-completo-a-atenas-y-corinto\/#breadcrumb"},"inLanguage":"es","potentialAction":[{"@type":"ReadAction","target":["https:\/\/tourtravelandmore.com\/es\/tours\/grecia-es\/atenas-es\/tour-privado-dia-completo-a-atenas-y-corinto\/"]}]},{"@type":"ImageObject","inLanguage":"es","@id":"https:\/\/tourtravelandmore.com\/es\/tours\/grecia-es\/atenas-es\/tour-privado-dia-completo-a-atenas-y-corinto\/#primaryimage","url":"https:\/\/tourtravelandmore.com\/wp-content\/uploads\/2019\/08\/acropolis-67579_1280.jpg","contentUrl":"https:\/\/tourtravelandmore.com\/wp-content\/uploads\/2019\/08\/acropolis-67579_1280.jpg","width":1280,"height":960},{"@type":"BreadcrumbList","@id":"https:\/\/tourtravelandmore.com\/es\/tours\/grecia-es\/atenas-es\/tour-privado-dia-completo-a-atenas-y-corinto\/#breadcrumb","itemListElement":[{"@type":"ListItem","position":1,"name":"Home","item":"https:\/\/tourtravelandmore.com\/es\/"},{"@type":"ListItem","position":2,"name":"Tours","item":"https:\/\/tourtravelandmore.com\/es\/tours\/"},{"@type":"ListItem","position":3,"name":"Tour Privado de Atenas y Corinto Antiguo"}]},{"@type":"WebSite","@id":"https:\/\/tourtravelandmore.com\/es\/#website","url":"https:\/\/tourtravelandmore.com\/es\/","name":"Tour Travel And More","description":"Private sightseeing tours and luxury transfers in Spain","publisher":{"@id":"https:\/\/tourtravelandmore.com\/es\/#organization"},"potentialAction":[{"@type":"SearchAction","target":{"@type":"EntryPoint","urlTemplate":"https:\/\/tourtravelandmore.com\/es\/?s={search_term_string}"},"query-input":{"@type":"PropertyValueSpecification","valueRequired":true,"valueName":"search_term_string"}}],"inLanguage":"es"},{"@type":"Organization","@id":"https:\/\/tourtravelandmore.com\/es\/#organization","name":"Tour Travel And More","url":"https:\/\/tourtravelandmore.com\/es\/","logo":{"@type":"ImageObject","inLanguage":"es","@id":"https:\/\/tourtravelandmore.com\/es\/#\/schema\/logo\/image\/","url":"https:\/\/tourtravelandmore.com\/wp-content\/uploads\/2022\/12\/cropped-logo-cabecera-new.png","contentUrl":"https:\/\/tourtravelandmore.com\/wp-content\/uploads\/2022\/12\/cropped-logo-cabecera-new.png","width":430,"height":61,"caption":"Tour Travel And More"},"image":{"@id":"https:\/\/tourtravelandmore.com\/es\/#\/schema\/logo\/image\/"},"sameAs":["https:\/\/www.facebook.com\/tourtravelandmore\/","https:\/\/x.com\/TourTravel_More"]}]}},"_links":{"self":[{"href":"https:\/\/tourtravelandmore.com\/es\/wp-json\/wp\/v2\/product\/64206","targetHints":{"allow":["GET"]}}],"collection":[{"href":"https:\/\/tourtravelandmore.com\/es\/wp-json\/wp\/v2\/product"}],"about":[{"href":"https:\/\/tourtravelandmore.com\/es\/wp-json\/wp\/v2\/types\/product"}],"replies":[{"embeddable":true,"href":"https:\/\/tourtravelandmore.com\/es\/wp-json\/wp\/v2\/comments?post=64206"}],"wp:featuredmedia":[{"embeddable":true,"href":"https:\/\/tourtravelandmore.com\/es\/wp-json\/wp\/v2\/media\/64233"}],"wp:attachment":[{"href":"https:\/\/tourtravelandmore.com\/es\/wp-json\/wp\/v2\/media?parent=64206"}],"wp:term":[{"taxonomy":"product_brand","embeddable":true,"href":"https:\/\/tourtravelandmore.com\/es\/wp-json\/wp\/v2\/product_brand?post=64206"},{"taxonomy":"product_cat","embeddable":true,"href":"https:\/\/tourtravelandmore.com\/es\/wp-json\/wp\/v2\/product_cat?post=64206"},{"taxonomy":"product_tag","embeddable":true,"href":"https:\/\/tourtravelandmore.com\/es\/wp-json\/wp\/v2\/product_tag?post=64206"}],"curies":[{"name":"wp","href":"https:\/\/api.w.org\/{rel}","templated":true}]}}