{"id":64186,"date":"2019-08-22T02:57:39","date_gmt":"2019-08-22T00:57:41","guid":{"rendered":"https:\/\/tourtravelandmore.com\/?post_type=product&#038;p=64186"},"modified":"2023-09-22T09:50:37","modified_gmt":"2023-09-22T07:50:37","slug":"tour-privado-eleusis-desde-atenas","status":"publish","type":"product","link":"https:\/\/tourtravelandmore.com\/es\/tours\/grecia-es\/atenas-es\/tour-privado-eleusis-desde-atenas\/","title":{"rendered":"Tour Privado a Eleusis desde Atenas"},"content":{"rendered":"<h2><b>Descripci\u00f3n de la excursi\u00f3n privada a Eleusis desde Atenas<\/b><\/h2>\n<p><span style=\"font-weight: 400;\">Visitar Eleusis es una experiencia inolvidable. Aqu\u00ed podr\u00e1s descubrir la historia de la ciudad, que data del a\u00f1o 3000 a.C., y de las ceremonias en honor a Dem\u00e9ter y Pers\u00e9fone, diosas de la agricultura, la fecundidad y la muerte.<\/span><\/p>\n<p><span style=\"font-weight: 400;\">Eleusis se encuentra a tan solo 20 km de Atenas y el recorrido en autob\u00fas desde la capital griega dura aproximadamente una hora. Al llegar a las afueras de la poblaci\u00f3n, se divisa un impresionante santuario griego situado en lo alto de una colina. El recinto arqueol\u00f3gico de Eleusis es, sin duda, una de las visitas obligatorias en Atenas. Fue declarado Patrimonio de la Humanidad por la UNESCO en el a\u00f1o 1993.<\/span><\/p>\n<p><span style=\"font-weight: 400;\">Las ruinas de Eleusis son testigo de la importancia que este lugar tuvo en la antig\u00fcedad. Muchos historiadores consideran que las ceremonias religiosas celebradas aqu\u00ed tuvieron un enorme impacto en el desarrollo de la civilizaci\u00f3n occidental.<\/span><\/p>\n<p><span style=\"font-weight: 400;\">En este <\/span><b>Tour privado de 4 horas<\/b><span style=\"font-weight: 400;\"> a Eleusis usted contar\u00e1 con un gu\u00eda privado, veh\u00edculo de lujo y entras para que su experiencia sea \u00fanicamente relajarse y descubrir este fascinante destino a nivel mundial.<\/span><\/p>\n<p><span style=\"font-weight: 400;\">Si, por otra parte, usted est\u00e1 buscando experiencia de d\u00eda completa, eche un vistazo a nuestro <\/span><a href=\"https:\/\/tourtravelandmore.com\/es\/tours\/grecia-es\/atenas-es\/excursion-privado-de-dia-completo-en-delfos-desde-atenas\/\"><span style=\"font-weight: 400;\">tour privado de Delfos desde Atenas.<\/span><\/a><\/p>\n<h2><b>Puntos de inter\u00e9s en la excursi\u00f3n privada a Eleusis\u00a0<\/b><\/h2>\n<p><span style=\"font-weight: 400;\">Las ruinas de Elusis son uno de los sitios m\u00e1s visitados de Grecia, y no es para menos, ya que estas ofrecen una vista impresionante.<\/span><\/p>\n<p><span style=\"font-weight: 400;\">Es una ciudad ubicada en el \u00c1tica. Fue la ciudad donde se celebraban los Misterios Eleusinos, una de las principales festividades religiosas de la Antigua Grecia.<\/span><\/p>\n<p><b>A trav\u00e9s de este tour descubrir\u00e1s los lugares m\u00e1s eminentes de Eleusis como:<\/b><\/p>\n<ul>\n<li aria-level=\"1\"><b>Sitio Arqueol\u00f3gico de Eleusis: uno de los sitios arqueol\u00f3gicos m\u00e1s importantes y m\u00e1s grandes de Grecia.<\/b><\/li>\n<\/ul>\n<ul>\n<li aria-level=\"1\"><b>Museo de Eleusis<\/b><\/li>\n<\/ul>\n<ul>\n<li aria-level=\"1\"><b>Ploutonion<\/b><\/li>\n<\/ul>\n<ul>\n<li aria-level=\"1\"><b>El Pozo Kallichoron<\/b><\/li>\n<\/ul>\n<ul>\n<li aria-level=\"1\"><b>Templo de Afrodita<\/b><\/li>\n<\/ul>\n<ul>\n<li aria-level=\"1\"><b>El Puente de los Kifissos de Eleusis<\/b><\/li>\n<li aria-level=\"1\"><b>\u00a1Y mucho m\u00e1s!<\/b><\/li>\n<\/ul>\n<p><span style=\"font-weight: 400;\">Su gu\u00eda tur\u00edstico oficial, que es un experto en la ciudad y conoce todos sus secretos, le explicar\u00e1 toda la historia y arquitectura de este lugar especial.<\/span><\/p>\n<p><span style=\"font-weight: 400;\">Al final del recorrido, su conductor privado lo llevar\u00e1 de regreso a su punto de partida en Atenas.<\/span><\/p>\n","protected":false},"excerpt":{"rendered":"<p><span style=\"font-weight: 400;\">Descubre las maravillas de Eleusis en una excursi\u00f3n privada desde Atenas. Nuestro gu\u00eda experto te llevar\u00e1 a visitar este antiguo y misterioso sitio, hogar de las famosas Eleusinian Mysteries. \u00a1No te lo pierdas!<\/span><\/p>\n<p>&nbsp;<\/p>\n<p>&nbsp;<\/p>\n","protected":false},"featured_media":64200,"comment_status":"open","ping_status":"closed","template":"","meta":{"_acf_changed":false},"product_brand":[],"product_cat":[1251,1252,1253],"product_tag":[],"class_list":{"0":"post-64186","1":"product","2":"type-product","3":"status-publish","4":"has-post-thumbnail","6":"product_cat-atenas-es","7":"product_cat-atenas-actividades-es","8":"product_cat-atenas-rutas-turisticas-privadas-es","10":"first","11":"instock","12":"shipping-taxable","13":"purchasable","14":"product-type-simple"},"acf":[],"yoast_head":"<!-- This site is optimized with the Yoast SEO Premium plugin v25.3.1 (Yoast SEO v25.3.1) - https:\/\/yoast.com\/wordpress\/plugins\/seo\/ -->\n<title>\u27a1\ufe0f Excursi\u00f3n privada a Eleusis desde Atenas | Tour Travel &amp; More<\/title>\n<meta name=\"description\" content=\"Explora la antigua ciudad de Eleusis en un tour privado desde Atenas. Tour Travel &amp; More ofrece excursiones personalizadas a este fascinante destino \u2705\" \/>\n<meta name=\"robots\" content=\"index, follow, max-snippet:-1, max-image-preview:large, max-video-preview:-1\" \/>\n<link rel=\"canonical\" href=\"https:\/\/tourtravelandmore.com\/es\/tours\/grecia-es\/atenas-es\/tour-privado-eleusis-desde-atenas\/\" \/>\n<meta property=\"og:locale\" content=\"es_ES\" \/>\n<meta property=\"og:type\" content=\"article\" \/>\n<meta property=\"og:title\" content=\"Tour Privado a Eleusis desde Atenas\" \/>\n<meta property=\"og:description\" content=\"Explora la antigua ciudad de Eleusis en un tour privado desde Atenas. Tour Travel &amp; More ofrece excursiones personalizadas a este fascinante destino \u2705\" \/>\n<meta property=\"og:url\" content=\"https:\/\/tourtravelandmore.com\/es\/tours\/grecia-es\/atenas-es\/tour-privado-eleusis-desde-atenas\/\" \/>\n<meta property=\"og:site_name\" content=\"Tour Travel And More\" \/>\n<meta property=\"article:publisher\" content=\"https:\/\/www.facebook.com\/tourtravelandmore\/\" \/>\n<meta property=\"article:modified_time\" content=\"2023-09-22T07:50:37+00:00\" \/>\n<meta property=\"og:image\" content=\"https:\/\/tourtravelandmore.com\/wp-content\/uploads\/2019\/08\/eleusis6.jpg\" \/>\n\t<meta property=\"og:image:width\" content=\"1280\" \/>\n\t<meta property=\"og:image:height\" content=\"720\" \/>\n\t<meta property=\"og:image:type\" content=\"image\/jpeg\" \/>\n<meta name=\"twitter:card\" content=\"summary_large_image\" \/>\n<meta name=\"twitter:site\" content=\"@TourTravel_More\" \/>\n<meta name=\"twitter:label1\" content=\"Tiempo de lectura\" \/>\n\t<meta name=\"twitter:data1\" content=\"2 minutos\" \/>\n<script type=\"application\/ld+json\" class=\"yoast-schema-graph\">{\"@context\":\"https:\/\/schema.org\",\"@graph\":[{\"@type\":\"WebPage\",\"@id\":\"https:\/\/tourtravelandmore.com\/es\/tours\/grecia-es\/atenas-es\/tour-privado-eleusis-desde-atenas\/\",\"url\":\"https:\/\/tourtravelandmore.com\/es\/tours\/grecia-es\/atenas-es\/tour-privado-eleusis-desde-atenas\/\",\"name\":\"\u27a1\ufe0f Excursi\u00f3n privada a Eleusis desde Atenas | Tour Travel & More\",\"isPartOf\":{\"@id\":\"https:\/\/tourtravelandmore.com\/es\/#website\"},\"primaryImageOfPage\":{\"@id\":\"https:\/\/tourtravelandmore.com\/es\/tours\/grecia-es\/atenas-es\/tour-privado-eleusis-desde-atenas\/#primaryimage\"},\"image\":{\"@id\":\"https:\/\/tourtravelandmore.com\/es\/tours\/grecia-es\/atenas-es\/tour-privado-eleusis-desde-atenas\/#primaryimage\"},\"thumbnailUrl\":\"https:\/\/tourtravelandmore.com\/wp-content\/uploads\/2019\/08\/eleusis6.jpg\",\"datePublished\":\"2019-08-22T00:57:41+00:00\",\"dateModified\":\"2023-09-22T07:50:37+00:00\",\"description\":\"Explora la antigua ciudad de Eleusis en un tour privado desde Atenas. Tour Travel & More ofrece excursiones personalizadas a este fascinante destino \u2705\",\"breadcrumb\":{\"@id\":\"https:\/\/tourtravelandmore.com\/es\/tours\/grecia-es\/atenas-es\/tour-privado-eleusis-desde-atenas\/#breadcrumb\"},\"inLanguage\":\"es\",\"potentialAction\":[{\"@type\":\"ReadAction\",\"target\":[\"https:\/\/tourtravelandmore.com\/es\/tours\/grecia-es\/atenas-es\/tour-privado-eleusis-desde-atenas\/\"]}]},{\"@type\":\"ImageObject\",\"inLanguage\":\"es\",\"@id\":\"https:\/\/tourtravelandmore.com\/es\/tours\/grecia-es\/atenas-es\/tour-privado-eleusis-desde-atenas\/#primaryimage\",\"url\":\"https:\/\/tourtravelandmore.com\/wp-content\/uploads\/2019\/08\/eleusis6.jpg\",\"contentUrl\":\"https:\/\/tourtravelandmore.com\/wp-content\/uploads\/2019\/08\/eleusis6.jpg\",\"width\":1280,\"height\":720},{\"@type\":\"BreadcrumbList\",\"@id\":\"https:\/\/tourtravelandmore.com\/es\/tours\/grecia-es\/atenas-es\/tour-privado-eleusis-desde-atenas\/#breadcrumb\",\"itemListElement\":[{\"@type\":\"ListItem\",\"position\":1,\"name\":\"Home\",\"item\":\"https:\/\/tourtravelandmore.com\/es\/\"},{\"@type\":\"ListItem\",\"position\":2,\"name\":\"Tours\",\"item\":\"https:\/\/tourtravelandmore.com\/es\/tours\/\"},{\"@type\":\"ListItem\",\"position\":3,\"name\":\"Tour Privado a Eleusis desde Atenas\"}]},{\"@type\":\"WebSite\",\"@id\":\"https:\/\/tourtravelandmore.com\/es\/#website\",\"url\":\"https:\/\/tourtravelandmore.com\/es\/\",\"name\":\"Tour Travel And More\",\"description\":\"Private sightseeing tours and luxury transfers in Spain\",\"publisher\":{\"@id\":\"https:\/\/tourtravelandmore.com\/es\/#organization\"},\"potentialAction\":[{\"@type\":\"SearchAction\",\"target\":{\"@type\":\"EntryPoint\",\"urlTemplate\":\"https:\/\/tourtravelandmore.com\/es\/?s={search_term_string}\"},\"query-input\":{\"@type\":\"PropertyValueSpecification\",\"valueRequired\":true,\"valueName\":\"search_term_string\"}}],\"inLanguage\":\"es\"},{\"@type\":\"Organization\",\"@id\":\"https:\/\/tourtravelandmore.com\/es\/#organization\",\"name\":\"Tour Travel And More\",\"url\":\"https:\/\/tourtravelandmore.com\/es\/\",\"logo\":{\"@type\":\"ImageObject\",\"inLanguage\":\"es\",\"@id\":\"https:\/\/tourtravelandmore.com\/es\/#\/schema\/logo\/image\/\",\"url\":\"https:\/\/tourtravelandmore.com\/wp-content\/uploads\/2022\/12\/cropped-logo-cabecera-new.png\",\"contentUrl\":\"https:\/\/tourtravelandmore.com\/wp-content\/uploads\/2022\/12\/cropped-logo-cabecera-new.png\",\"width\":430,\"height\":61,\"caption\":\"Tour Travel And More\"},\"image\":{\"@id\":\"https:\/\/tourtravelandmore.com\/es\/#\/schema\/logo\/image\/\"},\"sameAs\":[\"https:\/\/www.facebook.com\/tourtravelandmore\/\",\"https:\/\/x.com\/TourTravel_More\"]}]}<\/script>\n<!-- \/ Yoast SEO Premium plugin. -->","yoast_head_json":{"title":"\u27a1\ufe0f Excursi\u00f3n privada a Eleusis desde Atenas | Tour Travel & More","description":"Explora la antigua ciudad de Eleusis en un tour privado desde Atenas. Tour Travel & More ofrece excursiones personalizadas a este fascinante destino \u2705","robots":{"index":"index","follow":"follow","max-snippet":"max-snippet:-1","max-image-preview":"max-image-preview:large","max-video-preview":"max-video-preview:-1"},"canonical":"https:\/\/tourtravelandmore.com\/es\/tours\/grecia-es\/atenas-es\/tour-privado-eleusis-desde-atenas\/","og_locale":"es_ES","og_type":"article","og_title":"Tour Privado a Eleusis desde Atenas","og_description":"Explora la antigua ciudad de Eleusis en un tour privado desde Atenas. Tour Travel & More ofrece excursiones personalizadas a este fascinante destino \u2705","og_url":"https:\/\/tourtravelandmore.com\/es\/tours\/grecia-es\/atenas-es\/tour-privado-eleusis-desde-atenas\/","og_site_name":"Tour Travel And More","article_publisher":"https:\/\/www.facebook.com\/tourtravelandmore\/","article_modified_time":"2023-09-22T07:50:37+00:00","og_image":[{"width":1280,"height":720,"url":"https:\/\/tourtravelandmore.com\/wp-content\/uploads\/2019\/08\/eleusis6.jpg","type":"image\/jpeg"}],"twitter_card":"summary_large_image","twitter_site":"@TourTravel_More","twitter_misc":{"Tiempo de lectura":"2 minutos"},"schema":{"@context":"https:\/\/schema.org","@graph":[{"@type":"WebPage","@id":"https:\/\/tourtravelandmore.com\/es\/tours\/grecia-es\/atenas-es\/tour-privado-eleusis-desde-atenas\/","url":"https:\/\/tourtravelandmore.com\/es\/tours\/grecia-es\/atenas-es\/tour-privado-eleusis-desde-atenas\/","name":"\u27a1\ufe0f Excursi\u00f3n privada a Eleusis desde Atenas | Tour Travel & More","isPartOf":{"@id":"https:\/\/tourtravelandmore.com\/es\/#website"},"primaryImageOfPage":{"@id":"https:\/\/tourtravelandmore.com\/es\/tours\/grecia-es\/atenas-es\/tour-privado-eleusis-desde-atenas\/#primaryimage"},"image":{"@id":"https:\/\/tourtravelandmore.com\/es\/tours\/grecia-es\/atenas-es\/tour-privado-eleusis-desde-atenas\/#primaryimage"},"thumbnailUrl":"https:\/\/tourtravelandmore.com\/wp-content\/uploads\/2019\/08\/eleusis6.jpg","datePublished":"2019-08-22T00:57:41+00:00","dateModified":"2023-09-22T07:50:37+00:00","description":"Explora la antigua ciudad de Eleusis en un tour privado desde Atenas. Tour Travel & More ofrece excursiones personalizadas a este fascinante destino \u2705","breadcrumb":{"@id":"https:\/\/tourtravelandmore.com\/es\/tours\/grecia-es\/atenas-es\/tour-privado-eleusis-desde-atenas\/#breadcrumb"},"inLanguage":"es","potentialAction":[{"@type":"ReadAction","target":["https:\/\/tourtravelandmore.com\/es\/tours\/grecia-es\/atenas-es\/tour-privado-eleusis-desde-atenas\/"]}]},{"@type":"ImageObject","inLanguage":"es","@id":"https:\/\/tourtravelandmore.com\/es\/tours\/grecia-es\/atenas-es\/tour-privado-eleusis-desde-atenas\/#primaryimage","url":"https:\/\/tourtravelandmore.com\/wp-content\/uploads\/2019\/08\/eleusis6.jpg","contentUrl":"https:\/\/tourtravelandmore.com\/wp-content\/uploads\/2019\/08\/eleusis6.jpg","width":1280,"height":720},{"@type":"BreadcrumbList","@id":"https:\/\/tourtravelandmore.com\/es\/tours\/grecia-es\/atenas-es\/tour-privado-eleusis-desde-atenas\/#breadcrumb","itemListElement":[{"@type":"ListItem","position":1,"name":"Home","item":"https:\/\/tourtravelandmore.com\/es\/"},{"@type":"ListItem","position":2,"name":"Tours","item":"https:\/\/tourtravelandmore.com\/es\/tours\/"},{"@type":"ListItem","position":3,"name":"Tour Privado a Eleusis desde Atenas"}]},{"@type":"WebSite","@id":"https:\/\/tourtravelandmore.com\/es\/#website","url":"https:\/\/tourtravelandmore.com\/es\/","name":"Tour Travel And More","description":"Private sightseeing tours and luxury transfers in Spain","publisher":{"@id":"https:\/\/tourtravelandmore.com\/es\/#organization"},"potentialAction":[{"@type":"SearchAction","target":{"@type":"EntryPoint","urlTemplate":"https:\/\/tourtravelandmore.com\/es\/?s={search_term_string}"},"query-input":{"@type":"PropertyValueSpecification","valueRequired":true,"valueName":"search_term_string"}}],"inLanguage":"es"},{"@type":"Organization","@id":"https:\/\/tourtravelandmore.com\/es\/#organization","name":"Tour Travel And More","url":"https:\/\/tourtravelandmore.com\/es\/","logo":{"@type":"ImageObject","inLanguage":"es","@id":"https:\/\/tourtravelandmore.com\/es\/#\/schema\/logo\/image\/","url":"https:\/\/tourtravelandmore.com\/wp-content\/uploads\/2022\/12\/cropped-logo-cabecera-new.png","contentUrl":"https:\/\/tourtravelandmore.com\/wp-content\/uploads\/2022\/12\/cropped-logo-cabecera-new.png","width":430,"height":61,"caption":"Tour Travel And More"},"image":{"@id":"https:\/\/tourtravelandmore.com\/es\/#\/schema\/logo\/image\/"},"sameAs":["https:\/\/www.facebook.com\/tourtravelandmore\/","https:\/\/x.com\/TourTravel_More"]}]}},"_links":{"self":[{"href":"https:\/\/tourtravelandmore.com\/es\/wp-json\/wp\/v2\/product\/64186","targetHints":{"allow":["GET"]}}],"collection":[{"href":"https:\/\/tourtravelandmore.com\/es\/wp-json\/wp\/v2\/product"}],"about":[{"href":"https:\/\/tourtravelandmore.com\/es\/wp-json\/wp\/v2\/types\/product"}],"replies":[{"embeddable":true,"href":"https:\/\/tourtravelandmore.com\/es\/wp-json\/wp\/v2\/comments?post=64186"}],"wp:featuredmedia":[{"embeddable":true,"href":"https:\/\/tourtravelandmore.com\/es\/wp-json\/wp\/v2\/media\/64200"}],"wp:attachment":[{"href":"https:\/\/tourtravelandmore.com\/es\/wp-json\/wp\/v2\/media?parent=64186"}],"wp:term":[{"taxonomy":"product_brand","embeddable":true,"href":"https:\/\/tourtravelandmore.com\/es\/wp-json\/wp\/v2\/product_brand?post=64186"},{"taxonomy":"product_cat","embeddable":true,"href":"https:\/\/tourtravelandmore.com\/es\/wp-json\/wp\/v2\/product_cat?post=64186"},{"taxonomy":"product_tag","embeddable":true,"href":"https:\/\/tourtravelandmore.com\/es\/wp-json\/wp\/v2\/product_tag?post=64186"}],"curies":[{"name":"wp","href":"https:\/\/api.w.org\/{rel}","templated":true}]}}