{"id":63862,"date":"2019-08-15T18:11:31","date_gmt":"2019-08-15T16:11:31","guid":{"rendered":"https:\/\/tourtravelandmore.com\/?post_type=product&#038;p=63862"},"modified":"2022-10-18T02:36:59","modified_gmt":"2022-10-18T00:36:59","slug":"tour-privado-vinedos-de-beaujolais-con-vehiculo-cata-y-guia","status":"publish","type":"product","link":"https:\/\/tourtravelandmore.com\/es\/tours\/francia\/lyon-es\/tour-privado-vinedos-de-beaujolais-con-vehiculo-cata-y-guia\/","title":{"rendered":"Tour privado de medio d\u00eda a vi\u00f1edos en Beaujolais"},"content":{"rendered":"<h2><b>Descripci\u00f3n del Tour privado de medio d\u00eda a vi\u00f1edos en Beaujolais<\/b><\/h2>\n<p><span style=\"font-weight: 400;\">Obtenga un recorrido privado por los vi\u00f1edos de Beaujolais con este paquete que tambi\u00e9n incluye un conductor privado.<\/span><\/p>\n<p><span style=\"font-weight: 400;\">D\u00e9jate sorprender por los vinos m\u00e1s sorprendentes y sabrosos de la regi\u00f3n. Conoce cada lugar como si fueras un conocedor de vinos.<\/span><\/p>\n<p><span style=\"font-weight: 400;\">Beaune (que proviene del nombre de la ciudad de Borgo\u00f1a) es una de las denominaciones m\u00e1s prestigiosas de la regi\u00f3n, y obtienes una experiencia m\u00e1s personalizada al optar por un recorrido privado por, por ejemplo, <\/span><b>un vi\u00f1edo de Beaujolais.<\/b><\/p>\n<p><span style=\"font-weight: 400;\">En este tour privado de Beaujolais desde Lyon, explore los pintorescos vi\u00f1edos y pruebe el vino Pizay. El recorrido incluye los secretos de la vinificaci\u00f3n francesa en un recorrido por las bodegas.<\/span><\/p>\n<p><span style=\"font-weight: 400;\">Al salir de Lyon, podr\u00e1 ver la belleza de los campos de vino. Adem\u00e1s, la Cata de Vinos y la degustaci\u00f3n ser\u00e1 en un grupo reducido. La disposici\u00f3n con conductor ser\u00e1 privada y les ense\u00f1ar\u00e1 lo m\u00e1s relevante de la zona.<\/span><\/p>\n<h2><b>Puntos de inter\u00e9s en el Tour privado de medio d\u00eda a vi\u00f1edos en Beaujolais<\/b><\/h2>\n<p><span style=\"font-weight: 400;\">Nuestro conductor privado le recoger\u00e1 en Lyon a la hora y en el lugar acordados. Puede decidir la hora de inicio y el lugar de inicio de su recorrido, cu\u00e1ndo o d\u00f3nde le gustar\u00eda comenzar.<\/span><\/p>\n<p><span style=\"font-weight: 400;\">Entre otros muchos lugares a visitar en la regi\u00f3n de Beaujolais, le ofrecemos tambi\u00e9n:<\/span><\/p>\n<h3><b>Villefranche-sur-Sa\u00f4ne y sus patios renacentistas<\/b><\/h3>\n<p><span style=\"font-weight: 400;\">Villefranche-sur-Sa\u00f4ne es una peque\u00f1a ciudad en la regi\u00f3n de Rh\u00f4ne-Alpes de Francia. Es famoso por sus patios renacentistas, que son Patrimonio de la Humanidad por la UNESCO.<\/span><\/p>\n<p><span style=\"font-weight: 400;\">La historia de la ciudad se remonta a la \u00e9poca romana y fue un punto comercial clave durante la Edad Media. La ciudad tambi\u00e9n fue un centro importante para la Reforma protestante durante el siglo XVI. Algunas personas famosas que han vivido en Villefranche incluyen a Victor Hugo, Jean Racine y Alexandre Dumas p\u00e8re.<\/span><\/p>\n<p><span style=\"font-weight: 400;\">Los patios renacentistas de Villefranche son uno de sus elementos m\u00e1s emblem\u00e1ticos.\u00a0<\/span><\/p>\n<h3><b>Oingt y el Beaujolais des Pierres Dor\u00e9es<\/b><\/h3>\n<p><span style=\"font-weight: 400;\">Los vinos de la regi\u00f3n de Beaujolais se elaboran a partir de la uva Gamay y son algunos de los vinos m\u00e1s populares de Francia.<\/span><\/p>\n<p><span style=\"font-weight: 400;\">Las dos principales regiones vin\u00edcolas de Beaujolais son Beaujeu-Villages y Oingt, al norte de Lyon. Los vinos de estas regiones suelen tener un cuerpo m\u00e1s ligero que los de otras partes de Francia debido al clima m\u00e1s fresco.<\/span><\/p>\n<h3><b>El monte Brouilly y sus vistas<\/b><\/h3>\n<p><span style=\"font-weight: 400;\">El monte Brouilly es el punto m\u00e1s alto de Beaujolais. Se encuentra en el coraz\u00f3n de una zona geol\u00f3gica denominada &#8220;Brouilly&#8221; por sus suelos de color marr\u00f3n. La monta\u00f1a es una intrusi\u00f3n gran\u00edtica con una altitud de 809 metros.<\/span><\/p>\n<p><span style=\"font-weight: 400;\">Las vistas desde el monte Brouilly son impresionantes, especialmente al atardecer, cuando el sol se oculta detr\u00e1s de las monta\u00f1as y deja un tono rosado en el horizonte.<\/span><\/p>\n<p><span style=\"font-weight: 400;\">El vino Beaujolais es bien conocido por su sabor afrutado y su ligereza, que proviene de su suelo delgado y vi\u00f1edos bajos.<\/span><\/p>\n<h3><b>Hameau Duboeuf, el primer oenoparque en Beaujolais<\/b><\/h3>\n<p><span style=\"font-weight: 400;\">Hameau Duboeuf es un productor de vino en Beaujolais, Francia. La empresa fue fundada en 1947 por Claude Duboeuf, quien sigue siendo el presidente de la empresa. La finca Hameau Duboeuf tiene una superficie de unas 5 hect\u00e1reas y est\u00e1 clasificada como enoparque desde 2006.<\/span><\/p>\n<p><span style=\"font-weight: 400;\">La finca Hameau Duboeuf se encuentra en Saint-Amour, a 12 kil\u00f3metros del centro de Beaujeu, en una colina que domina el valle del r\u00edo Saona.<\/span><\/p>\n<h3><b>El castillo de la Chaize en Odenas<\/b><\/h3>\n<p><span style=\"font-weight: 400;\">El Ch\u00e2teau de la Chaize es un castillo en Odenas, Francia, que fue construido en el siglo XIII. Este castillo es famoso por ser el lugar de nacimiento del fil\u00f3sofo y matem\u00e1tico franc\u00e9s Blaise Pascal. El Ch\u00e2teau de la Chaize tambi\u00e9n fue un lugar religioso importante, ya que sirvi\u00f3 como monasterio desde 1499 hasta 1789.<\/span><\/p>\n<p><span style=\"font-weight: 400;\">El Ch\u00e2teau de la Chaize est\u00e1 situado en la cima de una colina con vistas al pueblo de Odenas.<\/span><\/p>\n<p><span style=\"font-weight: 400;\">En todo momento ir\u00e1n acompa\u00f1ados por nuestro ch\u00f3fer que les ense\u00f1ar\u00e1 la regi\u00f3n y por un gu\u00eda especializado de la Bodega.<\/span><\/p>\n<p><b>Si dispone de m\u00e1s d\u00edas en Lyon, puedes consultar<\/b><a href=\"https:\/\/tourtravelandmore.com\/es\/ciudad\/francia\/lyon-es\/\"><b> aqu\u00ed<\/b><\/a><b>, el resto de los tours privados que ofrecemos en la ciudad.<\/b><\/p>\n","protected":false},"excerpt":{"rendered":"<p>Avent\u00farese a disfrutar de un <strong>tour privado <\/strong>por los <strong>vi\u00f1edos en Beaujolais<\/strong>, explore sus calles medievales, sus paisajes y descubre una de las regiones m\u00e1s importantes de Vino del mundo. Tendr\u00e1s acceso a una Bodega de prestigio y podr\u00e1s realizar una cata y degustaci\u00f3n con un gu\u00eda especializado.<\/p>\n<p>&nbsp;<\/p>\n","protected":false},"featured_media":63880,"comment_status":"open","ping_status":"closed","template":"","meta":{"_acf_changed":false},"product_brand":[],"product_cat":[1234,1235,1236],"product_tag":[],"class_list":{"0":"post-63862","1":"product","2":"type-product","3":"status-publish","4":"has-post-thumbnail","6":"product_cat-lyon-es","7":"product_cat-lyon-actividades-es","8":"product_cat-lyon-rutas-turisticas-privadas-es","10":"first","11":"instock","12":"shipping-taxable","13":"purchasable","14":"product-type-simple"},"acf":[],"yoast_head":"<!-- This site is optimized with the Yoast SEO Premium plugin v25.3.1 (Yoast SEO v25.3.1) - https:\/\/yoast.com\/wordpress\/plugins\/seo\/ -->\n<title>\u27a1\ufe0f Tour privado vi\u00f1edos de Beaujolais con Vehiculo, Cata y Guia | TTM<\/title>\n<meta name=\"description\" content=\"TReserve un Tour privado vi\u00f1edos de Beaujolais desde Lyon y explore y disfrute de sus paissajes y conoce sus principales bodegas \u2705\" \/>\n<meta name=\"robots\" content=\"index, follow, max-snippet:-1, max-image-preview:large, max-video-preview:-1\" \/>\n<link rel=\"canonical\" href=\"https:\/\/tourtravelandmore.com\/es\/tours\/francia\/lyon-es\/tour-privado-vinedos-de-beaujolais-con-vehiculo-cata-y-guia\/\" \/>\n<meta property=\"og:locale\" content=\"es_ES\" \/>\n<meta property=\"og:type\" content=\"article\" \/>\n<meta property=\"og:title\" content=\"Tour privado de medio d\u00eda a vi\u00f1edos en Beaujolais\" \/>\n<meta property=\"og:description\" content=\"TReserve un Tour privado vi\u00f1edos de Beaujolais desde Lyon y explore y disfrute de sus paissajes y conoce sus principales bodegas \u2705\" \/>\n<meta property=\"og:url\" content=\"https:\/\/tourtravelandmore.com\/es\/tours\/francia\/lyon-es\/tour-privado-vinedos-de-beaujolais-con-vehiculo-cata-y-guia\/\" \/>\n<meta property=\"og:site_name\" content=\"Tour Travel And More\" \/>\n<meta property=\"article:publisher\" content=\"https:\/\/www.facebook.com\/tourtravelandmore\/\" \/>\n<meta property=\"article:modified_time\" content=\"2022-10-18T00:36:59+00:00\" \/>\n<meta property=\"og:image\" content=\"https:\/\/tourtravelandmore.com\/wp-content\/uploads\/2019\/08\/5974645660_2e96d46070_b.jpg\" \/>\n\t<meta property=\"og:image:width\" content=\"1024\" \/>\n\t<meta property=\"og:image:height\" content=\"726\" \/>\n\t<meta property=\"og:image:type\" content=\"image\/jpeg\" \/>\n<meta name=\"twitter:card\" content=\"summary_large_image\" \/>\n<meta name=\"twitter:site\" content=\"@TourTravel_More\" \/>\n<meta name=\"twitter:label1\" content=\"Tiempo de lectura\" \/>\n\t<meta name=\"twitter:data1\" content=\"4 minutos\" \/>\n<script type=\"application\/ld+json\" class=\"yoast-schema-graph\">{\"@context\":\"https:\/\/schema.org\",\"@graph\":[{\"@type\":\"WebPage\",\"@id\":\"https:\/\/tourtravelandmore.com\/es\/tours\/francia\/lyon-es\/tour-privado-vinedos-de-beaujolais-con-vehiculo-cata-y-guia\/\",\"url\":\"https:\/\/tourtravelandmore.com\/es\/tours\/francia\/lyon-es\/tour-privado-vinedos-de-beaujolais-con-vehiculo-cata-y-guia\/\",\"name\":\"\u27a1\ufe0f Tour privado vi\u00f1edos de Beaujolais con Vehiculo, Cata y Guia | TTM\",\"isPartOf\":{\"@id\":\"https:\/\/tourtravelandmore.com\/es\/#website\"},\"primaryImageOfPage\":{\"@id\":\"https:\/\/tourtravelandmore.com\/es\/tours\/francia\/lyon-es\/tour-privado-vinedos-de-beaujolais-con-vehiculo-cata-y-guia\/#primaryimage\"},\"image\":{\"@id\":\"https:\/\/tourtravelandmore.com\/es\/tours\/francia\/lyon-es\/tour-privado-vinedos-de-beaujolais-con-vehiculo-cata-y-guia\/#primaryimage\"},\"thumbnailUrl\":\"https:\/\/tourtravelandmore.com\/wp-content\/uploads\/2019\/08\/5974645660_2e96d46070_b.jpg\",\"datePublished\":\"2019-08-15T16:11:31+00:00\",\"dateModified\":\"2022-10-18T00:36:59+00:00\",\"description\":\"TReserve un Tour privado vi\u00f1edos de Beaujolais desde Lyon y explore y disfrute de sus paissajes y conoce sus principales bodegas \u2705\",\"breadcrumb\":{\"@id\":\"https:\/\/tourtravelandmore.com\/es\/tours\/francia\/lyon-es\/tour-privado-vinedos-de-beaujolais-con-vehiculo-cata-y-guia\/#breadcrumb\"},\"inLanguage\":\"es\",\"potentialAction\":[{\"@type\":\"ReadAction\",\"target\":[\"https:\/\/tourtravelandmore.com\/es\/tours\/francia\/lyon-es\/tour-privado-vinedos-de-beaujolais-con-vehiculo-cata-y-guia\/\"]}]},{\"@type\":\"ImageObject\",\"inLanguage\":\"es\",\"@id\":\"https:\/\/tourtravelandmore.com\/es\/tours\/francia\/lyon-es\/tour-privado-vinedos-de-beaujolais-con-vehiculo-cata-y-guia\/#primaryimage\",\"url\":\"https:\/\/tourtravelandmore.com\/wp-content\/uploads\/2019\/08\/5974645660_2e96d46070_b.jpg\",\"contentUrl\":\"https:\/\/tourtravelandmore.com\/wp-content\/uploads\/2019\/08\/5974645660_2e96d46070_b.jpg\",\"width\":1024,\"height\":726},{\"@type\":\"BreadcrumbList\",\"@id\":\"https:\/\/tourtravelandmore.com\/es\/tours\/francia\/lyon-es\/tour-privado-vinedos-de-beaujolais-con-vehiculo-cata-y-guia\/#breadcrumb\",\"itemListElement\":[{\"@type\":\"ListItem\",\"position\":1,\"name\":\"Home\",\"item\":\"https:\/\/tourtravelandmore.com\/es\/\"},{\"@type\":\"ListItem\",\"position\":2,\"name\":\"Tours\",\"item\":\"https:\/\/tourtravelandmore.com\/es\/tours\/\"},{\"@type\":\"ListItem\",\"position\":3,\"name\":\"Tour privado de medio d\u00eda a vi\u00f1edos en Beaujolais\"}]},{\"@type\":\"WebSite\",\"@id\":\"https:\/\/tourtravelandmore.com\/es\/#website\",\"url\":\"https:\/\/tourtravelandmore.com\/es\/\",\"name\":\"Tour Travel And More\",\"description\":\"Private sightseeing tours and luxury transfers in Spain\",\"publisher\":{\"@id\":\"https:\/\/tourtravelandmore.com\/es\/#organization\"},\"potentialAction\":[{\"@type\":\"SearchAction\",\"target\":{\"@type\":\"EntryPoint\",\"urlTemplate\":\"https:\/\/tourtravelandmore.com\/es\/?s={search_term_string}\"},\"query-input\":{\"@type\":\"PropertyValueSpecification\",\"valueRequired\":true,\"valueName\":\"search_term_string\"}}],\"inLanguage\":\"es\"},{\"@type\":\"Organization\",\"@id\":\"https:\/\/tourtravelandmore.com\/es\/#organization\",\"name\":\"Tour Travel And More\",\"url\":\"https:\/\/tourtravelandmore.com\/es\/\",\"logo\":{\"@type\":\"ImageObject\",\"inLanguage\":\"es\",\"@id\":\"https:\/\/tourtravelandmore.com\/es\/#\/schema\/logo\/image\/\",\"url\":\"https:\/\/tourtravelandmore.com\/wp-content\/uploads\/2022\/12\/cropped-logo-cabecera-new.png\",\"contentUrl\":\"https:\/\/tourtravelandmore.com\/wp-content\/uploads\/2022\/12\/cropped-logo-cabecera-new.png\",\"width\":430,\"height\":61,\"caption\":\"Tour Travel And More\"},\"image\":{\"@id\":\"https:\/\/tourtravelandmore.com\/es\/#\/schema\/logo\/image\/\"},\"sameAs\":[\"https:\/\/www.facebook.com\/tourtravelandmore\/\",\"https:\/\/x.com\/TourTravel_More\"]}]}<\/script>\n<!-- \/ Yoast SEO Premium plugin. -->","yoast_head_json":{"title":"\u27a1\ufe0f Tour privado vi\u00f1edos de Beaujolais con Vehiculo, Cata y Guia | TTM","description":"TReserve un Tour privado vi\u00f1edos de Beaujolais desde Lyon y explore y disfrute de sus paissajes y conoce sus principales bodegas \u2705","robots":{"index":"index","follow":"follow","max-snippet":"max-snippet:-1","max-image-preview":"max-image-preview:large","max-video-preview":"max-video-preview:-1"},"canonical":"https:\/\/tourtravelandmore.com\/es\/tours\/francia\/lyon-es\/tour-privado-vinedos-de-beaujolais-con-vehiculo-cata-y-guia\/","og_locale":"es_ES","og_type":"article","og_title":"Tour privado de medio d\u00eda a vi\u00f1edos en Beaujolais","og_description":"TReserve un Tour privado vi\u00f1edos de Beaujolais desde Lyon y explore y disfrute de sus paissajes y conoce sus principales bodegas \u2705","og_url":"https:\/\/tourtravelandmore.com\/es\/tours\/francia\/lyon-es\/tour-privado-vinedos-de-beaujolais-con-vehiculo-cata-y-guia\/","og_site_name":"Tour Travel And More","article_publisher":"https:\/\/www.facebook.com\/tourtravelandmore\/","article_modified_time":"2022-10-18T00:36:59+00:00","og_image":[{"width":1024,"height":726,"url":"https:\/\/tourtravelandmore.com\/wp-content\/uploads\/2019\/08\/5974645660_2e96d46070_b.jpg","type":"image\/jpeg"}],"twitter_card":"summary_large_image","twitter_site":"@TourTravel_More","twitter_misc":{"Tiempo de lectura":"4 minutos"},"schema":{"@context":"https:\/\/schema.org","@graph":[{"@type":"WebPage","@id":"https:\/\/tourtravelandmore.com\/es\/tours\/francia\/lyon-es\/tour-privado-vinedos-de-beaujolais-con-vehiculo-cata-y-guia\/","url":"https:\/\/tourtravelandmore.com\/es\/tours\/francia\/lyon-es\/tour-privado-vinedos-de-beaujolais-con-vehiculo-cata-y-guia\/","name":"\u27a1\ufe0f Tour privado vi\u00f1edos de Beaujolais con Vehiculo, Cata y Guia | TTM","isPartOf":{"@id":"https:\/\/tourtravelandmore.com\/es\/#website"},"primaryImageOfPage":{"@id":"https:\/\/tourtravelandmore.com\/es\/tours\/francia\/lyon-es\/tour-privado-vinedos-de-beaujolais-con-vehiculo-cata-y-guia\/#primaryimage"},"image":{"@id":"https:\/\/tourtravelandmore.com\/es\/tours\/francia\/lyon-es\/tour-privado-vinedos-de-beaujolais-con-vehiculo-cata-y-guia\/#primaryimage"},"thumbnailUrl":"https:\/\/tourtravelandmore.com\/wp-content\/uploads\/2019\/08\/5974645660_2e96d46070_b.jpg","datePublished":"2019-08-15T16:11:31+00:00","dateModified":"2022-10-18T00:36:59+00:00","description":"TReserve un Tour privado vi\u00f1edos de Beaujolais desde Lyon y explore y disfrute de sus paissajes y conoce sus principales bodegas \u2705","breadcrumb":{"@id":"https:\/\/tourtravelandmore.com\/es\/tours\/francia\/lyon-es\/tour-privado-vinedos-de-beaujolais-con-vehiculo-cata-y-guia\/#breadcrumb"},"inLanguage":"es","potentialAction":[{"@type":"ReadAction","target":["https:\/\/tourtravelandmore.com\/es\/tours\/francia\/lyon-es\/tour-privado-vinedos-de-beaujolais-con-vehiculo-cata-y-guia\/"]}]},{"@type":"ImageObject","inLanguage":"es","@id":"https:\/\/tourtravelandmore.com\/es\/tours\/francia\/lyon-es\/tour-privado-vinedos-de-beaujolais-con-vehiculo-cata-y-guia\/#primaryimage","url":"https:\/\/tourtravelandmore.com\/wp-content\/uploads\/2019\/08\/5974645660_2e96d46070_b.jpg","contentUrl":"https:\/\/tourtravelandmore.com\/wp-content\/uploads\/2019\/08\/5974645660_2e96d46070_b.jpg","width":1024,"height":726},{"@type":"BreadcrumbList","@id":"https:\/\/tourtravelandmore.com\/es\/tours\/francia\/lyon-es\/tour-privado-vinedos-de-beaujolais-con-vehiculo-cata-y-guia\/#breadcrumb","itemListElement":[{"@type":"ListItem","position":1,"name":"Home","item":"https:\/\/tourtravelandmore.com\/es\/"},{"@type":"ListItem","position":2,"name":"Tours","item":"https:\/\/tourtravelandmore.com\/es\/tours\/"},{"@type":"ListItem","position":3,"name":"Tour privado de medio d\u00eda a vi\u00f1edos en Beaujolais"}]},{"@type":"WebSite","@id":"https:\/\/tourtravelandmore.com\/es\/#website","url":"https:\/\/tourtravelandmore.com\/es\/","name":"Tour Travel And More","description":"Private sightseeing tours and luxury transfers in Spain","publisher":{"@id":"https:\/\/tourtravelandmore.com\/es\/#organization"},"potentialAction":[{"@type":"SearchAction","target":{"@type":"EntryPoint","urlTemplate":"https:\/\/tourtravelandmore.com\/es\/?s={search_term_string}"},"query-input":{"@type":"PropertyValueSpecification","valueRequired":true,"valueName":"search_term_string"}}],"inLanguage":"es"},{"@type":"Organization","@id":"https:\/\/tourtravelandmore.com\/es\/#organization","name":"Tour Travel And More","url":"https:\/\/tourtravelandmore.com\/es\/","logo":{"@type":"ImageObject","inLanguage":"es","@id":"https:\/\/tourtravelandmore.com\/es\/#\/schema\/logo\/image\/","url":"https:\/\/tourtravelandmore.com\/wp-content\/uploads\/2022\/12\/cropped-logo-cabecera-new.png","contentUrl":"https:\/\/tourtravelandmore.com\/wp-content\/uploads\/2022\/12\/cropped-logo-cabecera-new.png","width":430,"height":61,"caption":"Tour Travel And More"},"image":{"@id":"https:\/\/tourtravelandmore.com\/es\/#\/schema\/logo\/image\/"},"sameAs":["https:\/\/www.facebook.com\/tourtravelandmore\/","https:\/\/x.com\/TourTravel_More"]}]}},"_links":{"self":[{"href":"https:\/\/tourtravelandmore.com\/es\/wp-json\/wp\/v2\/product\/63862","targetHints":{"allow":["GET"]}}],"collection":[{"href":"https:\/\/tourtravelandmore.com\/es\/wp-json\/wp\/v2\/product"}],"about":[{"href":"https:\/\/tourtravelandmore.com\/es\/wp-json\/wp\/v2\/types\/product"}],"replies":[{"embeddable":true,"href":"https:\/\/tourtravelandmore.com\/es\/wp-json\/wp\/v2\/comments?post=63862"}],"wp:featuredmedia":[{"embeddable":true,"href":"https:\/\/tourtravelandmore.com\/es\/wp-json\/wp\/v2\/media\/63880"}],"wp:attachment":[{"href":"https:\/\/tourtravelandmore.com\/es\/wp-json\/wp\/v2\/media?parent=63862"}],"wp:term":[{"taxonomy":"product_brand","embeddable":true,"href":"https:\/\/tourtravelandmore.com\/es\/wp-json\/wp\/v2\/product_brand?post=63862"},{"taxonomy":"product_cat","embeddable":true,"href":"https:\/\/tourtravelandmore.com\/es\/wp-json\/wp\/v2\/product_cat?post=63862"},{"taxonomy":"product_tag","embeddable":true,"href":"https:\/\/tourtravelandmore.com\/es\/wp-json\/wp\/v2\/product_tag?post=63862"}],"curies":[{"name":"wp","href":"https:\/\/api.w.org\/{rel}","templated":true}]}}